{"id":353,"date":"2017-05-22T10:59:58","date_gmt":"2017-05-22T08:59:58","guid":{"rendered":"http:\/\/www.darrera.com\/wp\/?page_id=353\/"},"modified":"2024-05-28T12:34:41","modified_gmt":"2024-05-28T10:34:41","slug":"quienes-somos","status":"publish","type":"page","link":"https:\/\/www.darrera.com\/es\/quienes-somos\/","title":{"rendered":"Qui\u00e9nes Somos"},"content":{"rendered":"<h2>Darrera ofrece una amplia gama de instrumentos, soluciones y servicios meteorol\u00f3gicos innovadores.<\/h2>\n<p>Con m\u00e1s de 35 a\u00f1os de experiencia en el sector, contamos con un s\u00f3lido conocimiento de la industria para asesorarle en sus necesidades de monitorizaci\u00f3n meteorol\u00f3gica. Trabajamos en estrecha colaboraci\u00f3n con nuestros clientes a modo de partner durante cada una de las etapas del proyecto para proporcionar la soluci\u00f3n m\u00e1s id\u00f3nea en t\u00e9rminos de precisi\u00f3n, flexibilidad y coste.<\/p>\n<p>M\u00e1s de 5.000 instalaciones realizadas bajo todo tipo de condiciones meteorol\u00f3gicas avalan nuestro trabajo y saber hacer, y son prueba de nuestro compromiso de ofrecer sistemas meteorol\u00f3gicos fiables que funcionen de acuerdo con las especificaciones a lo largo de los a\u00f1os.<\/p>\n<p>Numerosas empresas y organizaciones p\u00fablicas y privadas conf\u00edan en nosotros a la hora de planificar y ejecutar sus proyectos en el \u00e1mbito de la meteorolog\u00eda, independientemente de la complejidad de los mismos. Nuestros t\u00e9cnicos e ingenieros cuentan con capacidad acreditada para desempe\u00f1ar sus funciones y proporcionar resultados \u00f3ptimos, manteniendo una actitud \u00e9tica y profesional durante todo el proceso.<\/p>\n<p>De forma regular medimos nuestro desempe\u00f1o y realizamos un seguimiento del feedback de nuestros clientes con el fin de seguir mejorando nuestros procedimientos y metodolog\u00edas, lo cual es clave para brindar un servicio de excelencia.<\/p>\n<p>Puede contar con Darrera para obtener una soluci\u00f3n integral que incluya no \u00fanicamente el suministro de los instrumentos requeridos, sino tambi\u00e9n servicios adicionales de inspecci\u00f3n del sitio, instalaci\u00f3n, puesta en marcha y configuraci\u00f3n del software. Asimismo, ofrecemos servicios de formaci\u00f3n, mantenimiento y calibraci\u00f3n peri\u00f3dica de todos nuestros sistemas meteorol\u00f3gicos.<\/p>\n<h3>Comprometidos con la calidad y la sostenibilidad<\/h3>\n<p>En Darrera, la calidad y la sostenibilidad son pilares fundamentales para nuestro \u00e9xito a largo plazo. Nos enorgullece contar con las certificaciones ISO 9001 e ISO 14001, que reflejan nuestro firme compromiso con estos valores en cada uno de nuestros procesos y servicios.<\/p>\n<p>La certificaci\u00f3n <strong>ISO 9001<\/strong> asegura que nuestro sistema de gesti\u00f3n de calidad cumple con los m\u00e1s altos est\u00e1ndares internacionales. Este logro promueve la eficiencia y la mejora continua, evidenciando nuestro enfoque centrado en el cliente y nuestra dedicaci\u00f3n para ofrecer productos, soluciones y servicios de excelencia.<\/p>\n<p>La certificaci\u00f3n <strong>ISO 14001<\/strong> destaca nuestro compromiso con la gesti\u00f3n ambiental responsable. Hemos implementado un sistema de gesti\u00f3n que minimiza el impacto ambiental y fomenta pr\u00e1cticas sostenibles en todas nuestras operaciones. Este reconocimiento refuerza nuestra responsabilidad de proteger el medio ambiente mientras continuamos innovando y creciendo.<\/p>\n<div class=\"container clearfix\">\n<div class=\"widget widget_ourclients widget-last pull-left\">\n<ul>\n<li><img decoding=\"async\" src=\"\/wp\/wp-content\/uploads\/logo-iso-9001.jpg\" alt=\"ISO 9001\" \/><\/li>\n<li><img decoding=\"async\" src=\"\/wp\/wp-content\/uploads\/logo-iso-14001.jpg\" alt=\"ISO 14001\" \/><\/li>\n<\/ul>\n<\/div>\n<\/div>\n<h3>Comprometidos con la sociedad<\/h3>\n<p>En Darrera, creemos firmemente en la responsabilidad social corporativa y nos enorgullece colaborar con organizaciones importantes a nivel local y nacional para contribuir a mejorar la sociedad y el bienestar de las personas.<\/p>\n<p>A trav\u00e9s de nuestras colaboraciones, respaldamos a <strong>Cruz Roja<\/strong> en sus programas de ayuda humanitaria, inclusi\u00f3n social y educaci\u00f3n. Asimismo, colaboramos con <strong>Solidaridad San Juan de Dios<\/strong> en su labor de cuidado y apoyo a personas en situaci\u00f3n de vulnerabilidad y a sus familias. Adem\u00e1s, mediante nuestra colaboraci\u00f3n con la <strong>Fundaci\u00f3 Finestrelles<\/strong>, contribuimos a mejorar la calidad de vida de las personas con discapacidad y necesidades especiales.<\/p>\n<div class=\"container clearfix\">\n<div class=\"widget widget_ourclients widget-last pull-left\">\n<ul>\n<li><a href=\"https:\/\/www2.cruzroja.es\" target=\"_blank\" rel=\"noopener noreferrer\"><img decoding=\"async\" src=\"\/wp\/wp-content\/uploads\/logo-cruz-roja.jpg\" alt=\"Cruz Roja\" \/><\/a><\/li>\n<li><a href=\"https:\/\/solidaritat.santjoandedeu.org\" target=\"_blank\" rel=\"noopener noreferrer\"><img decoding=\"async\" src=\"\/wp\/wp-content\/uploads\/logo-solidaridad-sjd.jpg\" alt=\"Solidaridad San Juan de Dios\" \/><\/a><\/li>\n<li><a href=\"https:\/\/www.fundaciofinestrelles.com\" target=\"_blank\" rel=\"noopener noreferrer\"><img decoding=\"async\" src=\"\/wp\/wp-content\/uploads\/logo-fundacio-finestrelles.jpg\" alt=\"Fundaci\u00f3 Finestrelles\" \/><\/a><\/li>\n<\/ul>\n<\/div>\n<\/div>\n","protected":false},"excerpt":{"rendered":"<p>Con m\u00e1s de 35 a\u00f1os de experiencia en el sector, contamos con un s\u00f3lido conocimiento de la industria para asesorarle en sus necesidades de monitorizaci\u00f3n meteorol\u00f3gica. Trabajamos en estrecha colaboraci\u00f3n con nuestros clientes a modo de partner durante cada una de las etapas del proyecto para proporcionar la soluci\u00f3n m\u00e1s id\u00f3nea en t\u00e9rminos de precisi\u00f3n, flexibilidad y coste.<\/p>\n","protected":false},"author":1,"featured_media":0,"parent":0,"menu_order":0,"comment_status":"closed","ping_status":"closed","template":"","meta":{"footnotes":""},"class_list":["post-353","page","type-page","status-publish","hentry"],"yoast_head":"<!-- This site is optimized with the Yoast SEO plugin v27.3 - https:\/\/yoast.com\/product\/yoast-seo-wordpress\/ -->\n<title>Qui\u00e9nes Somos | Darrera<\/title>\n<meta name=\"robots\" content=\"index, follow, max-snippet:-1, max-image-preview:large, max-video-preview:-1\" \/>\n<link rel=\"canonical\" href=\"https:\/\/www.darrera.com\/es\/quienes-somos\/\" \/>\n<meta property=\"og:locale\" content=\"es_ES\" \/>\n<meta property=\"og:type\" content=\"article\" \/>\n<meta property=\"og:title\" content=\"Qui\u00e9nes Somos | Darrera\" \/>\n<meta property=\"og:description\" content=\"Con m\u00e1s de 35 a\u00f1os de experiencia en el sector, contamos con un s\u00f3lido conocimiento de la industria para asesorarle en sus necesidades de monitorizaci\u00f3n meteorol\u00f3gica. Trabajamos en estrecha colaboraci\u00f3n con nuestros clientes a modo de partner durante cada una de las etapas del proyecto para proporcionar la soluci\u00f3n m\u00e1s id\u00f3nea en t\u00e9rminos de precisi\u00f3n, flexibilidad y coste.\" \/>\n<meta property=\"og:url\" content=\"https:\/\/www.darrera.com\/es\/quienes-somos\/\" \/>\n<meta property=\"og:site_name\" content=\"Darrera\" \/>\n<meta property=\"article:publisher\" content=\"http:\/\/facebook.com\/darrerameteo\" \/>\n<meta property=\"article:modified_time\" content=\"2024-05-28T10:34:41+00:00\" \/>\n<meta name=\"twitter:card\" content=\"summary_large_image\" \/>\n<meta name=\"twitter:site\" content=\"@darrera_meteo\" \/>\n<meta name=\"twitter:label1\" content=\"Tiempo de lectura\" \/>\n\t<meta name=\"twitter:data1\" content=\"4 minutos\" \/>\n<script type=\"application\/ld+json\" class=\"yoast-schema-graph\">{\"@context\":\"https:\\\/\\\/schema.org\",\"@graph\":[{\"@type\":\"WebPage\",\"@id\":\"https:\\\/\\\/www.darrera.com\\\/es\\\/quienes-somos\\\/\",\"url\":\"https:\\\/\\\/www.darrera.com\\\/es\\\/quienes-somos\\\/\",\"name\":\"Qui\u00e9nes Somos | Darrera\",\"isPartOf\":{\"@id\":\"https:\\\/\\\/www.darrera.com\\\/es\\\/#website\"},\"datePublished\":\"2017-05-22T08:59:58+00:00\",\"dateModified\":\"2024-05-28T10:34:41+00:00\",\"breadcrumb\":{\"@id\":\"https:\\\/\\\/www.darrera.com\\\/es\\\/quienes-somos\\\/#breadcrumb\"},\"inLanguage\":\"es\",\"potentialAction\":[{\"@type\":\"ReadAction\",\"target\":[\"https:\\\/\\\/www.darrera.com\\\/es\\\/quienes-somos\\\/\"]}]},{\"@type\":\"BreadcrumbList\",\"@id\":\"https:\\\/\\\/www.darrera.com\\\/es\\\/quienes-somos\\\/#breadcrumb\",\"itemListElement\":[{\"@type\":\"ListItem\",\"position\":1,\"name\":\"Home\",\"item\":\"https:\\\/\\\/www.darrera.com\\\/es\\\/\"},{\"@type\":\"ListItem\",\"position\":2,\"name\":\"Qui\u00e9nes Somos\"}]},{\"@type\":\"WebSite\",\"@id\":\"https:\\\/\\\/www.darrera.com\\\/es\\\/#website\",\"url\":\"https:\\\/\\\/www.darrera.com\\\/es\\\/\",\"name\":\"Darrera\",\"description\":\"Instrumentos, soluciones y servicios meteorol\u00f3gicos\",\"publisher\":{\"@id\":\"https:\\\/\\\/www.darrera.com\\\/es\\\/#organization\"},\"potentialAction\":[{\"@type\":\"SearchAction\",\"target\":{\"@type\":\"EntryPoint\",\"urlTemplate\":\"https:\\\/\\\/www.darrera.com\\\/es\\\/?s={search_term_string}\"},\"query-input\":{\"@type\":\"PropertyValueSpecification\",\"valueRequired\":true,\"valueName\":\"search_term_string\"}}],\"inLanguage\":\"es\"},{\"@type\":\"Organization\",\"@id\":\"https:\\\/\\\/www.darrera.com\\\/es\\\/#organization\",\"name\":\"Darrera\",\"url\":\"https:\\\/\\\/www.darrera.com\\\/es\\\/\",\"logo\":{\"@type\":\"ImageObject\",\"inLanguage\":\"es\",\"@id\":\"https:\\\/\\\/www.darrera.com\\\/es\\\/#\\\/schema\\\/logo\\\/image\\\/\",\"url\":\"https:\\\/\\\/www.darrera.com\\\/wp\\\/wp-content\\\/uploads\\\/logo-darrera.png\",\"contentUrl\":\"https:\\\/\\\/www.darrera.com\\\/wp\\\/wp-content\\\/uploads\\\/logo-darrera.png\",\"width\":500,\"height\":85,\"caption\":\"Darrera\"},\"image\":{\"@id\":\"https:\\\/\\\/www.darrera.com\\\/es\\\/#\\\/schema\\\/logo\\\/image\\\/\"},\"sameAs\":[\"http:\\\/\\\/facebook.com\\\/darrerameteo\",\"https:\\\/\\\/x.com\\\/darrera_meteo\",\"https:\\\/\\\/www.linkedin.com\\\/company\\\/darrera-s-a-\",\"http:\\\/\\\/youtube.com\\\/darreratv\"]}]}<\/script>\n<!-- \/ Yoast SEO plugin. -->","yoast_head_json":{"title":"Qui\u00e9nes Somos | Darrera","robots":{"index":"index","follow":"follow","max-snippet":"max-snippet:-1","max-image-preview":"max-image-preview:large","max-video-preview":"max-video-preview:-1"},"canonical":"https:\/\/www.darrera.com\/es\/quienes-somos\/","og_locale":"es_ES","og_type":"article","og_title":"Qui\u00e9nes Somos | Darrera","og_description":"Con m\u00e1s de 35 a\u00f1os de experiencia en el sector, contamos con un s\u00f3lido conocimiento de la industria para asesorarle en sus necesidades de monitorizaci\u00f3n meteorol\u00f3gica. Trabajamos en estrecha colaboraci\u00f3n con nuestros clientes a modo de partner durante cada una de las etapas del proyecto para proporcionar la soluci\u00f3n m\u00e1s id\u00f3nea en t\u00e9rminos de precisi\u00f3n, flexibilidad y coste.","og_url":"https:\/\/www.darrera.com\/es\/quienes-somos\/","og_site_name":"Darrera","article_publisher":"http:\/\/facebook.com\/darrerameteo","article_modified_time":"2024-05-28T10:34:41+00:00","twitter_card":"summary_large_image","twitter_site":"@darrera_meteo","twitter_misc":{"Tiempo de lectura":"4 minutos"},"schema":{"@context":"https:\/\/schema.org","@graph":[{"@type":"WebPage","@id":"https:\/\/www.darrera.com\/es\/quienes-somos\/","url":"https:\/\/www.darrera.com\/es\/quienes-somos\/","name":"Qui\u00e9nes Somos | Darrera","isPartOf":{"@id":"https:\/\/www.darrera.com\/es\/#website"},"datePublished":"2017-05-22T08:59:58+00:00","dateModified":"2024-05-28T10:34:41+00:00","breadcrumb":{"@id":"https:\/\/www.darrera.com\/es\/quienes-somos\/#breadcrumb"},"inLanguage":"es","potentialAction":[{"@type":"ReadAction","target":["https:\/\/www.darrera.com\/es\/quienes-somos\/"]}]},{"@type":"BreadcrumbList","@id":"https:\/\/www.darrera.com\/es\/quienes-somos\/#breadcrumb","itemListElement":[{"@type":"ListItem","position":1,"name":"Home","item":"https:\/\/www.darrera.com\/es\/"},{"@type":"ListItem","position":2,"name":"Qui\u00e9nes Somos"}]},{"@type":"WebSite","@id":"https:\/\/www.darrera.com\/es\/#website","url":"https:\/\/www.darrera.com\/es\/","name":"Darrera","description":"Instrumentos, soluciones y servicios meteorol\u00f3gicos","publisher":{"@id":"https:\/\/www.darrera.com\/es\/#organization"},"potentialAction":[{"@type":"SearchAction","target":{"@type":"EntryPoint","urlTemplate":"https:\/\/www.darrera.com\/es\/?s={search_term_string}"},"query-input":{"@type":"PropertyValueSpecification","valueRequired":true,"valueName":"search_term_string"}}],"inLanguage":"es"},{"@type":"Organization","@id":"https:\/\/www.darrera.com\/es\/#organization","name":"Darrera","url":"https:\/\/www.darrera.com\/es\/","logo":{"@type":"ImageObject","inLanguage":"es","@id":"https:\/\/www.darrera.com\/es\/#\/schema\/logo\/image\/","url":"https:\/\/www.darrera.com\/wp\/wp-content\/uploads\/logo-darrera.png","contentUrl":"https:\/\/www.darrera.com\/wp\/wp-content\/uploads\/logo-darrera.png","width":500,"height":85,"caption":"Darrera"},"image":{"@id":"https:\/\/www.darrera.com\/es\/#\/schema\/logo\/image\/"},"sameAs":["http:\/\/facebook.com\/darrerameteo","https:\/\/x.com\/darrera_meteo","https:\/\/www.linkedin.com\/company\/darrera-s-a-","http:\/\/youtube.com\/darreratv"]}]}},"_links":{"self":[{"href":"https:\/\/www.darrera.com\/es\/wp-json\/wp\/v2\/pages\/353","targetHints":{"allow":["GET"]}}],"collection":[{"href":"https:\/\/www.darrera.com\/es\/wp-json\/wp\/v2\/pages"}],"about":[{"href":"https:\/\/www.darrera.com\/es\/wp-json\/wp\/v2\/types\/page"}],"author":[{"embeddable":true,"href":"https:\/\/www.darrera.com\/es\/wp-json\/wp\/v2\/users\/1"}],"replies":[{"embeddable":true,"href":"https:\/\/www.darrera.com\/es\/wp-json\/wp\/v2\/comments?post=353"}],"version-history":[{"count":44,"href":"https:\/\/www.darrera.com\/es\/wp-json\/wp\/v2\/pages\/353\/revisions"}],"predecessor-version":[{"id":5974,"href":"https:\/\/www.darrera.com\/es\/wp-json\/wp\/v2\/pages\/353\/revisions\/5974"}],"wp:attachment":[{"href":"https:\/\/www.darrera.com\/es\/wp-json\/wp\/v2\/media?parent=353"}],"curies":[{"name":"wp","href":"https:\/\/api.w.org\/{rel}","templated":true}]}}