{"id":518,"date":"2017-05-22T11:21:03","date_gmt":"2017-05-22T09:21:03","guid":{"rendered":"http:\/\/www.darrera.com\/wp\/?page_id=518\/"},"modified":"2018-09-07T20:54:29","modified_gmt":"2018-09-07T18:54:29","slug":"agricultura-gestion-riego","status":"publish","type":"page","link":"https:\/\/www.darrera.com\/es\/areas-actividad\/agricultura-gestion-riego\/","title":{"rendered":"Agricultura y Gesti\u00f3n del Riego"},"content":{"rendered":"<h2>Nuestras soluciones para agricultura est\u00e1n dise\u00f1adas para fomentar la eficiencia en el uso del agua y ayudar a los productores a incrementar la sostenibilidad de sus cultivos.<\/h2>\n<p>La agricultura es cada vez m\u00e1s competitiva e intensiva en conocimientos, ya que los cultivadores necesitan mayor informaci\u00f3n a la hora de tomar decisiones complejas sobre el consumo de agua, la selecci\u00f3n del tipo de cultivos y la aplicaci\u00f3n de nuevas t\u00e9cnicas agr\u00edcolas. Existe una creciente necesidad de monitorizar de forma efectiva las variables que inciden en la producci\u00f3n de los cultivos con el fin de reducir la brecha existente entre los rendimientos potenciales y reales. La gesti\u00f3n del riego juega un papel importante en este proceso y requiere datos precisos para asegurar resultados \u00f3ptimos.<\/p>\n<p>Darrera suministra estaciones agrometeorol\u00f3gicas que permiten medir y analizar los par\u00e1metros meteorol\u00f3gicos m\u00e1s relevantes junto con las condiciones del suelo para calcular la evapotranspiraci\u00f3n y determinar la demanda de agua de cada tipo de planta y otros factores determinantes. Mediante la medici\u00f3n del nivel de agua en embalses, nuestras estaciones determinan tambi\u00e9n la disponibilidad de agua y los requisitos de uso. Esta informaci\u00f3n es crucial para los agricultores a fin de minimizar costes e incrementar su productividad a trav\u00e9s de un uso m\u00e1s eficiente y sostenible del agua.<\/p>\n<p>Tambi\u00e9n ofrecemos soluciones de software para la gesti\u00f3n integrada de plagas (IPM) en diferentes tipos de cultivo, que calculan el riesgo de brote de plagas y el peligro potencial a partir de las mediciones realizadas por nuestras estaciones agrometeorol\u00f3gicas. El software act\u00faa como un sistema de alerta temprana, dotando a los agricultores de informaci\u00f3n vital y oportuna acerca de aquellas las plagas y enfermedades que deben ser tenidas en cuenta para la protecci\u00f3n de sus cultivos y la prevenci\u00f3n de p\u00e9rdidas importantes.<\/p>\n<p><strong>Beneficios para el cliente<\/strong><\/p>\n<ul>\n<li>Mediciones en tiempo real de evapotranspiraci\u00f3n, humedad del suelo y disponibilidad de agua.<\/li>\n<li>Plataforma online para el an\u00e1lisis y descarga de los datos.<\/li>\n<li>Software IPM personalizable para cada cultivo espec\u00edfico.<\/li>\n<li>Sistema de alerta temprana para prevenir p\u00e9rdidas.<\/li>\n<\/ul>\n","protected":false},"excerpt":{"rendered":"<p>Nuestras soluciones para agricultura est\u00e1n dise\u00f1adas para fomentar la eficiencia en el uso del agua y ayudar a los productores a incrementar la sostenibilidad de sus cultivos.<\/p>\n","protected":false},"author":1,"featured_media":388,"parent":525,"menu_order":0,"comment_status":"closed","ping_status":"closed","template":"","meta":{"footnotes":""},"class_list":["post-518","page","type-page","status-publish","has-post-thumbnail","hentry"],"yoast_head":"<!-- This site is optimized with the Yoast SEO plugin v27.3 - https:\/\/yoast.com\/product\/yoast-seo-wordpress\/ -->\n<title>Agricultura y Gesti\u00f3n del Riego | Darrera<\/title>\n<meta name=\"robots\" content=\"index, follow, max-snippet:-1, max-image-preview:large, max-video-preview:-1\" \/>\n<link rel=\"canonical\" href=\"https:\/\/www.darrera.com\/es\/areas-actividad\/agricultura-gestion-riego\/\" \/>\n<meta property=\"og:locale\" content=\"es_ES\" \/>\n<meta property=\"og:type\" content=\"article\" \/>\n<meta property=\"og:title\" content=\"Agricultura y Gesti\u00f3n del Riego | Darrera\" \/>\n<meta property=\"og:description\" content=\"Nuestras soluciones para agricultura est\u00e1n dise\u00f1adas para fomentar la eficiencia en el uso del agua y ayudar a los productores a incrementar la sostenibilidad de sus cultivos.\" \/>\n<meta property=\"og:url\" content=\"https:\/\/www.darrera.com\/es\/areas-actividad\/agricultura-gestion-riego\/\" \/>\n<meta property=\"og:site_name\" content=\"Darrera\" \/>\n<meta property=\"article:publisher\" content=\"http:\/\/facebook.com\/darrerameteo\" \/>\n<meta property=\"article:modified_time\" content=\"2018-09-07T18:54:29+00:00\" \/>\n<meta property=\"og:image\" content=\"https:\/\/www.darrera.com\/wp-content\/uploads\/fields-activity-agriculture-irrigation-management.jpg\" \/>\n\t<meta property=\"og:image:width\" content=\"848\" \/>\n\t<meta property=\"og:image:height\" content=\"566\" \/>\n\t<meta property=\"og:image:type\" content=\"image\/jpeg\" \/>\n<meta name=\"twitter:card\" content=\"summary_large_image\" \/>\n<meta name=\"twitter:site\" content=\"@darrera_meteo\" \/>\n<meta name=\"twitter:label1\" content=\"Tiempo de lectura\" \/>\n\t<meta name=\"twitter:data1\" content=\"2 minutos\" \/>\n<script type=\"application\/ld+json\" class=\"yoast-schema-graph\">{\"@context\":\"https:\\\/\\\/schema.org\",\"@graph\":[{\"@type\":\"WebPage\",\"@id\":\"https:\\\/\\\/www.darrera.com\\\/es\\\/areas-actividad\\\/agricultura-gestion-riego\\\/\",\"url\":\"https:\\\/\\\/www.darrera.com\\\/es\\\/areas-actividad\\\/agricultura-gestion-riego\\\/\",\"name\":\"Agricultura y Gesti\u00f3n del Riego | Darrera\",\"isPartOf\":{\"@id\":\"https:\\\/\\\/www.darrera.com\\\/es\\\/#website\"},\"primaryImageOfPage\":{\"@id\":\"https:\\\/\\\/www.darrera.com\\\/es\\\/areas-actividad\\\/agricultura-gestion-riego\\\/#primaryimage\"},\"image\":{\"@id\":\"https:\\\/\\\/www.darrera.com\\\/es\\\/areas-actividad\\\/agricultura-gestion-riego\\\/#primaryimage\"},\"thumbnailUrl\":\"https:\\\/\\\/www.darrera.com\\\/wp-content\\\/uploads\\\/fields-activity-agriculture-irrigation-management.jpg\",\"datePublished\":\"2017-05-22T09:21:03+00:00\",\"dateModified\":\"2018-09-07T18:54:29+00:00\",\"breadcrumb\":{\"@id\":\"https:\\\/\\\/www.darrera.com\\\/es\\\/areas-actividad\\\/agricultura-gestion-riego\\\/#breadcrumb\"},\"inLanguage\":\"es\",\"potentialAction\":[{\"@type\":\"ReadAction\",\"target\":[\"https:\\\/\\\/www.darrera.com\\\/es\\\/areas-actividad\\\/agricultura-gestion-riego\\\/\"]}]},{\"@type\":\"ImageObject\",\"inLanguage\":\"es\",\"@id\":\"https:\\\/\\\/www.darrera.com\\\/es\\\/areas-actividad\\\/agricultura-gestion-riego\\\/#primaryimage\",\"url\":\"https:\\\/\\\/www.darrera.com\\\/wp-content\\\/uploads\\\/fields-activity-agriculture-irrigation-management.jpg\",\"contentUrl\":\"https:\\\/\\\/www.darrera.com\\\/wp-content\\\/uploads\\\/fields-activity-agriculture-irrigation-management.jpg\",\"width\":848,\"height\":566,\"caption\":\"Agricultura y Gesti\u00f3n de Riego\"},{\"@type\":\"BreadcrumbList\",\"@id\":\"https:\\\/\\\/www.darrera.com\\\/es\\\/areas-actividad\\\/agricultura-gestion-riego\\\/#breadcrumb\",\"itemListElement\":[{\"@type\":\"ListItem\",\"position\":1,\"name\":\"Home\",\"item\":\"https:\\\/\\\/www.darrera.com\\\/es\\\/\"},{\"@type\":\"ListItem\",\"position\":2,\"name\":\"\u00c1reas de Actividad\",\"item\":\"https:\\\/\\\/www.darrera.com\\\/es\\\/areas-actividad\\\/\"},{\"@type\":\"ListItem\",\"position\":3,\"name\":\"Agricultura y Gesti\u00f3n del Riego\"}]},{\"@type\":\"WebSite\",\"@id\":\"https:\\\/\\\/www.darrera.com\\\/es\\\/#website\",\"url\":\"https:\\\/\\\/www.darrera.com\\\/es\\\/\",\"name\":\"Darrera\",\"description\":\"Instrumentos, soluciones y servicios meteorol\u00f3gicos\",\"publisher\":{\"@id\":\"https:\\\/\\\/www.darrera.com\\\/es\\\/#organization\"},\"potentialAction\":[{\"@type\":\"SearchAction\",\"target\":{\"@type\":\"EntryPoint\",\"urlTemplate\":\"https:\\\/\\\/www.darrera.com\\\/es\\\/?s={search_term_string}\"},\"query-input\":{\"@type\":\"PropertyValueSpecification\",\"valueRequired\":true,\"valueName\":\"search_term_string\"}}],\"inLanguage\":\"es\"},{\"@type\":\"Organization\",\"@id\":\"https:\\\/\\\/www.darrera.com\\\/es\\\/#organization\",\"name\":\"Darrera\",\"url\":\"https:\\\/\\\/www.darrera.com\\\/es\\\/\",\"logo\":{\"@type\":\"ImageObject\",\"inLanguage\":\"es\",\"@id\":\"https:\\\/\\\/www.darrera.com\\\/es\\\/#\\\/schema\\\/logo\\\/image\\\/\",\"url\":\"https:\\\/\\\/www.darrera.com\\\/wp\\\/wp-content\\\/uploads\\\/logo-darrera.png\",\"contentUrl\":\"https:\\\/\\\/www.darrera.com\\\/wp\\\/wp-content\\\/uploads\\\/logo-darrera.png\",\"width\":500,\"height\":85,\"caption\":\"Darrera\"},\"image\":{\"@id\":\"https:\\\/\\\/www.darrera.com\\\/es\\\/#\\\/schema\\\/logo\\\/image\\\/\"},\"sameAs\":[\"http:\\\/\\\/facebook.com\\\/darrerameteo\",\"https:\\\/\\\/x.com\\\/darrera_meteo\",\"https:\\\/\\\/www.linkedin.com\\\/company\\\/darrera-s-a-\",\"http:\\\/\\\/youtube.com\\\/darreratv\"]}]}<\/script>\n<!-- \/ Yoast SEO plugin. -->","yoast_head_json":{"title":"Agricultura y Gesti\u00f3n del Riego | Darrera","robots":{"index":"index","follow":"follow","max-snippet":"max-snippet:-1","max-image-preview":"max-image-preview:large","max-video-preview":"max-video-preview:-1"},"canonical":"https:\/\/www.darrera.com\/es\/areas-actividad\/agricultura-gestion-riego\/","og_locale":"es_ES","og_type":"article","og_title":"Agricultura y Gesti\u00f3n del Riego | Darrera","og_description":"Nuestras soluciones para agricultura est\u00e1n dise\u00f1adas para fomentar la eficiencia en el uso del agua y ayudar a los productores a incrementar la sostenibilidad de sus cultivos.","og_url":"https:\/\/www.darrera.com\/es\/areas-actividad\/agricultura-gestion-riego\/","og_site_name":"Darrera","article_publisher":"http:\/\/facebook.com\/darrerameteo","article_modified_time":"2018-09-07T18:54:29+00:00","og_image":[{"width":848,"height":566,"url":"https:\/\/www.darrera.com\/wp-content\/uploads\/fields-activity-agriculture-irrigation-management.jpg","type":"image\/jpeg"}],"twitter_card":"summary_large_image","twitter_site":"@darrera_meteo","twitter_misc":{"Tiempo de lectura":"2 minutos"},"schema":{"@context":"https:\/\/schema.org","@graph":[{"@type":"WebPage","@id":"https:\/\/www.darrera.com\/es\/areas-actividad\/agricultura-gestion-riego\/","url":"https:\/\/www.darrera.com\/es\/areas-actividad\/agricultura-gestion-riego\/","name":"Agricultura y Gesti\u00f3n del Riego | Darrera","isPartOf":{"@id":"https:\/\/www.darrera.com\/es\/#website"},"primaryImageOfPage":{"@id":"https:\/\/www.darrera.com\/es\/areas-actividad\/agricultura-gestion-riego\/#primaryimage"},"image":{"@id":"https:\/\/www.darrera.com\/es\/areas-actividad\/agricultura-gestion-riego\/#primaryimage"},"thumbnailUrl":"https:\/\/www.darrera.com\/wp-content\/uploads\/fields-activity-agriculture-irrigation-management.jpg","datePublished":"2017-05-22T09:21:03+00:00","dateModified":"2018-09-07T18:54:29+00:00","breadcrumb":{"@id":"https:\/\/www.darrera.com\/es\/areas-actividad\/agricultura-gestion-riego\/#breadcrumb"},"inLanguage":"es","potentialAction":[{"@type":"ReadAction","target":["https:\/\/www.darrera.com\/es\/areas-actividad\/agricultura-gestion-riego\/"]}]},{"@type":"ImageObject","inLanguage":"es","@id":"https:\/\/www.darrera.com\/es\/areas-actividad\/agricultura-gestion-riego\/#primaryimage","url":"https:\/\/www.darrera.com\/wp-content\/uploads\/fields-activity-agriculture-irrigation-management.jpg","contentUrl":"https:\/\/www.darrera.com\/wp-content\/uploads\/fields-activity-agriculture-irrigation-management.jpg","width":848,"height":566,"caption":"Agricultura y Gesti\u00f3n de Riego"},{"@type":"BreadcrumbList","@id":"https:\/\/www.darrera.com\/es\/areas-actividad\/agricultura-gestion-riego\/#breadcrumb","itemListElement":[{"@type":"ListItem","position":1,"name":"Home","item":"https:\/\/www.darrera.com\/es\/"},{"@type":"ListItem","position":2,"name":"\u00c1reas de Actividad","item":"https:\/\/www.darrera.com\/es\/areas-actividad\/"},{"@type":"ListItem","position":3,"name":"Agricultura y Gesti\u00f3n del Riego"}]},{"@type":"WebSite","@id":"https:\/\/www.darrera.com\/es\/#website","url":"https:\/\/www.darrera.com\/es\/","name":"Darrera","description":"Instrumentos, soluciones y servicios meteorol\u00f3gicos","publisher":{"@id":"https:\/\/www.darrera.com\/es\/#organization"},"potentialAction":[{"@type":"SearchAction","target":{"@type":"EntryPoint","urlTemplate":"https:\/\/www.darrera.com\/es\/?s={search_term_string}"},"query-input":{"@type":"PropertyValueSpecification","valueRequired":true,"valueName":"search_term_string"}}],"inLanguage":"es"},{"@type":"Organization","@id":"https:\/\/www.darrera.com\/es\/#organization","name":"Darrera","url":"https:\/\/www.darrera.com\/es\/","logo":{"@type":"ImageObject","inLanguage":"es","@id":"https:\/\/www.darrera.com\/es\/#\/schema\/logo\/image\/","url":"https:\/\/www.darrera.com\/wp\/wp-content\/uploads\/logo-darrera.png","contentUrl":"https:\/\/www.darrera.com\/wp\/wp-content\/uploads\/logo-darrera.png","width":500,"height":85,"caption":"Darrera"},"image":{"@id":"https:\/\/www.darrera.com\/es\/#\/schema\/logo\/image\/"},"sameAs":["http:\/\/facebook.com\/darrerameteo","https:\/\/x.com\/darrera_meteo","https:\/\/www.linkedin.com\/company\/darrera-s-a-","http:\/\/youtube.com\/darreratv"]}]}},"_links":{"self":[{"href":"https:\/\/www.darrera.com\/es\/wp-json\/wp\/v2\/pages\/518","targetHints":{"allow":["GET"]}}],"collection":[{"href":"https:\/\/www.darrera.com\/es\/wp-json\/wp\/v2\/pages"}],"about":[{"href":"https:\/\/www.darrera.com\/es\/wp-json\/wp\/v2\/types\/page"}],"author":[{"embeddable":true,"href":"https:\/\/www.darrera.com\/es\/wp-json\/wp\/v2\/users\/1"}],"replies":[{"embeddable":true,"href":"https:\/\/www.darrera.com\/es\/wp-json\/wp\/v2\/comments?post=518"}],"version-history":[{"count":6,"href":"https:\/\/www.darrera.com\/es\/wp-json\/wp\/v2\/pages\/518\/revisions"}],"predecessor-version":[{"id":2366,"href":"https:\/\/www.darrera.com\/es\/wp-json\/wp\/v2\/pages\/518\/revisions\/2366"}],"up":[{"embeddable":true,"href":"https:\/\/www.darrera.com\/es\/wp-json\/wp\/v2\/pages\/525"}],"wp:featuredmedia":[{"embeddable":true,"href":"https:\/\/www.darrera.com\/es\/wp-json\/wp\/v2\/media\/388"}],"wp:attachment":[{"href":"https:\/\/www.darrera.com\/es\/wp-json\/wp\/v2\/media?parent=518"}],"curies":[{"name":"wp","href":"https:\/\/api.w.org\/{rel}","templated":true}]}}