{"id":523,"date":"2017-05-22T11:22:22","date_gmt":"2017-05-22T09:22:22","guid":{"rendered":"http:\/\/www.darrera.com\/wp\/?page_id=523\/"},"modified":"2018-02-05T13:01:22","modified_gmt":"2018-02-05T12:01:22","slug":"calidad-aire","status":"publish","type":"page","link":"https:\/\/www.darrera.com\/es\/areas-actividad\/calidad-aire\/","title":{"rendered":"Calidad del Aire"},"content":{"rendered":"<h2>Nuestros sistemas de calidad del aire miden la concentraci\u00f3n de contaminantes para ayudar a las empresas y gobiernos a tomar mejores decisiones.<\/h2>\n<p>La contaminaci\u00f3n atmosf\u00e9rica es un problema cada vez mayor en las ciudades, hasta el punto de ser considerado el mayor riesgo para la salud, afectando a millones de personas en todo el mundo. Entre las principales fuentes de contaminaci\u00f3n encontramos los motores de los veh\u00edculos, emisiones de f\u00e1bricas y centrales el\u00e9ctricas, actividades de construcci\u00f3n y productos qu\u00edmicos utilizados en la agricultura. Todas ellas contribuyen a la formaci\u00f3n de nubes de contaminaci\u00f3n sobre las ciudades, al aumento de enfermedades respiratorias y al cambio clim\u00e1tico.<\/p>\n<p>Darrera proporciona sistemas de monitorizaci\u00f3n capaces de medir la calidad del aire a partir de la concentraci\u00f3n de diferentes contaminantes como el CO, NO, NO2, SO2 y O3 con el fin de determinar el nivel de riesgo para la salud y facilitar el proceso de toma de decisiones por parte de las autoridades locales. Nuestros sistemas son tambi\u00e9n capaces de determinar la concentraci\u00f3n de part\u00edculas en suspensi\u00f3n y clasificarlas como PM1, PM2.5 y PM10.<\/p>\n<p><strong>Beneficios para el cliente<\/strong><\/p>\n<ul>\n<li>Soluci\u00f3n econ\u00f3mica.<\/li>\n<li>Alta correlaci\u00f3n con las estaciones normativas.<\/li>\n<li>Mediciones y disponibilidad de los datos en tiempo real.<\/li>\n<li>Plataforma online para el an\u00e1lisis y descarga de los datos.<\/li>\n<\/ul>\n","protected":false},"excerpt":{"rendered":"<p>Nuestros sistemas de calidad del aire miden la concentraci\u00f3n de contaminantes para ayudar a las empresas y gobiernos a tomar mejores decisiones.<\/p>\n","protected":false},"author":1,"featured_media":433,"parent":525,"menu_order":0,"comment_status":"closed","ping_status":"closed","template":"","meta":{"footnotes":""},"class_list":["post-523","page","type-page","status-publish","has-post-thumbnail","hentry"],"yoast_head":"<!-- This site is optimized with the Yoast SEO plugin v27.5 - https:\/\/yoast.com\/product\/yoast-seo-wordpress\/ -->\n<title>Calidad del Aire | Darrera<\/title>\n<meta name=\"robots\" content=\"index, follow, max-snippet:-1, max-image-preview:large, max-video-preview:-1\" \/>\n<link rel=\"canonical\" href=\"https:\/\/www.darrera.com\/es\/areas-actividad\/calidad-aire\/\" \/>\n<meta property=\"og:locale\" content=\"es_ES\" \/>\n<meta property=\"og:type\" content=\"article\" \/>\n<meta property=\"og:title\" content=\"Calidad del Aire | Darrera\" \/>\n<meta property=\"og:description\" content=\"Nuestros sistemas de calidad del aire miden la concentraci\u00f3n de contaminantes para ayudar a las empresas y gobiernos a tomar mejores decisiones.\" \/>\n<meta property=\"og:url\" content=\"https:\/\/www.darrera.com\/es\/areas-actividad\/calidad-aire\/\" \/>\n<meta property=\"og:site_name\" content=\"Darrera\" \/>\n<meta property=\"article:publisher\" content=\"http:\/\/facebook.com\/darrerameteo\" \/>\n<meta property=\"article:modified_time\" content=\"2018-02-05T12:01:22+00:00\" \/>\n<meta property=\"og:image\" content=\"https:\/\/www.darrera.com\/wp-content\/uploads\/fields-activity-air-quality.jpg\" \/>\n\t<meta property=\"og:image:width\" content=\"848\" \/>\n\t<meta property=\"og:image:height\" content=\"566\" \/>\n\t<meta property=\"og:image:type\" content=\"image\/jpeg\" \/>\n<meta name=\"twitter:card\" content=\"summary_large_image\" \/>\n<meta name=\"twitter:site\" content=\"@darrera_meteo\" \/>\n<meta name=\"twitter:label1\" content=\"Tiempo de lectura\" \/>\n\t<meta name=\"twitter:data1\" content=\"1 minuto\" \/>\n<script type=\"application\/ld+json\" class=\"yoast-schema-graph\">{\"@context\":\"https:\\\/\\\/schema.org\",\"@graph\":[{\"@type\":\"WebPage\",\"@id\":\"https:\\\/\\\/www.darrera.com\\\/es\\\/areas-actividad\\\/calidad-aire\\\/\",\"url\":\"https:\\\/\\\/www.darrera.com\\\/es\\\/areas-actividad\\\/calidad-aire\\\/\",\"name\":\"Calidad del Aire | Darrera\",\"isPartOf\":{\"@id\":\"https:\\\/\\\/www.darrera.com\\\/es\\\/#website\"},\"primaryImageOfPage\":{\"@id\":\"https:\\\/\\\/www.darrera.com\\\/es\\\/areas-actividad\\\/calidad-aire\\\/#primaryimage\"},\"image\":{\"@id\":\"https:\\\/\\\/www.darrera.com\\\/es\\\/areas-actividad\\\/calidad-aire\\\/#primaryimage\"},\"thumbnailUrl\":\"https:\\\/\\\/www.darrera.com\\\/wp-content\\\/uploads\\\/fields-activity-air-quality.jpg\",\"datePublished\":\"2017-05-22T09:22:22+00:00\",\"dateModified\":\"2018-02-05T12:01:22+00:00\",\"breadcrumb\":{\"@id\":\"https:\\\/\\\/www.darrera.com\\\/es\\\/areas-actividad\\\/calidad-aire\\\/#breadcrumb\"},\"inLanguage\":\"es\",\"potentialAction\":[{\"@type\":\"ReadAction\",\"target\":[\"https:\\\/\\\/www.darrera.com\\\/es\\\/areas-actividad\\\/calidad-aire\\\/\"]}]},{\"@type\":\"ImageObject\",\"inLanguage\":\"es\",\"@id\":\"https:\\\/\\\/www.darrera.com\\\/es\\\/areas-actividad\\\/calidad-aire\\\/#primaryimage\",\"url\":\"https:\\\/\\\/www.darrera.com\\\/wp-content\\\/uploads\\\/fields-activity-air-quality.jpg\",\"contentUrl\":\"https:\\\/\\\/www.darrera.com\\\/wp-content\\\/uploads\\\/fields-activity-air-quality.jpg\",\"width\":848,\"height\":566,\"caption\":\"Calidad del Aire\"},{\"@type\":\"BreadcrumbList\",\"@id\":\"https:\\\/\\\/www.darrera.com\\\/es\\\/areas-actividad\\\/calidad-aire\\\/#breadcrumb\",\"itemListElement\":[{\"@type\":\"ListItem\",\"position\":1,\"name\":\"Home\",\"item\":\"https:\\\/\\\/www.darrera.com\\\/es\\\/\"},{\"@type\":\"ListItem\",\"position\":2,\"name\":\"\u00c1reas de Actividad\",\"item\":\"https:\\\/\\\/www.darrera.com\\\/es\\\/areas-actividad\\\/\"},{\"@type\":\"ListItem\",\"position\":3,\"name\":\"Calidad del Aire\"}]},{\"@type\":\"WebSite\",\"@id\":\"https:\\\/\\\/www.darrera.com\\\/es\\\/#website\",\"url\":\"https:\\\/\\\/www.darrera.com\\\/es\\\/\",\"name\":\"Darrera\",\"description\":\"Instrumentos, soluciones y servicios meteorol\u00f3gicos\",\"publisher\":{\"@id\":\"https:\\\/\\\/www.darrera.com\\\/es\\\/#organization\"},\"potentialAction\":[{\"@type\":\"SearchAction\",\"target\":{\"@type\":\"EntryPoint\",\"urlTemplate\":\"https:\\\/\\\/www.darrera.com\\\/es\\\/?s={search_term_string}\"},\"query-input\":{\"@type\":\"PropertyValueSpecification\",\"valueRequired\":true,\"valueName\":\"search_term_string\"}}],\"inLanguage\":\"es\"},{\"@type\":\"Organization\",\"@id\":\"https:\\\/\\\/www.darrera.com\\\/es\\\/#organization\",\"name\":\"Darrera\",\"url\":\"https:\\\/\\\/www.darrera.com\\\/es\\\/\",\"logo\":{\"@type\":\"ImageObject\",\"inLanguage\":\"es\",\"@id\":\"https:\\\/\\\/www.darrera.com\\\/es\\\/#\\\/schema\\\/logo\\\/image\\\/\",\"url\":\"https:\\\/\\\/www.darrera.com\\\/wp\\\/wp-content\\\/uploads\\\/logo-darrera.png\",\"contentUrl\":\"https:\\\/\\\/www.darrera.com\\\/wp\\\/wp-content\\\/uploads\\\/logo-darrera.png\",\"width\":500,\"height\":85,\"caption\":\"Darrera\"},\"image\":{\"@id\":\"https:\\\/\\\/www.darrera.com\\\/es\\\/#\\\/schema\\\/logo\\\/image\\\/\"},\"sameAs\":[\"http:\\\/\\\/facebook.com\\\/darrerameteo\",\"https:\\\/\\\/x.com\\\/darrera_meteo\",\"https:\\\/\\\/www.linkedin.com\\\/company\\\/darrera-s-a-\",\"http:\\\/\\\/youtube.com\\\/darreratv\"]}]}<\/script>\n<!-- \/ Yoast SEO plugin. -->","yoast_head_json":{"title":"Calidad del Aire | Darrera","robots":{"index":"index","follow":"follow","max-snippet":"max-snippet:-1","max-image-preview":"max-image-preview:large","max-video-preview":"max-video-preview:-1"},"canonical":"https:\/\/www.darrera.com\/es\/areas-actividad\/calidad-aire\/","og_locale":"es_ES","og_type":"article","og_title":"Calidad del Aire | Darrera","og_description":"Nuestros sistemas de calidad del aire miden la concentraci\u00f3n de contaminantes para ayudar a las empresas y gobiernos a tomar mejores decisiones.","og_url":"https:\/\/www.darrera.com\/es\/areas-actividad\/calidad-aire\/","og_site_name":"Darrera","article_publisher":"http:\/\/facebook.com\/darrerameteo","article_modified_time":"2018-02-05T12:01:22+00:00","og_image":[{"width":848,"height":566,"url":"https:\/\/www.darrera.com\/wp-content\/uploads\/fields-activity-air-quality.jpg","type":"image\/jpeg"}],"twitter_card":"summary_large_image","twitter_site":"@darrera_meteo","twitter_misc":{"Tiempo de lectura":"1 minuto"},"schema":{"@context":"https:\/\/schema.org","@graph":[{"@type":"WebPage","@id":"https:\/\/www.darrera.com\/es\/areas-actividad\/calidad-aire\/","url":"https:\/\/www.darrera.com\/es\/areas-actividad\/calidad-aire\/","name":"Calidad del Aire | Darrera","isPartOf":{"@id":"https:\/\/www.darrera.com\/es\/#website"},"primaryImageOfPage":{"@id":"https:\/\/www.darrera.com\/es\/areas-actividad\/calidad-aire\/#primaryimage"},"image":{"@id":"https:\/\/www.darrera.com\/es\/areas-actividad\/calidad-aire\/#primaryimage"},"thumbnailUrl":"https:\/\/www.darrera.com\/wp-content\/uploads\/fields-activity-air-quality.jpg","datePublished":"2017-05-22T09:22:22+00:00","dateModified":"2018-02-05T12:01:22+00:00","breadcrumb":{"@id":"https:\/\/www.darrera.com\/es\/areas-actividad\/calidad-aire\/#breadcrumb"},"inLanguage":"es","potentialAction":[{"@type":"ReadAction","target":["https:\/\/www.darrera.com\/es\/areas-actividad\/calidad-aire\/"]}]},{"@type":"ImageObject","inLanguage":"es","@id":"https:\/\/www.darrera.com\/es\/areas-actividad\/calidad-aire\/#primaryimage","url":"https:\/\/www.darrera.com\/wp-content\/uploads\/fields-activity-air-quality.jpg","contentUrl":"https:\/\/www.darrera.com\/wp-content\/uploads\/fields-activity-air-quality.jpg","width":848,"height":566,"caption":"Calidad del Aire"},{"@type":"BreadcrumbList","@id":"https:\/\/www.darrera.com\/es\/areas-actividad\/calidad-aire\/#breadcrumb","itemListElement":[{"@type":"ListItem","position":1,"name":"Home","item":"https:\/\/www.darrera.com\/es\/"},{"@type":"ListItem","position":2,"name":"\u00c1reas de Actividad","item":"https:\/\/www.darrera.com\/es\/areas-actividad\/"},{"@type":"ListItem","position":3,"name":"Calidad del Aire"}]},{"@type":"WebSite","@id":"https:\/\/www.darrera.com\/es\/#website","url":"https:\/\/www.darrera.com\/es\/","name":"Darrera","description":"Instrumentos, soluciones y servicios meteorol\u00f3gicos","publisher":{"@id":"https:\/\/www.darrera.com\/es\/#organization"},"potentialAction":[{"@type":"SearchAction","target":{"@type":"EntryPoint","urlTemplate":"https:\/\/www.darrera.com\/es\/?s={search_term_string}"},"query-input":{"@type":"PropertyValueSpecification","valueRequired":true,"valueName":"search_term_string"}}],"inLanguage":"es"},{"@type":"Organization","@id":"https:\/\/www.darrera.com\/es\/#organization","name":"Darrera","url":"https:\/\/www.darrera.com\/es\/","logo":{"@type":"ImageObject","inLanguage":"es","@id":"https:\/\/www.darrera.com\/es\/#\/schema\/logo\/image\/","url":"https:\/\/www.darrera.com\/wp\/wp-content\/uploads\/logo-darrera.png","contentUrl":"https:\/\/www.darrera.com\/wp\/wp-content\/uploads\/logo-darrera.png","width":500,"height":85,"caption":"Darrera"},"image":{"@id":"https:\/\/www.darrera.com\/es\/#\/schema\/logo\/image\/"},"sameAs":["http:\/\/facebook.com\/darrerameteo","https:\/\/x.com\/darrera_meteo","https:\/\/www.linkedin.com\/company\/darrera-s-a-","http:\/\/youtube.com\/darreratv"]}]}},"_links":{"self":[{"href":"https:\/\/www.darrera.com\/es\/wp-json\/wp\/v2\/pages\/523","targetHints":{"allow":["GET"]}}],"collection":[{"href":"https:\/\/www.darrera.com\/es\/wp-json\/wp\/v2\/pages"}],"about":[{"href":"https:\/\/www.darrera.com\/es\/wp-json\/wp\/v2\/types\/page"}],"author":[{"embeddable":true,"href":"https:\/\/www.darrera.com\/es\/wp-json\/wp\/v2\/users\/1"}],"replies":[{"embeddable":true,"href":"https:\/\/www.darrera.com\/es\/wp-json\/wp\/v2\/comments?post=523"}],"version-history":[{"count":4,"href":"https:\/\/www.darrera.com\/es\/wp-json\/wp\/v2\/pages\/523\/revisions"}],"predecessor-version":[{"id":868,"href":"https:\/\/www.darrera.com\/es\/wp-json\/wp\/v2\/pages\/523\/revisions\/868"}],"up":[{"embeddable":true,"href":"https:\/\/www.darrera.com\/es\/wp-json\/wp\/v2\/pages\/525"}],"wp:featuredmedia":[{"embeddable":true,"href":"https:\/\/www.darrera.com\/es\/wp-json\/wp\/v2\/media\/433"}],"wp:attachment":[{"href":"https:\/\/www.darrera.com\/es\/wp-json\/wp\/v2\/media?parent=523"}],"curies":[{"name":"wp","href":"https:\/\/api.w.org\/{rel}","templated":true}]}}