{"id":528,"date":"2017-05-22T11:23:32","date_gmt":"2017-05-22T09:23:32","guid":{"rendered":"http:\/\/www.darrera.com\/wp\/?page_id=528\/"},"modified":"2018-02-05T12:59:55","modified_gmt":"2018-02-05T11:59:55","slug":"aerodromos-helipuertos","status":"publish","type":"page","link":"https:\/\/www.darrera.com\/es\/areas-actividad\/aerodromos-helipuertos\/","title":{"rendered":"Aer\u00f3dromos y Helipuertos"},"content":{"rendered":"<h2>Proporcionamos informaci\u00f3n precisa de las condiciones meteorol\u00f3gicas actuales para ayudar a los controladores a minimizar el riesgo durante las fases de despegue y aterrizaje.<\/h2>\n<p>La aviaci\u00f3n es probablemente el medio de transporte m\u00e1s afectado por las condiciones meteorol\u00f3gicas, desde el viento, la niebla y los r\u00e1pidos cambios en la presi\u00f3n atmosf\u00e9rica hasta las tormentas el\u00e9ctricas y de nieve. Cada una de las fases de vuelo puede verse afectada por la meteorolog\u00eda, lo que plantea un serio riesgo.<\/p>\n<p>Darrera suministra sistemas meteorol\u00f3gicos de altas prestaciones para aviaci\u00f3n que proporcionan datos meteorol\u00f3gicos oportunos, preciosos y fiables para ayudar a garantizar la seguridad en los despegues y aterrizajes. Nuestros sistemas miden las condiciones meteorol\u00f3gicas actuales en aer\u00f3dromos y helipuertos permanentes, m\u00f3viles y port\u00e1tiles, y ofrecen los informes de datos en distintos protocolos como METAR, SPECI y SYNOP, adem\u00e1s de en otros formatos locales.<\/p>\n<p>Nuestros sistemas meteorol\u00f3gicos pueden equiparse con una pantalla de monitorizaci\u00f3n totalmente personalizada y una amplia gama de sensores de altas prestaciones que cumplen perfectamente con los requisitos de nuestros clientes. El conjunto de sensores est\u00e1ndar almacena datos de las variables meteorol\u00f3gicas m\u00e1s significativas para la aviaci\u00f3n como el viento, punto de roc\u00edo y presi\u00f3n atmosf\u00e9rica. Opcionalmente, puede ampliarse con sensores adicionales para medir otros par\u00e1metros relevantes como la precipitaci\u00f3n, visibilidad, tiempo presente, altura de nubes y estado de la pista. Nuestros sistemas pueden suministrarse tambi\u00e9n con un medidor de campo el\u00e9ctrico atmosf\u00e9rico y un detector de rayos integrados.<\/p>\n<p><strong>Beneficios para el cliente<\/strong><\/p>\n<ul>\n<li>Mediciones y disponibilidad de los datos en tiempo real.<\/li>\n<li>Pantalla de monitorizaci\u00f3n totalmente personalizada.<\/li>\n<li>Sensores de visibilidad, tiempo presente, altura de nubes y estado de la pista.<\/li>\n<li>Medidor de campo el\u00e9ctrico atmosf\u00e9rico y detector de rayos integrados.<\/li>\n<\/ul>\n","protected":false},"excerpt":{"rendered":"<p>Proporcionamos informaci\u00f3n precisa de las condiciones meteorol\u00f3gicas actuales para ayudar a los controladores a minimizar el riesgo durante las fases de despegue y aterrizaje.<\/p>\n","protected":false},"author":1,"featured_media":389,"parent":525,"menu_order":0,"comment_status":"closed","ping_status":"closed","template":"","meta":{"footnotes":""},"class_list":["post-528","page","type-page","status-publish","has-post-thumbnail","hentry"],"yoast_head":"<!-- This site is optimized with the Yoast SEO plugin v27.3 - https:\/\/yoast.com\/product\/yoast-seo-wordpress\/ -->\n<title>Aer\u00f3dromos y Helipuertos | Darrera<\/title>\n<meta name=\"robots\" content=\"index, follow, max-snippet:-1, max-image-preview:large, max-video-preview:-1\" \/>\n<link rel=\"canonical\" href=\"https:\/\/www.darrera.com\/es\/areas-actividad\/aerodromos-helipuertos\/\" \/>\n<meta property=\"og:locale\" content=\"es_ES\" \/>\n<meta property=\"og:type\" content=\"article\" \/>\n<meta property=\"og:title\" content=\"Aer\u00f3dromos y Helipuertos | Darrera\" \/>\n<meta property=\"og:description\" content=\"Proporcionamos informaci\u00f3n precisa de las condiciones meteorol\u00f3gicas actuales para ayudar a los controladores a minimizar el riesgo durante las fases de despegue y aterrizaje.\" \/>\n<meta property=\"og:url\" content=\"https:\/\/www.darrera.com\/es\/areas-actividad\/aerodromos-helipuertos\/\" \/>\n<meta property=\"og:site_name\" content=\"Darrera\" \/>\n<meta property=\"article:publisher\" content=\"http:\/\/facebook.com\/darrerameteo\" \/>\n<meta property=\"article:modified_time\" content=\"2018-02-05T11:59:55+00:00\" \/>\n<meta property=\"og:image\" content=\"https:\/\/www.darrera.com\/wp-content\/uploads\/fields-activity-airfields-heliports.jpg\" \/>\n\t<meta property=\"og:image:width\" content=\"848\" \/>\n\t<meta property=\"og:image:height\" content=\"566\" \/>\n\t<meta property=\"og:image:type\" content=\"image\/jpeg\" \/>\n<meta name=\"twitter:card\" content=\"summary_large_image\" \/>\n<meta name=\"twitter:site\" content=\"@darrera_meteo\" \/>\n<meta name=\"twitter:label1\" content=\"Tiempo de lectura\" \/>\n\t<meta name=\"twitter:data1\" content=\"2 minutos\" \/>\n<script type=\"application\/ld+json\" class=\"yoast-schema-graph\">{\"@context\":\"https:\\\/\\\/schema.org\",\"@graph\":[{\"@type\":\"WebPage\",\"@id\":\"https:\\\/\\\/www.darrera.com\\\/es\\\/areas-actividad\\\/aerodromos-helipuertos\\\/\",\"url\":\"https:\\\/\\\/www.darrera.com\\\/es\\\/areas-actividad\\\/aerodromos-helipuertos\\\/\",\"name\":\"Aer\u00f3dromos y Helipuertos | Darrera\",\"isPartOf\":{\"@id\":\"https:\\\/\\\/www.darrera.com\\\/es\\\/#website\"},\"primaryImageOfPage\":{\"@id\":\"https:\\\/\\\/www.darrera.com\\\/es\\\/areas-actividad\\\/aerodromos-helipuertos\\\/#primaryimage\"},\"image\":{\"@id\":\"https:\\\/\\\/www.darrera.com\\\/es\\\/areas-actividad\\\/aerodromos-helipuertos\\\/#primaryimage\"},\"thumbnailUrl\":\"https:\\\/\\\/www.darrera.com\\\/wp-content\\\/uploads\\\/fields-activity-airfields-heliports.jpg\",\"datePublished\":\"2017-05-22T09:23:32+00:00\",\"dateModified\":\"2018-02-05T11:59:55+00:00\",\"breadcrumb\":{\"@id\":\"https:\\\/\\\/www.darrera.com\\\/es\\\/areas-actividad\\\/aerodromos-helipuertos\\\/#breadcrumb\"},\"inLanguage\":\"es\",\"potentialAction\":[{\"@type\":\"ReadAction\",\"target\":[\"https:\\\/\\\/www.darrera.com\\\/es\\\/areas-actividad\\\/aerodromos-helipuertos\\\/\"]}]},{\"@type\":\"ImageObject\",\"inLanguage\":\"es\",\"@id\":\"https:\\\/\\\/www.darrera.com\\\/es\\\/areas-actividad\\\/aerodromos-helipuertos\\\/#primaryimage\",\"url\":\"https:\\\/\\\/www.darrera.com\\\/wp-content\\\/uploads\\\/fields-activity-airfields-heliports.jpg\",\"contentUrl\":\"https:\\\/\\\/www.darrera.com\\\/wp-content\\\/uploads\\\/fields-activity-airfields-heliports.jpg\",\"width\":848,\"height\":566,\"caption\":\"Aer\u00f3dromos y Helipuertos\"},{\"@type\":\"BreadcrumbList\",\"@id\":\"https:\\\/\\\/www.darrera.com\\\/es\\\/areas-actividad\\\/aerodromos-helipuertos\\\/#breadcrumb\",\"itemListElement\":[{\"@type\":\"ListItem\",\"position\":1,\"name\":\"Home\",\"item\":\"https:\\\/\\\/www.darrera.com\\\/es\\\/\"},{\"@type\":\"ListItem\",\"position\":2,\"name\":\"\u00c1reas de Actividad\",\"item\":\"https:\\\/\\\/www.darrera.com\\\/es\\\/areas-actividad\\\/\"},{\"@type\":\"ListItem\",\"position\":3,\"name\":\"Aer\u00f3dromos y Helipuertos\"}]},{\"@type\":\"WebSite\",\"@id\":\"https:\\\/\\\/www.darrera.com\\\/es\\\/#website\",\"url\":\"https:\\\/\\\/www.darrera.com\\\/es\\\/\",\"name\":\"Darrera\",\"description\":\"Instrumentos, soluciones y servicios meteorol\u00f3gicos\",\"publisher\":{\"@id\":\"https:\\\/\\\/www.darrera.com\\\/es\\\/#organization\"},\"potentialAction\":[{\"@type\":\"SearchAction\",\"target\":{\"@type\":\"EntryPoint\",\"urlTemplate\":\"https:\\\/\\\/www.darrera.com\\\/es\\\/?s={search_term_string}\"},\"query-input\":{\"@type\":\"PropertyValueSpecification\",\"valueRequired\":true,\"valueName\":\"search_term_string\"}}],\"inLanguage\":\"es\"},{\"@type\":\"Organization\",\"@id\":\"https:\\\/\\\/www.darrera.com\\\/es\\\/#organization\",\"name\":\"Darrera\",\"url\":\"https:\\\/\\\/www.darrera.com\\\/es\\\/\",\"logo\":{\"@type\":\"ImageObject\",\"inLanguage\":\"es\",\"@id\":\"https:\\\/\\\/www.darrera.com\\\/es\\\/#\\\/schema\\\/logo\\\/image\\\/\",\"url\":\"https:\\\/\\\/www.darrera.com\\\/wp\\\/wp-content\\\/uploads\\\/logo-darrera.png\",\"contentUrl\":\"https:\\\/\\\/www.darrera.com\\\/wp\\\/wp-content\\\/uploads\\\/logo-darrera.png\",\"width\":500,\"height\":85,\"caption\":\"Darrera\"},\"image\":{\"@id\":\"https:\\\/\\\/www.darrera.com\\\/es\\\/#\\\/schema\\\/logo\\\/image\\\/\"},\"sameAs\":[\"http:\\\/\\\/facebook.com\\\/darrerameteo\",\"https:\\\/\\\/x.com\\\/darrera_meteo\",\"https:\\\/\\\/www.linkedin.com\\\/company\\\/darrera-s-a-\",\"http:\\\/\\\/youtube.com\\\/darreratv\"]}]}<\/script>\n<!-- \/ Yoast SEO plugin. -->","yoast_head_json":{"title":"Aer\u00f3dromos y Helipuertos | Darrera","robots":{"index":"index","follow":"follow","max-snippet":"max-snippet:-1","max-image-preview":"max-image-preview:large","max-video-preview":"max-video-preview:-1"},"canonical":"https:\/\/www.darrera.com\/es\/areas-actividad\/aerodromos-helipuertos\/","og_locale":"es_ES","og_type":"article","og_title":"Aer\u00f3dromos y Helipuertos | Darrera","og_description":"Proporcionamos informaci\u00f3n precisa de las condiciones meteorol\u00f3gicas actuales para ayudar a los controladores a minimizar el riesgo durante las fases de despegue y aterrizaje.","og_url":"https:\/\/www.darrera.com\/es\/areas-actividad\/aerodromos-helipuertos\/","og_site_name":"Darrera","article_publisher":"http:\/\/facebook.com\/darrerameteo","article_modified_time":"2018-02-05T11:59:55+00:00","og_image":[{"width":848,"height":566,"url":"https:\/\/www.darrera.com\/wp-content\/uploads\/fields-activity-airfields-heliports.jpg","type":"image\/jpeg"}],"twitter_card":"summary_large_image","twitter_site":"@darrera_meteo","twitter_misc":{"Tiempo de lectura":"2 minutos"},"schema":{"@context":"https:\/\/schema.org","@graph":[{"@type":"WebPage","@id":"https:\/\/www.darrera.com\/es\/areas-actividad\/aerodromos-helipuertos\/","url":"https:\/\/www.darrera.com\/es\/areas-actividad\/aerodromos-helipuertos\/","name":"Aer\u00f3dromos y Helipuertos | Darrera","isPartOf":{"@id":"https:\/\/www.darrera.com\/es\/#website"},"primaryImageOfPage":{"@id":"https:\/\/www.darrera.com\/es\/areas-actividad\/aerodromos-helipuertos\/#primaryimage"},"image":{"@id":"https:\/\/www.darrera.com\/es\/areas-actividad\/aerodromos-helipuertos\/#primaryimage"},"thumbnailUrl":"https:\/\/www.darrera.com\/wp-content\/uploads\/fields-activity-airfields-heliports.jpg","datePublished":"2017-05-22T09:23:32+00:00","dateModified":"2018-02-05T11:59:55+00:00","breadcrumb":{"@id":"https:\/\/www.darrera.com\/es\/areas-actividad\/aerodromos-helipuertos\/#breadcrumb"},"inLanguage":"es","potentialAction":[{"@type":"ReadAction","target":["https:\/\/www.darrera.com\/es\/areas-actividad\/aerodromos-helipuertos\/"]}]},{"@type":"ImageObject","inLanguage":"es","@id":"https:\/\/www.darrera.com\/es\/areas-actividad\/aerodromos-helipuertos\/#primaryimage","url":"https:\/\/www.darrera.com\/wp-content\/uploads\/fields-activity-airfields-heliports.jpg","contentUrl":"https:\/\/www.darrera.com\/wp-content\/uploads\/fields-activity-airfields-heliports.jpg","width":848,"height":566,"caption":"Aer\u00f3dromos y Helipuertos"},{"@type":"BreadcrumbList","@id":"https:\/\/www.darrera.com\/es\/areas-actividad\/aerodromos-helipuertos\/#breadcrumb","itemListElement":[{"@type":"ListItem","position":1,"name":"Home","item":"https:\/\/www.darrera.com\/es\/"},{"@type":"ListItem","position":2,"name":"\u00c1reas de Actividad","item":"https:\/\/www.darrera.com\/es\/areas-actividad\/"},{"@type":"ListItem","position":3,"name":"Aer\u00f3dromos y Helipuertos"}]},{"@type":"WebSite","@id":"https:\/\/www.darrera.com\/es\/#website","url":"https:\/\/www.darrera.com\/es\/","name":"Darrera","description":"Instrumentos, soluciones y servicios meteorol\u00f3gicos","publisher":{"@id":"https:\/\/www.darrera.com\/es\/#organization"},"potentialAction":[{"@type":"SearchAction","target":{"@type":"EntryPoint","urlTemplate":"https:\/\/www.darrera.com\/es\/?s={search_term_string}"},"query-input":{"@type":"PropertyValueSpecification","valueRequired":true,"valueName":"search_term_string"}}],"inLanguage":"es"},{"@type":"Organization","@id":"https:\/\/www.darrera.com\/es\/#organization","name":"Darrera","url":"https:\/\/www.darrera.com\/es\/","logo":{"@type":"ImageObject","inLanguage":"es","@id":"https:\/\/www.darrera.com\/es\/#\/schema\/logo\/image\/","url":"https:\/\/www.darrera.com\/wp\/wp-content\/uploads\/logo-darrera.png","contentUrl":"https:\/\/www.darrera.com\/wp\/wp-content\/uploads\/logo-darrera.png","width":500,"height":85,"caption":"Darrera"},"image":{"@id":"https:\/\/www.darrera.com\/es\/#\/schema\/logo\/image\/"},"sameAs":["http:\/\/facebook.com\/darrerameteo","https:\/\/x.com\/darrera_meteo","https:\/\/www.linkedin.com\/company\/darrera-s-a-","http:\/\/youtube.com\/darreratv"]}]}},"_links":{"self":[{"href":"https:\/\/www.darrera.com\/es\/wp-json\/wp\/v2\/pages\/528","targetHints":{"allow":["GET"]}}],"collection":[{"href":"https:\/\/www.darrera.com\/es\/wp-json\/wp\/v2\/pages"}],"about":[{"href":"https:\/\/www.darrera.com\/es\/wp-json\/wp\/v2\/types\/page"}],"author":[{"embeddable":true,"href":"https:\/\/www.darrera.com\/es\/wp-json\/wp\/v2\/users\/1"}],"replies":[{"embeddable":true,"href":"https:\/\/www.darrera.com\/es\/wp-json\/wp\/v2\/comments?post=528"}],"version-history":[{"count":3,"href":"https:\/\/www.darrera.com\/es\/wp-json\/wp\/v2\/pages\/528\/revisions"}],"predecessor-version":[{"id":866,"href":"https:\/\/www.darrera.com\/es\/wp-json\/wp\/v2\/pages\/528\/revisions\/866"}],"up":[{"embeddable":true,"href":"https:\/\/www.darrera.com\/es\/wp-json\/wp\/v2\/pages\/525"}],"wp:featuredmedia":[{"embeddable":true,"href":"https:\/\/www.darrera.com\/es\/wp-json\/wp\/v2\/media\/389"}],"wp:attachment":[{"href":"https:\/\/www.darrera.com\/es\/wp-json\/wp\/v2\/media?parent=528"}],"curies":[{"name":"wp","href":"https:\/\/api.w.org\/{rel}","templated":true}]}}