{"id":531,"date":"2017-05-22T11:26:40","date_gmt":"2017-05-22T09:26:40","guid":{"rendered":"http:\/\/www.darrera.com\/wp\/?page_id=531\/"},"modified":"2018-02-05T13:07:39","modified_gmt":"2018-02-05T12:07:39","slug":"proteccion-civil","status":"publish","type":"page","link":"https:\/\/www.darrera.com\/es\/areas-actividad\/proteccion-civil\/","title":{"rendered":"Protecci\u00f3n Civil"},"content":{"rendered":"<h2>Nuestros sistemas de alerta temprana monitorizan las condiciones meteorol\u00f3gicas actuales y proporcionan datos cruciales para la pronta intervenci\u00f3n de los equipos de emergencia.<\/h2>\n<p>Cada a\u00f1o millones de personas se ven afectadas por condiciones meteorol\u00f3gicas adversas que pueden tener una fuerte repercusi\u00f3n en sus vidas. Las infraestructuras tambi\u00e9n pueden verse afectadas como consecuencia del mal tiempo, lo que origina grandes p\u00e9rdidas econ\u00f3micas directas e indirectas que comportan una disminuci\u00f3n de los recursos financieros disponibles.<\/p>\n<p>Darrera suministra sistemas de alerta temprana espec\u00edficamente dise\u00f1ados para prever las condiciones meteorol\u00f3gicas adversas y permitir que las personas, comunidades y organizaciones puedan prepararse y actuar de forma apropiada y con tiempo suficiente para reducir la posibilidad de da\u00f1os o p\u00e9rdidas.<\/p>\n<h3>Inundaciones y crecidas<\/h3>\n<p>Las inundaciones pueden ser causadas por distintos factores tales como un exceso de lluvia durante un periodo de tiempo prolongado o el derretimiento demasiado r\u00e1pido de la nieve acumulada en las monta\u00f1as. Independientemente de la causa, las inundaciones pueden ocasionar importantes p\u00e9rdidas econ\u00f3micas y poner en peligro a las personas. A\u00fan m\u00e1s peligrosas son las crecidas, ya que combinan la fuerza destructiva de las inundaciones con la velocidad y su car\u00e1cter imprevisible. Nuestro sistema de alerta temprana de inundaciones mide el nivel del agua en distintas ubicaciones estrat\u00e9gicas y combina la informaci\u00f3n con un modelo matem\u00e1tico para prever y reducir el riesgo de inundaci\u00f3n.<\/p>\n<h3>Incendios<\/h3>\n<p>Los incendios forestales son un desastre natural que puede poner en riesgo no s\u00f3lo las infraestructuras, sino tambi\u00e9n la vida de las personas. Controlar un incendio puede llevar semanas e incluso tras ello las consecuencias suelen ser catastr\u00f3ficas. Nuestro sistema de alerta contra incendios mide las condiciones meteorol\u00f3gicas actuales y utiliza un modelo matem\u00e1tico para calcular el riesgo de incendio en una ubicaci\u00f3n espec\u00edfica. El sistema tambi\u00e9n proporciona informaci\u00f3n crucial del viento para ayudar a los bomberos a determinar el desplazamiento del incendio y a evacuar a las personas en riesgo.<\/p>\n<h3>Rayos<\/h3>\n<p>La ca\u00edda de rayos causa no s\u00f3lo m\u00e1s lesiones, sino tambi\u00e9n m\u00e1s muertes que cualquier otro fen\u00f3meno natural. Nuestro sistema de alerta de rayos monitoriza el campo el\u00e9ctrico atmosf\u00e9rico de forma continua para detectar las condiciones que preceden a los rayos. Medir el campo el\u00e9ctrico en lugar de los rayos en s\u00ed es clave para proporcionar informaci\u00f3n crucial sobre la probabilidad de ca\u00edda de rayos en una ubicaci\u00f3n espec\u00edfica y con antelaci\u00f3n suficiente para poder adoptar las medidas de protecci\u00f3n adecuadas.<\/p>\n<h3>Vientos fuertes<\/h3>\n<p>Los vientos fuertes pueden provocar graves da\u00f1os en infraestructuras tales como puentes, carreteras o l\u00edneas de tendido el\u00e9ctrico. Nuestro sistema de alerta de viento advierte en caso de vientos en aumento y fuertes r\u00e1fagas para ayudar a las autoridades a tomar las medidas oportunas para minimizar su impacto.<\/p>\n","protected":false},"excerpt":{"rendered":"<p>Nuestros sistemas de alerta temprana monitorizan las condiciones meteorol\u00f3gicas actuales y proporcionan datos cruciales para la pronta intervenci\u00f3n de los equipos de emergencia.<\/p>\n","protected":false},"author":1,"featured_media":390,"parent":525,"menu_order":0,"comment_status":"closed","ping_status":"closed","template":"","meta":{"footnotes":""},"class_list":["post-531","page","type-page","status-publish","has-post-thumbnail","hentry"],"yoast_head":"<!-- This site is optimized with the Yoast SEO plugin v27.6 - https:\/\/yoast.com\/product\/yoast-seo-wordpress\/ -->\n<title>Protecci\u00f3n Civil | Darrera<\/title>\n<meta name=\"robots\" content=\"index, follow, max-snippet:-1, max-image-preview:large, max-video-preview:-1\" \/>\n<link rel=\"canonical\" href=\"https:\/\/www.darrera.com\/es\/areas-actividad\/proteccion-civil\/\" \/>\n<meta property=\"og:locale\" content=\"es_ES\" \/>\n<meta property=\"og:type\" content=\"article\" \/>\n<meta property=\"og:title\" content=\"Protecci\u00f3n Civil | Darrera\" \/>\n<meta property=\"og:description\" content=\"Nuestros sistemas de alerta temprana monitorizan las condiciones meteorol\u00f3gicas actuales y proporcionan datos cruciales para la pronta intervenci\u00f3n de los equipos de emergencia.\" \/>\n<meta property=\"og:url\" content=\"https:\/\/www.darrera.com\/es\/areas-actividad\/proteccion-civil\/\" \/>\n<meta property=\"og:site_name\" content=\"Darrera\" \/>\n<meta property=\"article:publisher\" content=\"http:\/\/facebook.com\/darrerameteo\" \/>\n<meta property=\"article:modified_time\" content=\"2018-02-05T12:07:39+00:00\" \/>\n<meta property=\"og:image\" content=\"https:\/\/www.darrera.com\/wp-content\/uploads\/fields-activity-civil-protection.jpg\" \/>\n\t<meta property=\"og:image:width\" content=\"848\" \/>\n\t<meta property=\"og:image:height\" content=\"566\" \/>\n\t<meta property=\"og:image:type\" content=\"image\/jpeg\" \/>\n<meta name=\"twitter:card\" content=\"summary_large_image\" \/>\n<meta name=\"twitter:site\" content=\"@darrera_meteo\" \/>\n<meta name=\"twitter:label1\" content=\"Tiempo de lectura\" \/>\n\t<meta name=\"twitter:data1\" content=\"2 minutos\" \/>\n<script type=\"application\/ld+json\" class=\"yoast-schema-graph\">{\"@context\":\"https:\\\/\\\/schema.org\",\"@graph\":[{\"@type\":\"WebPage\",\"@id\":\"https:\\\/\\\/www.darrera.com\\\/es\\\/areas-actividad\\\/proteccion-civil\\\/\",\"url\":\"https:\\\/\\\/www.darrera.com\\\/es\\\/areas-actividad\\\/proteccion-civil\\\/\",\"name\":\"Protecci\u00f3n Civil | Darrera\",\"isPartOf\":{\"@id\":\"https:\\\/\\\/www.darrera.com\\\/es\\\/#website\"},\"primaryImageOfPage\":{\"@id\":\"https:\\\/\\\/www.darrera.com\\\/es\\\/areas-actividad\\\/proteccion-civil\\\/#primaryimage\"},\"image\":{\"@id\":\"https:\\\/\\\/www.darrera.com\\\/es\\\/areas-actividad\\\/proteccion-civil\\\/#primaryimage\"},\"thumbnailUrl\":\"https:\\\/\\\/www.darrera.com\\\/wp-content\\\/uploads\\\/fields-activity-civil-protection.jpg\",\"datePublished\":\"2017-05-22T09:26:40+00:00\",\"dateModified\":\"2018-02-05T12:07:39+00:00\",\"breadcrumb\":{\"@id\":\"https:\\\/\\\/www.darrera.com\\\/es\\\/areas-actividad\\\/proteccion-civil\\\/#breadcrumb\"},\"inLanguage\":\"es\",\"potentialAction\":[{\"@type\":\"ReadAction\",\"target\":[\"https:\\\/\\\/www.darrera.com\\\/es\\\/areas-actividad\\\/proteccion-civil\\\/\"]}]},{\"@type\":\"ImageObject\",\"inLanguage\":\"es\",\"@id\":\"https:\\\/\\\/www.darrera.com\\\/es\\\/areas-actividad\\\/proteccion-civil\\\/#primaryimage\",\"url\":\"https:\\\/\\\/www.darrera.com\\\/wp-content\\\/uploads\\\/fields-activity-civil-protection.jpg\",\"contentUrl\":\"https:\\\/\\\/www.darrera.com\\\/wp-content\\\/uploads\\\/fields-activity-civil-protection.jpg\",\"width\":848,\"height\":566,\"caption\":\"Protecci\u00f3n Civil\"},{\"@type\":\"BreadcrumbList\",\"@id\":\"https:\\\/\\\/www.darrera.com\\\/es\\\/areas-actividad\\\/proteccion-civil\\\/#breadcrumb\",\"itemListElement\":[{\"@type\":\"ListItem\",\"position\":1,\"name\":\"Home\",\"item\":\"https:\\\/\\\/www.darrera.com\\\/es\\\/\"},{\"@type\":\"ListItem\",\"position\":2,\"name\":\"\u00c1reas de Actividad\",\"item\":\"https:\\\/\\\/www.darrera.com\\\/es\\\/areas-actividad\\\/\"},{\"@type\":\"ListItem\",\"position\":3,\"name\":\"Protecci\u00f3n Civil\"}]},{\"@type\":\"WebSite\",\"@id\":\"https:\\\/\\\/www.darrera.com\\\/es\\\/#website\",\"url\":\"https:\\\/\\\/www.darrera.com\\\/es\\\/\",\"name\":\"Darrera\",\"description\":\"Instrumentos, soluciones y servicios meteorol\u00f3gicos\",\"publisher\":{\"@id\":\"https:\\\/\\\/www.darrera.com\\\/es\\\/#organization\"},\"potentialAction\":[{\"@type\":\"SearchAction\",\"target\":{\"@type\":\"EntryPoint\",\"urlTemplate\":\"https:\\\/\\\/www.darrera.com\\\/es\\\/?s={search_term_string}\"},\"query-input\":{\"@type\":\"PropertyValueSpecification\",\"valueRequired\":true,\"valueName\":\"search_term_string\"}}],\"inLanguage\":\"es\"},{\"@type\":\"Organization\",\"@id\":\"https:\\\/\\\/www.darrera.com\\\/es\\\/#organization\",\"name\":\"Darrera\",\"url\":\"https:\\\/\\\/www.darrera.com\\\/es\\\/\",\"logo\":{\"@type\":\"ImageObject\",\"inLanguage\":\"es\",\"@id\":\"https:\\\/\\\/www.darrera.com\\\/es\\\/#\\\/schema\\\/logo\\\/image\\\/\",\"url\":\"https:\\\/\\\/www.darrera.com\\\/wp\\\/wp-content\\\/uploads\\\/logo-darrera.png\",\"contentUrl\":\"https:\\\/\\\/www.darrera.com\\\/wp\\\/wp-content\\\/uploads\\\/logo-darrera.png\",\"width\":500,\"height\":85,\"caption\":\"Darrera\"},\"image\":{\"@id\":\"https:\\\/\\\/www.darrera.com\\\/es\\\/#\\\/schema\\\/logo\\\/image\\\/\"},\"sameAs\":[\"http:\\\/\\\/facebook.com\\\/darrerameteo\",\"https:\\\/\\\/x.com\\\/darrera_meteo\",\"https:\\\/\\\/www.linkedin.com\\\/company\\\/darrera-s-a-\",\"http:\\\/\\\/youtube.com\\\/darreratv\"]}]}<\/script>\n<!-- \/ Yoast SEO plugin. -->","yoast_head_json":{"title":"Protecci\u00f3n Civil | Darrera","robots":{"index":"index","follow":"follow","max-snippet":"max-snippet:-1","max-image-preview":"max-image-preview:large","max-video-preview":"max-video-preview:-1"},"canonical":"https:\/\/www.darrera.com\/es\/areas-actividad\/proteccion-civil\/","og_locale":"es_ES","og_type":"article","og_title":"Protecci\u00f3n Civil | Darrera","og_description":"Nuestros sistemas de alerta temprana monitorizan las condiciones meteorol\u00f3gicas actuales y proporcionan datos cruciales para la pronta intervenci\u00f3n de los equipos de emergencia.","og_url":"https:\/\/www.darrera.com\/es\/areas-actividad\/proteccion-civil\/","og_site_name":"Darrera","article_publisher":"http:\/\/facebook.com\/darrerameteo","article_modified_time":"2018-02-05T12:07:39+00:00","og_image":[{"width":848,"height":566,"url":"https:\/\/www.darrera.com\/wp-content\/uploads\/fields-activity-civil-protection.jpg","type":"image\/jpeg"}],"twitter_card":"summary_large_image","twitter_site":"@darrera_meteo","twitter_misc":{"Tiempo de lectura":"2 minutos"},"schema":{"@context":"https:\/\/schema.org","@graph":[{"@type":"WebPage","@id":"https:\/\/www.darrera.com\/es\/areas-actividad\/proteccion-civil\/","url":"https:\/\/www.darrera.com\/es\/areas-actividad\/proteccion-civil\/","name":"Protecci\u00f3n Civil | Darrera","isPartOf":{"@id":"https:\/\/www.darrera.com\/es\/#website"},"primaryImageOfPage":{"@id":"https:\/\/www.darrera.com\/es\/areas-actividad\/proteccion-civil\/#primaryimage"},"image":{"@id":"https:\/\/www.darrera.com\/es\/areas-actividad\/proteccion-civil\/#primaryimage"},"thumbnailUrl":"https:\/\/www.darrera.com\/wp-content\/uploads\/fields-activity-civil-protection.jpg","datePublished":"2017-05-22T09:26:40+00:00","dateModified":"2018-02-05T12:07:39+00:00","breadcrumb":{"@id":"https:\/\/www.darrera.com\/es\/areas-actividad\/proteccion-civil\/#breadcrumb"},"inLanguage":"es","potentialAction":[{"@type":"ReadAction","target":["https:\/\/www.darrera.com\/es\/areas-actividad\/proteccion-civil\/"]}]},{"@type":"ImageObject","inLanguage":"es","@id":"https:\/\/www.darrera.com\/es\/areas-actividad\/proteccion-civil\/#primaryimage","url":"https:\/\/www.darrera.com\/wp-content\/uploads\/fields-activity-civil-protection.jpg","contentUrl":"https:\/\/www.darrera.com\/wp-content\/uploads\/fields-activity-civil-protection.jpg","width":848,"height":566,"caption":"Protecci\u00f3n Civil"},{"@type":"BreadcrumbList","@id":"https:\/\/www.darrera.com\/es\/areas-actividad\/proteccion-civil\/#breadcrumb","itemListElement":[{"@type":"ListItem","position":1,"name":"Home","item":"https:\/\/www.darrera.com\/es\/"},{"@type":"ListItem","position":2,"name":"\u00c1reas de Actividad","item":"https:\/\/www.darrera.com\/es\/areas-actividad\/"},{"@type":"ListItem","position":3,"name":"Protecci\u00f3n Civil"}]},{"@type":"WebSite","@id":"https:\/\/www.darrera.com\/es\/#website","url":"https:\/\/www.darrera.com\/es\/","name":"Darrera","description":"Instrumentos, soluciones y servicios meteorol\u00f3gicos","publisher":{"@id":"https:\/\/www.darrera.com\/es\/#organization"},"potentialAction":[{"@type":"SearchAction","target":{"@type":"EntryPoint","urlTemplate":"https:\/\/www.darrera.com\/es\/?s={search_term_string}"},"query-input":{"@type":"PropertyValueSpecification","valueRequired":true,"valueName":"search_term_string"}}],"inLanguage":"es"},{"@type":"Organization","@id":"https:\/\/www.darrera.com\/es\/#organization","name":"Darrera","url":"https:\/\/www.darrera.com\/es\/","logo":{"@type":"ImageObject","inLanguage":"es","@id":"https:\/\/www.darrera.com\/es\/#\/schema\/logo\/image\/","url":"https:\/\/www.darrera.com\/wp\/wp-content\/uploads\/logo-darrera.png","contentUrl":"https:\/\/www.darrera.com\/wp\/wp-content\/uploads\/logo-darrera.png","width":500,"height":85,"caption":"Darrera"},"image":{"@id":"https:\/\/www.darrera.com\/es\/#\/schema\/logo\/image\/"},"sameAs":["http:\/\/facebook.com\/darrerameteo","https:\/\/x.com\/darrera_meteo","https:\/\/www.linkedin.com\/company\/darrera-s-a-","http:\/\/youtube.com\/darreratv"]}]}},"_links":{"self":[{"href":"https:\/\/www.darrera.com\/es\/wp-json\/wp\/v2\/pages\/531","targetHints":{"allow":["GET"]}}],"collection":[{"href":"https:\/\/www.darrera.com\/es\/wp-json\/wp\/v2\/pages"}],"about":[{"href":"https:\/\/www.darrera.com\/es\/wp-json\/wp\/v2\/types\/page"}],"author":[{"embeddable":true,"href":"https:\/\/www.darrera.com\/es\/wp-json\/wp\/v2\/users\/1"}],"replies":[{"embeddable":true,"href":"https:\/\/www.darrera.com\/es\/wp-json\/wp\/v2\/comments?post=531"}],"version-history":[{"count":3,"href":"https:\/\/www.darrera.com\/es\/wp-json\/wp\/v2\/pages\/531\/revisions"}],"predecessor-version":[{"id":878,"href":"https:\/\/www.darrera.com\/es\/wp-json\/wp\/v2\/pages\/531\/revisions\/878"}],"up":[{"embeddable":true,"href":"https:\/\/www.darrera.com\/es\/wp-json\/wp\/v2\/pages\/525"}],"wp:featuredmedia":[{"embeddable":true,"href":"https:\/\/www.darrera.com\/es\/wp-json\/wp\/v2\/media\/390"}],"wp:attachment":[{"href":"https:\/\/www.darrera.com\/es\/wp-json\/wp\/v2\/media?parent=531"}],"curies":[{"name":"wp","href":"https:\/\/api.w.org\/{rel}","templated":true}]}}