{"id":543,"date":"2017-05-22T12:16:38","date_gmt":"2017-05-22T10:16:38","guid":{"rendered":"http:\/\/www.darrera.com\/wp\/?page_id=543\/"},"modified":"2023-05-17T10:31:45","modified_gmt":"2023-05-17T08:31:45","slug":"meteorologia-maritima-offshore","status":"publish","type":"page","link":"https:\/\/www.darrera.com\/es\/areas-actividad\/meteorologia-maritima-offshore\/","title":{"rendered":"Meteorolog\u00eda Mar\u00edtima y Offshore"},"content":{"rendered":"<h2>Nuestros sistemas meteorol\u00f3gicos marinos y boyas de datos costeros facilitan el tr\u00e1fico de buques y las operaciones de abastecimiento en puertos y plataformas offshore.<\/h2>\n<p>Las condiciones meteorol\u00f3gicas plantean un verdadero reto para la actividad profesional en puertos y plataformas en alta mar. Trabajar en condiciones meteorol\u00f3gicas adversas exige una precauci\u00f3n especial en cada operaci\u00f3n para garantizar la seguridad tanto de las personas y los buques como de los bienes transportados y la maquinaria pesada.<\/p>\n<p>Darrera suministra sistemas meteorol\u00f3gicos marinos que proporcionan toda la informaci\u00f3n necesaria para la toma de decisiones y la realizaci\u00f3n de acciones basadas en datos precisos. Nuestros sistemas miden las condiciones meteorol\u00f3gicas actuales y el estado del mar para ofrecer informaci\u00f3n en tiempo real que ayude a los operadores a incrementar la seguridad y a minimizar los riesgos. Los datos proporcionados pueden monitorizarse de forma sencilla tanto en local como de forma online a trav\u00e9s de una pantalla totalmente personalizada y es posible, adem\u00e1s, integrarlos con otros sistemas ya disponibles en el puerto o plataforma.<\/p>\n<h3>Tr\u00e1fico de buques<\/h3>\n<p>Los fuertes vientos, el oleaje y la baja visibilidad pueden limitar la maniobrabilidad de los buques durante las operaciones de aproximaci\u00f3n al recinto portuario y amarre. Conocer las condiciones meteorol\u00f3gicas contribuye a mejorar la planificaci\u00f3n del tr\u00e1fico y a incrementar su seguridad y eficiencia.<\/p>\n<h3>Operaciones de abastecimiento<\/h3>\n<p>El fuerte viento y las olas afectan tambi\u00e9n al manejo de las gr\u00faas. Monitorizar las condiciones meteorol\u00f3gicas es necesario para prevenir da\u00f1os materiales y p\u00e9rdidas econ\u00f3micas durante las operaciones de carga, descarga y estiba de contenedores pesados. Nuestros sistemas de alerta advierten a los operadores de gr\u00faas cuando la meteorolog\u00eda no es adecuada para proseguir con la actividad y puede poner en riesgo las mercanc\u00edas transportadas. Las alertas pueden ser visuales y ac\u00fasticas, y es posible registrarlas para su posterior an\u00e1lisis.<\/p>\n<h3>Monitorizaci\u00f3n del oleaje<\/h3>\n<p>Ofrecemos una amplia gama de boyas amarradas y a la deriva para la caracterizaci\u00f3n y modelado del oleaje en aguas someras y profundas. Los datos recogidos por las boyas contribuyen a garantizar la seguridad de las operaciones portuarias y permiten verificar los modelos de propagaci\u00f3n de olas y tanto en el exterior como en el interior del puerto.<\/p>\n<h3>Oceanograf\u00eda<\/h3>\n<p>Nuestras boyas permiten tambi\u00e9n recopilar datos \u00fatiles para proyectos de investigaci\u00f3n oceanogr\u00e1fica. Pueden equiparse con variedad de instrumentos para la medici\u00f3n de par\u00e1metros tanto meteorol\u00f3gicos como marinos, tales como el viento, visibilidad, temperatura, salinidad, pH y turbidez, as\u00ed como con distintas opciones de comunicaci\u00f3n remota que permiten a los investigadores disponer de informaci\u00f3n en tiempo real independientemente de su ubicaci\u00f3n f\u00edsica.<\/p>\n","protected":false},"excerpt":{"rendered":"<p>Nuestros sistemas meteorol\u00f3gicos marinos y boyas de datos costeros facilitan el tr\u00e1fico de buques y las operaciones de abastecimiento en puertos y plataformas offshore.<\/p>\n","protected":false},"author":1,"featured_media":393,"parent":525,"menu_order":0,"comment_status":"closed","ping_status":"closed","template":"","meta":{"footnotes":""},"class_list":["post-543","page","type-page","status-publish","has-post-thumbnail","hentry"],"yoast_head":"<!-- This site is optimized with the Yoast SEO plugin v26.9 - https:\/\/yoast.com\/product\/yoast-seo-wordpress\/ -->\n<title>Meteorolog\u00eda Mar\u00edtima y Offshore | Darrera<\/title>\n<meta name=\"robots\" content=\"index, follow, max-snippet:-1, max-image-preview:large, max-video-preview:-1\" \/>\n<link rel=\"canonical\" href=\"https:\/\/www.darrera.com\/es\/areas-actividad\/meteorologia-maritima-offshore\/\" \/>\n<meta property=\"og:locale\" content=\"es_ES\" \/>\n<meta property=\"og:type\" content=\"article\" \/>\n<meta property=\"og:title\" content=\"Meteorolog\u00eda Mar\u00edtima y Offshore | Darrera\" \/>\n<meta property=\"og:description\" content=\"Nuestros sistemas meteorol\u00f3gicos marinos y boyas de datos costeros facilitan el tr\u00e1fico de buques y las operaciones de abastecimiento en puertos y plataformas offshore.\" \/>\n<meta property=\"og:url\" content=\"https:\/\/www.darrera.com\/es\/areas-actividad\/meteorologia-maritima-offshore\/\" \/>\n<meta property=\"og:site_name\" content=\"Darrera\" \/>\n<meta property=\"article:publisher\" content=\"http:\/\/facebook.com\/darrerameteo\" \/>\n<meta property=\"article:modified_time\" content=\"2023-05-17T08:31:45+00:00\" \/>\n<meta property=\"og:image\" content=\"https:\/\/www.darrera.com\/wp-content\/uploads\/fields-activity-marine-offshore-weather.jpg\" \/>\n\t<meta property=\"og:image:width\" content=\"848\" \/>\n\t<meta property=\"og:image:height\" content=\"566\" \/>\n\t<meta property=\"og:image:type\" content=\"image\/jpeg\" \/>\n<meta name=\"twitter:card\" content=\"summary_large_image\" \/>\n<meta name=\"twitter:site\" content=\"@darrera_meteo\" \/>\n<meta name=\"twitter:label1\" content=\"Tiempo de lectura\" \/>\n\t<meta name=\"twitter:data1\" content=\"2 minutos\" \/>\n<script type=\"application\/ld+json\" class=\"yoast-schema-graph\">{\"@context\":\"https:\/\/schema.org\",\"@graph\":[{\"@type\":\"WebPage\",\"@id\":\"https:\/\/www.darrera.com\/es\/areas-actividad\/meteorologia-maritima-offshore\/\",\"url\":\"https:\/\/www.darrera.com\/es\/areas-actividad\/meteorologia-maritima-offshore\/\",\"name\":\"Meteorolog\u00eda Mar\u00edtima y Offshore | Darrera\",\"isPartOf\":{\"@id\":\"https:\/\/www.darrera.com\/es\/#website\"},\"primaryImageOfPage\":{\"@id\":\"https:\/\/www.darrera.com\/es\/areas-actividad\/meteorologia-maritima-offshore\/#primaryimage\"},\"image\":{\"@id\":\"https:\/\/www.darrera.com\/es\/areas-actividad\/meteorologia-maritima-offshore\/#primaryimage\"},\"thumbnailUrl\":\"https:\/\/www.darrera.com\/wp-content\/uploads\/fields-activity-marine-offshore-weather.jpg\",\"datePublished\":\"2017-05-22T10:16:38+00:00\",\"dateModified\":\"2023-05-17T08:31:45+00:00\",\"breadcrumb\":{\"@id\":\"https:\/\/www.darrera.com\/es\/areas-actividad\/meteorologia-maritima-offshore\/#breadcrumb\"},\"inLanguage\":\"es\",\"potentialAction\":[{\"@type\":\"ReadAction\",\"target\":[\"https:\/\/www.darrera.com\/es\/areas-actividad\/meteorologia-maritima-offshore\/\"]}]},{\"@type\":\"ImageObject\",\"inLanguage\":\"es\",\"@id\":\"https:\/\/www.darrera.com\/es\/areas-actividad\/meteorologia-maritima-offshore\/#primaryimage\",\"url\":\"https:\/\/www.darrera.com\/wp-content\/uploads\/fields-activity-marine-offshore-weather.jpg\",\"contentUrl\":\"https:\/\/www.darrera.com\/wp-content\/uploads\/fields-activity-marine-offshore-weather.jpg\",\"width\":848,\"height\":566,\"caption\":\"Meteorolog\u00eda Mar\u00edtima y Offshore\"},{\"@type\":\"BreadcrumbList\",\"@id\":\"https:\/\/www.darrera.com\/es\/areas-actividad\/meteorologia-maritima-offshore\/#breadcrumb\",\"itemListElement\":[{\"@type\":\"ListItem\",\"position\":1,\"name\":\"Home\",\"item\":\"https:\/\/www.darrera.com\/es\/\"},{\"@type\":\"ListItem\",\"position\":2,\"name\":\"\u00c1reas de Actividad\",\"item\":\"https:\/\/www.darrera.com\/es\/areas-actividad\/\"},{\"@type\":\"ListItem\",\"position\":3,\"name\":\"Meteorolog\u00eda Mar\u00edtima y Offshore\"}]},{\"@type\":\"WebSite\",\"@id\":\"https:\/\/www.darrera.com\/es\/#website\",\"url\":\"https:\/\/www.darrera.com\/es\/\",\"name\":\"Darrera\",\"description\":\"Instrumentos, soluciones y servicios meteorol\u00f3gicos\",\"publisher\":{\"@id\":\"https:\/\/www.darrera.com\/es\/#organization\"},\"potentialAction\":[{\"@type\":\"SearchAction\",\"target\":{\"@type\":\"EntryPoint\",\"urlTemplate\":\"https:\/\/www.darrera.com\/es\/?s={search_term_string}\"},\"query-input\":{\"@type\":\"PropertyValueSpecification\",\"valueRequired\":true,\"valueName\":\"search_term_string\"}}],\"inLanguage\":\"es\"},{\"@type\":\"Organization\",\"@id\":\"https:\/\/www.darrera.com\/es\/#organization\",\"name\":\"Darrera\",\"url\":\"https:\/\/www.darrera.com\/es\/\",\"logo\":{\"@type\":\"ImageObject\",\"inLanguage\":\"es\",\"@id\":\"https:\/\/www.darrera.com\/es\/#\/schema\/logo\/image\/\",\"url\":\"https:\/\/www.darrera.com\/wp\/wp-content\/uploads\/logo-darrera.png\",\"contentUrl\":\"https:\/\/www.darrera.com\/wp\/wp-content\/uploads\/logo-darrera.png\",\"width\":500,\"height\":85,\"caption\":\"Darrera\"},\"image\":{\"@id\":\"https:\/\/www.darrera.com\/es\/#\/schema\/logo\/image\/\"},\"sameAs\":[\"http:\/\/facebook.com\/darrerameteo\",\"https:\/\/x.com\/darrera_meteo\",\"https:\/\/www.linkedin.com\/company\/darrera-s-a-\",\"http:\/\/youtube.com\/darreratv\"]}]}<\/script>\n<!-- \/ Yoast SEO plugin. -->","yoast_head_json":{"title":"Meteorolog\u00eda Mar\u00edtima y Offshore | Darrera","robots":{"index":"index","follow":"follow","max-snippet":"max-snippet:-1","max-image-preview":"max-image-preview:large","max-video-preview":"max-video-preview:-1"},"canonical":"https:\/\/www.darrera.com\/es\/areas-actividad\/meteorologia-maritima-offshore\/","og_locale":"es_ES","og_type":"article","og_title":"Meteorolog\u00eda Mar\u00edtima y Offshore | Darrera","og_description":"Nuestros sistemas meteorol\u00f3gicos marinos y boyas de datos costeros facilitan el tr\u00e1fico de buques y las operaciones de abastecimiento en puertos y plataformas offshore.","og_url":"https:\/\/www.darrera.com\/es\/areas-actividad\/meteorologia-maritima-offshore\/","og_site_name":"Darrera","article_publisher":"http:\/\/facebook.com\/darrerameteo","article_modified_time":"2023-05-17T08:31:45+00:00","og_image":[{"width":848,"height":566,"url":"https:\/\/www.darrera.com\/wp-content\/uploads\/fields-activity-marine-offshore-weather.jpg","type":"image\/jpeg"}],"twitter_card":"summary_large_image","twitter_site":"@darrera_meteo","twitter_misc":{"Tiempo de lectura":"2 minutos"},"schema":{"@context":"https:\/\/schema.org","@graph":[{"@type":"WebPage","@id":"https:\/\/www.darrera.com\/es\/areas-actividad\/meteorologia-maritima-offshore\/","url":"https:\/\/www.darrera.com\/es\/areas-actividad\/meteorologia-maritima-offshore\/","name":"Meteorolog\u00eda Mar\u00edtima y Offshore | Darrera","isPartOf":{"@id":"https:\/\/www.darrera.com\/es\/#website"},"primaryImageOfPage":{"@id":"https:\/\/www.darrera.com\/es\/areas-actividad\/meteorologia-maritima-offshore\/#primaryimage"},"image":{"@id":"https:\/\/www.darrera.com\/es\/areas-actividad\/meteorologia-maritima-offshore\/#primaryimage"},"thumbnailUrl":"https:\/\/www.darrera.com\/wp-content\/uploads\/fields-activity-marine-offshore-weather.jpg","datePublished":"2017-05-22T10:16:38+00:00","dateModified":"2023-05-17T08:31:45+00:00","breadcrumb":{"@id":"https:\/\/www.darrera.com\/es\/areas-actividad\/meteorologia-maritima-offshore\/#breadcrumb"},"inLanguage":"es","potentialAction":[{"@type":"ReadAction","target":["https:\/\/www.darrera.com\/es\/areas-actividad\/meteorologia-maritima-offshore\/"]}]},{"@type":"ImageObject","inLanguage":"es","@id":"https:\/\/www.darrera.com\/es\/areas-actividad\/meteorologia-maritima-offshore\/#primaryimage","url":"https:\/\/www.darrera.com\/wp-content\/uploads\/fields-activity-marine-offshore-weather.jpg","contentUrl":"https:\/\/www.darrera.com\/wp-content\/uploads\/fields-activity-marine-offshore-weather.jpg","width":848,"height":566,"caption":"Meteorolog\u00eda Mar\u00edtima y Offshore"},{"@type":"BreadcrumbList","@id":"https:\/\/www.darrera.com\/es\/areas-actividad\/meteorologia-maritima-offshore\/#breadcrumb","itemListElement":[{"@type":"ListItem","position":1,"name":"Home","item":"https:\/\/www.darrera.com\/es\/"},{"@type":"ListItem","position":2,"name":"\u00c1reas de Actividad","item":"https:\/\/www.darrera.com\/es\/areas-actividad\/"},{"@type":"ListItem","position":3,"name":"Meteorolog\u00eda Mar\u00edtima y Offshore"}]},{"@type":"WebSite","@id":"https:\/\/www.darrera.com\/es\/#website","url":"https:\/\/www.darrera.com\/es\/","name":"Darrera","description":"Instrumentos, soluciones y servicios meteorol\u00f3gicos","publisher":{"@id":"https:\/\/www.darrera.com\/es\/#organization"},"potentialAction":[{"@type":"SearchAction","target":{"@type":"EntryPoint","urlTemplate":"https:\/\/www.darrera.com\/es\/?s={search_term_string}"},"query-input":{"@type":"PropertyValueSpecification","valueRequired":true,"valueName":"search_term_string"}}],"inLanguage":"es"},{"@type":"Organization","@id":"https:\/\/www.darrera.com\/es\/#organization","name":"Darrera","url":"https:\/\/www.darrera.com\/es\/","logo":{"@type":"ImageObject","inLanguage":"es","@id":"https:\/\/www.darrera.com\/es\/#\/schema\/logo\/image\/","url":"https:\/\/www.darrera.com\/wp\/wp-content\/uploads\/logo-darrera.png","contentUrl":"https:\/\/www.darrera.com\/wp\/wp-content\/uploads\/logo-darrera.png","width":500,"height":85,"caption":"Darrera"},"image":{"@id":"https:\/\/www.darrera.com\/es\/#\/schema\/logo\/image\/"},"sameAs":["http:\/\/facebook.com\/darrerameteo","https:\/\/x.com\/darrera_meteo","https:\/\/www.linkedin.com\/company\/darrera-s-a-","http:\/\/youtube.com\/darreratv"]}]}},"_links":{"self":[{"href":"https:\/\/www.darrera.com\/es\/wp-json\/wp\/v2\/pages\/543","targetHints":{"allow":["GET"]}}],"collection":[{"href":"https:\/\/www.darrera.com\/es\/wp-json\/wp\/v2\/pages"}],"about":[{"href":"https:\/\/www.darrera.com\/es\/wp-json\/wp\/v2\/types\/page"}],"author":[{"embeddable":true,"href":"https:\/\/www.darrera.com\/es\/wp-json\/wp\/v2\/users\/1"}],"replies":[{"embeddable":true,"href":"https:\/\/www.darrera.com\/es\/wp-json\/wp\/v2\/comments?post=543"}],"version-history":[{"count":4,"href":"https:\/\/www.darrera.com\/es\/wp-json\/wp\/v2\/pages\/543\/revisions"}],"predecessor-version":[{"id":5477,"href":"https:\/\/www.darrera.com\/es\/wp-json\/wp\/v2\/pages\/543\/revisions\/5477"}],"up":[{"embeddable":true,"href":"https:\/\/www.darrera.com\/es\/wp-json\/wp\/v2\/pages\/525"}],"wp:featuredmedia":[{"embeddable":true,"href":"https:\/\/www.darrera.com\/es\/wp-json\/wp\/v2\/media\/393"}],"wp:attachment":[{"href":"https:\/\/www.darrera.com\/es\/wp-json\/wp\/v2\/media?parent=543"}],"curies":[{"name":"wp","href":"https:\/\/api.w.org\/{rel}","templated":true}]}}