{"id":545,"date":"2017-05-22T12:17:42","date_gmt":"2017-05-22T10:17:42","guid":{"rendered":"http:\/\/www.darrera.com\/wp\/?page_id=545\/"},"modified":"2020-01-15T09:38:31","modified_gmt":"2020-01-15T08:38:31","slug":"meteorologia","status":"publish","type":"page","link":"https:\/\/www.darrera.com\/es\/areas-actividad\/meteorologia\/","title":{"rendered":"Meteorolog\u00eda"},"content":{"rendered":"<h2>Ofrecemos sistemas meteorol\u00f3gicos probados en campo y dise\u00f1ados para ayudar a nuestros clientes a lograr sus objetivos en cualquier aplicaci\u00f3n meteorol\u00f3gica.<\/h2>\n<p>Disponer de datos precisos y fiables es esencial para una gran variedad de actividades de observaci\u00f3n meteorol\u00f3gica, desde la previsi\u00f3n del tiempo hasta la monitorizaci\u00f3n en tiempo real de eventos meteorol\u00f3gicos extremos, tales como olas de calor, sequ\u00edas o tormentas de nieve. La meteorolog\u00eda moderna y las ciencias ambientales en general hacen uso de instrumentos cada vez m\u00e1s avanzados para recopilar, procesar y analizar datos que ayuden a comprender c\u00f3mo el clima y la meteorolog\u00eda afectan a la actividad humana y al medio ambiente.<\/p>\n<p>Darrera ofrece una extensa l\u00ednea de productos para meteorolog\u00eda que incluye estaciones meteorol\u00f3gicas completas, sensores independientes para su integraci\u00f3n en sistemas ya existentes e instrumentos port\u00e1tiles para lecturas directas en campo. Nuestras estaciones completas son altamente flexibles y pueden equiparse con amplia variedad de sensores de alta gama y de opciones de comunicaciones y alimentaci\u00f3n para satisfacer los requerimientos de cada proyecto espec\u00edfico.<\/p>\n<p><strong>Ventajas para el cliente<\/strong><\/p>\n<ul>\n<li>Extensa l\u00ednea de productos.<\/li>\n<li>Sensores de alta gama e instrumentos port\u00e1tiles.<\/li>\n<li>Soluciones a medida para proyectos espec\u00edficos.<\/li>\n<li>Amplia experiencia en la industria.<\/li>\n<\/ul>\n","protected":false},"excerpt":{"rendered":"<p>Ofrecemos sistemas meteorol\u00f3gicos probados en campo y dise\u00f1ados para ayudar a nuestros clientes a lograr sus objetivos en cualquier aplicaci\u00f3n meteorol\u00f3gica.<\/p>\n","protected":false},"author":1,"featured_media":1675,"parent":525,"menu_order":0,"comment_status":"closed","ping_status":"closed","template":"","meta":{"footnotes":""},"class_list":["post-545","page","type-page","status-publish","has-post-thumbnail","hentry"],"yoast_head":"<!-- This site is optimized with the Yoast SEO plugin v27.3 - https:\/\/yoast.com\/product\/yoast-seo-wordpress\/ -->\n<title>Meteorolog\u00eda | Darrera<\/title>\n<meta name=\"robots\" content=\"index, follow, max-snippet:-1, max-image-preview:large, max-video-preview:-1\" \/>\n<link rel=\"canonical\" href=\"https:\/\/www.darrera.com\/es\/areas-actividad\/meteorologia\/\" \/>\n<meta property=\"og:locale\" content=\"es_ES\" \/>\n<meta property=\"og:type\" content=\"article\" \/>\n<meta property=\"og:title\" content=\"Meteorolog\u00eda | Darrera\" \/>\n<meta property=\"og:description\" content=\"Ofrecemos sistemas meteorol\u00f3gicos probados en campo y dise\u00f1ados para ayudar a nuestros clientes a lograr sus objetivos en cualquier aplicaci\u00f3n meteorol\u00f3gica.\" \/>\n<meta property=\"og:url\" content=\"https:\/\/www.darrera.com\/es\/areas-actividad\/meteorologia\/\" \/>\n<meta property=\"og:site_name\" content=\"Darrera\" \/>\n<meta property=\"article:publisher\" content=\"http:\/\/facebook.com\/darrerameteo\" \/>\n<meta property=\"article:modified_time\" content=\"2020-01-15T08:38:31+00:00\" \/>\n<meta property=\"og:image\" content=\"https:\/\/www.darrera.com\/wp-content\/uploads\/fields-activity-meteorology.jpg\" \/>\n\t<meta property=\"og:image:width\" content=\"848\" \/>\n\t<meta property=\"og:image:height\" content=\"566\" \/>\n\t<meta property=\"og:image:type\" content=\"image\/jpeg\" \/>\n<meta name=\"twitter:card\" content=\"summary_large_image\" \/>\n<meta name=\"twitter:site\" content=\"@darrera_meteo\" \/>\n<meta name=\"twitter:label1\" content=\"Tiempo de lectura\" \/>\n\t<meta name=\"twitter:data1\" content=\"1 minuto\" \/>\n<script type=\"application\/ld+json\" class=\"yoast-schema-graph\">{\"@context\":\"https:\\\/\\\/schema.org\",\"@graph\":[{\"@type\":\"WebPage\",\"@id\":\"https:\\\/\\\/www.darrera.com\\\/es\\\/areas-actividad\\\/meteorologia\\\/\",\"url\":\"https:\\\/\\\/www.darrera.com\\\/es\\\/areas-actividad\\\/meteorologia\\\/\",\"name\":\"Meteorolog\u00eda | Darrera\",\"isPartOf\":{\"@id\":\"https:\\\/\\\/www.darrera.com\\\/es\\\/#website\"},\"primaryImageOfPage\":{\"@id\":\"https:\\\/\\\/www.darrera.com\\\/es\\\/areas-actividad\\\/meteorologia\\\/#primaryimage\"},\"image\":{\"@id\":\"https:\\\/\\\/www.darrera.com\\\/es\\\/areas-actividad\\\/meteorologia\\\/#primaryimage\"},\"thumbnailUrl\":\"https:\\\/\\\/www.darrera.com\\\/wp-content\\\/uploads\\\/fields-activity-meteorology.jpg\",\"datePublished\":\"2017-05-22T10:17:42+00:00\",\"dateModified\":\"2020-01-15T08:38:31+00:00\",\"breadcrumb\":{\"@id\":\"https:\\\/\\\/www.darrera.com\\\/es\\\/areas-actividad\\\/meteorologia\\\/#breadcrumb\"},\"inLanguage\":\"es\",\"potentialAction\":[{\"@type\":\"ReadAction\",\"target\":[\"https:\\\/\\\/www.darrera.com\\\/es\\\/areas-actividad\\\/meteorologia\\\/\"]}]},{\"@type\":\"ImageObject\",\"inLanguage\":\"es\",\"@id\":\"https:\\\/\\\/www.darrera.com\\\/es\\\/areas-actividad\\\/meteorologia\\\/#primaryimage\",\"url\":\"https:\\\/\\\/www.darrera.com\\\/wp-content\\\/uploads\\\/fields-activity-meteorology.jpg\",\"contentUrl\":\"https:\\\/\\\/www.darrera.com\\\/wp-content\\\/uploads\\\/fields-activity-meteorology.jpg\",\"width\":848,\"height\":566,\"caption\":\"Meteorolog\u00eda\"},{\"@type\":\"BreadcrumbList\",\"@id\":\"https:\\\/\\\/www.darrera.com\\\/es\\\/areas-actividad\\\/meteorologia\\\/#breadcrumb\",\"itemListElement\":[{\"@type\":\"ListItem\",\"position\":1,\"name\":\"Home\",\"item\":\"https:\\\/\\\/www.darrera.com\\\/es\\\/\"},{\"@type\":\"ListItem\",\"position\":2,\"name\":\"\u00c1reas de Actividad\",\"item\":\"https:\\\/\\\/www.darrera.com\\\/es\\\/areas-actividad\\\/\"},{\"@type\":\"ListItem\",\"position\":3,\"name\":\"Meteorolog\u00eda\"}]},{\"@type\":\"WebSite\",\"@id\":\"https:\\\/\\\/www.darrera.com\\\/es\\\/#website\",\"url\":\"https:\\\/\\\/www.darrera.com\\\/es\\\/\",\"name\":\"Darrera\",\"description\":\"Instrumentos, soluciones y servicios meteorol\u00f3gicos\",\"publisher\":{\"@id\":\"https:\\\/\\\/www.darrera.com\\\/es\\\/#organization\"},\"potentialAction\":[{\"@type\":\"SearchAction\",\"target\":{\"@type\":\"EntryPoint\",\"urlTemplate\":\"https:\\\/\\\/www.darrera.com\\\/es\\\/?s={search_term_string}\"},\"query-input\":{\"@type\":\"PropertyValueSpecification\",\"valueRequired\":true,\"valueName\":\"search_term_string\"}}],\"inLanguage\":\"es\"},{\"@type\":\"Organization\",\"@id\":\"https:\\\/\\\/www.darrera.com\\\/es\\\/#organization\",\"name\":\"Darrera\",\"url\":\"https:\\\/\\\/www.darrera.com\\\/es\\\/\",\"logo\":{\"@type\":\"ImageObject\",\"inLanguage\":\"es\",\"@id\":\"https:\\\/\\\/www.darrera.com\\\/es\\\/#\\\/schema\\\/logo\\\/image\\\/\",\"url\":\"https:\\\/\\\/www.darrera.com\\\/wp\\\/wp-content\\\/uploads\\\/logo-darrera.png\",\"contentUrl\":\"https:\\\/\\\/www.darrera.com\\\/wp\\\/wp-content\\\/uploads\\\/logo-darrera.png\",\"width\":500,\"height\":85,\"caption\":\"Darrera\"},\"image\":{\"@id\":\"https:\\\/\\\/www.darrera.com\\\/es\\\/#\\\/schema\\\/logo\\\/image\\\/\"},\"sameAs\":[\"http:\\\/\\\/facebook.com\\\/darrerameteo\",\"https:\\\/\\\/x.com\\\/darrera_meteo\",\"https:\\\/\\\/www.linkedin.com\\\/company\\\/darrera-s-a-\",\"http:\\\/\\\/youtube.com\\\/darreratv\"]}]}<\/script>\n<!-- \/ Yoast SEO plugin. -->","yoast_head_json":{"title":"Meteorolog\u00eda | Darrera","robots":{"index":"index","follow":"follow","max-snippet":"max-snippet:-1","max-image-preview":"max-image-preview:large","max-video-preview":"max-video-preview:-1"},"canonical":"https:\/\/www.darrera.com\/es\/areas-actividad\/meteorologia\/","og_locale":"es_ES","og_type":"article","og_title":"Meteorolog\u00eda | Darrera","og_description":"Ofrecemos sistemas meteorol\u00f3gicos probados en campo y dise\u00f1ados para ayudar a nuestros clientes a lograr sus objetivos en cualquier aplicaci\u00f3n meteorol\u00f3gica.","og_url":"https:\/\/www.darrera.com\/es\/areas-actividad\/meteorologia\/","og_site_name":"Darrera","article_publisher":"http:\/\/facebook.com\/darrerameteo","article_modified_time":"2020-01-15T08:38:31+00:00","og_image":[{"width":848,"height":566,"url":"https:\/\/www.darrera.com\/wp-content\/uploads\/fields-activity-meteorology.jpg","type":"image\/jpeg"}],"twitter_card":"summary_large_image","twitter_site":"@darrera_meteo","twitter_misc":{"Tiempo de lectura":"1 minuto"},"schema":{"@context":"https:\/\/schema.org","@graph":[{"@type":"WebPage","@id":"https:\/\/www.darrera.com\/es\/areas-actividad\/meteorologia\/","url":"https:\/\/www.darrera.com\/es\/areas-actividad\/meteorologia\/","name":"Meteorolog\u00eda | Darrera","isPartOf":{"@id":"https:\/\/www.darrera.com\/es\/#website"},"primaryImageOfPage":{"@id":"https:\/\/www.darrera.com\/es\/areas-actividad\/meteorologia\/#primaryimage"},"image":{"@id":"https:\/\/www.darrera.com\/es\/areas-actividad\/meteorologia\/#primaryimage"},"thumbnailUrl":"https:\/\/www.darrera.com\/wp-content\/uploads\/fields-activity-meteorology.jpg","datePublished":"2017-05-22T10:17:42+00:00","dateModified":"2020-01-15T08:38:31+00:00","breadcrumb":{"@id":"https:\/\/www.darrera.com\/es\/areas-actividad\/meteorologia\/#breadcrumb"},"inLanguage":"es","potentialAction":[{"@type":"ReadAction","target":["https:\/\/www.darrera.com\/es\/areas-actividad\/meteorologia\/"]}]},{"@type":"ImageObject","inLanguage":"es","@id":"https:\/\/www.darrera.com\/es\/areas-actividad\/meteorologia\/#primaryimage","url":"https:\/\/www.darrera.com\/wp-content\/uploads\/fields-activity-meteorology.jpg","contentUrl":"https:\/\/www.darrera.com\/wp-content\/uploads\/fields-activity-meteorology.jpg","width":848,"height":566,"caption":"Meteorolog\u00eda"},{"@type":"BreadcrumbList","@id":"https:\/\/www.darrera.com\/es\/areas-actividad\/meteorologia\/#breadcrumb","itemListElement":[{"@type":"ListItem","position":1,"name":"Home","item":"https:\/\/www.darrera.com\/es\/"},{"@type":"ListItem","position":2,"name":"\u00c1reas de Actividad","item":"https:\/\/www.darrera.com\/es\/areas-actividad\/"},{"@type":"ListItem","position":3,"name":"Meteorolog\u00eda"}]},{"@type":"WebSite","@id":"https:\/\/www.darrera.com\/es\/#website","url":"https:\/\/www.darrera.com\/es\/","name":"Darrera","description":"Instrumentos, soluciones y servicios meteorol\u00f3gicos","publisher":{"@id":"https:\/\/www.darrera.com\/es\/#organization"},"potentialAction":[{"@type":"SearchAction","target":{"@type":"EntryPoint","urlTemplate":"https:\/\/www.darrera.com\/es\/?s={search_term_string}"},"query-input":{"@type":"PropertyValueSpecification","valueRequired":true,"valueName":"search_term_string"}}],"inLanguage":"es"},{"@type":"Organization","@id":"https:\/\/www.darrera.com\/es\/#organization","name":"Darrera","url":"https:\/\/www.darrera.com\/es\/","logo":{"@type":"ImageObject","inLanguage":"es","@id":"https:\/\/www.darrera.com\/es\/#\/schema\/logo\/image\/","url":"https:\/\/www.darrera.com\/wp\/wp-content\/uploads\/logo-darrera.png","contentUrl":"https:\/\/www.darrera.com\/wp\/wp-content\/uploads\/logo-darrera.png","width":500,"height":85,"caption":"Darrera"},"image":{"@id":"https:\/\/www.darrera.com\/es\/#\/schema\/logo\/image\/"},"sameAs":["http:\/\/facebook.com\/darrerameteo","https:\/\/x.com\/darrera_meteo","https:\/\/www.linkedin.com\/company\/darrera-s-a-","http:\/\/youtube.com\/darreratv"]}]}},"_links":{"self":[{"href":"https:\/\/www.darrera.com\/es\/wp-json\/wp\/v2\/pages\/545","targetHints":{"allow":["GET"]}}],"collection":[{"href":"https:\/\/www.darrera.com\/es\/wp-json\/wp\/v2\/pages"}],"about":[{"href":"https:\/\/www.darrera.com\/es\/wp-json\/wp\/v2\/types\/page"}],"author":[{"embeddable":true,"href":"https:\/\/www.darrera.com\/es\/wp-json\/wp\/v2\/users\/1"}],"replies":[{"embeddable":true,"href":"https:\/\/www.darrera.com\/es\/wp-json\/wp\/v2\/comments?post=545"}],"version-history":[{"count":4,"href":"https:\/\/www.darrera.com\/es\/wp-json\/wp\/v2\/pages\/545\/revisions"}],"predecessor-version":[{"id":3646,"href":"https:\/\/www.darrera.com\/es\/wp-json\/wp\/v2\/pages\/545\/revisions\/3646"}],"up":[{"embeddable":true,"href":"https:\/\/www.darrera.com\/es\/wp-json\/wp\/v2\/pages\/525"}],"wp:featuredmedia":[{"embeddable":true,"href":"https:\/\/www.darrera.com\/es\/wp-json\/wp\/v2\/media\/1675"}],"wp:attachment":[{"href":"https:\/\/www.darrera.com\/es\/wp-json\/wp\/v2\/media?parent=545"}],"curies":[{"name":"wp","href":"https:\/\/api.w.org\/{rel}","templated":true}]}}