{"id":550,"date":"2017-05-22T12:19:35","date_gmt":"2017-05-22T10:19:35","guid":{"rendered":"http:\/\/www.darrera.com\/wp\/?page_id=550\/"},"modified":"2023-05-17T10:19:40","modified_gmt":"2023-05-17T08:19:40","slug":"energias-renovables","status":"publish","type":"page","link":"https:\/\/www.darrera.com\/es\/areas-actividad\/energias-renovables\/","title":{"rendered":"Energ\u00edas Renovables"},"content":{"rendered":"<h2>Dotamos a la industria de las energ\u00edas renovables de sensores y dataloggers de alta calidad para la evaluaci\u00f3n preliminar de sitios e\u00f3licos y solares.<\/h2>\n<p>El petr\u00f3leo, el carb\u00f3n y el gas natural son los tres combustibles f\u00f3siles de los que m\u00e1s dependemos para cubrir nuestra demanda energ\u00e9tica, desde la calefacci\u00f3n y suministro el\u00e9ctrico del hogar hasta el combustible tanto para nuestros propios veh\u00edculos como para el transporte p\u00fablico. La quema de combustibles f\u00f3siles libera di\u00f3xido de carbono, el gas invernadero que m\u00e1s contribuye al calentamiento global. En el \u00c1rtico y la Ant\u00e1rtida el aumento de las temperaturas est\u00e1 provocando el derretimiento del hielo, lo que originar\u00e1 como consecuencia la subida del nivel del mar e impedir\u00e1 el asentamiento y la agricultura en las zonas costeras. La contaminaci\u00f3n atmosf\u00e9rica es tambi\u00e9n un resultado directo del uso de combustibles f\u00f3siles, conocidos por causar smog y el deterioro de la salud humana y los ecosistemas.<\/p>\n<p>Por el contrario, el uso de fuentes de energ\u00eda renovables contribuye a reducir las emisiones globales de di\u00f3xido de carbono y aporta flexibilidad al mix de recursos energ\u00e9ticos al reducir nuestra dependencia de las reservas limitadas de combustibles f\u00f3siles. El sol y el viento son fuentes de energ\u00eda id\u00f3neas, ya que son renovables, eficientes y no contaminantes.<\/p>\n<h3>Plantas de energ\u00eda solar<\/h3>\n<p>Darrera suministra sistemas meteorol\u00f3gicos que ayudan a evaluar y seleccionar ubicaciones potenciales para la construcci\u00f3n de plantas de energ\u00eda solar. Tambi\u00e9n ofrecemos soluciones para la monitorizaci\u00f3n en tiempo real del rendimiento general de instalaciones ya existentes y para la protecci\u00f3n de seguidores solares frente a condiciones meteorol\u00f3gicas adversas que puedan ocasionar da\u00f1os materiales.<\/p>\n<h3>Parques e\u00f3licos<\/h3>\n<p>Al igual que sucede con las plantas de energ\u00eda solar, la ubicaci\u00f3n de un nuevo parque e\u00f3lico determina su capacidad y rendimiento futuros. Nuestros sistemas meteorol\u00f3gicos ayudan a determinar el lugar m\u00e1s id\u00f3neo para el parque e\u00f3lico en base a la distribuci\u00f3n real del viento, y permiten tambi\u00e9n controlar su rendimiento una vez en funcionamiento.<\/p>\n","protected":false},"excerpt":{"rendered":"<p>Dotamos a la industria de las energ\u00edas renovables de sensores y dataloggers de alta calidad para la evaluaci\u00f3n preliminar de sitios e\u00f3licos y solares.<\/p>\n","protected":false},"author":1,"featured_media":396,"parent":525,"menu_order":0,"comment_status":"closed","ping_status":"closed","template":"","meta":{"footnotes":""},"class_list":["post-550","page","type-page","status-publish","has-post-thumbnail","hentry"],"yoast_head":"<!-- This site is optimized with the Yoast SEO plugin v27.5 - https:\/\/yoast.com\/product\/yoast-seo-wordpress\/ -->\n<title>Energ\u00edas Renovables | Darrera<\/title>\n<meta name=\"robots\" content=\"index, follow, max-snippet:-1, max-image-preview:large, max-video-preview:-1\" \/>\n<link rel=\"canonical\" href=\"https:\/\/www.darrera.com\/es\/areas-actividad\/energias-renovables\/\" \/>\n<meta property=\"og:locale\" content=\"es_ES\" \/>\n<meta property=\"og:type\" content=\"article\" \/>\n<meta property=\"og:title\" content=\"Energ\u00edas Renovables | Darrera\" \/>\n<meta property=\"og:description\" content=\"Dotamos a la industria de las energ\u00edas renovables de sensores y dataloggers de alta calidad para la evaluaci\u00f3n preliminar de sitios e\u00f3licos y solares.\" \/>\n<meta property=\"og:url\" content=\"https:\/\/www.darrera.com\/es\/areas-actividad\/energias-renovables\/\" \/>\n<meta property=\"og:site_name\" content=\"Darrera\" \/>\n<meta property=\"article:publisher\" content=\"http:\/\/facebook.com\/darrerameteo\" \/>\n<meta property=\"article:modified_time\" content=\"2023-05-17T08:19:40+00:00\" \/>\n<meta property=\"og:image\" content=\"https:\/\/www.darrera.com\/wp-content\/uploads\/fields-activity-renewable-energies.jpg\" \/>\n\t<meta property=\"og:image:width\" content=\"848\" \/>\n\t<meta property=\"og:image:height\" content=\"566\" \/>\n\t<meta property=\"og:image:type\" content=\"image\/jpeg\" \/>\n<meta name=\"twitter:card\" content=\"summary_large_image\" \/>\n<meta name=\"twitter:site\" content=\"@darrera_meteo\" \/>\n<meta name=\"twitter:label1\" content=\"Tiempo de lectura\" \/>\n\t<meta name=\"twitter:data1\" content=\"2 minutos\" \/>\n<script type=\"application\/ld+json\" class=\"yoast-schema-graph\">{\"@context\":\"https:\\\/\\\/schema.org\",\"@graph\":[{\"@type\":\"WebPage\",\"@id\":\"https:\\\/\\\/www.darrera.com\\\/es\\\/areas-actividad\\\/energias-renovables\\\/\",\"url\":\"https:\\\/\\\/www.darrera.com\\\/es\\\/areas-actividad\\\/energias-renovables\\\/\",\"name\":\"Energ\u00edas Renovables | Darrera\",\"isPartOf\":{\"@id\":\"https:\\\/\\\/www.darrera.com\\\/es\\\/#website\"},\"primaryImageOfPage\":{\"@id\":\"https:\\\/\\\/www.darrera.com\\\/es\\\/areas-actividad\\\/energias-renovables\\\/#primaryimage\"},\"image\":{\"@id\":\"https:\\\/\\\/www.darrera.com\\\/es\\\/areas-actividad\\\/energias-renovables\\\/#primaryimage\"},\"thumbnailUrl\":\"https:\\\/\\\/www.darrera.com\\\/wp-content\\\/uploads\\\/fields-activity-renewable-energies.jpg\",\"datePublished\":\"2017-05-22T10:19:35+00:00\",\"dateModified\":\"2023-05-17T08:19:40+00:00\",\"breadcrumb\":{\"@id\":\"https:\\\/\\\/www.darrera.com\\\/es\\\/areas-actividad\\\/energias-renovables\\\/#breadcrumb\"},\"inLanguage\":\"es\",\"potentialAction\":[{\"@type\":\"ReadAction\",\"target\":[\"https:\\\/\\\/www.darrera.com\\\/es\\\/areas-actividad\\\/energias-renovables\\\/\"]}]},{\"@type\":\"ImageObject\",\"inLanguage\":\"es\",\"@id\":\"https:\\\/\\\/www.darrera.com\\\/es\\\/areas-actividad\\\/energias-renovables\\\/#primaryimage\",\"url\":\"https:\\\/\\\/www.darrera.com\\\/wp-content\\\/uploads\\\/fields-activity-renewable-energies.jpg\",\"contentUrl\":\"https:\\\/\\\/www.darrera.com\\\/wp-content\\\/uploads\\\/fields-activity-renewable-energies.jpg\",\"width\":848,\"height\":566,\"caption\":\"Energ\u00edas Renovables\"},{\"@type\":\"BreadcrumbList\",\"@id\":\"https:\\\/\\\/www.darrera.com\\\/es\\\/areas-actividad\\\/energias-renovables\\\/#breadcrumb\",\"itemListElement\":[{\"@type\":\"ListItem\",\"position\":1,\"name\":\"Home\",\"item\":\"https:\\\/\\\/www.darrera.com\\\/es\\\/\"},{\"@type\":\"ListItem\",\"position\":2,\"name\":\"\u00c1reas de Actividad\",\"item\":\"https:\\\/\\\/www.darrera.com\\\/es\\\/areas-actividad\\\/\"},{\"@type\":\"ListItem\",\"position\":3,\"name\":\"Energ\u00edas Renovables\"}]},{\"@type\":\"WebSite\",\"@id\":\"https:\\\/\\\/www.darrera.com\\\/es\\\/#website\",\"url\":\"https:\\\/\\\/www.darrera.com\\\/es\\\/\",\"name\":\"Darrera\",\"description\":\"Instrumentos, soluciones y servicios meteorol\u00f3gicos\",\"publisher\":{\"@id\":\"https:\\\/\\\/www.darrera.com\\\/es\\\/#organization\"},\"potentialAction\":[{\"@type\":\"SearchAction\",\"target\":{\"@type\":\"EntryPoint\",\"urlTemplate\":\"https:\\\/\\\/www.darrera.com\\\/es\\\/?s={search_term_string}\"},\"query-input\":{\"@type\":\"PropertyValueSpecification\",\"valueRequired\":true,\"valueName\":\"search_term_string\"}}],\"inLanguage\":\"es\"},{\"@type\":\"Organization\",\"@id\":\"https:\\\/\\\/www.darrera.com\\\/es\\\/#organization\",\"name\":\"Darrera\",\"url\":\"https:\\\/\\\/www.darrera.com\\\/es\\\/\",\"logo\":{\"@type\":\"ImageObject\",\"inLanguage\":\"es\",\"@id\":\"https:\\\/\\\/www.darrera.com\\\/es\\\/#\\\/schema\\\/logo\\\/image\\\/\",\"url\":\"https:\\\/\\\/www.darrera.com\\\/wp\\\/wp-content\\\/uploads\\\/logo-darrera.png\",\"contentUrl\":\"https:\\\/\\\/www.darrera.com\\\/wp\\\/wp-content\\\/uploads\\\/logo-darrera.png\",\"width\":500,\"height\":85,\"caption\":\"Darrera\"},\"image\":{\"@id\":\"https:\\\/\\\/www.darrera.com\\\/es\\\/#\\\/schema\\\/logo\\\/image\\\/\"},\"sameAs\":[\"http:\\\/\\\/facebook.com\\\/darrerameteo\",\"https:\\\/\\\/x.com\\\/darrera_meteo\",\"https:\\\/\\\/www.linkedin.com\\\/company\\\/darrera-s-a-\",\"http:\\\/\\\/youtube.com\\\/darreratv\"]}]}<\/script>\n<!-- \/ Yoast SEO plugin. -->","yoast_head_json":{"title":"Energ\u00edas Renovables | Darrera","robots":{"index":"index","follow":"follow","max-snippet":"max-snippet:-1","max-image-preview":"max-image-preview:large","max-video-preview":"max-video-preview:-1"},"canonical":"https:\/\/www.darrera.com\/es\/areas-actividad\/energias-renovables\/","og_locale":"es_ES","og_type":"article","og_title":"Energ\u00edas Renovables | Darrera","og_description":"Dotamos a la industria de las energ\u00edas renovables de sensores y dataloggers de alta calidad para la evaluaci\u00f3n preliminar de sitios e\u00f3licos y solares.","og_url":"https:\/\/www.darrera.com\/es\/areas-actividad\/energias-renovables\/","og_site_name":"Darrera","article_publisher":"http:\/\/facebook.com\/darrerameteo","article_modified_time":"2023-05-17T08:19:40+00:00","og_image":[{"width":848,"height":566,"url":"https:\/\/www.darrera.com\/wp-content\/uploads\/fields-activity-renewable-energies.jpg","type":"image\/jpeg"}],"twitter_card":"summary_large_image","twitter_site":"@darrera_meteo","twitter_misc":{"Tiempo de lectura":"2 minutos"},"schema":{"@context":"https:\/\/schema.org","@graph":[{"@type":"WebPage","@id":"https:\/\/www.darrera.com\/es\/areas-actividad\/energias-renovables\/","url":"https:\/\/www.darrera.com\/es\/areas-actividad\/energias-renovables\/","name":"Energ\u00edas Renovables | Darrera","isPartOf":{"@id":"https:\/\/www.darrera.com\/es\/#website"},"primaryImageOfPage":{"@id":"https:\/\/www.darrera.com\/es\/areas-actividad\/energias-renovables\/#primaryimage"},"image":{"@id":"https:\/\/www.darrera.com\/es\/areas-actividad\/energias-renovables\/#primaryimage"},"thumbnailUrl":"https:\/\/www.darrera.com\/wp-content\/uploads\/fields-activity-renewable-energies.jpg","datePublished":"2017-05-22T10:19:35+00:00","dateModified":"2023-05-17T08:19:40+00:00","breadcrumb":{"@id":"https:\/\/www.darrera.com\/es\/areas-actividad\/energias-renovables\/#breadcrumb"},"inLanguage":"es","potentialAction":[{"@type":"ReadAction","target":["https:\/\/www.darrera.com\/es\/areas-actividad\/energias-renovables\/"]}]},{"@type":"ImageObject","inLanguage":"es","@id":"https:\/\/www.darrera.com\/es\/areas-actividad\/energias-renovables\/#primaryimage","url":"https:\/\/www.darrera.com\/wp-content\/uploads\/fields-activity-renewable-energies.jpg","contentUrl":"https:\/\/www.darrera.com\/wp-content\/uploads\/fields-activity-renewable-energies.jpg","width":848,"height":566,"caption":"Energ\u00edas Renovables"},{"@type":"BreadcrumbList","@id":"https:\/\/www.darrera.com\/es\/areas-actividad\/energias-renovables\/#breadcrumb","itemListElement":[{"@type":"ListItem","position":1,"name":"Home","item":"https:\/\/www.darrera.com\/es\/"},{"@type":"ListItem","position":2,"name":"\u00c1reas de Actividad","item":"https:\/\/www.darrera.com\/es\/areas-actividad\/"},{"@type":"ListItem","position":3,"name":"Energ\u00edas Renovables"}]},{"@type":"WebSite","@id":"https:\/\/www.darrera.com\/es\/#website","url":"https:\/\/www.darrera.com\/es\/","name":"Darrera","description":"Instrumentos, soluciones y servicios meteorol\u00f3gicos","publisher":{"@id":"https:\/\/www.darrera.com\/es\/#organization"},"potentialAction":[{"@type":"SearchAction","target":{"@type":"EntryPoint","urlTemplate":"https:\/\/www.darrera.com\/es\/?s={search_term_string}"},"query-input":{"@type":"PropertyValueSpecification","valueRequired":true,"valueName":"search_term_string"}}],"inLanguage":"es"},{"@type":"Organization","@id":"https:\/\/www.darrera.com\/es\/#organization","name":"Darrera","url":"https:\/\/www.darrera.com\/es\/","logo":{"@type":"ImageObject","inLanguage":"es","@id":"https:\/\/www.darrera.com\/es\/#\/schema\/logo\/image\/","url":"https:\/\/www.darrera.com\/wp\/wp-content\/uploads\/logo-darrera.png","contentUrl":"https:\/\/www.darrera.com\/wp\/wp-content\/uploads\/logo-darrera.png","width":500,"height":85,"caption":"Darrera"},"image":{"@id":"https:\/\/www.darrera.com\/es\/#\/schema\/logo\/image\/"},"sameAs":["http:\/\/facebook.com\/darrerameteo","https:\/\/x.com\/darrera_meteo","https:\/\/www.linkedin.com\/company\/darrera-s-a-","http:\/\/youtube.com\/darreratv"]}]}},"_links":{"self":[{"href":"https:\/\/www.darrera.com\/es\/wp-json\/wp\/v2\/pages\/550","targetHints":{"allow":["GET"]}}],"collection":[{"href":"https:\/\/www.darrera.com\/es\/wp-json\/wp\/v2\/pages"}],"about":[{"href":"https:\/\/www.darrera.com\/es\/wp-json\/wp\/v2\/types\/page"}],"author":[{"embeddable":true,"href":"https:\/\/www.darrera.com\/es\/wp-json\/wp\/v2\/users\/1"}],"replies":[{"embeddable":true,"href":"https:\/\/www.darrera.com\/es\/wp-json\/wp\/v2\/comments?post=550"}],"version-history":[{"count":7,"href":"https:\/\/www.darrera.com\/es\/wp-json\/wp\/v2\/pages\/550\/revisions"}],"predecessor-version":[{"id":5473,"href":"https:\/\/www.darrera.com\/es\/wp-json\/wp\/v2\/pages\/550\/revisions\/5473"}],"up":[{"embeddable":true,"href":"https:\/\/www.darrera.com\/es\/wp-json\/wp\/v2\/pages\/525"}],"wp:featuredmedia":[{"embeddable":true,"href":"https:\/\/www.darrera.com\/es\/wp-json\/wp\/v2\/media\/396"}],"wp:attachment":[{"href":"https:\/\/www.darrera.com\/es\/wp-json\/wp\/v2\/media?parent=550"}],"curies":[{"name":"wp","href":"https:\/\/api.w.org\/{rel}","templated":true}]}}