{"id":553,"date":"2017-05-22T12:20:22","date_gmt":"2017-05-22T10:20:22","guid":{"rendered":"http:\/\/www.darrera.com\/wp\/?page_id=553\/"},"modified":"2023-05-09T15:03:03","modified_gmt":"2023-05-09T13:03:03","slug":"monitorizacion-carreteras-vias-tren","status":"publish","type":"page","link":"https:\/\/www.darrera.com\/es\/areas-actividad\/monitorizacion-carreteras-vias-tren\/","title":{"rendered":"Monitorizaci\u00f3n de Carreteras y V\u00edas de Tren"},"content":{"rendered":"<h2>Nuestras soluciones de monitorizaci\u00f3n permiten medir la temperatura, estado, visibilidad, viento y precipitaci\u00f3n en carreteras y v\u00edas de tren para mejorar la seguridad.<\/h2>\n<p>Las carreteras y v\u00edas f\u00e9rreas est\u00e1n expuestos a las influencias meteorol\u00f3gicas durante todo el a\u00f1o. La baja visibilidad, vientos fuertes, lluvias intensas o episodios de nieve tienen un elevado impacto en las redes de carreteras y ferrocarriles y pueden originar grandes costes econ\u00f3micos como consecuencia de retrasos, p\u00e9rdidas de energ\u00eda y da\u00f1os a la infraestructura.<\/p>\n<p>Darrera suministra soluciones de monitorizaci\u00f3n meteorol\u00f3gica que ayudan al personal de mantenimiento a mitigar los efectos de las condiciones meteorol\u00f3gicas en las carreteras y v\u00edas de tren, incluyendo los cambios de agujas y catenarias, con el fin de garantizar en todo momento un correcto funcionamiento y la seguridad de los pasajeros y veh\u00edculos.<\/p>\n<p>Nuestras estaciones meteorol\u00f3gicas se instalan en distintos puntos de una misma carretera o l\u00ednea de tren y ayudan a evitar retrasos innecesarios asegurando que las restricciones de tr\u00e1fico y velocidad sean aplicadas \u00fanicamente en aquellos tramos afectados por la meteorolog\u00eda. El conjunto de sensores est\u00e1ndar mide las variables meteorol\u00f3gicas que m\u00e1s afectan a la infraestructura de carreteras y ferrocarriles, y puede ampliarse con sensores adicionales para obtener datos de otros par\u00e1metros relevantes como la temperatura y estado de la carretera y v\u00eda de tren, altura de la nieve y tiempo presente.<\/p>\n<p><strong>Beneficios para el cliente<\/strong><\/p>\n<ul>\n<li>Red de estaciones remotas.<\/li>\n<li>Mediciones y disponibilidad de los datos en tiempo real.<\/li>\n<li>Plataforma online para el an\u00e1lisis y descarga de los datos.<\/li>\n<li>Sistema de alerta temprana para prevenir p\u00e9rdidas.<\/li>\n<\/ul>\n","protected":false},"excerpt":{"rendered":"<p>Nuestras soluciones de monitorizaci\u00f3n permiten medir la temperatura, estado, visibilidad, viento y precipitaci\u00f3n en carreteras y v\u00edas de tren para mejorar la seguridad.<\/p>\n","protected":false},"author":1,"featured_media":397,"parent":525,"menu_order":0,"comment_status":"closed","ping_status":"closed","template":"","meta":{"footnotes":""},"class_list":["post-553","page","type-page","status-publish","has-post-thumbnail","hentry"],"yoast_head":"<!-- This site is optimized with the Yoast SEO plugin v27.5 - https:\/\/yoast.com\/product\/yoast-seo-wordpress\/ -->\n<title>Monitorizaci\u00f3n de Carreteras y V\u00edas de Tren | Darrera<\/title>\n<meta name=\"robots\" content=\"index, follow, max-snippet:-1, max-image-preview:large, max-video-preview:-1\" \/>\n<link rel=\"canonical\" href=\"https:\/\/www.darrera.com\/es\/areas-actividad\/monitorizacion-carreteras-vias-tren\/\" \/>\n<meta property=\"og:locale\" content=\"es_ES\" \/>\n<meta property=\"og:type\" content=\"article\" \/>\n<meta property=\"og:title\" content=\"Monitorizaci\u00f3n de Carreteras y V\u00edas de Tren | Darrera\" \/>\n<meta property=\"og:description\" content=\"Nuestras soluciones de monitorizaci\u00f3n permiten medir la temperatura, estado, visibilidad, viento y precipitaci\u00f3n en carreteras y v\u00edas de tren para mejorar la seguridad.\" \/>\n<meta property=\"og:url\" content=\"https:\/\/www.darrera.com\/es\/areas-actividad\/monitorizacion-carreteras-vias-tren\/\" \/>\n<meta property=\"og:site_name\" content=\"Darrera\" \/>\n<meta property=\"article:publisher\" content=\"http:\/\/facebook.com\/darrerameteo\" \/>\n<meta property=\"article:modified_time\" content=\"2023-05-09T13:03:03+00:00\" \/>\n<meta property=\"og:image\" content=\"https:\/\/www.darrera.com\/wp-content\/uploads\/fields-activity-road-railway-monitoring.jpg\" \/>\n\t<meta property=\"og:image:width\" content=\"848\" \/>\n\t<meta property=\"og:image:height\" content=\"566\" \/>\n\t<meta property=\"og:image:type\" content=\"image\/jpeg\" \/>\n<meta name=\"twitter:card\" content=\"summary_large_image\" \/>\n<meta name=\"twitter:site\" content=\"@darrera_meteo\" \/>\n<meta name=\"twitter:label1\" content=\"Tiempo de lectura\" \/>\n\t<meta name=\"twitter:data1\" content=\"2 minutos\" \/>\n<script type=\"application\/ld+json\" class=\"yoast-schema-graph\">{\"@context\":\"https:\\\/\\\/schema.org\",\"@graph\":[{\"@type\":\"WebPage\",\"@id\":\"https:\\\/\\\/www.darrera.com\\\/es\\\/areas-actividad\\\/monitorizacion-carreteras-vias-tren\\\/\",\"url\":\"https:\\\/\\\/www.darrera.com\\\/es\\\/areas-actividad\\\/monitorizacion-carreteras-vias-tren\\\/\",\"name\":\"Monitorizaci\u00f3n de Carreteras y V\u00edas de Tren | Darrera\",\"isPartOf\":{\"@id\":\"https:\\\/\\\/www.darrera.com\\\/es\\\/#website\"},\"primaryImageOfPage\":{\"@id\":\"https:\\\/\\\/www.darrera.com\\\/es\\\/areas-actividad\\\/monitorizacion-carreteras-vias-tren\\\/#primaryimage\"},\"image\":{\"@id\":\"https:\\\/\\\/www.darrera.com\\\/es\\\/areas-actividad\\\/monitorizacion-carreteras-vias-tren\\\/#primaryimage\"},\"thumbnailUrl\":\"https:\\\/\\\/www.darrera.com\\\/wp-content\\\/uploads\\\/fields-activity-road-railway-monitoring.jpg\",\"datePublished\":\"2017-05-22T10:20:22+00:00\",\"dateModified\":\"2023-05-09T13:03:03+00:00\",\"breadcrumb\":{\"@id\":\"https:\\\/\\\/www.darrera.com\\\/es\\\/areas-actividad\\\/monitorizacion-carreteras-vias-tren\\\/#breadcrumb\"},\"inLanguage\":\"es\",\"potentialAction\":[{\"@type\":\"ReadAction\",\"target\":[\"https:\\\/\\\/www.darrera.com\\\/es\\\/areas-actividad\\\/monitorizacion-carreteras-vias-tren\\\/\"]}]},{\"@type\":\"ImageObject\",\"inLanguage\":\"es\",\"@id\":\"https:\\\/\\\/www.darrera.com\\\/es\\\/areas-actividad\\\/monitorizacion-carreteras-vias-tren\\\/#primaryimage\",\"url\":\"https:\\\/\\\/www.darrera.com\\\/wp-content\\\/uploads\\\/fields-activity-road-railway-monitoring.jpg\",\"contentUrl\":\"https:\\\/\\\/www.darrera.com\\\/wp-content\\\/uploads\\\/fields-activity-road-railway-monitoring.jpg\",\"width\":848,\"height\":566,\"caption\":\"Monitorizaci\u00f3n de Carreteras y V\u00edas de Tren\"},{\"@type\":\"BreadcrumbList\",\"@id\":\"https:\\\/\\\/www.darrera.com\\\/es\\\/areas-actividad\\\/monitorizacion-carreteras-vias-tren\\\/#breadcrumb\",\"itemListElement\":[{\"@type\":\"ListItem\",\"position\":1,\"name\":\"Home\",\"item\":\"https:\\\/\\\/www.darrera.com\\\/es\\\/\"},{\"@type\":\"ListItem\",\"position\":2,\"name\":\"\u00c1reas de Actividad\",\"item\":\"https:\\\/\\\/www.darrera.com\\\/es\\\/areas-actividad\\\/\"},{\"@type\":\"ListItem\",\"position\":3,\"name\":\"Monitorizaci\u00f3n de Carreteras y V\u00edas de Tren\"}]},{\"@type\":\"WebSite\",\"@id\":\"https:\\\/\\\/www.darrera.com\\\/es\\\/#website\",\"url\":\"https:\\\/\\\/www.darrera.com\\\/es\\\/\",\"name\":\"Darrera\",\"description\":\"Instrumentos, soluciones y servicios meteorol\u00f3gicos\",\"publisher\":{\"@id\":\"https:\\\/\\\/www.darrera.com\\\/es\\\/#organization\"},\"potentialAction\":[{\"@type\":\"SearchAction\",\"target\":{\"@type\":\"EntryPoint\",\"urlTemplate\":\"https:\\\/\\\/www.darrera.com\\\/es\\\/?s={search_term_string}\"},\"query-input\":{\"@type\":\"PropertyValueSpecification\",\"valueRequired\":true,\"valueName\":\"search_term_string\"}}],\"inLanguage\":\"es\"},{\"@type\":\"Organization\",\"@id\":\"https:\\\/\\\/www.darrera.com\\\/es\\\/#organization\",\"name\":\"Darrera\",\"url\":\"https:\\\/\\\/www.darrera.com\\\/es\\\/\",\"logo\":{\"@type\":\"ImageObject\",\"inLanguage\":\"es\",\"@id\":\"https:\\\/\\\/www.darrera.com\\\/es\\\/#\\\/schema\\\/logo\\\/image\\\/\",\"url\":\"https:\\\/\\\/www.darrera.com\\\/wp\\\/wp-content\\\/uploads\\\/logo-darrera.png\",\"contentUrl\":\"https:\\\/\\\/www.darrera.com\\\/wp\\\/wp-content\\\/uploads\\\/logo-darrera.png\",\"width\":500,\"height\":85,\"caption\":\"Darrera\"},\"image\":{\"@id\":\"https:\\\/\\\/www.darrera.com\\\/es\\\/#\\\/schema\\\/logo\\\/image\\\/\"},\"sameAs\":[\"http:\\\/\\\/facebook.com\\\/darrerameteo\",\"https:\\\/\\\/x.com\\\/darrera_meteo\",\"https:\\\/\\\/www.linkedin.com\\\/company\\\/darrera-s-a-\",\"http:\\\/\\\/youtube.com\\\/darreratv\"]}]}<\/script>\n<!-- \/ Yoast SEO plugin. -->","yoast_head_json":{"title":"Monitorizaci\u00f3n de Carreteras y V\u00edas de Tren | Darrera","robots":{"index":"index","follow":"follow","max-snippet":"max-snippet:-1","max-image-preview":"max-image-preview:large","max-video-preview":"max-video-preview:-1"},"canonical":"https:\/\/www.darrera.com\/es\/areas-actividad\/monitorizacion-carreteras-vias-tren\/","og_locale":"es_ES","og_type":"article","og_title":"Monitorizaci\u00f3n de Carreteras y V\u00edas de Tren | Darrera","og_description":"Nuestras soluciones de monitorizaci\u00f3n permiten medir la temperatura, estado, visibilidad, viento y precipitaci\u00f3n en carreteras y v\u00edas de tren para mejorar la seguridad.","og_url":"https:\/\/www.darrera.com\/es\/areas-actividad\/monitorizacion-carreteras-vias-tren\/","og_site_name":"Darrera","article_publisher":"http:\/\/facebook.com\/darrerameteo","article_modified_time":"2023-05-09T13:03:03+00:00","og_image":[{"width":848,"height":566,"url":"https:\/\/www.darrera.com\/wp-content\/uploads\/fields-activity-road-railway-monitoring.jpg","type":"image\/jpeg"}],"twitter_card":"summary_large_image","twitter_site":"@darrera_meteo","twitter_misc":{"Tiempo de lectura":"2 minutos"},"schema":{"@context":"https:\/\/schema.org","@graph":[{"@type":"WebPage","@id":"https:\/\/www.darrera.com\/es\/areas-actividad\/monitorizacion-carreteras-vias-tren\/","url":"https:\/\/www.darrera.com\/es\/areas-actividad\/monitorizacion-carreteras-vias-tren\/","name":"Monitorizaci\u00f3n de Carreteras y V\u00edas de Tren | Darrera","isPartOf":{"@id":"https:\/\/www.darrera.com\/es\/#website"},"primaryImageOfPage":{"@id":"https:\/\/www.darrera.com\/es\/areas-actividad\/monitorizacion-carreteras-vias-tren\/#primaryimage"},"image":{"@id":"https:\/\/www.darrera.com\/es\/areas-actividad\/monitorizacion-carreteras-vias-tren\/#primaryimage"},"thumbnailUrl":"https:\/\/www.darrera.com\/wp-content\/uploads\/fields-activity-road-railway-monitoring.jpg","datePublished":"2017-05-22T10:20:22+00:00","dateModified":"2023-05-09T13:03:03+00:00","breadcrumb":{"@id":"https:\/\/www.darrera.com\/es\/areas-actividad\/monitorizacion-carreteras-vias-tren\/#breadcrumb"},"inLanguage":"es","potentialAction":[{"@type":"ReadAction","target":["https:\/\/www.darrera.com\/es\/areas-actividad\/monitorizacion-carreteras-vias-tren\/"]}]},{"@type":"ImageObject","inLanguage":"es","@id":"https:\/\/www.darrera.com\/es\/areas-actividad\/monitorizacion-carreteras-vias-tren\/#primaryimage","url":"https:\/\/www.darrera.com\/wp-content\/uploads\/fields-activity-road-railway-monitoring.jpg","contentUrl":"https:\/\/www.darrera.com\/wp-content\/uploads\/fields-activity-road-railway-monitoring.jpg","width":848,"height":566,"caption":"Monitorizaci\u00f3n de Carreteras y V\u00edas de Tren"},{"@type":"BreadcrumbList","@id":"https:\/\/www.darrera.com\/es\/areas-actividad\/monitorizacion-carreteras-vias-tren\/#breadcrumb","itemListElement":[{"@type":"ListItem","position":1,"name":"Home","item":"https:\/\/www.darrera.com\/es\/"},{"@type":"ListItem","position":2,"name":"\u00c1reas de Actividad","item":"https:\/\/www.darrera.com\/es\/areas-actividad\/"},{"@type":"ListItem","position":3,"name":"Monitorizaci\u00f3n de Carreteras y V\u00edas de Tren"}]},{"@type":"WebSite","@id":"https:\/\/www.darrera.com\/es\/#website","url":"https:\/\/www.darrera.com\/es\/","name":"Darrera","description":"Instrumentos, soluciones y servicios meteorol\u00f3gicos","publisher":{"@id":"https:\/\/www.darrera.com\/es\/#organization"},"potentialAction":[{"@type":"SearchAction","target":{"@type":"EntryPoint","urlTemplate":"https:\/\/www.darrera.com\/es\/?s={search_term_string}"},"query-input":{"@type":"PropertyValueSpecification","valueRequired":true,"valueName":"search_term_string"}}],"inLanguage":"es"},{"@type":"Organization","@id":"https:\/\/www.darrera.com\/es\/#organization","name":"Darrera","url":"https:\/\/www.darrera.com\/es\/","logo":{"@type":"ImageObject","inLanguage":"es","@id":"https:\/\/www.darrera.com\/es\/#\/schema\/logo\/image\/","url":"https:\/\/www.darrera.com\/wp\/wp-content\/uploads\/logo-darrera.png","contentUrl":"https:\/\/www.darrera.com\/wp\/wp-content\/uploads\/logo-darrera.png","width":500,"height":85,"caption":"Darrera"},"image":{"@id":"https:\/\/www.darrera.com\/es\/#\/schema\/logo\/image\/"},"sameAs":["http:\/\/facebook.com\/darrerameteo","https:\/\/x.com\/darrera_meteo","https:\/\/www.linkedin.com\/company\/darrera-s-a-","http:\/\/youtube.com\/darreratv"]}]}},"_links":{"self":[{"href":"https:\/\/www.darrera.com\/es\/wp-json\/wp\/v2\/pages\/553","targetHints":{"allow":["GET"]}}],"collection":[{"href":"https:\/\/www.darrera.com\/es\/wp-json\/wp\/v2\/pages"}],"about":[{"href":"https:\/\/www.darrera.com\/es\/wp-json\/wp\/v2\/types\/page"}],"author":[{"embeddable":true,"href":"https:\/\/www.darrera.com\/es\/wp-json\/wp\/v2\/users\/1"}],"replies":[{"embeddable":true,"href":"https:\/\/www.darrera.com\/es\/wp-json\/wp\/v2\/comments?post=553"}],"version-history":[{"count":4,"href":"https:\/\/www.darrera.com\/es\/wp-json\/wp\/v2\/pages\/553\/revisions"}],"predecessor-version":[{"id":876,"href":"https:\/\/www.darrera.com\/es\/wp-json\/wp\/v2\/pages\/553\/revisions\/876"}],"up":[{"embeddable":true,"href":"https:\/\/www.darrera.com\/es\/wp-json\/wp\/v2\/pages\/525"}],"wp:featuredmedia":[{"embeddable":true,"href":"https:\/\/www.darrera.com\/es\/wp-json\/wp\/v2\/media\/397"}],"wp:attachment":[{"href":"https:\/\/www.darrera.com\/es\/wp-json\/wp\/v2\/media?parent=553"}],"curies":[{"name":"wp","href":"https:\/\/api.w.org\/{rel}","templated":true}]}}