{"id":557,"date":"2017-05-22T12:21:11","date_gmt":"2017-05-22T10:21:11","guid":{"rendered":"http:\/\/www.darrera.com\/wp\/?page_id=557\/"},"modified":"2023-05-17T10:27:45","modified_gmt":"2023-05-17T08:27:45","slug":"smart-cities-domotica","status":"publish","type":"page","link":"https:\/\/www.darrera.com\/es\/areas-actividad\/smart-cities-domotica\/","title":{"rendered":"Smart Cities y Dom\u00f3tica"},"content":{"rendered":"<h2>Suministramos diferentes soluciones Smart basadas en la tecnolog\u00eda m\u00e1s innovadora para mejorar la calidad de vida en el hogar y la ciudad.<\/h2>\n<p>En la actualidad, la mayor\u00eda de la poblaci\u00f3n mundial vive en zonas urbanas y la parte de la superficie de la Tierra cubierta por este tipo de entorno crece r\u00e1pidamente. El tama\u00f1o cada vez mayor de las ciudades plantea serias preocupaciones en cuanto a contaminaci\u00f3n, eficiencia energ\u00e9tica, vivienda, seguridad p\u00fablica e infraestructuras, que ya est\u00e1n siendo abordadas por gobiernos de todo el mundo mediante el aumento de la eficiencia y el fomento de la econom\u00eda ecol\u00f3gica.<\/p>\n<p>Darrera ofrece soluciones Smart que ayudan a mejorar la gesti\u00f3n de los activos y servicios de la ciudad con el objetivo de impulsar una vida m\u00e1s sostenible y saludable. Mediante el despliegue de extensas redes de sensores con sistemas de monitorizaci\u00f3n en tiempo real ayudamos a las autoridades municipales a recabar informaci\u00f3n sobre qu\u00e9 est\u00e1 sucediendo en la ciudad y como \u00e9sta evoluciona. Toda esta informaci\u00f3n es clave para mejorar la calidad, rendimiento e interactividad de los servicios urbanos, reducir los costes y el consumo de recursos y mejorar la interacci\u00f3n entre los ciudadanos y el gobierno local.<\/p>\n<p>Tambi\u00e9n proporcionamos sensores para el control y automatizaci\u00f3n de la iluminaci\u00f3n, calefacci\u00f3n, ventilaci\u00f3n y aire acondicionado en viviendas y edificios de todo tipo.<\/p>\n<p><strong>Beneficios para el cliente<\/strong><\/p>\n<ul>\n<li>Red de sensores inal\u00e1mbricos de bajo consumo.<\/li>\n<li>Diferentes tecnolog\u00edas y protocolos disponibles.<\/li>\n<li>Mediciones y disponibilidad de los datos en tiempo real.<\/li>\n<li>Plataforma online para el an\u00e1lisis y descarga de los datos.<\/li>\n<\/ul>\n","protected":false},"excerpt":{"rendered":"<p>Suministramos diferentes soluciones Smart basadas en la tecnolog\u00eda m\u00e1s innovadora para mejorar la calidad de vida en el hogar y la ciudad.<\/p>\n","protected":false},"author":1,"featured_media":398,"parent":525,"menu_order":0,"comment_status":"closed","ping_status":"closed","template":"","meta":{"footnotes":""},"class_list":["post-557","page","type-page","status-publish","has-post-thumbnail","hentry"],"yoast_head":"<!-- This site is optimized with the Yoast SEO plugin v27.4 - https:\/\/yoast.com\/product\/yoast-seo-wordpress\/ -->\n<title>Smart Cities y Dom\u00f3tica | Darrera<\/title>\n<meta name=\"robots\" content=\"index, follow, max-snippet:-1, max-image-preview:large, max-video-preview:-1\" \/>\n<link rel=\"canonical\" href=\"https:\/\/www.darrera.com\/es\/areas-actividad\/smart-cities-domotica\/\" \/>\n<meta property=\"og:locale\" content=\"es_ES\" \/>\n<meta property=\"og:type\" content=\"article\" \/>\n<meta property=\"og:title\" content=\"Smart Cities y Dom\u00f3tica | Darrera\" \/>\n<meta property=\"og:description\" content=\"Suministramos diferentes soluciones Smart basadas en la tecnolog\u00eda m\u00e1s innovadora para mejorar la calidad de vida en el hogar y la ciudad.\" \/>\n<meta property=\"og:url\" content=\"https:\/\/www.darrera.com\/es\/areas-actividad\/smart-cities-domotica\/\" \/>\n<meta property=\"og:site_name\" content=\"Darrera\" \/>\n<meta property=\"article:publisher\" content=\"http:\/\/facebook.com\/darrerameteo\" \/>\n<meta property=\"article:modified_time\" content=\"2023-05-17T08:27:45+00:00\" \/>\n<meta property=\"og:image\" content=\"https:\/\/www.darrera.com\/wp-content\/uploads\/fields-activity-smart-cities-home-automation.jpg\" \/>\n\t<meta property=\"og:image:width\" content=\"848\" \/>\n\t<meta property=\"og:image:height\" content=\"566\" \/>\n\t<meta property=\"og:image:type\" content=\"image\/jpeg\" \/>\n<meta name=\"twitter:card\" content=\"summary_large_image\" \/>\n<meta name=\"twitter:site\" content=\"@darrera_meteo\" \/>\n<meta name=\"twitter:label1\" content=\"Tiempo de lectura\" \/>\n\t<meta name=\"twitter:data1\" content=\"2 minutos\" \/>\n<script type=\"application\/ld+json\" class=\"yoast-schema-graph\">{\"@context\":\"https:\\\/\\\/schema.org\",\"@graph\":[{\"@type\":\"WebPage\",\"@id\":\"https:\\\/\\\/www.darrera.com\\\/es\\\/areas-actividad\\\/smart-cities-domotica\\\/\",\"url\":\"https:\\\/\\\/www.darrera.com\\\/es\\\/areas-actividad\\\/smart-cities-domotica\\\/\",\"name\":\"Smart Cities y Dom\u00f3tica | Darrera\",\"isPartOf\":{\"@id\":\"https:\\\/\\\/www.darrera.com\\\/es\\\/#website\"},\"primaryImageOfPage\":{\"@id\":\"https:\\\/\\\/www.darrera.com\\\/es\\\/areas-actividad\\\/smart-cities-domotica\\\/#primaryimage\"},\"image\":{\"@id\":\"https:\\\/\\\/www.darrera.com\\\/es\\\/areas-actividad\\\/smart-cities-domotica\\\/#primaryimage\"},\"thumbnailUrl\":\"https:\\\/\\\/www.darrera.com\\\/wp-content\\\/uploads\\\/fields-activity-smart-cities-home-automation.jpg\",\"datePublished\":\"2017-05-22T10:21:11+00:00\",\"dateModified\":\"2023-05-17T08:27:45+00:00\",\"breadcrumb\":{\"@id\":\"https:\\\/\\\/www.darrera.com\\\/es\\\/areas-actividad\\\/smart-cities-domotica\\\/#breadcrumb\"},\"inLanguage\":\"es\",\"potentialAction\":[{\"@type\":\"ReadAction\",\"target\":[\"https:\\\/\\\/www.darrera.com\\\/es\\\/areas-actividad\\\/smart-cities-domotica\\\/\"]}]},{\"@type\":\"ImageObject\",\"inLanguage\":\"es\",\"@id\":\"https:\\\/\\\/www.darrera.com\\\/es\\\/areas-actividad\\\/smart-cities-domotica\\\/#primaryimage\",\"url\":\"https:\\\/\\\/www.darrera.com\\\/wp-content\\\/uploads\\\/fields-activity-smart-cities-home-automation.jpg\",\"contentUrl\":\"https:\\\/\\\/www.darrera.com\\\/wp-content\\\/uploads\\\/fields-activity-smart-cities-home-automation.jpg\",\"width\":848,\"height\":566,\"caption\":\"Smart Cities y D\u00f3motica\"},{\"@type\":\"BreadcrumbList\",\"@id\":\"https:\\\/\\\/www.darrera.com\\\/es\\\/areas-actividad\\\/smart-cities-domotica\\\/#breadcrumb\",\"itemListElement\":[{\"@type\":\"ListItem\",\"position\":1,\"name\":\"Home\",\"item\":\"https:\\\/\\\/www.darrera.com\\\/es\\\/\"},{\"@type\":\"ListItem\",\"position\":2,\"name\":\"\u00c1reas de Actividad\",\"item\":\"https:\\\/\\\/www.darrera.com\\\/es\\\/areas-actividad\\\/\"},{\"@type\":\"ListItem\",\"position\":3,\"name\":\"Smart Cities y Dom\u00f3tica\"}]},{\"@type\":\"WebSite\",\"@id\":\"https:\\\/\\\/www.darrera.com\\\/es\\\/#website\",\"url\":\"https:\\\/\\\/www.darrera.com\\\/es\\\/\",\"name\":\"Darrera\",\"description\":\"Instrumentos, soluciones y servicios meteorol\u00f3gicos\",\"publisher\":{\"@id\":\"https:\\\/\\\/www.darrera.com\\\/es\\\/#organization\"},\"potentialAction\":[{\"@type\":\"SearchAction\",\"target\":{\"@type\":\"EntryPoint\",\"urlTemplate\":\"https:\\\/\\\/www.darrera.com\\\/es\\\/?s={search_term_string}\"},\"query-input\":{\"@type\":\"PropertyValueSpecification\",\"valueRequired\":true,\"valueName\":\"search_term_string\"}}],\"inLanguage\":\"es\"},{\"@type\":\"Organization\",\"@id\":\"https:\\\/\\\/www.darrera.com\\\/es\\\/#organization\",\"name\":\"Darrera\",\"url\":\"https:\\\/\\\/www.darrera.com\\\/es\\\/\",\"logo\":{\"@type\":\"ImageObject\",\"inLanguage\":\"es\",\"@id\":\"https:\\\/\\\/www.darrera.com\\\/es\\\/#\\\/schema\\\/logo\\\/image\\\/\",\"url\":\"https:\\\/\\\/www.darrera.com\\\/wp\\\/wp-content\\\/uploads\\\/logo-darrera.png\",\"contentUrl\":\"https:\\\/\\\/www.darrera.com\\\/wp\\\/wp-content\\\/uploads\\\/logo-darrera.png\",\"width\":500,\"height\":85,\"caption\":\"Darrera\"},\"image\":{\"@id\":\"https:\\\/\\\/www.darrera.com\\\/es\\\/#\\\/schema\\\/logo\\\/image\\\/\"},\"sameAs\":[\"http:\\\/\\\/facebook.com\\\/darrerameteo\",\"https:\\\/\\\/x.com\\\/darrera_meteo\",\"https:\\\/\\\/www.linkedin.com\\\/company\\\/darrera-s-a-\",\"http:\\\/\\\/youtube.com\\\/darreratv\"]}]}<\/script>\n<!-- \/ Yoast SEO plugin. -->","yoast_head_json":{"title":"Smart Cities y Dom\u00f3tica | Darrera","robots":{"index":"index","follow":"follow","max-snippet":"max-snippet:-1","max-image-preview":"max-image-preview:large","max-video-preview":"max-video-preview:-1"},"canonical":"https:\/\/www.darrera.com\/es\/areas-actividad\/smart-cities-domotica\/","og_locale":"es_ES","og_type":"article","og_title":"Smart Cities y Dom\u00f3tica | Darrera","og_description":"Suministramos diferentes soluciones Smart basadas en la tecnolog\u00eda m\u00e1s innovadora para mejorar la calidad de vida en el hogar y la ciudad.","og_url":"https:\/\/www.darrera.com\/es\/areas-actividad\/smart-cities-domotica\/","og_site_name":"Darrera","article_publisher":"http:\/\/facebook.com\/darrerameteo","article_modified_time":"2023-05-17T08:27:45+00:00","og_image":[{"width":848,"height":566,"url":"https:\/\/www.darrera.com\/wp-content\/uploads\/fields-activity-smart-cities-home-automation.jpg","type":"image\/jpeg"}],"twitter_card":"summary_large_image","twitter_site":"@darrera_meteo","twitter_misc":{"Tiempo de lectura":"2 minutos"},"schema":{"@context":"https:\/\/schema.org","@graph":[{"@type":"WebPage","@id":"https:\/\/www.darrera.com\/es\/areas-actividad\/smart-cities-domotica\/","url":"https:\/\/www.darrera.com\/es\/areas-actividad\/smart-cities-domotica\/","name":"Smart Cities y Dom\u00f3tica | Darrera","isPartOf":{"@id":"https:\/\/www.darrera.com\/es\/#website"},"primaryImageOfPage":{"@id":"https:\/\/www.darrera.com\/es\/areas-actividad\/smart-cities-domotica\/#primaryimage"},"image":{"@id":"https:\/\/www.darrera.com\/es\/areas-actividad\/smart-cities-domotica\/#primaryimage"},"thumbnailUrl":"https:\/\/www.darrera.com\/wp-content\/uploads\/fields-activity-smart-cities-home-automation.jpg","datePublished":"2017-05-22T10:21:11+00:00","dateModified":"2023-05-17T08:27:45+00:00","breadcrumb":{"@id":"https:\/\/www.darrera.com\/es\/areas-actividad\/smart-cities-domotica\/#breadcrumb"},"inLanguage":"es","potentialAction":[{"@type":"ReadAction","target":["https:\/\/www.darrera.com\/es\/areas-actividad\/smart-cities-domotica\/"]}]},{"@type":"ImageObject","inLanguage":"es","@id":"https:\/\/www.darrera.com\/es\/areas-actividad\/smart-cities-domotica\/#primaryimage","url":"https:\/\/www.darrera.com\/wp-content\/uploads\/fields-activity-smart-cities-home-automation.jpg","contentUrl":"https:\/\/www.darrera.com\/wp-content\/uploads\/fields-activity-smart-cities-home-automation.jpg","width":848,"height":566,"caption":"Smart Cities y D\u00f3motica"},{"@type":"BreadcrumbList","@id":"https:\/\/www.darrera.com\/es\/areas-actividad\/smart-cities-domotica\/#breadcrumb","itemListElement":[{"@type":"ListItem","position":1,"name":"Home","item":"https:\/\/www.darrera.com\/es\/"},{"@type":"ListItem","position":2,"name":"\u00c1reas de Actividad","item":"https:\/\/www.darrera.com\/es\/areas-actividad\/"},{"@type":"ListItem","position":3,"name":"Smart Cities y Dom\u00f3tica"}]},{"@type":"WebSite","@id":"https:\/\/www.darrera.com\/es\/#website","url":"https:\/\/www.darrera.com\/es\/","name":"Darrera","description":"Instrumentos, soluciones y servicios meteorol\u00f3gicos","publisher":{"@id":"https:\/\/www.darrera.com\/es\/#organization"},"potentialAction":[{"@type":"SearchAction","target":{"@type":"EntryPoint","urlTemplate":"https:\/\/www.darrera.com\/es\/?s={search_term_string}"},"query-input":{"@type":"PropertyValueSpecification","valueRequired":true,"valueName":"search_term_string"}}],"inLanguage":"es"},{"@type":"Organization","@id":"https:\/\/www.darrera.com\/es\/#organization","name":"Darrera","url":"https:\/\/www.darrera.com\/es\/","logo":{"@type":"ImageObject","inLanguage":"es","@id":"https:\/\/www.darrera.com\/es\/#\/schema\/logo\/image\/","url":"https:\/\/www.darrera.com\/wp\/wp-content\/uploads\/logo-darrera.png","contentUrl":"https:\/\/www.darrera.com\/wp\/wp-content\/uploads\/logo-darrera.png","width":500,"height":85,"caption":"Darrera"},"image":{"@id":"https:\/\/www.darrera.com\/es\/#\/schema\/logo\/image\/"},"sameAs":["http:\/\/facebook.com\/darrerameteo","https:\/\/x.com\/darrera_meteo","https:\/\/www.linkedin.com\/company\/darrera-s-a-","http:\/\/youtube.com\/darreratv"]}]}},"_links":{"self":[{"href":"https:\/\/www.darrera.com\/es\/wp-json\/wp\/v2\/pages\/557","targetHints":{"allow":["GET"]}}],"collection":[{"href":"https:\/\/www.darrera.com\/es\/wp-json\/wp\/v2\/pages"}],"about":[{"href":"https:\/\/www.darrera.com\/es\/wp-json\/wp\/v2\/types\/page"}],"author":[{"embeddable":true,"href":"https:\/\/www.darrera.com\/es\/wp-json\/wp\/v2\/users\/1"}],"replies":[{"embeddable":true,"href":"https:\/\/www.darrera.com\/es\/wp-json\/wp\/v2\/comments?post=557"}],"version-history":[{"count":4,"href":"https:\/\/www.darrera.com\/es\/wp-json\/wp\/v2\/pages\/557\/revisions"}],"predecessor-version":[{"id":879,"href":"https:\/\/www.darrera.com\/es\/wp-json\/wp\/v2\/pages\/557\/revisions\/879"}],"up":[{"embeddable":true,"href":"https:\/\/www.darrera.com\/es\/wp-json\/wp\/v2\/pages\/525"}],"wp:featuredmedia":[{"embeddable":true,"href":"https:\/\/www.darrera.com\/es\/wp-json\/wp\/v2\/media\/398"}],"wp:attachment":[{"href":"https:\/\/www.darrera.com\/es\/wp-json\/wp\/v2\/media?parent=557"}],"curies":[{"name":"wp","href":"https:\/\/api.w.org\/{rel}","templated":true}]}}