{"id":563,"date":"2017-05-22T11:07:53","date_gmt":"2017-05-22T09:07:53","guid":{"rendered":"http:\/\/www.darrera.com\/wp\/?page_id=563\/"},"modified":"2018-10-06T17:20:33","modified_gmt":"2018-10-06T15:20:33","slug":"calibracion-certificacion","status":"publish","type":"page","link":"https:\/\/www.darrera.com\/es\/servicios\/calibracion-certificacion\/","title":{"rendered":"Calibraci\u00f3n y Certificaci\u00f3n"},"content":{"rendered":"<h2>La calibraci\u00f3n peri\u00f3dica de todos sus instrumentos es indispensable para asegurar un rendimiento \u00f3ptimo y la fiabilidad de los datos a largo plazo.<\/h2>\n<p>Con el tiempo todos los instrumentos presentan deriva a causa de una gran variedad de factores, tales como el desgaste inherente de sus componentes, la acumulaci\u00f3n de suciedad o los cambios frecuentes de temperatura. Calibrar sus instrumentos de forma peri\u00f3dica le ayuda a prevenir la deriva y a garantizar que funcionen de acuerdo con las especificaciones.<\/p>\n<p>La periodicidad de la calibraci\u00f3n depende del tipo de aplicaci\u00f3n, de la utilizaci\u00f3n del instrumento y de los requerimientos del sistema de calidad de su empresa. Adem\u00e1s, los \u00f3rganos estatutarios exigen a muchas industrias el cumplimiento de normativas espec\u00edficas para acreditar que las mediciones efectuadas por sus instrumentos son completamente fiables.<\/p>\n<p>Darrera ofrece una amplia gama de servicios de calibraci\u00f3n, incluyendo calibraciones y certificaciones personalizadas llevadas a cabo por laboratorios asociados de reconocido prestigio. Trabajamos en estrecha colaboraci\u00f3n con nuestros clientes para dise\u00f1ar el proceso de calibraci\u00f3n que cumple con sus requerimientos y les ayuda a lograr sus objetivos. Nuestros certificados de calibraci\u00f3n son trazables a est\u00e1ndares nacionales o internacionales y cumplen con los requisitos del sistema de calidad ISO 9001.<\/p>\n<h3>Calibraci\u00f3n en f\u00e1brica<\/h3>\n<p>Nuestro servicio de calibraci\u00f3n en f\u00e1brica permite a nuestros clientes mantener sus instrumentos en buen estado. Nos ocupamos de todo el proceso, desde la recogida del instrumental en las instalaciones del cliente hasta su reubicaci\u00f3n una vez completado el proceso el proceso de calibraci\u00f3n.<\/p>\n<p><strong>Beneficios del cliente<\/strong><\/p>\n<ul>\n<li>Amplia variedad de par\u00e1metros, incluyendo viento, temperatura, humedad, lluvia, presi\u00f3n, etc.<\/li>\n<li>Servicio personalizado con puntos de calibraci\u00f3n definidos por el cliente.<\/li>\n<li>Documentaci\u00f3n relativa a la calibraci\u00f3n y certificaci\u00f3n.<\/li>\n<li>Servicio integral disponible, que incluye desde la recogida del instrumental hasta su reubicaci\u00f3n.<\/li>\n<\/ul>\n<h3>Calibraci\u00f3n in situ<\/h3>\n<p>A fin de paliar las dificultades que supone la calibraci\u00f3n peri\u00f3dica para muchas empresas, ofrecemos un servicio de calibraci\u00f3n in situ que minimiza los tiempos de inactividad y evita las p\u00e9rdidas de producci\u00f3n causadas por un proceso t\u00edpico de calibraci\u00f3n. Nuestro personal t\u00e9cnico posee la experiencia y formaci\u00f3n necesarias para garantizar que la calibraci\u00f3n se efect\u00faa en el m\u00ednimo tiempo necesario y sin incidir en las actividades del cliente.<\/p>\n<p><strong>Beneficios del cliente<\/strong><\/p>\n<ul>\n<li>M\u00ednimo tiempo de inactividad.<\/li>\n<li>Registro continuo de datos durante la calibraci\u00f3n.<\/li>\n<li>Sin incidencia en las actividades del cliente.<\/li>\n<li>Sin implicaci\u00f3n del personal del cliente.<\/li>\n<\/ul>\n","protected":false},"excerpt":{"rendered":"<p>La calibraci\u00f3n peri\u00f3dica de todos sus instrumentos es indispensable para asegurar un rendimiento \u00f3ptimo y la fiabilidad de los datos a largo plazo.<\/p>\n","protected":false},"author":1,"featured_media":362,"parent":561,"menu_order":0,"comment_status":"closed","ping_status":"closed","template":"","meta":{"footnotes":""},"class_list":["post-563","page","type-page","status-publish","has-post-thumbnail","hentry"],"yoast_head":"<!-- This site is optimized with the Yoast SEO plugin v27.4 - https:\/\/yoast.com\/product\/yoast-seo-wordpress\/ -->\n<title>Calibraci\u00f3n y Certificaci\u00f3n | Darrera<\/title>\n<meta name=\"robots\" content=\"index, follow, max-snippet:-1, max-image-preview:large, max-video-preview:-1\" \/>\n<link rel=\"canonical\" href=\"https:\/\/www.darrera.com\/es\/servicios\/calibracion-certificacion\/\" \/>\n<meta property=\"og:locale\" content=\"es_ES\" \/>\n<meta property=\"og:type\" content=\"article\" \/>\n<meta property=\"og:title\" content=\"Calibraci\u00f3n y Certificaci\u00f3n | Darrera\" \/>\n<meta property=\"og:description\" content=\"La calibraci\u00f3n peri\u00f3dica de todos sus instrumentos es indispensable para asegurar un rendimiento \u00f3ptimo y la fiabilidad de los datos a largo plazo.\" \/>\n<meta property=\"og:url\" content=\"https:\/\/www.darrera.com\/es\/servicios\/calibracion-certificacion\/\" \/>\n<meta property=\"og:site_name\" content=\"Darrera\" \/>\n<meta property=\"article:publisher\" content=\"http:\/\/facebook.com\/darrerameteo\" \/>\n<meta property=\"article:modified_time\" content=\"2018-10-06T15:20:33+00:00\" \/>\n<meta property=\"og:image\" content=\"https:\/\/www.darrera.com\/wp-content\/uploads\/icon-calibration-certification.png\" \/>\n\t<meta property=\"og:image:width\" content=\"500\" \/>\n\t<meta property=\"og:image:height\" content=\"500\" \/>\n\t<meta property=\"og:image:type\" content=\"image\/png\" \/>\n<meta name=\"twitter:card\" content=\"summary_large_image\" \/>\n<meta name=\"twitter:site\" content=\"@darrera_meteo\" \/>\n<meta name=\"twitter:label1\" content=\"Tiempo de lectura\" \/>\n\t<meta name=\"twitter:data1\" content=\"2 minutos\" \/>\n<script type=\"application\/ld+json\" class=\"yoast-schema-graph\">{\"@context\":\"https:\\\/\\\/schema.org\",\"@graph\":[{\"@type\":\"WebPage\",\"@id\":\"https:\\\/\\\/www.darrera.com\\\/es\\\/servicios\\\/calibracion-certificacion\\\/\",\"url\":\"https:\\\/\\\/www.darrera.com\\\/es\\\/servicios\\\/calibracion-certificacion\\\/\",\"name\":\"Calibraci\u00f3n y Certificaci\u00f3n | Darrera\",\"isPartOf\":{\"@id\":\"https:\\\/\\\/www.darrera.com\\\/es\\\/#website\"},\"primaryImageOfPage\":{\"@id\":\"https:\\\/\\\/www.darrera.com\\\/es\\\/servicios\\\/calibracion-certificacion\\\/#primaryimage\"},\"image\":{\"@id\":\"https:\\\/\\\/www.darrera.com\\\/es\\\/servicios\\\/calibracion-certificacion\\\/#primaryimage\"},\"thumbnailUrl\":\"https:\\\/\\\/www.darrera.com\\\/wp-content\\\/uploads\\\/icon-calibration-certification.png\",\"datePublished\":\"2017-05-22T09:07:53+00:00\",\"dateModified\":\"2018-10-06T15:20:33+00:00\",\"breadcrumb\":{\"@id\":\"https:\\\/\\\/www.darrera.com\\\/es\\\/servicios\\\/calibracion-certificacion\\\/#breadcrumb\"},\"inLanguage\":\"es\",\"potentialAction\":[{\"@type\":\"ReadAction\",\"target\":[\"https:\\\/\\\/www.darrera.com\\\/es\\\/servicios\\\/calibracion-certificacion\\\/\"]}]},{\"@type\":\"ImageObject\",\"inLanguage\":\"es\",\"@id\":\"https:\\\/\\\/www.darrera.com\\\/es\\\/servicios\\\/calibracion-certificacion\\\/#primaryimage\",\"url\":\"https:\\\/\\\/www.darrera.com\\\/wp-content\\\/uploads\\\/icon-calibration-certification.png\",\"contentUrl\":\"https:\\\/\\\/www.darrera.com\\\/wp-content\\\/uploads\\\/icon-calibration-certification.png\",\"width\":500,\"height\":500,\"caption\":\"Calibraci\u00f3n y Certificaci\u00f3n\"},{\"@type\":\"BreadcrumbList\",\"@id\":\"https:\\\/\\\/www.darrera.com\\\/es\\\/servicios\\\/calibracion-certificacion\\\/#breadcrumb\",\"itemListElement\":[{\"@type\":\"ListItem\",\"position\":1,\"name\":\"Home\",\"item\":\"https:\\\/\\\/www.darrera.com\\\/es\\\/\"},{\"@type\":\"ListItem\",\"position\":2,\"name\":\"Servicios\",\"item\":\"https:\\\/\\\/www.darrera.com\\\/es\\\/servicios\\\/\"},{\"@type\":\"ListItem\",\"position\":3,\"name\":\"Calibraci\u00f3n y Certificaci\u00f3n\"}]},{\"@type\":\"WebSite\",\"@id\":\"https:\\\/\\\/www.darrera.com\\\/es\\\/#website\",\"url\":\"https:\\\/\\\/www.darrera.com\\\/es\\\/\",\"name\":\"Darrera\",\"description\":\"Instrumentos, soluciones y servicios meteorol\u00f3gicos\",\"publisher\":{\"@id\":\"https:\\\/\\\/www.darrera.com\\\/es\\\/#organization\"},\"potentialAction\":[{\"@type\":\"SearchAction\",\"target\":{\"@type\":\"EntryPoint\",\"urlTemplate\":\"https:\\\/\\\/www.darrera.com\\\/es\\\/?s={search_term_string}\"},\"query-input\":{\"@type\":\"PropertyValueSpecification\",\"valueRequired\":true,\"valueName\":\"search_term_string\"}}],\"inLanguage\":\"es\"},{\"@type\":\"Organization\",\"@id\":\"https:\\\/\\\/www.darrera.com\\\/es\\\/#organization\",\"name\":\"Darrera\",\"url\":\"https:\\\/\\\/www.darrera.com\\\/es\\\/\",\"logo\":{\"@type\":\"ImageObject\",\"inLanguage\":\"es\",\"@id\":\"https:\\\/\\\/www.darrera.com\\\/es\\\/#\\\/schema\\\/logo\\\/image\\\/\",\"url\":\"https:\\\/\\\/www.darrera.com\\\/wp\\\/wp-content\\\/uploads\\\/logo-darrera.png\",\"contentUrl\":\"https:\\\/\\\/www.darrera.com\\\/wp\\\/wp-content\\\/uploads\\\/logo-darrera.png\",\"width\":500,\"height\":85,\"caption\":\"Darrera\"},\"image\":{\"@id\":\"https:\\\/\\\/www.darrera.com\\\/es\\\/#\\\/schema\\\/logo\\\/image\\\/\"},\"sameAs\":[\"http:\\\/\\\/facebook.com\\\/darrerameteo\",\"https:\\\/\\\/x.com\\\/darrera_meteo\",\"https:\\\/\\\/www.linkedin.com\\\/company\\\/darrera-s-a-\",\"http:\\\/\\\/youtube.com\\\/darreratv\"]}]}<\/script>\n<!-- \/ Yoast SEO plugin. -->","yoast_head_json":{"title":"Calibraci\u00f3n y Certificaci\u00f3n | Darrera","robots":{"index":"index","follow":"follow","max-snippet":"max-snippet:-1","max-image-preview":"max-image-preview:large","max-video-preview":"max-video-preview:-1"},"canonical":"https:\/\/www.darrera.com\/es\/servicios\/calibracion-certificacion\/","og_locale":"es_ES","og_type":"article","og_title":"Calibraci\u00f3n y Certificaci\u00f3n | Darrera","og_description":"La calibraci\u00f3n peri\u00f3dica de todos sus instrumentos es indispensable para asegurar un rendimiento \u00f3ptimo y la fiabilidad de los datos a largo plazo.","og_url":"https:\/\/www.darrera.com\/es\/servicios\/calibracion-certificacion\/","og_site_name":"Darrera","article_publisher":"http:\/\/facebook.com\/darrerameteo","article_modified_time":"2018-10-06T15:20:33+00:00","og_image":[{"width":500,"height":500,"url":"https:\/\/www.darrera.com\/wp-content\/uploads\/icon-calibration-certification.png","type":"image\/png"}],"twitter_card":"summary_large_image","twitter_site":"@darrera_meteo","twitter_misc":{"Tiempo de lectura":"2 minutos"},"schema":{"@context":"https:\/\/schema.org","@graph":[{"@type":"WebPage","@id":"https:\/\/www.darrera.com\/es\/servicios\/calibracion-certificacion\/","url":"https:\/\/www.darrera.com\/es\/servicios\/calibracion-certificacion\/","name":"Calibraci\u00f3n y Certificaci\u00f3n | Darrera","isPartOf":{"@id":"https:\/\/www.darrera.com\/es\/#website"},"primaryImageOfPage":{"@id":"https:\/\/www.darrera.com\/es\/servicios\/calibracion-certificacion\/#primaryimage"},"image":{"@id":"https:\/\/www.darrera.com\/es\/servicios\/calibracion-certificacion\/#primaryimage"},"thumbnailUrl":"https:\/\/www.darrera.com\/wp-content\/uploads\/icon-calibration-certification.png","datePublished":"2017-05-22T09:07:53+00:00","dateModified":"2018-10-06T15:20:33+00:00","breadcrumb":{"@id":"https:\/\/www.darrera.com\/es\/servicios\/calibracion-certificacion\/#breadcrumb"},"inLanguage":"es","potentialAction":[{"@type":"ReadAction","target":["https:\/\/www.darrera.com\/es\/servicios\/calibracion-certificacion\/"]}]},{"@type":"ImageObject","inLanguage":"es","@id":"https:\/\/www.darrera.com\/es\/servicios\/calibracion-certificacion\/#primaryimage","url":"https:\/\/www.darrera.com\/wp-content\/uploads\/icon-calibration-certification.png","contentUrl":"https:\/\/www.darrera.com\/wp-content\/uploads\/icon-calibration-certification.png","width":500,"height":500,"caption":"Calibraci\u00f3n y Certificaci\u00f3n"},{"@type":"BreadcrumbList","@id":"https:\/\/www.darrera.com\/es\/servicios\/calibracion-certificacion\/#breadcrumb","itemListElement":[{"@type":"ListItem","position":1,"name":"Home","item":"https:\/\/www.darrera.com\/es\/"},{"@type":"ListItem","position":2,"name":"Servicios","item":"https:\/\/www.darrera.com\/es\/servicios\/"},{"@type":"ListItem","position":3,"name":"Calibraci\u00f3n y Certificaci\u00f3n"}]},{"@type":"WebSite","@id":"https:\/\/www.darrera.com\/es\/#website","url":"https:\/\/www.darrera.com\/es\/","name":"Darrera","description":"Instrumentos, soluciones y servicios meteorol\u00f3gicos","publisher":{"@id":"https:\/\/www.darrera.com\/es\/#organization"},"potentialAction":[{"@type":"SearchAction","target":{"@type":"EntryPoint","urlTemplate":"https:\/\/www.darrera.com\/es\/?s={search_term_string}"},"query-input":{"@type":"PropertyValueSpecification","valueRequired":true,"valueName":"search_term_string"}}],"inLanguage":"es"},{"@type":"Organization","@id":"https:\/\/www.darrera.com\/es\/#organization","name":"Darrera","url":"https:\/\/www.darrera.com\/es\/","logo":{"@type":"ImageObject","inLanguage":"es","@id":"https:\/\/www.darrera.com\/es\/#\/schema\/logo\/image\/","url":"https:\/\/www.darrera.com\/wp\/wp-content\/uploads\/logo-darrera.png","contentUrl":"https:\/\/www.darrera.com\/wp\/wp-content\/uploads\/logo-darrera.png","width":500,"height":85,"caption":"Darrera"},"image":{"@id":"https:\/\/www.darrera.com\/es\/#\/schema\/logo\/image\/"},"sameAs":["http:\/\/facebook.com\/darrerameteo","https:\/\/x.com\/darrera_meteo","https:\/\/www.linkedin.com\/company\/darrera-s-a-","http:\/\/youtube.com\/darreratv"]}]}},"_links":{"self":[{"href":"https:\/\/www.darrera.com\/es\/wp-json\/wp\/v2\/pages\/563","targetHints":{"allow":["GET"]}}],"collection":[{"href":"https:\/\/www.darrera.com\/es\/wp-json\/wp\/v2\/pages"}],"about":[{"href":"https:\/\/www.darrera.com\/es\/wp-json\/wp\/v2\/types\/page"}],"author":[{"embeddable":true,"href":"https:\/\/www.darrera.com\/es\/wp-json\/wp\/v2\/users\/1"}],"replies":[{"embeddable":true,"href":"https:\/\/www.darrera.com\/es\/wp-json\/wp\/v2\/comments?post=563"}],"version-history":[{"count":4,"href":"https:\/\/www.darrera.com\/es\/wp-json\/wp\/v2\/pages\/563\/revisions"}],"predecessor-version":[{"id":2630,"href":"https:\/\/www.darrera.com\/es\/wp-json\/wp\/v2\/pages\/563\/revisions\/2630"}],"up":[{"embeddable":true,"href":"https:\/\/www.darrera.com\/es\/wp-json\/wp\/v2\/pages\/561"}],"wp:featuredmedia":[{"embeddable":true,"href":"https:\/\/www.darrera.com\/es\/wp-json\/wp\/v2\/media\/362"}],"wp:attachment":[{"href":"https:\/\/www.darrera.com\/es\/wp-json\/wp\/v2\/media?parent=563"}],"curies":[{"name":"wp","href":"https:\/\/api.w.org\/{rel}","templated":true}]}}