{"id":565,"date":"2017-05-22T11:08:48","date_gmt":"2017-05-22T09:08:48","guid":{"rendered":"http:\/\/www.darrera.com\/wp\/?page_id=565\/"},"modified":"2018-02-05T13:13:08","modified_gmt":"2018-02-05T12:13:08","slug":"instalacion-puesta-marcha","status":"publish","type":"page","link":"https:\/\/www.darrera.com\/es\/servicios\/instalacion-puesta-marcha\/","title":{"rendered":"Instalaci\u00f3n y Puesta en Marcha"},"content":{"rendered":"<h2>Conf\u00ede en nuestros amplios conocimientos y experiencia en la instalaci\u00f3n y puesta en marcha de sistemas meteorol\u00f3gicos para asegurar una implementaci\u00f3n r\u00e1pida y sin trabas.<\/h2>\n<p>Darrera ofrece un servicio integral de instalaci\u00f3n y puesta en marcha que engloba todos los pasos necesarios para garantizar que la implementaci\u00f3n de su sistema meteorol\u00f3gico se lleva a cabo de forma correcta y de acuerdo con las especificaciones.<\/p>\n<h3>Inspecci\u00f3n del sitio<\/h3>\n<p>Nuestro personal t\u00e9cnico efect\u00faa siempre una inspecci\u00f3n previa del sitio para certificar que la ubicaci\u00f3n propuesta por el cliente cumple con todos los requerimientos para la instalaci\u00f3n de su sistema meteorol\u00f3gico. Dicha inspecci\u00f3n incluye desde la comprobaci\u00f3n del terreno y la identificaci\u00f3n de obst\u00e1culos y fuentes de ruido cercanos hasta la revisi\u00f3n de los sistemas de comunicaci\u00f3n y alimentaci\u00f3n disponibles y el an\u00e1lisis de las condiciones microclim\u00e1ticas.<\/p>\n<h3>Instalaci\u00f3n<\/h3>\n<p>Disponer del personal adecuado es esencial para una instalaci\u00f3n satisfactoria y duradera. Nuestros t\u00e9cnicos cuentan con una dilatada experiencia en la instalaci\u00f3n de sistemas meteorol\u00f3gicos que se traduce en la plena confianza de nuestros clientes.<\/p>\n<h3>Puesta en marcha<\/h3>\n<p>El proceso de puesta en marcha comprende tanto el arranque como la calibraci\u00f3n inicial del sistema meteorol\u00f3gico. Esta fase es de suma importancia para garantizar el correcto funcionamiento del sistema y la calidad de los datos obtenidos.<\/p>\n<h3>Configuraci\u00f3n del software<\/h3>\n<p>Todos nuestros sistemas meteorol\u00f3gicos se suministran con un paquete de software para el volcado, an\u00e1lisis, graficaci\u00f3n y exportaci\u00f3n de los datos. Nuestro personal t\u00e9cnico configura el software de acuerdo con los requerimientos espec\u00edficos del cliente.<\/p>\n","protected":false},"excerpt":{"rendered":"<p>Conf\u00ede en nuestros amplios conocimientos y experiencia en la instalaci\u00f3n y puesta en marcha de sistemas meteorol\u00f3gicos para asegurar una implementaci\u00f3n r\u00e1pida y sin trabas.<\/p>\n","protected":false},"author":1,"featured_media":363,"parent":561,"menu_order":0,"comment_status":"closed","ping_status":"closed","template":"","meta":{"footnotes":""},"class_list":["post-565","page","type-page","status-publish","has-post-thumbnail","hentry"],"yoast_head":"<!-- This site is optimized with the Yoast SEO plugin v27.3 - https:\/\/yoast.com\/product\/yoast-seo-wordpress\/ -->\n<title>Instalaci\u00f3n y Puesta en Marcha | Darrera<\/title>\n<meta name=\"robots\" content=\"index, follow, max-snippet:-1, max-image-preview:large, max-video-preview:-1\" \/>\n<link rel=\"canonical\" href=\"https:\/\/www.darrera.com\/es\/servicios\/instalacion-puesta-marcha\/\" \/>\n<meta property=\"og:locale\" content=\"es_ES\" \/>\n<meta property=\"og:type\" content=\"article\" \/>\n<meta property=\"og:title\" content=\"Instalaci\u00f3n y Puesta en Marcha | Darrera\" \/>\n<meta property=\"og:description\" content=\"Conf\u00ede en nuestros amplios conocimientos y experiencia en la instalaci\u00f3n y puesta en marcha de sistemas meteorol\u00f3gicos para asegurar una implementaci\u00f3n r\u00e1pida y sin trabas.\" \/>\n<meta property=\"og:url\" content=\"https:\/\/www.darrera.com\/es\/servicios\/instalacion-puesta-marcha\/\" \/>\n<meta property=\"og:site_name\" content=\"Darrera\" \/>\n<meta property=\"article:publisher\" content=\"http:\/\/facebook.com\/darrerameteo\" \/>\n<meta property=\"article:modified_time\" content=\"2018-02-05T12:13:08+00:00\" \/>\n<meta property=\"og:image\" content=\"https:\/\/www.darrera.com\/wp-content\/uploads\/icon-installation-commissioning.png\" \/>\n\t<meta property=\"og:image:width\" content=\"500\" \/>\n\t<meta property=\"og:image:height\" content=\"500\" \/>\n\t<meta property=\"og:image:type\" content=\"image\/png\" \/>\n<meta name=\"twitter:card\" content=\"summary_large_image\" \/>\n<meta name=\"twitter:site\" content=\"@darrera_meteo\" \/>\n<meta name=\"twitter:label1\" content=\"Tiempo de lectura\" \/>\n\t<meta name=\"twitter:data1\" content=\"1 minuto\" \/>\n<script type=\"application\/ld+json\" class=\"yoast-schema-graph\">{\"@context\":\"https:\\\/\\\/schema.org\",\"@graph\":[{\"@type\":\"WebPage\",\"@id\":\"https:\\\/\\\/www.darrera.com\\\/es\\\/servicios\\\/instalacion-puesta-marcha\\\/\",\"url\":\"https:\\\/\\\/www.darrera.com\\\/es\\\/servicios\\\/instalacion-puesta-marcha\\\/\",\"name\":\"Instalaci\u00f3n y Puesta en Marcha | Darrera\",\"isPartOf\":{\"@id\":\"https:\\\/\\\/www.darrera.com\\\/es\\\/#website\"},\"primaryImageOfPage\":{\"@id\":\"https:\\\/\\\/www.darrera.com\\\/es\\\/servicios\\\/instalacion-puesta-marcha\\\/#primaryimage\"},\"image\":{\"@id\":\"https:\\\/\\\/www.darrera.com\\\/es\\\/servicios\\\/instalacion-puesta-marcha\\\/#primaryimage\"},\"thumbnailUrl\":\"https:\\\/\\\/www.darrera.com\\\/wp-content\\\/uploads\\\/icon-installation-commissioning.png\",\"datePublished\":\"2017-05-22T09:08:48+00:00\",\"dateModified\":\"2018-02-05T12:13:08+00:00\",\"breadcrumb\":{\"@id\":\"https:\\\/\\\/www.darrera.com\\\/es\\\/servicios\\\/instalacion-puesta-marcha\\\/#breadcrumb\"},\"inLanguage\":\"es\",\"potentialAction\":[{\"@type\":\"ReadAction\",\"target\":[\"https:\\\/\\\/www.darrera.com\\\/es\\\/servicios\\\/instalacion-puesta-marcha\\\/\"]}]},{\"@type\":\"ImageObject\",\"inLanguage\":\"es\",\"@id\":\"https:\\\/\\\/www.darrera.com\\\/es\\\/servicios\\\/instalacion-puesta-marcha\\\/#primaryimage\",\"url\":\"https:\\\/\\\/www.darrera.com\\\/wp-content\\\/uploads\\\/icon-installation-commissioning.png\",\"contentUrl\":\"https:\\\/\\\/www.darrera.com\\\/wp-content\\\/uploads\\\/icon-installation-commissioning.png\",\"width\":500,\"height\":500,\"caption\":\"Instalaci\u00f3n y Puesta en Marcha\"},{\"@type\":\"BreadcrumbList\",\"@id\":\"https:\\\/\\\/www.darrera.com\\\/es\\\/servicios\\\/instalacion-puesta-marcha\\\/#breadcrumb\",\"itemListElement\":[{\"@type\":\"ListItem\",\"position\":1,\"name\":\"Home\",\"item\":\"https:\\\/\\\/www.darrera.com\\\/es\\\/\"},{\"@type\":\"ListItem\",\"position\":2,\"name\":\"Servicios\",\"item\":\"https:\\\/\\\/www.darrera.com\\\/es\\\/servicios\\\/\"},{\"@type\":\"ListItem\",\"position\":3,\"name\":\"Instalaci\u00f3n y Puesta en Marcha\"}]},{\"@type\":\"WebSite\",\"@id\":\"https:\\\/\\\/www.darrera.com\\\/es\\\/#website\",\"url\":\"https:\\\/\\\/www.darrera.com\\\/es\\\/\",\"name\":\"Darrera\",\"description\":\"Instrumentos, soluciones y servicios meteorol\u00f3gicos\",\"publisher\":{\"@id\":\"https:\\\/\\\/www.darrera.com\\\/es\\\/#organization\"},\"potentialAction\":[{\"@type\":\"SearchAction\",\"target\":{\"@type\":\"EntryPoint\",\"urlTemplate\":\"https:\\\/\\\/www.darrera.com\\\/es\\\/?s={search_term_string}\"},\"query-input\":{\"@type\":\"PropertyValueSpecification\",\"valueRequired\":true,\"valueName\":\"search_term_string\"}}],\"inLanguage\":\"es\"},{\"@type\":\"Organization\",\"@id\":\"https:\\\/\\\/www.darrera.com\\\/es\\\/#organization\",\"name\":\"Darrera\",\"url\":\"https:\\\/\\\/www.darrera.com\\\/es\\\/\",\"logo\":{\"@type\":\"ImageObject\",\"inLanguage\":\"es\",\"@id\":\"https:\\\/\\\/www.darrera.com\\\/es\\\/#\\\/schema\\\/logo\\\/image\\\/\",\"url\":\"https:\\\/\\\/www.darrera.com\\\/wp\\\/wp-content\\\/uploads\\\/logo-darrera.png\",\"contentUrl\":\"https:\\\/\\\/www.darrera.com\\\/wp\\\/wp-content\\\/uploads\\\/logo-darrera.png\",\"width\":500,\"height\":85,\"caption\":\"Darrera\"},\"image\":{\"@id\":\"https:\\\/\\\/www.darrera.com\\\/es\\\/#\\\/schema\\\/logo\\\/image\\\/\"},\"sameAs\":[\"http:\\\/\\\/facebook.com\\\/darrerameteo\",\"https:\\\/\\\/x.com\\\/darrera_meteo\",\"https:\\\/\\\/www.linkedin.com\\\/company\\\/darrera-s-a-\",\"http:\\\/\\\/youtube.com\\\/darreratv\"]}]}<\/script>\n<!-- \/ Yoast SEO plugin. -->","yoast_head_json":{"title":"Instalaci\u00f3n y Puesta en Marcha | Darrera","robots":{"index":"index","follow":"follow","max-snippet":"max-snippet:-1","max-image-preview":"max-image-preview:large","max-video-preview":"max-video-preview:-1"},"canonical":"https:\/\/www.darrera.com\/es\/servicios\/instalacion-puesta-marcha\/","og_locale":"es_ES","og_type":"article","og_title":"Instalaci\u00f3n y Puesta en Marcha | Darrera","og_description":"Conf\u00ede en nuestros amplios conocimientos y experiencia en la instalaci\u00f3n y puesta en marcha de sistemas meteorol\u00f3gicos para asegurar una implementaci\u00f3n r\u00e1pida y sin trabas.","og_url":"https:\/\/www.darrera.com\/es\/servicios\/instalacion-puesta-marcha\/","og_site_name":"Darrera","article_publisher":"http:\/\/facebook.com\/darrerameteo","article_modified_time":"2018-02-05T12:13:08+00:00","og_image":[{"width":500,"height":500,"url":"https:\/\/www.darrera.com\/wp-content\/uploads\/icon-installation-commissioning.png","type":"image\/png"}],"twitter_card":"summary_large_image","twitter_site":"@darrera_meteo","twitter_misc":{"Tiempo de lectura":"1 minuto"},"schema":{"@context":"https:\/\/schema.org","@graph":[{"@type":"WebPage","@id":"https:\/\/www.darrera.com\/es\/servicios\/instalacion-puesta-marcha\/","url":"https:\/\/www.darrera.com\/es\/servicios\/instalacion-puesta-marcha\/","name":"Instalaci\u00f3n y Puesta en Marcha | Darrera","isPartOf":{"@id":"https:\/\/www.darrera.com\/es\/#website"},"primaryImageOfPage":{"@id":"https:\/\/www.darrera.com\/es\/servicios\/instalacion-puesta-marcha\/#primaryimage"},"image":{"@id":"https:\/\/www.darrera.com\/es\/servicios\/instalacion-puesta-marcha\/#primaryimage"},"thumbnailUrl":"https:\/\/www.darrera.com\/wp-content\/uploads\/icon-installation-commissioning.png","datePublished":"2017-05-22T09:08:48+00:00","dateModified":"2018-02-05T12:13:08+00:00","breadcrumb":{"@id":"https:\/\/www.darrera.com\/es\/servicios\/instalacion-puesta-marcha\/#breadcrumb"},"inLanguage":"es","potentialAction":[{"@type":"ReadAction","target":["https:\/\/www.darrera.com\/es\/servicios\/instalacion-puesta-marcha\/"]}]},{"@type":"ImageObject","inLanguage":"es","@id":"https:\/\/www.darrera.com\/es\/servicios\/instalacion-puesta-marcha\/#primaryimage","url":"https:\/\/www.darrera.com\/wp-content\/uploads\/icon-installation-commissioning.png","contentUrl":"https:\/\/www.darrera.com\/wp-content\/uploads\/icon-installation-commissioning.png","width":500,"height":500,"caption":"Instalaci\u00f3n y Puesta en Marcha"},{"@type":"BreadcrumbList","@id":"https:\/\/www.darrera.com\/es\/servicios\/instalacion-puesta-marcha\/#breadcrumb","itemListElement":[{"@type":"ListItem","position":1,"name":"Home","item":"https:\/\/www.darrera.com\/es\/"},{"@type":"ListItem","position":2,"name":"Servicios","item":"https:\/\/www.darrera.com\/es\/servicios\/"},{"@type":"ListItem","position":3,"name":"Instalaci\u00f3n y Puesta en Marcha"}]},{"@type":"WebSite","@id":"https:\/\/www.darrera.com\/es\/#website","url":"https:\/\/www.darrera.com\/es\/","name":"Darrera","description":"Instrumentos, soluciones y servicios meteorol\u00f3gicos","publisher":{"@id":"https:\/\/www.darrera.com\/es\/#organization"},"potentialAction":[{"@type":"SearchAction","target":{"@type":"EntryPoint","urlTemplate":"https:\/\/www.darrera.com\/es\/?s={search_term_string}"},"query-input":{"@type":"PropertyValueSpecification","valueRequired":true,"valueName":"search_term_string"}}],"inLanguage":"es"},{"@type":"Organization","@id":"https:\/\/www.darrera.com\/es\/#organization","name":"Darrera","url":"https:\/\/www.darrera.com\/es\/","logo":{"@type":"ImageObject","inLanguage":"es","@id":"https:\/\/www.darrera.com\/es\/#\/schema\/logo\/image\/","url":"https:\/\/www.darrera.com\/wp\/wp-content\/uploads\/logo-darrera.png","contentUrl":"https:\/\/www.darrera.com\/wp\/wp-content\/uploads\/logo-darrera.png","width":500,"height":85,"caption":"Darrera"},"image":{"@id":"https:\/\/www.darrera.com\/es\/#\/schema\/logo\/image\/"},"sameAs":["http:\/\/facebook.com\/darrerameteo","https:\/\/x.com\/darrera_meteo","https:\/\/www.linkedin.com\/company\/darrera-s-a-","http:\/\/youtube.com\/darreratv"]}]}},"_links":{"self":[{"href":"https:\/\/www.darrera.com\/es\/wp-json\/wp\/v2\/pages\/565","targetHints":{"allow":["GET"]}}],"collection":[{"href":"https:\/\/www.darrera.com\/es\/wp-json\/wp\/v2\/pages"}],"about":[{"href":"https:\/\/www.darrera.com\/es\/wp-json\/wp\/v2\/types\/page"}],"author":[{"embeddable":true,"href":"https:\/\/www.darrera.com\/es\/wp-json\/wp\/v2\/users\/1"}],"replies":[{"embeddable":true,"href":"https:\/\/www.darrera.com\/es\/wp-json\/wp\/v2\/comments?post=565"}],"version-history":[{"count":5,"href":"https:\/\/www.darrera.com\/es\/wp-json\/wp\/v2\/pages\/565\/revisions"}],"predecessor-version":[{"id":886,"href":"https:\/\/www.darrera.com\/es\/wp-json\/wp\/v2\/pages\/565\/revisions\/886"}],"up":[{"embeddable":true,"href":"https:\/\/www.darrera.com\/es\/wp-json\/wp\/v2\/pages\/561"}],"wp:featuredmedia":[{"embeddable":true,"href":"https:\/\/www.darrera.com\/es\/wp-json\/wp\/v2\/media\/363"}],"wp:attachment":[{"href":"https:\/\/www.darrera.com\/es\/wp-json\/wp\/v2\/media?parent=565"}],"curies":[{"name":"wp","href":"https:\/\/api.w.org\/{rel}","templated":true}]}}