{"id":567,"date":"2017-05-22T11:09:42","date_gmt":"2017-05-22T09:09:42","guid":{"rendered":"http:\/\/www.darrera.com\/wp\/?page_id=567\/"},"modified":"2018-02-05T13:13:53","modified_gmt":"2018-02-05T12:13:53","slug":"mantenimiento-reparacion","status":"publish","type":"page","link":"https:\/\/www.darrera.com\/es\/servicios\/mantenimiento-reparacion\/","title":{"rendered":"Mantenimiento y Reparaci\u00f3n"},"content":{"rendered":"<h2>Realizar un mantenimiento adecuado es vital para garantizar la durabilidad de su sistema meteorol\u00f3gico y la fiabilidad de los datos registrados.<\/h2>\n<p>Todos los sistemas meteorol\u00f3gicos est\u00e1n expuestos a condiciones adversas que pueden provocar paradas o incluso acortar su ciclo de vida. Permita que nuestro personal t\u00e9cnico se encargue del mantenimiento de su sistema meteorol\u00f3gico para que usted pueda concentrarse en su negocio.<\/p>\n<p>Darrera cuenta con una dilatada experiencia en el mantenimiento y reparaci\u00f3n de sistemas meteorol\u00f3gicos profesionales. Ofrecemos un servicio a medida adaptado a las necesidades espec\u00edficas de nuestros clientes, el cual les confiere la tranquilidad que necesitan para llevar a cabo sus actividades del d\u00eda a d\u00eda.<\/p>\n<h3>Mantenimiento<\/h3>\n<p>Ofrecemos un servicio integral de mantenimiento que incluye acciones tanto preventivas como correctivas para asegurar el m\u00e1ximo nivel asistencial y el m\u00ednimo tiempo de inactividad para su sistema meteorol\u00f3gico. Nuestro servicio de mantenimiento tambi\u00e9n incluye soporte t\u00e9cnico preferencial y una alta disponibilidad de nuestro personal t\u00e9cnico.<\/p>\n<p><strong>Beneficios del cliente<\/strong><\/p>\n<ul>\n<li>M\u00e1ximo nivel asistencial y m\u00ednimo tiempo de inactividad.<\/li>\n<li>Soporte t\u00e9cnico preferencial.<\/li>\n<li>Actualizaciones de software.<\/li>\n<li>Extensi\u00f3n de garant\u00eda.<\/li>\n<\/ul>\n<h3>Reparaci\u00f3n<\/h3>\n<p>Ofrecemos un servicio de reparaci\u00f3n que contribuye a prolongar el ciclo de vida de sus instrumentos. El proceso de reparaci\u00f3n comprende la identificaci\u00f3n de fallas, la reparaci\u00f3n o sustituci\u00f3n de los componentes defectuosos y la inspecci\u00f3n final para verificar que el instrumento vuelve a funcionar de acuerdo con las especificaciones. El proceso puede incluir tambi\u00e9n la calibraci\u00f3n y certificaci\u00f3n del instrumento en caso de requerirlo.<\/p>\n<p>Nuestros t\u00e9cnicos poseen la experiencia y formaci\u00f3n necesarias para brindar una atenci\u00f3n excelente al cliente y garantizar una reparaci\u00f3n duradera. Utilizamos siempre recambios originales y ofrecemos una extensi\u00f3n de garant\u00eda en todas nuestras reparaciones.<\/p>\n<p><strong>Beneficios del cliente<\/strong><\/p>\n<ul>\n<li>Prolongaci\u00f3n del ciclo de vida del instrumento.<\/li>\n<li>Tiempo de reparaci\u00f3n reducido.<\/li>\n<li>Recambios originales.<\/li>\n<li>Centro oficial de reparaciones de fabricantes reconocidos.<\/li>\n<\/ul>\n","protected":false},"excerpt":{"rendered":"<p>Realizar un mantenimiento adecuado es vital para garantizar la durabilidad de su sistema meteorol\u00f3gico y la fiabilidad de los datos registrados. <\/p>\n","protected":false},"author":1,"featured_media":364,"parent":561,"menu_order":0,"comment_status":"closed","ping_status":"closed","template":"","meta":{"footnotes":""},"class_list":["post-567","page","type-page","status-publish","has-post-thumbnail","hentry"],"yoast_head":"<!-- This site is optimized with the Yoast SEO plugin v27.4 - https:\/\/yoast.com\/product\/yoast-seo-wordpress\/ -->\n<title>Mantenimiento y Reparaci\u00f3n | Darrera<\/title>\n<meta name=\"robots\" content=\"index, follow, max-snippet:-1, max-image-preview:large, max-video-preview:-1\" \/>\n<link rel=\"canonical\" href=\"https:\/\/www.darrera.com\/es\/servicios\/mantenimiento-reparacion\/\" \/>\n<meta property=\"og:locale\" content=\"es_ES\" \/>\n<meta property=\"og:type\" content=\"article\" \/>\n<meta property=\"og:title\" content=\"Mantenimiento y Reparaci\u00f3n | Darrera\" \/>\n<meta property=\"og:description\" content=\"Realizar un mantenimiento adecuado es vital para garantizar la durabilidad de su sistema meteorol\u00f3gico y la fiabilidad de los datos registrados.\" \/>\n<meta property=\"og:url\" content=\"https:\/\/www.darrera.com\/es\/servicios\/mantenimiento-reparacion\/\" \/>\n<meta property=\"og:site_name\" content=\"Darrera\" \/>\n<meta property=\"article:publisher\" content=\"http:\/\/facebook.com\/darrerameteo\" \/>\n<meta property=\"article:modified_time\" content=\"2018-02-05T12:13:53+00:00\" \/>\n<meta property=\"og:image\" content=\"https:\/\/www.darrera.com\/wp-content\/uploads\/icon-maintenance-repair.png\" \/>\n\t<meta property=\"og:image:width\" content=\"500\" \/>\n\t<meta property=\"og:image:height\" content=\"500\" \/>\n\t<meta property=\"og:image:type\" content=\"image\/png\" \/>\n<meta name=\"twitter:card\" content=\"summary_large_image\" \/>\n<meta name=\"twitter:site\" content=\"@darrera_meteo\" \/>\n<meta name=\"twitter:label1\" content=\"Tiempo de lectura\" \/>\n\t<meta name=\"twitter:data1\" content=\"2 minutos\" \/>\n<script type=\"application\/ld+json\" class=\"yoast-schema-graph\">{\"@context\":\"https:\\\/\\\/schema.org\",\"@graph\":[{\"@type\":\"WebPage\",\"@id\":\"https:\\\/\\\/www.darrera.com\\\/es\\\/servicios\\\/mantenimiento-reparacion\\\/\",\"url\":\"https:\\\/\\\/www.darrera.com\\\/es\\\/servicios\\\/mantenimiento-reparacion\\\/\",\"name\":\"Mantenimiento y Reparaci\u00f3n | Darrera\",\"isPartOf\":{\"@id\":\"https:\\\/\\\/www.darrera.com\\\/es\\\/#website\"},\"primaryImageOfPage\":{\"@id\":\"https:\\\/\\\/www.darrera.com\\\/es\\\/servicios\\\/mantenimiento-reparacion\\\/#primaryimage\"},\"image\":{\"@id\":\"https:\\\/\\\/www.darrera.com\\\/es\\\/servicios\\\/mantenimiento-reparacion\\\/#primaryimage\"},\"thumbnailUrl\":\"https:\\\/\\\/www.darrera.com\\\/wp-content\\\/uploads\\\/icon-maintenance-repair.png\",\"datePublished\":\"2017-05-22T09:09:42+00:00\",\"dateModified\":\"2018-02-05T12:13:53+00:00\",\"breadcrumb\":{\"@id\":\"https:\\\/\\\/www.darrera.com\\\/es\\\/servicios\\\/mantenimiento-reparacion\\\/#breadcrumb\"},\"inLanguage\":\"es\",\"potentialAction\":[{\"@type\":\"ReadAction\",\"target\":[\"https:\\\/\\\/www.darrera.com\\\/es\\\/servicios\\\/mantenimiento-reparacion\\\/\"]}]},{\"@type\":\"ImageObject\",\"inLanguage\":\"es\",\"@id\":\"https:\\\/\\\/www.darrera.com\\\/es\\\/servicios\\\/mantenimiento-reparacion\\\/#primaryimage\",\"url\":\"https:\\\/\\\/www.darrera.com\\\/wp-content\\\/uploads\\\/icon-maintenance-repair.png\",\"contentUrl\":\"https:\\\/\\\/www.darrera.com\\\/wp-content\\\/uploads\\\/icon-maintenance-repair.png\",\"width\":500,\"height\":500,\"caption\":\"Mantenimiento y Reparaci\u00f3n\"},{\"@type\":\"BreadcrumbList\",\"@id\":\"https:\\\/\\\/www.darrera.com\\\/es\\\/servicios\\\/mantenimiento-reparacion\\\/#breadcrumb\",\"itemListElement\":[{\"@type\":\"ListItem\",\"position\":1,\"name\":\"Home\",\"item\":\"https:\\\/\\\/www.darrera.com\\\/es\\\/\"},{\"@type\":\"ListItem\",\"position\":2,\"name\":\"Servicios\",\"item\":\"https:\\\/\\\/www.darrera.com\\\/es\\\/servicios\\\/\"},{\"@type\":\"ListItem\",\"position\":3,\"name\":\"Mantenimiento y Reparaci\u00f3n\"}]},{\"@type\":\"WebSite\",\"@id\":\"https:\\\/\\\/www.darrera.com\\\/es\\\/#website\",\"url\":\"https:\\\/\\\/www.darrera.com\\\/es\\\/\",\"name\":\"Darrera\",\"description\":\"Instrumentos, soluciones y servicios meteorol\u00f3gicos\",\"publisher\":{\"@id\":\"https:\\\/\\\/www.darrera.com\\\/es\\\/#organization\"},\"potentialAction\":[{\"@type\":\"SearchAction\",\"target\":{\"@type\":\"EntryPoint\",\"urlTemplate\":\"https:\\\/\\\/www.darrera.com\\\/es\\\/?s={search_term_string}\"},\"query-input\":{\"@type\":\"PropertyValueSpecification\",\"valueRequired\":true,\"valueName\":\"search_term_string\"}}],\"inLanguage\":\"es\"},{\"@type\":\"Organization\",\"@id\":\"https:\\\/\\\/www.darrera.com\\\/es\\\/#organization\",\"name\":\"Darrera\",\"url\":\"https:\\\/\\\/www.darrera.com\\\/es\\\/\",\"logo\":{\"@type\":\"ImageObject\",\"inLanguage\":\"es\",\"@id\":\"https:\\\/\\\/www.darrera.com\\\/es\\\/#\\\/schema\\\/logo\\\/image\\\/\",\"url\":\"https:\\\/\\\/www.darrera.com\\\/wp\\\/wp-content\\\/uploads\\\/logo-darrera.png\",\"contentUrl\":\"https:\\\/\\\/www.darrera.com\\\/wp\\\/wp-content\\\/uploads\\\/logo-darrera.png\",\"width\":500,\"height\":85,\"caption\":\"Darrera\"},\"image\":{\"@id\":\"https:\\\/\\\/www.darrera.com\\\/es\\\/#\\\/schema\\\/logo\\\/image\\\/\"},\"sameAs\":[\"http:\\\/\\\/facebook.com\\\/darrerameteo\",\"https:\\\/\\\/x.com\\\/darrera_meteo\",\"https:\\\/\\\/www.linkedin.com\\\/company\\\/darrera-s-a-\",\"http:\\\/\\\/youtube.com\\\/darreratv\"]}]}<\/script>\n<!-- \/ Yoast SEO plugin. -->","yoast_head_json":{"title":"Mantenimiento y Reparaci\u00f3n | Darrera","robots":{"index":"index","follow":"follow","max-snippet":"max-snippet:-1","max-image-preview":"max-image-preview:large","max-video-preview":"max-video-preview:-1"},"canonical":"https:\/\/www.darrera.com\/es\/servicios\/mantenimiento-reparacion\/","og_locale":"es_ES","og_type":"article","og_title":"Mantenimiento y Reparaci\u00f3n | Darrera","og_description":"Realizar un mantenimiento adecuado es vital para garantizar la durabilidad de su sistema meteorol\u00f3gico y la fiabilidad de los datos registrados.","og_url":"https:\/\/www.darrera.com\/es\/servicios\/mantenimiento-reparacion\/","og_site_name":"Darrera","article_publisher":"http:\/\/facebook.com\/darrerameteo","article_modified_time":"2018-02-05T12:13:53+00:00","og_image":[{"width":500,"height":500,"url":"https:\/\/www.darrera.com\/wp-content\/uploads\/icon-maintenance-repair.png","type":"image\/png"}],"twitter_card":"summary_large_image","twitter_site":"@darrera_meteo","twitter_misc":{"Tiempo de lectura":"2 minutos"},"schema":{"@context":"https:\/\/schema.org","@graph":[{"@type":"WebPage","@id":"https:\/\/www.darrera.com\/es\/servicios\/mantenimiento-reparacion\/","url":"https:\/\/www.darrera.com\/es\/servicios\/mantenimiento-reparacion\/","name":"Mantenimiento y Reparaci\u00f3n | Darrera","isPartOf":{"@id":"https:\/\/www.darrera.com\/es\/#website"},"primaryImageOfPage":{"@id":"https:\/\/www.darrera.com\/es\/servicios\/mantenimiento-reparacion\/#primaryimage"},"image":{"@id":"https:\/\/www.darrera.com\/es\/servicios\/mantenimiento-reparacion\/#primaryimage"},"thumbnailUrl":"https:\/\/www.darrera.com\/wp-content\/uploads\/icon-maintenance-repair.png","datePublished":"2017-05-22T09:09:42+00:00","dateModified":"2018-02-05T12:13:53+00:00","breadcrumb":{"@id":"https:\/\/www.darrera.com\/es\/servicios\/mantenimiento-reparacion\/#breadcrumb"},"inLanguage":"es","potentialAction":[{"@type":"ReadAction","target":["https:\/\/www.darrera.com\/es\/servicios\/mantenimiento-reparacion\/"]}]},{"@type":"ImageObject","inLanguage":"es","@id":"https:\/\/www.darrera.com\/es\/servicios\/mantenimiento-reparacion\/#primaryimage","url":"https:\/\/www.darrera.com\/wp-content\/uploads\/icon-maintenance-repair.png","contentUrl":"https:\/\/www.darrera.com\/wp-content\/uploads\/icon-maintenance-repair.png","width":500,"height":500,"caption":"Mantenimiento y Reparaci\u00f3n"},{"@type":"BreadcrumbList","@id":"https:\/\/www.darrera.com\/es\/servicios\/mantenimiento-reparacion\/#breadcrumb","itemListElement":[{"@type":"ListItem","position":1,"name":"Home","item":"https:\/\/www.darrera.com\/es\/"},{"@type":"ListItem","position":2,"name":"Servicios","item":"https:\/\/www.darrera.com\/es\/servicios\/"},{"@type":"ListItem","position":3,"name":"Mantenimiento y Reparaci\u00f3n"}]},{"@type":"WebSite","@id":"https:\/\/www.darrera.com\/es\/#website","url":"https:\/\/www.darrera.com\/es\/","name":"Darrera","description":"Instrumentos, soluciones y servicios meteorol\u00f3gicos","publisher":{"@id":"https:\/\/www.darrera.com\/es\/#organization"},"potentialAction":[{"@type":"SearchAction","target":{"@type":"EntryPoint","urlTemplate":"https:\/\/www.darrera.com\/es\/?s={search_term_string}"},"query-input":{"@type":"PropertyValueSpecification","valueRequired":true,"valueName":"search_term_string"}}],"inLanguage":"es"},{"@type":"Organization","@id":"https:\/\/www.darrera.com\/es\/#organization","name":"Darrera","url":"https:\/\/www.darrera.com\/es\/","logo":{"@type":"ImageObject","inLanguage":"es","@id":"https:\/\/www.darrera.com\/es\/#\/schema\/logo\/image\/","url":"https:\/\/www.darrera.com\/wp\/wp-content\/uploads\/logo-darrera.png","contentUrl":"https:\/\/www.darrera.com\/wp\/wp-content\/uploads\/logo-darrera.png","width":500,"height":85,"caption":"Darrera"},"image":{"@id":"https:\/\/www.darrera.com\/es\/#\/schema\/logo\/image\/"},"sameAs":["http:\/\/facebook.com\/darrerameteo","https:\/\/x.com\/darrera_meteo","https:\/\/www.linkedin.com\/company\/darrera-s-a-","http:\/\/youtube.com\/darreratv"]}]}},"_links":{"self":[{"href":"https:\/\/www.darrera.com\/es\/wp-json\/wp\/v2\/pages\/567","targetHints":{"allow":["GET"]}}],"collection":[{"href":"https:\/\/www.darrera.com\/es\/wp-json\/wp\/v2\/pages"}],"about":[{"href":"https:\/\/www.darrera.com\/es\/wp-json\/wp\/v2\/types\/page"}],"author":[{"embeddable":true,"href":"https:\/\/www.darrera.com\/es\/wp-json\/wp\/v2\/users\/1"}],"replies":[{"embeddable":true,"href":"https:\/\/www.darrera.com\/es\/wp-json\/wp\/v2\/comments?post=567"}],"version-history":[{"count":3,"href":"https:\/\/www.darrera.com\/es\/wp-json\/wp\/v2\/pages\/567\/revisions"}],"predecessor-version":[{"id":888,"href":"https:\/\/www.darrera.com\/es\/wp-json\/wp\/v2\/pages\/567\/revisions\/888"}],"up":[{"embeddable":true,"href":"https:\/\/www.darrera.com\/es\/wp-json\/wp\/v2\/pages\/561"}],"wp:featuredmedia":[{"embeddable":true,"href":"https:\/\/www.darrera.com\/es\/wp-json\/wp\/v2\/media\/364"}],"wp:attachment":[{"href":"https:\/\/www.darrera.com\/es\/wp-json\/wp\/v2\/media?parent=567"}],"curies":[{"name":"wp","href":"https:\/\/api.w.org\/{rel}","templated":true}]}}