{"id":569,"date":"2017-05-22T11:10:41","date_gmt":"2017-05-22T09:10:41","guid":{"rendered":"http:\/\/www.darrera.com\/wp\/?page_id=569\/"},"modified":"2018-09-02T17:45:55","modified_gmt":"2018-09-02T15:45:55","slug":"monitorizacion-remota-datos","status":"publish","type":"page","link":"https:\/\/www.darrera.com\/es\/servicios\/monitorizacion-remota-datos\/","title":{"rendered":"Monitorizaci\u00f3n Remota de Datos"},"content":{"rendered":"<h2>Deje la supervisi\u00f3n de su sistema meteorol\u00f3gico en nuestras manos y obtenga datos validados minuciosamente que le permitan centrarse en su negocio principal.<\/h2>\n<p>Darrera pone a su disposici\u00f3n un servicio de monitorizaci\u00f3n remota de datos concebido para brindarle la tranquilidad de saber que un equipo t\u00e9cnico cualificado se encarga de supervisar el funcionamiento de su sistema meteorol\u00f3gica para garantizar la precisi\u00f3n y fiabilidad de los datos obtenidos. Su sistema meteorol\u00f3gico es revisado peri\u00f3dicamente por nuestro personal t\u00e9cnico v\u00eda conexi\u00f3n remota y los datos son posteriormente filtrados y analizados para asegurar su coherencia. Acordamos con nuestros clientes un protocolo de actuaci\u00f3n en caso de incidencias con el objetivo de minimizar su impacto y duraci\u00f3n.<\/p>\n<p><strong>Beneficios del cliente<\/strong><\/p>\n<ul>\n<li>Precisi\u00f3n de los datos y fiabilidad del sistema.<\/li>\n<li>Supervisi\u00f3n constante.<\/li>\n<li>Protocolo de actuaci\u00f3n acordado.<\/li>\n<li>Soporte t\u00e9cnico preferencial.<\/li>\n<\/ul>\n","protected":false},"excerpt":{"rendered":"<p>Deje la supervisi\u00f3n de su sistema meteorol\u00f3gico en nuestras manos y obtenga datos validados minuciosamente que le permitan centrarse en su negocio principal.<\/p>\n","protected":false},"author":1,"featured_media":365,"parent":561,"menu_order":0,"comment_status":"closed","ping_status":"closed","template":"","meta":{"footnotes":""},"class_list":["post-569","page","type-page","status-publish","has-post-thumbnail","hentry"],"yoast_head":"<!-- This site is optimized with the Yoast SEO plugin v27.4 - https:\/\/yoast.com\/product\/yoast-seo-wordpress\/ -->\n<title>Monitorizaci\u00f3n Remota de Datos | Darrera<\/title>\n<meta name=\"robots\" content=\"index, follow, max-snippet:-1, max-image-preview:large, max-video-preview:-1\" \/>\n<link rel=\"canonical\" href=\"https:\/\/www.darrera.com\/es\/servicios\/monitorizacion-remota-datos\/\" \/>\n<meta property=\"og:locale\" content=\"es_ES\" \/>\n<meta property=\"og:type\" content=\"article\" \/>\n<meta property=\"og:title\" content=\"Monitorizaci\u00f3n Remota de Datos | Darrera\" \/>\n<meta property=\"og:description\" content=\"Deje la supervisi\u00f3n de su sistema meteorol\u00f3gico en nuestras manos y obtenga datos validados minuciosamente que le permitan centrarse en su negocio principal.\" \/>\n<meta property=\"og:url\" content=\"https:\/\/www.darrera.com\/es\/servicios\/monitorizacion-remota-datos\/\" \/>\n<meta property=\"og:site_name\" content=\"Darrera\" \/>\n<meta property=\"article:publisher\" content=\"http:\/\/facebook.com\/darrerameteo\" \/>\n<meta property=\"article:modified_time\" content=\"2018-09-02T15:45:55+00:00\" \/>\n<meta property=\"og:image\" content=\"https:\/\/www.darrera.com\/wp-content\/uploads\/icon-monitoring-data-validation.png\" \/>\n\t<meta property=\"og:image:width\" content=\"500\" \/>\n\t<meta property=\"og:image:height\" content=\"500\" \/>\n\t<meta property=\"og:image:type\" content=\"image\/png\" \/>\n<meta name=\"twitter:card\" content=\"summary_large_image\" \/>\n<meta name=\"twitter:site\" content=\"@darrera_meteo\" \/>\n<meta name=\"twitter:label1\" content=\"Tiempo de lectura\" \/>\n\t<meta name=\"twitter:data1\" content=\"1 minuto\" \/>\n<script type=\"application\/ld+json\" class=\"yoast-schema-graph\">{\"@context\":\"https:\\\/\\\/schema.org\",\"@graph\":[{\"@type\":\"WebPage\",\"@id\":\"https:\\\/\\\/www.darrera.com\\\/es\\\/servicios\\\/monitorizacion-remota-datos\\\/\",\"url\":\"https:\\\/\\\/www.darrera.com\\\/es\\\/servicios\\\/monitorizacion-remota-datos\\\/\",\"name\":\"Monitorizaci\u00f3n Remota de Datos | Darrera\",\"isPartOf\":{\"@id\":\"https:\\\/\\\/www.darrera.com\\\/es\\\/#website\"},\"primaryImageOfPage\":{\"@id\":\"https:\\\/\\\/www.darrera.com\\\/es\\\/servicios\\\/monitorizacion-remota-datos\\\/#primaryimage\"},\"image\":{\"@id\":\"https:\\\/\\\/www.darrera.com\\\/es\\\/servicios\\\/monitorizacion-remota-datos\\\/#primaryimage\"},\"thumbnailUrl\":\"https:\\\/\\\/www.darrera.com\\\/wp-content\\\/uploads\\\/icon-monitoring-data-validation.png\",\"datePublished\":\"2017-05-22T09:10:41+00:00\",\"dateModified\":\"2018-09-02T15:45:55+00:00\",\"breadcrumb\":{\"@id\":\"https:\\\/\\\/www.darrera.com\\\/es\\\/servicios\\\/monitorizacion-remota-datos\\\/#breadcrumb\"},\"inLanguage\":\"es\",\"potentialAction\":[{\"@type\":\"ReadAction\",\"target\":[\"https:\\\/\\\/www.darrera.com\\\/es\\\/servicios\\\/monitorizacion-remota-datos\\\/\"]}]},{\"@type\":\"ImageObject\",\"inLanguage\":\"es\",\"@id\":\"https:\\\/\\\/www.darrera.com\\\/es\\\/servicios\\\/monitorizacion-remota-datos\\\/#primaryimage\",\"url\":\"https:\\\/\\\/www.darrera.com\\\/wp-content\\\/uploads\\\/icon-monitoring-data-validation.png\",\"contentUrl\":\"https:\\\/\\\/www.darrera.com\\\/wp-content\\\/uploads\\\/icon-monitoring-data-validation.png\",\"width\":500,\"height\":500,\"caption\":\"Monitorizaci\u00f3n y Validaci\u00f3n de Datos\"},{\"@type\":\"BreadcrumbList\",\"@id\":\"https:\\\/\\\/www.darrera.com\\\/es\\\/servicios\\\/monitorizacion-remota-datos\\\/#breadcrumb\",\"itemListElement\":[{\"@type\":\"ListItem\",\"position\":1,\"name\":\"Home\",\"item\":\"https:\\\/\\\/www.darrera.com\\\/es\\\/\"},{\"@type\":\"ListItem\",\"position\":2,\"name\":\"Servicios\",\"item\":\"https:\\\/\\\/www.darrera.com\\\/es\\\/servicios\\\/\"},{\"@type\":\"ListItem\",\"position\":3,\"name\":\"Monitorizaci\u00f3n Remota de Datos\"}]},{\"@type\":\"WebSite\",\"@id\":\"https:\\\/\\\/www.darrera.com\\\/es\\\/#website\",\"url\":\"https:\\\/\\\/www.darrera.com\\\/es\\\/\",\"name\":\"Darrera\",\"description\":\"Instrumentos, soluciones y servicios meteorol\u00f3gicos\",\"publisher\":{\"@id\":\"https:\\\/\\\/www.darrera.com\\\/es\\\/#organization\"},\"potentialAction\":[{\"@type\":\"SearchAction\",\"target\":{\"@type\":\"EntryPoint\",\"urlTemplate\":\"https:\\\/\\\/www.darrera.com\\\/es\\\/?s={search_term_string}\"},\"query-input\":{\"@type\":\"PropertyValueSpecification\",\"valueRequired\":true,\"valueName\":\"search_term_string\"}}],\"inLanguage\":\"es\"},{\"@type\":\"Organization\",\"@id\":\"https:\\\/\\\/www.darrera.com\\\/es\\\/#organization\",\"name\":\"Darrera\",\"url\":\"https:\\\/\\\/www.darrera.com\\\/es\\\/\",\"logo\":{\"@type\":\"ImageObject\",\"inLanguage\":\"es\",\"@id\":\"https:\\\/\\\/www.darrera.com\\\/es\\\/#\\\/schema\\\/logo\\\/image\\\/\",\"url\":\"https:\\\/\\\/www.darrera.com\\\/wp\\\/wp-content\\\/uploads\\\/logo-darrera.png\",\"contentUrl\":\"https:\\\/\\\/www.darrera.com\\\/wp\\\/wp-content\\\/uploads\\\/logo-darrera.png\",\"width\":500,\"height\":85,\"caption\":\"Darrera\"},\"image\":{\"@id\":\"https:\\\/\\\/www.darrera.com\\\/es\\\/#\\\/schema\\\/logo\\\/image\\\/\"},\"sameAs\":[\"http:\\\/\\\/facebook.com\\\/darrerameteo\",\"https:\\\/\\\/x.com\\\/darrera_meteo\",\"https:\\\/\\\/www.linkedin.com\\\/company\\\/darrera-s-a-\",\"http:\\\/\\\/youtube.com\\\/darreratv\"]}]}<\/script>\n<!-- \/ Yoast SEO plugin. -->","yoast_head_json":{"title":"Monitorizaci\u00f3n Remota de Datos | Darrera","robots":{"index":"index","follow":"follow","max-snippet":"max-snippet:-1","max-image-preview":"max-image-preview:large","max-video-preview":"max-video-preview:-1"},"canonical":"https:\/\/www.darrera.com\/es\/servicios\/monitorizacion-remota-datos\/","og_locale":"es_ES","og_type":"article","og_title":"Monitorizaci\u00f3n Remota de Datos | Darrera","og_description":"Deje la supervisi\u00f3n de su sistema meteorol\u00f3gico en nuestras manos y obtenga datos validados minuciosamente que le permitan centrarse en su negocio principal.","og_url":"https:\/\/www.darrera.com\/es\/servicios\/monitorizacion-remota-datos\/","og_site_name":"Darrera","article_publisher":"http:\/\/facebook.com\/darrerameteo","article_modified_time":"2018-09-02T15:45:55+00:00","og_image":[{"width":500,"height":500,"url":"https:\/\/www.darrera.com\/wp-content\/uploads\/icon-monitoring-data-validation.png","type":"image\/png"}],"twitter_card":"summary_large_image","twitter_site":"@darrera_meteo","twitter_misc":{"Tiempo de lectura":"1 minuto"},"schema":{"@context":"https:\/\/schema.org","@graph":[{"@type":"WebPage","@id":"https:\/\/www.darrera.com\/es\/servicios\/monitorizacion-remota-datos\/","url":"https:\/\/www.darrera.com\/es\/servicios\/monitorizacion-remota-datos\/","name":"Monitorizaci\u00f3n Remota de Datos | Darrera","isPartOf":{"@id":"https:\/\/www.darrera.com\/es\/#website"},"primaryImageOfPage":{"@id":"https:\/\/www.darrera.com\/es\/servicios\/monitorizacion-remota-datos\/#primaryimage"},"image":{"@id":"https:\/\/www.darrera.com\/es\/servicios\/monitorizacion-remota-datos\/#primaryimage"},"thumbnailUrl":"https:\/\/www.darrera.com\/wp-content\/uploads\/icon-monitoring-data-validation.png","datePublished":"2017-05-22T09:10:41+00:00","dateModified":"2018-09-02T15:45:55+00:00","breadcrumb":{"@id":"https:\/\/www.darrera.com\/es\/servicios\/monitorizacion-remota-datos\/#breadcrumb"},"inLanguage":"es","potentialAction":[{"@type":"ReadAction","target":["https:\/\/www.darrera.com\/es\/servicios\/monitorizacion-remota-datos\/"]}]},{"@type":"ImageObject","inLanguage":"es","@id":"https:\/\/www.darrera.com\/es\/servicios\/monitorizacion-remota-datos\/#primaryimage","url":"https:\/\/www.darrera.com\/wp-content\/uploads\/icon-monitoring-data-validation.png","contentUrl":"https:\/\/www.darrera.com\/wp-content\/uploads\/icon-monitoring-data-validation.png","width":500,"height":500,"caption":"Monitorizaci\u00f3n y Validaci\u00f3n de Datos"},{"@type":"BreadcrumbList","@id":"https:\/\/www.darrera.com\/es\/servicios\/monitorizacion-remota-datos\/#breadcrumb","itemListElement":[{"@type":"ListItem","position":1,"name":"Home","item":"https:\/\/www.darrera.com\/es\/"},{"@type":"ListItem","position":2,"name":"Servicios","item":"https:\/\/www.darrera.com\/es\/servicios\/"},{"@type":"ListItem","position":3,"name":"Monitorizaci\u00f3n Remota de Datos"}]},{"@type":"WebSite","@id":"https:\/\/www.darrera.com\/es\/#website","url":"https:\/\/www.darrera.com\/es\/","name":"Darrera","description":"Instrumentos, soluciones y servicios meteorol\u00f3gicos","publisher":{"@id":"https:\/\/www.darrera.com\/es\/#organization"},"potentialAction":[{"@type":"SearchAction","target":{"@type":"EntryPoint","urlTemplate":"https:\/\/www.darrera.com\/es\/?s={search_term_string}"},"query-input":{"@type":"PropertyValueSpecification","valueRequired":true,"valueName":"search_term_string"}}],"inLanguage":"es"},{"@type":"Organization","@id":"https:\/\/www.darrera.com\/es\/#organization","name":"Darrera","url":"https:\/\/www.darrera.com\/es\/","logo":{"@type":"ImageObject","inLanguage":"es","@id":"https:\/\/www.darrera.com\/es\/#\/schema\/logo\/image\/","url":"https:\/\/www.darrera.com\/wp\/wp-content\/uploads\/logo-darrera.png","contentUrl":"https:\/\/www.darrera.com\/wp\/wp-content\/uploads\/logo-darrera.png","width":500,"height":85,"caption":"Darrera"},"image":{"@id":"https:\/\/www.darrera.com\/es\/#\/schema\/logo\/image\/"},"sameAs":["http:\/\/facebook.com\/darrerameteo","https:\/\/x.com\/darrera_meteo","https:\/\/www.linkedin.com\/company\/darrera-s-a-","http:\/\/youtube.com\/darreratv"]}]}},"_links":{"self":[{"href":"https:\/\/www.darrera.com\/es\/wp-json\/wp\/v2\/pages\/569","targetHints":{"allow":["GET"]}}],"collection":[{"href":"https:\/\/www.darrera.com\/es\/wp-json\/wp\/v2\/pages"}],"about":[{"href":"https:\/\/www.darrera.com\/es\/wp-json\/wp\/v2\/types\/page"}],"author":[{"embeddable":true,"href":"https:\/\/www.darrera.com\/es\/wp-json\/wp\/v2\/users\/1"}],"replies":[{"embeddable":true,"href":"https:\/\/www.darrera.com\/es\/wp-json\/wp\/v2\/comments?post=569"}],"version-history":[{"count":6,"href":"https:\/\/www.darrera.com\/es\/wp-json\/wp\/v2\/pages\/569\/revisions"}],"predecessor-version":[{"id":2341,"href":"https:\/\/www.darrera.com\/es\/wp-json\/wp\/v2\/pages\/569\/revisions\/2341"}],"up":[{"embeddable":true,"href":"https:\/\/www.darrera.com\/es\/wp-json\/wp\/v2\/pages\/561"}],"wp:featuredmedia":[{"embeddable":true,"href":"https:\/\/www.darrera.com\/es\/wp-json\/wp\/v2\/media\/365"}],"wp:attachment":[{"href":"https:\/\/www.darrera.com\/es\/wp-json\/wp\/v2\/media?parent=569"}],"curies":[{"name":"wp","href":"https:\/\/api.w.org\/{rel}","templated":true}]}}