{"id":571,"date":"2017-05-22T11:15:21","date_gmt":"2017-05-22T09:15:21","guid":{"rendered":"http:\/\/www.darrera.com\/wp\/?page_id=571\/"},"modified":"2018-02-05T13:12:20","modified_gmt":"2018-02-05T12:12:20","slug":"gestion-proyectos","status":"publish","type":"page","link":"https:\/\/www.darrera.com\/es\/servicios\/gestion-proyectos\/","title":{"rendered":"Gesti\u00f3n de Proyectos"},"content":{"rendered":"<h2>Aseg\u00farese de que sus proyectos son dirigidos por un equipo de profesionales acreditados con el fin de lograr todos sus objetivos.<\/h2>\n<p>Darrera pone a su disposici\u00f3n un servicio integral de gesti\u00f3n de proyectos que abarca cada una de las fases, desde la definici\u00f3n de las especificaciones hasta la instalaci\u00f3n y comprobaci\u00f3n final del sistema meteorol\u00f3gico requerido. Nuestro personal de ingenier\u00eda coordina y supervisa cuidadosamente cada una de las tareas para ofrecer resultados excelentes al cliente.<\/p>\n<h3>Prueba de aceptaci\u00f3n de f\u00e1brica (FAT)<\/h3>\n<p>Nuestros ingenieros llevan a cabo el FAT en nuestras instalaciones como paso previo al env\u00edo del sistema meteorol\u00f3gico. El sistema es probado de acuerdo con el plan de ensayos y las especificaciones del cliente para garantizar que est\u00e1 listo para su instalaci\u00f3n. Proporcionamos a nuestros clientes toda la documentaci\u00f3n correspondiente, incluyendo el protocolo FAT, los manuales de usuario, las fichas t\u00e9cnicas de los sensores, los certificados de calibraci\u00f3n, los requisitos de mantenimiento, la lista de piezas de repuesto y los dibujos t\u00e9cnicos.<\/p>\n<p><strong>Beneficios del cliente<\/strong><\/p>\n<ul>\n<li>Precisi\u00f3n de los datos y fiabilidad del sistema.<\/li>\n<li>Pruebas exhaustivas antes de la entrega.<\/li>\n<li>Servicio personalizado con puntos de calibraci\u00f3n definidos por el cliente.<\/li>\n<li>Documentaci\u00f3n relativa al FAT.<\/li>\n<\/ul>\n<h3>Prueba de aceptaci\u00f3n de sitio (SAT)<\/h3>\n<p>El SAT es realizado por nuestros ingenieros en las instalaciones del cliente tras el montaje del sistema meteorol\u00f3gico. El sistema es probado de acuerdo con el plan de ensayos y las especificaciones del cliente para garantizar que ha sido instalado correctamente y que su funcionamiento es el adecuado.<\/p>\n<p><strong>Beneficios para el cliente<\/strong><\/p>\n<ul>\n<li>Precisi\u00f3n de los datos y fiabilidad del sistema.<\/li>\n<li>Pruebas exhaustivas despu\u00e9s de la instalaci\u00f3n.<\/li>\n<li>Servicio personalizado con puntos de calibraci\u00f3n definidos por el cliente.<\/li>\n<li>Documentaci\u00f3n relativa al SAT.<\/li>\n<\/ul>\n","protected":false},"excerpt":{"rendered":"<p>Aseg\u00farese de que sus proyectos son dirigidos por un equipo de profesionales acreditados con el fin de lograr todos sus objetivos.<\/p>\n","protected":false},"author":1,"featured_media":366,"parent":561,"menu_order":0,"comment_status":"closed","ping_status":"closed","template":"","meta":{"footnotes":""},"class_list":["post-571","page","type-page","status-publish","has-post-thumbnail","hentry"],"yoast_head":"<!-- This site is optimized with the Yoast SEO plugin v27.4 - https:\/\/yoast.com\/product\/yoast-seo-wordpress\/ -->\n<title>Gesti\u00f3n de Proyectos | Darrera<\/title>\n<meta name=\"robots\" content=\"index, follow, max-snippet:-1, max-image-preview:large, max-video-preview:-1\" \/>\n<link rel=\"canonical\" href=\"https:\/\/www.darrera.com\/es\/servicios\/gestion-proyectos\/\" \/>\n<meta property=\"og:locale\" content=\"es_ES\" \/>\n<meta property=\"og:type\" content=\"article\" \/>\n<meta property=\"og:title\" content=\"Gesti\u00f3n de Proyectos | Darrera\" \/>\n<meta property=\"og:description\" content=\"Aseg\u00farese de que sus proyectos son dirigidos por un equipo de profesionales acreditados con el fin de lograr todos sus objetivos.\" \/>\n<meta property=\"og:url\" content=\"https:\/\/www.darrera.com\/es\/servicios\/gestion-proyectos\/\" \/>\n<meta property=\"og:site_name\" content=\"Darrera\" \/>\n<meta property=\"article:publisher\" content=\"http:\/\/facebook.com\/darrerameteo\" \/>\n<meta property=\"article:modified_time\" content=\"2018-02-05T12:12:20+00:00\" \/>\n<meta property=\"og:image\" content=\"https:\/\/www.darrera.com\/wp-content\/uploads\/icon-project-management.png\" \/>\n\t<meta property=\"og:image:width\" content=\"500\" \/>\n\t<meta property=\"og:image:height\" content=\"500\" \/>\n\t<meta property=\"og:image:type\" content=\"image\/png\" \/>\n<meta name=\"twitter:card\" content=\"summary_large_image\" \/>\n<meta name=\"twitter:site\" content=\"@darrera_meteo\" \/>\n<meta name=\"twitter:label1\" content=\"Tiempo de lectura\" \/>\n\t<meta name=\"twitter:data1\" content=\"2 minutos\" \/>\n<script type=\"application\/ld+json\" class=\"yoast-schema-graph\">{\"@context\":\"https:\\\/\\\/schema.org\",\"@graph\":[{\"@type\":\"WebPage\",\"@id\":\"https:\\\/\\\/www.darrera.com\\\/es\\\/servicios\\\/gestion-proyectos\\\/\",\"url\":\"https:\\\/\\\/www.darrera.com\\\/es\\\/servicios\\\/gestion-proyectos\\\/\",\"name\":\"Gesti\u00f3n de Proyectos | Darrera\",\"isPartOf\":{\"@id\":\"https:\\\/\\\/www.darrera.com\\\/es\\\/#website\"},\"primaryImageOfPage\":{\"@id\":\"https:\\\/\\\/www.darrera.com\\\/es\\\/servicios\\\/gestion-proyectos\\\/#primaryimage\"},\"image\":{\"@id\":\"https:\\\/\\\/www.darrera.com\\\/es\\\/servicios\\\/gestion-proyectos\\\/#primaryimage\"},\"thumbnailUrl\":\"https:\\\/\\\/www.darrera.com\\\/wp-content\\\/uploads\\\/icon-project-management.png\",\"datePublished\":\"2017-05-22T09:15:21+00:00\",\"dateModified\":\"2018-02-05T12:12:20+00:00\",\"breadcrumb\":{\"@id\":\"https:\\\/\\\/www.darrera.com\\\/es\\\/servicios\\\/gestion-proyectos\\\/#breadcrumb\"},\"inLanguage\":\"es\",\"potentialAction\":[{\"@type\":\"ReadAction\",\"target\":[\"https:\\\/\\\/www.darrera.com\\\/es\\\/servicios\\\/gestion-proyectos\\\/\"]}]},{\"@type\":\"ImageObject\",\"inLanguage\":\"es\",\"@id\":\"https:\\\/\\\/www.darrera.com\\\/es\\\/servicios\\\/gestion-proyectos\\\/#primaryimage\",\"url\":\"https:\\\/\\\/www.darrera.com\\\/wp-content\\\/uploads\\\/icon-project-management.png\",\"contentUrl\":\"https:\\\/\\\/www.darrera.com\\\/wp-content\\\/uploads\\\/icon-project-management.png\",\"width\":500,\"height\":500,\"caption\":\"Gesti\u00f3n de Proyectos\"},{\"@type\":\"BreadcrumbList\",\"@id\":\"https:\\\/\\\/www.darrera.com\\\/es\\\/servicios\\\/gestion-proyectos\\\/#breadcrumb\",\"itemListElement\":[{\"@type\":\"ListItem\",\"position\":1,\"name\":\"Home\",\"item\":\"https:\\\/\\\/www.darrera.com\\\/es\\\/\"},{\"@type\":\"ListItem\",\"position\":2,\"name\":\"Servicios\",\"item\":\"https:\\\/\\\/www.darrera.com\\\/es\\\/servicios\\\/\"},{\"@type\":\"ListItem\",\"position\":3,\"name\":\"Gesti\u00f3n de Proyectos\"}]},{\"@type\":\"WebSite\",\"@id\":\"https:\\\/\\\/www.darrera.com\\\/es\\\/#website\",\"url\":\"https:\\\/\\\/www.darrera.com\\\/es\\\/\",\"name\":\"Darrera\",\"description\":\"Instrumentos, soluciones y servicios meteorol\u00f3gicos\",\"publisher\":{\"@id\":\"https:\\\/\\\/www.darrera.com\\\/es\\\/#organization\"},\"potentialAction\":[{\"@type\":\"SearchAction\",\"target\":{\"@type\":\"EntryPoint\",\"urlTemplate\":\"https:\\\/\\\/www.darrera.com\\\/es\\\/?s={search_term_string}\"},\"query-input\":{\"@type\":\"PropertyValueSpecification\",\"valueRequired\":true,\"valueName\":\"search_term_string\"}}],\"inLanguage\":\"es\"},{\"@type\":\"Organization\",\"@id\":\"https:\\\/\\\/www.darrera.com\\\/es\\\/#organization\",\"name\":\"Darrera\",\"url\":\"https:\\\/\\\/www.darrera.com\\\/es\\\/\",\"logo\":{\"@type\":\"ImageObject\",\"inLanguage\":\"es\",\"@id\":\"https:\\\/\\\/www.darrera.com\\\/es\\\/#\\\/schema\\\/logo\\\/image\\\/\",\"url\":\"https:\\\/\\\/www.darrera.com\\\/wp\\\/wp-content\\\/uploads\\\/logo-darrera.png\",\"contentUrl\":\"https:\\\/\\\/www.darrera.com\\\/wp\\\/wp-content\\\/uploads\\\/logo-darrera.png\",\"width\":500,\"height\":85,\"caption\":\"Darrera\"},\"image\":{\"@id\":\"https:\\\/\\\/www.darrera.com\\\/es\\\/#\\\/schema\\\/logo\\\/image\\\/\"},\"sameAs\":[\"http:\\\/\\\/facebook.com\\\/darrerameteo\",\"https:\\\/\\\/x.com\\\/darrera_meteo\",\"https:\\\/\\\/www.linkedin.com\\\/company\\\/darrera-s-a-\",\"http:\\\/\\\/youtube.com\\\/darreratv\"]}]}<\/script>\n<!-- \/ Yoast SEO plugin. -->","yoast_head_json":{"title":"Gesti\u00f3n de Proyectos | Darrera","robots":{"index":"index","follow":"follow","max-snippet":"max-snippet:-1","max-image-preview":"max-image-preview:large","max-video-preview":"max-video-preview:-1"},"canonical":"https:\/\/www.darrera.com\/es\/servicios\/gestion-proyectos\/","og_locale":"es_ES","og_type":"article","og_title":"Gesti\u00f3n de Proyectos | Darrera","og_description":"Aseg\u00farese de que sus proyectos son dirigidos por un equipo de profesionales acreditados con el fin de lograr todos sus objetivos.","og_url":"https:\/\/www.darrera.com\/es\/servicios\/gestion-proyectos\/","og_site_name":"Darrera","article_publisher":"http:\/\/facebook.com\/darrerameteo","article_modified_time":"2018-02-05T12:12:20+00:00","og_image":[{"width":500,"height":500,"url":"https:\/\/www.darrera.com\/wp-content\/uploads\/icon-project-management.png","type":"image\/png"}],"twitter_card":"summary_large_image","twitter_site":"@darrera_meteo","twitter_misc":{"Tiempo de lectura":"2 minutos"},"schema":{"@context":"https:\/\/schema.org","@graph":[{"@type":"WebPage","@id":"https:\/\/www.darrera.com\/es\/servicios\/gestion-proyectos\/","url":"https:\/\/www.darrera.com\/es\/servicios\/gestion-proyectos\/","name":"Gesti\u00f3n de Proyectos | Darrera","isPartOf":{"@id":"https:\/\/www.darrera.com\/es\/#website"},"primaryImageOfPage":{"@id":"https:\/\/www.darrera.com\/es\/servicios\/gestion-proyectos\/#primaryimage"},"image":{"@id":"https:\/\/www.darrera.com\/es\/servicios\/gestion-proyectos\/#primaryimage"},"thumbnailUrl":"https:\/\/www.darrera.com\/wp-content\/uploads\/icon-project-management.png","datePublished":"2017-05-22T09:15:21+00:00","dateModified":"2018-02-05T12:12:20+00:00","breadcrumb":{"@id":"https:\/\/www.darrera.com\/es\/servicios\/gestion-proyectos\/#breadcrumb"},"inLanguage":"es","potentialAction":[{"@type":"ReadAction","target":["https:\/\/www.darrera.com\/es\/servicios\/gestion-proyectos\/"]}]},{"@type":"ImageObject","inLanguage":"es","@id":"https:\/\/www.darrera.com\/es\/servicios\/gestion-proyectos\/#primaryimage","url":"https:\/\/www.darrera.com\/wp-content\/uploads\/icon-project-management.png","contentUrl":"https:\/\/www.darrera.com\/wp-content\/uploads\/icon-project-management.png","width":500,"height":500,"caption":"Gesti\u00f3n de Proyectos"},{"@type":"BreadcrumbList","@id":"https:\/\/www.darrera.com\/es\/servicios\/gestion-proyectos\/#breadcrumb","itemListElement":[{"@type":"ListItem","position":1,"name":"Home","item":"https:\/\/www.darrera.com\/es\/"},{"@type":"ListItem","position":2,"name":"Servicios","item":"https:\/\/www.darrera.com\/es\/servicios\/"},{"@type":"ListItem","position":3,"name":"Gesti\u00f3n de Proyectos"}]},{"@type":"WebSite","@id":"https:\/\/www.darrera.com\/es\/#website","url":"https:\/\/www.darrera.com\/es\/","name":"Darrera","description":"Instrumentos, soluciones y servicios meteorol\u00f3gicos","publisher":{"@id":"https:\/\/www.darrera.com\/es\/#organization"},"potentialAction":[{"@type":"SearchAction","target":{"@type":"EntryPoint","urlTemplate":"https:\/\/www.darrera.com\/es\/?s={search_term_string}"},"query-input":{"@type":"PropertyValueSpecification","valueRequired":true,"valueName":"search_term_string"}}],"inLanguage":"es"},{"@type":"Organization","@id":"https:\/\/www.darrera.com\/es\/#organization","name":"Darrera","url":"https:\/\/www.darrera.com\/es\/","logo":{"@type":"ImageObject","inLanguage":"es","@id":"https:\/\/www.darrera.com\/es\/#\/schema\/logo\/image\/","url":"https:\/\/www.darrera.com\/wp\/wp-content\/uploads\/logo-darrera.png","contentUrl":"https:\/\/www.darrera.com\/wp\/wp-content\/uploads\/logo-darrera.png","width":500,"height":85,"caption":"Darrera"},"image":{"@id":"https:\/\/www.darrera.com\/es\/#\/schema\/logo\/image\/"},"sameAs":["http:\/\/facebook.com\/darrerameteo","https:\/\/x.com\/darrera_meteo","https:\/\/www.linkedin.com\/company\/darrera-s-a-","http:\/\/youtube.com\/darreratv"]}]}},"_links":{"self":[{"href":"https:\/\/www.darrera.com\/es\/wp-json\/wp\/v2\/pages\/571","targetHints":{"allow":["GET"]}}],"collection":[{"href":"https:\/\/www.darrera.com\/es\/wp-json\/wp\/v2\/pages"}],"about":[{"href":"https:\/\/www.darrera.com\/es\/wp-json\/wp\/v2\/types\/page"}],"author":[{"embeddable":true,"href":"https:\/\/www.darrera.com\/es\/wp-json\/wp\/v2\/users\/1"}],"replies":[{"embeddable":true,"href":"https:\/\/www.darrera.com\/es\/wp-json\/wp\/v2\/comments?post=571"}],"version-history":[{"count":7,"href":"https:\/\/www.darrera.com\/es\/wp-json\/wp\/v2\/pages\/571\/revisions"}],"predecessor-version":[{"id":884,"href":"https:\/\/www.darrera.com\/es\/wp-json\/wp\/v2\/pages\/571\/revisions\/884"}],"up":[{"embeddable":true,"href":"https:\/\/www.darrera.com\/es\/wp-json\/wp\/v2\/pages\/561"}],"wp:featuredmedia":[{"embeddable":true,"href":"https:\/\/www.darrera.com\/es\/wp-json\/wp\/v2\/media\/366"}],"wp:attachment":[{"href":"https:\/\/www.darrera.com\/es\/wp-json\/wp\/v2\/media?parent=571"}],"curies":[{"name":"wp","href":"https:\/\/api.w.org\/{rel}","templated":true}]}}