{"id":639,"date":"2017-05-22T11:03:04","date_gmt":"2017-05-22T09:03:04","guid":{"rendered":"https:\/\/www.darrera.com\/wp\/?page_id=639"},"modified":"2019-04-24T12:20:45","modified_gmt":"2019-04-24T10:20:45","slug":"politica-cookies","status":"publish","type":"page","link":"https:\/\/www.darrera.com\/es\/politica-cookies\/","title":{"rendered":"Pol\u00edtica de Cookies"},"content":{"rendered":"<h3>Pol\u00edtica de cookies<\/h3>\n<p>Darrera utiliza cookies propias y de terceros para facilitar y analizar la navegaci\u00f3n y para personalizar los contenidos y servicios ofrecidos a los usuarios de su p\u00e1gina web. Para utilizar esta p\u00e1gina web, el usuario debe aceptar el uso que hacemos de las cookies como se detalla a continuaci\u00f3n.<\/p>\n<p>Esta pol\u00edtica de cookies est\u00e1 sujeta a actualizaciones regulares. Su prop\u00f3sito es el de ayudar a comprender el uso que se hace de las cookies y la finalidad de \u00e9stas, as\u00ed como las opciones disponibles para gestionarlas.<\/p>\n<p>Los usuarios pueden cambiar sus preferencias sobre la aceptaci\u00f3n de cookies en la configuraci\u00f3n de su navegador.<\/p>\n<h3>\u00bfQu\u00e9 es una cookie?<\/h3>\n<p>Una cookie es un peque\u00f1o archivo de texto que una p\u00e1gina web almacena en el navegador del usuario. Las cookies facilitan el uso y la navegaci\u00f3n a trav\u00e9s de una p\u00e1gina web y son esenciales para el funcionamiento de Internet.<\/p>\n<p>Las cookies se utilizan, por ejemplo, para gestionar la sesi\u00f3n del usuario (reduciendo el n\u00famero de veces que deben introducirse las credenciales), para adaptar los contenidos de la p\u00e1gina web a las preferencias del usuario o para mejorar los servicios ofrecidos.<\/p>\n<p>Las cookies pueden ser de sesi\u00f3n, las cuales se eliminan una vez que el usuario abandona la p\u00e1gina web, o persistentes, las cuales permanecen en el ordenador del usuario hasta una fecha determinada.<\/p>\n<p>Las cookies tambi\u00e9n pueden ser propias, gestionadas por el dominio al cual el usuario accede y del que solicita un servicio en particular, o de terceros, enviadas al ordenador del usuario desde un dominio diferente al cual se ha accedido.<\/p>\n<h3>Cookies utilizadas<\/h3>\n<p><strong>Cookies propias<\/strong><\/p>\n<p>Darrera utiliza cookies propias para el funcionamiento de esta p\u00e1gina web. En concreto, esta p\u00e1gina web utiliza cookies para guardar las preferencias de navegaci\u00f3n del usuario y sus datos de sesi\u00f3n. Deshabilitar estas cookies bloque\u00e1ndolas en la configuraci\u00f3n del navegador puede impedir el funcionamiento apropiado de algunas de las caracter\u00edsticas de esta p\u00e1gina web.<\/p>\n<p><strong>Cookies de terceros<\/strong><\/p>\n<p>Darrera utiliza cookies de terceros (Google Analytics) para obtener informaci\u00f3n sobre la actividad del usuario cuando visita esta p\u00e1gina web. La informaci\u00f3n recopilada es an\u00f3nima y puede optimizar la navegaci\u00f3n a trav\u00e9s de la p\u00e1gina web y garantizar el mejor servicio al usuario.<\/p>\n<p>Esta p\u00e1gina web dispone de botones de redes sociales que permiten a los usuarios compartir contenido de inter\u00e9s con sus c\u00edrculos sociales. Las cookies utilizadas por las redes sociales evitan que los usuarios tengan que introducir sus credenciales cada vez que comparten dicho contenido. Estos botones no tienen acceso a los datos introducidos por el usuario cuando comparte contenido en una red social.<\/p>\n<p>Esta p\u00e1gina web tambi\u00e9n ofrece al usuario contenidos y servicios proporcionados por terceros, como v\u00eddeos alojados en YouTube o aplicaciones de mapas. Las cookies utilizadas por estos proveedores son necesarias para que el usuario acceda al servicio y est\u00e1n reguladas por los t\u00e9rminos de su respectiva pol\u00edtica de cookies.<\/p>\n<h3>Opciones sobre las cookies<\/h3>\n<p>En cualquier momento, el usuario tiene la posibilidad de aceptar o rechazar el uso de cookies, o rechazar el uso de un determinado tipo de ellas. Adem\u00e1s, despu\u00e9s de cada sesi\u00f3n el usuario puede eliminar todas o algunas de las cookies almacenadas. El usuario tambi\u00e9n puede activar:<\/p>\n<ul>\n<li>La navegaci\u00f3n privada, a trav\u00e9s de la cual el navegador del usuario deja de almacenar el historial de navegaci\u00f3n, las credenciales del usuario, cookies y otra informaci\u00f3n de las p\u00e1ginas web visitadas.<\/li>\n<li>La funci\u00f3n de no rastrear, a trav\u00e9s de la cual el navegador del usuario solicita a las p\u00e1ginas web visitadas el no rastrear sus h\u00e1bitos de navegaci\u00f3n para, por ejemplo, mostrar informaci\u00f3n de inter\u00e9s.<\/li>\n<\/ul>\n<p>Darrera recomienda a los usuarios que lean la secci\u00f3n de ayuda de su navegador para obtener m\u00e1s informaci\u00f3n sobre las diferentes opciones que tienen para gestionar las cookies.<\/p>\n","protected":false},"excerpt":{"rendered":"<p>Pol\u00edtica de cookies Darrera utiliza cookies propias y de terceros para facilitar y analizar la navegaci\u00f3n y para personalizar los contenidos y servicios ofrecidos a los usuarios de su p\u00e1gina web. Para utilizar esta p\u00e1gina web, el usuario debe aceptar el uso que hacemos de las cookies como se detalla a continuaci\u00f3n. Esta pol\u00edtica de cookies est\u00e1 sujeta a actualizaciones&hellip; <\/p>\n","protected":false},"author":1,"featured_media":0,"parent":0,"menu_order":0,"comment_status":"closed","ping_status":"closed","template":"","meta":{"footnotes":""},"class_list":["post-639","page","type-page","status-publish","hentry"],"yoast_head":"<!-- This site is optimized with the Yoast SEO plugin v27.4 - https:\/\/yoast.com\/product\/yoast-seo-wordpress\/ -->\n<title>Pol\u00edtica de Cookies | Darrera<\/title>\n<meta name=\"robots\" content=\"index, follow, max-snippet:-1, max-image-preview:large, max-video-preview:-1\" \/>\n<link rel=\"canonical\" href=\"https:\/\/www.darrera.com\/es\/politica-cookies\/\" \/>\n<meta property=\"og:locale\" content=\"es_ES\" \/>\n<meta property=\"og:type\" content=\"article\" \/>\n<meta property=\"og:title\" content=\"Pol\u00edtica de Cookies | Darrera\" \/>\n<meta property=\"og:description\" content=\"Pol\u00edtica de cookies Darrera utiliza cookies propias y de terceros para facilitar y analizar la navegaci\u00f3n y para personalizar los contenidos y servicios ofrecidos a los usuarios de su p\u00e1gina web. Para utilizar esta p\u00e1gina web, el usuario debe aceptar el uso que hacemos de las cookies como se detalla a continuaci\u00f3n. Esta pol\u00edtica de cookies est\u00e1 sujeta a actualizaciones&hellip;\" \/>\n<meta property=\"og:url\" content=\"https:\/\/www.darrera.com\/es\/politica-cookies\/\" \/>\n<meta property=\"og:site_name\" content=\"Darrera\" \/>\n<meta property=\"article:publisher\" content=\"http:\/\/facebook.com\/darrerameteo\" \/>\n<meta property=\"article:modified_time\" content=\"2019-04-24T10:20:45+00:00\" \/>\n<meta name=\"twitter:card\" content=\"summary_large_image\" \/>\n<meta name=\"twitter:site\" content=\"@darrera_meteo\" \/>\n<meta name=\"twitter:label1\" content=\"Tiempo de lectura\" \/>\n\t<meta name=\"twitter:data1\" content=\"3 minutos\" \/>\n<script type=\"application\/ld+json\" class=\"yoast-schema-graph\">{\"@context\":\"https:\\\/\\\/schema.org\",\"@graph\":[{\"@type\":\"WebPage\",\"@id\":\"https:\\\/\\\/www.darrera.com\\\/es\\\/politica-cookies\\\/\",\"url\":\"https:\\\/\\\/www.darrera.com\\\/es\\\/politica-cookies\\\/\",\"name\":\"Pol\u00edtica de Cookies | Darrera\",\"isPartOf\":{\"@id\":\"https:\\\/\\\/www.darrera.com\\\/es\\\/#website\"},\"datePublished\":\"2017-05-22T09:03:04+00:00\",\"dateModified\":\"2019-04-24T10:20:45+00:00\",\"breadcrumb\":{\"@id\":\"https:\\\/\\\/www.darrera.com\\\/es\\\/politica-cookies\\\/#breadcrumb\"},\"inLanguage\":\"es\",\"potentialAction\":[{\"@type\":\"ReadAction\",\"target\":[\"https:\\\/\\\/www.darrera.com\\\/es\\\/politica-cookies\\\/\"]}]},{\"@type\":\"BreadcrumbList\",\"@id\":\"https:\\\/\\\/www.darrera.com\\\/es\\\/politica-cookies\\\/#breadcrumb\",\"itemListElement\":[{\"@type\":\"ListItem\",\"position\":1,\"name\":\"Home\",\"item\":\"https:\\\/\\\/www.darrera.com\\\/es\\\/\"},{\"@type\":\"ListItem\",\"position\":2,\"name\":\"Pol\u00edtica de Cookies\"}]},{\"@type\":\"WebSite\",\"@id\":\"https:\\\/\\\/www.darrera.com\\\/es\\\/#website\",\"url\":\"https:\\\/\\\/www.darrera.com\\\/es\\\/\",\"name\":\"Darrera\",\"description\":\"Instrumentos, soluciones y servicios meteorol\u00f3gicos\",\"publisher\":{\"@id\":\"https:\\\/\\\/www.darrera.com\\\/es\\\/#organization\"},\"potentialAction\":[{\"@type\":\"SearchAction\",\"target\":{\"@type\":\"EntryPoint\",\"urlTemplate\":\"https:\\\/\\\/www.darrera.com\\\/es\\\/?s={search_term_string}\"},\"query-input\":{\"@type\":\"PropertyValueSpecification\",\"valueRequired\":true,\"valueName\":\"search_term_string\"}}],\"inLanguage\":\"es\"},{\"@type\":\"Organization\",\"@id\":\"https:\\\/\\\/www.darrera.com\\\/es\\\/#organization\",\"name\":\"Darrera\",\"url\":\"https:\\\/\\\/www.darrera.com\\\/es\\\/\",\"logo\":{\"@type\":\"ImageObject\",\"inLanguage\":\"es\",\"@id\":\"https:\\\/\\\/www.darrera.com\\\/es\\\/#\\\/schema\\\/logo\\\/image\\\/\",\"url\":\"https:\\\/\\\/www.darrera.com\\\/wp\\\/wp-content\\\/uploads\\\/logo-darrera.png\",\"contentUrl\":\"https:\\\/\\\/www.darrera.com\\\/wp\\\/wp-content\\\/uploads\\\/logo-darrera.png\",\"width\":500,\"height\":85,\"caption\":\"Darrera\"},\"image\":{\"@id\":\"https:\\\/\\\/www.darrera.com\\\/es\\\/#\\\/schema\\\/logo\\\/image\\\/\"},\"sameAs\":[\"http:\\\/\\\/facebook.com\\\/darrerameteo\",\"https:\\\/\\\/x.com\\\/darrera_meteo\",\"https:\\\/\\\/www.linkedin.com\\\/company\\\/darrera-s-a-\",\"http:\\\/\\\/youtube.com\\\/darreratv\"]}]}<\/script>\n<!-- \/ Yoast SEO plugin. -->","yoast_head_json":{"title":"Pol\u00edtica de Cookies | Darrera","robots":{"index":"index","follow":"follow","max-snippet":"max-snippet:-1","max-image-preview":"max-image-preview:large","max-video-preview":"max-video-preview:-1"},"canonical":"https:\/\/www.darrera.com\/es\/politica-cookies\/","og_locale":"es_ES","og_type":"article","og_title":"Pol\u00edtica de Cookies | Darrera","og_description":"Pol\u00edtica de cookies Darrera utiliza cookies propias y de terceros para facilitar y analizar la navegaci\u00f3n y para personalizar los contenidos y servicios ofrecidos a los usuarios de su p\u00e1gina web. Para utilizar esta p\u00e1gina web, el usuario debe aceptar el uso que hacemos de las cookies como se detalla a continuaci\u00f3n. Esta pol\u00edtica de cookies est\u00e1 sujeta a actualizaciones&hellip;","og_url":"https:\/\/www.darrera.com\/es\/politica-cookies\/","og_site_name":"Darrera","article_publisher":"http:\/\/facebook.com\/darrerameteo","article_modified_time":"2019-04-24T10:20:45+00:00","twitter_card":"summary_large_image","twitter_site":"@darrera_meteo","twitter_misc":{"Tiempo de lectura":"3 minutos"},"schema":{"@context":"https:\/\/schema.org","@graph":[{"@type":"WebPage","@id":"https:\/\/www.darrera.com\/es\/politica-cookies\/","url":"https:\/\/www.darrera.com\/es\/politica-cookies\/","name":"Pol\u00edtica de Cookies | Darrera","isPartOf":{"@id":"https:\/\/www.darrera.com\/es\/#website"},"datePublished":"2017-05-22T09:03:04+00:00","dateModified":"2019-04-24T10:20:45+00:00","breadcrumb":{"@id":"https:\/\/www.darrera.com\/es\/politica-cookies\/#breadcrumb"},"inLanguage":"es","potentialAction":[{"@type":"ReadAction","target":["https:\/\/www.darrera.com\/es\/politica-cookies\/"]}]},{"@type":"BreadcrumbList","@id":"https:\/\/www.darrera.com\/es\/politica-cookies\/#breadcrumb","itemListElement":[{"@type":"ListItem","position":1,"name":"Home","item":"https:\/\/www.darrera.com\/es\/"},{"@type":"ListItem","position":2,"name":"Pol\u00edtica de Cookies"}]},{"@type":"WebSite","@id":"https:\/\/www.darrera.com\/es\/#website","url":"https:\/\/www.darrera.com\/es\/","name":"Darrera","description":"Instrumentos, soluciones y servicios meteorol\u00f3gicos","publisher":{"@id":"https:\/\/www.darrera.com\/es\/#organization"},"potentialAction":[{"@type":"SearchAction","target":{"@type":"EntryPoint","urlTemplate":"https:\/\/www.darrera.com\/es\/?s={search_term_string}"},"query-input":{"@type":"PropertyValueSpecification","valueRequired":true,"valueName":"search_term_string"}}],"inLanguage":"es"},{"@type":"Organization","@id":"https:\/\/www.darrera.com\/es\/#organization","name":"Darrera","url":"https:\/\/www.darrera.com\/es\/","logo":{"@type":"ImageObject","inLanguage":"es","@id":"https:\/\/www.darrera.com\/es\/#\/schema\/logo\/image\/","url":"https:\/\/www.darrera.com\/wp\/wp-content\/uploads\/logo-darrera.png","contentUrl":"https:\/\/www.darrera.com\/wp\/wp-content\/uploads\/logo-darrera.png","width":500,"height":85,"caption":"Darrera"},"image":{"@id":"https:\/\/www.darrera.com\/es\/#\/schema\/logo\/image\/"},"sameAs":["http:\/\/facebook.com\/darrerameteo","https:\/\/x.com\/darrera_meteo","https:\/\/www.linkedin.com\/company\/darrera-s-a-","http:\/\/youtube.com\/darreratv"]}]}},"_links":{"self":[{"href":"https:\/\/www.darrera.com\/es\/wp-json\/wp\/v2\/pages\/639","targetHints":{"allow":["GET"]}}],"collection":[{"href":"https:\/\/www.darrera.com\/es\/wp-json\/wp\/v2\/pages"}],"about":[{"href":"https:\/\/www.darrera.com\/es\/wp-json\/wp\/v2\/types\/page"}],"author":[{"embeddable":true,"href":"https:\/\/www.darrera.com\/es\/wp-json\/wp\/v2\/users\/1"}],"replies":[{"embeddable":true,"href":"https:\/\/www.darrera.com\/es\/wp-json\/wp\/v2\/comments?post=639"}],"version-history":[{"count":26,"href":"https:\/\/www.darrera.com\/es\/wp-json\/wp\/v2\/pages\/639\/revisions"}],"predecessor-version":[{"id":3075,"href":"https:\/\/www.darrera.com\/es\/wp-json\/wp\/v2\/pages\/639\/revisions\/3075"}],"wp:attachment":[{"href":"https:\/\/www.darrera.com\/es\/wp-json\/wp\/v2\/media?parent=639"}],"curies":[{"name":"wp","href":"https:\/\/api.w.org\/{rel}","templated":true}]}}