{"id":642,"date":"2017-05-22T11:04:28","date_gmt":"2017-05-22T09:04:28","guid":{"rendered":"https:\/\/www.darrera.com\/wp\/?page_id=642"},"modified":"2019-10-01T19:30:52","modified_gmt":"2019-10-01T17:30:52","slug":"aviso-legal","status":"publish","type":"page","link":"https:\/\/www.darrera.com\/es\/aviso-legal\/","title":{"rendered":"Aviso Legal"},"content":{"rendered":"<h2>Aviso legal<\/h2>\n<p>En cumplimiento de la legislaci\u00f3n vigente, informamos al usuario de que la empresa responsable de esta p\u00e1gina web es Darrera, S.A. con NIF ES-A58840638, la cual est\u00e1 inscrita en el Registro Mercantil de Barcelona, Tomo 11017, Libro 09928, Folio 222, Hoja B-38904. El usuario puede pedir informaci\u00f3n adicional mediante solicitud escrita remitida a:<\/p>\n<p>DARRERA, S.A.<br \/>\nA LA ATENCI\u00d3N DEL RESPONSABLE DE PROTECCI\u00d3N DE DATOS<br \/>\nCarrer de l\u2019Esgl\u00e9sia 5-7-9<br \/>\n08950 Esplugues de Llobregat<br \/>\nBarcelona (Espa\u00f1a)<\/p>\n<h3>Condici\u00f3n de usuario<\/h3>\n<p>El uso de esta p\u00e1gina web otorga la condici\u00f3n de usuario e implica la aceptaci\u00f3n plena y sin reservas de todas y cada una de las disposiciones contenidas en este aviso legal en la versi\u00f3n publicada por Darrera en el preciso momento de acceder a la p\u00e1gina web. Por lo tanto, los usuarios deber\u00edan leer atentamente este aviso legal en cada una de las ocasiones en las que pretendan utilizar esta p\u00e1gina web, ya que podr\u00eda haber cambios.<\/p>\n<h3>Responsabilidad del usuario<\/h3>\n<p>No solo el acceso a esta p\u00e1gina web sino tambi\u00e9n el uso de los contenidos y servicios incluidos en la misma, son de exclusiva responsabilidad del usuario. Por lo tanto, el uso que pueda hacerse de la informaci\u00f3n, im\u00e1genes y otros materiales contenidos en esta p\u00e1gina web est\u00e1 supeditado a la legislaci\u00f3n vigente, as\u00ed como tambi\u00e9n a los principios de buena fe y uso l\u00edcito por parte del usuario, quien es enteramente responsable del mencionado uso.<\/p>\n<p>Se requiere al usuario que realice un uso razonable de los contenidos y servicios bajo el principio de buena fe y con respeto por la ley, la moralidad, el orden p\u00fablico y los derechos de terceros y de la propia Darrera, y de acuerdo con las posibilidades y fines para los que han sido dise\u00f1ados. Darrera no asume ninguna responsabilidad por da\u00f1os derivados del mal uso de los contenidos o servicios realizado por el usuario u otros.<\/p>\n<h3>Descargo y limitaci\u00f3n de responsabilidad<\/h3>\n<p>Los contenidos y servicios incluidos en esta p\u00e1gina web pueden contener inexactitudes o errores tipogr\u00e1ficos. Darrera no garantiza que estos defectos sean corregidos. En cualquier momento, Darrera puede realizar mejoras o cambios en los contenidos o servicios.<\/p>\n<p>Darrera ha obtenido la informaci\u00f3n, im\u00e1genes y otros materiales contenidos en esta p\u00e1gina web de fuentes consideradas fiables pero, a pesar de que se han seguido los pasos adecuados para asegurar que la informaci\u00f3n es correcta, no se garantiza que sea precisa y actualizada. En caso de que el usuario tome decisiones o lleve a cabo acciones bas\u00e1ndose en la informaci\u00f3n contenida en esta p\u00e1gina web, es recomendable verificar dicha informaci\u00f3n con otras fuentes.<\/p>\n<p>Tambi\u00e9n debe tenerse en cuenta que todos los contenidos de esta p\u00e1gina web tienen fines informativos \u00fanicamente, y en ning\u00fan caso implican una relaci\u00f3n entre esta p\u00e1gina web y el titular de dichos contenidos.<\/p>\n<p>Darrera se exime de cualquier responsabilidad en caso de interrupciones o mal funcionamiento de los contenidos o servicios, cualquiera que sea su causa. Adicionalmente, Darrera no es responsable de problemas de red, p\u00e9rdida de negocio como resultado de estos problemas, suspensiones temporales del suministro el\u00e9ctrico o cualquier otro da\u00f1o que pueda ser causado al usuario. Darrera no garantiza que el servidor que pone a disposici\u00f3n los contenidos y servicios est\u00e9 libre de virus u otros componentes da\u00f1inos, aunque se realizan todos los esfuerzos para evitar dichos incidentes.<\/p>\n<h3>Enlaces y contenido de terceros<\/h3>\n<p>Darrera no es responsable de las p\u00e1ginas web de las que no es titular, de aquellas a las que se pueda acceder a trav\u00e9s de enlaces o de cualquier otro contenido proporcionado por un tercero. Cualquier uso de un enlace o acceso a otra p\u00e1gina web se realiza bajo la exclusiva responsabilidad del usuario. Darrera no recomienda ni garantiza ninguna informaci\u00f3n obtenida a trav\u00e9s de cualquier enlace y no se hace responsable de da\u00f1os derivados del uso o mal uso de un enlace. Adicionalmente, Darrera tampoco es responsable por interrupciones en el servicio ni en el acceso causadas por el uso de un enlace.<\/p>\n<h3>Propiedad intelectual<\/h3>\n<p>Los contenidos (informaci\u00f3n, im\u00e1genes y otros materiales) incluidos en esta p\u00e1gina web se consideran un trabajo reconocido por la ley de propiedad intelectual y est\u00e1n, por lo tanto, protegidos por leyes y acuerdos internacionales en esta materia. En consecuencia, todos los contenidos est\u00e1n sujetos a derechos de propiedad intelectual de Darrera o de terceros que han autorizado debidamente su inclusi\u00f3n en esta p\u00e1gina web.<\/p>\n<p>Se proh\u00edbe cualquier acto de reproducci\u00f3n, exhibici\u00f3n, distribuci\u00f3n, transmisi\u00f3n, difusi\u00f3n y almacenamiento en soportes f\u00edsicos o l\u00f3gicos de cualquier contenido incluido en esta p\u00e1gina web sin el permiso previo por escrito de Darrera.<\/p>\n<p>Para cualquier sugerencia, observaci\u00f3n, opini\u00f3n o comentario enviado por el usuario, se concede autorizaci\u00f3n a Darrera para su reproducci\u00f3n, exhibici\u00f3n, distribuci\u00f3n, transmisi\u00f3n, difusi\u00f3n y almacenamiento en soportes f\u00edsicos o l\u00f3gicos. Asimismo, esta autorizaci\u00f3n se concede de forma gratuita y sin pretensiones econ\u00f3micas. Darrera tambi\u00e9n est\u00e1 autorizada a modificar o alterar el formato de esta informaci\u00f3n.<\/p>\n<h3>Legislaci\u00f3n aplicable<\/h3>\n<p>El incumplimiento de las disposiciones anteriores implica la comisi\u00f3n de actos ilegales y conlleva duras sanciones recogidas en la legislaci\u00f3n civil y criminal.<\/p>\n<p>Cualquier disputa que pueda surgir entre el usuario y Darrera se regir\u00e1 por este aviso legal y por la legislaci\u00f3n espa\u00f1ola.<\/p>\n","protected":false},"excerpt":{"rendered":"<p>Aviso legal En cumplimiento de la legislaci\u00f3n vigente, informamos al usuario de que la empresa responsable de esta p\u00e1gina web es Darrera, S.A. con NIF ES-A58840638, la cual est\u00e1 inscrita en el Registro Mercantil de Barcelona, Tomo 11017, Libro 09928, Folio 222, Hoja B-38904. El usuario puede pedir informaci\u00f3n adicional mediante solicitud escrita remitida a: DARRERA, S.A. A LA ATENCI\u00d3N&hellip; <\/p>\n","protected":false},"author":1,"featured_media":0,"parent":0,"menu_order":0,"comment_status":"closed","ping_status":"closed","template":"","meta":{"footnotes":""},"class_list":["post-642","page","type-page","status-publish","hentry"],"yoast_head":"<!-- This site is optimized with the Yoast SEO plugin v27.3 - https:\/\/yoast.com\/product\/yoast-seo-wordpress\/ -->\n<title>Aviso Legal | Darrera<\/title>\n<meta name=\"robots\" content=\"index, follow, max-snippet:-1, max-image-preview:large, max-video-preview:-1\" \/>\n<link rel=\"canonical\" href=\"https:\/\/www.darrera.com\/es\/aviso-legal\/\" \/>\n<meta property=\"og:locale\" content=\"es_ES\" \/>\n<meta property=\"og:type\" content=\"article\" \/>\n<meta property=\"og:title\" content=\"Aviso Legal | Darrera\" \/>\n<meta property=\"og:description\" content=\"Aviso legal En cumplimiento de la legislaci\u00f3n vigente, informamos al usuario de que la empresa responsable de esta p\u00e1gina web es Darrera, S.A. con NIF ES-A58840638, la cual est\u00e1 inscrita en el Registro Mercantil de Barcelona, Tomo 11017, Libro 09928, Folio 222, Hoja B-38904. El usuario puede pedir informaci\u00f3n adicional mediante solicitud escrita remitida a: DARRERA, S.A. A LA ATENCI\u00d3N&hellip;\" \/>\n<meta property=\"og:url\" content=\"https:\/\/www.darrera.com\/es\/aviso-legal\/\" \/>\n<meta property=\"og:site_name\" content=\"Darrera\" \/>\n<meta property=\"article:publisher\" content=\"http:\/\/facebook.com\/darrerameteo\" \/>\n<meta property=\"article:modified_time\" content=\"2019-10-01T17:30:52+00:00\" \/>\n<meta name=\"twitter:card\" content=\"summary_large_image\" \/>\n<meta name=\"twitter:site\" content=\"@darrera_meteo\" \/>\n<meta name=\"twitter:label1\" content=\"Tiempo de lectura\" \/>\n\t<meta name=\"twitter:data1\" content=\"5 minutos\" \/>\n<script type=\"application\/ld+json\" class=\"yoast-schema-graph\">{\"@context\":\"https:\\\/\\\/schema.org\",\"@graph\":[{\"@type\":\"WebPage\",\"@id\":\"https:\\\/\\\/www.darrera.com\\\/es\\\/aviso-legal\\\/\",\"url\":\"https:\\\/\\\/www.darrera.com\\\/es\\\/aviso-legal\\\/\",\"name\":\"Aviso Legal | Darrera\",\"isPartOf\":{\"@id\":\"https:\\\/\\\/www.darrera.com\\\/es\\\/#website\"},\"datePublished\":\"2017-05-22T09:04:28+00:00\",\"dateModified\":\"2019-10-01T17:30:52+00:00\",\"breadcrumb\":{\"@id\":\"https:\\\/\\\/www.darrera.com\\\/es\\\/aviso-legal\\\/#breadcrumb\"},\"inLanguage\":\"es\",\"potentialAction\":[{\"@type\":\"ReadAction\",\"target\":[\"https:\\\/\\\/www.darrera.com\\\/es\\\/aviso-legal\\\/\"]}]},{\"@type\":\"BreadcrumbList\",\"@id\":\"https:\\\/\\\/www.darrera.com\\\/es\\\/aviso-legal\\\/#breadcrumb\",\"itemListElement\":[{\"@type\":\"ListItem\",\"position\":1,\"name\":\"Home\",\"item\":\"https:\\\/\\\/www.darrera.com\\\/es\\\/\"},{\"@type\":\"ListItem\",\"position\":2,\"name\":\"Aviso Legal\"}]},{\"@type\":\"WebSite\",\"@id\":\"https:\\\/\\\/www.darrera.com\\\/es\\\/#website\",\"url\":\"https:\\\/\\\/www.darrera.com\\\/es\\\/\",\"name\":\"Darrera\",\"description\":\"Instrumentos, soluciones y servicios meteorol\u00f3gicos\",\"publisher\":{\"@id\":\"https:\\\/\\\/www.darrera.com\\\/es\\\/#organization\"},\"potentialAction\":[{\"@type\":\"SearchAction\",\"target\":{\"@type\":\"EntryPoint\",\"urlTemplate\":\"https:\\\/\\\/www.darrera.com\\\/es\\\/?s={search_term_string}\"},\"query-input\":{\"@type\":\"PropertyValueSpecification\",\"valueRequired\":true,\"valueName\":\"search_term_string\"}}],\"inLanguage\":\"es\"},{\"@type\":\"Organization\",\"@id\":\"https:\\\/\\\/www.darrera.com\\\/es\\\/#organization\",\"name\":\"Darrera\",\"url\":\"https:\\\/\\\/www.darrera.com\\\/es\\\/\",\"logo\":{\"@type\":\"ImageObject\",\"inLanguage\":\"es\",\"@id\":\"https:\\\/\\\/www.darrera.com\\\/es\\\/#\\\/schema\\\/logo\\\/image\\\/\",\"url\":\"https:\\\/\\\/www.darrera.com\\\/wp\\\/wp-content\\\/uploads\\\/logo-darrera.png\",\"contentUrl\":\"https:\\\/\\\/www.darrera.com\\\/wp\\\/wp-content\\\/uploads\\\/logo-darrera.png\",\"width\":500,\"height\":85,\"caption\":\"Darrera\"},\"image\":{\"@id\":\"https:\\\/\\\/www.darrera.com\\\/es\\\/#\\\/schema\\\/logo\\\/image\\\/\"},\"sameAs\":[\"http:\\\/\\\/facebook.com\\\/darrerameteo\",\"https:\\\/\\\/x.com\\\/darrera_meteo\",\"https:\\\/\\\/www.linkedin.com\\\/company\\\/darrera-s-a-\",\"http:\\\/\\\/youtube.com\\\/darreratv\"]}]}<\/script>\n<!-- \/ Yoast SEO plugin. -->","yoast_head_json":{"title":"Aviso Legal | Darrera","robots":{"index":"index","follow":"follow","max-snippet":"max-snippet:-1","max-image-preview":"max-image-preview:large","max-video-preview":"max-video-preview:-1"},"canonical":"https:\/\/www.darrera.com\/es\/aviso-legal\/","og_locale":"es_ES","og_type":"article","og_title":"Aviso Legal | Darrera","og_description":"Aviso legal En cumplimiento de la legislaci\u00f3n vigente, informamos al usuario de que la empresa responsable de esta p\u00e1gina web es Darrera, S.A. con NIF ES-A58840638, la cual est\u00e1 inscrita en el Registro Mercantil de Barcelona, Tomo 11017, Libro 09928, Folio 222, Hoja B-38904. El usuario puede pedir informaci\u00f3n adicional mediante solicitud escrita remitida a: DARRERA, S.A. A LA ATENCI\u00d3N&hellip;","og_url":"https:\/\/www.darrera.com\/es\/aviso-legal\/","og_site_name":"Darrera","article_publisher":"http:\/\/facebook.com\/darrerameteo","article_modified_time":"2019-10-01T17:30:52+00:00","twitter_card":"summary_large_image","twitter_site":"@darrera_meteo","twitter_misc":{"Tiempo de lectura":"5 minutos"},"schema":{"@context":"https:\/\/schema.org","@graph":[{"@type":"WebPage","@id":"https:\/\/www.darrera.com\/es\/aviso-legal\/","url":"https:\/\/www.darrera.com\/es\/aviso-legal\/","name":"Aviso Legal | Darrera","isPartOf":{"@id":"https:\/\/www.darrera.com\/es\/#website"},"datePublished":"2017-05-22T09:04:28+00:00","dateModified":"2019-10-01T17:30:52+00:00","breadcrumb":{"@id":"https:\/\/www.darrera.com\/es\/aviso-legal\/#breadcrumb"},"inLanguage":"es","potentialAction":[{"@type":"ReadAction","target":["https:\/\/www.darrera.com\/es\/aviso-legal\/"]}]},{"@type":"BreadcrumbList","@id":"https:\/\/www.darrera.com\/es\/aviso-legal\/#breadcrumb","itemListElement":[{"@type":"ListItem","position":1,"name":"Home","item":"https:\/\/www.darrera.com\/es\/"},{"@type":"ListItem","position":2,"name":"Aviso Legal"}]},{"@type":"WebSite","@id":"https:\/\/www.darrera.com\/es\/#website","url":"https:\/\/www.darrera.com\/es\/","name":"Darrera","description":"Instrumentos, soluciones y servicios meteorol\u00f3gicos","publisher":{"@id":"https:\/\/www.darrera.com\/es\/#organization"},"potentialAction":[{"@type":"SearchAction","target":{"@type":"EntryPoint","urlTemplate":"https:\/\/www.darrera.com\/es\/?s={search_term_string}"},"query-input":{"@type":"PropertyValueSpecification","valueRequired":true,"valueName":"search_term_string"}}],"inLanguage":"es"},{"@type":"Organization","@id":"https:\/\/www.darrera.com\/es\/#organization","name":"Darrera","url":"https:\/\/www.darrera.com\/es\/","logo":{"@type":"ImageObject","inLanguage":"es","@id":"https:\/\/www.darrera.com\/es\/#\/schema\/logo\/image\/","url":"https:\/\/www.darrera.com\/wp\/wp-content\/uploads\/logo-darrera.png","contentUrl":"https:\/\/www.darrera.com\/wp\/wp-content\/uploads\/logo-darrera.png","width":500,"height":85,"caption":"Darrera"},"image":{"@id":"https:\/\/www.darrera.com\/es\/#\/schema\/logo\/image\/"},"sameAs":["http:\/\/facebook.com\/darrerameteo","https:\/\/x.com\/darrera_meteo","https:\/\/www.linkedin.com\/company\/darrera-s-a-","http:\/\/youtube.com\/darreratv"]}]}},"_links":{"self":[{"href":"https:\/\/www.darrera.com\/es\/wp-json\/wp\/v2\/pages\/642","targetHints":{"allow":["GET"]}}],"collection":[{"href":"https:\/\/www.darrera.com\/es\/wp-json\/wp\/v2\/pages"}],"about":[{"href":"https:\/\/www.darrera.com\/es\/wp-json\/wp\/v2\/types\/page"}],"author":[{"embeddable":true,"href":"https:\/\/www.darrera.com\/es\/wp-json\/wp\/v2\/users\/1"}],"replies":[{"embeddable":true,"href":"https:\/\/www.darrera.com\/es\/wp-json\/wp\/v2\/comments?post=642"}],"version-history":[{"count":55,"href":"https:\/\/www.darrera.com\/es\/wp-json\/wp\/v2\/pages\/642\/revisions"}],"predecessor-version":[{"id":3434,"href":"https:\/\/www.darrera.com\/es\/wp-json\/wp\/v2\/pages\/642\/revisions\/3434"}],"wp:attachment":[{"href":"https:\/\/www.darrera.com\/es\/wp-json\/wp\/v2\/media?parent=642"}],"curies":[{"name":"wp","href":"https:\/\/api.w.org\/{rel}","templated":true}]}}