{"id":644,"date":"2017-05-22T11:05:36","date_gmt":"2017-05-22T09:05:36","guid":{"rendered":"https:\/\/www.darrera.com\/wp\/?page_id=644"},"modified":"2019-10-02T18:26:08","modified_gmt":"2019-10-02T16:26:08","slug":"politica-privacidad","status":"publish","type":"page","link":"https:\/\/www.darrera.com\/es\/politica-privacidad\/","title":{"rendered":"Pol\u00edtica de Privacidad"},"content":{"rendered":"<h2>Pol\u00edtica de privacidad<\/h2>\n<p>En cumplimiento del Reglamento General de Protecci\u00f3n de Datos (RGPD) (EU) 2016\/679 del Parlamento Europeo y del Consejo, de 27 de abril de 2016, y de la Ley Org\u00e1nica 3\/2018, de 5 de diciembre, de Protecci\u00f3n de Datos Personales y Garant\u00eda de los Derechos Digitales, informamos al usuario de que Darrera recoge exclusivamente los datos estrictamente necesarios para prestar servicios derivados de su actividad y otras prestaciones y actividades atribuidas por la ley vigente.<\/p>\n<p>La presente pol\u00edtica de privacidad puede cambiar con el tiempo debido a posibles cambios en la legislaci\u00f3n, jurisprudencia o el criterio utilizado por la Agencia Espa\u00f1ola de Protecci\u00f3n de Datos o la autoridad competente en cada momento. Es por ello que Darrera se reserva el derecho a modificar la presente pol\u00edtica de privacidad para adaptarla a novedades legislativas o jurisprudenciales que se encuentren vigentes en el preciso momento de acceder a esta p\u00e1gina web. En el supuesto anterior, Darrera anunciar\u00e1 en esta p\u00e1gina web los cambios introducidos con antelaci\u00f3n a su implementaci\u00f3n.<\/p>\n<h3>Recogida de datos<\/h3>\n<p>Darrera recoge exclusivamente datos de contacto como nombre, apellido y email. Esta informaci\u00f3n es recibida \u00fanicamente por Darrera y conservada el tiempo estrictamente necesario para lograr el fin por el cual fue solicitada.<\/p>\n<p>Durante el proceso de recogida de datos, y siempre que se soliciten datos personales, el usuario ser\u00e1 notificado del car\u00e1cter obligatorio o voluntario de estos datos y, en caso de que esto no pueda ser deducido del formulario electr\u00f3nico en cuesti\u00f3n, de la necesidad de completar estos datos para poder acceder a ciertos contenidos o servicios disponibles en esta p\u00e1gina web.<\/p>\n<h3>Finalidad, confidencialidad y seguridad<\/h3>\n<p>Todos los datos proporcionados mediante email o formularios electr\u00f3nicos ser\u00e1n incorporados a un sistema de tratamiento titularidad de Darrera, cuyo fin es el mantenimiento de la relaci\u00f3n comercial con el usuario y la distribuci\u00f3n de informaci\u00f3n de inter\u00e9s, as\u00ed como tambi\u00e9n la realizaci\u00f3n de otras actividades relacionadas. Estos datos ser\u00e1n tratados seg\u00fan la normativa vigente de protecci\u00f3n de datos personales y ser\u00e1n siempre considerados confidenciales por todo el personal de Darrera y sus asociados que tengan acceso a los mismos. Darrera se compromete a adoptar todas las medidas razonables para garantizar la seguridad de estos datos.<\/p>\n<h3>Legitimidad del tratamiento<\/h3>\n<p>Darrera solicita datos de contacto con el inter\u00e9s leg\u00edtimo de dar respuesta a las consultas del usuario. En determinados casos, tambi\u00e9n pueden solicitarse datos de facturaci\u00f3n con el fin de poder establecer una relaci\u00f3n comercial con el usuario.<\/p>\n<p>Adicionalmente, se solicitar\u00e1 al usuario su consentimiento para permitir que Darrera utilice los datos proporcionados para transmitir informaci\u00f3n relacionada con la empresa y sus actividades.<\/p>\n<p>Mediante la cumplimentaci\u00f3n de los formularios contenidos en esta p\u00e1gina web, el usuario acepta la inclusi\u00f3n de los datos proporcionados en un fichero de datos de car\u00e1cter personal, cuyo \u00fanico titular es Darrera. Esto significa que el usuario acepta esta pol\u00edtica de privacidad, d\u00e1ndose a entender que ha sido informado de las condiciones de uso, y se compromete a su entero cumplimiento mientras navega y participa en esta p\u00e1gina web.<\/p>\n<h3>Derechos del usuario<\/h3>\n<p>El usuario puede ejercer, sobre los datos recogidos de la forma descrita en las secciones anteriores, los derechos reconocidos en el RGPD y, en particular, los derechos de acceso, rectificaci\u00f3n, supresi\u00f3n, oposici\u00f3n, portabilidad y limitaci\u00f3n. Los derechos a los que se refiere la declaraci\u00f3n anterior pueden ser ejercidos por cada usuario mediante solicitud escrita, acompa\u00f1ada de fotocopia del DNI o pasaporte, remitida a:<\/p>\n<p>DARRERA, S.A.<br \/>\nA LA ATENCI\u00d3N DEL RESPONSABLE DE PROTECCI\u00d3N DE DATOS<br \/>\nCarrer de l\u2019Esgl\u00e9sia 5-7-9<br \/>\n08950 Esplugues de Llobregat<br \/>\nBarcelona (Espa\u00f1a)<\/p>\n<h3>Transferencia de datos<\/h3>\n<p>Salvo que el usuario haya sido informado de la posible existencia de transferencias de datos a terceros y se haya obtenido su consentimiento para las mismas, en ning\u00fan caso, excepto aquellos casos amparados por la ley vigente, ning\u00fan tercero tendr\u00e1 acceso a los datos personales o de navegaci\u00f3n del usuario. En el resto de casos, Darrera colaborar\u00e1 para que el tercero cumpla con la legislaci\u00f3n vigente, aunque la responsabilidad es exclusivamente aquella del mencionado tercero.<\/p>\n<p>Darrera no vende, alquila, cede o transfiere datos personales de los usuarios de esta p\u00e1gina web a terceros, excepto en el caso l\u00f3gico de prestar el servicio.<\/p>\n<h3>Cancelaci\u00f3n de una subscripci\u00f3n<\/h3>\n<p>De forma ocasional, Darrera puede enviar emails notificando mejoras, innovaciones u ofertas comerciales. En cualquier momento, el usuario puede cancelar la subscripci\u00f3n a estos emails contactando con Darrera.<\/p>\n","protected":false},"excerpt":{"rendered":"<p>Pol\u00edtica de privacidad En cumplimiento del Reglamento General de Protecci\u00f3n de Datos (RGPD) (EU) 2016\/679 del Parlamento Europeo y del Consejo, de 27 de abril de 2016, y de la Ley Org\u00e1nica 3\/2018, de 5 de diciembre, de Protecci\u00f3n de Datos Personales y Garant\u00eda de los Derechos Digitales, informamos al usuario de que Darrera recoge exclusivamente los datos estrictamente necesarios&hellip; <\/p>\n","protected":false},"author":1,"featured_media":0,"parent":0,"menu_order":0,"comment_status":"closed","ping_status":"closed","template":"","meta":{"footnotes":""},"class_list":["post-644","page","type-page","status-publish","hentry"],"yoast_head":"<!-- This site is optimized with the Yoast SEO plugin v27.3 - https:\/\/yoast.com\/product\/yoast-seo-wordpress\/ -->\n<title>Pol\u00edtica de Privacidad | Darrera<\/title>\n<meta name=\"robots\" content=\"index, follow, max-snippet:-1, max-image-preview:large, max-video-preview:-1\" \/>\n<link rel=\"canonical\" href=\"https:\/\/www.darrera.com\/es\/politica-privacidad\/\" \/>\n<meta property=\"og:locale\" content=\"es_ES\" \/>\n<meta property=\"og:type\" content=\"article\" \/>\n<meta property=\"og:title\" content=\"Pol\u00edtica de Privacidad | Darrera\" \/>\n<meta property=\"og:description\" content=\"Pol\u00edtica de privacidad En cumplimiento del Reglamento General de Protecci\u00f3n de Datos (RGPD) (EU) 2016\/679 del Parlamento Europeo y del Consejo, de 27 de abril de 2016, y de la Ley Org\u00e1nica 3\/2018, de 5 de diciembre, de Protecci\u00f3n de Datos Personales y Garant\u00eda de los Derechos Digitales, informamos al usuario de que Darrera recoge exclusivamente los datos estrictamente necesarios&hellip;\" \/>\n<meta property=\"og:url\" content=\"https:\/\/www.darrera.com\/es\/politica-privacidad\/\" \/>\n<meta property=\"og:site_name\" content=\"Darrera\" \/>\n<meta property=\"article:publisher\" content=\"http:\/\/facebook.com\/darrerameteo\" \/>\n<meta property=\"article:modified_time\" content=\"2019-10-02T16:26:08+00:00\" \/>\n<meta name=\"twitter:card\" content=\"summary_large_image\" \/>\n<meta name=\"twitter:site\" content=\"@darrera_meteo\" \/>\n<meta name=\"twitter:label1\" content=\"Tiempo de lectura\" \/>\n\t<meta name=\"twitter:data1\" content=\"4 minutos\" \/>\n<script type=\"application\/ld+json\" class=\"yoast-schema-graph\">{\"@context\":\"https:\\\/\\\/schema.org\",\"@graph\":[{\"@type\":\"WebPage\",\"@id\":\"https:\\\/\\\/www.darrera.com\\\/es\\\/politica-privacidad\\\/\",\"url\":\"https:\\\/\\\/www.darrera.com\\\/es\\\/politica-privacidad\\\/\",\"name\":\"Pol\u00edtica de Privacidad | Darrera\",\"isPartOf\":{\"@id\":\"https:\\\/\\\/www.darrera.com\\\/es\\\/#website\"},\"datePublished\":\"2017-05-22T09:05:36+00:00\",\"dateModified\":\"2019-10-02T16:26:08+00:00\",\"breadcrumb\":{\"@id\":\"https:\\\/\\\/www.darrera.com\\\/es\\\/politica-privacidad\\\/#breadcrumb\"},\"inLanguage\":\"es\",\"potentialAction\":[{\"@type\":\"ReadAction\",\"target\":[\"https:\\\/\\\/www.darrera.com\\\/es\\\/politica-privacidad\\\/\"]}]},{\"@type\":\"BreadcrumbList\",\"@id\":\"https:\\\/\\\/www.darrera.com\\\/es\\\/politica-privacidad\\\/#breadcrumb\",\"itemListElement\":[{\"@type\":\"ListItem\",\"position\":1,\"name\":\"Home\",\"item\":\"https:\\\/\\\/www.darrera.com\\\/es\\\/\"},{\"@type\":\"ListItem\",\"position\":2,\"name\":\"Pol\u00edtica de Privacidad\"}]},{\"@type\":\"WebSite\",\"@id\":\"https:\\\/\\\/www.darrera.com\\\/es\\\/#website\",\"url\":\"https:\\\/\\\/www.darrera.com\\\/es\\\/\",\"name\":\"Darrera\",\"description\":\"Instrumentos, soluciones y servicios meteorol\u00f3gicos\",\"publisher\":{\"@id\":\"https:\\\/\\\/www.darrera.com\\\/es\\\/#organization\"},\"potentialAction\":[{\"@type\":\"SearchAction\",\"target\":{\"@type\":\"EntryPoint\",\"urlTemplate\":\"https:\\\/\\\/www.darrera.com\\\/es\\\/?s={search_term_string}\"},\"query-input\":{\"@type\":\"PropertyValueSpecification\",\"valueRequired\":true,\"valueName\":\"search_term_string\"}}],\"inLanguage\":\"es\"},{\"@type\":\"Organization\",\"@id\":\"https:\\\/\\\/www.darrera.com\\\/es\\\/#organization\",\"name\":\"Darrera\",\"url\":\"https:\\\/\\\/www.darrera.com\\\/es\\\/\",\"logo\":{\"@type\":\"ImageObject\",\"inLanguage\":\"es\",\"@id\":\"https:\\\/\\\/www.darrera.com\\\/es\\\/#\\\/schema\\\/logo\\\/image\\\/\",\"url\":\"https:\\\/\\\/www.darrera.com\\\/wp\\\/wp-content\\\/uploads\\\/logo-darrera.png\",\"contentUrl\":\"https:\\\/\\\/www.darrera.com\\\/wp\\\/wp-content\\\/uploads\\\/logo-darrera.png\",\"width\":500,\"height\":85,\"caption\":\"Darrera\"},\"image\":{\"@id\":\"https:\\\/\\\/www.darrera.com\\\/es\\\/#\\\/schema\\\/logo\\\/image\\\/\"},\"sameAs\":[\"http:\\\/\\\/facebook.com\\\/darrerameteo\",\"https:\\\/\\\/x.com\\\/darrera_meteo\",\"https:\\\/\\\/www.linkedin.com\\\/company\\\/darrera-s-a-\",\"http:\\\/\\\/youtube.com\\\/darreratv\"]}]}<\/script>\n<!-- \/ Yoast SEO plugin. -->","yoast_head_json":{"title":"Pol\u00edtica de Privacidad | Darrera","robots":{"index":"index","follow":"follow","max-snippet":"max-snippet:-1","max-image-preview":"max-image-preview:large","max-video-preview":"max-video-preview:-1"},"canonical":"https:\/\/www.darrera.com\/es\/politica-privacidad\/","og_locale":"es_ES","og_type":"article","og_title":"Pol\u00edtica de Privacidad | Darrera","og_description":"Pol\u00edtica de privacidad En cumplimiento del Reglamento General de Protecci\u00f3n de Datos (RGPD) (EU) 2016\/679 del Parlamento Europeo y del Consejo, de 27 de abril de 2016, y de la Ley Org\u00e1nica 3\/2018, de 5 de diciembre, de Protecci\u00f3n de Datos Personales y Garant\u00eda de los Derechos Digitales, informamos al usuario de que Darrera recoge exclusivamente los datos estrictamente necesarios&hellip;","og_url":"https:\/\/www.darrera.com\/es\/politica-privacidad\/","og_site_name":"Darrera","article_publisher":"http:\/\/facebook.com\/darrerameteo","article_modified_time":"2019-10-02T16:26:08+00:00","twitter_card":"summary_large_image","twitter_site":"@darrera_meteo","twitter_misc":{"Tiempo de lectura":"4 minutos"},"schema":{"@context":"https:\/\/schema.org","@graph":[{"@type":"WebPage","@id":"https:\/\/www.darrera.com\/es\/politica-privacidad\/","url":"https:\/\/www.darrera.com\/es\/politica-privacidad\/","name":"Pol\u00edtica de Privacidad | Darrera","isPartOf":{"@id":"https:\/\/www.darrera.com\/es\/#website"},"datePublished":"2017-05-22T09:05:36+00:00","dateModified":"2019-10-02T16:26:08+00:00","breadcrumb":{"@id":"https:\/\/www.darrera.com\/es\/politica-privacidad\/#breadcrumb"},"inLanguage":"es","potentialAction":[{"@type":"ReadAction","target":["https:\/\/www.darrera.com\/es\/politica-privacidad\/"]}]},{"@type":"BreadcrumbList","@id":"https:\/\/www.darrera.com\/es\/politica-privacidad\/#breadcrumb","itemListElement":[{"@type":"ListItem","position":1,"name":"Home","item":"https:\/\/www.darrera.com\/es\/"},{"@type":"ListItem","position":2,"name":"Pol\u00edtica de Privacidad"}]},{"@type":"WebSite","@id":"https:\/\/www.darrera.com\/es\/#website","url":"https:\/\/www.darrera.com\/es\/","name":"Darrera","description":"Instrumentos, soluciones y servicios meteorol\u00f3gicos","publisher":{"@id":"https:\/\/www.darrera.com\/es\/#organization"},"potentialAction":[{"@type":"SearchAction","target":{"@type":"EntryPoint","urlTemplate":"https:\/\/www.darrera.com\/es\/?s={search_term_string}"},"query-input":{"@type":"PropertyValueSpecification","valueRequired":true,"valueName":"search_term_string"}}],"inLanguage":"es"},{"@type":"Organization","@id":"https:\/\/www.darrera.com\/es\/#organization","name":"Darrera","url":"https:\/\/www.darrera.com\/es\/","logo":{"@type":"ImageObject","inLanguage":"es","@id":"https:\/\/www.darrera.com\/es\/#\/schema\/logo\/image\/","url":"https:\/\/www.darrera.com\/wp\/wp-content\/uploads\/logo-darrera.png","contentUrl":"https:\/\/www.darrera.com\/wp\/wp-content\/uploads\/logo-darrera.png","width":500,"height":85,"caption":"Darrera"},"image":{"@id":"https:\/\/www.darrera.com\/es\/#\/schema\/logo\/image\/"},"sameAs":["http:\/\/facebook.com\/darrerameteo","https:\/\/x.com\/darrera_meteo","https:\/\/www.linkedin.com\/company\/darrera-s-a-","http:\/\/youtube.com\/darreratv"]}]}},"_links":{"self":[{"href":"https:\/\/www.darrera.com\/es\/wp-json\/wp\/v2\/pages\/644","targetHints":{"allow":["GET"]}}],"collection":[{"href":"https:\/\/www.darrera.com\/es\/wp-json\/wp\/v2\/pages"}],"about":[{"href":"https:\/\/www.darrera.com\/es\/wp-json\/wp\/v2\/types\/page"}],"author":[{"embeddable":true,"href":"https:\/\/www.darrera.com\/es\/wp-json\/wp\/v2\/users\/1"}],"replies":[{"embeddable":true,"href":"https:\/\/www.darrera.com\/es\/wp-json\/wp\/v2\/comments?post=644"}],"version-history":[{"count":71,"href":"https:\/\/www.darrera.com\/es\/wp-json\/wp\/v2\/pages\/644\/revisions"}],"predecessor-version":[{"id":3440,"href":"https:\/\/www.darrera.com\/es\/wp-json\/wp\/v2\/pages\/644\/revisions\/3440"}],"wp:attachment":[{"href":"https:\/\/www.darrera.com\/es\/wp-json\/wp\/v2\/media?parent=644"}],"curies":[{"name":"wp","href":"https:\/\/api.w.org\/{rel}","templated":true}]}}