{"id":1473,"date":"2017-06-27T18:49:35","date_gmt":"2017-06-27T16:49:35","guid":{"rendered":"https:\/\/www.darrera.com\/wp\/product\/6152-vantage-pro2-inalambrica\/"},"modified":"2021-10-06T16:39:44","modified_gmt":"2021-10-06T14:39:44","slug":"6152-vantage-pro2-inalambrica","status":"publish","type":"product","link":"https:\/\/www.darrera.com\/es\/producto\/6152-vantage-pro2-inalambrica\/","title":{"rendered":"Vantage Pro2&#x2122; Inal\u00e1mbrica"},"content":{"rendered":"<h3>La estaci\u00f3n &#8216;Pro&#8217; de Davis Instruments<\/h3>\n<p>Vantage Pro2&#x2122; es el tope de gama de las estaciones meteorol\u00f3gicas de Davis Instruments. Ofrece altas prestaciones y durabilidad tanto a profesionales como a aut\u00e9nticos aficionados a la meteorolog\u00eda, adem\u00e1s de la posibilidad de adaptarla totalmente a sus necesidades espec\u00edficas.<\/p>\n<h3>Dise\u00f1o elegante y robusto<\/h3>\n<p>El dise\u00f1o de Vantage Pro2&#x2122; destaca por su elegancia y robustez. Es resistente a la corrosi\u00f3n y a todas las inclemencias del tiempo, desde inviernos helados e intensas tormentas primaverales hasta calurosos veranos y fuertes vientos oto\u00f1ales. El protector solar brinda una excelente protecci\u00f3n contra la radiaci\u00f3n solar y otras fuentes de calor radiado y reflejado. El panel solar alimenta al Conjunto Integrado de Sensores (ISS) durante el d\u00eda, a la vez que carga una bater\u00eda interna que proporciona energ\u00eda por la noche. Una pila de litio sirve de respaldo en caso de necesidad.<\/p>\n<p>La consola permite visualizar todas las variables meteorol\u00f3gicas de forma simult\u00e1nea y configurar la estaci\u00f3n sin necesidad de un ordenador. Presenta un c\u00f3modo teclado y una gran pantalla LCD de 15 x 9 cm con retroiluminaci\u00f3n, para una lectura perfecta tanto de d\u00eda como de noche. Es posible agregar consolas adicionales para visualizar la informaci\u00f3n en diferentes ubicaciones.<\/p>\n<h3>Tecnolog\u00eda inal\u00e1mbrica de largo alcance<\/h3>\n<p>El ISS env\u00eda los paquetes de datos a la consola de forma inal\u00e1mbrica a una distancia de hasta 300 metros, con una frecuencia de actualizaci\u00f3n de 2,5 segundos. Esto es tres veces m\u00e1s lejos que las estaciones de la competencia y hasta diez veces m\u00e1s r\u00e1pido. Adem\u00e1s, la tecnolog\u00eda radio de espectro ensanchado por salto en frecuencia garantiza una transmisi\u00f3n de datos fiable y sin interferencias.<\/p>\n<p>El alcance de la transmisi\u00f3n inal\u00e1mbrica puede ampliarse a trav\u00e9s de repetidores de corto y largo alcance.<\/p>\n<h3>Multitud de prestaciones<\/h3>\n<h4>Variables meteorol\u00f3gicas<\/h4>\n<ul>\n<li>Velocidad y direcci\u00f3n del viento.<\/li>\n<li>Temperatura y humedad interior y exterior.<\/li>\n<li>Temperatura de sensaci\u00f3n y punto de roc\u00edo.<\/li>\n<li>Lluvia actual y acumulada diaria, mensual y anual.<\/li>\n<li>Intensidad de lluvia.<\/li>\n<li>Presi\u00f3n atmosf\u00e9rica actual y tendencia.<\/li>\n<li>Pron\u00f3stico meteorol\u00f3gico.<\/li>\n<li>Fase lunar y hora de puesta y salida del sol.<\/li>\n<\/ul>\n<h4>Gr\u00e1ficos, mensajes y alarmas<\/h4>\n<p>Gr\u00e1ficos en pantalla con datos de las \u00faltimas 24 horas, d\u00edas o meses. M\u00e1s de 80 gr\u00e1ficos diferentes en la propia consola.<\/p>\n<p>M\u00e1s de 100 mensajes diferentes muestran detalles adicionales del pron\u00f3stico y de las condiciones actuales.<\/p>\n<p>Configuraci\u00f3n de m\u00e1s de 70 alarmas simult\u00e1neas para alertar de peligros como vientos fuertes, temperaturas de congelaci\u00f3n, lluvias intensas con posibilidad de inundaciones, etc.<\/p>\n<h4>WeatherLink\u00ae (Opcional)<\/h4>\n<p>Datalogger para el almacenamiento de datos con un intervalo de archivo configurable desde 1 hasta 120 minutos. Incluye el software para el an\u00e1lisis y graficaci\u00f3n de los registros, que quedan almacenados en una base de datos permanente. Adem\u00e1s, permite generar informes, exportar la informaci\u00f3n a hojas de c\u00e1lculo y subirla a Internet para compartirla con familiares, amigos, aficionados a la meteorolog\u00eda o clientes. Disponible en versiones para PC, Mac e IP.<\/p>\n<h3>Vers\u00e1til al 100%<\/h3>\n<p>Las prestaciones de Vantage Pro2&#x2122; inal\u00e1mbrica pueden ampliarse mediante una extensa gama de sensores, estaciones y accesorios adicionales para adecuarse f\u00e1cilmente a las necesidades concretas de cada usuario o sector profesional. Esto la convierte en la estaci\u00f3n m\u00e1s flexible del mercado con diferencia.<\/p>\n<h4>Sensores adicionales<\/h4>\n<ul>\n<li>Sensor de radiaci\u00f3n solar.<\/li>\n<li>Sensor de radiaci\u00f3n UV.<\/li>\n<li>Sensor de humectaci\u00f3n de hoja.<\/li>\n<li>Sonda de humedad del suelo.<\/li>\n<li>Sonda de temperatura multiprop\u00f3sito.<\/li>\n<li>Estaci\u00f3n inal\u00e1mbrica de temperatura.<\/li>\n<li>Estaci\u00f3n inal\u00e1mbrica de temperatura y humedad.<\/li>\n<li>Estaci\u00f3n inal\u00e1mbrica de agricultura.<\/li>\n<li>Transmisor inal\u00e1mbrico para anem\u00f3metro.<\/li>\n<\/ul>\n<h3>Infinidad de aplicaciones<\/h3>\n<p>La incre\u00edble versatilidad de Vantage Pro2&#x2122; la hace id\u00f3nea para todo tipo de aplicaciones en multitud de \u00e1mbitos, entre los que destacan:<\/p>\n<ul>\n<li>Agricultura.<\/li>\n<li>Control de carreteras.<\/li>\n<li>Deportes.<\/li>\n<li>Dom\u00f3tica.<\/li>\n<li>Educaci\u00f3n.<\/li>\n<li>Hosteler\u00eda.<\/li>\n<li>Municipalidades.<\/li>\n<li>N\u00e1utica y aeron\u00e1utica.<\/li>\n<li>Particulares.<\/li>\n<li>Protecci\u00f3n civil.<\/li>\n<\/ul>\n","protected":false},"excerpt":{"rendered":"<p>La estaci\u00f3n tope de gama de Davis Instruments con transmisi\u00f3n inal\u00e1mbrica. Ofrece altas prestaciones, durabilidad y versatilidad.<\/p>\n","protected":false},"featured_media":1219,"template":"","meta":[],"product_brand":[],"product_cat":[177],"product_tag":[],"class_list":{"0":"post-1473","1":"product","2":"type-product","3":"status-publish","4":"has-post-thumbnail","6":"product_cat-estaciones-meteorologicas-profesionales","8":"first","9":"outofstock","10":"taxable","11":"shipping-taxable","12":"product-type-simple"},"yoast_head":"<!-- This site is optimized with the Yoast SEO plugin v27.3 - https:\/\/yoast.com\/product\/yoast-seo-wordpress\/ -->\n<title>Vantage Pro2&#x2122; Inal\u00e1mbrica | Darrera<\/title>\n<meta name=\"robots\" content=\"index, follow, max-snippet:-1, max-image-preview:large, max-video-preview:-1\" \/>\n<link rel=\"canonical\" href=\"https:\/\/www.darrera.com\/es\/producto\/6152-vantage-pro2-inalambrica\/\" \/>\n<meta property=\"og:locale\" content=\"es_ES\" \/>\n<meta property=\"og:type\" content=\"article\" \/>\n<meta property=\"og:title\" content=\"Vantage Pro2&#x2122; Inal\u00e1mbrica | Darrera\" \/>\n<meta property=\"og:description\" content=\"La estaci\u00f3n tope de gama de Davis Instruments con transmisi\u00f3n inal\u00e1mbrica. Ofrece altas prestaciones, durabilidad y versatilidad.\" \/>\n<meta property=\"og:url\" content=\"https:\/\/www.darrera.com\/es\/producto\/6152-vantage-pro2-inalambrica\/\" \/>\n<meta property=\"og:site_name\" content=\"Darrera\" \/>\n<meta property=\"article:publisher\" content=\"http:\/\/facebook.com\/darrerameteo\" \/>\n<meta property=\"article:modified_time\" content=\"2021-10-06T14:39:44+00:00\" \/>\n<meta property=\"og:image\" content=\"https:\/\/www.darrera.com\/wp-content\/uploads\/2017\/06\/6152-vantage-pro2-inalambrica.jpg\" \/>\n\t<meta property=\"og:image:width\" content=\"950\" \/>\n\t<meta property=\"og:image:height\" content=\"950\" \/>\n\t<meta property=\"og:image:type\" content=\"image\/jpeg\" \/>\n<meta name=\"twitter:card\" content=\"summary_large_image\" \/>\n<meta name=\"twitter:site\" content=\"@darrera_meteo\" \/>\n<meta name=\"twitter:label1\" content=\"Tiempo de lectura\" \/>\n\t<meta name=\"twitter:data1\" content=\"3 minutos\" \/>\n<script type=\"application\/ld+json\" class=\"yoast-schema-graph\">{\"@context\":\"https:\\\/\\\/schema.org\",\"@graph\":[{\"@type\":\"WebPage\",\"@id\":\"https:\\\/\\\/www.darrera.com\\\/es\\\/producto\\\/6152-vantage-pro2-inalambrica\\\/\",\"url\":\"https:\\\/\\\/www.darrera.com\\\/es\\\/producto\\\/6152-vantage-pro2-inalambrica\\\/\",\"name\":\"Vantage Pro2&#x2122; Inal\u00e1mbrica | Darrera\",\"isPartOf\":{\"@id\":\"https:\\\/\\\/www.darrera.com\\\/es\\\/#website\"},\"primaryImageOfPage\":{\"@id\":\"https:\\\/\\\/www.darrera.com\\\/es\\\/producto\\\/6152-vantage-pro2-inalambrica\\\/#primaryimage\"},\"image\":{\"@id\":\"https:\\\/\\\/www.darrera.com\\\/es\\\/producto\\\/6152-vantage-pro2-inalambrica\\\/#primaryimage\"},\"thumbnailUrl\":\"https:\\\/\\\/www.darrera.com\\\/wp-content\\\/uploads\\\/2017\\\/06\\\/6152-vantage-pro2-inalambrica.jpg\",\"datePublished\":\"2017-06-27T16:49:35+00:00\",\"dateModified\":\"2021-10-06T14:39:44+00:00\",\"breadcrumb\":{\"@id\":\"https:\\\/\\\/www.darrera.com\\\/es\\\/producto\\\/6152-vantage-pro2-inalambrica\\\/#breadcrumb\"},\"inLanguage\":\"es\",\"potentialAction\":[{\"@type\":\"ReadAction\",\"target\":[\"https:\\\/\\\/www.darrera.com\\\/es\\\/producto\\\/6152-vantage-pro2-inalambrica\\\/\"]}]},{\"@type\":\"ImageObject\",\"inLanguage\":\"es\",\"@id\":\"https:\\\/\\\/www.darrera.com\\\/es\\\/producto\\\/6152-vantage-pro2-inalambrica\\\/#primaryimage\",\"url\":\"https:\\\/\\\/www.darrera.com\\\/wp-content\\\/uploads\\\/2017\\\/06\\\/6152-vantage-pro2-inalambrica.jpg\",\"contentUrl\":\"https:\\\/\\\/www.darrera.com\\\/wp-content\\\/uploads\\\/2017\\\/06\\\/6152-vantage-pro2-inalambrica.jpg\",\"width\":950,\"height\":950,\"caption\":\"6152 - Wireless Vantage Pro2\u2122\"},{\"@type\":\"BreadcrumbList\",\"@id\":\"https:\\\/\\\/www.darrera.com\\\/es\\\/producto\\\/6152-vantage-pro2-inalambrica\\\/#breadcrumb\",\"itemListElement\":[{\"@type\":\"ListItem\",\"position\":1,\"name\":\"Home\",\"item\":\"https:\\\/\\\/www.darrera.com\\\/es\\\/\"},{\"@type\":\"ListItem\",\"position\":2,\"name\":\"Productos\",\"item\":\"https:\\\/\\\/www.darrera.com\\\/es\\\/productos\\\/\"},{\"@type\":\"ListItem\",\"position\":3,\"name\":\"Vantage Pro2&#x2122; Inal\u00e1mbrica\"}]},{\"@type\":\"WebSite\",\"@id\":\"https:\\\/\\\/www.darrera.com\\\/es\\\/#website\",\"url\":\"https:\\\/\\\/www.darrera.com\\\/es\\\/\",\"name\":\"Darrera\",\"description\":\"Instrumentos, soluciones y servicios meteorol\u00f3gicos\",\"publisher\":{\"@id\":\"https:\\\/\\\/www.darrera.com\\\/es\\\/#organization\"},\"potentialAction\":[{\"@type\":\"SearchAction\",\"target\":{\"@type\":\"EntryPoint\",\"urlTemplate\":\"https:\\\/\\\/www.darrera.com\\\/es\\\/?s={search_term_string}\"},\"query-input\":{\"@type\":\"PropertyValueSpecification\",\"valueRequired\":true,\"valueName\":\"search_term_string\"}}],\"inLanguage\":\"es\"},{\"@type\":\"Organization\",\"@id\":\"https:\\\/\\\/www.darrera.com\\\/es\\\/#organization\",\"name\":\"Darrera\",\"url\":\"https:\\\/\\\/www.darrera.com\\\/es\\\/\",\"logo\":{\"@type\":\"ImageObject\",\"inLanguage\":\"es\",\"@id\":\"https:\\\/\\\/www.darrera.com\\\/es\\\/#\\\/schema\\\/logo\\\/image\\\/\",\"url\":\"https:\\\/\\\/www.darrera.com\\\/wp\\\/wp-content\\\/uploads\\\/logo-darrera.png\",\"contentUrl\":\"https:\\\/\\\/www.darrera.com\\\/wp\\\/wp-content\\\/uploads\\\/logo-darrera.png\",\"width\":500,\"height\":85,\"caption\":\"Darrera\"},\"image\":{\"@id\":\"https:\\\/\\\/www.darrera.com\\\/es\\\/#\\\/schema\\\/logo\\\/image\\\/\"},\"sameAs\":[\"http:\\\/\\\/facebook.com\\\/darrerameteo\",\"https:\\\/\\\/x.com\\\/darrera_meteo\",\"https:\\\/\\\/www.linkedin.com\\\/company\\\/darrera-s-a-\",\"http:\\\/\\\/youtube.com\\\/darreratv\"]}]}<\/script>\n<!-- \/ Yoast SEO plugin. -->","yoast_head_json":{"title":"Vantage Pro2&#x2122; Inal\u00e1mbrica | Darrera","robots":{"index":"index","follow":"follow","max-snippet":"max-snippet:-1","max-image-preview":"max-image-preview:large","max-video-preview":"max-video-preview:-1"},"canonical":"https:\/\/www.darrera.com\/es\/producto\/6152-vantage-pro2-inalambrica\/","og_locale":"es_ES","og_type":"article","og_title":"Vantage Pro2&#x2122; Inal\u00e1mbrica | Darrera","og_description":"La estaci\u00f3n tope de gama de Davis Instruments con transmisi\u00f3n inal\u00e1mbrica. Ofrece altas prestaciones, durabilidad y versatilidad.","og_url":"https:\/\/www.darrera.com\/es\/producto\/6152-vantage-pro2-inalambrica\/","og_site_name":"Darrera","article_publisher":"http:\/\/facebook.com\/darrerameteo","article_modified_time":"2021-10-06T14:39:44+00:00","og_image":[{"width":950,"height":950,"url":"https:\/\/www.darrera.com\/wp-content\/uploads\/2017\/06\/6152-vantage-pro2-inalambrica.jpg","type":"image\/jpeg"}],"twitter_card":"summary_large_image","twitter_site":"@darrera_meteo","twitter_misc":{"Tiempo de lectura":"3 minutos"},"schema":{"@context":"https:\/\/schema.org","@graph":[{"@type":"WebPage","@id":"https:\/\/www.darrera.com\/es\/producto\/6152-vantage-pro2-inalambrica\/","url":"https:\/\/www.darrera.com\/es\/producto\/6152-vantage-pro2-inalambrica\/","name":"Vantage Pro2&#x2122; Inal\u00e1mbrica | Darrera","isPartOf":{"@id":"https:\/\/www.darrera.com\/es\/#website"},"primaryImageOfPage":{"@id":"https:\/\/www.darrera.com\/es\/producto\/6152-vantage-pro2-inalambrica\/#primaryimage"},"image":{"@id":"https:\/\/www.darrera.com\/es\/producto\/6152-vantage-pro2-inalambrica\/#primaryimage"},"thumbnailUrl":"https:\/\/www.darrera.com\/wp-content\/uploads\/2017\/06\/6152-vantage-pro2-inalambrica.jpg","datePublished":"2017-06-27T16:49:35+00:00","dateModified":"2021-10-06T14:39:44+00:00","breadcrumb":{"@id":"https:\/\/www.darrera.com\/es\/producto\/6152-vantage-pro2-inalambrica\/#breadcrumb"},"inLanguage":"es","potentialAction":[{"@type":"ReadAction","target":["https:\/\/www.darrera.com\/es\/producto\/6152-vantage-pro2-inalambrica\/"]}]},{"@type":"ImageObject","inLanguage":"es","@id":"https:\/\/www.darrera.com\/es\/producto\/6152-vantage-pro2-inalambrica\/#primaryimage","url":"https:\/\/www.darrera.com\/wp-content\/uploads\/2017\/06\/6152-vantage-pro2-inalambrica.jpg","contentUrl":"https:\/\/www.darrera.com\/wp-content\/uploads\/2017\/06\/6152-vantage-pro2-inalambrica.jpg","width":950,"height":950,"caption":"6152 - Wireless Vantage Pro2\u2122"},{"@type":"BreadcrumbList","@id":"https:\/\/www.darrera.com\/es\/producto\/6152-vantage-pro2-inalambrica\/#breadcrumb","itemListElement":[{"@type":"ListItem","position":1,"name":"Home","item":"https:\/\/www.darrera.com\/es\/"},{"@type":"ListItem","position":2,"name":"Productos","item":"https:\/\/www.darrera.com\/es\/productos\/"},{"@type":"ListItem","position":3,"name":"Vantage Pro2&#x2122; Inal\u00e1mbrica"}]},{"@type":"WebSite","@id":"https:\/\/www.darrera.com\/es\/#website","url":"https:\/\/www.darrera.com\/es\/","name":"Darrera","description":"Instrumentos, soluciones y servicios meteorol\u00f3gicos","publisher":{"@id":"https:\/\/www.darrera.com\/es\/#organization"},"potentialAction":[{"@type":"SearchAction","target":{"@type":"EntryPoint","urlTemplate":"https:\/\/www.darrera.com\/es\/?s={search_term_string}"},"query-input":{"@type":"PropertyValueSpecification","valueRequired":true,"valueName":"search_term_string"}}],"inLanguage":"es"},{"@type":"Organization","@id":"https:\/\/www.darrera.com\/es\/#organization","name":"Darrera","url":"https:\/\/www.darrera.com\/es\/","logo":{"@type":"ImageObject","inLanguage":"es","@id":"https:\/\/www.darrera.com\/es\/#\/schema\/logo\/image\/","url":"https:\/\/www.darrera.com\/wp\/wp-content\/uploads\/logo-darrera.png","contentUrl":"https:\/\/www.darrera.com\/wp\/wp-content\/uploads\/logo-darrera.png","width":500,"height":85,"caption":"Darrera"},"image":{"@id":"https:\/\/www.darrera.com\/es\/#\/schema\/logo\/image\/"},"sameAs":["http:\/\/facebook.com\/darrerameteo","https:\/\/x.com\/darrera_meteo","https:\/\/www.linkedin.com\/company\/darrera-s-a-","http:\/\/youtube.com\/darreratv"]}]}},"_links":{"self":[{"href":"https:\/\/www.darrera.com\/es\/wp-json\/wp\/v2\/product\/1473","targetHints":{"allow":["GET"]}}],"collection":[{"href":"https:\/\/www.darrera.com\/es\/wp-json\/wp\/v2\/product"}],"about":[{"href":"https:\/\/www.darrera.com\/es\/wp-json\/wp\/v2\/types\/product"}],"wp:featuredmedia":[{"embeddable":true,"href":"https:\/\/www.darrera.com\/es\/wp-json\/wp\/v2\/media\/1219"}],"wp:attachment":[{"href":"https:\/\/www.darrera.com\/es\/wp-json\/wp\/v2\/media?parent=1473"}],"wp:term":[{"taxonomy":"product_brand","embeddable":true,"href":"https:\/\/www.darrera.com\/es\/wp-json\/wp\/v2\/product_brand?post=1473"},{"taxonomy":"product_cat","embeddable":true,"href":"https:\/\/www.darrera.com\/es\/wp-json\/wp\/v2\/product_cat?post=1473"},{"taxonomy":"product_tag","embeddable":true,"href":"https:\/\/www.darrera.com\/es\/wp-json\/wp\/v2\/product_tag?post=1473"}],"curies":[{"name":"wp","href":"https:\/\/api.w.org\/{rel}","templated":true}]}}