{"id":1483,"date":"2018-04-09T11:18:09","date_gmt":"2018-04-09T09:18:09","guid":{"rendered":"https:\/\/www.darrera.com\/wp\/product\/6440-sensor-humedad-suelo\/"},"modified":"2021-04-05T20:21:39","modified_gmt":"2021-04-05T18:21:39","slug":"6440-sonda-humedad-suelo","status":"publish","type":"product","link":"https:\/\/www.darrera.com\/es\/producto\/6440-sonda-humedad-suelo\/","title":{"rendered":"Sonda de Humedad del Suelo"},"content":{"rendered":"<h3>Fiable y libre de mantenimiento<\/h3>\n<p>La sonda de humedad Watermark\u00ae est\u00e1 formada por una resistencia que var\u00eda su valor en funci\u00f3n del contenido de agua presente en el suelo. El sensor est\u00e1 ubicado dentro de una carcasa de acero inoxidable que lo protege de agentes externos para garantizar una total fiabilidad. Incluye un cable de 4,6 metros de longitud.<\/p>\n<h3>Especificaciones t\u00e9cnicas<\/h3>\n<h4>Especificaciones del sensor<\/h4>\n<ul>\n<li>Rango: 0 a 200 cb<\/li>\n<\/ul>\n<h4>Especificaciones el\u00e9ctricas<\/h4>\n<ul>\n<li>Se\u00f1al de salida: resistencia variable<\/li>\n<\/ul>\n<h4>Especificaciones mec\u00e1nicas<\/h4>\n<ul>\n<li>Material: carcasa de acero inoxidable<\/li>\n<li>Dimensiones: \u2205 22 x 76 mm<\/li>\n<li>Peso: 103 g<\/li>\n<\/ul>\n","protected":false},"excerpt":{"rendered":"<p>Est\u00e1 formada por una resistencia que var\u00eda en funci\u00f3n del contenido de agua presente en el suelo. Una carcasa de acero inoxidable protege el sensor de agentes externos.<\/p>\n","protected":false},"featured_media":1256,"template":"","meta":[],"product_brand":[],"product_cat":[178],"product_tag":[],"class_list":{"0":"post-1483","1":"product","2":"type-product","3":"status-publish","4":"has-post-thumbnail","6":"product_cat-sensores-davis-instruments","8":"first","9":"instock","10":"taxable","11":"shipping-taxable","12":"purchasable","13":"product-type-simple"},"yoast_head":"<!-- This site is optimized with the Yoast SEO plugin v27.4 - https:\/\/yoast.com\/product\/yoast-seo-wordpress\/ -->\n<title>Sonda de Humedad del Suelo | Darrera<\/title>\n<meta name=\"robots\" content=\"index, follow, max-snippet:-1, max-image-preview:large, max-video-preview:-1\" \/>\n<link rel=\"canonical\" href=\"https:\/\/www.darrera.com\/en\/producto\/6440-soil-moisture-probe\/\" \/>\n<meta property=\"og:locale\" content=\"es_ES\" \/>\n<meta property=\"og:type\" content=\"article\" \/>\n<meta property=\"og:title\" content=\"Sonda de Humedad del Suelo | Darrera\" \/>\n<meta property=\"og:description\" content=\"Est\u00e1 formada por una resistencia que var\u00eda en funci\u00f3n del contenido de agua presente en el suelo. Una carcasa de acero inoxidable protege el sensor de agentes externos.\" \/>\n<meta property=\"og:url\" content=\"https:\/\/www.darrera.com\/en\/producto\/6440-soil-moisture-probe\/\" \/>\n<meta property=\"og:site_name\" content=\"Darrera\" \/>\n<meta property=\"article:publisher\" content=\"http:\/\/facebook.com\/darrerameteo\" \/>\n<meta property=\"article:modified_time\" content=\"2021-04-05T18:21:39+00:00\" \/>\n<meta property=\"og:image\" content=\"https:\/\/www.darrera.com\/wp-content\/uploads\/2018\/04\/6440-sonda-humedad-suelo.jpg\" \/>\n\t<meta property=\"og:image:width\" content=\"950\" \/>\n\t<meta property=\"og:image:height\" content=\"950\" \/>\n\t<meta property=\"og:image:type\" content=\"image\/jpeg\" \/>\n<meta name=\"twitter:card\" content=\"summary_large_image\" \/>\n<meta name=\"twitter:site\" content=\"@darrera_meteo\" \/>\n<script type=\"application\/ld+json\" class=\"yoast-schema-graph\">{\"@context\":\"https:\\\/\\\/schema.org\",\"@graph\":[{\"@type\":\"WebPage\",\"@id\":\"https:\\\/\\\/www.darrera.com\\\/en\\\/producto\\\/6440-soil-moisture-probe\\\/\",\"url\":\"https:\\\/\\\/www.darrera.com\\\/en\\\/producto\\\/6440-soil-moisture-probe\\\/\",\"name\":\"Sonda de Humedad del Suelo | Darrera\",\"isPartOf\":{\"@id\":\"https:\\\/\\\/www.darrera.com\\\/es\\\/#website\"},\"primaryImageOfPage\":{\"@id\":\"https:\\\/\\\/www.darrera.com\\\/en\\\/producto\\\/6440-soil-moisture-probe\\\/#primaryimage\"},\"image\":{\"@id\":\"https:\\\/\\\/www.darrera.com\\\/en\\\/producto\\\/6440-soil-moisture-probe\\\/#primaryimage\"},\"thumbnailUrl\":\"https:\\\/\\\/www.darrera.com\\\/wp-content\\\/uploads\\\/2018\\\/04\\\/6440-sonda-humedad-suelo.jpg\",\"datePublished\":\"2018-04-09T09:18:09+00:00\",\"dateModified\":\"2021-04-05T18:21:39+00:00\",\"breadcrumb\":{\"@id\":\"https:\\\/\\\/www.darrera.com\\\/en\\\/producto\\\/6440-soil-moisture-probe\\\/#breadcrumb\"},\"inLanguage\":\"es\",\"potentialAction\":[{\"@type\":\"ReadAction\",\"target\":[\"https:\\\/\\\/www.darrera.com\\\/en\\\/producto\\\/6440-soil-moisture-probe\\\/\"]}]},{\"@type\":\"ImageObject\",\"inLanguage\":\"es\",\"@id\":\"https:\\\/\\\/www.darrera.com\\\/en\\\/producto\\\/6440-soil-moisture-probe\\\/#primaryimage\",\"url\":\"https:\\\/\\\/www.darrera.com\\\/wp-content\\\/uploads\\\/2018\\\/04\\\/6440-sonda-humedad-suelo.jpg\",\"contentUrl\":\"https:\\\/\\\/www.darrera.com\\\/wp-content\\\/uploads\\\/2018\\\/04\\\/6440-sonda-humedad-suelo.jpg\",\"width\":950,\"height\":950,\"caption\":\"6440 - Sonda de Humedad del Suelo\"},{\"@type\":\"BreadcrumbList\",\"@id\":\"https:\\\/\\\/www.darrera.com\\\/en\\\/producto\\\/6440-soil-moisture-probe\\\/#breadcrumb\",\"itemListElement\":[{\"@type\":\"ListItem\",\"position\":1,\"name\":\"Home\",\"item\":\"https:\\\/\\\/www.darrera.com\\\/es\\\/\"},{\"@type\":\"ListItem\",\"position\":2,\"name\":\"Productos\",\"item\":\"https:\\\/\\\/www.darrera.com\\\/es\\\/productos\\\/\"},{\"@type\":\"ListItem\",\"position\":3,\"name\":\"Sonda de Humedad del Suelo\"}]},{\"@type\":\"WebSite\",\"@id\":\"https:\\\/\\\/www.darrera.com\\\/es\\\/#website\",\"url\":\"https:\\\/\\\/www.darrera.com\\\/es\\\/\",\"name\":\"Darrera\",\"description\":\"Instrumentos, soluciones y servicios meteorol\u00f3gicos\",\"publisher\":{\"@id\":\"https:\\\/\\\/www.darrera.com\\\/es\\\/#organization\"},\"potentialAction\":[{\"@type\":\"SearchAction\",\"target\":{\"@type\":\"EntryPoint\",\"urlTemplate\":\"https:\\\/\\\/www.darrera.com\\\/es\\\/?s={search_term_string}\"},\"query-input\":{\"@type\":\"PropertyValueSpecification\",\"valueRequired\":true,\"valueName\":\"search_term_string\"}}],\"inLanguage\":\"es\"},{\"@type\":\"Organization\",\"@id\":\"https:\\\/\\\/www.darrera.com\\\/es\\\/#organization\",\"name\":\"Darrera\",\"url\":\"https:\\\/\\\/www.darrera.com\\\/es\\\/\",\"logo\":{\"@type\":\"ImageObject\",\"inLanguage\":\"es\",\"@id\":\"https:\\\/\\\/www.darrera.com\\\/es\\\/#\\\/schema\\\/logo\\\/image\\\/\",\"url\":\"https:\\\/\\\/www.darrera.com\\\/wp\\\/wp-content\\\/uploads\\\/logo-darrera.png\",\"contentUrl\":\"https:\\\/\\\/www.darrera.com\\\/wp\\\/wp-content\\\/uploads\\\/logo-darrera.png\",\"width\":500,\"height\":85,\"caption\":\"Darrera\"},\"image\":{\"@id\":\"https:\\\/\\\/www.darrera.com\\\/es\\\/#\\\/schema\\\/logo\\\/image\\\/\"},\"sameAs\":[\"http:\\\/\\\/facebook.com\\\/darrerameteo\",\"https:\\\/\\\/x.com\\\/darrera_meteo\",\"https:\\\/\\\/www.linkedin.com\\\/company\\\/darrera-s-a-\",\"http:\\\/\\\/youtube.com\\\/darreratv\"]}]}<\/script>\n<!-- \/ Yoast SEO plugin. -->","yoast_head_json":{"title":"Sonda de Humedad del Suelo | Darrera","robots":{"index":"index","follow":"follow","max-snippet":"max-snippet:-1","max-image-preview":"max-image-preview:large","max-video-preview":"max-video-preview:-1"},"canonical":"https:\/\/www.darrera.com\/en\/producto\/6440-soil-moisture-probe\/","og_locale":"es_ES","og_type":"article","og_title":"Sonda de Humedad del Suelo | Darrera","og_description":"Est\u00e1 formada por una resistencia que var\u00eda en funci\u00f3n del contenido de agua presente en el suelo. Una carcasa de acero inoxidable protege el sensor de agentes externos.","og_url":"https:\/\/www.darrera.com\/en\/producto\/6440-soil-moisture-probe\/","og_site_name":"Darrera","article_publisher":"http:\/\/facebook.com\/darrerameteo","article_modified_time":"2021-04-05T18:21:39+00:00","og_image":[{"width":950,"height":950,"url":"https:\/\/www.darrera.com\/wp-content\/uploads\/2018\/04\/6440-sonda-humedad-suelo.jpg","type":"image\/jpeg"}],"twitter_card":"summary_large_image","twitter_site":"@darrera_meteo","schema":{"@context":"https:\/\/schema.org","@graph":[{"@type":"WebPage","@id":"https:\/\/www.darrera.com\/en\/producto\/6440-soil-moisture-probe\/","url":"https:\/\/www.darrera.com\/en\/producto\/6440-soil-moisture-probe\/","name":"Sonda de Humedad del Suelo | Darrera","isPartOf":{"@id":"https:\/\/www.darrera.com\/es\/#website"},"primaryImageOfPage":{"@id":"https:\/\/www.darrera.com\/en\/producto\/6440-soil-moisture-probe\/#primaryimage"},"image":{"@id":"https:\/\/www.darrera.com\/en\/producto\/6440-soil-moisture-probe\/#primaryimage"},"thumbnailUrl":"https:\/\/www.darrera.com\/wp-content\/uploads\/2018\/04\/6440-sonda-humedad-suelo.jpg","datePublished":"2018-04-09T09:18:09+00:00","dateModified":"2021-04-05T18:21:39+00:00","breadcrumb":{"@id":"https:\/\/www.darrera.com\/en\/producto\/6440-soil-moisture-probe\/#breadcrumb"},"inLanguage":"es","potentialAction":[{"@type":"ReadAction","target":["https:\/\/www.darrera.com\/en\/producto\/6440-soil-moisture-probe\/"]}]},{"@type":"ImageObject","inLanguage":"es","@id":"https:\/\/www.darrera.com\/en\/producto\/6440-soil-moisture-probe\/#primaryimage","url":"https:\/\/www.darrera.com\/wp-content\/uploads\/2018\/04\/6440-sonda-humedad-suelo.jpg","contentUrl":"https:\/\/www.darrera.com\/wp-content\/uploads\/2018\/04\/6440-sonda-humedad-suelo.jpg","width":950,"height":950,"caption":"6440 - Sonda de Humedad del Suelo"},{"@type":"BreadcrumbList","@id":"https:\/\/www.darrera.com\/en\/producto\/6440-soil-moisture-probe\/#breadcrumb","itemListElement":[{"@type":"ListItem","position":1,"name":"Home","item":"https:\/\/www.darrera.com\/es\/"},{"@type":"ListItem","position":2,"name":"Productos","item":"https:\/\/www.darrera.com\/es\/productos\/"},{"@type":"ListItem","position":3,"name":"Sonda de Humedad del Suelo"}]},{"@type":"WebSite","@id":"https:\/\/www.darrera.com\/es\/#website","url":"https:\/\/www.darrera.com\/es\/","name":"Darrera","description":"Instrumentos, soluciones y servicios meteorol\u00f3gicos","publisher":{"@id":"https:\/\/www.darrera.com\/es\/#organization"},"potentialAction":[{"@type":"SearchAction","target":{"@type":"EntryPoint","urlTemplate":"https:\/\/www.darrera.com\/es\/?s={search_term_string}"},"query-input":{"@type":"PropertyValueSpecification","valueRequired":true,"valueName":"search_term_string"}}],"inLanguage":"es"},{"@type":"Organization","@id":"https:\/\/www.darrera.com\/es\/#organization","name":"Darrera","url":"https:\/\/www.darrera.com\/es\/","logo":{"@type":"ImageObject","inLanguage":"es","@id":"https:\/\/www.darrera.com\/es\/#\/schema\/logo\/image\/","url":"https:\/\/www.darrera.com\/wp\/wp-content\/uploads\/logo-darrera.png","contentUrl":"https:\/\/www.darrera.com\/wp\/wp-content\/uploads\/logo-darrera.png","width":500,"height":85,"caption":"Darrera"},"image":{"@id":"https:\/\/www.darrera.com\/es\/#\/schema\/logo\/image\/"},"sameAs":["http:\/\/facebook.com\/darrerameteo","https:\/\/x.com\/darrera_meteo","https:\/\/www.linkedin.com\/company\/darrera-s-a-","http:\/\/youtube.com\/darreratv"]}]}},"_links":{"self":[{"href":"https:\/\/www.darrera.com\/es\/wp-json\/wp\/v2\/product\/1483","targetHints":{"allow":["GET"]}}],"collection":[{"href":"https:\/\/www.darrera.com\/es\/wp-json\/wp\/v2\/product"}],"about":[{"href":"https:\/\/www.darrera.com\/es\/wp-json\/wp\/v2\/types\/product"}],"wp:featuredmedia":[{"embeddable":true,"href":"https:\/\/www.darrera.com\/es\/wp-json\/wp\/v2\/media\/1256"}],"wp:attachment":[{"href":"https:\/\/www.darrera.com\/es\/wp-json\/wp\/v2\/media?parent=1483"}],"wp:term":[{"taxonomy":"product_brand","embeddable":true,"href":"https:\/\/www.darrera.com\/es\/wp-json\/wp\/v2\/product_brand?post=1483"},{"taxonomy":"product_cat","embeddable":true,"href":"https:\/\/www.darrera.com\/es\/wp-json\/wp\/v2\/product_cat?post=1483"},{"taxonomy":"product_tag","embeddable":true,"href":"https:\/\/www.darrera.com\/es\/wp-json\/wp\/v2\/product_tag?post=1483"}],"curies":[{"name":"wp","href":"https:\/\/api.w.org\/{rel}","templated":true}]}}