{"id":1486,"date":"2018-04-03T15:47:23","date_gmt":"2018-04-03T13:47:23","guid":{"rendered":"https:\/\/www.darrera.com\/wp\/product\/ht010-sonda-nivel-agua\/"},"modified":"2023-07-20T11:05:56","modified_gmt":"2023-07-20T09:05:56","slug":"ht010-medidor-nivel-agua","status":"publish","type":"product","link":"https:\/\/www.darrera.com\/es\/producto\/ht010-medidor-nivel-agua\/","title":{"rendered":"Medidor de Nivel de Agua"},"content":{"rendered":"<h3>Perfecto para aguas de baja conductividad<\/h3>\n<p>El medidor HT010 se utiliza para medir con precisi\u00f3n y fiabilidad el nivel de todo tipo de aguas subterr\u00e1neas, incluso aguas de baja conductividad. Est\u00e1 especialmente indicado para efectuar mediciones en pozos y dep\u00f3sitos.<\/p>\n<p>Para determinar el nivel de agua, se desciende la sonda por medio de la manivela hasta que \u00e9sta entra en contacto con el agua, momento en el cual se activa un indicador luminoso. La lectura se efect\u00faa sobre la cinta m\u00e9trica, la cual est\u00e1 dividida en metros, dec\u00edmetros y cent\u00edmetros.<\/p>\n<h3>Dise\u00f1o ligero, resistente y vers\u00e1til<\/h3>\n<p>La sonda est\u00e1 fabricada en acero inoxidable y lat\u00f3n cromado para garantizar una alta resistencia a la corrosi\u00f3n. La cinta m\u00e9trica de polietileno blanco es resistente a la radiaci\u00f3n UV, a las aguas contaminadas y al agua del mar.<\/p>\n<p>El medidor puede suministrarse con una cinta m\u00e9trica de 15 a 1.000 metros de longitud, en funci\u00f3n de las necesidades espec\u00edficas. De forma opcional, puede equiparse con un indicador ac\u00fastico y un sensor de fondo para medir la profundidad del pozo o dep\u00f3sito.<\/p>\n<h3>Especificaciones t\u00e9cnicas<\/h3>\n<h4>Especificaciones el\u00e9ctricas<\/h4>\n<ul>\n<li>Voltaje de alimentaci\u00f3n: 6 VDC<\/li>\n<li>Tipo de pila: 4 x C<\/li>\n<li>Duraci\u00f3n de la pila: 1 a\u00f1o (aprox.)<\/li>\n<\/ul>\n<h4>Especificaciones mec\u00e1nicas<\/h4>\n<ul>\n<li>Temperatura de funcionamiento: 5\u00baC a 30\u00baC<\/li>\n<li>Material: acero inoxidable y lat\u00f3n cromado (sonda)<\/li>\n<li>Dimensiones: \u2205 15 x 195 mm (sonda)<\/li>\n<li>Peso: 4,7 Kg (con cinta m\u00e9trica de 100 m)<\/li>\n<\/ul>\n","protected":false},"excerpt":{"rendered":"<p>Se utiliza para medir con precisi\u00f3n y fiabilidad el nivel de todo tipo de aguas subterr\u00e1neas, incluso aguas de baja conductividad. Est\u00e1 especialmente indicado para efectuar mediciones en pozos y dep\u00f3sitos.<\/p>\n","protected":false},"featured_media":4066,"template":"","meta":[],"product_brand":[],"product_cat":[273],"product_tag":[],"class_list":{"0":"post-1486","1":"product","2":"type-product","3":"status-publish","4":"has-post-thumbnail","6":"product_cat-medidores-nivel-agua","8":"first","9":"instock","10":"taxable","11":"shipping-taxable","12":"product-type-simple"},"yoast_head":"<!-- This site is optimized with the Yoast SEO plugin v27.5 - https:\/\/yoast.com\/product\/yoast-seo-wordpress\/ -->\n<title>Medidor de Nivel de Agua | Darrera<\/title>\n<meta name=\"robots\" content=\"index, follow, max-snippet:-1, max-image-preview:large, max-video-preview:-1\" \/>\n<link rel=\"canonical\" href=\"https:\/\/www.darrera.com\/en\/producto\/ht010-water-level-meter\/\" \/>\n<meta property=\"og:locale\" content=\"es_ES\" \/>\n<meta property=\"og:type\" content=\"article\" \/>\n<meta property=\"og:title\" content=\"Medidor de Nivel de Agua | Darrera\" \/>\n<meta property=\"og:description\" content=\"Se utiliza para medir con precisi\u00f3n y fiabilidad el nivel de todo tipo de aguas subterr\u00e1neas, incluso aguas de baja conductividad. Est\u00e1 especialmente indicado para efectuar mediciones en pozos y dep\u00f3sitos.\" \/>\n<meta property=\"og:url\" content=\"https:\/\/www.darrera.com\/en\/producto\/ht010-water-level-meter\/\" \/>\n<meta property=\"og:site_name\" content=\"Darrera\" \/>\n<meta property=\"article:publisher\" content=\"http:\/\/facebook.com\/darrerameteo\" \/>\n<meta property=\"article:modified_time\" content=\"2023-07-20T09:05:56+00:00\" \/>\n<meta property=\"og:image\" content=\"https:\/\/www.darrera.com\/wp-content\/uploads\/2018\/04\/ht010-medidor-nivel-agua.jpg\" \/>\n\t<meta property=\"og:image:width\" content=\"950\" \/>\n\t<meta property=\"og:image:height\" content=\"950\" \/>\n\t<meta property=\"og:image:type\" content=\"image\/jpeg\" \/>\n<meta name=\"twitter:card\" content=\"summary_large_image\" \/>\n<meta name=\"twitter:site\" content=\"@darrera_meteo\" \/>\n<meta name=\"twitter:label1\" content=\"Tiempo de lectura\" \/>\n\t<meta name=\"twitter:data1\" content=\"1 minuto\" \/>\n<script type=\"application\/ld+json\" class=\"yoast-schema-graph\">{\"@context\":\"https:\\\/\\\/schema.org\",\"@graph\":[{\"@type\":\"WebPage\",\"@id\":\"https:\\\/\\\/www.darrera.com\\\/en\\\/producto\\\/ht010-water-level-meter\\\/\",\"url\":\"https:\\\/\\\/www.darrera.com\\\/en\\\/producto\\\/ht010-water-level-meter\\\/\",\"name\":\"Medidor de Nivel de Agua | Darrera\",\"isPartOf\":{\"@id\":\"https:\\\/\\\/www.darrera.com\\\/es\\\/#website\"},\"primaryImageOfPage\":{\"@id\":\"https:\\\/\\\/www.darrera.com\\\/en\\\/producto\\\/ht010-water-level-meter\\\/#primaryimage\"},\"image\":{\"@id\":\"https:\\\/\\\/www.darrera.com\\\/en\\\/producto\\\/ht010-water-level-meter\\\/#primaryimage\"},\"thumbnailUrl\":\"https:\\\/\\\/www.darrera.com\\\/wp-content\\\/uploads\\\/2018\\\/04\\\/ht010-medidor-nivel-agua.jpg\",\"datePublished\":\"2018-04-03T13:47:23+00:00\",\"dateModified\":\"2023-07-20T09:05:56+00:00\",\"breadcrumb\":{\"@id\":\"https:\\\/\\\/www.darrera.com\\\/en\\\/producto\\\/ht010-water-level-meter\\\/#breadcrumb\"},\"inLanguage\":\"es\",\"potentialAction\":[{\"@type\":\"ReadAction\",\"target\":[\"https:\\\/\\\/www.darrera.com\\\/en\\\/producto\\\/ht010-water-level-meter\\\/\"]}]},{\"@type\":\"ImageObject\",\"inLanguage\":\"es\",\"@id\":\"https:\\\/\\\/www.darrera.com\\\/en\\\/producto\\\/ht010-water-level-meter\\\/#primaryimage\",\"url\":\"https:\\\/\\\/www.darrera.com\\\/wp-content\\\/uploads\\\/2018\\\/04\\\/ht010-medidor-nivel-agua.jpg\",\"contentUrl\":\"https:\\\/\\\/www.darrera.com\\\/wp-content\\\/uploads\\\/2018\\\/04\\\/ht010-medidor-nivel-agua.jpg\",\"width\":950,\"height\":950,\"caption\":\"HT010 - Medidor de Nivel de Agua\"},{\"@type\":\"BreadcrumbList\",\"@id\":\"https:\\\/\\\/www.darrera.com\\\/en\\\/producto\\\/ht010-water-level-meter\\\/#breadcrumb\",\"itemListElement\":[{\"@type\":\"ListItem\",\"position\":1,\"name\":\"Home\",\"item\":\"https:\\\/\\\/www.darrera.com\\\/es\\\/\"},{\"@type\":\"ListItem\",\"position\":2,\"name\":\"Productos\",\"item\":\"https:\\\/\\\/www.darrera.com\\\/es\\\/productos\\\/\"},{\"@type\":\"ListItem\",\"position\":3,\"name\":\"Medidor de Nivel de Agua\"}]},{\"@type\":\"WebSite\",\"@id\":\"https:\\\/\\\/www.darrera.com\\\/es\\\/#website\",\"url\":\"https:\\\/\\\/www.darrera.com\\\/es\\\/\",\"name\":\"Darrera\",\"description\":\"Instrumentos, soluciones y servicios meteorol\u00f3gicos\",\"publisher\":{\"@id\":\"https:\\\/\\\/www.darrera.com\\\/es\\\/#organization\"},\"potentialAction\":[{\"@type\":\"SearchAction\",\"target\":{\"@type\":\"EntryPoint\",\"urlTemplate\":\"https:\\\/\\\/www.darrera.com\\\/es\\\/?s={search_term_string}\"},\"query-input\":{\"@type\":\"PropertyValueSpecification\",\"valueRequired\":true,\"valueName\":\"search_term_string\"}}],\"inLanguage\":\"es\"},{\"@type\":\"Organization\",\"@id\":\"https:\\\/\\\/www.darrera.com\\\/es\\\/#organization\",\"name\":\"Darrera\",\"url\":\"https:\\\/\\\/www.darrera.com\\\/es\\\/\",\"logo\":{\"@type\":\"ImageObject\",\"inLanguage\":\"es\",\"@id\":\"https:\\\/\\\/www.darrera.com\\\/es\\\/#\\\/schema\\\/logo\\\/image\\\/\",\"url\":\"https:\\\/\\\/www.darrera.com\\\/wp\\\/wp-content\\\/uploads\\\/logo-darrera.png\",\"contentUrl\":\"https:\\\/\\\/www.darrera.com\\\/wp\\\/wp-content\\\/uploads\\\/logo-darrera.png\",\"width\":500,\"height\":85,\"caption\":\"Darrera\"},\"image\":{\"@id\":\"https:\\\/\\\/www.darrera.com\\\/es\\\/#\\\/schema\\\/logo\\\/image\\\/\"},\"sameAs\":[\"http:\\\/\\\/facebook.com\\\/darrerameteo\",\"https:\\\/\\\/x.com\\\/darrera_meteo\",\"https:\\\/\\\/www.linkedin.com\\\/company\\\/darrera-s-a-\",\"http:\\\/\\\/youtube.com\\\/darreratv\"]}]}<\/script>\n<!-- \/ Yoast SEO plugin. -->","yoast_head_json":{"title":"Medidor de Nivel de Agua | Darrera","robots":{"index":"index","follow":"follow","max-snippet":"max-snippet:-1","max-image-preview":"max-image-preview:large","max-video-preview":"max-video-preview:-1"},"canonical":"https:\/\/www.darrera.com\/en\/producto\/ht010-water-level-meter\/","og_locale":"es_ES","og_type":"article","og_title":"Medidor de Nivel de Agua | Darrera","og_description":"Se utiliza para medir con precisi\u00f3n y fiabilidad el nivel de todo tipo de aguas subterr\u00e1neas, incluso aguas de baja conductividad. Est\u00e1 especialmente indicado para efectuar mediciones en pozos y dep\u00f3sitos.","og_url":"https:\/\/www.darrera.com\/en\/producto\/ht010-water-level-meter\/","og_site_name":"Darrera","article_publisher":"http:\/\/facebook.com\/darrerameteo","article_modified_time":"2023-07-20T09:05:56+00:00","og_image":[{"width":950,"height":950,"url":"https:\/\/www.darrera.com\/wp-content\/uploads\/2018\/04\/ht010-medidor-nivel-agua.jpg","type":"image\/jpeg"}],"twitter_card":"summary_large_image","twitter_site":"@darrera_meteo","twitter_misc":{"Tiempo de lectura":"1 minuto"},"schema":{"@context":"https:\/\/schema.org","@graph":[{"@type":"WebPage","@id":"https:\/\/www.darrera.com\/en\/producto\/ht010-water-level-meter\/","url":"https:\/\/www.darrera.com\/en\/producto\/ht010-water-level-meter\/","name":"Medidor de Nivel de Agua | Darrera","isPartOf":{"@id":"https:\/\/www.darrera.com\/es\/#website"},"primaryImageOfPage":{"@id":"https:\/\/www.darrera.com\/en\/producto\/ht010-water-level-meter\/#primaryimage"},"image":{"@id":"https:\/\/www.darrera.com\/en\/producto\/ht010-water-level-meter\/#primaryimage"},"thumbnailUrl":"https:\/\/www.darrera.com\/wp-content\/uploads\/2018\/04\/ht010-medidor-nivel-agua.jpg","datePublished":"2018-04-03T13:47:23+00:00","dateModified":"2023-07-20T09:05:56+00:00","breadcrumb":{"@id":"https:\/\/www.darrera.com\/en\/producto\/ht010-water-level-meter\/#breadcrumb"},"inLanguage":"es","potentialAction":[{"@type":"ReadAction","target":["https:\/\/www.darrera.com\/en\/producto\/ht010-water-level-meter\/"]}]},{"@type":"ImageObject","inLanguage":"es","@id":"https:\/\/www.darrera.com\/en\/producto\/ht010-water-level-meter\/#primaryimage","url":"https:\/\/www.darrera.com\/wp-content\/uploads\/2018\/04\/ht010-medidor-nivel-agua.jpg","contentUrl":"https:\/\/www.darrera.com\/wp-content\/uploads\/2018\/04\/ht010-medidor-nivel-agua.jpg","width":950,"height":950,"caption":"HT010 - Medidor de Nivel de Agua"},{"@type":"BreadcrumbList","@id":"https:\/\/www.darrera.com\/en\/producto\/ht010-water-level-meter\/#breadcrumb","itemListElement":[{"@type":"ListItem","position":1,"name":"Home","item":"https:\/\/www.darrera.com\/es\/"},{"@type":"ListItem","position":2,"name":"Productos","item":"https:\/\/www.darrera.com\/es\/productos\/"},{"@type":"ListItem","position":3,"name":"Medidor de Nivel de Agua"}]},{"@type":"WebSite","@id":"https:\/\/www.darrera.com\/es\/#website","url":"https:\/\/www.darrera.com\/es\/","name":"Darrera","description":"Instrumentos, soluciones y servicios meteorol\u00f3gicos","publisher":{"@id":"https:\/\/www.darrera.com\/es\/#organization"},"potentialAction":[{"@type":"SearchAction","target":{"@type":"EntryPoint","urlTemplate":"https:\/\/www.darrera.com\/es\/?s={search_term_string}"},"query-input":{"@type":"PropertyValueSpecification","valueRequired":true,"valueName":"search_term_string"}}],"inLanguage":"es"},{"@type":"Organization","@id":"https:\/\/www.darrera.com\/es\/#organization","name":"Darrera","url":"https:\/\/www.darrera.com\/es\/","logo":{"@type":"ImageObject","inLanguage":"es","@id":"https:\/\/www.darrera.com\/es\/#\/schema\/logo\/image\/","url":"https:\/\/www.darrera.com\/wp\/wp-content\/uploads\/logo-darrera.png","contentUrl":"https:\/\/www.darrera.com\/wp\/wp-content\/uploads\/logo-darrera.png","width":500,"height":85,"caption":"Darrera"},"image":{"@id":"https:\/\/www.darrera.com\/es\/#\/schema\/logo\/image\/"},"sameAs":["http:\/\/facebook.com\/darrerameteo","https:\/\/x.com\/darrera_meteo","https:\/\/www.linkedin.com\/company\/darrera-s-a-","http:\/\/youtube.com\/darreratv"]}]}},"_links":{"self":[{"href":"https:\/\/www.darrera.com\/es\/wp-json\/wp\/v2\/product\/1486","targetHints":{"allow":["GET"]}}],"collection":[{"href":"https:\/\/www.darrera.com\/es\/wp-json\/wp\/v2\/product"}],"about":[{"href":"https:\/\/www.darrera.com\/es\/wp-json\/wp\/v2\/types\/product"}],"wp:featuredmedia":[{"embeddable":true,"href":"https:\/\/www.darrera.com\/es\/wp-json\/wp\/v2\/media\/4066"}],"wp:attachment":[{"href":"https:\/\/www.darrera.com\/es\/wp-json\/wp\/v2\/media?parent=1486"}],"wp:term":[{"taxonomy":"product_brand","embeddable":true,"href":"https:\/\/www.darrera.com\/es\/wp-json\/wp\/v2\/product_brand?post=1486"},{"taxonomy":"product_cat","embeddable":true,"href":"https:\/\/www.darrera.com\/es\/wp-json\/wp\/v2\/product_cat?post=1486"},{"taxonomy":"product_tag","embeddable":true,"href":"https:\/\/www.darrera.com\/es\/wp-json\/wp\/v2\/product_tag?post=1486"}],"curies":[{"name":"wp","href":"https:\/\/api.w.org\/{rel}","templated":true}]}}