{"id":1489,"date":"2018-04-09T15:15:32","date_gmt":"2018-04-09T13:15:32","guid":{"rendered":"https:\/\/www.darrera.com\/wp\/product\/m251-sensor-optico-estado-calzada\/"},"modified":"2022-08-05T17:40:39","modified_gmt":"2022-08-05T15:40:39","slug":"m251-sensor-optico-estado-calzada","status":"publish","type":"product","link":"https:\/\/www.darrera.com\/es\/producto\/m251-sensor-optico-estado-calzada\/","title":{"rendered":"Sensor \u00d3ptico de Estado de la Calzada"},"content":{"rendered":"<h3>M\u00e1xima precisi\u00f3n para tareas de mantenimiento invernal<\/h3>\n<p>El sensor \u00f3ptico de estado de la calzada se instala sobre un p\u00f3rtico de la carretera y utiliza tecnolog\u00eda \u00f3ptica para medir el estado de la superficie de la calzada, el coeficiente de fricci\u00f3n, la temperatura, el punto de congelaci\u00f3n, la concentraci\u00f3n de sal, la altura de la pel\u00edcula de agua o hielo y la altura de la nieve presente sobre \u00e9sta. El sensor discrimina entre los siguientes estados de la calzada: seca, h\u00fameda, mojada, extremadamente mojada y deslizante.<\/p>\n<p>El sensor est\u00e1 especialmente dise\u00f1ado para mejorar la planificaci\u00f3n y control de calidad de todo tipo de tareas de mantenimiento invernal en carreteras, puertos de monta\u00f1a, estaciones de esqu\u00ed, aeropuertos, etc. con el fin de garantizar la m\u00e1xima seguridad.<\/p>\n<h3>Comunicaci\u00f3n digital<\/h3>\n<p>Se puede conectar a cualquier datalogger convencional para llevar a cabo el almacenamiento de los datos y su posterior descarga y visualizaci\u00f3n en un ordenador. Dispone de un puerto serie RS-485 con protocolo UMB e incluye un cable de 10 metros de longitud.<\/p>\n<h3>Especificaciones t\u00e9cnicas<\/h3>\n<h4>Especificaciones del sensor<\/h4>\n<p>Coeficiente de fricci\u00f3n:<\/p>\n<ul>\n<li>Rango: 0 a 1<\/li>\n<\/ul>\n<p>Temperatura:<\/p>\n<ul>\n<li>Rango: -40\u00baC a 100\u00baC<\/li>\n<li>Resoluci\u00f3n: 0,1\u00baC<\/li>\n<li>Precisi\u00f3n: \u00b11,5\u00baC<\/li>\n<\/ul>\n<p>Punto de congelaci\u00f3n:<\/p>\n<ul>\n<li>Rango: -40\u00baC a 0\u00baC<\/li>\n<li>Resoluci\u00f3n: 0,1\u00baC<\/li>\n<li>Precisi\u00f3n: \u00b11,5\u00baC<\/li>\n<\/ul>\n<p>Concentraci\u00f3n de sal:<\/p>\n<ul>\n<li>Rango: 0 a 100%<\/li>\n<\/ul>\n<p>Altura de la pel\u00edcula de agua o hielo:<\/p>\n<ul>\n<li>Rango: 0,6 a 4 mm<\/li>\n<li>Resoluci\u00f3n: 0,01 mm<\/li>\n<li>Precisi\u00f3n: \u00b120%<\/li>\n<\/ul>\n<p>Altura de la nieve:<\/p>\n<ul>\n<li>Rango: 0 a 10 m<\/li>\n<\/ul>\n<h4>Especificaciones el\u00e9ctricas<\/h4>\n<ul>\n<li>Voltaje de alimentaci\u00f3n: 9 a 24 VDC<\/li>\n<li>Consumo: 340 mA (m\u00e1x.)<\/li>\n<li>Voltaje del calefactor: 24 VDC<\/li>\n<li>Consumo del calefactor: 1,25 A (m\u00e1x.)<\/li>\n<li>Se\u00f1al de salida: RS-485<\/li>\n<\/ul>\n<h4>Especificaciones mec\u00e1nicas<\/h4>\n<ul>\n<li>Temperatura de funcionamiento: -40\u00baC a 70\u00baC<\/li>\n<li>Material: pl\u00e1stico de alta resistencia<\/li>\n<li>Dimensiones: 225 x 130 x 170 mm<\/li>\n<li>Peso: 1,1 Kg<\/li>\n<\/ul>\n","protected":false},"excerpt":{"rendered":"<p>Se instala sobre un p\u00f3rtico de la carretera y mide el estado, el coeficiente de fricci\u00f3n, la temperatura, el punto de congelaci\u00f3n, la concentraci\u00f3n de sal, la altura de la pel\u00edcula de agua o hielo y la altura de la nieve presente.<\/p>\n","protected":false},"featured_media":1352,"template":"","meta":[],"product_brand":[],"product_cat":[193],"product_tag":[],"class_list":{"0":"post-1489","1":"product","2":"type-product","3":"status-publish","4":"has-post-thumbnail","6":"product_cat-sensores-calzada","8":"first","9":"instock","10":"taxable","11":"shipping-taxable","12":"product-type-simple"},"yoast_head":"<!-- This site is optimized with the Yoast SEO plugin v27.6 - https:\/\/yoast.com\/product\/yoast-seo-wordpress\/ -->\n<title>Sensor \u00d3ptico de Estado de la Calzada | Darrera<\/title>\n<meta name=\"robots\" content=\"index, follow, max-snippet:-1, max-image-preview:large, max-video-preview:-1\" \/>\n<link rel=\"canonical\" href=\"https:\/\/www.darrera.com\/es\/producto\/m251-sensor-optico-estado-calzada\/\" \/>\n<meta property=\"og:locale\" content=\"es_ES\" \/>\n<meta property=\"og:type\" content=\"article\" \/>\n<meta property=\"og:title\" content=\"Sensor \u00d3ptico de Estado de la Calzada | Darrera\" \/>\n<meta property=\"og:description\" content=\"Se instala sobre un p\u00f3rtico de la carretera y mide el estado, el coeficiente de fricci\u00f3n, la temperatura, el punto de congelaci\u00f3n, la concentraci\u00f3n de sal, la altura de la pel\u00edcula de agua o hielo y la altura de la nieve presente.\" \/>\n<meta property=\"og:url\" content=\"https:\/\/www.darrera.com\/es\/producto\/m251-sensor-optico-estado-calzada\/\" \/>\n<meta property=\"og:site_name\" content=\"Darrera\" \/>\n<meta property=\"article:publisher\" content=\"http:\/\/facebook.com\/darrerameteo\" \/>\n<meta property=\"article:modified_time\" content=\"2022-08-05T15:40:39+00:00\" \/>\n<meta property=\"og:image\" content=\"https:\/\/www.darrera.com\/wp-content\/uploads\/2018\/04\/m251-sensor-optico-estado-calzada.jpg\" \/>\n\t<meta property=\"og:image:width\" content=\"950\" \/>\n\t<meta property=\"og:image:height\" content=\"950\" \/>\n\t<meta property=\"og:image:type\" content=\"image\/jpeg\" \/>\n<meta name=\"twitter:card\" content=\"summary_large_image\" \/>\n<meta name=\"twitter:site\" content=\"@darrera_meteo\" \/>\n<meta name=\"twitter:label1\" content=\"Tiempo de lectura\" \/>\n\t<meta name=\"twitter:data1\" content=\"2 minutos\" \/>\n<script type=\"application\/ld+json\" class=\"yoast-schema-graph\">{\"@context\":\"https:\\\/\\\/schema.org\",\"@graph\":[{\"@type\":\"WebPage\",\"@id\":\"https:\\\/\\\/www.darrera.com\\\/es\\\/producto\\\/m251-sensor-optico-estado-calzada\\\/\",\"url\":\"https:\\\/\\\/www.darrera.com\\\/es\\\/producto\\\/m251-sensor-optico-estado-calzada\\\/\",\"name\":\"Sensor \u00d3ptico de Estado de la Calzada | Darrera\",\"isPartOf\":{\"@id\":\"https:\\\/\\\/www.darrera.com\\\/es\\\/#website\"},\"primaryImageOfPage\":{\"@id\":\"https:\\\/\\\/www.darrera.com\\\/es\\\/producto\\\/m251-sensor-optico-estado-calzada\\\/#primaryimage\"},\"image\":{\"@id\":\"https:\\\/\\\/www.darrera.com\\\/es\\\/producto\\\/m251-sensor-optico-estado-calzada\\\/#primaryimage\"},\"thumbnailUrl\":\"https:\\\/\\\/www.darrera.com\\\/wp-content\\\/uploads\\\/2018\\\/04\\\/m251-sensor-optico-estado-calzada.jpg\",\"datePublished\":\"2018-04-09T13:15:32+00:00\",\"dateModified\":\"2022-08-05T15:40:39+00:00\",\"breadcrumb\":{\"@id\":\"https:\\\/\\\/www.darrera.com\\\/es\\\/producto\\\/m251-sensor-optico-estado-calzada\\\/#breadcrumb\"},\"inLanguage\":\"es\",\"potentialAction\":[{\"@type\":\"ReadAction\",\"target\":[\"https:\\\/\\\/www.darrera.com\\\/es\\\/producto\\\/m251-sensor-optico-estado-calzada\\\/\"]}]},{\"@type\":\"ImageObject\",\"inLanguage\":\"es\",\"@id\":\"https:\\\/\\\/www.darrera.com\\\/es\\\/producto\\\/m251-sensor-optico-estado-calzada\\\/#primaryimage\",\"url\":\"https:\\\/\\\/www.darrera.com\\\/wp-content\\\/uploads\\\/2018\\\/04\\\/m251-sensor-optico-estado-calzada.jpg\",\"contentUrl\":\"https:\\\/\\\/www.darrera.com\\\/wp-content\\\/uploads\\\/2018\\\/04\\\/m251-sensor-optico-estado-calzada.jpg\",\"width\":950,\"height\":950,\"caption\":\"M251 - Sensor \u00d3ptico de Estado de la Calzada\"},{\"@type\":\"BreadcrumbList\",\"@id\":\"https:\\\/\\\/www.darrera.com\\\/es\\\/producto\\\/m251-sensor-optico-estado-calzada\\\/#breadcrumb\",\"itemListElement\":[{\"@type\":\"ListItem\",\"position\":1,\"name\":\"Home\",\"item\":\"https:\\\/\\\/www.darrera.com\\\/es\\\/\"},{\"@type\":\"ListItem\",\"position\":2,\"name\":\"Productos\",\"item\":\"https:\\\/\\\/www.darrera.com\\\/es\\\/productos\\\/\"},{\"@type\":\"ListItem\",\"position\":3,\"name\":\"Sensor \u00d3ptico de Estado de la Calzada\"}]},{\"@type\":\"WebSite\",\"@id\":\"https:\\\/\\\/www.darrera.com\\\/es\\\/#website\",\"url\":\"https:\\\/\\\/www.darrera.com\\\/es\\\/\",\"name\":\"Darrera\",\"description\":\"Instrumentos, soluciones y servicios meteorol\u00f3gicos\",\"publisher\":{\"@id\":\"https:\\\/\\\/www.darrera.com\\\/es\\\/#organization\"},\"potentialAction\":[{\"@type\":\"SearchAction\",\"target\":{\"@type\":\"EntryPoint\",\"urlTemplate\":\"https:\\\/\\\/www.darrera.com\\\/es\\\/?s={search_term_string}\"},\"query-input\":{\"@type\":\"PropertyValueSpecification\",\"valueRequired\":true,\"valueName\":\"search_term_string\"}}],\"inLanguage\":\"es\"},{\"@type\":\"Organization\",\"@id\":\"https:\\\/\\\/www.darrera.com\\\/es\\\/#organization\",\"name\":\"Darrera\",\"url\":\"https:\\\/\\\/www.darrera.com\\\/es\\\/\",\"logo\":{\"@type\":\"ImageObject\",\"inLanguage\":\"es\",\"@id\":\"https:\\\/\\\/www.darrera.com\\\/es\\\/#\\\/schema\\\/logo\\\/image\\\/\",\"url\":\"https:\\\/\\\/www.darrera.com\\\/wp\\\/wp-content\\\/uploads\\\/logo-darrera.png\",\"contentUrl\":\"https:\\\/\\\/www.darrera.com\\\/wp\\\/wp-content\\\/uploads\\\/logo-darrera.png\",\"width\":500,\"height\":85,\"caption\":\"Darrera\"},\"image\":{\"@id\":\"https:\\\/\\\/www.darrera.com\\\/es\\\/#\\\/schema\\\/logo\\\/image\\\/\"},\"sameAs\":[\"http:\\\/\\\/facebook.com\\\/darrerameteo\",\"https:\\\/\\\/x.com\\\/darrera_meteo\",\"https:\\\/\\\/www.linkedin.com\\\/company\\\/darrera-s-a-\",\"http:\\\/\\\/youtube.com\\\/darreratv\"]}]}<\/script>\n<!-- \/ Yoast SEO plugin. -->","yoast_head_json":{"title":"Sensor \u00d3ptico de Estado de la Calzada | Darrera","robots":{"index":"index","follow":"follow","max-snippet":"max-snippet:-1","max-image-preview":"max-image-preview:large","max-video-preview":"max-video-preview:-1"},"canonical":"https:\/\/www.darrera.com\/es\/producto\/m251-sensor-optico-estado-calzada\/","og_locale":"es_ES","og_type":"article","og_title":"Sensor \u00d3ptico de Estado de la Calzada | Darrera","og_description":"Se instala sobre un p\u00f3rtico de la carretera y mide el estado, el coeficiente de fricci\u00f3n, la temperatura, el punto de congelaci\u00f3n, la concentraci\u00f3n de sal, la altura de la pel\u00edcula de agua o hielo y la altura de la nieve presente.","og_url":"https:\/\/www.darrera.com\/es\/producto\/m251-sensor-optico-estado-calzada\/","og_site_name":"Darrera","article_publisher":"http:\/\/facebook.com\/darrerameteo","article_modified_time":"2022-08-05T15:40:39+00:00","og_image":[{"width":950,"height":950,"url":"https:\/\/www.darrera.com\/wp-content\/uploads\/2018\/04\/m251-sensor-optico-estado-calzada.jpg","type":"image\/jpeg"}],"twitter_card":"summary_large_image","twitter_site":"@darrera_meteo","twitter_misc":{"Tiempo de lectura":"2 minutos"},"schema":{"@context":"https:\/\/schema.org","@graph":[{"@type":"WebPage","@id":"https:\/\/www.darrera.com\/es\/producto\/m251-sensor-optico-estado-calzada\/","url":"https:\/\/www.darrera.com\/es\/producto\/m251-sensor-optico-estado-calzada\/","name":"Sensor \u00d3ptico de Estado de la Calzada | Darrera","isPartOf":{"@id":"https:\/\/www.darrera.com\/es\/#website"},"primaryImageOfPage":{"@id":"https:\/\/www.darrera.com\/es\/producto\/m251-sensor-optico-estado-calzada\/#primaryimage"},"image":{"@id":"https:\/\/www.darrera.com\/es\/producto\/m251-sensor-optico-estado-calzada\/#primaryimage"},"thumbnailUrl":"https:\/\/www.darrera.com\/wp-content\/uploads\/2018\/04\/m251-sensor-optico-estado-calzada.jpg","datePublished":"2018-04-09T13:15:32+00:00","dateModified":"2022-08-05T15:40:39+00:00","breadcrumb":{"@id":"https:\/\/www.darrera.com\/es\/producto\/m251-sensor-optico-estado-calzada\/#breadcrumb"},"inLanguage":"es","potentialAction":[{"@type":"ReadAction","target":["https:\/\/www.darrera.com\/es\/producto\/m251-sensor-optico-estado-calzada\/"]}]},{"@type":"ImageObject","inLanguage":"es","@id":"https:\/\/www.darrera.com\/es\/producto\/m251-sensor-optico-estado-calzada\/#primaryimage","url":"https:\/\/www.darrera.com\/wp-content\/uploads\/2018\/04\/m251-sensor-optico-estado-calzada.jpg","contentUrl":"https:\/\/www.darrera.com\/wp-content\/uploads\/2018\/04\/m251-sensor-optico-estado-calzada.jpg","width":950,"height":950,"caption":"M251 - Sensor \u00d3ptico de Estado de la Calzada"},{"@type":"BreadcrumbList","@id":"https:\/\/www.darrera.com\/es\/producto\/m251-sensor-optico-estado-calzada\/#breadcrumb","itemListElement":[{"@type":"ListItem","position":1,"name":"Home","item":"https:\/\/www.darrera.com\/es\/"},{"@type":"ListItem","position":2,"name":"Productos","item":"https:\/\/www.darrera.com\/es\/productos\/"},{"@type":"ListItem","position":3,"name":"Sensor \u00d3ptico de Estado de la Calzada"}]},{"@type":"WebSite","@id":"https:\/\/www.darrera.com\/es\/#website","url":"https:\/\/www.darrera.com\/es\/","name":"Darrera","description":"Instrumentos, soluciones y servicios meteorol\u00f3gicos","publisher":{"@id":"https:\/\/www.darrera.com\/es\/#organization"},"potentialAction":[{"@type":"SearchAction","target":{"@type":"EntryPoint","urlTemplate":"https:\/\/www.darrera.com\/es\/?s={search_term_string}"},"query-input":{"@type":"PropertyValueSpecification","valueRequired":true,"valueName":"search_term_string"}}],"inLanguage":"es"},{"@type":"Organization","@id":"https:\/\/www.darrera.com\/es\/#organization","name":"Darrera","url":"https:\/\/www.darrera.com\/es\/","logo":{"@type":"ImageObject","inLanguage":"es","@id":"https:\/\/www.darrera.com\/es\/#\/schema\/logo\/image\/","url":"https:\/\/www.darrera.com\/wp\/wp-content\/uploads\/logo-darrera.png","contentUrl":"https:\/\/www.darrera.com\/wp\/wp-content\/uploads\/logo-darrera.png","width":500,"height":85,"caption":"Darrera"},"image":{"@id":"https:\/\/www.darrera.com\/es\/#\/schema\/logo\/image\/"},"sameAs":["http:\/\/facebook.com\/darrerameteo","https:\/\/x.com\/darrera_meteo","https:\/\/www.linkedin.com\/company\/darrera-s-a-","http:\/\/youtube.com\/darreratv"]}]}},"_links":{"self":[{"href":"https:\/\/www.darrera.com\/es\/wp-json\/wp\/v2\/product\/1489","targetHints":{"allow":["GET"]}}],"collection":[{"href":"https:\/\/www.darrera.com\/es\/wp-json\/wp\/v2\/product"}],"about":[{"href":"https:\/\/www.darrera.com\/es\/wp-json\/wp\/v2\/types\/product"}],"wp:featuredmedia":[{"embeddable":true,"href":"https:\/\/www.darrera.com\/es\/wp-json\/wp\/v2\/media\/1352"}],"wp:attachment":[{"href":"https:\/\/www.darrera.com\/es\/wp-json\/wp\/v2\/media?parent=1489"}],"wp:term":[{"taxonomy":"product_brand","embeddable":true,"href":"https:\/\/www.darrera.com\/es\/wp-json\/wp\/v2\/product_brand?post=1489"},{"taxonomy":"product_cat","embeddable":true,"href":"https:\/\/www.darrera.com\/es\/wp-json\/wp\/v2\/product_cat?post=1489"},{"taxonomy":"product_tag","embeddable":true,"href":"https:\/\/www.darrera.com\/es\/wp-json\/wp\/v2\/product_tag?post=1489"}],"curies":[{"name":"wp","href":"https:\/\/api.w.org\/{rel}","templated":true}]}}