{"id":1490,"date":"2018-04-09T15:15:29","date_gmt":"2018-04-09T13:15:29","guid":{"rendered":"https:\/\/www.darrera.com\/wp\/product\/lpring12-anillo-sombra\/"},"modified":"2018-05-11T16:56:02","modified_gmt":"2018-05-11T14:56:02","slug":"lpring12-anillo-sombra","status":"publish","type":"product","link":"https:\/\/www.darrera.com\/es\/producto\/lpring12-anillo-sombra\/","title":{"rendered":"Anillo de Sombra"},"content":{"rendered":"<h3>Robusto y ajustable<\/h3>\n<p>El anillo de sombra suprime la radiaci\u00f3n directa incidente sobre un piran\u00f3metro permitiendo medir \u00fanicamente la radiaci\u00f3n difusa. El mecanismo de sombreado dispone de varios ajustes que permiten configurarlo para su uso en cualquier localizaci\u00f3n. Es compatible con la mayor\u00eda de piran\u00f3metros del mercado.<\/p>\n<h3>Especificaciones t\u00e9cnicas<\/h3>\n<h4>Especificaciones mec\u00e1nicas<\/h4>\n<ul>\n<li>Dimensiones: \u2205 570 x 300 mm<\/li>\n<li>Peso: 5,9 Kg<\/li>\n<\/ul>\n","protected":false},"excerpt":{"rendered":"<p>Suprime la radiaci\u00f3n directa incidente sobre un piran\u00f3metro permitiendo medir \u00fanicamente la radiaci\u00f3n difusa. Es compatible con la mayor\u00eda de piran\u00f3metros del mercado.<\/p>\n","protected":false},"featured_media":1406,"template":"","meta":[],"product_brand":[],"product_cat":[190],"product_tag":[],"class_list":{"0":"post-1490","1":"product","2":"type-product","3":"status-publish","4":"has-post-thumbnail","6":"product_cat-piranometros","8":"first","9":"instock","10":"taxable","11":"shipping-taxable","12":"product-type-simple"},"yoast_head":"<!-- This site is optimized with the Yoast SEO plugin v27.4 - https:\/\/yoast.com\/product\/yoast-seo-wordpress\/ -->\n<title>Anillo de Sombra | Darrera<\/title>\n<meta name=\"robots\" content=\"index, follow, max-snippet:-1, max-image-preview:large, max-video-preview:-1\" \/>\n<link rel=\"canonical\" href=\"https:\/\/www.darrera.com\/en\/producto\/lpring12-shadow-ring\/\" \/>\n<meta property=\"og:locale\" content=\"es_ES\" \/>\n<meta property=\"og:type\" content=\"article\" \/>\n<meta property=\"og:title\" content=\"Anillo de Sombra | Darrera\" \/>\n<meta property=\"og:description\" content=\"Suprime la radiaci\u00f3n directa incidente sobre un piran\u00f3metro permitiendo medir \u00fanicamente la radiaci\u00f3n difusa. Es compatible con la mayor\u00eda de piran\u00f3metros del mercado.\" \/>\n<meta property=\"og:url\" content=\"https:\/\/www.darrera.com\/en\/producto\/lpring12-shadow-ring\/\" \/>\n<meta property=\"og:site_name\" content=\"Darrera\" \/>\n<meta property=\"article:publisher\" content=\"http:\/\/facebook.com\/darrerameteo\" \/>\n<meta property=\"article:modified_time\" content=\"2018-05-11T14:56:02+00:00\" \/>\n<meta property=\"og:image\" content=\"https:\/\/www.darrera.com\/wp-content\/uploads\/2018\/04\/lpring12-anillo-sombra.jpg\" \/>\n\t<meta property=\"og:image:width\" content=\"950\" \/>\n\t<meta property=\"og:image:height\" content=\"950\" \/>\n\t<meta property=\"og:image:type\" content=\"image\/jpeg\" \/>\n<meta name=\"twitter:card\" content=\"summary_large_image\" \/>\n<meta name=\"twitter:site\" content=\"@darrera_meteo\" \/>\n<script type=\"application\/ld+json\" class=\"yoast-schema-graph\">{\"@context\":\"https:\\\/\\\/schema.org\",\"@graph\":[{\"@type\":\"WebPage\",\"@id\":\"https:\\\/\\\/www.darrera.com\\\/en\\\/producto\\\/lpring12-shadow-ring\\\/\",\"url\":\"https:\\\/\\\/www.darrera.com\\\/en\\\/producto\\\/lpring12-shadow-ring\\\/\",\"name\":\"Anillo de Sombra | Darrera\",\"isPartOf\":{\"@id\":\"https:\\\/\\\/www.darrera.com\\\/es\\\/#website\"},\"primaryImageOfPage\":{\"@id\":\"https:\\\/\\\/www.darrera.com\\\/en\\\/producto\\\/lpring12-shadow-ring\\\/#primaryimage\"},\"image\":{\"@id\":\"https:\\\/\\\/www.darrera.com\\\/en\\\/producto\\\/lpring12-shadow-ring\\\/#primaryimage\"},\"thumbnailUrl\":\"https:\\\/\\\/www.darrera.com\\\/wp-content\\\/uploads\\\/2018\\\/04\\\/lpring12-anillo-sombra.jpg\",\"datePublished\":\"2018-04-09T13:15:29+00:00\",\"dateModified\":\"2018-05-11T14:56:02+00:00\",\"breadcrumb\":{\"@id\":\"https:\\\/\\\/www.darrera.com\\\/en\\\/producto\\\/lpring12-shadow-ring\\\/#breadcrumb\"},\"inLanguage\":\"es\",\"potentialAction\":[{\"@type\":\"ReadAction\",\"target\":[\"https:\\\/\\\/www.darrera.com\\\/en\\\/producto\\\/lpring12-shadow-ring\\\/\"]}]},{\"@type\":\"ImageObject\",\"inLanguage\":\"es\",\"@id\":\"https:\\\/\\\/www.darrera.com\\\/en\\\/producto\\\/lpring12-shadow-ring\\\/#primaryimage\",\"url\":\"https:\\\/\\\/www.darrera.com\\\/wp-content\\\/uploads\\\/2018\\\/04\\\/lpring12-anillo-sombra.jpg\",\"contentUrl\":\"https:\\\/\\\/www.darrera.com\\\/wp-content\\\/uploads\\\/2018\\\/04\\\/lpring12-anillo-sombra.jpg\",\"width\":950,\"height\":950,\"caption\":\"LPRING12 - Anillo de Sombra\"},{\"@type\":\"BreadcrumbList\",\"@id\":\"https:\\\/\\\/www.darrera.com\\\/en\\\/producto\\\/lpring12-shadow-ring\\\/#breadcrumb\",\"itemListElement\":[{\"@type\":\"ListItem\",\"position\":1,\"name\":\"Home\",\"item\":\"https:\\\/\\\/www.darrera.com\\\/es\\\/\"},{\"@type\":\"ListItem\",\"position\":2,\"name\":\"Productos\",\"item\":\"https:\\\/\\\/www.darrera.com\\\/es\\\/productos\\\/\"},{\"@type\":\"ListItem\",\"position\":3,\"name\":\"Anillo de Sombra\"}]},{\"@type\":\"WebSite\",\"@id\":\"https:\\\/\\\/www.darrera.com\\\/es\\\/#website\",\"url\":\"https:\\\/\\\/www.darrera.com\\\/es\\\/\",\"name\":\"Darrera\",\"description\":\"Instrumentos, soluciones y servicios meteorol\u00f3gicos\",\"publisher\":{\"@id\":\"https:\\\/\\\/www.darrera.com\\\/es\\\/#organization\"},\"potentialAction\":[{\"@type\":\"SearchAction\",\"target\":{\"@type\":\"EntryPoint\",\"urlTemplate\":\"https:\\\/\\\/www.darrera.com\\\/es\\\/?s={search_term_string}\"},\"query-input\":{\"@type\":\"PropertyValueSpecification\",\"valueRequired\":true,\"valueName\":\"search_term_string\"}}],\"inLanguage\":\"es\"},{\"@type\":\"Organization\",\"@id\":\"https:\\\/\\\/www.darrera.com\\\/es\\\/#organization\",\"name\":\"Darrera\",\"url\":\"https:\\\/\\\/www.darrera.com\\\/es\\\/\",\"logo\":{\"@type\":\"ImageObject\",\"inLanguage\":\"es\",\"@id\":\"https:\\\/\\\/www.darrera.com\\\/es\\\/#\\\/schema\\\/logo\\\/image\\\/\",\"url\":\"https:\\\/\\\/www.darrera.com\\\/wp\\\/wp-content\\\/uploads\\\/logo-darrera.png\",\"contentUrl\":\"https:\\\/\\\/www.darrera.com\\\/wp\\\/wp-content\\\/uploads\\\/logo-darrera.png\",\"width\":500,\"height\":85,\"caption\":\"Darrera\"},\"image\":{\"@id\":\"https:\\\/\\\/www.darrera.com\\\/es\\\/#\\\/schema\\\/logo\\\/image\\\/\"},\"sameAs\":[\"http:\\\/\\\/facebook.com\\\/darrerameteo\",\"https:\\\/\\\/x.com\\\/darrera_meteo\",\"https:\\\/\\\/www.linkedin.com\\\/company\\\/darrera-s-a-\",\"http:\\\/\\\/youtube.com\\\/darreratv\"]}]}<\/script>\n<!-- \/ Yoast SEO plugin. -->","yoast_head_json":{"title":"Anillo de Sombra | Darrera","robots":{"index":"index","follow":"follow","max-snippet":"max-snippet:-1","max-image-preview":"max-image-preview:large","max-video-preview":"max-video-preview:-1"},"canonical":"https:\/\/www.darrera.com\/en\/producto\/lpring12-shadow-ring\/","og_locale":"es_ES","og_type":"article","og_title":"Anillo de Sombra | Darrera","og_description":"Suprime la radiaci\u00f3n directa incidente sobre un piran\u00f3metro permitiendo medir \u00fanicamente la radiaci\u00f3n difusa. Es compatible con la mayor\u00eda de piran\u00f3metros del mercado.","og_url":"https:\/\/www.darrera.com\/en\/producto\/lpring12-shadow-ring\/","og_site_name":"Darrera","article_publisher":"http:\/\/facebook.com\/darrerameteo","article_modified_time":"2018-05-11T14:56:02+00:00","og_image":[{"width":950,"height":950,"url":"https:\/\/www.darrera.com\/wp-content\/uploads\/2018\/04\/lpring12-anillo-sombra.jpg","type":"image\/jpeg"}],"twitter_card":"summary_large_image","twitter_site":"@darrera_meteo","schema":{"@context":"https:\/\/schema.org","@graph":[{"@type":"WebPage","@id":"https:\/\/www.darrera.com\/en\/producto\/lpring12-shadow-ring\/","url":"https:\/\/www.darrera.com\/en\/producto\/lpring12-shadow-ring\/","name":"Anillo de Sombra | Darrera","isPartOf":{"@id":"https:\/\/www.darrera.com\/es\/#website"},"primaryImageOfPage":{"@id":"https:\/\/www.darrera.com\/en\/producto\/lpring12-shadow-ring\/#primaryimage"},"image":{"@id":"https:\/\/www.darrera.com\/en\/producto\/lpring12-shadow-ring\/#primaryimage"},"thumbnailUrl":"https:\/\/www.darrera.com\/wp-content\/uploads\/2018\/04\/lpring12-anillo-sombra.jpg","datePublished":"2018-04-09T13:15:29+00:00","dateModified":"2018-05-11T14:56:02+00:00","breadcrumb":{"@id":"https:\/\/www.darrera.com\/en\/producto\/lpring12-shadow-ring\/#breadcrumb"},"inLanguage":"es","potentialAction":[{"@type":"ReadAction","target":["https:\/\/www.darrera.com\/en\/producto\/lpring12-shadow-ring\/"]}]},{"@type":"ImageObject","inLanguage":"es","@id":"https:\/\/www.darrera.com\/en\/producto\/lpring12-shadow-ring\/#primaryimage","url":"https:\/\/www.darrera.com\/wp-content\/uploads\/2018\/04\/lpring12-anillo-sombra.jpg","contentUrl":"https:\/\/www.darrera.com\/wp-content\/uploads\/2018\/04\/lpring12-anillo-sombra.jpg","width":950,"height":950,"caption":"LPRING12 - Anillo de Sombra"},{"@type":"BreadcrumbList","@id":"https:\/\/www.darrera.com\/en\/producto\/lpring12-shadow-ring\/#breadcrumb","itemListElement":[{"@type":"ListItem","position":1,"name":"Home","item":"https:\/\/www.darrera.com\/es\/"},{"@type":"ListItem","position":2,"name":"Productos","item":"https:\/\/www.darrera.com\/es\/productos\/"},{"@type":"ListItem","position":3,"name":"Anillo de Sombra"}]},{"@type":"WebSite","@id":"https:\/\/www.darrera.com\/es\/#website","url":"https:\/\/www.darrera.com\/es\/","name":"Darrera","description":"Instrumentos, soluciones y servicios meteorol\u00f3gicos","publisher":{"@id":"https:\/\/www.darrera.com\/es\/#organization"},"potentialAction":[{"@type":"SearchAction","target":{"@type":"EntryPoint","urlTemplate":"https:\/\/www.darrera.com\/es\/?s={search_term_string}"},"query-input":{"@type":"PropertyValueSpecification","valueRequired":true,"valueName":"search_term_string"}}],"inLanguage":"es"},{"@type":"Organization","@id":"https:\/\/www.darrera.com\/es\/#organization","name":"Darrera","url":"https:\/\/www.darrera.com\/es\/","logo":{"@type":"ImageObject","inLanguage":"es","@id":"https:\/\/www.darrera.com\/es\/#\/schema\/logo\/image\/","url":"https:\/\/www.darrera.com\/wp\/wp-content\/uploads\/logo-darrera.png","contentUrl":"https:\/\/www.darrera.com\/wp\/wp-content\/uploads\/logo-darrera.png","width":500,"height":85,"caption":"Darrera"},"image":{"@id":"https:\/\/www.darrera.com\/es\/#\/schema\/logo\/image\/"},"sameAs":["http:\/\/facebook.com\/darrerameteo","https:\/\/x.com\/darrera_meteo","https:\/\/www.linkedin.com\/company\/darrera-s-a-","http:\/\/youtube.com\/darreratv"]}]}},"_links":{"self":[{"href":"https:\/\/www.darrera.com\/es\/wp-json\/wp\/v2\/product\/1490","targetHints":{"allow":["GET"]}}],"collection":[{"href":"https:\/\/www.darrera.com\/es\/wp-json\/wp\/v2\/product"}],"about":[{"href":"https:\/\/www.darrera.com\/es\/wp-json\/wp\/v2\/types\/product"}],"wp:featuredmedia":[{"embeddable":true,"href":"https:\/\/www.darrera.com\/es\/wp-json\/wp\/v2\/media\/1406"}],"wp:attachment":[{"href":"https:\/\/www.darrera.com\/es\/wp-json\/wp\/v2\/media?parent=1490"}],"wp:term":[{"taxonomy":"product_brand","embeddable":true,"href":"https:\/\/www.darrera.com\/es\/wp-json\/wp\/v2\/product_brand?post=1490"},{"taxonomy":"product_cat","embeddable":true,"href":"https:\/\/www.darrera.com\/es\/wp-json\/wp\/v2\/product_cat?post=1490"},{"taxonomy":"product_tag","embeddable":true,"href":"https:\/\/www.darrera.com\/es\/wp-json\/wp\/v2\/product_tag?post=1490"}],"curies":[{"name":"wp","href":"https:\/\/api.w.org\/{rel}","templated":true}]}}