{"id":1492,"date":"2018-04-09T15:15:26","date_gmt":"2018-04-09T13:15:26","guid":{"rendered":"https:\/\/www.darrera.com\/wp\/product\/6463m-pluviometro-balancin-aerocone\/"},"modified":"2021-10-06T17:08:38","modified_gmt":"2021-10-06T15:08:38","slug":"6463m-pluviometro-balancin-aerocone","status":"publish","type":"product","link":"https:\/\/www.darrera.com\/es\/producto\/6463m-pluviometro-balancin-aerocone\/","title":{"rendered":"Pluvi\u00f3metro de Balanc\u00edn con AeroCone&#x2122;"},"content":{"rendered":"<h3>M\u00e1xima precisi\u00f3n y resistencia<\/h3>\n<p>El pluvi\u00f3metro con AeroCone&#x2122; mide de forma precisa la cantidad de lluvia ca\u00edda mediante un balanc\u00edn de vaciado autom\u00e1tico. Dispone de un interruptor reed que se cierra cada vez que el peso del agua acumulada hace bascular el balanc\u00edn, lo que produce un pulso que puede ser registrado mediante un datalogger o contador de pulsos.<\/p>\n<p>El instrumento presenta un cono aerodin\u00e1mico que incrementa la precisi\u00f3n en condiciones de viento fuerte, y est\u00e1 especialmente dise\u00f1ado para cumplir con las directrices establecidas por la Organizaci\u00f3n Meteorol\u00f3gica Mundial (OMM). Incluye un cable de 12 metros de longitud y un filtro con sistema de fijaci\u00f3n para evitar que pueda caerse o ser desplazado por el viento.<\/p>\n<h3>Especificaciones t\u00e9cnicas<\/h3>\n<h4>Especificaciones del sensor<\/h4>\n<ul>\n<li>\u00c1rea de recolecci\u00f3n: 214 cm2<\/li>\n<li>Resoluci\u00f3n: 0,2 mm<\/li>\n<li>Precisi\u00f3n: \u00b14%<\/li>\n<\/ul>\n<h4>Especificaciones el\u00e9ctricas<\/h4>\n<ul>\n<li>Se\u00f1al de salida: interruptor reed<\/li>\n<\/ul>\n<h4>Especificaciones mec\u00e1nicas<\/h4>\n<ul>\n<li>Material: pl\u00e1stico ABS resistente a los rayos UV<\/li>\n<li>Dimensiones: \u2205 165 x 240 mm<\/li>\n<li>Peso: 1 Kg<\/li>\n<\/ul>\n","protected":false},"excerpt":{"rendered":"<p>Mide de forma precisa la cantidad de lluvia ca\u00edda mediante un balanc\u00edn de vaciado autom\u00e1tico. Cumple con las directrices de la Organizaci\u00f3n Meteorol\u00f3gica Mundial (OMM).<\/p>\n","protected":false},"featured_media":1264,"template":"","meta":[],"product_brand":[],"product_cat":[178],"product_tag":[],"class_list":{"0":"post-1492","1":"product","2":"type-product","3":"status-publish","4":"has-post-thumbnail","6":"product_cat-sensores-davis-instruments","8":"first","9":"outofstock","10":"taxable","11":"shipping-taxable","12":"product-type-simple"},"yoast_head":"<!-- This site is optimized with the Yoast SEO plugin v27.4 - https:\/\/yoast.com\/product\/yoast-seo-wordpress\/ -->\n<title>Pluvi\u00f3metro de Balanc\u00edn con AeroCone&#x2122; | Darrera<\/title>\n<meta name=\"robots\" content=\"index, follow, max-snippet:-1, max-image-preview:large, max-video-preview:-1\" \/>\n<link rel=\"canonical\" href=\"https:\/\/www.darrera.com\/es\/producto\/6463m-pluviometro-balancin-aerocone\/\" \/>\n<meta property=\"og:locale\" content=\"es_ES\" \/>\n<meta property=\"og:type\" content=\"article\" \/>\n<meta property=\"og:title\" content=\"Pluvi\u00f3metro de Balanc\u00edn con AeroCone&#x2122; | Darrera\" \/>\n<meta property=\"og:description\" content=\"Mide de forma precisa la cantidad de lluvia ca\u00edda mediante un balanc\u00edn de vaciado autom\u00e1tico. Cumple con las directrices de la Organizaci\u00f3n Meteorol\u00f3gica Mundial (OMM).\" \/>\n<meta property=\"og:url\" content=\"https:\/\/www.darrera.com\/es\/producto\/6463m-pluviometro-balancin-aerocone\/\" \/>\n<meta property=\"og:site_name\" content=\"Darrera\" \/>\n<meta property=\"article:publisher\" content=\"http:\/\/facebook.com\/darrerameteo\" \/>\n<meta property=\"article:modified_time\" content=\"2021-10-06T15:08:38+00:00\" \/>\n<meta property=\"og:image\" content=\"https:\/\/www.darrera.com\/wp-content\/uploads\/2018\/04\/6463m-pluviometro-balancin-aerocone.jpg\" \/>\n\t<meta property=\"og:image:width\" content=\"950\" \/>\n\t<meta property=\"og:image:height\" content=\"950\" \/>\n\t<meta property=\"og:image:type\" content=\"image\/jpeg\" \/>\n<meta name=\"twitter:card\" content=\"summary_large_image\" \/>\n<meta name=\"twitter:site\" content=\"@darrera_meteo\" \/>\n<meta name=\"twitter:label1\" content=\"Tiempo de lectura\" \/>\n\t<meta name=\"twitter:data1\" content=\"1 minuto\" \/>\n<script type=\"application\/ld+json\" class=\"yoast-schema-graph\">{\"@context\":\"https:\\\/\\\/schema.org\",\"@graph\":[{\"@type\":\"WebPage\",\"@id\":\"https:\\\/\\\/www.darrera.com\\\/es\\\/producto\\\/6463m-pluviometro-balancin-aerocone\\\/\",\"url\":\"https:\\\/\\\/www.darrera.com\\\/es\\\/producto\\\/6463m-pluviometro-balancin-aerocone\\\/\",\"name\":\"Pluvi\u00f3metro de Balanc\u00edn con AeroCone&#x2122; | Darrera\",\"isPartOf\":{\"@id\":\"https:\\\/\\\/www.darrera.com\\\/es\\\/#website\"},\"primaryImageOfPage\":{\"@id\":\"https:\\\/\\\/www.darrera.com\\\/es\\\/producto\\\/6463m-pluviometro-balancin-aerocone\\\/#primaryimage\"},\"image\":{\"@id\":\"https:\\\/\\\/www.darrera.com\\\/es\\\/producto\\\/6463m-pluviometro-balancin-aerocone\\\/#primaryimage\"},\"thumbnailUrl\":\"https:\\\/\\\/www.darrera.com\\\/wp-content\\\/uploads\\\/2018\\\/04\\\/6463m-pluviometro-balancin-aerocone.jpg\",\"datePublished\":\"2018-04-09T13:15:26+00:00\",\"dateModified\":\"2021-10-06T15:08:38+00:00\",\"breadcrumb\":{\"@id\":\"https:\\\/\\\/www.darrera.com\\\/es\\\/producto\\\/6463m-pluviometro-balancin-aerocone\\\/#breadcrumb\"},\"inLanguage\":\"es\",\"potentialAction\":[{\"@type\":\"ReadAction\",\"target\":[\"https:\\\/\\\/www.darrera.com\\\/es\\\/producto\\\/6463m-pluviometro-balancin-aerocone\\\/\"]}]},{\"@type\":\"ImageObject\",\"inLanguage\":\"es\",\"@id\":\"https:\\\/\\\/www.darrera.com\\\/es\\\/producto\\\/6463m-pluviometro-balancin-aerocone\\\/#primaryimage\",\"url\":\"https:\\\/\\\/www.darrera.com\\\/wp-content\\\/uploads\\\/2018\\\/04\\\/6463m-pluviometro-balancin-aerocone.jpg\",\"contentUrl\":\"https:\\\/\\\/www.darrera.com\\\/wp-content\\\/uploads\\\/2018\\\/04\\\/6463m-pluviometro-balancin-aerocone.jpg\",\"width\":950,\"height\":950,\"caption\":\"6463M - Pluvi\u00f3metro de Balanc\u00edn con AeroCone\u2122\"},{\"@type\":\"BreadcrumbList\",\"@id\":\"https:\\\/\\\/www.darrera.com\\\/es\\\/producto\\\/6463m-pluviometro-balancin-aerocone\\\/#breadcrumb\",\"itemListElement\":[{\"@type\":\"ListItem\",\"position\":1,\"name\":\"Home\",\"item\":\"https:\\\/\\\/www.darrera.com\\\/es\\\/\"},{\"@type\":\"ListItem\",\"position\":2,\"name\":\"Productos\",\"item\":\"https:\\\/\\\/www.darrera.com\\\/es\\\/productos\\\/\"},{\"@type\":\"ListItem\",\"position\":3,\"name\":\"Pluvi\u00f3metro de Balanc\u00edn con AeroCone&#x2122;\"}]},{\"@type\":\"WebSite\",\"@id\":\"https:\\\/\\\/www.darrera.com\\\/es\\\/#website\",\"url\":\"https:\\\/\\\/www.darrera.com\\\/es\\\/\",\"name\":\"Darrera\",\"description\":\"Instrumentos, soluciones y servicios meteorol\u00f3gicos\",\"publisher\":{\"@id\":\"https:\\\/\\\/www.darrera.com\\\/es\\\/#organization\"},\"potentialAction\":[{\"@type\":\"SearchAction\",\"target\":{\"@type\":\"EntryPoint\",\"urlTemplate\":\"https:\\\/\\\/www.darrera.com\\\/es\\\/?s={search_term_string}\"},\"query-input\":{\"@type\":\"PropertyValueSpecification\",\"valueRequired\":true,\"valueName\":\"search_term_string\"}}],\"inLanguage\":\"es\"},{\"@type\":\"Organization\",\"@id\":\"https:\\\/\\\/www.darrera.com\\\/es\\\/#organization\",\"name\":\"Darrera\",\"url\":\"https:\\\/\\\/www.darrera.com\\\/es\\\/\",\"logo\":{\"@type\":\"ImageObject\",\"inLanguage\":\"es\",\"@id\":\"https:\\\/\\\/www.darrera.com\\\/es\\\/#\\\/schema\\\/logo\\\/image\\\/\",\"url\":\"https:\\\/\\\/www.darrera.com\\\/wp\\\/wp-content\\\/uploads\\\/logo-darrera.png\",\"contentUrl\":\"https:\\\/\\\/www.darrera.com\\\/wp\\\/wp-content\\\/uploads\\\/logo-darrera.png\",\"width\":500,\"height\":85,\"caption\":\"Darrera\"},\"image\":{\"@id\":\"https:\\\/\\\/www.darrera.com\\\/es\\\/#\\\/schema\\\/logo\\\/image\\\/\"},\"sameAs\":[\"http:\\\/\\\/facebook.com\\\/darrerameteo\",\"https:\\\/\\\/x.com\\\/darrera_meteo\",\"https:\\\/\\\/www.linkedin.com\\\/company\\\/darrera-s-a-\",\"http:\\\/\\\/youtube.com\\\/darreratv\"]}]}<\/script>\n<!-- \/ Yoast SEO plugin. -->","yoast_head_json":{"title":"Pluvi\u00f3metro de Balanc\u00edn con AeroCone&#x2122; | Darrera","robots":{"index":"index","follow":"follow","max-snippet":"max-snippet:-1","max-image-preview":"max-image-preview:large","max-video-preview":"max-video-preview:-1"},"canonical":"https:\/\/www.darrera.com\/es\/producto\/6463m-pluviometro-balancin-aerocone\/","og_locale":"es_ES","og_type":"article","og_title":"Pluvi\u00f3metro de Balanc\u00edn con AeroCone&#x2122; | Darrera","og_description":"Mide de forma precisa la cantidad de lluvia ca\u00edda mediante un balanc\u00edn de vaciado autom\u00e1tico. Cumple con las directrices de la Organizaci\u00f3n Meteorol\u00f3gica Mundial (OMM).","og_url":"https:\/\/www.darrera.com\/es\/producto\/6463m-pluviometro-balancin-aerocone\/","og_site_name":"Darrera","article_publisher":"http:\/\/facebook.com\/darrerameteo","article_modified_time":"2021-10-06T15:08:38+00:00","og_image":[{"width":950,"height":950,"url":"https:\/\/www.darrera.com\/wp-content\/uploads\/2018\/04\/6463m-pluviometro-balancin-aerocone.jpg","type":"image\/jpeg"}],"twitter_card":"summary_large_image","twitter_site":"@darrera_meteo","twitter_misc":{"Tiempo de lectura":"1 minuto"},"schema":{"@context":"https:\/\/schema.org","@graph":[{"@type":"WebPage","@id":"https:\/\/www.darrera.com\/es\/producto\/6463m-pluviometro-balancin-aerocone\/","url":"https:\/\/www.darrera.com\/es\/producto\/6463m-pluviometro-balancin-aerocone\/","name":"Pluvi\u00f3metro de Balanc\u00edn con AeroCone&#x2122; | Darrera","isPartOf":{"@id":"https:\/\/www.darrera.com\/es\/#website"},"primaryImageOfPage":{"@id":"https:\/\/www.darrera.com\/es\/producto\/6463m-pluviometro-balancin-aerocone\/#primaryimage"},"image":{"@id":"https:\/\/www.darrera.com\/es\/producto\/6463m-pluviometro-balancin-aerocone\/#primaryimage"},"thumbnailUrl":"https:\/\/www.darrera.com\/wp-content\/uploads\/2018\/04\/6463m-pluviometro-balancin-aerocone.jpg","datePublished":"2018-04-09T13:15:26+00:00","dateModified":"2021-10-06T15:08:38+00:00","breadcrumb":{"@id":"https:\/\/www.darrera.com\/es\/producto\/6463m-pluviometro-balancin-aerocone\/#breadcrumb"},"inLanguage":"es","potentialAction":[{"@type":"ReadAction","target":["https:\/\/www.darrera.com\/es\/producto\/6463m-pluviometro-balancin-aerocone\/"]}]},{"@type":"ImageObject","inLanguage":"es","@id":"https:\/\/www.darrera.com\/es\/producto\/6463m-pluviometro-balancin-aerocone\/#primaryimage","url":"https:\/\/www.darrera.com\/wp-content\/uploads\/2018\/04\/6463m-pluviometro-balancin-aerocone.jpg","contentUrl":"https:\/\/www.darrera.com\/wp-content\/uploads\/2018\/04\/6463m-pluviometro-balancin-aerocone.jpg","width":950,"height":950,"caption":"6463M - Pluvi\u00f3metro de Balanc\u00edn con AeroCone\u2122"},{"@type":"BreadcrumbList","@id":"https:\/\/www.darrera.com\/es\/producto\/6463m-pluviometro-balancin-aerocone\/#breadcrumb","itemListElement":[{"@type":"ListItem","position":1,"name":"Home","item":"https:\/\/www.darrera.com\/es\/"},{"@type":"ListItem","position":2,"name":"Productos","item":"https:\/\/www.darrera.com\/es\/productos\/"},{"@type":"ListItem","position":3,"name":"Pluvi\u00f3metro de Balanc\u00edn con AeroCone&#x2122;"}]},{"@type":"WebSite","@id":"https:\/\/www.darrera.com\/es\/#website","url":"https:\/\/www.darrera.com\/es\/","name":"Darrera","description":"Instrumentos, soluciones y servicios meteorol\u00f3gicos","publisher":{"@id":"https:\/\/www.darrera.com\/es\/#organization"},"potentialAction":[{"@type":"SearchAction","target":{"@type":"EntryPoint","urlTemplate":"https:\/\/www.darrera.com\/es\/?s={search_term_string}"},"query-input":{"@type":"PropertyValueSpecification","valueRequired":true,"valueName":"search_term_string"}}],"inLanguage":"es"},{"@type":"Organization","@id":"https:\/\/www.darrera.com\/es\/#organization","name":"Darrera","url":"https:\/\/www.darrera.com\/es\/","logo":{"@type":"ImageObject","inLanguage":"es","@id":"https:\/\/www.darrera.com\/es\/#\/schema\/logo\/image\/","url":"https:\/\/www.darrera.com\/wp\/wp-content\/uploads\/logo-darrera.png","contentUrl":"https:\/\/www.darrera.com\/wp\/wp-content\/uploads\/logo-darrera.png","width":500,"height":85,"caption":"Darrera"},"image":{"@id":"https:\/\/www.darrera.com\/es\/#\/schema\/logo\/image\/"},"sameAs":["http:\/\/facebook.com\/darrerameteo","https:\/\/x.com\/darrera_meteo","https:\/\/www.linkedin.com\/company\/darrera-s-a-","http:\/\/youtube.com\/darreratv"]}]}},"_links":{"self":[{"href":"https:\/\/www.darrera.com\/es\/wp-json\/wp\/v2\/product\/1492","targetHints":{"allow":["GET"]}}],"collection":[{"href":"https:\/\/www.darrera.com\/es\/wp-json\/wp\/v2\/product"}],"about":[{"href":"https:\/\/www.darrera.com\/es\/wp-json\/wp\/v2\/types\/product"}],"wp:featuredmedia":[{"embeddable":true,"href":"https:\/\/www.darrera.com\/es\/wp-json\/wp\/v2\/media\/1264"}],"wp:attachment":[{"href":"https:\/\/www.darrera.com\/es\/wp-json\/wp\/v2\/media?parent=1492"}],"wp:term":[{"taxonomy":"product_brand","embeddable":true,"href":"https:\/\/www.darrera.com\/es\/wp-json\/wp\/v2\/product_brand?post=1492"},{"taxonomy":"product_cat","embeddable":true,"href":"https:\/\/www.darrera.com\/es\/wp-json\/wp\/v2\/product_cat?post=1492"},{"taxonomy":"product_tag","embeddable":true,"href":"https:\/\/www.darrera.com\/es\/wp-json\/wp\/v2\/product_tag?post=1492"}],"curies":[{"name":"wp","href":"https:\/\/api.w.org\/{rel}","templated":true}]}}