{"id":1518,"date":"2018-04-09T11:17:57","date_gmt":"2018-04-09T09:17:57","guid":{"rendered":"https:\/\/www.darrera.com\/wp\/product\/6510ser-weatherlink-serie-windows\/"},"modified":"2022-02-03T19:36:11","modified_gmt":"2022-02-03T18:36:11","slug":"6510ser-weatherlink-serie-windows","status":"publish","type":"product","link":"https:\/\/www.darrera.com\/es\/producto\/6510ser-weatherlink-serie-windows\/","title":{"rendered":"WeatherLink\u00ae Serie para Windows"},"content":{"rendered":"<h3>Lo mejor en monitorizaci\u00f3n meteorol\u00f3gica<\/h3>\n<p>WeatherLink\u00ae se compone del datalogger para el almacenamiento y descarga de datos meteorol\u00f3gicos y del potente software de monitorizaci\u00f3n desarrollado por Davis Instruments, el cual se puede descargar desde <a title=\"WeatherLink.com\" href=\"http:\/\/www.weatherlink.com\" target=\"blank\" rel=\"noopener noreferrer\">WeatherLink.com<\/a>. Permite almacenar toda la informaci\u00f3n registrada por la estaci\u00f3n en una base de datos permanente, visualizarla en tiempo real en un ordenador elaborando gr\u00e1ficas e informes detallados, publicarla en Internet y exportarla a la mayor\u00eda de hojas de c\u00e1lculo.<\/p>\n<p>Es altamente recomendable para todos los usuarios de estaciones Davis Instruments, ya que permite sacar el m\u00e1ximo partido a los datos recogidos y obtener informaci\u00f3n meteorol\u00f3gica adicional no mostrada en la consola, como los grados-d\u00eda de calor y fr\u00edo o detalles sobre la energ\u00eda solar recibida, en caso de disponer del sensor adicional de radiaci\u00f3n solar.<\/p>\n<h3>Descarga de datos manual o autom\u00e1tica<\/h3>\n<p>El datalogger se conecta a la consola de la estaci\u00f3n o Weather Envoy&#x2122; y almacena datos incluso cuando no est\u00e1 conectado a un ordenador. El intervalo de archivo puede configurarse a 1, 5, 10, 15, 30, 60 o 120 minutos (hasta 213 d\u00edas de datos dependiendo del intervalo seleccionado). La descarga de datos puede realizarse de forma manual o bien configurar el software para que la efect\u00fae autom\u00e1ticamente cada d\u00eda a las horas seleccionadas.<\/p>\n<h3>Compartir los datos con todo el mundo<\/h3>\n<p>WeatherLink\u00ae permite publicar los datos de la estaci\u00f3n meteorol\u00f3gica en Internet de forma r\u00e1pida y sencilla, utilizando las plantillas predefinidas incluidas o bien dise\u00f1ando una p\u00e1gina web totalmente personalizada. Es posible subir datos y gr\u00e1ficas con valores en tiempo real, hist\u00f3ricos, informes e incluso la base de datos de los \u00faltimos d\u00edas.<\/p>\n<p>La informaci\u00f3n publicada puede ser compartida con familiares, amigos, aficionados a la meteorolog\u00eda o clientes, as\u00ed como tambi\u00e9n en las redes meteorol\u00f3gicas m\u00e1s populares, como la Weather World &#8216;Round de Davis Instruments, el Citizen Weather Observer Program del Servicio Meteorol\u00f3gico Nacional de los Estados Unidos o el programa educativo GLOBE, entre otras.<\/p>\n","protected":false},"excerpt":{"rendered":"<p>Lo mejor en monitorizaci\u00f3n meteorol\u00f3gica. Incluye el datalogger en versi\u00f3n serie y el potente software desarrollado por Davis Instruments.<\/p>\n","protected":false},"featured_media":1328,"template":"","meta":[],"product_brand":[],"product_cat":[173],"product_tag":[],"class_list":{"0":"post-1518","1":"product","2":"type-product","3":"status-publish","4":"has-post-thumbnail","6":"product_cat-dataloggers-davis-instruments-es","8":"first","9":"instock","10":"taxable","11":"shipping-taxable","12":"purchasable","13":"product-type-simple"},"yoast_head":"<!-- This site is optimized with the Yoast SEO plugin v27.3 - https:\/\/yoast.com\/product\/yoast-seo-wordpress\/ -->\n<title>WeatherLink\u00ae Serie para Windows | Darrera<\/title>\n<meta name=\"robots\" content=\"index, follow, max-snippet:-1, max-image-preview:large, max-video-preview:-1\" \/>\n<link rel=\"canonical\" href=\"https:\/\/www.darrera.com\/en\/producto\/6510ser-weatherlink-serial-windows\/\" \/>\n<meta property=\"og:locale\" content=\"es_ES\" \/>\n<meta property=\"og:type\" content=\"article\" \/>\n<meta property=\"og:title\" content=\"WeatherLink\u00ae Serie para Windows | Darrera\" \/>\n<meta property=\"og:description\" content=\"Lo mejor en monitorizaci\u00f3n meteorol\u00f3gica. Incluye el datalogger en versi\u00f3n serie y el potente software desarrollado por Davis Instruments.\" \/>\n<meta property=\"og:url\" content=\"https:\/\/www.darrera.com\/en\/producto\/6510ser-weatherlink-serial-windows\/\" \/>\n<meta property=\"og:site_name\" content=\"Darrera\" \/>\n<meta property=\"article:publisher\" content=\"http:\/\/facebook.com\/darrerameteo\" \/>\n<meta property=\"article:modified_time\" content=\"2022-02-03T18:36:11+00:00\" \/>\n<meta property=\"og:image\" content=\"https:\/\/www.darrera.com\/wp-content\/uploads\/2018\/04\/6510ser-weatherlink-serie-windows.jpg\" \/>\n\t<meta property=\"og:image:width\" content=\"950\" \/>\n\t<meta property=\"og:image:height\" content=\"950\" \/>\n\t<meta property=\"og:image:type\" content=\"image\/jpeg\" \/>\n<meta name=\"twitter:card\" content=\"summary_large_image\" \/>\n<meta name=\"twitter:site\" content=\"@darrera_meteo\" \/>\n<meta name=\"twitter:label1\" content=\"Tiempo de lectura\" \/>\n\t<meta name=\"twitter:data1\" content=\"2 minutos\" \/>\n<script type=\"application\/ld+json\" class=\"yoast-schema-graph\">{\"@context\":\"https:\\\/\\\/schema.org\",\"@graph\":[{\"@type\":\"WebPage\",\"@id\":\"https:\\\/\\\/www.darrera.com\\\/en\\\/producto\\\/6510ser-weatherlink-serial-windows\\\/\",\"url\":\"https:\\\/\\\/www.darrera.com\\\/en\\\/producto\\\/6510ser-weatherlink-serial-windows\\\/\",\"name\":\"WeatherLink\u00ae Serie para Windows | Darrera\",\"isPartOf\":{\"@id\":\"https:\\\/\\\/www.darrera.com\\\/es\\\/#website\"},\"primaryImageOfPage\":{\"@id\":\"https:\\\/\\\/www.darrera.com\\\/en\\\/producto\\\/6510ser-weatherlink-serial-windows\\\/#primaryimage\"},\"image\":{\"@id\":\"https:\\\/\\\/www.darrera.com\\\/en\\\/producto\\\/6510ser-weatherlink-serial-windows\\\/#primaryimage\"},\"thumbnailUrl\":\"https:\\\/\\\/www.darrera.com\\\/wp-content\\\/uploads\\\/2018\\\/04\\\/6510ser-weatherlink-serie-windows.jpg\",\"datePublished\":\"2018-04-09T09:17:57+00:00\",\"dateModified\":\"2022-02-03T18:36:11+00:00\",\"breadcrumb\":{\"@id\":\"https:\\\/\\\/www.darrera.com\\\/en\\\/producto\\\/6510ser-weatherlink-serial-windows\\\/#breadcrumb\"},\"inLanguage\":\"es\",\"potentialAction\":[{\"@type\":\"ReadAction\",\"target\":[\"https:\\\/\\\/www.darrera.com\\\/en\\\/producto\\\/6510ser-weatherlink-serial-windows\\\/\"]}]},{\"@type\":\"ImageObject\",\"inLanguage\":\"es\",\"@id\":\"https:\\\/\\\/www.darrera.com\\\/en\\\/producto\\\/6510ser-weatherlink-serial-windows\\\/#primaryimage\",\"url\":\"https:\\\/\\\/www.darrera.com\\\/wp-content\\\/uploads\\\/2018\\\/04\\\/6510ser-weatherlink-serie-windows.jpg\",\"contentUrl\":\"https:\\\/\\\/www.darrera.com\\\/wp-content\\\/uploads\\\/2018\\\/04\\\/6510ser-weatherlink-serie-windows.jpg\",\"width\":950,\"height\":950,\"caption\":\"6510SER - WeatherLink\u00ae Serie para Windows\"},{\"@type\":\"BreadcrumbList\",\"@id\":\"https:\\\/\\\/www.darrera.com\\\/en\\\/producto\\\/6510ser-weatherlink-serial-windows\\\/#breadcrumb\",\"itemListElement\":[{\"@type\":\"ListItem\",\"position\":1,\"name\":\"Home\",\"item\":\"https:\\\/\\\/www.darrera.com\\\/es\\\/\"},{\"@type\":\"ListItem\",\"position\":2,\"name\":\"Productos\",\"item\":\"https:\\\/\\\/www.darrera.com\\\/es\\\/productos\\\/\"},{\"@type\":\"ListItem\",\"position\":3,\"name\":\"WeatherLink\u00ae Serie para Windows\"}]},{\"@type\":\"WebSite\",\"@id\":\"https:\\\/\\\/www.darrera.com\\\/es\\\/#website\",\"url\":\"https:\\\/\\\/www.darrera.com\\\/es\\\/\",\"name\":\"Darrera\",\"description\":\"Instrumentos, soluciones y servicios meteorol\u00f3gicos\",\"publisher\":{\"@id\":\"https:\\\/\\\/www.darrera.com\\\/es\\\/#organization\"},\"potentialAction\":[{\"@type\":\"SearchAction\",\"target\":{\"@type\":\"EntryPoint\",\"urlTemplate\":\"https:\\\/\\\/www.darrera.com\\\/es\\\/?s={search_term_string}\"},\"query-input\":{\"@type\":\"PropertyValueSpecification\",\"valueRequired\":true,\"valueName\":\"search_term_string\"}}],\"inLanguage\":\"es\"},{\"@type\":\"Organization\",\"@id\":\"https:\\\/\\\/www.darrera.com\\\/es\\\/#organization\",\"name\":\"Darrera\",\"url\":\"https:\\\/\\\/www.darrera.com\\\/es\\\/\",\"logo\":{\"@type\":\"ImageObject\",\"inLanguage\":\"es\",\"@id\":\"https:\\\/\\\/www.darrera.com\\\/es\\\/#\\\/schema\\\/logo\\\/image\\\/\",\"url\":\"https:\\\/\\\/www.darrera.com\\\/wp\\\/wp-content\\\/uploads\\\/logo-darrera.png\",\"contentUrl\":\"https:\\\/\\\/www.darrera.com\\\/wp\\\/wp-content\\\/uploads\\\/logo-darrera.png\",\"width\":500,\"height\":85,\"caption\":\"Darrera\"},\"image\":{\"@id\":\"https:\\\/\\\/www.darrera.com\\\/es\\\/#\\\/schema\\\/logo\\\/image\\\/\"},\"sameAs\":[\"http:\\\/\\\/facebook.com\\\/darrerameteo\",\"https:\\\/\\\/x.com\\\/darrera_meteo\",\"https:\\\/\\\/www.linkedin.com\\\/company\\\/darrera-s-a-\",\"http:\\\/\\\/youtube.com\\\/darreratv\"]}]}<\/script>\n<!-- \/ Yoast SEO plugin. -->","yoast_head_json":{"title":"WeatherLink\u00ae Serie para Windows | Darrera","robots":{"index":"index","follow":"follow","max-snippet":"max-snippet:-1","max-image-preview":"max-image-preview:large","max-video-preview":"max-video-preview:-1"},"canonical":"https:\/\/www.darrera.com\/en\/producto\/6510ser-weatherlink-serial-windows\/","og_locale":"es_ES","og_type":"article","og_title":"WeatherLink\u00ae Serie para Windows | Darrera","og_description":"Lo mejor en monitorizaci\u00f3n meteorol\u00f3gica. Incluye el datalogger en versi\u00f3n serie y el potente software desarrollado por Davis Instruments.","og_url":"https:\/\/www.darrera.com\/en\/producto\/6510ser-weatherlink-serial-windows\/","og_site_name":"Darrera","article_publisher":"http:\/\/facebook.com\/darrerameteo","article_modified_time":"2022-02-03T18:36:11+00:00","og_image":[{"width":950,"height":950,"url":"https:\/\/www.darrera.com\/wp-content\/uploads\/2018\/04\/6510ser-weatherlink-serie-windows.jpg","type":"image\/jpeg"}],"twitter_card":"summary_large_image","twitter_site":"@darrera_meteo","twitter_misc":{"Tiempo de lectura":"2 minutos"},"schema":{"@context":"https:\/\/schema.org","@graph":[{"@type":"WebPage","@id":"https:\/\/www.darrera.com\/en\/producto\/6510ser-weatherlink-serial-windows\/","url":"https:\/\/www.darrera.com\/en\/producto\/6510ser-weatherlink-serial-windows\/","name":"WeatherLink\u00ae Serie para Windows | Darrera","isPartOf":{"@id":"https:\/\/www.darrera.com\/es\/#website"},"primaryImageOfPage":{"@id":"https:\/\/www.darrera.com\/en\/producto\/6510ser-weatherlink-serial-windows\/#primaryimage"},"image":{"@id":"https:\/\/www.darrera.com\/en\/producto\/6510ser-weatherlink-serial-windows\/#primaryimage"},"thumbnailUrl":"https:\/\/www.darrera.com\/wp-content\/uploads\/2018\/04\/6510ser-weatherlink-serie-windows.jpg","datePublished":"2018-04-09T09:17:57+00:00","dateModified":"2022-02-03T18:36:11+00:00","breadcrumb":{"@id":"https:\/\/www.darrera.com\/en\/producto\/6510ser-weatherlink-serial-windows\/#breadcrumb"},"inLanguage":"es","potentialAction":[{"@type":"ReadAction","target":["https:\/\/www.darrera.com\/en\/producto\/6510ser-weatherlink-serial-windows\/"]}]},{"@type":"ImageObject","inLanguage":"es","@id":"https:\/\/www.darrera.com\/en\/producto\/6510ser-weatherlink-serial-windows\/#primaryimage","url":"https:\/\/www.darrera.com\/wp-content\/uploads\/2018\/04\/6510ser-weatherlink-serie-windows.jpg","contentUrl":"https:\/\/www.darrera.com\/wp-content\/uploads\/2018\/04\/6510ser-weatherlink-serie-windows.jpg","width":950,"height":950,"caption":"6510SER - WeatherLink\u00ae Serie para Windows"},{"@type":"BreadcrumbList","@id":"https:\/\/www.darrera.com\/en\/producto\/6510ser-weatherlink-serial-windows\/#breadcrumb","itemListElement":[{"@type":"ListItem","position":1,"name":"Home","item":"https:\/\/www.darrera.com\/es\/"},{"@type":"ListItem","position":2,"name":"Productos","item":"https:\/\/www.darrera.com\/es\/productos\/"},{"@type":"ListItem","position":3,"name":"WeatherLink\u00ae Serie para Windows"}]},{"@type":"WebSite","@id":"https:\/\/www.darrera.com\/es\/#website","url":"https:\/\/www.darrera.com\/es\/","name":"Darrera","description":"Instrumentos, soluciones y servicios meteorol\u00f3gicos","publisher":{"@id":"https:\/\/www.darrera.com\/es\/#organization"},"potentialAction":[{"@type":"SearchAction","target":{"@type":"EntryPoint","urlTemplate":"https:\/\/www.darrera.com\/es\/?s={search_term_string}"},"query-input":{"@type":"PropertyValueSpecification","valueRequired":true,"valueName":"search_term_string"}}],"inLanguage":"es"},{"@type":"Organization","@id":"https:\/\/www.darrera.com\/es\/#organization","name":"Darrera","url":"https:\/\/www.darrera.com\/es\/","logo":{"@type":"ImageObject","inLanguage":"es","@id":"https:\/\/www.darrera.com\/es\/#\/schema\/logo\/image\/","url":"https:\/\/www.darrera.com\/wp\/wp-content\/uploads\/logo-darrera.png","contentUrl":"https:\/\/www.darrera.com\/wp\/wp-content\/uploads\/logo-darrera.png","width":500,"height":85,"caption":"Darrera"},"image":{"@id":"https:\/\/www.darrera.com\/es\/#\/schema\/logo\/image\/"},"sameAs":["http:\/\/facebook.com\/darrerameteo","https:\/\/x.com\/darrera_meteo","https:\/\/www.linkedin.com\/company\/darrera-s-a-","http:\/\/youtube.com\/darreratv"]}]}},"_links":{"self":[{"href":"https:\/\/www.darrera.com\/es\/wp-json\/wp\/v2\/product\/1518","targetHints":{"allow":["GET"]}}],"collection":[{"href":"https:\/\/www.darrera.com\/es\/wp-json\/wp\/v2\/product"}],"about":[{"href":"https:\/\/www.darrera.com\/es\/wp-json\/wp\/v2\/types\/product"}],"wp:featuredmedia":[{"embeddable":true,"href":"https:\/\/www.darrera.com\/es\/wp-json\/wp\/v2\/media\/1328"}],"wp:attachment":[{"href":"https:\/\/www.darrera.com\/es\/wp-json\/wp\/v2\/media?parent=1518"}],"wp:term":[{"taxonomy":"product_brand","embeddable":true,"href":"https:\/\/www.darrera.com\/es\/wp-json\/wp\/v2\/product_brand?post=1518"},{"taxonomy":"product_cat","embeddable":true,"href":"https:\/\/www.darrera.com\/es\/wp-json\/wp\/v2\/product_cat?post=1518"},{"taxonomy":"product_tag","embeddable":true,"href":"https:\/\/www.darrera.com\/es\/wp-json\/wp\/v2\/product_tag?post=1518"}],"curies":[{"name":"wp","href":"https:\/\/api.w.org\/{rel}","templated":true}]}}