{"id":1519,"date":"2018-04-03T16:52:15","date_gmt":"2018-04-03T14:52:15","guid":{"rendered":"https:\/\/www.darrera.com\/wp\/product\/s-lwa-m003-sensor-humectacion-hoja\/"},"modified":"2025-04-20T23:48:48","modified_gmt":"2025-04-20T21:48:48","slug":"s-lwa-m003-sensor-humectacion-hoja","status":"publish","type":"product","link":"https:\/\/www.darrera.com\/es\/producto\/s-lwa-m003-sensor-humectacion-hoja\/","title":{"rendered":"Sensor de Humectaci\u00f3n de Hoja"},"content":{"rendered":"<h3>Compacto y f\u00e1cil de instalar<\/h3>\n<p>El sensor de humectaci\u00f3n de hoja est\u00e1 formado por dos electrodos, impresos sobre una placa de fibra de vidrio, que miden la humectaci\u00f3n superficial acumulada a trav\u00e9s de la capacidad existente entre ellos. Incluye un cable de 3 metros de longitud.<\/p>\n<h3>Especificaciones t\u00e9cnicas<\/h3>\n<h4>Especificaciones del sensor<\/h4>\n<ul>\n<li>Rango: 0 a 100%<\/li>\n<li>Resoluci\u00f3n: 0,6%<\/li>\n<li>Precisi\u00f3n: \u00b15%<\/li>\n<\/ul>\n<h4>Especificaciones el\u00e9ctricas<\/h4>\n<ul>\n<li>Se\u00f1al de salida: Onset Smart Sensor<\/li>\n<\/ul>\n<h4>Especificaciones mec\u00e1nicas<\/h4>\n<ul>\n<li>Material: fibra de vidrio<\/li>\n<li>Dimensiones: 173 x 47 x 18 mm<\/li>\n<li>Peso: 127 g<\/li>\n<\/ul>\n","protected":false},"excerpt":{"rendered":"<p>Est\u00e1 formado por dos electrodos, impresos sobre una placa de fibra de vidrio, que miden la humectaci\u00f3n superficial acumulada a trav\u00e9s de la capacidad existente entre ellos.<\/p>\n","protected":false},"featured_media":1423,"template":"","meta":[],"product_brand":[],"product_cat":[182],"product_tag":[],"class_list":{"0":"post-1519","1":"product","2":"type-product","3":"status-publish","4":"has-post-thumbnail","6":"product_cat-sensores-onset-computer","8":"first","9":"instock","10":"taxable","11":"shipping-taxable","12":"purchasable","13":"product-type-simple"},"yoast_head":"<!-- This site is optimized with the Yoast SEO plugin v26.9 - https:\/\/yoast.com\/product\/yoast-seo-wordpress\/ -->\n<title>Sensor de Humectaci\u00f3n de Hoja | Darrera<\/title>\n<meta name=\"robots\" content=\"index, follow, max-snippet:-1, max-image-preview:large, max-video-preview:-1\" \/>\n<link rel=\"canonical\" href=\"https:\/\/www.darrera.com\/en\/producto\/s-lwa-m003-leaf-wetness-sensor\/\" \/>\n<meta property=\"og:locale\" content=\"es_ES\" \/>\n<meta property=\"og:type\" content=\"article\" \/>\n<meta property=\"og:title\" content=\"Sensor de Humectaci\u00f3n de Hoja | Darrera\" \/>\n<meta property=\"og:description\" content=\"Est\u00e1 formado por dos electrodos, impresos sobre una placa de fibra de vidrio, que miden la humectaci\u00f3n superficial acumulada a trav\u00e9s de la capacidad existente entre ellos.\" \/>\n<meta property=\"og:url\" content=\"https:\/\/www.darrera.com\/en\/producto\/s-lwa-m003-leaf-wetness-sensor\/\" \/>\n<meta property=\"og:site_name\" content=\"Darrera\" \/>\n<meta property=\"article:publisher\" content=\"http:\/\/facebook.com\/darrerameteo\" \/>\n<meta property=\"article:modified_time\" content=\"2025-04-20T21:48:48+00:00\" \/>\n<meta property=\"og:image\" content=\"https:\/\/www.darrera.com\/wp-content\/uploads\/2018\/04\/s-lwa-m003-sensor-humectacion-hoja.jpg\" \/>\n\t<meta property=\"og:image:width\" content=\"950\" \/>\n\t<meta property=\"og:image:height\" content=\"950\" \/>\n\t<meta property=\"og:image:type\" content=\"image\/jpeg\" \/>\n<meta name=\"twitter:card\" content=\"summary_large_image\" \/>\n<meta name=\"twitter:site\" content=\"@darrera_meteo\" \/>\n<script type=\"application\/ld+json\" class=\"yoast-schema-graph\">{\"@context\":\"https:\/\/schema.org\",\"@graph\":[{\"@type\":\"WebPage\",\"@id\":\"https:\/\/www.darrera.com\/en\/producto\/s-lwa-m003-leaf-wetness-sensor\/\",\"url\":\"https:\/\/www.darrera.com\/en\/producto\/s-lwa-m003-leaf-wetness-sensor\/\",\"name\":\"Sensor de Humectaci\u00f3n de Hoja | Darrera\",\"isPartOf\":{\"@id\":\"https:\/\/www.darrera.com\/es\/#website\"},\"primaryImageOfPage\":{\"@id\":\"https:\/\/www.darrera.com\/en\/producto\/s-lwa-m003-leaf-wetness-sensor\/#primaryimage\"},\"image\":{\"@id\":\"https:\/\/www.darrera.com\/en\/producto\/s-lwa-m003-leaf-wetness-sensor\/#primaryimage\"},\"thumbnailUrl\":\"https:\/\/www.darrera.com\/wp-content\/uploads\/2018\/04\/s-lwa-m003-sensor-humectacion-hoja.jpg\",\"datePublished\":\"2018-04-03T14:52:15+00:00\",\"dateModified\":\"2025-04-20T21:48:48+00:00\",\"breadcrumb\":{\"@id\":\"https:\/\/www.darrera.com\/en\/producto\/s-lwa-m003-leaf-wetness-sensor\/#breadcrumb\"},\"inLanguage\":\"es\",\"potentialAction\":[{\"@type\":\"ReadAction\",\"target\":[\"https:\/\/www.darrera.com\/en\/producto\/s-lwa-m003-leaf-wetness-sensor\/\"]}]},{\"@type\":\"ImageObject\",\"inLanguage\":\"es\",\"@id\":\"https:\/\/www.darrera.com\/en\/producto\/s-lwa-m003-leaf-wetness-sensor\/#primaryimage\",\"url\":\"https:\/\/www.darrera.com\/wp-content\/uploads\/2018\/04\/s-lwa-m003-sensor-humectacion-hoja.jpg\",\"contentUrl\":\"https:\/\/www.darrera.com\/wp-content\/uploads\/2018\/04\/s-lwa-m003-sensor-humectacion-hoja.jpg\",\"width\":950,\"height\":950,\"caption\":\"S-LWA-M003 - Sensor de Humectaci\u00f3n de Hoja\"},{\"@type\":\"BreadcrumbList\",\"@id\":\"https:\/\/www.darrera.com\/en\/producto\/s-lwa-m003-leaf-wetness-sensor\/#breadcrumb\",\"itemListElement\":[{\"@type\":\"ListItem\",\"position\":1,\"name\":\"Home\",\"item\":\"https:\/\/www.darrera.com\/es\/\"},{\"@type\":\"ListItem\",\"position\":2,\"name\":\"Productos\",\"item\":\"https:\/\/www.darrera.com\/es\/productos\/\"},{\"@type\":\"ListItem\",\"position\":3,\"name\":\"Sensor de Humectaci\u00f3n de Hoja\"}]},{\"@type\":\"WebSite\",\"@id\":\"https:\/\/www.darrera.com\/es\/#website\",\"url\":\"https:\/\/www.darrera.com\/es\/\",\"name\":\"Darrera\",\"description\":\"Instrumentos, soluciones y servicios meteorol\u00f3gicos\",\"publisher\":{\"@id\":\"https:\/\/www.darrera.com\/es\/#organization\"},\"potentialAction\":[{\"@type\":\"SearchAction\",\"target\":{\"@type\":\"EntryPoint\",\"urlTemplate\":\"https:\/\/www.darrera.com\/es\/?s={search_term_string}\"},\"query-input\":{\"@type\":\"PropertyValueSpecification\",\"valueRequired\":true,\"valueName\":\"search_term_string\"}}],\"inLanguage\":\"es\"},{\"@type\":\"Organization\",\"@id\":\"https:\/\/www.darrera.com\/es\/#organization\",\"name\":\"Darrera\",\"url\":\"https:\/\/www.darrera.com\/es\/\",\"logo\":{\"@type\":\"ImageObject\",\"inLanguage\":\"es\",\"@id\":\"https:\/\/www.darrera.com\/es\/#\/schema\/logo\/image\/\",\"url\":\"https:\/\/www.darrera.com\/wp\/wp-content\/uploads\/logo-darrera.png\",\"contentUrl\":\"https:\/\/www.darrera.com\/wp\/wp-content\/uploads\/logo-darrera.png\",\"width\":500,\"height\":85,\"caption\":\"Darrera\"},\"image\":{\"@id\":\"https:\/\/www.darrera.com\/es\/#\/schema\/logo\/image\/\"},\"sameAs\":[\"http:\/\/facebook.com\/darrerameteo\",\"https:\/\/x.com\/darrera_meteo\",\"https:\/\/www.linkedin.com\/company\/darrera-s-a-\",\"http:\/\/youtube.com\/darreratv\"]}]}<\/script>\n<!-- \/ Yoast SEO plugin. -->","yoast_head_json":{"title":"Sensor de Humectaci\u00f3n de Hoja | Darrera","robots":{"index":"index","follow":"follow","max-snippet":"max-snippet:-1","max-image-preview":"max-image-preview:large","max-video-preview":"max-video-preview:-1"},"canonical":"https:\/\/www.darrera.com\/en\/producto\/s-lwa-m003-leaf-wetness-sensor\/","og_locale":"es_ES","og_type":"article","og_title":"Sensor de Humectaci\u00f3n de Hoja | Darrera","og_description":"Est\u00e1 formado por dos electrodos, impresos sobre una placa de fibra de vidrio, que miden la humectaci\u00f3n superficial acumulada a trav\u00e9s de la capacidad existente entre ellos.","og_url":"https:\/\/www.darrera.com\/en\/producto\/s-lwa-m003-leaf-wetness-sensor\/","og_site_name":"Darrera","article_publisher":"http:\/\/facebook.com\/darrerameteo","article_modified_time":"2025-04-20T21:48:48+00:00","og_image":[{"width":950,"height":950,"url":"https:\/\/www.darrera.com\/wp-content\/uploads\/2018\/04\/s-lwa-m003-sensor-humectacion-hoja.jpg","type":"image\/jpeg"}],"twitter_card":"summary_large_image","twitter_site":"@darrera_meteo","schema":{"@context":"https:\/\/schema.org","@graph":[{"@type":"WebPage","@id":"https:\/\/www.darrera.com\/en\/producto\/s-lwa-m003-leaf-wetness-sensor\/","url":"https:\/\/www.darrera.com\/en\/producto\/s-lwa-m003-leaf-wetness-sensor\/","name":"Sensor de Humectaci\u00f3n de Hoja | Darrera","isPartOf":{"@id":"https:\/\/www.darrera.com\/es\/#website"},"primaryImageOfPage":{"@id":"https:\/\/www.darrera.com\/en\/producto\/s-lwa-m003-leaf-wetness-sensor\/#primaryimage"},"image":{"@id":"https:\/\/www.darrera.com\/en\/producto\/s-lwa-m003-leaf-wetness-sensor\/#primaryimage"},"thumbnailUrl":"https:\/\/www.darrera.com\/wp-content\/uploads\/2018\/04\/s-lwa-m003-sensor-humectacion-hoja.jpg","datePublished":"2018-04-03T14:52:15+00:00","dateModified":"2025-04-20T21:48:48+00:00","breadcrumb":{"@id":"https:\/\/www.darrera.com\/en\/producto\/s-lwa-m003-leaf-wetness-sensor\/#breadcrumb"},"inLanguage":"es","potentialAction":[{"@type":"ReadAction","target":["https:\/\/www.darrera.com\/en\/producto\/s-lwa-m003-leaf-wetness-sensor\/"]}]},{"@type":"ImageObject","inLanguage":"es","@id":"https:\/\/www.darrera.com\/en\/producto\/s-lwa-m003-leaf-wetness-sensor\/#primaryimage","url":"https:\/\/www.darrera.com\/wp-content\/uploads\/2018\/04\/s-lwa-m003-sensor-humectacion-hoja.jpg","contentUrl":"https:\/\/www.darrera.com\/wp-content\/uploads\/2018\/04\/s-lwa-m003-sensor-humectacion-hoja.jpg","width":950,"height":950,"caption":"S-LWA-M003 - Sensor de Humectaci\u00f3n de Hoja"},{"@type":"BreadcrumbList","@id":"https:\/\/www.darrera.com\/en\/producto\/s-lwa-m003-leaf-wetness-sensor\/#breadcrumb","itemListElement":[{"@type":"ListItem","position":1,"name":"Home","item":"https:\/\/www.darrera.com\/es\/"},{"@type":"ListItem","position":2,"name":"Productos","item":"https:\/\/www.darrera.com\/es\/productos\/"},{"@type":"ListItem","position":3,"name":"Sensor de Humectaci\u00f3n de Hoja"}]},{"@type":"WebSite","@id":"https:\/\/www.darrera.com\/es\/#website","url":"https:\/\/www.darrera.com\/es\/","name":"Darrera","description":"Instrumentos, soluciones y servicios meteorol\u00f3gicos","publisher":{"@id":"https:\/\/www.darrera.com\/es\/#organization"},"potentialAction":[{"@type":"SearchAction","target":{"@type":"EntryPoint","urlTemplate":"https:\/\/www.darrera.com\/es\/?s={search_term_string}"},"query-input":{"@type":"PropertyValueSpecification","valueRequired":true,"valueName":"search_term_string"}}],"inLanguage":"es"},{"@type":"Organization","@id":"https:\/\/www.darrera.com\/es\/#organization","name":"Darrera","url":"https:\/\/www.darrera.com\/es\/","logo":{"@type":"ImageObject","inLanguage":"es","@id":"https:\/\/www.darrera.com\/es\/#\/schema\/logo\/image\/","url":"https:\/\/www.darrera.com\/wp\/wp-content\/uploads\/logo-darrera.png","contentUrl":"https:\/\/www.darrera.com\/wp\/wp-content\/uploads\/logo-darrera.png","width":500,"height":85,"caption":"Darrera"},"image":{"@id":"https:\/\/www.darrera.com\/es\/#\/schema\/logo\/image\/"},"sameAs":["http:\/\/facebook.com\/darrerameteo","https:\/\/x.com\/darrera_meteo","https:\/\/www.linkedin.com\/company\/darrera-s-a-","http:\/\/youtube.com\/darreratv"]}]}},"_links":{"self":[{"href":"https:\/\/www.darrera.com\/es\/wp-json\/wp\/v2\/product\/1519","targetHints":{"allow":["GET"]}}],"collection":[{"href":"https:\/\/www.darrera.com\/es\/wp-json\/wp\/v2\/product"}],"about":[{"href":"https:\/\/www.darrera.com\/es\/wp-json\/wp\/v2\/types\/product"}],"wp:featuredmedia":[{"embeddable":true,"href":"https:\/\/www.darrera.com\/es\/wp-json\/wp\/v2\/media\/1423"}],"wp:attachment":[{"href":"https:\/\/www.darrera.com\/es\/wp-json\/wp\/v2\/media?parent=1519"}],"wp:term":[{"taxonomy":"product_brand","embeddable":true,"href":"https:\/\/www.darrera.com\/es\/wp-json\/wp\/v2\/product_brand?post=1519"},{"taxonomy":"product_cat","embeddable":true,"href":"https:\/\/www.darrera.com\/es\/wp-json\/wp\/v2\/product_cat?post=1519"},{"taxonomy":"product_tag","embeddable":true,"href":"https:\/\/www.darrera.com\/es\/wp-json\/wp\/v2\/product_tag?post=1519"}],"curies":[{"name":"wp","href":"https:\/\/api.w.org\/{rel}","templated":true}]}}