{"id":1520,"date":"2018-04-03T16:52:08","date_gmt":"2018-04-03T14:52:08","guid":{"rendered":"https:\/\/www.darrera.com\/wp\/product\/hd2003-1-anemometro-ultrasonico-3d\/"},"modified":"2023-08-21T11:57:12","modified_gmt":"2023-08-21T09:57:12","slug":"hd2003-1-anemometro-ultrasonico-3d","status":"publish","type":"product","link":"https:\/\/www.darrera.com\/es\/producto\/hd2003-1-anemometro-ultrasonico-3d\/","title":{"rendered":"Anem\u00f3metro Ultras\u00f3nico 3D"},"content":{"rendered":"<h3>Tecnolog\u00eda de altas prestaciones<\/h3>\n<p>El anem\u00f3metro utiliza tecnolog\u00eda ultras\u00f3nica de 3 ejes para medir con gran precisi\u00f3n la velocidad y direcci\u00f3n del viento, las componentes cartesianas U-V-W de la velocidad, la velocidad del sonido y la temperatura s\u00f3nica.<\/p>\n<h3>Dise\u00f1o compacto y resistente a la intemperie<\/h3>\n<p>El instrumento presenta un dise\u00f1o compacto y sin partes m\u00f3viles, y est\u00e1 fabricado \u00edntegramente con materiales resistentes a la corrosi\u00f3n para garantizar una alta resistencia a la intemperie. El calefactor opcional se activa autom\u00e1ticamente a temperaturas en torno a 4\u00baC, previniendo la acumulaci\u00f3n de hielo y nieve en los transductores y permitiendo efectuar mediciones precisas a bajas temperaturas o bien durante y despu\u00e9s de una nevada.<\/p>\n<h3>M\u00e1xima conectividad<\/h3>\n<p>Se puede conectar a cualquier datalogger convencional para llevar a cabo el almacenamiento de los datos y su posterior descarga y visualizaci\u00f3n en un ordenador. Dispone de 5 salidas anal\u00f3gicas en corriente o en voltaje y de puertos serie RS-232 y RS-485, permitiendo este \u00faltimo la conexi\u00f3n de diversos equipos en cascada. La configuraci\u00f3n se realiza a trav\u00e9s del software incluido, en funci\u00f3n de las necesidades espec\u00edficas de cada usuario.<\/p>\n<h3>Infinidad de aplicaciones<\/h3>\n<p>Su incre\u00edble versatilidad lo hace id\u00f3neo para todo tipo de aplicaciones en multitud de \u00e1mbitos, entre los que destacan:<\/p>\n<ul>\n<li>Agricultura.<\/li>\n<li>Control de carreteras.<\/li>\n<li>Deportes.<\/li>\n<li>Dom\u00f3tica.<\/li>\n<li>Educaci\u00f3n.<\/li>\n<li>Hosteler\u00eda.<\/li>\n<li>Municipalidades.<\/li>\n<li>N\u00e1utica y aeron\u00e1utica.<\/li>\n<li>Protecci\u00f3n civil.<\/li>\n<\/ul>\n<h3>Especificaciones t\u00e9cnicas<\/h3>\n<h4>Especificaciones del sensor<\/h4>\n<p>Velocidad del viento<\/p>\n<ul>\n<li>Rango: 0 a 70 m\/s<\/li>\n<li>Resoluci\u00f3n: 0,01 m\/s<\/li>\n<li>Precisi\u00f3n: \u00b11%<\/li>\n<\/ul>\n<p>Direcci\u00f3n del viento<\/p>\n<ul>\n<li>Rango: 0\u00ba a 360\u00ba<\/li>\n<li>Resoluci\u00f3n: 0,1\u00ba<\/li>\n<li>Precisi\u00f3n: \u00b11\u00ba<\/li>\n<\/ul>\n<p>Velocidad del sonido<\/p>\n<ul>\n<li>Rango: 300 a 380 m\/s<\/li>\n<li>Resoluci\u00f3n: 0,01 m\/s<\/li>\n<li>Precisi\u00f3n: \u00b11%<\/li>\n<\/ul>\n<p>Temperatura s\u00f3nica<\/p>\n<ul>\n<li>Rango: -40\u00baC a 60\u00baC<\/li>\n<li>Resoluci\u00f3n: 0,1\u00baC<\/li>\n<li>Precisi\u00f3n: \u00b11\u00baC<\/li>\n<\/ul>\n<h4>Especificaciones el\u00e9ctricas<\/h4>\n<ul>\n<li>Voltaje de alimentaci\u00f3n: 12 a 30 VDC<\/li>\n<li>Consumo: 110 mA<\/li>\n<li>Se\u00f1al de salida: 5 x anal\u00f3gicas, RS-232 y RS-485<\/li>\n<\/ul>\n<h4>Especificaciones mec\u00e1nicas<\/h4>\n<ul>\n<li>Temperatura de funcionamiento: -40\u00baC a 60\u00baC<\/li>\n<li>Material: aluminio y pl\u00e1stico de alta resistencia<\/li>\n<li>Dimensiones: \u2205 320 x 537 mm<\/li>\n<li>Peso: 1,5 Kg<\/li>\n<\/ul>\n","protected":false},"excerpt":{"rendered":"<p>Mide velocidad y direcci\u00f3n del viento, componentes cartesianas U-V-W de la velocidad, velocidad del sonido y temperatura s\u00f3nica.<\/p>\n","protected":false},"featured_media":2353,"template":"","meta":[],"product_brand":[],"product_cat":[194],"product_tag":[],"class_list":{"0":"post-1520","1":"product","2":"type-product","3":"status-publish","4":"has-post-thumbnail","6":"product_cat-anemometros-ultrasonicos","8":"first","9":"instock","10":"taxable","11":"shipping-taxable","12":"product-type-simple"},"yoast_head":"<!-- This site is optimized with the Yoast SEO plugin v26.9 - https:\/\/yoast.com\/product\/yoast-seo-wordpress\/ -->\n<title>Anem\u00f3metro Ultras\u00f3nico 3D | Darrera<\/title>\n<meta name=\"robots\" content=\"index, follow, max-snippet:-1, max-image-preview:large, max-video-preview:-1\" \/>\n<link rel=\"canonical\" href=\"https:\/\/www.darrera.com\/en\/producto\/hd2003-1-3d-ultrasonic-anemometer\/\" \/>\n<meta property=\"og:locale\" content=\"es_ES\" \/>\n<meta property=\"og:type\" content=\"article\" \/>\n<meta property=\"og:title\" content=\"Anem\u00f3metro Ultras\u00f3nico 3D | Darrera\" \/>\n<meta property=\"og:description\" content=\"Mide velocidad y direcci\u00f3n del viento, componentes cartesianas U-V-W de la velocidad, velocidad del sonido y temperatura s\u00f3nica.\" \/>\n<meta property=\"og:url\" content=\"https:\/\/www.darrera.com\/en\/producto\/hd2003-1-3d-ultrasonic-anemometer\/\" \/>\n<meta property=\"og:site_name\" content=\"Darrera\" \/>\n<meta property=\"article:publisher\" content=\"http:\/\/facebook.com\/darrerameteo\" \/>\n<meta property=\"article:modified_time\" content=\"2023-08-21T09:57:12+00:00\" \/>\n<meta property=\"og:image\" content=\"https:\/\/www.darrera.com\/wp-content\/uploads\/2018\/04\/hd2003-1-anemometro-ultrasonico-3d.jpg\" \/>\n\t<meta property=\"og:image:width\" content=\"950\" \/>\n\t<meta property=\"og:image:height\" content=\"950\" \/>\n\t<meta property=\"og:image:type\" content=\"image\/jpeg\" \/>\n<meta name=\"twitter:card\" content=\"summary_large_image\" \/>\n<meta name=\"twitter:site\" content=\"@darrera_meteo\" \/>\n<meta name=\"twitter:label1\" content=\"Tiempo de lectura\" \/>\n\t<meta name=\"twitter:data1\" content=\"2 minutos\" \/>\n<script type=\"application\/ld+json\" class=\"yoast-schema-graph\">{\"@context\":\"https:\/\/schema.org\",\"@graph\":[{\"@type\":\"WebPage\",\"@id\":\"https:\/\/www.darrera.com\/en\/producto\/hd2003-1-3d-ultrasonic-anemometer\/\",\"url\":\"https:\/\/www.darrera.com\/en\/producto\/hd2003-1-3d-ultrasonic-anemometer\/\",\"name\":\"Anem\u00f3metro Ultras\u00f3nico 3D | Darrera\",\"isPartOf\":{\"@id\":\"https:\/\/www.darrera.com\/es\/#website\"},\"primaryImageOfPage\":{\"@id\":\"https:\/\/www.darrera.com\/en\/producto\/hd2003-1-3d-ultrasonic-anemometer\/#primaryimage\"},\"image\":{\"@id\":\"https:\/\/www.darrera.com\/en\/producto\/hd2003-1-3d-ultrasonic-anemometer\/#primaryimage\"},\"thumbnailUrl\":\"https:\/\/www.darrera.com\/wp-content\/uploads\/2018\/04\/hd2003-1-anemometro-ultrasonico-3d.jpg\",\"datePublished\":\"2018-04-03T14:52:08+00:00\",\"dateModified\":\"2023-08-21T09:57:12+00:00\",\"breadcrumb\":{\"@id\":\"https:\/\/www.darrera.com\/en\/producto\/hd2003-1-3d-ultrasonic-anemometer\/#breadcrumb\"},\"inLanguage\":\"es\",\"potentialAction\":[{\"@type\":\"ReadAction\",\"target\":[\"https:\/\/www.darrera.com\/en\/producto\/hd2003-1-3d-ultrasonic-anemometer\/\"]}]},{\"@type\":\"ImageObject\",\"inLanguage\":\"es\",\"@id\":\"https:\/\/www.darrera.com\/en\/producto\/hd2003-1-3d-ultrasonic-anemometer\/#primaryimage\",\"url\":\"https:\/\/www.darrera.com\/wp-content\/uploads\/2018\/04\/hd2003-1-anemometro-ultrasonico-3d.jpg\",\"contentUrl\":\"https:\/\/www.darrera.com\/wp-content\/uploads\/2018\/04\/hd2003-1-anemometro-ultrasonico-3d.jpg\",\"width\":950,\"height\":950,\"caption\":\"HD2003.1 - Anem\u00f3metro Ultras\u00f3nico 3D\"},{\"@type\":\"BreadcrumbList\",\"@id\":\"https:\/\/www.darrera.com\/en\/producto\/hd2003-1-3d-ultrasonic-anemometer\/#breadcrumb\",\"itemListElement\":[{\"@type\":\"ListItem\",\"position\":1,\"name\":\"Home\",\"item\":\"https:\/\/www.darrera.com\/es\/\"},{\"@type\":\"ListItem\",\"position\":2,\"name\":\"Productos\",\"item\":\"https:\/\/www.darrera.com\/es\/productos\/\"},{\"@type\":\"ListItem\",\"position\":3,\"name\":\"Anem\u00f3metro Ultras\u00f3nico 3D\"}]},{\"@type\":\"WebSite\",\"@id\":\"https:\/\/www.darrera.com\/es\/#website\",\"url\":\"https:\/\/www.darrera.com\/es\/\",\"name\":\"Darrera\",\"description\":\"Instrumentos, soluciones y servicios meteorol\u00f3gicos\",\"publisher\":{\"@id\":\"https:\/\/www.darrera.com\/es\/#organization\"},\"potentialAction\":[{\"@type\":\"SearchAction\",\"target\":{\"@type\":\"EntryPoint\",\"urlTemplate\":\"https:\/\/www.darrera.com\/es\/?s={search_term_string}\"},\"query-input\":{\"@type\":\"PropertyValueSpecification\",\"valueRequired\":true,\"valueName\":\"search_term_string\"}}],\"inLanguage\":\"es\"},{\"@type\":\"Organization\",\"@id\":\"https:\/\/www.darrera.com\/es\/#organization\",\"name\":\"Darrera\",\"url\":\"https:\/\/www.darrera.com\/es\/\",\"logo\":{\"@type\":\"ImageObject\",\"inLanguage\":\"es\",\"@id\":\"https:\/\/www.darrera.com\/es\/#\/schema\/logo\/image\/\",\"url\":\"https:\/\/www.darrera.com\/wp\/wp-content\/uploads\/logo-darrera.png\",\"contentUrl\":\"https:\/\/www.darrera.com\/wp\/wp-content\/uploads\/logo-darrera.png\",\"width\":500,\"height\":85,\"caption\":\"Darrera\"},\"image\":{\"@id\":\"https:\/\/www.darrera.com\/es\/#\/schema\/logo\/image\/\"},\"sameAs\":[\"http:\/\/facebook.com\/darrerameteo\",\"https:\/\/x.com\/darrera_meteo\",\"https:\/\/www.linkedin.com\/company\/darrera-s-a-\",\"http:\/\/youtube.com\/darreratv\"]}]}<\/script>\n<!-- \/ Yoast SEO plugin. -->","yoast_head_json":{"title":"Anem\u00f3metro Ultras\u00f3nico 3D | Darrera","robots":{"index":"index","follow":"follow","max-snippet":"max-snippet:-1","max-image-preview":"max-image-preview:large","max-video-preview":"max-video-preview:-1"},"canonical":"https:\/\/www.darrera.com\/en\/producto\/hd2003-1-3d-ultrasonic-anemometer\/","og_locale":"es_ES","og_type":"article","og_title":"Anem\u00f3metro Ultras\u00f3nico 3D | Darrera","og_description":"Mide velocidad y direcci\u00f3n del viento, componentes cartesianas U-V-W de la velocidad, velocidad del sonido y temperatura s\u00f3nica.","og_url":"https:\/\/www.darrera.com\/en\/producto\/hd2003-1-3d-ultrasonic-anemometer\/","og_site_name":"Darrera","article_publisher":"http:\/\/facebook.com\/darrerameteo","article_modified_time":"2023-08-21T09:57:12+00:00","og_image":[{"width":950,"height":950,"url":"https:\/\/www.darrera.com\/wp-content\/uploads\/2018\/04\/hd2003-1-anemometro-ultrasonico-3d.jpg","type":"image\/jpeg"}],"twitter_card":"summary_large_image","twitter_site":"@darrera_meteo","twitter_misc":{"Tiempo de lectura":"2 minutos"},"schema":{"@context":"https:\/\/schema.org","@graph":[{"@type":"WebPage","@id":"https:\/\/www.darrera.com\/en\/producto\/hd2003-1-3d-ultrasonic-anemometer\/","url":"https:\/\/www.darrera.com\/en\/producto\/hd2003-1-3d-ultrasonic-anemometer\/","name":"Anem\u00f3metro Ultras\u00f3nico 3D | Darrera","isPartOf":{"@id":"https:\/\/www.darrera.com\/es\/#website"},"primaryImageOfPage":{"@id":"https:\/\/www.darrera.com\/en\/producto\/hd2003-1-3d-ultrasonic-anemometer\/#primaryimage"},"image":{"@id":"https:\/\/www.darrera.com\/en\/producto\/hd2003-1-3d-ultrasonic-anemometer\/#primaryimage"},"thumbnailUrl":"https:\/\/www.darrera.com\/wp-content\/uploads\/2018\/04\/hd2003-1-anemometro-ultrasonico-3d.jpg","datePublished":"2018-04-03T14:52:08+00:00","dateModified":"2023-08-21T09:57:12+00:00","breadcrumb":{"@id":"https:\/\/www.darrera.com\/en\/producto\/hd2003-1-3d-ultrasonic-anemometer\/#breadcrumb"},"inLanguage":"es","potentialAction":[{"@type":"ReadAction","target":["https:\/\/www.darrera.com\/en\/producto\/hd2003-1-3d-ultrasonic-anemometer\/"]}]},{"@type":"ImageObject","inLanguage":"es","@id":"https:\/\/www.darrera.com\/en\/producto\/hd2003-1-3d-ultrasonic-anemometer\/#primaryimage","url":"https:\/\/www.darrera.com\/wp-content\/uploads\/2018\/04\/hd2003-1-anemometro-ultrasonico-3d.jpg","contentUrl":"https:\/\/www.darrera.com\/wp-content\/uploads\/2018\/04\/hd2003-1-anemometro-ultrasonico-3d.jpg","width":950,"height":950,"caption":"HD2003.1 - Anem\u00f3metro Ultras\u00f3nico 3D"},{"@type":"BreadcrumbList","@id":"https:\/\/www.darrera.com\/en\/producto\/hd2003-1-3d-ultrasonic-anemometer\/#breadcrumb","itemListElement":[{"@type":"ListItem","position":1,"name":"Home","item":"https:\/\/www.darrera.com\/es\/"},{"@type":"ListItem","position":2,"name":"Productos","item":"https:\/\/www.darrera.com\/es\/productos\/"},{"@type":"ListItem","position":3,"name":"Anem\u00f3metro Ultras\u00f3nico 3D"}]},{"@type":"WebSite","@id":"https:\/\/www.darrera.com\/es\/#website","url":"https:\/\/www.darrera.com\/es\/","name":"Darrera","description":"Instrumentos, soluciones y servicios meteorol\u00f3gicos","publisher":{"@id":"https:\/\/www.darrera.com\/es\/#organization"},"potentialAction":[{"@type":"SearchAction","target":{"@type":"EntryPoint","urlTemplate":"https:\/\/www.darrera.com\/es\/?s={search_term_string}"},"query-input":{"@type":"PropertyValueSpecification","valueRequired":true,"valueName":"search_term_string"}}],"inLanguage":"es"},{"@type":"Organization","@id":"https:\/\/www.darrera.com\/es\/#organization","name":"Darrera","url":"https:\/\/www.darrera.com\/es\/","logo":{"@type":"ImageObject","inLanguage":"es","@id":"https:\/\/www.darrera.com\/es\/#\/schema\/logo\/image\/","url":"https:\/\/www.darrera.com\/wp\/wp-content\/uploads\/logo-darrera.png","contentUrl":"https:\/\/www.darrera.com\/wp\/wp-content\/uploads\/logo-darrera.png","width":500,"height":85,"caption":"Darrera"},"image":{"@id":"https:\/\/www.darrera.com\/es\/#\/schema\/logo\/image\/"},"sameAs":["http:\/\/facebook.com\/darrerameteo","https:\/\/x.com\/darrera_meteo","https:\/\/www.linkedin.com\/company\/darrera-s-a-","http:\/\/youtube.com\/darreratv"]}]}},"_links":{"self":[{"href":"https:\/\/www.darrera.com\/es\/wp-json\/wp\/v2\/product\/1520","targetHints":{"allow":["GET"]}}],"collection":[{"href":"https:\/\/www.darrera.com\/es\/wp-json\/wp\/v2\/product"}],"about":[{"href":"https:\/\/www.darrera.com\/es\/wp-json\/wp\/v2\/types\/product"}],"wp:featuredmedia":[{"embeddable":true,"href":"https:\/\/www.darrera.com\/es\/wp-json\/wp\/v2\/media\/2353"}],"wp:attachment":[{"href":"https:\/\/www.darrera.com\/es\/wp-json\/wp\/v2\/media?parent=1520"}],"wp:term":[{"taxonomy":"product_brand","embeddable":true,"href":"https:\/\/www.darrera.com\/es\/wp-json\/wp\/v2\/product_brand?post=1520"},{"taxonomy":"product_cat","embeddable":true,"href":"https:\/\/www.darrera.com\/es\/wp-json\/wp\/v2\/product_cat?post=1520"},{"taxonomy":"product_tag","embeddable":true,"href":"https:\/\/www.darrera.com\/es\/wp-json\/wp\/v2\/product_tag?post=1520"}],"curies":[{"name":"wp","href":"https:\/\/api.w.org\/{rel}","templated":true}]}}