{"id":1525,"date":"2018-04-03T15:47:23","date_gmt":"2018-04-03T13:47:23","guid":{"rendered":"https:\/\/www.darrera.com\/wp\/product\/3r-fwsa02-sistema-alarma-velocidad-viento\/"},"modified":"2019-06-18T15:23:11","modified_gmt":"2019-06-18T13:23:11","slug":"3r-fwsa02-sistema-alarma-velocidad-viento","status":"publish","type":"product","link":"https:\/\/www.darrera.com\/es\/producto\/3r-fwsa02-sistema-alarma-velocidad-viento\/","title":{"rendered":"Sistema de Alarma de Velocidad del Viento"},"content":{"rendered":"<h3>Sistema avanzado de alarma<\/h3>\n<p>El sistema de alarma de velocidad del viento se conecta a cualquier tipo de anem\u00f3metro y veleta con salida de 4 a 20 mA y permite monitorizar la velocidad y direcci\u00f3n del viento actual, y establecer 2 umbrales de alarma para valores m\u00e1ximos de la velocidad del viento. La pantalla LED de 7 segmentos muestra la velocidad del viento con d\u00edgitos de gran tama\u00f1o, en metros por segundo, mientras que la rosa de los vientos muestra la direcci\u00f3n del viento. Su reducido consumo permite utilizarlo en instalaciones alimentadas mediante paneles solares.<\/p>\n<h3>2 umbrales de alarma<\/h3>\n<p>La unidad display permite establecer 2 umbrales de alarma, cada uno de los cuales activa un indicador LED y una alarma sonora interna. Ambos umbrales de alarma activan, adem\u00e1s, un rel\u00e9.<\/p>\n<h3>Infinidad de aplicaciones<\/h3>\n<p>El sistema de alarma de velocidad del viento ha sido desarrollado para la protecci\u00f3n de personas, animales, plantas y materiales, y es especialmente id\u00f3neo para:<\/p>\n<ul>\n<li>Agricultura.<\/li>\n<li>Bot\u00e1nica.<\/li>\n<li>Construcci\u00f3n.<\/li>\n<li>Deportes.<\/li>\n<li>Dom\u00f3tica.<\/li>\n<li>Hosteler\u00eda.<\/li>\n<\/ul>\n<h3>Especificaciones t\u00e9cnicas<\/h3>\n<h4>Especificaciones del dispositivo<\/h4>\n<p>Velocidad del viento<\/p>\n<ul>\n<li>Rango: 0 a 50 m\/s<\/li>\n<li>Resoluci\u00f3n: 0,1 m\/s<\/li>\n<\/ul>\n<p>Direcci\u00f3n del viento<\/p>\n<ul>\n<li>Rango: 0\u00ba a 360\u00ba<\/li>\n<li>Resoluci\u00f3n: 22,5\u00ba<\/li>\n<\/ul>\n<h4>Especificaciones el\u00e9ctricas<\/h4>\n<ul>\n<li>Voltaje de alimentaci\u00f3n: 12 VDC<\/li>\n<li>Consumo: 35 mA<\/li>\n<li>Se\u00f1al de entrada: 2 x 4 a 20 mA<\/li>\n<li>Se\u00f1al de salida: 2 x alarmas, 2 x 4 a 20 mA y RS-485<\/li>\n<\/ul>\n<h4>Especificaciones mec\u00e1nicas<\/h4>\n<ul>\n<li>Temperatura de funcionamiento: -20\u00baC a 60\u00baC<\/li>\n<li>Material: pl\u00e1stico ABS resistente a los rayos UV<\/li>\n<li>Dimensiones: 200 x 92 x 45 mm<\/li>\n<li>Peso: 480 g<\/li>\n<\/ul>\n","protected":false},"excerpt":{"rendered":"<p>Se conecta a cualquier tipo de anem\u00f3metro y veleta con salida de 4 a 20 mA y permite monitorizar la velocidad y direcci\u00f3n del viento actual, y establecer 2 umbrales de alarma para valores m\u00e1ximos de la velocidad del viento.<\/p>\n","protected":false},"featured_media":1396,"template":"","meta":[],"product_brand":[],"product_cat":[199],"product_tag":[],"class_list":{"0":"post-1525","1":"product","2":"type-product","3":"status-publish","4":"has-post-thumbnail","6":"product_cat-pantallas-indicadores","8":"first","9":"instock","10":"taxable","11":"shipping-taxable","12":"product-type-simple"},"yoast_head":"<!-- This site is optimized with the Yoast SEO plugin v27.4 - https:\/\/yoast.com\/product\/yoast-seo-wordpress\/ -->\n<title>Sistema de Alarma de Velocidad del Viento | Darrera<\/title>\n<meta name=\"robots\" content=\"index, follow, max-snippet:-1, max-image-preview:large, max-video-preview:-1\" \/>\n<link rel=\"canonical\" href=\"https:\/\/www.darrera.com\/es\/producto\/3r-fwsa02-sistema-alarma-velocidad-viento\/\" \/>\n<meta property=\"og:locale\" content=\"es_ES\" \/>\n<meta property=\"og:type\" content=\"article\" \/>\n<meta property=\"og:title\" content=\"Sistema de Alarma de Velocidad del Viento | Darrera\" \/>\n<meta property=\"og:description\" content=\"Se conecta a cualquier tipo de anem\u00f3metro y veleta con salida de 4 a 20 mA y permite monitorizar la velocidad y direcci\u00f3n del viento actual, y establecer 2 umbrales de alarma para valores m\u00e1ximos de la velocidad del viento.\" \/>\n<meta property=\"og:url\" content=\"https:\/\/www.darrera.com\/es\/producto\/3r-fwsa02-sistema-alarma-velocidad-viento\/\" \/>\n<meta property=\"og:site_name\" content=\"Darrera\" \/>\n<meta property=\"article:publisher\" content=\"http:\/\/facebook.com\/darrerameteo\" \/>\n<meta property=\"article:modified_time\" content=\"2019-06-18T13:23:11+00:00\" \/>\n<meta property=\"og:image\" content=\"https:\/\/www.darrera.com\/wp-content\/uploads\/2018\/04\/3r-fwsa02-sistema-alarma-velocidad-viento.jpg\" \/>\n\t<meta property=\"og:image:width\" content=\"950\" \/>\n\t<meta property=\"og:image:height\" content=\"950\" \/>\n\t<meta property=\"og:image:type\" content=\"image\/jpeg\" \/>\n<meta name=\"twitter:card\" content=\"summary_large_image\" \/>\n<meta name=\"twitter:site\" content=\"@darrera_meteo\" \/>\n<meta name=\"twitter:label1\" content=\"Tiempo de lectura\" \/>\n\t<meta name=\"twitter:data1\" content=\"1 minuto\" \/>\n<script type=\"application\/ld+json\" class=\"yoast-schema-graph\">{\"@context\":\"https:\\\/\\\/schema.org\",\"@graph\":[{\"@type\":\"WebPage\",\"@id\":\"https:\\\/\\\/www.darrera.com\\\/es\\\/producto\\\/3r-fwsa02-sistema-alarma-velocidad-viento\\\/\",\"url\":\"https:\\\/\\\/www.darrera.com\\\/es\\\/producto\\\/3r-fwsa02-sistema-alarma-velocidad-viento\\\/\",\"name\":\"Sistema de Alarma de Velocidad del Viento | Darrera\",\"isPartOf\":{\"@id\":\"https:\\\/\\\/www.darrera.com\\\/es\\\/#website\"},\"primaryImageOfPage\":{\"@id\":\"https:\\\/\\\/www.darrera.com\\\/es\\\/producto\\\/3r-fwsa02-sistema-alarma-velocidad-viento\\\/#primaryimage\"},\"image\":{\"@id\":\"https:\\\/\\\/www.darrera.com\\\/es\\\/producto\\\/3r-fwsa02-sistema-alarma-velocidad-viento\\\/#primaryimage\"},\"thumbnailUrl\":\"https:\\\/\\\/www.darrera.com\\\/wp-content\\\/uploads\\\/2018\\\/04\\\/3r-fwsa02-sistema-alarma-velocidad-viento.jpg\",\"datePublished\":\"2018-04-03T13:47:23+00:00\",\"dateModified\":\"2019-06-18T13:23:11+00:00\",\"breadcrumb\":{\"@id\":\"https:\\\/\\\/www.darrera.com\\\/es\\\/producto\\\/3r-fwsa02-sistema-alarma-velocidad-viento\\\/#breadcrumb\"},\"inLanguage\":\"es\",\"potentialAction\":[{\"@type\":\"ReadAction\",\"target\":[\"https:\\\/\\\/www.darrera.com\\\/es\\\/producto\\\/3r-fwsa02-sistema-alarma-velocidad-viento\\\/\"]}]},{\"@type\":\"ImageObject\",\"inLanguage\":\"es\",\"@id\":\"https:\\\/\\\/www.darrera.com\\\/es\\\/producto\\\/3r-fwsa02-sistema-alarma-velocidad-viento\\\/#primaryimage\",\"url\":\"https:\\\/\\\/www.darrera.com\\\/wp-content\\\/uploads\\\/2018\\\/04\\\/3r-fwsa02-sistema-alarma-velocidad-viento.jpg\",\"contentUrl\":\"https:\\\/\\\/www.darrera.com\\\/wp-content\\\/uploads\\\/2018\\\/04\\\/3r-fwsa02-sistema-alarma-velocidad-viento.jpg\",\"width\":950,\"height\":950,\"caption\":\"3R FWSA02 - Sistema de Alarma de Velocidad del Viento\"},{\"@type\":\"BreadcrumbList\",\"@id\":\"https:\\\/\\\/www.darrera.com\\\/es\\\/producto\\\/3r-fwsa02-sistema-alarma-velocidad-viento\\\/#breadcrumb\",\"itemListElement\":[{\"@type\":\"ListItem\",\"position\":1,\"name\":\"Home\",\"item\":\"https:\\\/\\\/www.darrera.com\\\/es\\\/\"},{\"@type\":\"ListItem\",\"position\":2,\"name\":\"Productos\",\"item\":\"https:\\\/\\\/www.darrera.com\\\/es\\\/productos\\\/\"},{\"@type\":\"ListItem\",\"position\":3,\"name\":\"Sistema de Alarma de Velocidad del Viento\"}]},{\"@type\":\"WebSite\",\"@id\":\"https:\\\/\\\/www.darrera.com\\\/es\\\/#website\",\"url\":\"https:\\\/\\\/www.darrera.com\\\/es\\\/\",\"name\":\"Darrera\",\"description\":\"Instrumentos, soluciones y servicios meteorol\u00f3gicos\",\"publisher\":{\"@id\":\"https:\\\/\\\/www.darrera.com\\\/es\\\/#organization\"},\"potentialAction\":[{\"@type\":\"SearchAction\",\"target\":{\"@type\":\"EntryPoint\",\"urlTemplate\":\"https:\\\/\\\/www.darrera.com\\\/es\\\/?s={search_term_string}\"},\"query-input\":{\"@type\":\"PropertyValueSpecification\",\"valueRequired\":true,\"valueName\":\"search_term_string\"}}],\"inLanguage\":\"es\"},{\"@type\":\"Organization\",\"@id\":\"https:\\\/\\\/www.darrera.com\\\/es\\\/#organization\",\"name\":\"Darrera\",\"url\":\"https:\\\/\\\/www.darrera.com\\\/es\\\/\",\"logo\":{\"@type\":\"ImageObject\",\"inLanguage\":\"es\",\"@id\":\"https:\\\/\\\/www.darrera.com\\\/es\\\/#\\\/schema\\\/logo\\\/image\\\/\",\"url\":\"https:\\\/\\\/www.darrera.com\\\/wp\\\/wp-content\\\/uploads\\\/logo-darrera.png\",\"contentUrl\":\"https:\\\/\\\/www.darrera.com\\\/wp\\\/wp-content\\\/uploads\\\/logo-darrera.png\",\"width\":500,\"height\":85,\"caption\":\"Darrera\"},\"image\":{\"@id\":\"https:\\\/\\\/www.darrera.com\\\/es\\\/#\\\/schema\\\/logo\\\/image\\\/\"},\"sameAs\":[\"http:\\\/\\\/facebook.com\\\/darrerameteo\",\"https:\\\/\\\/x.com\\\/darrera_meteo\",\"https:\\\/\\\/www.linkedin.com\\\/company\\\/darrera-s-a-\",\"http:\\\/\\\/youtube.com\\\/darreratv\"]}]}<\/script>\n<!-- \/ Yoast SEO plugin. -->","yoast_head_json":{"title":"Sistema de Alarma de Velocidad del Viento | Darrera","robots":{"index":"index","follow":"follow","max-snippet":"max-snippet:-1","max-image-preview":"max-image-preview:large","max-video-preview":"max-video-preview:-1"},"canonical":"https:\/\/www.darrera.com\/es\/producto\/3r-fwsa02-sistema-alarma-velocidad-viento\/","og_locale":"es_ES","og_type":"article","og_title":"Sistema de Alarma de Velocidad del Viento | Darrera","og_description":"Se conecta a cualquier tipo de anem\u00f3metro y veleta con salida de 4 a 20 mA y permite monitorizar la velocidad y direcci\u00f3n del viento actual, y establecer 2 umbrales de alarma para valores m\u00e1ximos de la velocidad del viento.","og_url":"https:\/\/www.darrera.com\/es\/producto\/3r-fwsa02-sistema-alarma-velocidad-viento\/","og_site_name":"Darrera","article_publisher":"http:\/\/facebook.com\/darrerameteo","article_modified_time":"2019-06-18T13:23:11+00:00","og_image":[{"width":950,"height":950,"url":"https:\/\/www.darrera.com\/wp-content\/uploads\/2018\/04\/3r-fwsa02-sistema-alarma-velocidad-viento.jpg","type":"image\/jpeg"}],"twitter_card":"summary_large_image","twitter_site":"@darrera_meteo","twitter_misc":{"Tiempo de lectura":"1 minuto"},"schema":{"@context":"https:\/\/schema.org","@graph":[{"@type":"WebPage","@id":"https:\/\/www.darrera.com\/es\/producto\/3r-fwsa02-sistema-alarma-velocidad-viento\/","url":"https:\/\/www.darrera.com\/es\/producto\/3r-fwsa02-sistema-alarma-velocidad-viento\/","name":"Sistema de Alarma de Velocidad del Viento | Darrera","isPartOf":{"@id":"https:\/\/www.darrera.com\/es\/#website"},"primaryImageOfPage":{"@id":"https:\/\/www.darrera.com\/es\/producto\/3r-fwsa02-sistema-alarma-velocidad-viento\/#primaryimage"},"image":{"@id":"https:\/\/www.darrera.com\/es\/producto\/3r-fwsa02-sistema-alarma-velocidad-viento\/#primaryimage"},"thumbnailUrl":"https:\/\/www.darrera.com\/wp-content\/uploads\/2018\/04\/3r-fwsa02-sistema-alarma-velocidad-viento.jpg","datePublished":"2018-04-03T13:47:23+00:00","dateModified":"2019-06-18T13:23:11+00:00","breadcrumb":{"@id":"https:\/\/www.darrera.com\/es\/producto\/3r-fwsa02-sistema-alarma-velocidad-viento\/#breadcrumb"},"inLanguage":"es","potentialAction":[{"@type":"ReadAction","target":["https:\/\/www.darrera.com\/es\/producto\/3r-fwsa02-sistema-alarma-velocidad-viento\/"]}]},{"@type":"ImageObject","inLanguage":"es","@id":"https:\/\/www.darrera.com\/es\/producto\/3r-fwsa02-sistema-alarma-velocidad-viento\/#primaryimage","url":"https:\/\/www.darrera.com\/wp-content\/uploads\/2018\/04\/3r-fwsa02-sistema-alarma-velocidad-viento.jpg","contentUrl":"https:\/\/www.darrera.com\/wp-content\/uploads\/2018\/04\/3r-fwsa02-sistema-alarma-velocidad-viento.jpg","width":950,"height":950,"caption":"3R FWSA02 - Sistema de Alarma de Velocidad del Viento"},{"@type":"BreadcrumbList","@id":"https:\/\/www.darrera.com\/es\/producto\/3r-fwsa02-sistema-alarma-velocidad-viento\/#breadcrumb","itemListElement":[{"@type":"ListItem","position":1,"name":"Home","item":"https:\/\/www.darrera.com\/es\/"},{"@type":"ListItem","position":2,"name":"Productos","item":"https:\/\/www.darrera.com\/es\/productos\/"},{"@type":"ListItem","position":3,"name":"Sistema de Alarma de Velocidad del Viento"}]},{"@type":"WebSite","@id":"https:\/\/www.darrera.com\/es\/#website","url":"https:\/\/www.darrera.com\/es\/","name":"Darrera","description":"Instrumentos, soluciones y servicios meteorol\u00f3gicos","publisher":{"@id":"https:\/\/www.darrera.com\/es\/#organization"},"potentialAction":[{"@type":"SearchAction","target":{"@type":"EntryPoint","urlTemplate":"https:\/\/www.darrera.com\/es\/?s={search_term_string}"},"query-input":{"@type":"PropertyValueSpecification","valueRequired":true,"valueName":"search_term_string"}}],"inLanguage":"es"},{"@type":"Organization","@id":"https:\/\/www.darrera.com\/es\/#organization","name":"Darrera","url":"https:\/\/www.darrera.com\/es\/","logo":{"@type":"ImageObject","inLanguage":"es","@id":"https:\/\/www.darrera.com\/es\/#\/schema\/logo\/image\/","url":"https:\/\/www.darrera.com\/wp\/wp-content\/uploads\/logo-darrera.png","contentUrl":"https:\/\/www.darrera.com\/wp\/wp-content\/uploads\/logo-darrera.png","width":500,"height":85,"caption":"Darrera"},"image":{"@id":"https:\/\/www.darrera.com\/es\/#\/schema\/logo\/image\/"},"sameAs":["http:\/\/facebook.com\/darrerameteo","https:\/\/x.com\/darrera_meteo","https:\/\/www.linkedin.com\/company\/darrera-s-a-","http:\/\/youtube.com\/darreratv"]}]}},"_links":{"self":[{"href":"https:\/\/www.darrera.com\/es\/wp-json\/wp\/v2\/product\/1525","targetHints":{"allow":["GET"]}}],"collection":[{"href":"https:\/\/www.darrera.com\/es\/wp-json\/wp\/v2\/product"}],"about":[{"href":"https:\/\/www.darrera.com\/es\/wp-json\/wp\/v2\/types\/product"}],"wp:featuredmedia":[{"embeddable":true,"href":"https:\/\/www.darrera.com\/es\/wp-json\/wp\/v2\/media\/1396"}],"wp:attachment":[{"href":"https:\/\/www.darrera.com\/es\/wp-json\/wp\/v2\/media?parent=1525"}],"wp:term":[{"taxonomy":"product_brand","embeddable":true,"href":"https:\/\/www.darrera.com\/es\/wp-json\/wp\/v2\/product_brand?post=1525"},{"taxonomy":"product_cat","embeddable":true,"href":"https:\/\/www.darrera.com\/es\/wp-json\/wp\/v2\/product_cat?post=1525"},{"taxonomy":"product_tag","embeddable":true,"href":"https:\/\/www.darrera.com\/es\/wp-json\/wp\/v2\/product_tag?post=1525"}],"curies":[{"name":"wp","href":"https:\/\/api.w.org\/{rel}","templated":true}]}}