{"id":1526,"date":"2018-04-03T15:47:23","date_gmt":"2018-04-03T13:47:23","guid":{"rendered":"https:\/\/www.darrera.com\/wp\/product\/3r-evp020005-evaporimetro\/"},"modified":"2020-05-22T18:11:44","modified_gmt":"2020-05-22T16:11:44","slug":"3r-evp020005-evaporimetro","status":"publish","type":"product","link":"https:\/\/www.darrera.com\/es\/producto\/3r-evp020005-evaporimetro\/","title":{"rendered":"Evapor\u00edmetro"},"content":{"rendered":"<h3>Tecnolog\u00eda de altas prestaciones<\/h3>\n<p>El evapor\u00edmetro permite medir con gran precisi\u00f3n y fiabilidad la cantidad de agua evaporada durante un intervalo de tiempo determinado. Est\u00e1 especialmente dise\u00f1ado para cumplir con las directrices establecidas por la Organizaci\u00f3n Meteorol\u00f3gica Mundial (OMM).<\/p>\n<p>Para determinar la tasa de evaporaci\u00f3n, el sensor mide las variaciones del nivel del agua dentro de un tanque evaporim\u00e9trico. Dispone de un mecanismo interno para compensar los efectos de la presi\u00f3n atmosf\u00e9rica sobre las mediciones.<\/p>\n<p>Se puede conectar a cualquier datalogger convencional para llevar a cabo el almacenamiento de los datos y su posterior descarga y visualizaci\u00f3n en un ordenador.<\/p>\n<p>Sus altas prestaciones lo hacen id\u00f3neo para todo tipo de aplicaciones de monitorizaci\u00f3n e investigaci\u00f3n en r\u00edos, lagos, embalses, presas, etc. Su reducido consumo permite utilizarlo en instalaciones alimentadas mediante paneles solares.<\/p>\n<h3>Dise\u00f1o robusto y resistente a la corrosi\u00f3n<\/h3>\n<p>El sensor presenta un dise\u00f1o muy robusto y est\u00e1 fabricado \u00edntegramente en acero inoxidable para garantizar una alta resistencia a la corrosi\u00f3n. El circuito interno est\u00e1 protegido contra sobretensiones e inversi\u00f3n de polaridad. Incluye un cable de 5 metros de longitud.<\/p>\n<h3>Especificaciones t\u00e9cnicas<\/h3>\n<h4>Especificaciones del sensor<\/h4>\n<ul>\n<li>Rango: 0 a 200 mm<\/li>\n<li>Resoluci\u00f3n: 0,05 mm<\/li>\n<li>Precisi\u00f3n: 0,4 mm<\/li>\n<\/ul>\n<h4>Especificaciones el\u00e9ctricas<\/h4>\n<ul>\n<li>Voltaje de alimentaci\u00f3n: 8 a 28 VDC<\/li>\n<li>Consumo: 4 mA (m\u00e1x.)<\/li>\n<li>Se\u00f1al de salida: 0 a 5 VDC<\/li>\n<\/ul>\n<h4>Especificaciones mec\u00e1nicas<\/h4>\n<ul>\n<li>Temperatura de funcionamiento: 0\u00baC a 80\u00baC<\/li>\n<li>Material: acero inoxidable<\/li>\n<li>Dimensiones: \u2205 340 x 230 mm<\/li>\n<li>Peso: 3,1 Kg<\/li>\n<\/ul>\n","protected":false},"excerpt":{"rendered":"<p>Permite medir con gran precisi\u00f3n y fiabilidad la cantidad de agua evaporada durante un intervalo de tiempo determinado.<\/p>\n","protected":false},"featured_media":1402,"template":"","meta":[],"product_brand":[],"product_cat":[186],"product_tag":[],"class_list":{"0":"post-1526","1":"product","2":"type-product","3":"status-publish","4":"has-post-thumbnail","6":"product_cat-sensores-evaporacion","8":"first","9":"instock","10":"taxable","11":"shipping-taxable","12":"product-type-simple"},"yoast_head":"<!-- This site is optimized with the Yoast SEO plugin v26.9 - https:\/\/yoast.com\/product\/yoast-seo-wordpress\/ -->\n<title>Evapor\u00edmetro | Darrera<\/title>\n<meta name=\"robots\" content=\"index, follow, max-snippet:-1, max-image-preview:large, max-video-preview:-1\" \/>\n<link rel=\"canonical\" href=\"https:\/\/www.darrera.com\/en\/producto\/3r-evp020005-evaporimeter\/\" \/>\n<meta property=\"og:locale\" content=\"es_ES\" \/>\n<meta property=\"og:type\" content=\"article\" \/>\n<meta property=\"og:title\" content=\"Evapor\u00edmetro | Darrera\" \/>\n<meta property=\"og:description\" content=\"Permite medir con gran precisi\u00f3n y fiabilidad la cantidad de agua evaporada durante un intervalo de tiempo determinado.\" \/>\n<meta property=\"og:url\" content=\"https:\/\/www.darrera.com\/en\/producto\/3r-evp020005-evaporimeter\/\" \/>\n<meta property=\"og:site_name\" content=\"Darrera\" \/>\n<meta property=\"article:publisher\" content=\"http:\/\/facebook.com\/darrerameteo\" \/>\n<meta property=\"article:modified_time\" content=\"2020-05-22T16:11:44+00:00\" \/>\n<meta property=\"og:image\" content=\"https:\/\/www.darrera.com\/wp-content\/uploads\/2018\/04\/3r-evp020005-evaporimetro.jpg\" \/>\n\t<meta property=\"og:image:width\" content=\"950\" \/>\n\t<meta property=\"og:image:height\" content=\"950\" \/>\n\t<meta property=\"og:image:type\" content=\"image\/jpeg\" \/>\n<meta name=\"twitter:card\" content=\"summary_large_image\" \/>\n<meta name=\"twitter:site\" content=\"@darrera_meteo\" \/>\n<meta name=\"twitter:label1\" content=\"Tiempo de lectura\" \/>\n\t<meta name=\"twitter:data1\" content=\"1 minuto\" \/>\n<script type=\"application\/ld+json\" class=\"yoast-schema-graph\">{\"@context\":\"https:\/\/schema.org\",\"@graph\":[{\"@type\":\"WebPage\",\"@id\":\"https:\/\/www.darrera.com\/en\/producto\/3r-evp020005-evaporimeter\/\",\"url\":\"https:\/\/www.darrera.com\/en\/producto\/3r-evp020005-evaporimeter\/\",\"name\":\"Evapor\u00edmetro | Darrera\",\"isPartOf\":{\"@id\":\"https:\/\/www.darrera.com\/es\/#website\"},\"primaryImageOfPage\":{\"@id\":\"https:\/\/www.darrera.com\/en\/producto\/3r-evp020005-evaporimeter\/#primaryimage\"},\"image\":{\"@id\":\"https:\/\/www.darrera.com\/en\/producto\/3r-evp020005-evaporimeter\/#primaryimage\"},\"thumbnailUrl\":\"https:\/\/www.darrera.com\/wp-content\/uploads\/2018\/04\/3r-evp020005-evaporimetro.jpg\",\"datePublished\":\"2018-04-03T13:47:23+00:00\",\"dateModified\":\"2020-05-22T16:11:44+00:00\",\"breadcrumb\":{\"@id\":\"https:\/\/www.darrera.com\/en\/producto\/3r-evp020005-evaporimeter\/#breadcrumb\"},\"inLanguage\":\"es\",\"potentialAction\":[{\"@type\":\"ReadAction\",\"target\":[\"https:\/\/www.darrera.com\/en\/producto\/3r-evp020005-evaporimeter\/\"]}]},{\"@type\":\"ImageObject\",\"inLanguage\":\"es\",\"@id\":\"https:\/\/www.darrera.com\/en\/producto\/3r-evp020005-evaporimeter\/#primaryimage\",\"url\":\"https:\/\/www.darrera.com\/wp-content\/uploads\/2018\/04\/3r-evp020005-evaporimetro.jpg\",\"contentUrl\":\"https:\/\/www.darrera.com\/wp-content\/uploads\/2018\/04\/3r-evp020005-evaporimetro.jpg\",\"width\":950,\"height\":950,\"caption\":\"3R EVP020005 - Evapor\u00edmetro\"},{\"@type\":\"BreadcrumbList\",\"@id\":\"https:\/\/www.darrera.com\/en\/producto\/3r-evp020005-evaporimeter\/#breadcrumb\",\"itemListElement\":[{\"@type\":\"ListItem\",\"position\":1,\"name\":\"Home\",\"item\":\"https:\/\/www.darrera.com\/es\/\"},{\"@type\":\"ListItem\",\"position\":2,\"name\":\"Productos\",\"item\":\"https:\/\/www.darrera.com\/es\/productos\/\"},{\"@type\":\"ListItem\",\"position\":3,\"name\":\"Evapor\u00edmetro\"}]},{\"@type\":\"WebSite\",\"@id\":\"https:\/\/www.darrera.com\/es\/#website\",\"url\":\"https:\/\/www.darrera.com\/es\/\",\"name\":\"Darrera\",\"description\":\"Instrumentos, soluciones y servicios meteorol\u00f3gicos\",\"publisher\":{\"@id\":\"https:\/\/www.darrera.com\/es\/#organization\"},\"potentialAction\":[{\"@type\":\"SearchAction\",\"target\":{\"@type\":\"EntryPoint\",\"urlTemplate\":\"https:\/\/www.darrera.com\/es\/?s={search_term_string}\"},\"query-input\":{\"@type\":\"PropertyValueSpecification\",\"valueRequired\":true,\"valueName\":\"search_term_string\"}}],\"inLanguage\":\"es\"},{\"@type\":\"Organization\",\"@id\":\"https:\/\/www.darrera.com\/es\/#organization\",\"name\":\"Darrera\",\"url\":\"https:\/\/www.darrera.com\/es\/\",\"logo\":{\"@type\":\"ImageObject\",\"inLanguage\":\"es\",\"@id\":\"https:\/\/www.darrera.com\/es\/#\/schema\/logo\/image\/\",\"url\":\"https:\/\/www.darrera.com\/wp\/wp-content\/uploads\/logo-darrera.png\",\"contentUrl\":\"https:\/\/www.darrera.com\/wp\/wp-content\/uploads\/logo-darrera.png\",\"width\":500,\"height\":85,\"caption\":\"Darrera\"},\"image\":{\"@id\":\"https:\/\/www.darrera.com\/es\/#\/schema\/logo\/image\/\"},\"sameAs\":[\"http:\/\/facebook.com\/darrerameteo\",\"https:\/\/x.com\/darrera_meteo\",\"https:\/\/www.linkedin.com\/company\/darrera-s-a-\",\"http:\/\/youtube.com\/darreratv\"]}]}<\/script>\n<!-- \/ Yoast SEO plugin. -->","yoast_head_json":{"title":"Evapor\u00edmetro | Darrera","robots":{"index":"index","follow":"follow","max-snippet":"max-snippet:-1","max-image-preview":"max-image-preview:large","max-video-preview":"max-video-preview:-1"},"canonical":"https:\/\/www.darrera.com\/en\/producto\/3r-evp020005-evaporimeter\/","og_locale":"es_ES","og_type":"article","og_title":"Evapor\u00edmetro | Darrera","og_description":"Permite medir con gran precisi\u00f3n y fiabilidad la cantidad de agua evaporada durante un intervalo de tiempo determinado.","og_url":"https:\/\/www.darrera.com\/en\/producto\/3r-evp020005-evaporimeter\/","og_site_name":"Darrera","article_publisher":"http:\/\/facebook.com\/darrerameteo","article_modified_time":"2020-05-22T16:11:44+00:00","og_image":[{"width":950,"height":950,"url":"https:\/\/www.darrera.com\/wp-content\/uploads\/2018\/04\/3r-evp020005-evaporimetro.jpg","type":"image\/jpeg"}],"twitter_card":"summary_large_image","twitter_site":"@darrera_meteo","twitter_misc":{"Tiempo de lectura":"1 minuto"},"schema":{"@context":"https:\/\/schema.org","@graph":[{"@type":"WebPage","@id":"https:\/\/www.darrera.com\/en\/producto\/3r-evp020005-evaporimeter\/","url":"https:\/\/www.darrera.com\/en\/producto\/3r-evp020005-evaporimeter\/","name":"Evapor\u00edmetro | Darrera","isPartOf":{"@id":"https:\/\/www.darrera.com\/es\/#website"},"primaryImageOfPage":{"@id":"https:\/\/www.darrera.com\/en\/producto\/3r-evp020005-evaporimeter\/#primaryimage"},"image":{"@id":"https:\/\/www.darrera.com\/en\/producto\/3r-evp020005-evaporimeter\/#primaryimage"},"thumbnailUrl":"https:\/\/www.darrera.com\/wp-content\/uploads\/2018\/04\/3r-evp020005-evaporimetro.jpg","datePublished":"2018-04-03T13:47:23+00:00","dateModified":"2020-05-22T16:11:44+00:00","breadcrumb":{"@id":"https:\/\/www.darrera.com\/en\/producto\/3r-evp020005-evaporimeter\/#breadcrumb"},"inLanguage":"es","potentialAction":[{"@type":"ReadAction","target":["https:\/\/www.darrera.com\/en\/producto\/3r-evp020005-evaporimeter\/"]}]},{"@type":"ImageObject","inLanguage":"es","@id":"https:\/\/www.darrera.com\/en\/producto\/3r-evp020005-evaporimeter\/#primaryimage","url":"https:\/\/www.darrera.com\/wp-content\/uploads\/2018\/04\/3r-evp020005-evaporimetro.jpg","contentUrl":"https:\/\/www.darrera.com\/wp-content\/uploads\/2018\/04\/3r-evp020005-evaporimetro.jpg","width":950,"height":950,"caption":"3R EVP020005 - Evapor\u00edmetro"},{"@type":"BreadcrumbList","@id":"https:\/\/www.darrera.com\/en\/producto\/3r-evp020005-evaporimeter\/#breadcrumb","itemListElement":[{"@type":"ListItem","position":1,"name":"Home","item":"https:\/\/www.darrera.com\/es\/"},{"@type":"ListItem","position":2,"name":"Productos","item":"https:\/\/www.darrera.com\/es\/productos\/"},{"@type":"ListItem","position":3,"name":"Evapor\u00edmetro"}]},{"@type":"WebSite","@id":"https:\/\/www.darrera.com\/es\/#website","url":"https:\/\/www.darrera.com\/es\/","name":"Darrera","description":"Instrumentos, soluciones y servicios meteorol\u00f3gicos","publisher":{"@id":"https:\/\/www.darrera.com\/es\/#organization"},"potentialAction":[{"@type":"SearchAction","target":{"@type":"EntryPoint","urlTemplate":"https:\/\/www.darrera.com\/es\/?s={search_term_string}"},"query-input":{"@type":"PropertyValueSpecification","valueRequired":true,"valueName":"search_term_string"}}],"inLanguage":"es"},{"@type":"Organization","@id":"https:\/\/www.darrera.com\/es\/#organization","name":"Darrera","url":"https:\/\/www.darrera.com\/es\/","logo":{"@type":"ImageObject","inLanguage":"es","@id":"https:\/\/www.darrera.com\/es\/#\/schema\/logo\/image\/","url":"https:\/\/www.darrera.com\/wp\/wp-content\/uploads\/logo-darrera.png","contentUrl":"https:\/\/www.darrera.com\/wp\/wp-content\/uploads\/logo-darrera.png","width":500,"height":85,"caption":"Darrera"},"image":{"@id":"https:\/\/www.darrera.com\/es\/#\/schema\/logo\/image\/"},"sameAs":["http:\/\/facebook.com\/darrerameteo","https:\/\/x.com\/darrera_meteo","https:\/\/www.linkedin.com\/company\/darrera-s-a-","http:\/\/youtube.com\/darreratv"]}]}},"_links":{"self":[{"href":"https:\/\/www.darrera.com\/es\/wp-json\/wp\/v2\/product\/1526","targetHints":{"allow":["GET"]}}],"collection":[{"href":"https:\/\/www.darrera.com\/es\/wp-json\/wp\/v2\/product"}],"about":[{"href":"https:\/\/www.darrera.com\/es\/wp-json\/wp\/v2\/types\/product"}],"wp:featuredmedia":[{"embeddable":true,"href":"https:\/\/www.darrera.com\/es\/wp-json\/wp\/v2\/media\/1402"}],"wp:attachment":[{"href":"https:\/\/www.darrera.com\/es\/wp-json\/wp\/v2\/media?parent=1526"}],"wp:term":[{"taxonomy":"product_brand","embeddable":true,"href":"https:\/\/www.darrera.com\/es\/wp-json\/wp\/v2\/product_brand?post=1526"},{"taxonomy":"product_cat","embeddable":true,"href":"https:\/\/www.darrera.com\/es\/wp-json\/wp\/v2\/product_cat?post=1526"},{"taxonomy":"product_tag","embeddable":true,"href":"https:\/\/www.darrera.com\/es\/wp-json\/wp\/v2\/product_tag?post=1526"}],"curies":[{"name":"wp","href":"https:\/\/api.w.org\/{rel}","templated":true}]}}