{"id":1528,"date":"2018-04-03T15:47:24","date_gmt":"2018-04-03T13:47:24","guid":{"rendered":"https:\/\/www.darrera.com\/wp\/product\/hd9408t-sensor-presion-atmosferica\/"},"modified":"2020-06-26T17:52:15","modified_gmt":"2020-06-26T15:52:15","slug":"hd9408t-baro-sensor-presion-atmosferica","status":"publish","type":"product","link":"https:\/\/www.darrera.com\/es\/producto\/hd9408t-baro-sensor-presion-atmosferica\/","title":{"rendered":"Sensor de Presi\u00f3n Atmosf\u00e9rica"},"content":{"rendered":"<h3>Alta precisi\u00f3n<\/h3>\n<p>El sensor de presi\u00f3n atmosf\u00e9rica ofrece alta precisi\u00f3n y fiabilidad, y es apto para la mayor\u00eda de aplicaciones de monitorizaci\u00f3n meteorol\u00f3gica.<\/p>\n<h3>Dise\u00f1o resistente a la intemperie<\/h3>\n<p>El instrumento est\u00e1 fabricado \u00edntegramente con materiales resistentes a la corrosi\u00f3n para garantizar una alta resistencia a la intemperie.<\/p>\n<h3>M\u00faltiples opciones de salida<\/h3>\n<p>Se puede conectar a cualquier datalogger convencional para llevar a cabo el almacenamiento de los datos y su posterior descarga y visualizaci\u00f3n en un ordenador. Dispone de una salida anal\u00f3gica a escoger entre corriente o uno de los dos rangos de voltaje disponibles.<\/p>\n<h3>Puerto est\u00e1tico opcional<\/h3>\n<p>El puerto est\u00e1tico opcional brinda una excelente protecci\u00f3n contra el viento para obtener mediciones m\u00e1s precisas y permite un correcto funcionamiento del sensor en presencia de hielo o nieve.<\/p>\n<h3>Infinidad de aplicaciones<\/h3>\n<p>Su incre\u00edble versatilidad lo hace id\u00f3neo para todo tipo de aplicaciones en multitud de \u00e1mbitos, entre los que destacan:<\/p>\n<ul>\n<li>Investigaci\u00f3n atmosf\u00e9rica.<\/li>\n<li>Meteorolog\u00eda.<\/li>\n<li>Control clim\u00e1tico.<\/li>\n<\/ul>\n<h3>Especificaciones t\u00e9cnicas<\/h3>\n<h4>Especificaciones del sensor<\/h4>\n<ul>\n<li>Rango: 800 a 1.100 hPa<\/li>\n<li>Precisi\u00f3n: \u00b10,5 hPa<\/li>\n<\/ul>\n<h4>Especificaciones el\u00e9ctricas<\/h4>\n<ul>\n<li>Voltaje de alimentaci\u00f3n: 8 a 35 VDC<\/li>\n<li>Consumo: 20 mA (m\u00e1x.)<\/li>\n<li>Se\u00f1al de salida: 4 a 20 mA o 0 a 1\/5\/10 VDC<\/li>\n<\/ul>\n<h4>Especificaciones mec\u00e1nicas<\/h4>\n<ul>\n<li>Temperatura de funcionamiento: -30\u00baC a 60\u00baC<\/li>\n<li>Material: aluminio y pl\u00e1stico de alta resistencia<\/li>\n<li>Dimensiones: \u2205 140 x 302 x 215 mm<\/li>\n<li>Peso: 0,8 Kg<\/li>\n<\/ul>\n","protected":false},"excerpt":{"rendered":"<p>Ofrece alta precisi\u00f3n y fiabilidad, y es apto para la mayor\u00eda de aplicaciones de monitorizaci\u00f3n meteorol\u00f3gica.<\/p>\n","protected":false},"featured_media":1346,"template":"","meta":[],"product_brand":[],"product_cat":[189],"product_tag":[],"class_list":{"0":"post-1528","1":"product","2":"type-product","3":"status-publish","4":"has-post-thumbnail","6":"product_cat-sensores-presion","8":"first","9":"instock","10":"taxable","11":"shipping-taxable","12":"product-type-simple"},"yoast_head":"<!-- This site is optimized with the Yoast SEO plugin v27.4 - https:\/\/yoast.com\/product\/yoast-seo-wordpress\/ -->\n<title>Sensor de Presi\u00f3n Atmosf\u00e9rica | Darrera<\/title>\n<meta name=\"robots\" content=\"index, follow, max-snippet:-1, max-image-preview:large, max-video-preview:-1\" \/>\n<link rel=\"canonical\" href=\"https:\/\/www.darrera.com\/en\/producto\/hd9408t-baro-atmospheric-pressure-sensor\/\" \/>\n<meta property=\"og:locale\" content=\"es_ES\" \/>\n<meta property=\"og:type\" content=\"article\" \/>\n<meta property=\"og:title\" content=\"Sensor de Presi\u00f3n Atmosf\u00e9rica | Darrera\" \/>\n<meta property=\"og:description\" content=\"Ofrece alta precisi\u00f3n y fiabilidad, y es apto para la mayor\u00eda de aplicaciones de monitorizaci\u00f3n meteorol\u00f3gica.\" \/>\n<meta property=\"og:url\" content=\"https:\/\/www.darrera.com\/en\/producto\/hd9408t-baro-atmospheric-pressure-sensor\/\" \/>\n<meta property=\"og:site_name\" content=\"Darrera\" \/>\n<meta property=\"article:publisher\" content=\"http:\/\/facebook.com\/darrerameteo\" \/>\n<meta property=\"article:modified_time\" content=\"2020-06-26T15:52:15+00:00\" \/>\n<meta property=\"og:image\" content=\"https:\/\/www.darrera.com\/wp-content\/uploads\/2018\/04\/hd9408t-baro-sensor-presion-atmosferica.jpg\" \/>\n\t<meta property=\"og:image:width\" content=\"950\" \/>\n\t<meta property=\"og:image:height\" content=\"950\" \/>\n\t<meta property=\"og:image:type\" content=\"image\/jpeg\" \/>\n<meta name=\"twitter:card\" content=\"summary_large_image\" \/>\n<meta name=\"twitter:site\" content=\"@darrera_meteo\" \/>\n<meta name=\"twitter:label1\" content=\"Tiempo de lectura\" \/>\n\t<meta name=\"twitter:data1\" content=\"1 minuto\" \/>\n<script type=\"application\/ld+json\" class=\"yoast-schema-graph\">{\"@context\":\"https:\\\/\\\/schema.org\",\"@graph\":[{\"@type\":\"WebPage\",\"@id\":\"https:\\\/\\\/www.darrera.com\\\/en\\\/producto\\\/hd9408t-baro-atmospheric-pressure-sensor\\\/\",\"url\":\"https:\\\/\\\/www.darrera.com\\\/en\\\/producto\\\/hd9408t-baro-atmospheric-pressure-sensor\\\/\",\"name\":\"Sensor de Presi\u00f3n Atmosf\u00e9rica | Darrera\",\"isPartOf\":{\"@id\":\"https:\\\/\\\/www.darrera.com\\\/es\\\/#website\"},\"primaryImageOfPage\":{\"@id\":\"https:\\\/\\\/www.darrera.com\\\/en\\\/producto\\\/hd9408t-baro-atmospheric-pressure-sensor\\\/#primaryimage\"},\"image\":{\"@id\":\"https:\\\/\\\/www.darrera.com\\\/en\\\/producto\\\/hd9408t-baro-atmospheric-pressure-sensor\\\/#primaryimage\"},\"thumbnailUrl\":\"https:\\\/\\\/www.darrera.com\\\/wp-content\\\/uploads\\\/2018\\\/04\\\/hd9408t-baro-sensor-presion-atmosferica.jpg\",\"datePublished\":\"2018-04-03T13:47:24+00:00\",\"dateModified\":\"2020-06-26T15:52:15+00:00\",\"breadcrumb\":{\"@id\":\"https:\\\/\\\/www.darrera.com\\\/en\\\/producto\\\/hd9408t-baro-atmospheric-pressure-sensor\\\/#breadcrumb\"},\"inLanguage\":\"es\",\"potentialAction\":[{\"@type\":\"ReadAction\",\"target\":[\"https:\\\/\\\/www.darrera.com\\\/en\\\/producto\\\/hd9408t-baro-atmospheric-pressure-sensor\\\/\"]}]},{\"@type\":\"ImageObject\",\"inLanguage\":\"es\",\"@id\":\"https:\\\/\\\/www.darrera.com\\\/en\\\/producto\\\/hd9408t-baro-atmospheric-pressure-sensor\\\/#primaryimage\",\"url\":\"https:\\\/\\\/www.darrera.com\\\/wp-content\\\/uploads\\\/2018\\\/04\\\/hd9408t-baro-sensor-presion-atmosferica.jpg\",\"contentUrl\":\"https:\\\/\\\/www.darrera.com\\\/wp-content\\\/uploads\\\/2018\\\/04\\\/hd9408t-baro-sensor-presion-atmosferica.jpg\",\"width\":950,\"height\":950,\"caption\":\"HD9408T-BARO - Sensor de Presi\u00f3n Atmosf\u00e9rica\"},{\"@type\":\"BreadcrumbList\",\"@id\":\"https:\\\/\\\/www.darrera.com\\\/en\\\/producto\\\/hd9408t-baro-atmospheric-pressure-sensor\\\/#breadcrumb\",\"itemListElement\":[{\"@type\":\"ListItem\",\"position\":1,\"name\":\"Home\",\"item\":\"https:\\\/\\\/www.darrera.com\\\/es\\\/\"},{\"@type\":\"ListItem\",\"position\":2,\"name\":\"Productos\",\"item\":\"https:\\\/\\\/www.darrera.com\\\/es\\\/productos\\\/\"},{\"@type\":\"ListItem\",\"position\":3,\"name\":\"Sensor de Presi\u00f3n Atmosf\u00e9rica\"}]},{\"@type\":\"WebSite\",\"@id\":\"https:\\\/\\\/www.darrera.com\\\/es\\\/#website\",\"url\":\"https:\\\/\\\/www.darrera.com\\\/es\\\/\",\"name\":\"Darrera\",\"description\":\"Instrumentos, soluciones y servicios meteorol\u00f3gicos\",\"publisher\":{\"@id\":\"https:\\\/\\\/www.darrera.com\\\/es\\\/#organization\"},\"potentialAction\":[{\"@type\":\"SearchAction\",\"target\":{\"@type\":\"EntryPoint\",\"urlTemplate\":\"https:\\\/\\\/www.darrera.com\\\/es\\\/?s={search_term_string}\"},\"query-input\":{\"@type\":\"PropertyValueSpecification\",\"valueRequired\":true,\"valueName\":\"search_term_string\"}}],\"inLanguage\":\"es\"},{\"@type\":\"Organization\",\"@id\":\"https:\\\/\\\/www.darrera.com\\\/es\\\/#organization\",\"name\":\"Darrera\",\"url\":\"https:\\\/\\\/www.darrera.com\\\/es\\\/\",\"logo\":{\"@type\":\"ImageObject\",\"inLanguage\":\"es\",\"@id\":\"https:\\\/\\\/www.darrera.com\\\/es\\\/#\\\/schema\\\/logo\\\/image\\\/\",\"url\":\"https:\\\/\\\/www.darrera.com\\\/wp\\\/wp-content\\\/uploads\\\/logo-darrera.png\",\"contentUrl\":\"https:\\\/\\\/www.darrera.com\\\/wp\\\/wp-content\\\/uploads\\\/logo-darrera.png\",\"width\":500,\"height\":85,\"caption\":\"Darrera\"},\"image\":{\"@id\":\"https:\\\/\\\/www.darrera.com\\\/es\\\/#\\\/schema\\\/logo\\\/image\\\/\"},\"sameAs\":[\"http:\\\/\\\/facebook.com\\\/darrerameteo\",\"https:\\\/\\\/x.com\\\/darrera_meteo\",\"https:\\\/\\\/www.linkedin.com\\\/company\\\/darrera-s-a-\",\"http:\\\/\\\/youtube.com\\\/darreratv\"]}]}<\/script>\n<!-- \/ Yoast SEO plugin. -->","yoast_head_json":{"title":"Sensor de Presi\u00f3n Atmosf\u00e9rica | Darrera","robots":{"index":"index","follow":"follow","max-snippet":"max-snippet:-1","max-image-preview":"max-image-preview:large","max-video-preview":"max-video-preview:-1"},"canonical":"https:\/\/www.darrera.com\/en\/producto\/hd9408t-baro-atmospheric-pressure-sensor\/","og_locale":"es_ES","og_type":"article","og_title":"Sensor de Presi\u00f3n Atmosf\u00e9rica | Darrera","og_description":"Ofrece alta precisi\u00f3n y fiabilidad, y es apto para la mayor\u00eda de aplicaciones de monitorizaci\u00f3n meteorol\u00f3gica.","og_url":"https:\/\/www.darrera.com\/en\/producto\/hd9408t-baro-atmospheric-pressure-sensor\/","og_site_name":"Darrera","article_publisher":"http:\/\/facebook.com\/darrerameteo","article_modified_time":"2020-06-26T15:52:15+00:00","og_image":[{"width":950,"height":950,"url":"https:\/\/www.darrera.com\/wp-content\/uploads\/2018\/04\/hd9408t-baro-sensor-presion-atmosferica.jpg","type":"image\/jpeg"}],"twitter_card":"summary_large_image","twitter_site":"@darrera_meteo","twitter_misc":{"Tiempo de lectura":"1 minuto"},"schema":{"@context":"https:\/\/schema.org","@graph":[{"@type":"WebPage","@id":"https:\/\/www.darrera.com\/en\/producto\/hd9408t-baro-atmospheric-pressure-sensor\/","url":"https:\/\/www.darrera.com\/en\/producto\/hd9408t-baro-atmospheric-pressure-sensor\/","name":"Sensor de Presi\u00f3n Atmosf\u00e9rica | Darrera","isPartOf":{"@id":"https:\/\/www.darrera.com\/es\/#website"},"primaryImageOfPage":{"@id":"https:\/\/www.darrera.com\/en\/producto\/hd9408t-baro-atmospheric-pressure-sensor\/#primaryimage"},"image":{"@id":"https:\/\/www.darrera.com\/en\/producto\/hd9408t-baro-atmospheric-pressure-sensor\/#primaryimage"},"thumbnailUrl":"https:\/\/www.darrera.com\/wp-content\/uploads\/2018\/04\/hd9408t-baro-sensor-presion-atmosferica.jpg","datePublished":"2018-04-03T13:47:24+00:00","dateModified":"2020-06-26T15:52:15+00:00","breadcrumb":{"@id":"https:\/\/www.darrera.com\/en\/producto\/hd9408t-baro-atmospheric-pressure-sensor\/#breadcrumb"},"inLanguage":"es","potentialAction":[{"@type":"ReadAction","target":["https:\/\/www.darrera.com\/en\/producto\/hd9408t-baro-atmospheric-pressure-sensor\/"]}]},{"@type":"ImageObject","inLanguage":"es","@id":"https:\/\/www.darrera.com\/en\/producto\/hd9408t-baro-atmospheric-pressure-sensor\/#primaryimage","url":"https:\/\/www.darrera.com\/wp-content\/uploads\/2018\/04\/hd9408t-baro-sensor-presion-atmosferica.jpg","contentUrl":"https:\/\/www.darrera.com\/wp-content\/uploads\/2018\/04\/hd9408t-baro-sensor-presion-atmosferica.jpg","width":950,"height":950,"caption":"HD9408T-BARO - Sensor de Presi\u00f3n Atmosf\u00e9rica"},{"@type":"BreadcrumbList","@id":"https:\/\/www.darrera.com\/en\/producto\/hd9408t-baro-atmospheric-pressure-sensor\/#breadcrumb","itemListElement":[{"@type":"ListItem","position":1,"name":"Home","item":"https:\/\/www.darrera.com\/es\/"},{"@type":"ListItem","position":2,"name":"Productos","item":"https:\/\/www.darrera.com\/es\/productos\/"},{"@type":"ListItem","position":3,"name":"Sensor de Presi\u00f3n Atmosf\u00e9rica"}]},{"@type":"WebSite","@id":"https:\/\/www.darrera.com\/es\/#website","url":"https:\/\/www.darrera.com\/es\/","name":"Darrera","description":"Instrumentos, soluciones y servicios meteorol\u00f3gicos","publisher":{"@id":"https:\/\/www.darrera.com\/es\/#organization"},"potentialAction":[{"@type":"SearchAction","target":{"@type":"EntryPoint","urlTemplate":"https:\/\/www.darrera.com\/es\/?s={search_term_string}"},"query-input":{"@type":"PropertyValueSpecification","valueRequired":true,"valueName":"search_term_string"}}],"inLanguage":"es"},{"@type":"Organization","@id":"https:\/\/www.darrera.com\/es\/#organization","name":"Darrera","url":"https:\/\/www.darrera.com\/es\/","logo":{"@type":"ImageObject","inLanguage":"es","@id":"https:\/\/www.darrera.com\/es\/#\/schema\/logo\/image\/","url":"https:\/\/www.darrera.com\/wp\/wp-content\/uploads\/logo-darrera.png","contentUrl":"https:\/\/www.darrera.com\/wp\/wp-content\/uploads\/logo-darrera.png","width":500,"height":85,"caption":"Darrera"},"image":{"@id":"https:\/\/www.darrera.com\/es\/#\/schema\/logo\/image\/"},"sameAs":["http:\/\/facebook.com\/darrerameteo","https:\/\/x.com\/darrera_meteo","https:\/\/www.linkedin.com\/company\/darrera-s-a-","http:\/\/youtube.com\/darreratv"]}]}},"_links":{"self":[{"href":"https:\/\/www.darrera.com\/es\/wp-json\/wp\/v2\/product\/1528","targetHints":{"allow":["GET"]}}],"collection":[{"href":"https:\/\/www.darrera.com\/es\/wp-json\/wp\/v2\/product"}],"about":[{"href":"https:\/\/www.darrera.com\/es\/wp-json\/wp\/v2\/types\/product"}],"wp:featuredmedia":[{"embeddable":true,"href":"https:\/\/www.darrera.com\/es\/wp-json\/wp\/v2\/media\/1346"}],"wp:attachment":[{"href":"https:\/\/www.darrera.com\/es\/wp-json\/wp\/v2\/media?parent=1528"}],"wp:term":[{"taxonomy":"product_brand","embeddable":true,"href":"https:\/\/www.darrera.com\/es\/wp-json\/wp\/v2\/product_brand?post=1528"},{"taxonomy":"product_cat","embeddable":true,"href":"https:\/\/www.darrera.com\/es\/wp-json\/wp\/v2\/product_cat?post=1528"},{"taxonomy":"product_tag","embeddable":true,"href":"https:\/\/www.darrera.com\/es\/wp-json\/wp\/v2\/product_tag?post=1528"}],"curies":[{"name":"wp","href":"https:\/\/api.w.org\/{rel}","templated":true}]}}