{"id":1544,"date":"2018-04-03T16:52:14","date_gmt":"2018-04-03T14:52:14","guid":{"rendered":"https:\/\/www.darrera.com\/wp\/product\/s-rgb-m002-pluviometro-de-balancin\/"},"modified":"2025-04-20T23:50:15","modified_gmt":"2025-04-20T21:50:15","slug":"s-rgb-m002-pluviometro-balancin","status":"publish","type":"product","link":"https:\/\/www.darrera.com\/es\/producto\/s-rgb-m002-pluviometro-balancin\/","title":{"rendered":"Pluvi\u00f3metro de Balanc\u00edn"},"content":{"rendered":"<h3>M\u00e1xima precisi\u00f3n y resistencia<\/h3>\n<p>El pluvi\u00f3metro mide de forma precisa la cantidad de lluvia ca\u00edda mediante un balanc\u00edn de vaciado autom\u00e1tico. Dispone de un interruptor reed que se cierra cada vez que el peso del agua acumulada hace bascular el balanc\u00edn, lo que produce un pulso que puede ser registrado mediante un datalogger o contador de pulsos. Est\u00e1 especialmente dise\u00f1ado para cumplir con las directrices establecidas por la Organizaci\u00f3n Meteorol\u00f3gica Mundial (OMM). Incluye un cable de 2 metros de longitud.<\/p>\n<h3>Especificaciones t\u00e9cnicas<\/h3>\n<h4>Especificaciones del sensor<\/h4>\n<ul>\n<li>\u00c1rea de recolecci\u00f3n: 200 cm2<\/li>\n<li>Resoluci\u00f3n: 0,2 mm<\/li>\n<li>Precisi\u00f3n: \u00b11%<\/li>\n<\/ul>\n<h4>Especificaciones el\u00e9ctricas<\/h4>\n<ul>\n<li>Se\u00f1al de salida: Onset Smart Sensor<\/li>\n<\/ul>\n<h4>Especificaciones mec\u00e1nicas<\/h4>\n<ul>\n<li>Material: aluminio<\/li>\n<li>Dimensiones: \u2205 154 x 228 mm<\/li>\n<li>Peso: 1 Kg<\/li>\n<\/ul>\n","protected":false},"excerpt":{"rendered":"<p>Mide de forma precisa la cantidad de lluvia ca\u00edda mediante un balanc\u00edn de vaciado autom\u00e1tico. Cumple con las directrices de la Organizaci\u00f3n Meteorol\u00f3gica Mundial (OMM).<\/p>\n","protected":false},"featured_media":1354,"template":"","meta":[],"product_brand":[],"product_cat":[182],"product_tag":[],"class_list":{"0":"post-1544","1":"product","2":"type-product","3":"status-publish","4":"has-post-thumbnail","6":"product_cat-sensores-onset-computer","8":"first","9":"instock","10":"taxable","11":"shipping-taxable","12":"purchasable","13":"product-type-simple"},"yoast_head":"<!-- This site is optimized with the Yoast SEO plugin v27.4 - https:\/\/yoast.com\/product\/yoast-seo-wordpress\/ -->\n<title>Pluvi\u00f3metro de Balanc\u00edn | Darrera<\/title>\n<meta name=\"robots\" content=\"index, follow, max-snippet:-1, max-image-preview:large, max-video-preview:-1\" \/>\n<link rel=\"canonical\" href=\"https:\/\/www.darrera.com\/en\/producto\/s-rgb-m002-tipping-bucket-rain-gauge\/\" \/>\n<meta property=\"og:locale\" content=\"es_ES\" \/>\n<meta property=\"og:type\" content=\"article\" \/>\n<meta property=\"og:title\" content=\"Pluvi\u00f3metro de Balanc\u00edn | Darrera\" \/>\n<meta property=\"og:description\" content=\"Mide de forma precisa la cantidad de lluvia ca\u00edda mediante un balanc\u00edn de vaciado autom\u00e1tico. Cumple con las directrices de la Organizaci\u00f3n Meteorol\u00f3gica Mundial (OMM).\" \/>\n<meta property=\"og:url\" content=\"https:\/\/www.darrera.com\/en\/producto\/s-rgb-m002-tipping-bucket-rain-gauge\/\" \/>\n<meta property=\"og:site_name\" content=\"Darrera\" \/>\n<meta property=\"article:publisher\" content=\"http:\/\/facebook.com\/darrerameteo\" \/>\n<meta property=\"article:modified_time\" content=\"2025-04-20T21:50:15+00:00\" \/>\n<meta property=\"og:image\" content=\"https:\/\/www.darrera.com\/wp-content\/uploads\/2018\/04\/s-rgb-m002-pluviometro-balancin.jpg\" \/>\n\t<meta property=\"og:image:width\" content=\"950\" \/>\n\t<meta property=\"og:image:height\" content=\"950\" \/>\n\t<meta property=\"og:image:type\" content=\"image\/jpeg\" \/>\n<meta name=\"twitter:card\" content=\"summary_large_image\" \/>\n<meta name=\"twitter:site\" content=\"@darrera_meteo\" \/>\n<meta name=\"twitter:label1\" content=\"Tiempo de lectura\" \/>\n\t<meta name=\"twitter:data1\" content=\"1 minuto\" \/>\n<script type=\"application\/ld+json\" class=\"yoast-schema-graph\">{\"@context\":\"https:\\\/\\\/schema.org\",\"@graph\":[{\"@type\":\"WebPage\",\"@id\":\"https:\\\/\\\/www.darrera.com\\\/en\\\/producto\\\/s-rgb-m002-tipping-bucket-rain-gauge\\\/\",\"url\":\"https:\\\/\\\/www.darrera.com\\\/en\\\/producto\\\/s-rgb-m002-tipping-bucket-rain-gauge\\\/\",\"name\":\"Pluvi\u00f3metro de Balanc\u00edn | Darrera\",\"isPartOf\":{\"@id\":\"https:\\\/\\\/www.darrera.com\\\/es\\\/#website\"},\"primaryImageOfPage\":{\"@id\":\"https:\\\/\\\/www.darrera.com\\\/en\\\/producto\\\/s-rgb-m002-tipping-bucket-rain-gauge\\\/#primaryimage\"},\"image\":{\"@id\":\"https:\\\/\\\/www.darrera.com\\\/en\\\/producto\\\/s-rgb-m002-tipping-bucket-rain-gauge\\\/#primaryimage\"},\"thumbnailUrl\":\"https:\\\/\\\/www.darrera.com\\\/wp-content\\\/uploads\\\/2018\\\/04\\\/s-rgb-m002-pluviometro-balancin.jpg\",\"datePublished\":\"2018-04-03T14:52:14+00:00\",\"dateModified\":\"2025-04-20T21:50:15+00:00\",\"breadcrumb\":{\"@id\":\"https:\\\/\\\/www.darrera.com\\\/en\\\/producto\\\/s-rgb-m002-tipping-bucket-rain-gauge\\\/#breadcrumb\"},\"inLanguage\":\"es\",\"potentialAction\":[{\"@type\":\"ReadAction\",\"target\":[\"https:\\\/\\\/www.darrera.com\\\/en\\\/producto\\\/s-rgb-m002-tipping-bucket-rain-gauge\\\/\"]}]},{\"@type\":\"ImageObject\",\"inLanguage\":\"es\",\"@id\":\"https:\\\/\\\/www.darrera.com\\\/en\\\/producto\\\/s-rgb-m002-tipping-bucket-rain-gauge\\\/#primaryimage\",\"url\":\"https:\\\/\\\/www.darrera.com\\\/wp-content\\\/uploads\\\/2018\\\/04\\\/s-rgb-m002-pluviometro-balancin.jpg\",\"contentUrl\":\"https:\\\/\\\/www.darrera.com\\\/wp-content\\\/uploads\\\/2018\\\/04\\\/s-rgb-m002-pluviometro-balancin.jpg\",\"width\":950,\"height\":950,\"caption\":\"S-RGB-M002 - Pluvi\u00f3metro de Balanc\u00edn\"},{\"@type\":\"BreadcrumbList\",\"@id\":\"https:\\\/\\\/www.darrera.com\\\/en\\\/producto\\\/s-rgb-m002-tipping-bucket-rain-gauge\\\/#breadcrumb\",\"itemListElement\":[{\"@type\":\"ListItem\",\"position\":1,\"name\":\"Home\",\"item\":\"https:\\\/\\\/www.darrera.com\\\/es\\\/\"},{\"@type\":\"ListItem\",\"position\":2,\"name\":\"Productos\",\"item\":\"https:\\\/\\\/www.darrera.com\\\/es\\\/productos\\\/\"},{\"@type\":\"ListItem\",\"position\":3,\"name\":\"Pluvi\u00f3metro de Balanc\u00edn\"}]},{\"@type\":\"WebSite\",\"@id\":\"https:\\\/\\\/www.darrera.com\\\/es\\\/#website\",\"url\":\"https:\\\/\\\/www.darrera.com\\\/es\\\/\",\"name\":\"Darrera\",\"description\":\"Instrumentos, soluciones y servicios meteorol\u00f3gicos\",\"publisher\":{\"@id\":\"https:\\\/\\\/www.darrera.com\\\/es\\\/#organization\"},\"potentialAction\":[{\"@type\":\"SearchAction\",\"target\":{\"@type\":\"EntryPoint\",\"urlTemplate\":\"https:\\\/\\\/www.darrera.com\\\/es\\\/?s={search_term_string}\"},\"query-input\":{\"@type\":\"PropertyValueSpecification\",\"valueRequired\":true,\"valueName\":\"search_term_string\"}}],\"inLanguage\":\"es\"},{\"@type\":\"Organization\",\"@id\":\"https:\\\/\\\/www.darrera.com\\\/es\\\/#organization\",\"name\":\"Darrera\",\"url\":\"https:\\\/\\\/www.darrera.com\\\/es\\\/\",\"logo\":{\"@type\":\"ImageObject\",\"inLanguage\":\"es\",\"@id\":\"https:\\\/\\\/www.darrera.com\\\/es\\\/#\\\/schema\\\/logo\\\/image\\\/\",\"url\":\"https:\\\/\\\/www.darrera.com\\\/wp\\\/wp-content\\\/uploads\\\/logo-darrera.png\",\"contentUrl\":\"https:\\\/\\\/www.darrera.com\\\/wp\\\/wp-content\\\/uploads\\\/logo-darrera.png\",\"width\":500,\"height\":85,\"caption\":\"Darrera\"},\"image\":{\"@id\":\"https:\\\/\\\/www.darrera.com\\\/es\\\/#\\\/schema\\\/logo\\\/image\\\/\"},\"sameAs\":[\"http:\\\/\\\/facebook.com\\\/darrerameteo\",\"https:\\\/\\\/x.com\\\/darrera_meteo\",\"https:\\\/\\\/www.linkedin.com\\\/company\\\/darrera-s-a-\",\"http:\\\/\\\/youtube.com\\\/darreratv\"]}]}<\/script>\n<!-- \/ Yoast SEO plugin. -->","yoast_head_json":{"title":"Pluvi\u00f3metro de Balanc\u00edn | Darrera","robots":{"index":"index","follow":"follow","max-snippet":"max-snippet:-1","max-image-preview":"max-image-preview:large","max-video-preview":"max-video-preview:-1"},"canonical":"https:\/\/www.darrera.com\/en\/producto\/s-rgb-m002-tipping-bucket-rain-gauge\/","og_locale":"es_ES","og_type":"article","og_title":"Pluvi\u00f3metro de Balanc\u00edn | Darrera","og_description":"Mide de forma precisa la cantidad de lluvia ca\u00edda mediante un balanc\u00edn de vaciado autom\u00e1tico. Cumple con las directrices de la Organizaci\u00f3n Meteorol\u00f3gica Mundial (OMM).","og_url":"https:\/\/www.darrera.com\/en\/producto\/s-rgb-m002-tipping-bucket-rain-gauge\/","og_site_name":"Darrera","article_publisher":"http:\/\/facebook.com\/darrerameteo","article_modified_time":"2025-04-20T21:50:15+00:00","og_image":[{"width":950,"height":950,"url":"https:\/\/www.darrera.com\/wp-content\/uploads\/2018\/04\/s-rgb-m002-pluviometro-balancin.jpg","type":"image\/jpeg"}],"twitter_card":"summary_large_image","twitter_site":"@darrera_meteo","twitter_misc":{"Tiempo de lectura":"1 minuto"},"schema":{"@context":"https:\/\/schema.org","@graph":[{"@type":"WebPage","@id":"https:\/\/www.darrera.com\/en\/producto\/s-rgb-m002-tipping-bucket-rain-gauge\/","url":"https:\/\/www.darrera.com\/en\/producto\/s-rgb-m002-tipping-bucket-rain-gauge\/","name":"Pluvi\u00f3metro de Balanc\u00edn | Darrera","isPartOf":{"@id":"https:\/\/www.darrera.com\/es\/#website"},"primaryImageOfPage":{"@id":"https:\/\/www.darrera.com\/en\/producto\/s-rgb-m002-tipping-bucket-rain-gauge\/#primaryimage"},"image":{"@id":"https:\/\/www.darrera.com\/en\/producto\/s-rgb-m002-tipping-bucket-rain-gauge\/#primaryimage"},"thumbnailUrl":"https:\/\/www.darrera.com\/wp-content\/uploads\/2018\/04\/s-rgb-m002-pluviometro-balancin.jpg","datePublished":"2018-04-03T14:52:14+00:00","dateModified":"2025-04-20T21:50:15+00:00","breadcrumb":{"@id":"https:\/\/www.darrera.com\/en\/producto\/s-rgb-m002-tipping-bucket-rain-gauge\/#breadcrumb"},"inLanguage":"es","potentialAction":[{"@type":"ReadAction","target":["https:\/\/www.darrera.com\/en\/producto\/s-rgb-m002-tipping-bucket-rain-gauge\/"]}]},{"@type":"ImageObject","inLanguage":"es","@id":"https:\/\/www.darrera.com\/en\/producto\/s-rgb-m002-tipping-bucket-rain-gauge\/#primaryimage","url":"https:\/\/www.darrera.com\/wp-content\/uploads\/2018\/04\/s-rgb-m002-pluviometro-balancin.jpg","contentUrl":"https:\/\/www.darrera.com\/wp-content\/uploads\/2018\/04\/s-rgb-m002-pluviometro-balancin.jpg","width":950,"height":950,"caption":"S-RGB-M002 - Pluvi\u00f3metro de Balanc\u00edn"},{"@type":"BreadcrumbList","@id":"https:\/\/www.darrera.com\/en\/producto\/s-rgb-m002-tipping-bucket-rain-gauge\/#breadcrumb","itemListElement":[{"@type":"ListItem","position":1,"name":"Home","item":"https:\/\/www.darrera.com\/es\/"},{"@type":"ListItem","position":2,"name":"Productos","item":"https:\/\/www.darrera.com\/es\/productos\/"},{"@type":"ListItem","position":3,"name":"Pluvi\u00f3metro de Balanc\u00edn"}]},{"@type":"WebSite","@id":"https:\/\/www.darrera.com\/es\/#website","url":"https:\/\/www.darrera.com\/es\/","name":"Darrera","description":"Instrumentos, soluciones y servicios meteorol\u00f3gicos","publisher":{"@id":"https:\/\/www.darrera.com\/es\/#organization"},"potentialAction":[{"@type":"SearchAction","target":{"@type":"EntryPoint","urlTemplate":"https:\/\/www.darrera.com\/es\/?s={search_term_string}"},"query-input":{"@type":"PropertyValueSpecification","valueRequired":true,"valueName":"search_term_string"}}],"inLanguage":"es"},{"@type":"Organization","@id":"https:\/\/www.darrera.com\/es\/#organization","name":"Darrera","url":"https:\/\/www.darrera.com\/es\/","logo":{"@type":"ImageObject","inLanguage":"es","@id":"https:\/\/www.darrera.com\/es\/#\/schema\/logo\/image\/","url":"https:\/\/www.darrera.com\/wp\/wp-content\/uploads\/logo-darrera.png","contentUrl":"https:\/\/www.darrera.com\/wp\/wp-content\/uploads\/logo-darrera.png","width":500,"height":85,"caption":"Darrera"},"image":{"@id":"https:\/\/www.darrera.com\/es\/#\/schema\/logo\/image\/"},"sameAs":["http:\/\/facebook.com\/darrerameteo","https:\/\/x.com\/darrera_meteo","https:\/\/www.linkedin.com\/company\/darrera-s-a-","http:\/\/youtube.com\/darreratv"]}]}},"_links":{"self":[{"href":"https:\/\/www.darrera.com\/es\/wp-json\/wp\/v2\/product\/1544","targetHints":{"allow":["GET"]}}],"collection":[{"href":"https:\/\/www.darrera.com\/es\/wp-json\/wp\/v2\/product"}],"about":[{"href":"https:\/\/www.darrera.com\/es\/wp-json\/wp\/v2\/types\/product"}],"wp:featuredmedia":[{"embeddable":true,"href":"https:\/\/www.darrera.com\/es\/wp-json\/wp\/v2\/media\/1354"}],"wp:attachment":[{"href":"https:\/\/www.darrera.com\/es\/wp-json\/wp\/v2\/media?parent=1544"}],"wp:term":[{"taxonomy":"product_brand","embeddable":true,"href":"https:\/\/www.darrera.com\/es\/wp-json\/wp\/v2\/product_brand?post=1544"},{"taxonomy":"product_cat","embeddable":true,"href":"https:\/\/www.darrera.com\/es\/wp-json\/wp\/v2\/product_cat?post=1544"},{"taxonomy":"product_tag","embeddable":true,"href":"https:\/\/www.darrera.com\/es\/wp-json\/wp\/v2\/product_tag?post=1544"}],"curies":[{"name":"wp","href":"https:\/\/api.w.org\/{rel}","templated":true}]}}