{"id":1559,"date":"2018-03-27T18:05:28","date_gmt":"2018-03-27T16:05:28","guid":{"rendered":"https:\/\/www.darrera.com\/wp\/product\/ua-003-64-hobo-pendant-event\/"},"modified":"2025-04-20T23:05:17","modified_gmt":"2025-04-20T21:05:17","slug":"ua-003-64-hobo-pendant-event","status":"publish","type":"product","link":"https:\/\/www.darrera.com\/es\/producto\/ua-003-64-hobo-pendant-event\/","title":{"rendered":"HOBO\u00ae Pendant\u00ae Event"},"content":{"rendered":"<h3>Altamente vers\u00e1til<\/h3>\n<p>HOBO\u00ae Pendant\u00ae Event se conecta a cualquier tipo de pluvi\u00f3metro de balanc\u00edn para registrar la cantidad de lluvia ca\u00edda y el inicio y final de la precipitaci\u00f3n. El datalogger incorpora, adem\u00e1s, un sensor de temperatura ambiente.<\/p>\n<p>El software gratuito HOBOware\u00ae, disponible para Windows y Mac, permite descargar y visualizar los datos registrados, adem\u00e1s de configurar todos los par\u00e1metros del instrumento, como la fecha, la hora y la resoluci\u00f3n del pluvi\u00f3metro. La comunicaci\u00f3n con el ordenador se realiza ya sea a trav\u00e9s de las estaciones base USB \u00f3pticas BASE-U-1 o BASE-U-4, o utilizando el shuttle U-DTW-1 (no incluidos).<\/p>\n<h3>Dise\u00f1o compacto y resistente a la intemperie<\/h3>\n<p>El datalogger presenta un dise\u00f1o compacto y est\u00e1 fabricado \u00edntegramente con materiales resistentes a la corrosi\u00f3n para garantizar una alta resistencia a la intemperie. La pila de litio incluida garantiza una larga duraci\u00f3n antes de tener que ser reemplazada.<\/p>\n<h3>Especificaciones t\u00e9cnicas<\/h3>\n<h4>Especificaciones del datalogger<\/h4>\n<ul>\n<li>Capacidad: 16.000 a 30.000 registros<\/li>\n<\/ul>\n<h4>Especificaciones del sensor<\/h4>\n<ul>\n<li>Rango: -20\u00baC a 70\u00baC<\/li>\n<li>Resoluci\u00f3n: 0,1\u00baC<\/li>\n<li>Precisi\u00f3n: \u00b10,5\u00baC<\/li>\n<\/ul>\n<h4>Especificaciones el\u00e9ctricas<\/h4>\n<ul>\n<li>Voltaje de alimentaci\u00f3n: 3 VDC<\/li>\n<li>Tipo de pila: 1 x CR2032 (litio)<\/li>\n<li>Duraci\u00f3n de la pila: 1 a\u00f1o (aprox.)<\/li>\n<li>Se\u00f1al de entrada: pulsos<\/li>\n<li>Se\u00f1al de salida: \u00f3ptica<\/li>\n<\/ul>\n<h4>Especificaciones mec\u00e1nicas<\/h4>\n<ul>\n<li>Temperatura de funcionamiento: -20\u00baC a 70\u00baC<\/li>\n<li>Material: pl\u00e1stico de alta resistencia<\/li>\n<li>Dimensiones: 71 x 33 x 23 mm<\/li>\n<li>Peso: 50 g<\/li>\n<\/ul>\n","protected":false},"excerpt":{"rendered":"<p>Se conecta a cualquier tipo de pluvi\u00f3metro de balanc\u00edn para registrar la cantidad de lluvia ca\u00edda y el inicio y final de la precipitaci\u00f3n. Incorpora, adem\u00e1s, un sensor de temperatura ambiente.<\/p>\n","protected":false},"featured_media":1558,"template":"","meta":[],"product_brand":[],"product_cat":[202],"product_tag":[],"class_list":{"0":"post-1559","1":"product","2":"type-product","3":"status-publish","4":"has-post-thumbnail","6":"product_cat-registradores-precipitacion-onset-computer","8":"first","9":"instock","10":"taxable","11":"shipping-taxable","12":"purchasable","13":"product-type-simple"},"yoast_head":"<!-- This site is optimized with the Yoast SEO plugin v27.6 - https:\/\/yoast.com\/product\/yoast-seo-wordpress\/ -->\n<title>HOBO\u00ae Pendant\u00ae Event | Darrera<\/title>\n<meta name=\"robots\" content=\"index, follow, max-snippet:-1, max-image-preview:large, max-video-preview:-1\" \/>\n<link rel=\"canonical\" href=\"https:\/\/www.darrera.com\/en\/producto\/ua-003-64-hobo-pendant-event\/\" \/>\n<meta property=\"og:locale\" content=\"es_ES\" \/>\n<meta property=\"og:type\" content=\"article\" \/>\n<meta property=\"og:title\" content=\"HOBO\u00ae Pendant\u00ae Event | Darrera\" \/>\n<meta property=\"og:description\" content=\"Se conecta a cualquier tipo de pluvi\u00f3metro de balanc\u00edn para registrar la cantidad de lluvia ca\u00edda y el inicio y final de la precipitaci\u00f3n. Incorpora, adem\u00e1s, un sensor de temperatura ambiente.\" \/>\n<meta property=\"og:url\" content=\"https:\/\/www.darrera.com\/en\/producto\/ua-003-64-hobo-pendant-event\/\" \/>\n<meta property=\"og:site_name\" content=\"Darrera\" \/>\n<meta property=\"article:publisher\" content=\"http:\/\/facebook.com\/darrerameteo\" \/>\n<meta property=\"article:modified_time\" content=\"2025-04-20T21:05:17+00:00\" \/>\n<meta property=\"og:image\" content=\"https:\/\/www.darrera.com\/wp-content\/uploads\/2018\/03\/ua-003-64-hobo-pendant-event.jpg\" \/>\n\t<meta property=\"og:image:width\" content=\"950\" \/>\n\t<meta property=\"og:image:height\" content=\"950\" \/>\n\t<meta property=\"og:image:type\" content=\"image\/jpeg\" \/>\n<meta name=\"twitter:card\" content=\"summary_large_image\" \/>\n<meta name=\"twitter:site\" content=\"@darrera_meteo\" \/>\n<meta name=\"twitter:label1\" content=\"Tiempo de lectura\" \/>\n\t<meta name=\"twitter:data1\" content=\"1 minuto\" \/>\n<script type=\"application\/ld+json\" class=\"yoast-schema-graph\">{\"@context\":\"https:\\\/\\\/schema.org\",\"@graph\":[{\"@type\":\"WebPage\",\"@id\":\"https:\\\/\\\/www.darrera.com\\\/en\\\/producto\\\/ua-003-64-hobo-pendant-event\\\/\",\"url\":\"https:\\\/\\\/www.darrera.com\\\/en\\\/producto\\\/ua-003-64-hobo-pendant-event\\\/\",\"name\":\"HOBO\u00ae Pendant\u00ae Event | Darrera\",\"isPartOf\":{\"@id\":\"https:\\\/\\\/www.darrera.com\\\/es\\\/#website\"},\"primaryImageOfPage\":{\"@id\":\"https:\\\/\\\/www.darrera.com\\\/en\\\/producto\\\/ua-003-64-hobo-pendant-event\\\/#primaryimage\"},\"image\":{\"@id\":\"https:\\\/\\\/www.darrera.com\\\/en\\\/producto\\\/ua-003-64-hobo-pendant-event\\\/#primaryimage\"},\"thumbnailUrl\":\"https:\\\/\\\/www.darrera.com\\\/wp-content\\\/uploads\\\/2018\\\/03\\\/ua-003-64-hobo-pendant-event.jpg\",\"datePublished\":\"2018-03-27T16:05:28+00:00\",\"dateModified\":\"2025-04-20T21:05:17+00:00\",\"breadcrumb\":{\"@id\":\"https:\\\/\\\/www.darrera.com\\\/en\\\/producto\\\/ua-003-64-hobo-pendant-event\\\/#breadcrumb\"},\"inLanguage\":\"es\",\"potentialAction\":[{\"@type\":\"ReadAction\",\"target\":[\"https:\\\/\\\/www.darrera.com\\\/en\\\/producto\\\/ua-003-64-hobo-pendant-event\\\/\"]}]},{\"@type\":\"ImageObject\",\"inLanguage\":\"es\",\"@id\":\"https:\\\/\\\/www.darrera.com\\\/en\\\/producto\\\/ua-003-64-hobo-pendant-event\\\/#primaryimage\",\"url\":\"https:\\\/\\\/www.darrera.com\\\/wp-content\\\/uploads\\\/2018\\\/03\\\/ua-003-64-hobo-pendant-event.jpg\",\"contentUrl\":\"https:\\\/\\\/www.darrera.com\\\/wp-content\\\/uploads\\\/2018\\\/03\\\/ua-003-64-hobo-pendant-event.jpg\",\"width\":950,\"height\":950,\"caption\":\"UA-003-64 - HOBO\u00ae Pendant\u00ae Event\"},{\"@type\":\"BreadcrumbList\",\"@id\":\"https:\\\/\\\/www.darrera.com\\\/en\\\/producto\\\/ua-003-64-hobo-pendant-event\\\/#breadcrumb\",\"itemListElement\":[{\"@type\":\"ListItem\",\"position\":1,\"name\":\"Home\",\"item\":\"https:\\\/\\\/www.darrera.com\\\/es\\\/\"},{\"@type\":\"ListItem\",\"position\":2,\"name\":\"Productos\",\"item\":\"https:\\\/\\\/www.darrera.com\\\/es\\\/productos\\\/\"},{\"@type\":\"ListItem\",\"position\":3,\"name\":\"HOBO\u00ae Pendant\u00ae Event\"}]},{\"@type\":\"WebSite\",\"@id\":\"https:\\\/\\\/www.darrera.com\\\/es\\\/#website\",\"url\":\"https:\\\/\\\/www.darrera.com\\\/es\\\/\",\"name\":\"Darrera\",\"description\":\"Instrumentos, soluciones y servicios meteorol\u00f3gicos\",\"publisher\":{\"@id\":\"https:\\\/\\\/www.darrera.com\\\/es\\\/#organization\"},\"potentialAction\":[{\"@type\":\"SearchAction\",\"target\":{\"@type\":\"EntryPoint\",\"urlTemplate\":\"https:\\\/\\\/www.darrera.com\\\/es\\\/?s={search_term_string}\"},\"query-input\":{\"@type\":\"PropertyValueSpecification\",\"valueRequired\":true,\"valueName\":\"search_term_string\"}}],\"inLanguage\":\"es\"},{\"@type\":\"Organization\",\"@id\":\"https:\\\/\\\/www.darrera.com\\\/es\\\/#organization\",\"name\":\"Darrera\",\"url\":\"https:\\\/\\\/www.darrera.com\\\/es\\\/\",\"logo\":{\"@type\":\"ImageObject\",\"inLanguage\":\"es\",\"@id\":\"https:\\\/\\\/www.darrera.com\\\/es\\\/#\\\/schema\\\/logo\\\/image\\\/\",\"url\":\"https:\\\/\\\/www.darrera.com\\\/wp\\\/wp-content\\\/uploads\\\/logo-darrera.png\",\"contentUrl\":\"https:\\\/\\\/www.darrera.com\\\/wp\\\/wp-content\\\/uploads\\\/logo-darrera.png\",\"width\":500,\"height\":85,\"caption\":\"Darrera\"},\"image\":{\"@id\":\"https:\\\/\\\/www.darrera.com\\\/es\\\/#\\\/schema\\\/logo\\\/image\\\/\"},\"sameAs\":[\"http:\\\/\\\/facebook.com\\\/darrerameteo\",\"https:\\\/\\\/x.com\\\/darrera_meteo\",\"https:\\\/\\\/www.linkedin.com\\\/company\\\/darrera-s-a-\",\"http:\\\/\\\/youtube.com\\\/darreratv\"]}]}<\/script>\n<!-- \/ Yoast SEO plugin. -->","yoast_head_json":{"title":"HOBO\u00ae Pendant\u00ae Event | Darrera","robots":{"index":"index","follow":"follow","max-snippet":"max-snippet:-1","max-image-preview":"max-image-preview:large","max-video-preview":"max-video-preview:-1"},"canonical":"https:\/\/www.darrera.com\/en\/producto\/ua-003-64-hobo-pendant-event\/","og_locale":"es_ES","og_type":"article","og_title":"HOBO\u00ae Pendant\u00ae Event | Darrera","og_description":"Se conecta a cualquier tipo de pluvi\u00f3metro de balanc\u00edn para registrar la cantidad de lluvia ca\u00edda y el inicio y final de la precipitaci\u00f3n. Incorpora, adem\u00e1s, un sensor de temperatura ambiente.","og_url":"https:\/\/www.darrera.com\/en\/producto\/ua-003-64-hobo-pendant-event\/","og_site_name":"Darrera","article_publisher":"http:\/\/facebook.com\/darrerameteo","article_modified_time":"2025-04-20T21:05:17+00:00","og_image":[{"width":950,"height":950,"url":"https:\/\/www.darrera.com\/wp-content\/uploads\/2018\/03\/ua-003-64-hobo-pendant-event.jpg","type":"image\/jpeg"}],"twitter_card":"summary_large_image","twitter_site":"@darrera_meteo","twitter_misc":{"Tiempo de lectura":"1 minuto"},"schema":{"@context":"https:\/\/schema.org","@graph":[{"@type":"WebPage","@id":"https:\/\/www.darrera.com\/en\/producto\/ua-003-64-hobo-pendant-event\/","url":"https:\/\/www.darrera.com\/en\/producto\/ua-003-64-hobo-pendant-event\/","name":"HOBO\u00ae Pendant\u00ae Event | Darrera","isPartOf":{"@id":"https:\/\/www.darrera.com\/es\/#website"},"primaryImageOfPage":{"@id":"https:\/\/www.darrera.com\/en\/producto\/ua-003-64-hobo-pendant-event\/#primaryimage"},"image":{"@id":"https:\/\/www.darrera.com\/en\/producto\/ua-003-64-hobo-pendant-event\/#primaryimage"},"thumbnailUrl":"https:\/\/www.darrera.com\/wp-content\/uploads\/2018\/03\/ua-003-64-hobo-pendant-event.jpg","datePublished":"2018-03-27T16:05:28+00:00","dateModified":"2025-04-20T21:05:17+00:00","breadcrumb":{"@id":"https:\/\/www.darrera.com\/en\/producto\/ua-003-64-hobo-pendant-event\/#breadcrumb"},"inLanguage":"es","potentialAction":[{"@type":"ReadAction","target":["https:\/\/www.darrera.com\/en\/producto\/ua-003-64-hobo-pendant-event\/"]}]},{"@type":"ImageObject","inLanguage":"es","@id":"https:\/\/www.darrera.com\/en\/producto\/ua-003-64-hobo-pendant-event\/#primaryimage","url":"https:\/\/www.darrera.com\/wp-content\/uploads\/2018\/03\/ua-003-64-hobo-pendant-event.jpg","contentUrl":"https:\/\/www.darrera.com\/wp-content\/uploads\/2018\/03\/ua-003-64-hobo-pendant-event.jpg","width":950,"height":950,"caption":"UA-003-64 - HOBO\u00ae Pendant\u00ae Event"},{"@type":"BreadcrumbList","@id":"https:\/\/www.darrera.com\/en\/producto\/ua-003-64-hobo-pendant-event\/#breadcrumb","itemListElement":[{"@type":"ListItem","position":1,"name":"Home","item":"https:\/\/www.darrera.com\/es\/"},{"@type":"ListItem","position":2,"name":"Productos","item":"https:\/\/www.darrera.com\/es\/productos\/"},{"@type":"ListItem","position":3,"name":"HOBO\u00ae Pendant\u00ae Event"}]},{"@type":"WebSite","@id":"https:\/\/www.darrera.com\/es\/#website","url":"https:\/\/www.darrera.com\/es\/","name":"Darrera","description":"Instrumentos, soluciones y servicios meteorol\u00f3gicos","publisher":{"@id":"https:\/\/www.darrera.com\/es\/#organization"},"potentialAction":[{"@type":"SearchAction","target":{"@type":"EntryPoint","urlTemplate":"https:\/\/www.darrera.com\/es\/?s={search_term_string}"},"query-input":{"@type":"PropertyValueSpecification","valueRequired":true,"valueName":"search_term_string"}}],"inLanguage":"es"},{"@type":"Organization","@id":"https:\/\/www.darrera.com\/es\/#organization","name":"Darrera","url":"https:\/\/www.darrera.com\/es\/","logo":{"@type":"ImageObject","inLanguage":"es","@id":"https:\/\/www.darrera.com\/es\/#\/schema\/logo\/image\/","url":"https:\/\/www.darrera.com\/wp\/wp-content\/uploads\/logo-darrera.png","contentUrl":"https:\/\/www.darrera.com\/wp\/wp-content\/uploads\/logo-darrera.png","width":500,"height":85,"caption":"Darrera"},"image":{"@id":"https:\/\/www.darrera.com\/es\/#\/schema\/logo\/image\/"},"sameAs":["http:\/\/facebook.com\/darrerameteo","https:\/\/x.com\/darrera_meteo","https:\/\/www.linkedin.com\/company\/darrera-s-a-","http:\/\/youtube.com\/darreratv"]}]}},"_links":{"self":[{"href":"https:\/\/www.darrera.com\/es\/wp-json\/wp\/v2\/product\/1559","targetHints":{"allow":["GET"]}}],"collection":[{"href":"https:\/\/www.darrera.com\/es\/wp-json\/wp\/v2\/product"}],"about":[{"href":"https:\/\/www.darrera.com\/es\/wp-json\/wp\/v2\/types\/product"}],"wp:featuredmedia":[{"embeddable":true,"href":"https:\/\/www.darrera.com\/es\/wp-json\/wp\/v2\/media\/1558"}],"wp:attachment":[{"href":"https:\/\/www.darrera.com\/es\/wp-json\/wp\/v2\/media?parent=1559"}],"wp:term":[{"taxonomy":"product_brand","embeddable":true,"href":"https:\/\/www.darrera.com\/es\/wp-json\/wp\/v2\/product_brand?post=1559"},{"taxonomy":"product_cat","embeddable":true,"href":"https:\/\/www.darrera.com\/es\/wp-json\/wp\/v2\/product_cat?post=1559"},{"taxonomy":"product_tag","embeddable":true,"href":"https:\/\/www.darrera.com\/es\/wp-json\/wp\/v2\/product_tag?post=1559"}],"curies":[{"name":"wp","href":"https:\/\/api.w.org\/{rel}","templated":true}]}}