{"id":1601,"date":"2018-04-09T11:18:06","date_gmt":"2018-04-09T09:18:06","guid":{"rendered":"https:\/\/www.darrera.com\/wp\/product\/6345cs-estacion-inalambrica-agricultura-completa\/"},"modified":"2024-02-15T17:46:05","modified_gmt":"2024-02-15T16:46:05","slug":"6345cs-estacion-inalambrica-agricultura-completa","status":"publish","type":"product","link":"https:\/\/www.darrera.com\/es\/producto\/6345cs-estacion-inalambrica-agricultura-completa\/","title":{"rendered":"Estaci\u00f3n Inal\u00e1mbrica de Agricultura Completa"},"content":{"rendered":"<h3>Mediciones precisas para agricultura<\/h3>\n<p>La estaci\u00f3n inal\u00e1mbrica de agricultura est\u00e1 especialmente indicada para medir con precisi\u00f3n la humedad del follaje y la temperatura y humedad del terreno en campos de cultivo y de golf, granjas, jardines, etc.<\/p>\n<p>Los datos registrados pueden visualizarse en tiempo real en una consola de Vantage Pro2&#x2122; inal\u00e1mbrica. Tambi\u00e9n pueden ser almacenados y descargados a un ordenador a\u00f1adiendo un datalogger WeatherLink\u00ae a la consola o Weather Envoy&#x2122; inal\u00e1mbrico.<\/p>\n<p>La circuiter\u00eda est\u00e1 protegida por una caja estanca resistente a la intemperie y se alimenta mediante un panel solar y una pila de respaldo para una total autonom\u00eda. Incluye la torniller\u00eda de montaje para su fijaci\u00f3n.<\/p>\n<h3>Equipo completo con sensores incluidos<\/h3>\n<p>La estaci\u00f3n incluye 4 sondas de humedad del suelo y 4 sondas de temperatura multiprop\u00f3sito, y permite agregar hasta 2 sensores de humectaci\u00f3n de hoja seg\u00fan las necesidades.<\/p>\n","protected":false},"excerpt":{"rendered":"<p>Mide con precisi\u00f3n la humedad del follaje y la temperatura y humedad del terreno en campos de cultivo y de golf, granjas, jardines, etc. Incluye 4 sondas de humedad del suelo y 4 sondas de temperatura multiprop\u00f3sito.<\/p>\n","protected":false},"featured_media":1600,"template":"","meta":[],"product_brand":[],"product_cat":[176],"product_tag":[],"class_list":{"0":"post-1601","1":"product","2":"type-product","3":"status-publish","4":"has-post-thumbnail","6":"product_cat-transmisores-davis-instruments","8":"first","9":"instock","10":"taxable","11":"shipping-taxable","12":"purchasable","13":"product-type-simple"},"yoast_head":"<!-- This site is optimized with the Yoast SEO plugin v27.4 - https:\/\/yoast.com\/product\/yoast-seo-wordpress\/ -->\n<title>Estaci\u00f3n Inal\u00e1mbrica de Agricultura Completa | Darrera<\/title>\n<meta name=\"robots\" content=\"index, follow, max-snippet:-1, max-image-preview:large, max-video-preview:-1\" \/>\n<link rel=\"canonical\" href=\"https:\/\/www.darrera.com\/en\/producto\/6345cs-complete-wireless-agricultural-station\/\" \/>\n<meta property=\"og:locale\" content=\"es_ES\" \/>\n<meta property=\"og:type\" content=\"article\" \/>\n<meta property=\"og:title\" content=\"Estaci\u00f3n Inal\u00e1mbrica de Agricultura Completa | Darrera\" \/>\n<meta property=\"og:description\" content=\"Mide con precisi\u00f3n la humedad del follaje y la temperatura y humedad del terreno en campos de cultivo y de golf, granjas, jardines, etc. Incluye 4 sondas de humedad del suelo y 4 sondas de temperatura multiprop\u00f3sito.\" \/>\n<meta property=\"og:url\" content=\"https:\/\/www.darrera.com\/en\/producto\/6345cs-complete-wireless-agricultural-station\/\" \/>\n<meta property=\"og:site_name\" content=\"Darrera\" \/>\n<meta property=\"article:publisher\" content=\"http:\/\/facebook.com\/darrerameteo\" \/>\n<meta property=\"article:modified_time\" content=\"2024-02-15T16:46:05+00:00\" \/>\n<meta property=\"og:image\" content=\"https:\/\/www.darrera.com\/wp-content\/uploads\/2018\/04\/6345cs-estacion-inalambrica-agricultura-completa.jpg\" \/>\n\t<meta property=\"og:image:width\" content=\"950\" \/>\n\t<meta property=\"og:image:height\" content=\"950\" \/>\n\t<meta property=\"og:image:type\" content=\"image\/jpeg\" \/>\n<meta name=\"twitter:card\" content=\"summary_large_image\" \/>\n<meta name=\"twitter:site\" content=\"@darrera_meteo\" \/>\n<meta name=\"twitter:label1\" content=\"Tiempo de lectura\" \/>\n\t<meta name=\"twitter:data1\" content=\"1 minuto\" \/>\n<script type=\"application\/ld+json\" class=\"yoast-schema-graph\">{\"@context\":\"https:\\\/\\\/schema.org\",\"@graph\":[{\"@type\":\"WebPage\",\"@id\":\"https:\\\/\\\/www.darrera.com\\\/en\\\/producto\\\/6345cs-complete-wireless-agricultural-station\\\/\",\"url\":\"https:\\\/\\\/www.darrera.com\\\/en\\\/producto\\\/6345cs-complete-wireless-agricultural-station\\\/\",\"name\":\"Estaci\u00f3n Inal\u00e1mbrica de Agricultura Completa | Darrera\",\"isPartOf\":{\"@id\":\"https:\\\/\\\/www.darrera.com\\\/es\\\/#website\"},\"primaryImageOfPage\":{\"@id\":\"https:\\\/\\\/www.darrera.com\\\/en\\\/producto\\\/6345cs-complete-wireless-agricultural-station\\\/#primaryimage\"},\"image\":{\"@id\":\"https:\\\/\\\/www.darrera.com\\\/en\\\/producto\\\/6345cs-complete-wireless-agricultural-station\\\/#primaryimage\"},\"thumbnailUrl\":\"https:\\\/\\\/www.darrera.com\\\/wp-content\\\/uploads\\\/2018\\\/04\\\/6345cs-estacion-inalambrica-agricultura-completa.jpg\",\"datePublished\":\"2018-04-09T09:18:06+00:00\",\"dateModified\":\"2024-02-15T16:46:05+00:00\",\"breadcrumb\":{\"@id\":\"https:\\\/\\\/www.darrera.com\\\/en\\\/producto\\\/6345cs-complete-wireless-agricultural-station\\\/#breadcrumb\"},\"inLanguage\":\"es\",\"potentialAction\":[{\"@type\":\"ReadAction\",\"target\":[\"https:\\\/\\\/www.darrera.com\\\/en\\\/producto\\\/6345cs-complete-wireless-agricultural-station\\\/\"]}]},{\"@type\":\"ImageObject\",\"inLanguage\":\"es\",\"@id\":\"https:\\\/\\\/www.darrera.com\\\/en\\\/producto\\\/6345cs-complete-wireless-agricultural-station\\\/#primaryimage\",\"url\":\"https:\\\/\\\/www.darrera.com\\\/wp-content\\\/uploads\\\/2018\\\/04\\\/6345cs-estacion-inalambrica-agricultura-completa.jpg\",\"contentUrl\":\"https:\\\/\\\/www.darrera.com\\\/wp-content\\\/uploads\\\/2018\\\/04\\\/6345cs-estacion-inalambrica-agricultura-completa.jpg\",\"width\":950,\"height\":950,\"caption\":\"6345CS - Estaci\u00f3n Inal\u00e1mbrica de Agricultura Completa\"},{\"@type\":\"BreadcrumbList\",\"@id\":\"https:\\\/\\\/www.darrera.com\\\/en\\\/producto\\\/6345cs-complete-wireless-agricultural-station\\\/#breadcrumb\",\"itemListElement\":[{\"@type\":\"ListItem\",\"position\":1,\"name\":\"Home\",\"item\":\"https:\\\/\\\/www.darrera.com\\\/es\\\/\"},{\"@type\":\"ListItem\",\"position\":2,\"name\":\"Productos\",\"item\":\"https:\\\/\\\/www.darrera.com\\\/es\\\/productos\\\/\"},{\"@type\":\"ListItem\",\"position\":3,\"name\":\"Estaci\u00f3n Inal\u00e1mbrica de Agricultura Completa\"}]},{\"@type\":\"WebSite\",\"@id\":\"https:\\\/\\\/www.darrera.com\\\/es\\\/#website\",\"url\":\"https:\\\/\\\/www.darrera.com\\\/es\\\/\",\"name\":\"Darrera\",\"description\":\"Instrumentos, soluciones y servicios meteorol\u00f3gicos\",\"publisher\":{\"@id\":\"https:\\\/\\\/www.darrera.com\\\/es\\\/#organization\"},\"potentialAction\":[{\"@type\":\"SearchAction\",\"target\":{\"@type\":\"EntryPoint\",\"urlTemplate\":\"https:\\\/\\\/www.darrera.com\\\/es\\\/?s={search_term_string}\"},\"query-input\":{\"@type\":\"PropertyValueSpecification\",\"valueRequired\":true,\"valueName\":\"search_term_string\"}}],\"inLanguage\":\"es\"},{\"@type\":\"Organization\",\"@id\":\"https:\\\/\\\/www.darrera.com\\\/es\\\/#organization\",\"name\":\"Darrera\",\"url\":\"https:\\\/\\\/www.darrera.com\\\/es\\\/\",\"logo\":{\"@type\":\"ImageObject\",\"inLanguage\":\"es\",\"@id\":\"https:\\\/\\\/www.darrera.com\\\/es\\\/#\\\/schema\\\/logo\\\/image\\\/\",\"url\":\"https:\\\/\\\/www.darrera.com\\\/wp\\\/wp-content\\\/uploads\\\/logo-darrera.png\",\"contentUrl\":\"https:\\\/\\\/www.darrera.com\\\/wp\\\/wp-content\\\/uploads\\\/logo-darrera.png\",\"width\":500,\"height\":85,\"caption\":\"Darrera\"},\"image\":{\"@id\":\"https:\\\/\\\/www.darrera.com\\\/es\\\/#\\\/schema\\\/logo\\\/image\\\/\"},\"sameAs\":[\"http:\\\/\\\/facebook.com\\\/darrerameteo\",\"https:\\\/\\\/x.com\\\/darrera_meteo\",\"https:\\\/\\\/www.linkedin.com\\\/company\\\/darrera-s-a-\",\"http:\\\/\\\/youtube.com\\\/darreratv\"]}]}<\/script>\n<!-- \/ Yoast SEO plugin. -->","yoast_head_json":{"title":"Estaci\u00f3n Inal\u00e1mbrica de Agricultura Completa | Darrera","robots":{"index":"index","follow":"follow","max-snippet":"max-snippet:-1","max-image-preview":"max-image-preview:large","max-video-preview":"max-video-preview:-1"},"canonical":"https:\/\/www.darrera.com\/en\/producto\/6345cs-complete-wireless-agricultural-station\/","og_locale":"es_ES","og_type":"article","og_title":"Estaci\u00f3n Inal\u00e1mbrica de Agricultura Completa | Darrera","og_description":"Mide con precisi\u00f3n la humedad del follaje y la temperatura y humedad del terreno en campos de cultivo y de golf, granjas, jardines, etc. Incluye 4 sondas de humedad del suelo y 4 sondas de temperatura multiprop\u00f3sito.","og_url":"https:\/\/www.darrera.com\/en\/producto\/6345cs-complete-wireless-agricultural-station\/","og_site_name":"Darrera","article_publisher":"http:\/\/facebook.com\/darrerameteo","article_modified_time":"2024-02-15T16:46:05+00:00","og_image":[{"width":950,"height":950,"url":"https:\/\/www.darrera.com\/wp-content\/uploads\/2018\/04\/6345cs-estacion-inalambrica-agricultura-completa.jpg","type":"image\/jpeg"}],"twitter_card":"summary_large_image","twitter_site":"@darrera_meteo","twitter_misc":{"Tiempo de lectura":"1 minuto"},"schema":{"@context":"https:\/\/schema.org","@graph":[{"@type":"WebPage","@id":"https:\/\/www.darrera.com\/en\/producto\/6345cs-complete-wireless-agricultural-station\/","url":"https:\/\/www.darrera.com\/en\/producto\/6345cs-complete-wireless-agricultural-station\/","name":"Estaci\u00f3n Inal\u00e1mbrica de Agricultura Completa | Darrera","isPartOf":{"@id":"https:\/\/www.darrera.com\/es\/#website"},"primaryImageOfPage":{"@id":"https:\/\/www.darrera.com\/en\/producto\/6345cs-complete-wireless-agricultural-station\/#primaryimage"},"image":{"@id":"https:\/\/www.darrera.com\/en\/producto\/6345cs-complete-wireless-agricultural-station\/#primaryimage"},"thumbnailUrl":"https:\/\/www.darrera.com\/wp-content\/uploads\/2018\/04\/6345cs-estacion-inalambrica-agricultura-completa.jpg","datePublished":"2018-04-09T09:18:06+00:00","dateModified":"2024-02-15T16:46:05+00:00","breadcrumb":{"@id":"https:\/\/www.darrera.com\/en\/producto\/6345cs-complete-wireless-agricultural-station\/#breadcrumb"},"inLanguage":"es","potentialAction":[{"@type":"ReadAction","target":["https:\/\/www.darrera.com\/en\/producto\/6345cs-complete-wireless-agricultural-station\/"]}]},{"@type":"ImageObject","inLanguage":"es","@id":"https:\/\/www.darrera.com\/en\/producto\/6345cs-complete-wireless-agricultural-station\/#primaryimage","url":"https:\/\/www.darrera.com\/wp-content\/uploads\/2018\/04\/6345cs-estacion-inalambrica-agricultura-completa.jpg","contentUrl":"https:\/\/www.darrera.com\/wp-content\/uploads\/2018\/04\/6345cs-estacion-inalambrica-agricultura-completa.jpg","width":950,"height":950,"caption":"6345CS - Estaci\u00f3n Inal\u00e1mbrica de Agricultura Completa"},{"@type":"BreadcrumbList","@id":"https:\/\/www.darrera.com\/en\/producto\/6345cs-complete-wireless-agricultural-station\/#breadcrumb","itemListElement":[{"@type":"ListItem","position":1,"name":"Home","item":"https:\/\/www.darrera.com\/es\/"},{"@type":"ListItem","position":2,"name":"Productos","item":"https:\/\/www.darrera.com\/es\/productos\/"},{"@type":"ListItem","position":3,"name":"Estaci\u00f3n Inal\u00e1mbrica de Agricultura Completa"}]},{"@type":"WebSite","@id":"https:\/\/www.darrera.com\/es\/#website","url":"https:\/\/www.darrera.com\/es\/","name":"Darrera","description":"Instrumentos, soluciones y servicios meteorol\u00f3gicos","publisher":{"@id":"https:\/\/www.darrera.com\/es\/#organization"},"potentialAction":[{"@type":"SearchAction","target":{"@type":"EntryPoint","urlTemplate":"https:\/\/www.darrera.com\/es\/?s={search_term_string}"},"query-input":{"@type":"PropertyValueSpecification","valueRequired":true,"valueName":"search_term_string"}}],"inLanguage":"es"},{"@type":"Organization","@id":"https:\/\/www.darrera.com\/es\/#organization","name":"Darrera","url":"https:\/\/www.darrera.com\/es\/","logo":{"@type":"ImageObject","inLanguage":"es","@id":"https:\/\/www.darrera.com\/es\/#\/schema\/logo\/image\/","url":"https:\/\/www.darrera.com\/wp\/wp-content\/uploads\/logo-darrera.png","contentUrl":"https:\/\/www.darrera.com\/wp\/wp-content\/uploads\/logo-darrera.png","width":500,"height":85,"caption":"Darrera"},"image":{"@id":"https:\/\/www.darrera.com\/es\/#\/schema\/logo\/image\/"},"sameAs":["http:\/\/facebook.com\/darrerameteo","https:\/\/x.com\/darrera_meteo","https:\/\/www.linkedin.com\/company\/darrera-s-a-","http:\/\/youtube.com\/darreratv"]}]}},"_links":{"self":[{"href":"https:\/\/www.darrera.com\/es\/wp-json\/wp\/v2\/product\/1601","targetHints":{"allow":["GET"]}}],"collection":[{"href":"https:\/\/www.darrera.com\/es\/wp-json\/wp\/v2\/product"}],"about":[{"href":"https:\/\/www.darrera.com\/es\/wp-json\/wp\/v2\/types\/product"}],"wp:featuredmedia":[{"embeddable":true,"href":"https:\/\/www.darrera.com\/es\/wp-json\/wp\/v2\/media\/1600"}],"wp:attachment":[{"href":"https:\/\/www.darrera.com\/es\/wp-json\/wp\/v2\/media?parent=1601"}],"wp:term":[{"taxonomy":"product_brand","embeddable":true,"href":"https:\/\/www.darrera.com\/es\/wp-json\/wp\/v2\/product_brand?post=1601"},{"taxonomy":"product_cat","embeddable":true,"href":"https:\/\/www.darrera.com\/es\/wp-json\/wp\/v2\/product_cat?post=1601"},{"taxonomy":"product_tag","embeddable":true,"href":"https:\/\/www.darrera.com\/es\/wp-json\/wp\/v2\/product_tag?post=1601"}],"curies":[{"name":"wp","href":"https:\/\/api.w.org\/{rel}","templated":true}]}}