{"id":1678,"date":"2018-04-03T15:47:23","date_gmt":"2018-04-03T13:47:23","guid":{"rendered":"https:\/\/www.darrera.com\/wp\/product\/hd2013-db-datalogger-pluviometro\/"},"modified":"2018-06-04T19:40:51","modified_gmt":"2018-06-04T17:40:51","slug":"hd2013-db-datalogger-pluviometro","status":"publish","type":"product","link":"https:\/\/www.darrera.com\/es\/producto\/hd2013-db-datalogger-pluviometro\/","title":{"rendered":"Datalogger para Pluvi\u00f3metro"},"content":{"rendered":"<h3>Altamente vers\u00e1til<\/h3>\n<p>El datalogger se conecta a cualquier tipo de pluvi\u00f3metro de balanc\u00edn para registrar la cantidad de lluvia ca\u00edda. La pantalla LCD muestra la lluvia total y parcial en tiempo real. Incluye un software que permite descargar y visualizar los datos registrados, adem\u00e1s de configurar todos los par\u00e1metros del instrumento, como la fecha, la hora y la resoluci\u00f3n del pluvi\u00f3metro. La comunicaci\u00f3n se realiza a trav\u00e9s del puerto serie RS-232 incluido.<\/p>\n<p>Para garantizar una total estanqueidad se utiliza un im\u00e1n en lugar de botones a la hora de acceder a las opciones de visualizaci\u00f3n y configuraci\u00f3n. La pila de litio incluida garantiza una larga duraci\u00f3n antes de tener que ser reemplazada.<\/p>\n<h3>Especificaciones t\u00e9cnicas<\/h3>\n<h4>Especificaciones del datalogger<\/h4>\n<ul>\n<li>Rango: 0 a 1.000 mm<\/li>\n<li>Resoluci\u00f3n: 0,1 mm<\/li>\n<li>Capacidad: 32.255 registros<\/li>\n<\/ul>\n<h4>Especificaciones el\u00e9ctricas<\/h4>\n<ul>\n<li>Voltaje de alimentaci\u00f3n: 3,6 VDC<\/li>\n<li>Tipo de pila: 1 x C (litio)<\/li>\n<li>Duraci\u00f3n de la pila: 5 a\u00f1os (aprox.)<\/li>\n<li>Se\u00f1al de entrada: pulsos<\/li>\n<li>Se\u00f1al de salida: RS-232<\/li>\n<\/ul>\n<h4>Especificaciones mec\u00e1nicas<\/h4>\n<ul>\n<li>Temperatura de funcionamiento: -30\u00baC a 60\u00baC<\/li>\n<li>Material: pl\u00e1stico ABS resistente a los rayos UV<\/li>\n<li>Dimensiones: 80 x 120 x 55 mm<\/li>\n<li>Peso: 540 g<\/li>\n<\/ul>\n","protected":false},"excerpt":{"rendered":"<p>Se conecta a cualquier tipo de pluvi\u00f3metro de balanc\u00edn para registrar la cantidad de lluvia ca\u00edda. La pantalla LCD muestra la lluvia total y parcial en tiempo real.<\/p>\n","protected":false},"featured_media":1686,"template":"","meta":[],"product_brand":[],"product_cat":[192],"product_tag":[],"class_list":{"0":"post-1678","1":"product","2":"type-product","3":"status-publish","4":"has-post-thumbnail","6":"product_cat-sensores-precipitacion","8":"first","9":"instock","10":"taxable","11":"shipping-taxable","12":"product-type-simple"},"yoast_head":"<!-- This site is optimized with the Yoast SEO plugin v27.6 - https:\/\/yoast.com\/product\/yoast-seo-wordpress\/ -->\n<title>Datalogger para Pluvi\u00f3metro | Darrera<\/title>\n<meta name=\"robots\" content=\"index, follow, max-snippet:-1, max-image-preview:large, max-video-preview:-1\" \/>\n<link rel=\"canonical\" href=\"https:\/\/www.darrera.com\/en\/producto\/hd2013-db-rain-gauge-datalogger\/\" \/>\n<meta property=\"og:locale\" content=\"es_ES\" \/>\n<meta property=\"og:type\" content=\"article\" \/>\n<meta property=\"og:title\" content=\"Datalogger para Pluvi\u00f3metro | Darrera\" \/>\n<meta property=\"og:description\" content=\"Se conecta a cualquier tipo de pluvi\u00f3metro de balanc\u00edn para registrar la cantidad de lluvia ca\u00edda. La pantalla LCD muestra la lluvia total y parcial en tiempo real.\" \/>\n<meta property=\"og:url\" content=\"https:\/\/www.darrera.com\/en\/producto\/hd2013-db-rain-gauge-datalogger\/\" \/>\n<meta property=\"og:site_name\" content=\"Darrera\" \/>\n<meta property=\"article:publisher\" content=\"http:\/\/facebook.com\/darrerameteo\" \/>\n<meta property=\"article:modified_time\" content=\"2018-06-04T17:40:51+00:00\" \/>\n<meta property=\"og:image\" content=\"https:\/\/www.darrera.com\/wp-content\/uploads\/2018\/04\/hd2013-db-datalogger-pluviometro.jpg\" \/>\n\t<meta property=\"og:image:width\" content=\"950\" \/>\n\t<meta property=\"og:image:height\" content=\"950\" \/>\n\t<meta property=\"og:image:type\" content=\"image\/jpeg\" \/>\n<meta name=\"twitter:card\" content=\"summary_large_image\" \/>\n<meta name=\"twitter:site\" content=\"@darrera_meteo\" \/>\n<meta name=\"twitter:label1\" content=\"Tiempo de lectura\" \/>\n\t<meta name=\"twitter:data1\" content=\"1 minuto\" \/>\n<script type=\"application\/ld+json\" class=\"yoast-schema-graph\">{\"@context\":\"https:\\\/\\\/schema.org\",\"@graph\":[{\"@type\":\"WebPage\",\"@id\":\"https:\\\/\\\/www.darrera.com\\\/en\\\/producto\\\/hd2013-db-rain-gauge-datalogger\\\/\",\"url\":\"https:\\\/\\\/www.darrera.com\\\/en\\\/producto\\\/hd2013-db-rain-gauge-datalogger\\\/\",\"name\":\"Datalogger para Pluvi\u00f3metro | Darrera\",\"isPartOf\":{\"@id\":\"https:\\\/\\\/www.darrera.com\\\/es\\\/#website\"},\"primaryImageOfPage\":{\"@id\":\"https:\\\/\\\/www.darrera.com\\\/en\\\/producto\\\/hd2013-db-rain-gauge-datalogger\\\/#primaryimage\"},\"image\":{\"@id\":\"https:\\\/\\\/www.darrera.com\\\/en\\\/producto\\\/hd2013-db-rain-gauge-datalogger\\\/#primaryimage\"},\"thumbnailUrl\":\"https:\\\/\\\/www.darrera.com\\\/wp-content\\\/uploads\\\/2018\\\/04\\\/hd2013-db-datalogger-pluviometro.jpg\",\"datePublished\":\"2018-04-03T13:47:23+00:00\",\"dateModified\":\"2018-06-04T17:40:51+00:00\",\"breadcrumb\":{\"@id\":\"https:\\\/\\\/www.darrera.com\\\/en\\\/producto\\\/hd2013-db-rain-gauge-datalogger\\\/#breadcrumb\"},\"inLanguage\":\"es\",\"potentialAction\":[{\"@type\":\"ReadAction\",\"target\":[\"https:\\\/\\\/www.darrera.com\\\/en\\\/producto\\\/hd2013-db-rain-gauge-datalogger\\\/\"]}]},{\"@type\":\"ImageObject\",\"inLanguage\":\"es\",\"@id\":\"https:\\\/\\\/www.darrera.com\\\/en\\\/producto\\\/hd2013-db-rain-gauge-datalogger\\\/#primaryimage\",\"url\":\"https:\\\/\\\/www.darrera.com\\\/wp-content\\\/uploads\\\/2018\\\/04\\\/hd2013-db-datalogger-pluviometro.jpg\",\"contentUrl\":\"https:\\\/\\\/www.darrera.com\\\/wp-content\\\/uploads\\\/2018\\\/04\\\/hd2013-db-datalogger-pluviometro.jpg\",\"width\":950,\"height\":950,\"caption\":\"HD2013-DB - Datalogger para Pluvi\u00f3metro\"},{\"@type\":\"BreadcrumbList\",\"@id\":\"https:\\\/\\\/www.darrera.com\\\/en\\\/producto\\\/hd2013-db-rain-gauge-datalogger\\\/#breadcrumb\",\"itemListElement\":[{\"@type\":\"ListItem\",\"position\":1,\"name\":\"Home\",\"item\":\"https:\\\/\\\/www.darrera.com\\\/es\\\/\"},{\"@type\":\"ListItem\",\"position\":2,\"name\":\"Productos\",\"item\":\"https:\\\/\\\/www.darrera.com\\\/es\\\/productos\\\/\"},{\"@type\":\"ListItem\",\"position\":3,\"name\":\"Datalogger para Pluvi\u00f3metro\"}]},{\"@type\":\"WebSite\",\"@id\":\"https:\\\/\\\/www.darrera.com\\\/es\\\/#website\",\"url\":\"https:\\\/\\\/www.darrera.com\\\/es\\\/\",\"name\":\"Darrera\",\"description\":\"Instrumentos, soluciones y servicios meteorol\u00f3gicos\",\"publisher\":{\"@id\":\"https:\\\/\\\/www.darrera.com\\\/es\\\/#organization\"},\"potentialAction\":[{\"@type\":\"SearchAction\",\"target\":{\"@type\":\"EntryPoint\",\"urlTemplate\":\"https:\\\/\\\/www.darrera.com\\\/es\\\/?s={search_term_string}\"},\"query-input\":{\"@type\":\"PropertyValueSpecification\",\"valueRequired\":true,\"valueName\":\"search_term_string\"}}],\"inLanguage\":\"es\"},{\"@type\":\"Organization\",\"@id\":\"https:\\\/\\\/www.darrera.com\\\/es\\\/#organization\",\"name\":\"Darrera\",\"url\":\"https:\\\/\\\/www.darrera.com\\\/es\\\/\",\"logo\":{\"@type\":\"ImageObject\",\"inLanguage\":\"es\",\"@id\":\"https:\\\/\\\/www.darrera.com\\\/es\\\/#\\\/schema\\\/logo\\\/image\\\/\",\"url\":\"https:\\\/\\\/www.darrera.com\\\/wp\\\/wp-content\\\/uploads\\\/logo-darrera.png\",\"contentUrl\":\"https:\\\/\\\/www.darrera.com\\\/wp\\\/wp-content\\\/uploads\\\/logo-darrera.png\",\"width\":500,\"height\":85,\"caption\":\"Darrera\"},\"image\":{\"@id\":\"https:\\\/\\\/www.darrera.com\\\/es\\\/#\\\/schema\\\/logo\\\/image\\\/\"},\"sameAs\":[\"http:\\\/\\\/facebook.com\\\/darrerameteo\",\"https:\\\/\\\/x.com\\\/darrera_meteo\",\"https:\\\/\\\/www.linkedin.com\\\/company\\\/darrera-s-a-\",\"http:\\\/\\\/youtube.com\\\/darreratv\"]}]}<\/script>\n<!-- \/ Yoast SEO plugin. -->","yoast_head_json":{"title":"Datalogger para Pluvi\u00f3metro | Darrera","robots":{"index":"index","follow":"follow","max-snippet":"max-snippet:-1","max-image-preview":"max-image-preview:large","max-video-preview":"max-video-preview:-1"},"canonical":"https:\/\/www.darrera.com\/en\/producto\/hd2013-db-rain-gauge-datalogger\/","og_locale":"es_ES","og_type":"article","og_title":"Datalogger para Pluvi\u00f3metro | Darrera","og_description":"Se conecta a cualquier tipo de pluvi\u00f3metro de balanc\u00edn para registrar la cantidad de lluvia ca\u00edda. La pantalla LCD muestra la lluvia total y parcial en tiempo real.","og_url":"https:\/\/www.darrera.com\/en\/producto\/hd2013-db-rain-gauge-datalogger\/","og_site_name":"Darrera","article_publisher":"http:\/\/facebook.com\/darrerameteo","article_modified_time":"2018-06-04T17:40:51+00:00","og_image":[{"width":950,"height":950,"url":"https:\/\/www.darrera.com\/wp-content\/uploads\/2018\/04\/hd2013-db-datalogger-pluviometro.jpg","type":"image\/jpeg"}],"twitter_card":"summary_large_image","twitter_site":"@darrera_meteo","twitter_misc":{"Tiempo de lectura":"1 minuto"},"schema":{"@context":"https:\/\/schema.org","@graph":[{"@type":"WebPage","@id":"https:\/\/www.darrera.com\/en\/producto\/hd2013-db-rain-gauge-datalogger\/","url":"https:\/\/www.darrera.com\/en\/producto\/hd2013-db-rain-gauge-datalogger\/","name":"Datalogger para Pluvi\u00f3metro | Darrera","isPartOf":{"@id":"https:\/\/www.darrera.com\/es\/#website"},"primaryImageOfPage":{"@id":"https:\/\/www.darrera.com\/en\/producto\/hd2013-db-rain-gauge-datalogger\/#primaryimage"},"image":{"@id":"https:\/\/www.darrera.com\/en\/producto\/hd2013-db-rain-gauge-datalogger\/#primaryimage"},"thumbnailUrl":"https:\/\/www.darrera.com\/wp-content\/uploads\/2018\/04\/hd2013-db-datalogger-pluviometro.jpg","datePublished":"2018-04-03T13:47:23+00:00","dateModified":"2018-06-04T17:40:51+00:00","breadcrumb":{"@id":"https:\/\/www.darrera.com\/en\/producto\/hd2013-db-rain-gauge-datalogger\/#breadcrumb"},"inLanguage":"es","potentialAction":[{"@type":"ReadAction","target":["https:\/\/www.darrera.com\/en\/producto\/hd2013-db-rain-gauge-datalogger\/"]}]},{"@type":"ImageObject","inLanguage":"es","@id":"https:\/\/www.darrera.com\/en\/producto\/hd2013-db-rain-gauge-datalogger\/#primaryimage","url":"https:\/\/www.darrera.com\/wp-content\/uploads\/2018\/04\/hd2013-db-datalogger-pluviometro.jpg","contentUrl":"https:\/\/www.darrera.com\/wp-content\/uploads\/2018\/04\/hd2013-db-datalogger-pluviometro.jpg","width":950,"height":950,"caption":"HD2013-DB - Datalogger para Pluvi\u00f3metro"},{"@type":"BreadcrumbList","@id":"https:\/\/www.darrera.com\/en\/producto\/hd2013-db-rain-gauge-datalogger\/#breadcrumb","itemListElement":[{"@type":"ListItem","position":1,"name":"Home","item":"https:\/\/www.darrera.com\/es\/"},{"@type":"ListItem","position":2,"name":"Productos","item":"https:\/\/www.darrera.com\/es\/productos\/"},{"@type":"ListItem","position":3,"name":"Datalogger para Pluvi\u00f3metro"}]},{"@type":"WebSite","@id":"https:\/\/www.darrera.com\/es\/#website","url":"https:\/\/www.darrera.com\/es\/","name":"Darrera","description":"Instrumentos, soluciones y servicios meteorol\u00f3gicos","publisher":{"@id":"https:\/\/www.darrera.com\/es\/#organization"},"potentialAction":[{"@type":"SearchAction","target":{"@type":"EntryPoint","urlTemplate":"https:\/\/www.darrera.com\/es\/?s={search_term_string}"},"query-input":{"@type":"PropertyValueSpecification","valueRequired":true,"valueName":"search_term_string"}}],"inLanguage":"es"},{"@type":"Organization","@id":"https:\/\/www.darrera.com\/es\/#organization","name":"Darrera","url":"https:\/\/www.darrera.com\/es\/","logo":{"@type":"ImageObject","inLanguage":"es","@id":"https:\/\/www.darrera.com\/es\/#\/schema\/logo\/image\/","url":"https:\/\/www.darrera.com\/wp\/wp-content\/uploads\/logo-darrera.png","contentUrl":"https:\/\/www.darrera.com\/wp\/wp-content\/uploads\/logo-darrera.png","width":500,"height":85,"caption":"Darrera"},"image":{"@id":"https:\/\/www.darrera.com\/es\/#\/schema\/logo\/image\/"},"sameAs":["http:\/\/facebook.com\/darrerameteo","https:\/\/x.com\/darrera_meteo","https:\/\/www.linkedin.com\/company\/darrera-s-a-","http:\/\/youtube.com\/darreratv"]}]}},"_links":{"self":[{"href":"https:\/\/www.darrera.com\/es\/wp-json\/wp\/v2\/product\/1678","targetHints":{"allow":["GET"]}}],"collection":[{"href":"https:\/\/www.darrera.com\/es\/wp-json\/wp\/v2\/product"}],"about":[{"href":"https:\/\/www.darrera.com\/es\/wp-json\/wp\/v2\/types\/product"}],"wp:featuredmedia":[{"embeddable":true,"href":"https:\/\/www.darrera.com\/es\/wp-json\/wp\/v2\/media\/1686"}],"wp:attachment":[{"href":"https:\/\/www.darrera.com\/es\/wp-json\/wp\/v2\/media?parent=1678"}],"wp:term":[{"taxonomy":"product_brand","embeddable":true,"href":"https:\/\/www.darrera.com\/es\/wp-json\/wp\/v2\/product_brand?post=1678"},{"taxonomy":"product_cat","embeddable":true,"href":"https:\/\/www.darrera.com\/es\/wp-json\/wp\/v2\/product_cat?post=1678"},{"taxonomy":"product_tag","embeddable":true,"href":"https:\/\/www.darrera.com\/es\/wp-json\/wp\/v2\/product_tag?post=1678"}],"curies":[{"name":"wp","href":"https:\/\/api.w.org\/{rel}","templated":true}]}}