{"id":1745,"date":"2018-05-26T19:18:44","date_gmt":"2018-05-26T17:18:44","guid":{"rendered":"https:\/\/www.darrera.com\/wp\/product\/12055-skywatch-geos-11\/"},"modified":"2020-05-22T17:59:24","modified_gmt":"2020-05-22T15:59:24","slug":"12055-skywatch-geos-11","status":"publish","type":"product","link":"https:\/\/www.darrera.com\/es\/producto\/12055-skywatch-geos-11\/","title":{"rendered":"Skywatch\u00ae Geos 11"},"content":{"rendered":"<h3>La estaci\u00f3n meteorol\u00f3gica port\u00e1til definitiva<\/h3>\n<p>Skywatch\u00ae Geos 11 es la estaci\u00f3n meteorol\u00f3gica port\u00e1til m\u00e1s completa y precisa del mercado. Incorpora sensores suizos de alta calidad y multitud de funciones nunca antes vistas en un instrumento de mano.<\/p>\n<p>Es utilizado en la actualidad por profesionales de todo tipo de disciplinas: agricultura, geolog\u00eda, aviaci\u00f3n, n\u00e1utica, automoci\u00f3n, deportes de aventura, rescate y salvamento y extinci\u00f3n de incendios, entre muchas otras.<\/p>\n<p>Est\u00e1 especialmente dise\u00f1ado para resistir a condiciones ambientales severas, tales como vientos muy fuertes o temperaturas extremas. Adem\u00e1s, es sumergible hasta un metro (durante 5 minutos), lo que hace posible su uso en todo tipo de actividades acu\u00e1ticas.<\/p>\n<h3>Dise\u00f1o de vanguardia<\/h3>\n<p>Skywatch\u00ae Geos 11 destaca por su dise\u00f1o moderno y compacto, hecho de pl\u00e1stico y acero inoxidable para una alta resistencia a los golpes. Gracias a sus reducidas dimensiones y a su ligero peso puede llevarse c\u00f3modamente a todas partes, colgado del cuello mediante el cord\u00f3n incluido. La pantalla de cristal de cuarzo muestra d\u00edgitos de gran tama\u00f1o para una f\u00e1cil lectura e incorpora retroiluminaci\u00f3n para el uso durante la noche. Una luz LED en la parte posterior del instrumento permite iluminar en condiciones de poca visibilidad. La pila de litio incluida garantiza una larga duraci\u00f3n antes de tener que ser reemplazada.<\/p>\n<h3>Descarga de datos a un ordenador<\/h3>\n<p>La memoria interna de Skywatch\u00ae Geos 11 permite almacenar hasta 24.000 registros con un intervalo de tiempo programable. Los datos registrados pueden ser descargados a un ordenador mediante el software opcional Skywatch\u00ae Log, para verlos de forma gr\u00e1fica o incluso exportarlos a los programas de hoja de c\u00e1lculo m\u00e1s populares.<\/p>\n<h3>Funciones<\/h3>\n<ul>\n<li>Velocidad del viento actual, media y m\u00e1xima.<\/li>\n<li>Temperatura actual, m\u00e1xima y m\u00ednima.<\/li>\n<li>Temperatura de sensaci\u00f3n y del agua (sumergido).<\/li>\n<li>Humedad relativa actual, m\u00e1xima y m\u00ednima.<\/li>\n<li>Punto de roc\u00edo.<\/li>\n<li>Presi\u00f3n atmosf\u00e9rica absoluta y relativa, m\u00e1xima y m\u00ednima.<\/li>\n<li>Variaci\u00f3n de la presi\u00f3n atmosf\u00e9rica.<\/li>\n<li>Alt\u00edmetro.<\/li>\n<li>Altitud de densidad.<\/li>\n<li>Nivel de vuelo.<\/li>\n<li>Finura de vuelo.<\/li>\n<li>Vari\u00f3metro.<\/li>\n<li>Campo magn\u00e9tico de la Tierra.<\/li>\n<li>Comp\u00e1s electr\u00f3nico (anal\u00f3gico y digital).<\/li>\n<li>Fecha, hora y cron\u00f3metro.<\/li>\n<\/ul>\n<h3>Especificaciones t\u00e9cnicas<\/h3>\n<h4>Especificaciones del sensor<\/h4>\n<p>Velocidad del viento<\/p>\n<ul>\n<li>Rango: 0 a 300 Km\/h<\/li>\n<li>Resoluci\u00f3n: 0,1 Km\/h<\/li>\n<li>Precisi\u00f3n: \u00b12%<\/li>\n<\/ul>\n<p>Temperatura<\/p>\n<ul>\n<li>Rango: -40\u00baC a 85\u00baC<\/li>\n<li>Resoluci\u00f3n: 0,1\u00baC<\/li>\n<li>Precisi\u00f3n: \u00b10,5\u00baC<\/li>\n<\/ul>\n<p>Humedad relativa<\/p>\n<ul>\n<li>Rango: 0 a 100% RH<\/li>\n<li>Resoluci\u00f3n: 0,1% RH<\/li>\n<li>Precisi\u00f3n: \u00b12% RH<\/li>\n<\/ul>\n<p>Comp\u00e1s electr\u00f3nico<\/p>\n<ul>\n<li>Rango: 0\u00ba a 360\u00ba<\/li>\n<li>Resoluci\u00f3n: 1\u00ba<\/li>\n<li>Precisi\u00f3n: \u00b13\u00ba<\/li>\n<\/ul>\n<p>Alt\u00edmetro<\/p>\n<ul>\n<li>Rango: -1.000 a 21.535 m<\/li>\n<li>Resoluci\u00f3n: 1 m<\/li>\n<li>Precisi\u00f3n: \u00b10,6 m<\/li>\n<\/ul>\n<p>Presi\u00f3n atmosf\u00e9rica<\/p>\n<ul>\n<li>Rango: 10 a 1.100 hPa<\/li>\n<li>Resoluci\u00f3n: 0,1 hPa<\/li>\n<li>Precisi\u00f3n: \u00b10,5%<\/li>\n<\/ul>\n<h4>Especificaciones el\u00e9ctricas<\/h4>\n<ul>\n<li>Voltaje de alimentaci\u00f3n: 3 VDC<\/li>\n<li>Tipo de pila: CR2032 (litio)<\/li>\n<li>Duraci\u00f3n de la pila: 30.000 mediciones (aprox.)<\/li>\n<\/ul>\n<h4>Especificaciones mec\u00e1nicas<\/h4>\n<ul>\n<li>Temperatura de funcionamiento: -40\u00baC a 70\u00baC<\/li>\n<li>Material: pl\u00e1stico y acero inoxidable<\/li>\n<li>Dimensiones: 46 x 120 x 32 mm<\/li>\n<li>Peso: 171 g<\/li>\n<\/ul>\n","protected":false},"excerpt":{"rendered":"<p>La estaci\u00f3n meteorol\u00f3gica port\u00e1til m\u00e1s completa y precisa del mercado. Incorpora sensores de alta calidad y multitud de funciones nunca antes vistas en un instrumento de mano.<\/p>\n","protected":false},"featured_media":1744,"template":"","meta":[],"product_brand":[],"product_cat":[269],"product_tag":[],"class_list":{"0":"post-1745","1":"product","2":"type-product","3":"status-publish","4":"has-post-thumbnail","6":"product_cat-estaciones-meteorologicas-portatiles","8":"first","9":"outofstock","10":"taxable","11":"shipping-taxable","12":"product-type-simple"},"yoast_head":"<!-- This site is optimized with the Yoast SEO plugin v27.5 - https:\/\/yoast.com\/product\/yoast-seo-wordpress\/ -->\n<title>Skywatch\u00ae Geos 11 | Darrera<\/title>\n<meta name=\"robots\" content=\"index, follow, max-snippet:-1, max-image-preview:large, max-video-preview:-1\" \/>\n<link rel=\"canonical\" href=\"https:\/\/www.darrera.com\/en\/producto\/12055-skywatch-geos-11\/\" \/>\n<meta property=\"og:locale\" content=\"es_ES\" \/>\n<meta property=\"og:type\" content=\"article\" \/>\n<meta property=\"og:title\" content=\"Skywatch\u00ae Geos 11 | Darrera\" \/>\n<meta property=\"og:description\" content=\"La estaci\u00f3n meteorol\u00f3gica port\u00e1til m\u00e1s completa y precisa del mercado. Incorpora sensores de alta calidad y multitud de funciones nunca antes vistas en un instrumento de mano.\" \/>\n<meta property=\"og:url\" content=\"https:\/\/www.darrera.com\/en\/producto\/12055-skywatch-geos-11\/\" \/>\n<meta property=\"og:site_name\" content=\"Darrera\" \/>\n<meta property=\"article:publisher\" content=\"http:\/\/facebook.com\/darrerameteo\" \/>\n<meta property=\"article:modified_time\" content=\"2020-05-22T15:59:24+00:00\" \/>\n<meta property=\"og:image\" content=\"https:\/\/www.darrera.com\/wp-content\/uploads\/2018\/05\/12055-skywatch-geos-11.jpg\" \/>\n\t<meta property=\"og:image:width\" content=\"950\" \/>\n\t<meta property=\"og:image:height\" content=\"950\" \/>\n\t<meta property=\"og:image:type\" content=\"image\/jpeg\" \/>\n<meta name=\"twitter:card\" content=\"summary_large_image\" \/>\n<meta name=\"twitter:site\" content=\"@darrera_meteo\" \/>\n<meta name=\"twitter:label1\" content=\"Tiempo de lectura\" \/>\n\t<meta name=\"twitter:data1\" content=\"2 minutos\" \/>\n<script type=\"application\/ld+json\" class=\"yoast-schema-graph\">{\"@context\":\"https:\\\/\\\/schema.org\",\"@graph\":[{\"@type\":\"WebPage\",\"@id\":\"https:\\\/\\\/www.darrera.com\\\/en\\\/producto\\\/12055-skywatch-geos-11\\\/\",\"url\":\"https:\\\/\\\/www.darrera.com\\\/en\\\/producto\\\/12055-skywatch-geos-11\\\/\",\"name\":\"Skywatch\u00ae Geos 11 | Darrera\",\"isPartOf\":{\"@id\":\"https:\\\/\\\/www.darrera.com\\\/es\\\/#website\"},\"primaryImageOfPage\":{\"@id\":\"https:\\\/\\\/www.darrera.com\\\/en\\\/producto\\\/12055-skywatch-geos-11\\\/#primaryimage\"},\"image\":{\"@id\":\"https:\\\/\\\/www.darrera.com\\\/en\\\/producto\\\/12055-skywatch-geos-11\\\/#primaryimage\"},\"thumbnailUrl\":\"https:\\\/\\\/www.darrera.com\\\/wp-content\\\/uploads\\\/2018\\\/05\\\/12055-skywatch-geos-11.jpg\",\"datePublished\":\"2018-05-26T17:18:44+00:00\",\"dateModified\":\"2020-05-22T15:59:24+00:00\",\"breadcrumb\":{\"@id\":\"https:\\\/\\\/www.darrera.com\\\/en\\\/producto\\\/12055-skywatch-geos-11\\\/#breadcrumb\"},\"inLanguage\":\"es\",\"potentialAction\":[{\"@type\":\"ReadAction\",\"target\":[\"https:\\\/\\\/www.darrera.com\\\/en\\\/producto\\\/12055-skywatch-geos-11\\\/\"]}]},{\"@type\":\"ImageObject\",\"inLanguage\":\"es\",\"@id\":\"https:\\\/\\\/www.darrera.com\\\/en\\\/producto\\\/12055-skywatch-geos-11\\\/#primaryimage\",\"url\":\"https:\\\/\\\/www.darrera.com\\\/wp-content\\\/uploads\\\/2018\\\/05\\\/12055-skywatch-geos-11.jpg\",\"contentUrl\":\"https:\\\/\\\/www.darrera.com\\\/wp-content\\\/uploads\\\/2018\\\/05\\\/12055-skywatch-geos-11.jpg\",\"width\":950,\"height\":950,\"caption\":\"12055 - Skywatch\u00ae Geos 11\"},{\"@type\":\"BreadcrumbList\",\"@id\":\"https:\\\/\\\/www.darrera.com\\\/en\\\/producto\\\/12055-skywatch-geos-11\\\/#breadcrumb\",\"itemListElement\":[{\"@type\":\"ListItem\",\"position\":1,\"name\":\"Home\",\"item\":\"https:\\\/\\\/www.darrera.com\\\/es\\\/\"},{\"@type\":\"ListItem\",\"position\":2,\"name\":\"Productos\",\"item\":\"https:\\\/\\\/www.darrera.com\\\/es\\\/productos\\\/\"},{\"@type\":\"ListItem\",\"position\":3,\"name\":\"Skywatch\u00ae Geos 11\"}]},{\"@type\":\"WebSite\",\"@id\":\"https:\\\/\\\/www.darrera.com\\\/es\\\/#website\",\"url\":\"https:\\\/\\\/www.darrera.com\\\/es\\\/\",\"name\":\"Darrera\",\"description\":\"Instrumentos, soluciones y servicios meteorol\u00f3gicos\",\"publisher\":{\"@id\":\"https:\\\/\\\/www.darrera.com\\\/es\\\/#organization\"},\"potentialAction\":[{\"@type\":\"SearchAction\",\"target\":{\"@type\":\"EntryPoint\",\"urlTemplate\":\"https:\\\/\\\/www.darrera.com\\\/es\\\/?s={search_term_string}\"},\"query-input\":{\"@type\":\"PropertyValueSpecification\",\"valueRequired\":true,\"valueName\":\"search_term_string\"}}],\"inLanguage\":\"es\"},{\"@type\":\"Organization\",\"@id\":\"https:\\\/\\\/www.darrera.com\\\/es\\\/#organization\",\"name\":\"Darrera\",\"url\":\"https:\\\/\\\/www.darrera.com\\\/es\\\/\",\"logo\":{\"@type\":\"ImageObject\",\"inLanguage\":\"es\",\"@id\":\"https:\\\/\\\/www.darrera.com\\\/es\\\/#\\\/schema\\\/logo\\\/image\\\/\",\"url\":\"https:\\\/\\\/www.darrera.com\\\/wp\\\/wp-content\\\/uploads\\\/logo-darrera.png\",\"contentUrl\":\"https:\\\/\\\/www.darrera.com\\\/wp\\\/wp-content\\\/uploads\\\/logo-darrera.png\",\"width\":500,\"height\":85,\"caption\":\"Darrera\"},\"image\":{\"@id\":\"https:\\\/\\\/www.darrera.com\\\/es\\\/#\\\/schema\\\/logo\\\/image\\\/\"},\"sameAs\":[\"http:\\\/\\\/facebook.com\\\/darrerameteo\",\"https:\\\/\\\/x.com\\\/darrera_meteo\",\"https:\\\/\\\/www.linkedin.com\\\/company\\\/darrera-s-a-\",\"http:\\\/\\\/youtube.com\\\/darreratv\"]}]}<\/script>\n<!-- \/ Yoast SEO plugin. -->","yoast_head_json":{"title":"Skywatch\u00ae Geos 11 | Darrera","robots":{"index":"index","follow":"follow","max-snippet":"max-snippet:-1","max-image-preview":"max-image-preview:large","max-video-preview":"max-video-preview:-1"},"canonical":"https:\/\/www.darrera.com\/en\/producto\/12055-skywatch-geos-11\/","og_locale":"es_ES","og_type":"article","og_title":"Skywatch\u00ae Geos 11 | Darrera","og_description":"La estaci\u00f3n meteorol\u00f3gica port\u00e1til m\u00e1s completa y precisa del mercado. Incorpora sensores de alta calidad y multitud de funciones nunca antes vistas en un instrumento de mano.","og_url":"https:\/\/www.darrera.com\/en\/producto\/12055-skywatch-geos-11\/","og_site_name":"Darrera","article_publisher":"http:\/\/facebook.com\/darrerameteo","article_modified_time":"2020-05-22T15:59:24+00:00","og_image":[{"width":950,"height":950,"url":"https:\/\/www.darrera.com\/wp-content\/uploads\/2018\/05\/12055-skywatch-geos-11.jpg","type":"image\/jpeg"}],"twitter_card":"summary_large_image","twitter_site":"@darrera_meteo","twitter_misc":{"Tiempo de lectura":"2 minutos"},"schema":{"@context":"https:\/\/schema.org","@graph":[{"@type":"WebPage","@id":"https:\/\/www.darrera.com\/en\/producto\/12055-skywatch-geos-11\/","url":"https:\/\/www.darrera.com\/en\/producto\/12055-skywatch-geos-11\/","name":"Skywatch\u00ae Geos 11 | Darrera","isPartOf":{"@id":"https:\/\/www.darrera.com\/es\/#website"},"primaryImageOfPage":{"@id":"https:\/\/www.darrera.com\/en\/producto\/12055-skywatch-geos-11\/#primaryimage"},"image":{"@id":"https:\/\/www.darrera.com\/en\/producto\/12055-skywatch-geos-11\/#primaryimage"},"thumbnailUrl":"https:\/\/www.darrera.com\/wp-content\/uploads\/2018\/05\/12055-skywatch-geos-11.jpg","datePublished":"2018-05-26T17:18:44+00:00","dateModified":"2020-05-22T15:59:24+00:00","breadcrumb":{"@id":"https:\/\/www.darrera.com\/en\/producto\/12055-skywatch-geos-11\/#breadcrumb"},"inLanguage":"es","potentialAction":[{"@type":"ReadAction","target":["https:\/\/www.darrera.com\/en\/producto\/12055-skywatch-geos-11\/"]}]},{"@type":"ImageObject","inLanguage":"es","@id":"https:\/\/www.darrera.com\/en\/producto\/12055-skywatch-geos-11\/#primaryimage","url":"https:\/\/www.darrera.com\/wp-content\/uploads\/2018\/05\/12055-skywatch-geos-11.jpg","contentUrl":"https:\/\/www.darrera.com\/wp-content\/uploads\/2018\/05\/12055-skywatch-geos-11.jpg","width":950,"height":950,"caption":"12055 - Skywatch\u00ae Geos 11"},{"@type":"BreadcrumbList","@id":"https:\/\/www.darrera.com\/en\/producto\/12055-skywatch-geos-11\/#breadcrumb","itemListElement":[{"@type":"ListItem","position":1,"name":"Home","item":"https:\/\/www.darrera.com\/es\/"},{"@type":"ListItem","position":2,"name":"Productos","item":"https:\/\/www.darrera.com\/es\/productos\/"},{"@type":"ListItem","position":3,"name":"Skywatch\u00ae Geos 11"}]},{"@type":"WebSite","@id":"https:\/\/www.darrera.com\/es\/#website","url":"https:\/\/www.darrera.com\/es\/","name":"Darrera","description":"Instrumentos, soluciones y servicios meteorol\u00f3gicos","publisher":{"@id":"https:\/\/www.darrera.com\/es\/#organization"},"potentialAction":[{"@type":"SearchAction","target":{"@type":"EntryPoint","urlTemplate":"https:\/\/www.darrera.com\/es\/?s={search_term_string}"},"query-input":{"@type":"PropertyValueSpecification","valueRequired":true,"valueName":"search_term_string"}}],"inLanguage":"es"},{"@type":"Organization","@id":"https:\/\/www.darrera.com\/es\/#organization","name":"Darrera","url":"https:\/\/www.darrera.com\/es\/","logo":{"@type":"ImageObject","inLanguage":"es","@id":"https:\/\/www.darrera.com\/es\/#\/schema\/logo\/image\/","url":"https:\/\/www.darrera.com\/wp\/wp-content\/uploads\/logo-darrera.png","contentUrl":"https:\/\/www.darrera.com\/wp\/wp-content\/uploads\/logo-darrera.png","width":500,"height":85,"caption":"Darrera"},"image":{"@id":"https:\/\/www.darrera.com\/es\/#\/schema\/logo\/image\/"},"sameAs":["http:\/\/facebook.com\/darrerameteo","https:\/\/x.com\/darrera_meteo","https:\/\/www.linkedin.com\/company\/darrera-s-a-","http:\/\/youtube.com\/darreratv"]}]}},"_links":{"self":[{"href":"https:\/\/www.darrera.com\/es\/wp-json\/wp\/v2\/product\/1745","targetHints":{"allow":["GET"]}}],"collection":[{"href":"https:\/\/www.darrera.com\/es\/wp-json\/wp\/v2\/product"}],"about":[{"href":"https:\/\/www.darrera.com\/es\/wp-json\/wp\/v2\/types\/product"}],"wp:featuredmedia":[{"embeddable":true,"href":"https:\/\/www.darrera.com\/es\/wp-json\/wp\/v2\/media\/1744"}],"wp:attachment":[{"href":"https:\/\/www.darrera.com\/es\/wp-json\/wp\/v2\/media?parent=1745"}],"wp:term":[{"taxonomy":"product_brand","embeddable":true,"href":"https:\/\/www.darrera.com\/es\/wp-json\/wp\/v2\/product_brand?post=1745"},{"taxonomy":"product_cat","embeddable":true,"href":"https:\/\/www.darrera.com\/es\/wp-json\/wp\/v2\/product_cat?post=1745"},{"taxonomy":"product_tag","embeddable":true,"href":"https:\/\/www.darrera.com\/es\/wp-json\/wp\/v2\/product_tag?post=1745"}],"curies":[{"name":"wp","href":"https:\/\/api.w.org\/{rel}","templated":true}]}}