{"id":1773,"date":"2018-05-28T13:32:44","date_gmt":"2018-05-28T11:32:44","guid":{"rendered":"https:\/\/www.darrera.com\/wp\/product\/12803-skywatch-windoo-3\/"},"modified":"2022-01-04T12:19:34","modified_gmt":"2022-01-04T11:19:34","slug":"12803-skywatch-windoo-3","status":"publish","type":"product","link":"https:\/\/www.darrera.com\/es\/producto\/12803-skywatch-windoo-3\/","title":{"rendered":"Skywatch\u00ae Windoo 3"},"content":{"rendered":"<h3>El mejor anem\u00f3metro para smartphones<\/h3>\n<p>Skywatch\u00ae Windoo es un innovador accesorio para smartphones iOS y Android. Se conecta a la entrada de auriculares del tel\u00e9fono y mide con gran precisi\u00f3n velocidad del viento, temperatura, humedad relativa y presi\u00f3n atmosf\u00e9rica, seg\u00fan el modelo. Los datos se visualizan en tiempo real mediante la app m\u00f3vil gratuita y es posible almacenarlos y compartirlos con los dem\u00e1s usuarios de \u00e9sta y en las redes sociales.<\/p>\n<p>El dispositivo destaca por su dise\u00f1o original y elegante, fabricado en carbono y aluminio anodizado para garantizar una alta resistencia. Sus reducidas dimensiones y peso permiten llevarlo c\u00f3modamente a todas partes, colgado de la mu\u00f1eca mediante el cord\u00f3n incluido, como llavero, o bien en el bolsillo, casi sin darse cuenta.<\/p>\n<h3>Tecnolog\u00eda suiza de alta precisi\u00f3n<\/h3>\n<p>Skywatch\u00ae Windoo incorpora sensores suizos de \u00faltima generaci\u00f3n para garantizar la m\u00e1xima precisi\u00f3n en las mediciones. Su turbina omnidireccional cuenta con rodamientos de zafiro, eje de acero inoxidable y sistema de transmisi\u00f3n magn\u00e9tico, lo que la hace sensible a las brisas m\u00e1s ligeras y, a su vez, resistente a vientos de hasta 150 Km\/h. No requiere pilas, ya que se alimenta mediante el propio tel\u00e9fono.<\/p>\n<h3>Perfecto para deportes de viento<\/h3>\n<p>Skywatch\u00ae Windoo es el compa\u00f1ero ideal para los amantes de los deportes de viento de todo tipo como parapente, vela ligera y las distintas variantes del surf, ya que permite conocer el viento real antes de iniciar la actividad y el viento aparente mientras \u00e9sta se lleva a cabo.<\/p>\n<h3>Funciones<\/h3>\n<ul>\n<li>Velocidad del viento actual, media, m\u00e1xima y m\u00ednima.<\/li>\n<li>Temperatura actual, media, m\u00e1xima y m\u00ednima.<\/li>\n<li>Temperatura de sensaci\u00f3n.<\/li>\n<li>Humedad relativa actual, media, m\u00e1xima y m\u00ednima.<\/li>\n<li>Punto de roc\u00edo.<\/li>\n<li>Presi\u00f3n atmosf\u00e9rica absoluta y relativa.<\/li>\n<li>Alt\u00edmetro.<\/li>\n<li>Comp\u00e1s.<\/li>\n<\/ul>\n<h3>Especificaciones t\u00e9cnicas<\/h3>\n<h4>Especificaciones del sensor<\/h4>\n<p>Velocidad del viento<\/p>\n<ul>\n<li>Rango: 0 a 150 Km\/h<\/li>\n<li>Resoluci\u00f3n: 0,1 Km\/h<\/li>\n<li>Precisi\u00f3n: \u00b12%<\/li>\n<\/ul>\n<p>Temperatura<\/p>\n<ul>\n<li>Rango: -25\u00baC a 60\u00baC<\/li>\n<li>Resoluci\u00f3n: 0,1\u00baC<\/li>\n<li>Precisi\u00f3n: \u00b10,3\u00baC<\/li>\n<\/ul>\n<p>Humedad relativa<\/p>\n<ul>\n<li>Rango: 0 a 100% RH<\/li>\n<li>Resoluci\u00f3n: 0,1% RH<\/li>\n<li>Precisi\u00f3n: \u00b14,5% RH<\/li>\n<\/ul>\n<p>Presi\u00f3n atmosf\u00e9rica<\/p>\n<ul>\n<li>Rango: 300 a 1.100 hPa<\/li>\n<li>Resoluci\u00f3n: 0,1 hPa<\/li>\n<li>Precisi\u00f3n: \u00b10,2 hPa<\/li>\n<\/ul>\n<h4>Especificaciones mec\u00e1nicas<\/h4>\n<ul>\n<li>Temperatura de funcionamiento: -25\u00baC a 60\u00baC<\/li>\n<li>Material: carbono y aluminio anodizado<\/li>\n<li>Dimensiones: \u2205 20 x 52 mm<\/li>\n<li>Peso: 13 g<\/li>\n<\/ul>\n","protected":false},"excerpt":{"rendered":"<p>El mejor anem\u00f3metro para smartphones iOS y Android. Se conecta a la entrada de auriculares del tel\u00e9fono y mide con gran precisi\u00f3n velocidad del viento, temperatura, humedad relativa y presi\u00f3n atmosf\u00e9rica.<\/p>\n","protected":false},"featured_media":1772,"template":"","meta":[],"product_brand":[],"product_cat":[218],"product_tag":[],"class_list":{"0":"post-1773","1":"product","2":"type-product","3":"status-publish","4":"has-post-thumbnail","6":"product_cat-anemometros-mano","8":"first","9":"outofstock","10":"taxable","11":"shipping-taxable","12":"product-type-simple"},"yoast_head":"<!-- This site is optimized with the Yoast SEO plugin v26.9 - https:\/\/yoast.com\/product\/yoast-seo-wordpress\/ -->\n<title>Skywatch\u00ae Windoo 3 | Darrera<\/title>\n<meta name=\"robots\" content=\"index, follow, max-snippet:-1, max-image-preview:large, max-video-preview:-1\" \/>\n<link rel=\"canonical\" href=\"https:\/\/www.darrera.com\/en\/producto\/12803-skywatch-windoo-3\/\" \/>\n<meta property=\"og:locale\" content=\"es_ES\" \/>\n<meta property=\"og:type\" content=\"article\" \/>\n<meta property=\"og:title\" content=\"Skywatch\u00ae Windoo 3 | Darrera\" \/>\n<meta property=\"og:description\" content=\"El mejor anem\u00f3metro para smartphones iOS y Android. Se conecta a la entrada de auriculares del tel\u00e9fono y mide con gran precisi\u00f3n velocidad del viento, temperatura, humedad relativa y presi\u00f3n atmosf\u00e9rica.\" \/>\n<meta property=\"og:url\" content=\"https:\/\/www.darrera.com\/en\/producto\/12803-skywatch-windoo-3\/\" \/>\n<meta property=\"og:site_name\" content=\"Darrera\" \/>\n<meta property=\"article:publisher\" content=\"http:\/\/facebook.com\/darrerameteo\" \/>\n<meta property=\"article:modified_time\" content=\"2022-01-04T11:19:34+00:00\" \/>\n<meta property=\"og:image\" content=\"https:\/\/www.darrera.com\/wp-content\/uploads\/2018\/05\/12803-skywatch-windoo-3.jpg\" \/>\n\t<meta property=\"og:image:width\" content=\"950\" \/>\n\t<meta property=\"og:image:height\" content=\"950\" \/>\n\t<meta property=\"og:image:type\" content=\"image\/jpeg\" \/>\n<meta name=\"twitter:card\" content=\"summary_large_image\" \/>\n<meta name=\"twitter:site\" content=\"@darrera_meteo\" \/>\n<meta name=\"twitter:label1\" content=\"Tiempo de lectura\" \/>\n\t<meta name=\"twitter:data1\" content=\"2 minutos\" \/>\n<script type=\"application\/ld+json\" class=\"yoast-schema-graph\">{\"@context\":\"https:\/\/schema.org\",\"@graph\":[{\"@type\":\"WebPage\",\"@id\":\"https:\/\/www.darrera.com\/en\/producto\/12803-skywatch-windoo-3\/\",\"url\":\"https:\/\/www.darrera.com\/en\/producto\/12803-skywatch-windoo-3\/\",\"name\":\"Skywatch\u00ae Windoo 3 | Darrera\",\"isPartOf\":{\"@id\":\"https:\/\/www.darrera.com\/es\/#website\"},\"primaryImageOfPage\":{\"@id\":\"https:\/\/www.darrera.com\/en\/producto\/12803-skywatch-windoo-3\/#primaryimage\"},\"image\":{\"@id\":\"https:\/\/www.darrera.com\/en\/producto\/12803-skywatch-windoo-3\/#primaryimage\"},\"thumbnailUrl\":\"https:\/\/www.darrera.com\/wp-content\/uploads\/2018\/05\/12803-skywatch-windoo-3.jpg\",\"datePublished\":\"2018-05-28T11:32:44+00:00\",\"dateModified\":\"2022-01-04T11:19:34+00:00\",\"breadcrumb\":{\"@id\":\"https:\/\/www.darrera.com\/en\/producto\/12803-skywatch-windoo-3\/#breadcrumb\"},\"inLanguage\":\"es\",\"potentialAction\":[{\"@type\":\"ReadAction\",\"target\":[\"https:\/\/www.darrera.com\/en\/producto\/12803-skywatch-windoo-3\/\"]}]},{\"@type\":\"ImageObject\",\"inLanguage\":\"es\",\"@id\":\"https:\/\/www.darrera.com\/en\/producto\/12803-skywatch-windoo-3\/#primaryimage\",\"url\":\"https:\/\/www.darrera.com\/wp-content\/uploads\/2018\/05\/12803-skywatch-windoo-3.jpg\",\"contentUrl\":\"https:\/\/www.darrera.com\/wp-content\/uploads\/2018\/05\/12803-skywatch-windoo-3.jpg\",\"width\":950,\"height\":950,\"caption\":\"12803 - Skywatch\u00ae Windoo 3\"},{\"@type\":\"BreadcrumbList\",\"@id\":\"https:\/\/www.darrera.com\/en\/producto\/12803-skywatch-windoo-3\/#breadcrumb\",\"itemListElement\":[{\"@type\":\"ListItem\",\"position\":1,\"name\":\"Home\",\"item\":\"https:\/\/www.darrera.com\/es\/\"},{\"@type\":\"ListItem\",\"position\":2,\"name\":\"Productos\",\"item\":\"https:\/\/www.darrera.com\/es\/productos\/\"},{\"@type\":\"ListItem\",\"position\":3,\"name\":\"Skywatch\u00ae Windoo 3\"}]},{\"@type\":\"WebSite\",\"@id\":\"https:\/\/www.darrera.com\/es\/#website\",\"url\":\"https:\/\/www.darrera.com\/es\/\",\"name\":\"Darrera\",\"description\":\"Instrumentos, soluciones y servicios meteorol\u00f3gicos\",\"publisher\":{\"@id\":\"https:\/\/www.darrera.com\/es\/#organization\"},\"potentialAction\":[{\"@type\":\"SearchAction\",\"target\":{\"@type\":\"EntryPoint\",\"urlTemplate\":\"https:\/\/www.darrera.com\/es\/?s={search_term_string}\"},\"query-input\":{\"@type\":\"PropertyValueSpecification\",\"valueRequired\":true,\"valueName\":\"search_term_string\"}}],\"inLanguage\":\"es\"},{\"@type\":\"Organization\",\"@id\":\"https:\/\/www.darrera.com\/es\/#organization\",\"name\":\"Darrera\",\"url\":\"https:\/\/www.darrera.com\/es\/\",\"logo\":{\"@type\":\"ImageObject\",\"inLanguage\":\"es\",\"@id\":\"https:\/\/www.darrera.com\/es\/#\/schema\/logo\/image\/\",\"url\":\"https:\/\/www.darrera.com\/wp\/wp-content\/uploads\/logo-darrera.png\",\"contentUrl\":\"https:\/\/www.darrera.com\/wp\/wp-content\/uploads\/logo-darrera.png\",\"width\":500,\"height\":85,\"caption\":\"Darrera\"},\"image\":{\"@id\":\"https:\/\/www.darrera.com\/es\/#\/schema\/logo\/image\/\"},\"sameAs\":[\"http:\/\/facebook.com\/darrerameteo\",\"https:\/\/x.com\/darrera_meteo\",\"https:\/\/www.linkedin.com\/company\/darrera-s-a-\",\"http:\/\/youtube.com\/darreratv\"]}]}<\/script>\n<!-- \/ Yoast SEO plugin. -->","yoast_head_json":{"title":"Skywatch\u00ae Windoo 3 | Darrera","robots":{"index":"index","follow":"follow","max-snippet":"max-snippet:-1","max-image-preview":"max-image-preview:large","max-video-preview":"max-video-preview:-1"},"canonical":"https:\/\/www.darrera.com\/en\/producto\/12803-skywatch-windoo-3\/","og_locale":"es_ES","og_type":"article","og_title":"Skywatch\u00ae Windoo 3 | Darrera","og_description":"El mejor anem\u00f3metro para smartphones iOS y Android. Se conecta a la entrada de auriculares del tel\u00e9fono y mide con gran precisi\u00f3n velocidad del viento, temperatura, humedad relativa y presi\u00f3n atmosf\u00e9rica.","og_url":"https:\/\/www.darrera.com\/en\/producto\/12803-skywatch-windoo-3\/","og_site_name":"Darrera","article_publisher":"http:\/\/facebook.com\/darrerameteo","article_modified_time":"2022-01-04T11:19:34+00:00","og_image":[{"width":950,"height":950,"url":"https:\/\/www.darrera.com\/wp-content\/uploads\/2018\/05\/12803-skywatch-windoo-3.jpg","type":"image\/jpeg"}],"twitter_card":"summary_large_image","twitter_site":"@darrera_meteo","twitter_misc":{"Tiempo de lectura":"2 minutos"},"schema":{"@context":"https:\/\/schema.org","@graph":[{"@type":"WebPage","@id":"https:\/\/www.darrera.com\/en\/producto\/12803-skywatch-windoo-3\/","url":"https:\/\/www.darrera.com\/en\/producto\/12803-skywatch-windoo-3\/","name":"Skywatch\u00ae Windoo 3 | Darrera","isPartOf":{"@id":"https:\/\/www.darrera.com\/es\/#website"},"primaryImageOfPage":{"@id":"https:\/\/www.darrera.com\/en\/producto\/12803-skywatch-windoo-3\/#primaryimage"},"image":{"@id":"https:\/\/www.darrera.com\/en\/producto\/12803-skywatch-windoo-3\/#primaryimage"},"thumbnailUrl":"https:\/\/www.darrera.com\/wp-content\/uploads\/2018\/05\/12803-skywatch-windoo-3.jpg","datePublished":"2018-05-28T11:32:44+00:00","dateModified":"2022-01-04T11:19:34+00:00","breadcrumb":{"@id":"https:\/\/www.darrera.com\/en\/producto\/12803-skywatch-windoo-3\/#breadcrumb"},"inLanguage":"es","potentialAction":[{"@type":"ReadAction","target":["https:\/\/www.darrera.com\/en\/producto\/12803-skywatch-windoo-3\/"]}]},{"@type":"ImageObject","inLanguage":"es","@id":"https:\/\/www.darrera.com\/en\/producto\/12803-skywatch-windoo-3\/#primaryimage","url":"https:\/\/www.darrera.com\/wp-content\/uploads\/2018\/05\/12803-skywatch-windoo-3.jpg","contentUrl":"https:\/\/www.darrera.com\/wp-content\/uploads\/2018\/05\/12803-skywatch-windoo-3.jpg","width":950,"height":950,"caption":"12803 - Skywatch\u00ae Windoo 3"},{"@type":"BreadcrumbList","@id":"https:\/\/www.darrera.com\/en\/producto\/12803-skywatch-windoo-3\/#breadcrumb","itemListElement":[{"@type":"ListItem","position":1,"name":"Home","item":"https:\/\/www.darrera.com\/es\/"},{"@type":"ListItem","position":2,"name":"Productos","item":"https:\/\/www.darrera.com\/es\/productos\/"},{"@type":"ListItem","position":3,"name":"Skywatch\u00ae Windoo 3"}]},{"@type":"WebSite","@id":"https:\/\/www.darrera.com\/es\/#website","url":"https:\/\/www.darrera.com\/es\/","name":"Darrera","description":"Instrumentos, soluciones y servicios meteorol\u00f3gicos","publisher":{"@id":"https:\/\/www.darrera.com\/es\/#organization"},"potentialAction":[{"@type":"SearchAction","target":{"@type":"EntryPoint","urlTemplate":"https:\/\/www.darrera.com\/es\/?s={search_term_string}"},"query-input":{"@type":"PropertyValueSpecification","valueRequired":true,"valueName":"search_term_string"}}],"inLanguage":"es"},{"@type":"Organization","@id":"https:\/\/www.darrera.com\/es\/#organization","name":"Darrera","url":"https:\/\/www.darrera.com\/es\/","logo":{"@type":"ImageObject","inLanguage":"es","@id":"https:\/\/www.darrera.com\/es\/#\/schema\/logo\/image\/","url":"https:\/\/www.darrera.com\/wp\/wp-content\/uploads\/logo-darrera.png","contentUrl":"https:\/\/www.darrera.com\/wp\/wp-content\/uploads\/logo-darrera.png","width":500,"height":85,"caption":"Darrera"},"image":{"@id":"https:\/\/www.darrera.com\/es\/#\/schema\/logo\/image\/"},"sameAs":["http:\/\/facebook.com\/darrerameteo","https:\/\/x.com\/darrera_meteo","https:\/\/www.linkedin.com\/company\/darrera-s-a-","http:\/\/youtube.com\/darreratv"]}]}},"_links":{"self":[{"href":"https:\/\/www.darrera.com\/es\/wp-json\/wp\/v2\/product\/1773","targetHints":{"allow":["GET"]}}],"collection":[{"href":"https:\/\/www.darrera.com\/es\/wp-json\/wp\/v2\/product"}],"about":[{"href":"https:\/\/www.darrera.com\/es\/wp-json\/wp\/v2\/types\/product"}],"wp:featuredmedia":[{"embeddable":true,"href":"https:\/\/www.darrera.com\/es\/wp-json\/wp\/v2\/media\/1772"}],"wp:attachment":[{"href":"https:\/\/www.darrera.com\/es\/wp-json\/wp\/v2\/media?parent=1773"}],"wp:term":[{"taxonomy":"product_brand","embeddable":true,"href":"https:\/\/www.darrera.com\/es\/wp-json\/wp\/v2\/product_brand?post=1773"},{"taxonomy":"product_cat","embeddable":true,"href":"https:\/\/www.darrera.com\/es\/wp-json\/wp\/v2\/product_cat?post=1773"},{"taxonomy":"product_tag","embeddable":true,"href":"https:\/\/www.darrera.com\/es\/wp-json\/wp\/v2\/product_tag?post=1773"}],"curies":[{"name":"wp","href":"https:\/\/api.w.org\/{rel}","templated":true}]}}