{"id":1834,"date":"2018-04-09T15:15:32","date_gmt":"2018-04-09T13:15:32","guid":{"rendered":"https:\/\/www.darrera.com\/wp\/product\/tripode-montaje-aluminio-anodizado\/"},"modified":"2023-03-08T13:41:30","modified_gmt":"2023-03-08T12:41:30","slug":"hd2005-20-tripode-montaje-aluminio-anodizado","status":"publish","type":"product","link":"https:\/\/www.darrera.com\/es\/producto\/hd2005-20-tripode-montaje-aluminio-anodizado\/","title":{"rendered":"Tr\u00edpode de Montaje de Aluminio Anodizado"},"content":{"rendered":"<h3>Robusto y vers\u00e1til<\/h3>\n<p>El tr\u00edpode de montaje presenta un dise\u00f1o robusto y est\u00e1 fabricado \u00edntegramente en aluminio anodizado para garantizar una alta resistencia a la intemperie. La longitud e inclinaci\u00f3n de cada pata pueden ajustarse para permitir su instalaci\u00f3n en ubicaciones de todo tipo, como tejados o terrenos desnivelados. El tr\u00edpode est\u00e1 disponible con una altura total de 2 o 3 metros y puede ser equipado con una amplia variedad de accesorios de montaje para la instalaci\u00f3n de la mayor\u00eda de sensores meteorol\u00f3gicos.<\/p>\n","protected":false},"excerpt":{"rendered":"<p>Presenta un dise\u00f1o robusto y est\u00e1 fabricado \u00edntegramente en aluminio anodizado para garantizar una alta resistencia a la intemperie. Est\u00e1 disponible con una altura total de 2 o 3 metros.<\/p>\n","protected":false},"featured_media":2253,"template":"","meta":[],"product_brand":[],"product_cat":[223],"product_tag":[],"class_list":{"0":"post-1834","1":"product","2":"type-product","3":"status-publish","4":"has-post-thumbnail","6":"product_cat-mastiles-tripodes","8":"first","9":"instock","10":"taxable","11":"shipping-taxable","12":"product-type-simple"},"yoast_head":"<!-- This site is optimized with the Yoast SEO plugin v27.3 - https:\/\/yoast.com\/product\/yoast-seo-wordpress\/ -->\n<title>Tr\u00edpode de Montaje de Aluminio Anodizado | Darrera<\/title>\n<meta name=\"robots\" content=\"index, follow, max-snippet:-1, max-image-preview:large, max-video-preview:-1\" \/>\n<link rel=\"canonical\" href=\"https:\/\/www.darrera.com\/es\/producto\/hd2005-20-tripode-montaje-aluminio-anodizado\/\" \/>\n<meta property=\"og:locale\" content=\"es_ES\" \/>\n<meta property=\"og:type\" content=\"article\" \/>\n<meta property=\"og:title\" content=\"Tr\u00edpode de Montaje de Aluminio Anodizado | Darrera\" \/>\n<meta property=\"og:description\" content=\"Presenta un dise\u00f1o robusto y est\u00e1 fabricado \u00edntegramente en aluminio anodizado para garantizar una alta resistencia a la intemperie. Est\u00e1 disponible con una altura total de 2 o 3 metros.\" \/>\n<meta property=\"og:url\" content=\"https:\/\/www.darrera.com\/es\/producto\/hd2005-20-tripode-montaje-aluminio-anodizado\/\" \/>\n<meta property=\"og:site_name\" content=\"Darrera\" \/>\n<meta property=\"article:publisher\" content=\"http:\/\/facebook.com\/darrerameteo\" \/>\n<meta property=\"article:modified_time\" content=\"2023-03-08T12:41:30+00:00\" \/>\n<meta property=\"og:image\" content=\"https:\/\/www.darrera.com\/wp-content\/uploads\/2018\/04\/hd2005-20-tripode-montaje-aluminio-anodizado.jpg\" \/>\n\t<meta property=\"og:image:width\" content=\"950\" \/>\n\t<meta property=\"og:image:height\" content=\"950\" \/>\n\t<meta property=\"og:image:type\" content=\"image\/jpeg\" \/>\n<meta name=\"twitter:card\" content=\"summary_large_image\" \/>\n<meta name=\"twitter:site\" content=\"@darrera_meteo\" \/>\n<script type=\"application\/ld+json\" class=\"yoast-schema-graph\">{\"@context\":\"https:\\\/\\\/schema.org\",\"@graph\":[{\"@type\":\"WebPage\",\"@id\":\"https:\\\/\\\/www.darrera.com\\\/es\\\/producto\\\/hd2005-20-tripode-montaje-aluminio-anodizado\\\/\",\"url\":\"https:\\\/\\\/www.darrera.com\\\/es\\\/producto\\\/hd2005-20-tripode-montaje-aluminio-anodizado\\\/\",\"name\":\"Tr\u00edpode de Montaje de Aluminio Anodizado | Darrera\",\"isPartOf\":{\"@id\":\"https:\\\/\\\/www.darrera.com\\\/es\\\/#website\"},\"primaryImageOfPage\":{\"@id\":\"https:\\\/\\\/www.darrera.com\\\/es\\\/producto\\\/hd2005-20-tripode-montaje-aluminio-anodizado\\\/#primaryimage\"},\"image\":{\"@id\":\"https:\\\/\\\/www.darrera.com\\\/es\\\/producto\\\/hd2005-20-tripode-montaje-aluminio-anodizado\\\/#primaryimage\"},\"thumbnailUrl\":\"https:\\\/\\\/www.darrera.com\\\/wp-content\\\/uploads\\\/2018\\\/04\\\/hd2005-20-tripode-montaje-aluminio-anodizado.jpg\",\"datePublished\":\"2018-04-09T13:15:32+00:00\",\"dateModified\":\"2023-03-08T12:41:30+00:00\",\"breadcrumb\":{\"@id\":\"https:\\\/\\\/www.darrera.com\\\/es\\\/producto\\\/hd2005-20-tripode-montaje-aluminio-anodizado\\\/#breadcrumb\"},\"inLanguage\":\"es\",\"potentialAction\":[{\"@type\":\"ReadAction\",\"target\":[\"https:\\\/\\\/www.darrera.com\\\/es\\\/producto\\\/hd2005-20-tripode-montaje-aluminio-anodizado\\\/\"]}]},{\"@type\":\"ImageObject\",\"inLanguage\":\"es\",\"@id\":\"https:\\\/\\\/www.darrera.com\\\/es\\\/producto\\\/hd2005-20-tripode-montaje-aluminio-anodizado\\\/#primaryimage\",\"url\":\"https:\\\/\\\/www.darrera.com\\\/wp-content\\\/uploads\\\/2018\\\/04\\\/hd2005-20-tripode-montaje-aluminio-anodizado.jpg\",\"contentUrl\":\"https:\\\/\\\/www.darrera.com\\\/wp-content\\\/uploads\\\/2018\\\/04\\\/hd2005-20-tripode-montaje-aluminio-anodizado.jpg\",\"width\":950,\"height\":950,\"caption\":\"HD2005.20 - Tr\u00edpode de Montaje de Aluminio Anodizado\"},{\"@type\":\"BreadcrumbList\",\"@id\":\"https:\\\/\\\/www.darrera.com\\\/es\\\/producto\\\/hd2005-20-tripode-montaje-aluminio-anodizado\\\/#breadcrumb\",\"itemListElement\":[{\"@type\":\"ListItem\",\"position\":1,\"name\":\"Home\",\"item\":\"https:\\\/\\\/www.darrera.com\\\/es\\\/\"},{\"@type\":\"ListItem\",\"position\":2,\"name\":\"Productos\",\"item\":\"https:\\\/\\\/www.darrera.com\\\/es\\\/productos\\\/\"},{\"@type\":\"ListItem\",\"position\":3,\"name\":\"Tr\u00edpode de Montaje de Aluminio Anodizado\"}]},{\"@type\":\"WebSite\",\"@id\":\"https:\\\/\\\/www.darrera.com\\\/es\\\/#website\",\"url\":\"https:\\\/\\\/www.darrera.com\\\/es\\\/\",\"name\":\"Darrera\",\"description\":\"Instrumentos, soluciones y servicios meteorol\u00f3gicos\",\"publisher\":{\"@id\":\"https:\\\/\\\/www.darrera.com\\\/es\\\/#organization\"},\"potentialAction\":[{\"@type\":\"SearchAction\",\"target\":{\"@type\":\"EntryPoint\",\"urlTemplate\":\"https:\\\/\\\/www.darrera.com\\\/es\\\/?s={search_term_string}\"},\"query-input\":{\"@type\":\"PropertyValueSpecification\",\"valueRequired\":true,\"valueName\":\"search_term_string\"}}],\"inLanguage\":\"es\"},{\"@type\":\"Organization\",\"@id\":\"https:\\\/\\\/www.darrera.com\\\/es\\\/#organization\",\"name\":\"Darrera\",\"url\":\"https:\\\/\\\/www.darrera.com\\\/es\\\/\",\"logo\":{\"@type\":\"ImageObject\",\"inLanguage\":\"es\",\"@id\":\"https:\\\/\\\/www.darrera.com\\\/es\\\/#\\\/schema\\\/logo\\\/image\\\/\",\"url\":\"https:\\\/\\\/www.darrera.com\\\/wp\\\/wp-content\\\/uploads\\\/logo-darrera.png\",\"contentUrl\":\"https:\\\/\\\/www.darrera.com\\\/wp\\\/wp-content\\\/uploads\\\/logo-darrera.png\",\"width\":500,\"height\":85,\"caption\":\"Darrera\"},\"image\":{\"@id\":\"https:\\\/\\\/www.darrera.com\\\/es\\\/#\\\/schema\\\/logo\\\/image\\\/\"},\"sameAs\":[\"http:\\\/\\\/facebook.com\\\/darrerameteo\",\"https:\\\/\\\/x.com\\\/darrera_meteo\",\"https:\\\/\\\/www.linkedin.com\\\/company\\\/darrera-s-a-\",\"http:\\\/\\\/youtube.com\\\/darreratv\"]}]}<\/script>\n<!-- \/ Yoast SEO plugin. -->","yoast_head_json":{"title":"Tr\u00edpode de Montaje de Aluminio Anodizado | Darrera","robots":{"index":"index","follow":"follow","max-snippet":"max-snippet:-1","max-image-preview":"max-image-preview:large","max-video-preview":"max-video-preview:-1"},"canonical":"https:\/\/www.darrera.com\/es\/producto\/hd2005-20-tripode-montaje-aluminio-anodizado\/","og_locale":"es_ES","og_type":"article","og_title":"Tr\u00edpode de Montaje de Aluminio Anodizado | Darrera","og_description":"Presenta un dise\u00f1o robusto y est\u00e1 fabricado \u00edntegramente en aluminio anodizado para garantizar una alta resistencia a la intemperie. Est\u00e1 disponible con una altura total de 2 o 3 metros.","og_url":"https:\/\/www.darrera.com\/es\/producto\/hd2005-20-tripode-montaje-aluminio-anodizado\/","og_site_name":"Darrera","article_publisher":"http:\/\/facebook.com\/darrerameteo","article_modified_time":"2023-03-08T12:41:30+00:00","og_image":[{"width":950,"height":950,"url":"https:\/\/www.darrera.com\/wp-content\/uploads\/2018\/04\/hd2005-20-tripode-montaje-aluminio-anodizado.jpg","type":"image\/jpeg"}],"twitter_card":"summary_large_image","twitter_site":"@darrera_meteo","schema":{"@context":"https:\/\/schema.org","@graph":[{"@type":"WebPage","@id":"https:\/\/www.darrera.com\/es\/producto\/hd2005-20-tripode-montaje-aluminio-anodizado\/","url":"https:\/\/www.darrera.com\/es\/producto\/hd2005-20-tripode-montaje-aluminio-anodizado\/","name":"Tr\u00edpode de Montaje de Aluminio Anodizado | Darrera","isPartOf":{"@id":"https:\/\/www.darrera.com\/es\/#website"},"primaryImageOfPage":{"@id":"https:\/\/www.darrera.com\/es\/producto\/hd2005-20-tripode-montaje-aluminio-anodizado\/#primaryimage"},"image":{"@id":"https:\/\/www.darrera.com\/es\/producto\/hd2005-20-tripode-montaje-aluminio-anodizado\/#primaryimage"},"thumbnailUrl":"https:\/\/www.darrera.com\/wp-content\/uploads\/2018\/04\/hd2005-20-tripode-montaje-aluminio-anodizado.jpg","datePublished":"2018-04-09T13:15:32+00:00","dateModified":"2023-03-08T12:41:30+00:00","breadcrumb":{"@id":"https:\/\/www.darrera.com\/es\/producto\/hd2005-20-tripode-montaje-aluminio-anodizado\/#breadcrumb"},"inLanguage":"es","potentialAction":[{"@type":"ReadAction","target":["https:\/\/www.darrera.com\/es\/producto\/hd2005-20-tripode-montaje-aluminio-anodizado\/"]}]},{"@type":"ImageObject","inLanguage":"es","@id":"https:\/\/www.darrera.com\/es\/producto\/hd2005-20-tripode-montaje-aluminio-anodizado\/#primaryimage","url":"https:\/\/www.darrera.com\/wp-content\/uploads\/2018\/04\/hd2005-20-tripode-montaje-aluminio-anodizado.jpg","contentUrl":"https:\/\/www.darrera.com\/wp-content\/uploads\/2018\/04\/hd2005-20-tripode-montaje-aluminio-anodizado.jpg","width":950,"height":950,"caption":"HD2005.20 - Tr\u00edpode de Montaje de Aluminio Anodizado"},{"@type":"BreadcrumbList","@id":"https:\/\/www.darrera.com\/es\/producto\/hd2005-20-tripode-montaje-aluminio-anodizado\/#breadcrumb","itemListElement":[{"@type":"ListItem","position":1,"name":"Home","item":"https:\/\/www.darrera.com\/es\/"},{"@type":"ListItem","position":2,"name":"Productos","item":"https:\/\/www.darrera.com\/es\/productos\/"},{"@type":"ListItem","position":3,"name":"Tr\u00edpode de Montaje de Aluminio Anodizado"}]},{"@type":"WebSite","@id":"https:\/\/www.darrera.com\/es\/#website","url":"https:\/\/www.darrera.com\/es\/","name":"Darrera","description":"Instrumentos, soluciones y servicios meteorol\u00f3gicos","publisher":{"@id":"https:\/\/www.darrera.com\/es\/#organization"},"potentialAction":[{"@type":"SearchAction","target":{"@type":"EntryPoint","urlTemplate":"https:\/\/www.darrera.com\/es\/?s={search_term_string}"},"query-input":{"@type":"PropertyValueSpecification","valueRequired":true,"valueName":"search_term_string"}}],"inLanguage":"es"},{"@type":"Organization","@id":"https:\/\/www.darrera.com\/es\/#organization","name":"Darrera","url":"https:\/\/www.darrera.com\/es\/","logo":{"@type":"ImageObject","inLanguage":"es","@id":"https:\/\/www.darrera.com\/es\/#\/schema\/logo\/image\/","url":"https:\/\/www.darrera.com\/wp\/wp-content\/uploads\/logo-darrera.png","contentUrl":"https:\/\/www.darrera.com\/wp\/wp-content\/uploads\/logo-darrera.png","width":500,"height":85,"caption":"Darrera"},"image":{"@id":"https:\/\/www.darrera.com\/es\/#\/schema\/logo\/image\/"},"sameAs":["http:\/\/facebook.com\/darrerameteo","https:\/\/x.com\/darrera_meteo","https:\/\/www.linkedin.com\/company\/darrera-s-a-","http:\/\/youtube.com\/darreratv"]}]}},"_links":{"self":[{"href":"https:\/\/www.darrera.com\/es\/wp-json\/wp\/v2\/product\/1834","targetHints":{"allow":["GET"]}}],"collection":[{"href":"https:\/\/www.darrera.com\/es\/wp-json\/wp\/v2\/product"}],"about":[{"href":"https:\/\/www.darrera.com\/es\/wp-json\/wp\/v2\/types\/product"}],"wp:featuredmedia":[{"embeddable":true,"href":"https:\/\/www.darrera.com\/es\/wp-json\/wp\/v2\/media\/2253"}],"wp:attachment":[{"href":"https:\/\/www.darrera.com\/es\/wp-json\/wp\/v2\/media?parent=1834"}],"wp:term":[{"taxonomy":"product_brand","embeddable":true,"href":"https:\/\/www.darrera.com\/es\/wp-json\/wp\/v2\/product_brand?post=1834"},{"taxonomy":"product_cat","embeddable":true,"href":"https:\/\/www.darrera.com\/es\/wp-json\/wp\/v2\/product_cat?post=1834"},{"taxonomy":"product_tag","embeddable":true,"href":"https:\/\/www.darrera.com\/es\/wp-json\/wp\/v2\/product_tag?post=1834"}],"curies":[{"name":"wp","href":"https:\/\/api.w.org\/{rel}","templated":true}]}}