{"id":1838,"date":"2018-05-30T19:05:27","date_gmt":"2018-05-30T17:05:27","guid":{"rendered":"https:\/\/www.darrera.com\/wp\/product\/ld1000-strikealert\/"},"modified":"2024-01-09T10:17:41","modified_gmt":"2024-01-09T09:17:41","slug":"ld1000-strikealert","status":"publish","type":"product","link":"https:\/\/www.darrera.com\/es\/producto\/ld1000-strikealert\/","title":{"rendered":"StrikeAlert\u00ae"},"content":{"rendered":"<h3>Disfrutar del ocio al aire libre con seguridad<\/h3>\n<p>StrikeAlert\u00ae utiliza alarmas sonoras y visuales para indicar la distancia a la que tienen lugar las descargas el\u00e9ctricas de los rayos, permitiendo conocer en todo momento la actividad de una tormenta dentro de un radio de hasta 40 millas. Esta informaci\u00f3n es vital para poder disfrutar con seguridad de todo tipo de actividades de ocio al aire libre, como el monta\u00f1ismo, el ciclismo o la n\u00e1utica.<\/p>\n<h3>El m\u00e1s peque\u00f1o y ligero del mercado<\/h3>\n<p>StrikeAlert\u00ae es el detector de tormentas m\u00e1s peque\u00f1o y ligero del mercado, gracias a sus reducidas dimensiones de 51 x 69 x 33 mm y su peso de tan solo 72 gramos. Puede llevarse c\u00f3modamente a todas partes, ya sea en el bolsillo o sujeto al cintur\u00f3n o a la mochila mediante su clip, casi sin darse cuenta. Su robusto dise\u00f1o en pl\u00e1stico garantiza una alta resistencia a los golpes.<\/p>\n<h3>Tecnolog\u00eda avanzada y de f\u00e1cil uso<\/h3>\n<p>Una alarma suena al detectar cada descarga el\u00e9ctrica y el LED correspondiente se ilumina seg\u00fan las distancias de 24 a 40 millas, 12 a 24 millas, 6 a 12 millas y menos de 6 millas. StrikeAlert\u00ae se basa en la tendencia de las distancias de los rayos ca\u00eddos durante los \u00faltimos 5 minutos para determinar si la tormenta se aproxima, se aleja o est\u00e1 estacionaria, indicando cada caso mediante un ciclo distinto de encendido de los LEDs.<\/p>\n<p>Con un \u00fanico bot\u00f3n, el dispositivo ofrece informaci\u00f3n sobre la distancia a la que caen los rayos, la direcci\u00f3n de la tormenta y el estado de la bater\u00eda. Las 2 pilas AAA incluidas garantizan una larga duraci\u00f3n antes de tener que ser reemplazadas.<\/p>\n","protected":false},"excerpt":{"rendered":"<p>Indica la distancia a la que ocurren las descargas el\u00e9ctricas de los rayos, permitiendo conocer en todo momento la actividad de una tormenta en un radio de hasta 40 millas.<\/p>\n","protected":false},"featured_media":1837,"template":"","meta":[],"product_brand":[],"product_cat":[226],"product_tag":[],"class_list":{"0":"post-1838","1":"product","2":"type-product","3":"status-publish","4":"has-post-thumbnail","6":"product_cat-detectores-rayos-instrumentos-portatiles","8":"first","9":"instock","10":"taxable","11":"shipping-taxable","12":"purchasable","13":"product-type-simple"},"yoast_head":"<!-- This site is optimized with the Yoast SEO plugin v27.4 - https:\/\/yoast.com\/product\/yoast-seo-wordpress\/ -->\n<title>StrikeAlert\u00ae | Darrera<\/title>\n<meta name=\"robots\" content=\"index, follow, max-snippet:-1, max-image-preview:large, max-video-preview:-1\" \/>\n<link rel=\"canonical\" href=\"https:\/\/www.darrera.com\/es\/producto\/ld1000-strikealert\/\" \/>\n<meta property=\"og:locale\" content=\"es_ES\" \/>\n<meta property=\"og:type\" content=\"article\" \/>\n<meta property=\"og:title\" content=\"StrikeAlert\u00ae | Darrera\" \/>\n<meta property=\"og:description\" content=\"Indica la distancia a la que ocurren las descargas el\u00e9ctricas de los rayos, permitiendo conocer en todo momento la actividad de una tormenta en un radio de hasta 40 millas.\" \/>\n<meta property=\"og:url\" content=\"https:\/\/www.darrera.com\/es\/producto\/ld1000-strikealert\/\" \/>\n<meta property=\"og:site_name\" content=\"Darrera\" \/>\n<meta property=\"article:publisher\" content=\"http:\/\/facebook.com\/darrerameteo\" \/>\n<meta property=\"article:modified_time\" content=\"2024-01-09T09:17:41+00:00\" \/>\n<meta property=\"og:image\" content=\"https:\/\/www.darrera.com\/wp-content\/uploads\/2018\/05\/ld1000-strikealert.jpg\" \/>\n\t<meta property=\"og:image:width\" content=\"950\" \/>\n\t<meta property=\"og:image:height\" content=\"950\" \/>\n\t<meta property=\"og:image:type\" content=\"image\/jpeg\" \/>\n<meta name=\"twitter:card\" content=\"summary_large_image\" \/>\n<meta name=\"twitter:site\" content=\"@darrera_meteo\" \/>\n<meta name=\"twitter:label1\" content=\"Tiempo de lectura\" \/>\n\t<meta name=\"twitter:data1\" content=\"1 minuto\" \/>\n<script type=\"application\/ld+json\" class=\"yoast-schema-graph\">{\"@context\":\"https:\\\/\\\/schema.org\",\"@graph\":[{\"@type\":\"WebPage\",\"@id\":\"https:\\\/\\\/www.darrera.com\\\/es\\\/producto\\\/ld1000-strikealert\\\/\",\"url\":\"https:\\\/\\\/www.darrera.com\\\/es\\\/producto\\\/ld1000-strikealert\\\/\",\"name\":\"StrikeAlert\u00ae | Darrera\",\"isPartOf\":{\"@id\":\"https:\\\/\\\/www.darrera.com\\\/es\\\/#website\"},\"primaryImageOfPage\":{\"@id\":\"https:\\\/\\\/www.darrera.com\\\/es\\\/producto\\\/ld1000-strikealert\\\/#primaryimage\"},\"image\":{\"@id\":\"https:\\\/\\\/www.darrera.com\\\/es\\\/producto\\\/ld1000-strikealert\\\/#primaryimage\"},\"thumbnailUrl\":\"https:\\\/\\\/www.darrera.com\\\/wp-content\\\/uploads\\\/2018\\\/05\\\/ld1000-strikealert.jpg\",\"datePublished\":\"2018-05-30T17:05:27+00:00\",\"dateModified\":\"2024-01-09T09:17:41+00:00\",\"breadcrumb\":{\"@id\":\"https:\\\/\\\/www.darrera.com\\\/es\\\/producto\\\/ld1000-strikealert\\\/#breadcrumb\"},\"inLanguage\":\"es\",\"potentialAction\":[{\"@type\":\"ReadAction\",\"target\":[\"https:\\\/\\\/www.darrera.com\\\/es\\\/producto\\\/ld1000-strikealert\\\/\"]}]},{\"@type\":\"ImageObject\",\"inLanguage\":\"es\",\"@id\":\"https:\\\/\\\/www.darrera.com\\\/es\\\/producto\\\/ld1000-strikealert\\\/#primaryimage\",\"url\":\"https:\\\/\\\/www.darrera.com\\\/wp-content\\\/uploads\\\/2018\\\/05\\\/ld1000-strikealert.jpg\",\"contentUrl\":\"https:\\\/\\\/www.darrera.com\\\/wp-content\\\/uploads\\\/2018\\\/05\\\/ld1000-strikealert.jpg\",\"width\":950,\"height\":950,\"caption\":\"LD1000 - StrikeAlert\u00ae\"},{\"@type\":\"BreadcrumbList\",\"@id\":\"https:\\\/\\\/www.darrera.com\\\/es\\\/producto\\\/ld1000-strikealert\\\/#breadcrumb\",\"itemListElement\":[{\"@type\":\"ListItem\",\"position\":1,\"name\":\"Home\",\"item\":\"https:\\\/\\\/www.darrera.com\\\/es\\\/\"},{\"@type\":\"ListItem\",\"position\":2,\"name\":\"Productos\",\"item\":\"https:\\\/\\\/www.darrera.com\\\/es\\\/productos\\\/\"},{\"@type\":\"ListItem\",\"position\":3,\"name\":\"StrikeAlert\u00ae\"}]},{\"@type\":\"WebSite\",\"@id\":\"https:\\\/\\\/www.darrera.com\\\/es\\\/#website\",\"url\":\"https:\\\/\\\/www.darrera.com\\\/es\\\/\",\"name\":\"Darrera\",\"description\":\"Instrumentos, soluciones y servicios meteorol\u00f3gicos\",\"publisher\":{\"@id\":\"https:\\\/\\\/www.darrera.com\\\/es\\\/#organization\"},\"potentialAction\":[{\"@type\":\"SearchAction\",\"target\":{\"@type\":\"EntryPoint\",\"urlTemplate\":\"https:\\\/\\\/www.darrera.com\\\/es\\\/?s={search_term_string}\"},\"query-input\":{\"@type\":\"PropertyValueSpecification\",\"valueRequired\":true,\"valueName\":\"search_term_string\"}}],\"inLanguage\":\"es\"},{\"@type\":\"Organization\",\"@id\":\"https:\\\/\\\/www.darrera.com\\\/es\\\/#organization\",\"name\":\"Darrera\",\"url\":\"https:\\\/\\\/www.darrera.com\\\/es\\\/\",\"logo\":{\"@type\":\"ImageObject\",\"inLanguage\":\"es\",\"@id\":\"https:\\\/\\\/www.darrera.com\\\/es\\\/#\\\/schema\\\/logo\\\/image\\\/\",\"url\":\"https:\\\/\\\/www.darrera.com\\\/wp\\\/wp-content\\\/uploads\\\/logo-darrera.png\",\"contentUrl\":\"https:\\\/\\\/www.darrera.com\\\/wp\\\/wp-content\\\/uploads\\\/logo-darrera.png\",\"width\":500,\"height\":85,\"caption\":\"Darrera\"},\"image\":{\"@id\":\"https:\\\/\\\/www.darrera.com\\\/es\\\/#\\\/schema\\\/logo\\\/image\\\/\"},\"sameAs\":[\"http:\\\/\\\/facebook.com\\\/darrerameteo\",\"https:\\\/\\\/x.com\\\/darrera_meteo\",\"https:\\\/\\\/www.linkedin.com\\\/company\\\/darrera-s-a-\",\"http:\\\/\\\/youtube.com\\\/darreratv\"]}]}<\/script>\n<!-- \/ Yoast SEO plugin. -->","yoast_head_json":{"title":"StrikeAlert\u00ae | Darrera","robots":{"index":"index","follow":"follow","max-snippet":"max-snippet:-1","max-image-preview":"max-image-preview:large","max-video-preview":"max-video-preview:-1"},"canonical":"https:\/\/www.darrera.com\/es\/producto\/ld1000-strikealert\/","og_locale":"es_ES","og_type":"article","og_title":"StrikeAlert\u00ae | Darrera","og_description":"Indica la distancia a la que ocurren las descargas el\u00e9ctricas de los rayos, permitiendo conocer en todo momento la actividad de una tormenta en un radio de hasta 40 millas.","og_url":"https:\/\/www.darrera.com\/es\/producto\/ld1000-strikealert\/","og_site_name":"Darrera","article_publisher":"http:\/\/facebook.com\/darrerameteo","article_modified_time":"2024-01-09T09:17:41+00:00","og_image":[{"width":950,"height":950,"url":"https:\/\/www.darrera.com\/wp-content\/uploads\/2018\/05\/ld1000-strikealert.jpg","type":"image\/jpeg"}],"twitter_card":"summary_large_image","twitter_site":"@darrera_meteo","twitter_misc":{"Tiempo de lectura":"1 minuto"},"schema":{"@context":"https:\/\/schema.org","@graph":[{"@type":"WebPage","@id":"https:\/\/www.darrera.com\/es\/producto\/ld1000-strikealert\/","url":"https:\/\/www.darrera.com\/es\/producto\/ld1000-strikealert\/","name":"StrikeAlert\u00ae | Darrera","isPartOf":{"@id":"https:\/\/www.darrera.com\/es\/#website"},"primaryImageOfPage":{"@id":"https:\/\/www.darrera.com\/es\/producto\/ld1000-strikealert\/#primaryimage"},"image":{"@id":"https:\/\/www.darrera.com\/es\/producto\/ld1000-strikealert\/#primaryimage"},"thumbnailUrl":"https:\/\/www.darrera.com\/wp-content\/uploads\/2018\/05\/ld1000-strikealert.jpg","datePublished":"2018-05-30T17:05:27+00:00","dateModified":"2024-01-09T09:17:41+00:00","breadcrumb":{"@id":"https:\/\/www.darrera.com\/es\/producto\/ld1000-strikealert\/#breadcrumb"},"inLanguage":"es","potentialAction":[{"@type":"ReadAction","target":["https:\/\/www.darrera.com\/es\/producto\/ld1000-strikealert\/"]}]},{"@type":"ImageObject","inLanguage":"es","@id":"https:\/\/www.darrera.com\/es\/producto\/ld1000-strikealert\/#primaryimage","url":"https:\/\/www.darrera.com\/wp-content\/uploads\/2018\/05\/ld1000-strikealert.jpg","contentUrl":"https:\/\/www.darrera.com\/wp-content\/uploads\/2018\/05\/ld1000-strikealert.jpg","width":950,"height":950,"caption":"LD1000 - StrikeAlert\u00ae"},{"@type":"BreadcrumbList","@id":"https:\/\/www.darrera.com\/es\/producto\/ld1000-strikealert\/#breadcrumb","itemListElement":[{"@type":"ListItem","position":1,"name":"Home","item":"https:\/\/www.darrera.com\/es\/"},{"@type":"ListItem","position":2,"name":"Productos","item":"https:\/\/www.darrera.com\/es\/productos\/"},{"@type":"ListItem","position":3,"name":"StrikeAlert\u00ae"}]},{"@type":"WebSite","@id":"https:\/\/www.darrera.com\/es\/#website","url":"https:\/\/www.darrera.com\/es\/","name":"Darrera","description":"Instrumentos, soluciones y servicios meteorol\u00f3gicos","publisher":{"@id":"https:\/\/www.darrera.com\/es\/#organization"},"potentialAction":[{"@type":"SearchAction","target":{"@type":"EntryPoint","urlTemplate":"https:\/\/www.darrera.com\/es\/?s={search_term_string}"},"query-input":{"@type":"PropertyValueSpecification","valueRequired":true,"valueName":"search_term_string"}}],"inLanguage":"es"},{"@type":"Organization","@id":"https:\/\/www.darrera.com\/es\/#organization","name":"Darrera","url":"https:\/\/www.darrera.com\/es\/","logo":{"@type":"ImageObject","inLanguage":"es","@id":"https:\/\/www.darrera.com\/es\/#\/schema\/logo\/image\/","url":"https:\/\/www.darrera.com\/wp\/wp-content\/uploads\/logo-darrera.png","contentUrl":"https:\/\/www.darrera.com\/wp\/wp-content\/uploads\/logo-darrera.png","width":500,"height":85,"caption":"Darrera"},"image":{"@id":"https:\/\/www.darrera.com\/es\/#\/schema\/logo\/image\/"},"sameAs":["http:\/\/facebook.com\/darrerameteo","https:\/\/x.com\/darrera_meteo","https:\/\/www.linkedin.com\/company\/darrera-s-a-","http:\/\/youtube.com\/darreratv"]}]}},"_links":{"self":[{"href":"https:\/\/www.darrera.com\/es\/wp-json\/wp\/v2\/product\/1838","targetHints":{"allow":["GET"]}}],"collection":[{"href":"https:\/\/www.darrera.com\/es\/wp-json\/wp\/v2\/product"}],"about":[{"href":"https:\/\/www.darrera.com\/es\/wp-json\/wp\/v2\/types\/product"}],"wp:featuredmedia":[{"embeddable":true,"href":"https:\/\/www.darrera.com\/es\/wp-json\/wp\/v2\/media\/1837"}],"wp:attachment":[{"href":"https:\/\/www.darrera.com\/es\/wp-json\/wp\/v2\/media?parent=1838"}],"wp:term":[{"taxonomy":"product_brand","embeddable":true,"href":"https:\/\/www.darrera.com\/es\/wp-json\/wp\/v2\/product_brand?post=1838"},{"taxonomy":"product_cat","embeddable":true,"href":"https:\/\/www.darrera.com\/es\/wp-json\/wp\/v2\/product_cat?post=1838"},{"taxonomy":"product_tag","embeddable":true,"href":"https:\/\/www.darrera.com\/es\/wp-json\/wp\/v2\/product_tag?post=1838"}],"curies":[{"name":"wp","href":"https:\/\/api.w.org\/{rel}","templated":true}]}}