{"id":1859,"date":"2018-04-09T11:18:10","date_gmt":"2018-04-09T09:18:10","guid":{"rendered":"https:\/\/www.darrera.com\/wp\/product\/6357-iss-vantage-vue\/"},"modified":"2024-02-15T18:21:12","modified_gmt":"2024-02-15T17:21:12","slug":"6357-iss-vantage-vue","status":"publish","type":"product","link":"https:\/\/www.darrera.com\/es\/producto\/6357-iss-vantage-vue\/","title":{"rendered":"ISS de Vantage Vue\u00ae"},"content":{"rendered":"<h3>La mejor estaci\u00f3n de su gama<\/h3>\n<p>Vantage Vue\u00ae es la estaci\u00f3n de gama de entrada de Davis Instruments. Combina la precisi\u00f3n y durabilidad de su hermana mayor Vantage Pro2&#x2122; en un sistema compacto y f\u00e1cil de montar, para empezar a disfrutar de la meteorolog\u00eda a los pocos minutos de abrir la caja.<\/p>\n<h3>Dise\u00f1o moderno y compacto<\/h3>\n<p>El Conjunto Integrado de Sensores (ISS) sorprende por su innovador dise\u00f1o, que se integra a la perfecci\u00f3n en cualquier ubicaci\u00f3n. Es resistente a la corrosi\u00f3n y a todas las inclemencias del tiempo, desde inviernos helados e intensas tormentas primaverales hasta calurosos veranos y fuertes vientos oto\u00f1ales. El protector solar brinda una excelente protecci\u00f3n contra la radiaci\u00f3n solar y otras fuentes de calor radiado y reflejado. El panel solar alimenta al ISS durante el d\u00eda, a la vez que carga una bater\u00eda interna que proporciona energ\u00eda por la noche. Una pila de litio sirve de respaldo en caso de necesidad.<\/p>\n<h3>Tecnolog\u00eda inal\u00e1mbrica de largo alcance<\/h3>\n<p>El ISS env\u00eda los paquetes de datos a la consola de forma inal\u00e1mbrica a una distancia de hasta 300 metros, con una frecuencia de actualizaci\u00f3n de 2,5 segundos. Esto es tres veces m\u00e1s lejos que las estaciones de la competencia y hasta diez veces m\u00e1s r\u00e1pido. Adem\u00e1s, la tecnolog\u00eda radio de espectro ensanchado por salto en frecuencia garantiza una transmisi\u00f3n de datos fiable y sin interferencias.<\/p>\n<p>Vantage Vue\u00ae es radio-compatible con Vantage Pro2&#x2122;, permitiendo, por ejemplo, utilizar una consola de Vantage Vue\u00ae con un ISS de Vantage Pro2&#x2122;, o ampliar el alcance de la transmisi\u00f3n inal\u00e1mbrica a trav\u00e9s de repetidores de corto y largo alcance.<\/p>\n<h3>Variables meteorol\u00f3gicas<\/h3>\n<ul>\n<li>Velocidad y direcci\u00f3n del viento.<\/li>\n<li>Temperatura y humedad exterior.<\/li>\n<li>Temperatura de sensaci\u00f3n y punto de roc\u00edo.<\/li>\n<li>Lluvia actual y acumulada diaria, mensual y anual.<\/li>\n<li>Intensidad de lluvia.<\/li>\n<\/ul>\n<h3>Precio asequible<\/h3>\n<p>Vantage Vue\u00ae es la estaci\u00f3n m\u00e1s completa y precisa de su rango de precio, lo que la convierte en la opci\u00f3n perfecta para todos aquellos que deseen disfrutar de la meteorolog\u00eda profesional sin invertir mucho dinero. Su excelente relaci\u00f3n calidad\/precio la hace especialmente recomendable para hogares, escuelas, centros deportivos, etc.<\/p>\n","protected":false},"excerpt":{"rendered":"<p>La estaci\u00f3n de gama de entrada de Davis Instruments. Combina la precisi\u00f3n y durabilidad de Vantage Pro2&#x2122; en un sistema compacto y f\u00e1cil de montar.<\/p>\n","protected":false},"featured_media":1858,"template":"","meta":[],"product_brand":[],"product_cat":[228],"product_tag":[],"class_list":{"0":"post-1859","1":"product","2":"type-product","3":"status-publish","4":"has-post-thumbnail","6":"product_cat-conjuntos-integrados-sensores-davis-instruments","8":"first","9":"instock","10":"taxable","11":"shipping-taxable","12":"purchasable","13":"product-type-simple"},"yoast_head":"<!-- This site is optimized with the Yoast SEO plugin v27.4 - https:\/\/yoast.com\/product\/yoast-seo-wordpress\/ -->\n<title>ISS de Vantage Vue\u00ae | Darrera<\/title>\n<meta name=\"robots\" content=\"index, follow, max-snippet:-1, max-image-preview:large, max-video-preview:-1\" \/>\n<link rel=\"canonical\" href=\"https:\/\/www.darrera.com\/es\/producto\/6357-iss-vantage-vue\/\" \/>\n<meta property=\"og:locale\" content=\"es_ES\" \/>\n<meta property=\"og:type\" content=\"article\" \/>\n<meta property=\"og:title\" content=\"ISS de Vantage Vue\u00ae | Darrera\" \/>\n<meta property=\"og:description\" content=\"La estaci\u00f3n de gama de entrada de Davis Instruments. Combina la precisi\u00f3n y durabilidad de Vantage Pro2&#x2122; en un sistema compacto y f\u00e1cil de montar.\" \/>\n<meta property=\"og:url\" content=\"https:\/\/www.darrera.com\/es\/producto\/6357-iss-vantage-vue\/\" \/>\n<meta property=\"og:site_name\" content=\"Darrera\" \/>\n<meta property=\"article:publisher\" content=\"http:\/\/facebook.com\/darrerameteo\" \/>\n<meta property=\"article:modified_time\" content=\"2024-02-15T17:21:12+00:00\" \/>\n<meta property=\"og:image\" content=\"https:\/\/www.darrera.com\/wp-content\/uploads\/2018\/04\/6357-iss-vantage-vue.jpg\" \/>\n\t<meta property=\"og:image:width\" content=\"950\" \/>\n\t<meta property=\"og:image:height\" content=\"950\" \/>\n\t<meta property=\"og:image:type\" content=\"image\/jpeg\" \/>\n<meta name=\"twitter:card\" content=\"summary_large_image\" \/>\n<meta name=\"twitter:site\" content=\"@darrera_meteo\" \/>\n<meta name=\"twitter:label1\" content=\"Tiempo de lectura\" \/>\n\t<meta name=\"twitter:data1\" content=\"2 minutos\" \/>\n<script type=\"application\/ld+json\" class=\"yoast-schema-graph\">{\"@context\":\"https:\\\/\\\/schema.org\",\"@graph\":[{\"@type\":\"WebPage\",\"@id\":\"https:\\\/\\\/www.darrera.com\\\/es\\\/producto\\\/6357-iss-vantage-vue\\\/\",\"url\":\"https:\\\/\\\/www.darrera.com\\\/es\\\/producto\\\/6357-iss-vantage-vue\\\/\",\"name\":\"ISS de Vantage Vue\u00ae | Darrera\",\"isPartOf\":{\"@id\":\"https:\\\/\\\/www.darrera.com\\\/es\\\/#website\"},\"primaryImageOfPage\":{\"@id\":\"https:\\\/\\\/www.darrera.com\\\/es\\\/producto\\\/6357-iss-vantage-vue\\\/#primaryimage\"},\"image\":{\"@id\":\"https:\\\/\\\/www.darrera.com\\\/es\\\/producto\\\/6357-iss-vantage-vue\\\/#primaryimage\"},\"thumbnailUrl\":\"https:\\\/\\\/www.darrera.com\\\/wp-content\\\/uploads\\\/2018\\\/04\\\/6357-iss-vantage-vue.jpg\",\"datePublished\":\"2018-04-09T09:18:10+00:00\",\"dateModified\":\"2024-02-15T17:21:12+00:00\",\"breadcrumb\":{\"@id\":\"https:\\\/\\\/www.darrera.com\\\/es\\\/producto\\\/6357-iss-vantage-vue\\\/#breadcrumb\"},\"inLanguage\":\"es\",\"potentialAction\":[{\"@type\":\"ReadAction\",\"target\":[\"https:\\\/\\\/www.darrera.com\\\/es\\\/producto\\\/6357-iss-vantage-vue\\\/\"]}]},{\"@type\":\"ImageObject\",\"inLanguage\":\"es\",\"@id\":\"https:\\\/\\\/www.darrera.com\\\/es\\\/producto\\\/6357-iss-vantage-vue\\\/#primaryimage\",\"url\":\"https:\\\/\\\/www.darrera.com\\\/wp-content\\\/uploads\\\/2018\\\/04\\\/6357-iss-vantage-vue.jpg\",\"contentUrl\":\"https:\\\/\\\/www.darrera.com\\\/wp-content\\\/uploads\\\/2018\\\/04\\\/6357-iss-vantage-vue.jpg\",\"width\":950,\"height\":950,\"caption\":\"6357 - ISS de Vantage Vue\u00ae\"},{\"@type\":\"BreadcrumbList\",\"@id\":\"https:\\\/\\\/www.darrera.com\\\/es\\\/producto\\\/6357-iss-vantage-vue\\\/#breadcrumb\",\"itemListElement\":[{\"@type\":\"ListItem\",\"position\":1,\"name\":\"Home\",\"item\":\"https:\\\/\\\/www.darrera.com\\\/es\\\/\"},{\"@type\":\"ListItem\",\"position\":2,\"name\":\"Productos\",\"item\":\"https:\\\/\\\/www.darrera.com\\\/es\\\/productos\\\/\"},{\"@type\":\"ListItem\",\"position\":3,\"name\":\"ISS de Vantage Vue\u00ae\"}]},{\"@type\":\"WebSite\",\"@id\":\"https:\\\/\\\/www.darrera.com\\\/es\\\/#website\",\"url\":\"https:\\\/\\\/www.darrera.com\\\/es\\\/\",\"name\":\"Darrera\",\"description\":\"Instrumentos, soluciones y servicios meteorol\u00f3gicos\",\"publisher\":{\"@id\":\"https:\\\/\\\/www.darrera.com\\\/es\\\/#organization\"},\"potentialAction\":[{\"@type\":\"SearchAction\",\"target\":{\"@type\":\"EntryPoint\",\"urlTemplate\":\"https:\\\/\\\/www.darrera.com\\\/es\\\/?s={search_term_string}\"},\"query-input\":{\"@type\":\"PropertyValueSpecification\",\"valueRequired\":true,\"valueName\":\"search_term_string\"}}],\"inLanguage\":\"es\"},{\"@type\":\"Organization\",\"@id\":\"https:\\\/\\\/www.darrera.com\\\/es\\\/#organization\",\"name\":\"Darrera\",\"url\":\"https:\\\/\\\/www.darrera.com\\\/es\\\/\",\"logo\":{\"@type\":\"ImageObject\",\"inLanguage\":\"es\",\"@id\":\"https:\\\/\\\/www.darrera.com\\\/es\\\/#\\\/schema\\\/logo\\\/image\\\/\",\"url\":\"https:\\\/\\\/www.darrera.com\\\/wp\\\/wp-content\\\/uploads\\\/logo-darrera.png\",\"contentUrl\":\"https:\\\/\\\/www.darrera.com\\\/wp\\\/wp-content\\\/uploads\\\/logo-darrera.png\",\"width\":500,\"height\":85,\"caption\":\"Darrera\"},\"image\":{\"@id\":\"https:\\\/\\\/www.darrera.com\\\/es\\\/#\\\/schema\\\/logo\\\/image\\\/\"},\"sameAs\":[\"http:\\\/\\\/facebook.com\\\/darrerameteo\",\"https:\\\/\\\/x.com\\\/darrera_meteo\",\"https:\\\/\\\/www.linkedin.com\\\/company\\\/darrera-s-a-\",\"http:\\\/\\\/youtube.com\\\/darreratv\"]}]}<\/script>\n<!-- \/ Yoast SEO plugin. -->","yoast_head_json":{"title":"ISS de Vantage Vue\u00ae | Darrera","robots":{"index":"index","follow":"follow","max-snippet":"max-snippet:-1","max-image-preview":"max-image-preview:large","max-video-preview":"max-video-preview:-1"},"canonical":"https:\/\/www.darrera.com\/es\/producto\/6357-iss-vantage-vue\/","og_locale":"es_ES","og_type":"article","og_title":"ISS de Vantage Vue\u00ae | Darrera","og_description":"La estaci\u00f3n de gama de entrada de Davis Instruments. Combina la precisi\u00f3n y durabilidad de Vantage Pro2&#x2122; en un sistema compacto y f\u00e1cil de montar.","og_url":"https:\/\/www.darrera.com\/es\/producto\/6357-iss-vantage-vue\/","og_site_name":"Darrera","article_publisher":"http:\/\/facebook.com\/darrerameteo","article_modified_time":"2024-02-15T17:21:12+00:00","og_image":[{"width":950,"height":950,"url":"https:\/\/www.darrera.com\/wp-content\/uploads\/2018\/04\/6357-iss-vantage-vue.jpg","type":"image\/jpeg"}],"twitter_card":"summary_large_image","twitter_site":"@darrera_meteo","twitter_misc":{"Tiempo de lectura":"2 minutos"},"schema":{"@context":"https:\/\/schema.org","@graph":[{"@type":"WebPage","@id":"https:\/\/www.darrera.com\/es\/producto\/6357-iss-vantage-vue\/","url":"https:\/\/www.darrera.com\/es\/producto\/6357-iss-vantage-vue\/","name":"ISS de Vantage Vue\u00ae | Darrera","isPartOf":{"@id":"https:\/\/www.darrera.com\/es\/#website"},"primaryImageOfPage":{"@id":"https:\/\/www.darrera.com\/es\/producto\/6357-iss-vantage-vue\/#primaryimage"},"image":{"@id":"https:\/\/www.darrera.com\/es\/producto\/6357-iss-vantage-vue\/#primaryimage"},"thumbnailUrl":"https:\/\/www.darrera.com\/wp-content\/uploads\/2018\/04\/6357-iss-vantage-vue.jpg","datePublished":"2018-04-09T09:18:10+00:00","dateModified":"2024-02-15T17:21:12+00:00","breadcrumb":{"@id":"https:\/\/www.darrera.com\/es\/producto\/6357-iss-vantage-vue\/#breadcrumb"},"inLanguage":"es","potentialAction":[{"@type":"ReadAction","target":["https:\/\/www.darrera.com\/es\/producto\/6357-iss-vantage-vue\/"]}]},{"@type":"ImageObject","inLanguage":"es","@id":"https:\/\/www.darrera.com\/es\/producto\/6357-iss-vantage-vue\/#primaryimage","url":"https:\/\/www.darrera.com\/wp-content\/uploads\/2018\/04\/6357-iss-vantage-vue.jpg","contentUrl":"https:\/\/www.darrera.com\/wp-content\/uploads\/2018\/04\/6357-iss-vantage-vue.jpg","width":950,"height":950,"caption":"6357 - ISS de Vantage Vue\u00ae"},{"@type":"BreadcrumbList","@id":"https:\/\/www.darrera.com\/es\/producto\/6357-iss-vantage-vue\/#breadcrumb","itemListElement":[{"@type":"ListItem","position":1,"name":"Home","item":"https:\/\/www.darrera.com\/es\/"},{"@type":"ListItem","position":2,"name":"Productos","item":"https:\/\/www.darrera.com\/es\/productos\/"},{"@type":"ListItem","position":3,"name":"ISS de Vantage Vue\u00ae"}]},{"@type":"WebSite","@id":"https:\/\/www.darrera.com\/es\/#website","url":"https:\/\/www.darrera.com\/es\/","name":"Darrera","description":"Instrumentos, soluciones y servicios meteorol\u00f3gicos","publisher":{"@id":"https:\/\/www.darrera.com\/es\/#organization"},"potentialAction":[{"@type":"SearchAction","target":{"@type":"EntryPoint","urlTemplate":"https:\/\/www.darrera.com\/es\/?s={search_term_string}"},"query-input":{"@type":"PropertyValueSpecification","valueRequired":true,"valueName":"search_term_string"}}],"inLanguage":"es"},{"@type":"Organization","@id":"https:\/\/www.darrera.com\/es\/#organization","name":"Darrera","url":"https:\/\/www.darrera.com\/es\/","logo":{"@type":"ImageObject","inLanguage":"es","@id":"https:\/\/www.darrera.com\/es\/#\/schema\/logo\/image\/","url":"https:\/\/www.darrera.com\/wp\/wp-content\/uploads\/logo-darrera.png","contentUrl":"https:\/\/www.darrera.com\/wp\/wp-content\/uploads\/logo-darrera.png","width":500,"height":85,"caption":"Darrera"},"image":{"@id":"https:\/\/www.darrera.com\/es\/#\/schema\/logo\/image\/"},"sameAs":["http:\/\/facebook.com\/darrerameteo","https:\/\/x.com\/darrera_meteo","https:\/\/www.linkedin.com\/company\/darrera-s-a-","http:\/\/youtube.com\/darreratv"]}]}},"_links":{"self":[{"href":"https:\/\/www.darrera.com\/es\/wp-json\/wp\/v2\/product\/1859","targetHints":{"allow":["GET"]}}],"collection":[{"href":"https:\/\/www.darrera.com\/es\/wp-json\/wp\/v2\/product"}],"about":[{"href":"https:\/\/www.darrera.com\/es\/wp-json\/wp\/v2\/types\/product"}],"wp:featuredmedia":[{"embeddable":true,"href":"https:\/\/www.darrera.com\/es\/wp-json\/wp\/v2\/media\/1858"}],"wp:attachment":[{"href":"https:\/\/www.darrera.com\/es\/wp-json\/wp\/v2\/media?parent=1859"}],"wp:term":[{"taxonomy":"product_brand","embeddable":true,"href":"https:\/\/www.darrera.com\/es\/wp-json\/wp\/v2\/product_brand?post=1859"},{"taxonomy":"product_cat","embeddable":true,"href":"https:\/\/www.darrera.com\/es\/wp-json\/wp\/v2\/product_cat?post=1859"},{"taxonomy":"product_tag","embeddable":true,"href":"https:\/\/www.darrera.com\/es\/wp-json\/wp\/v2\/product_tag?post=1859"}],"curies":[{"name":"wp","href":"https:\/\/api.w.org\/{rel}","templated":true}]}}