{"id":1890,"date":"2018-04-09T11:17:55","date_gmt":"2018-04-09T09:17:55","guid":{"rendered":"https:\/\/www.darrera.com\/wp\/product\/rain-o-matic-small\/"},"modified":"2025-03-17T15:30:44","modified_gmt":"2025-03-17T14:30:44","slug":"100-053-pluviometro-pequeno-cucharilla-basculante","status":"publish","type":"product","link":"https:\/\/www.darrera.com\/es\/producto\/100-053-pluviometro-pequeno-cucharilla-basculante\/","title":{"rendered":"Pluvi\u00f3metro Peque\u00f1o de Cucharilla Basculante"},"content":{"rendered":"<h3>La soluci\u00f3n m\u00e1s econ\u00f3mica<\/h3>\n<p>Es un pluvi\u00f3metro peque\u00f1o y funcional que mide la cantidad de lluvia ca\u00edda mediante una cucharilla basculante de vaciado autom\u00e1tico. Dispone de un interruptor reed que se abre cada vez que el peso del agua acumulada hace bascular la cucharilla, lo que produce un pulso que puede ser registrado mediante un datalogger o contador de pulsos. Est\u00e1 fabricado en pl\u00e1stico resistente a los rayos UV y a las heladas.<\/p>\n<h3>Sistema patentado de vaciado autom\u00e1tico<\/h3>\n<p>Un im\u00e1n mantiene la cucharilla en posici\u00f3n de equilibrio, de forma que el vaciado se produce mediante un r\u00e1pido movimiento de la punta, que regresa inmediatamente a la posici\u00f3n inicial para recoger una nueva porci\u00f3n de agua.<\/p>\n<h3>Especificaciones t\u00e9cnicas<\/h3>\n<h4>Especificaciones del sensor<\/h4>\n<ul>\n<li>\u00c1rea de recolecci\u00f3n: 50 cm2<\/li>\n<li>Resoluci\u00f3n: 1 mm<\/li>\n<li>Precisi\u00f3n: \u00b15%<\/li>\n<\/ul>\n<h4>Especificaciones el\u00e9ctricas<\/h4>\n<ul>\n<li>Se\u00f1al de salida: interruptor reed<\/li>\n<\/ul>\n<h4>Especificaciones mec\u00e1nicas<\/h4>\n<ul>\n<li>Material: pl\u00e1stico de alta resistencia<\/li>\n<li>Dimensiones: 100 x 100 x 50 mm<\/li>\n<li>Peso: 115 g<\/li>\n<\/ul>\n","protected":false},"excerpt":{"rendered":"<p>Pluvi\u00f3metro peque\u00f1o y funcional que mide la cantidad de lluvia ca\u00edda mediante una cucharilla basculante de vaciado autom\u00e1tico. Se conecta a cualquier datalogger o contador de pulsos.<\/p>\n","protected":false},"featured_media":1893,"template":"","meta":[],"product_brand":[],"product_cat":[192],"product_tag":[],"class_list":{"0":"post-1890","1":"product","2":"type-product","3":"status-publish","4":"has-post-thumbnail","6":"product_cat-sensores-precipitacion","8":"first","9":"instock","10":"taxable","11":"shipping-taxable","12":"purchasable","13":"product-type-simple"},"yoast_head":"<!-- This site is optimized with the Yoast SEO plugin v27.6 - https:\/\/yoast.com\/product\/yoast-seo-wordpress\/ -->\n<title>Pluvi\u00f3metro Peque\u00f1o de Cucharilla Basculante | Darrera<\/title>\n<meta name=\"robots\" content=\"index, follow, max-snippet:-1, max-image-preview:large, max-video-preview:-1\" \/>\n<link rel=\"canonical\" href=\"https:\/\/www.darrera.com\/en\/producto\/100-053-tipping-spoon-small-rain-gauge\/\" \/>\n<meta property=\"og:locale\" content=\"es_ES\" \/>\n<meta property=\"og:type\" content=\"article\" \/>\n<meta property=\"og:title\" content=\"Pluvi\u00f3metro Peque\u00f1o de Cucharilla Basculante | Darrera\" \/>\n<meta property=\"og:description\" content=\"Pluvi\u00f3metro peque\u00f1o y funcional que mide la cantidad de lluvia ca\u00edda mediante una cucharilla basculante de vaciado autom\u00e1tico. Se conecta a cualquier datalogger o contador de pulsos.\" \/>\n<meta property=\"og:url\" content=\"https:\/\/www.darrera.com\/en\/producto\/100-053-tipping-spoon-small-rain-gauge\/\" \/>\n<meta property=\"og:site_name\" content=\"Darrera\" \/>\n<meta property=\"article:publisher\" content=\"http:\/\/facebook.com\/darrerameteo\" \/>\n<meta property=\"article:modified_time\" content=\"2025-03-17T14:30:44+00:00\" \/>\n<meta property=\"og:image\" content=\"https:\/\/www.darrera.com\/wp-content\/uploads\/2018\/04\/100-053-pluviometro-pequeno-cucharilla-basculante.jpg\" \/>\n\t<meta property=\"og:image:width\" content=\"950\" \/>\n\t<meta property=\"og:image:height\" content=\"950\" \/>\n\t<meta property=\"og:image:type\" content=\"image\/jpeg\" \/>\n<meta name=\"twitter:card\" content=\"summary_large_image\" \/>\n<meta name=\"twitter:site\" content=\"@darrera_meteo\" \/>\n<meta name=\"twitter:label1\" content=\"Tiempo de lectura\" \/>\n\t<meta name=\"twitter:data1\" content=\"1 minuto\" \/>\n<script type=\"application\/ld+json\" class=\"yoast-schema-graph\">{\"@context\":\"https:\\\/\\\/schema.org\",\"@graph\":[{\"@type\":\"WebPage\",\"@id\":\"https:\\\/\\\/www.darrera.com\\\/en\\\/producto\\\/100-053-tipping-spoon-small-rain-gauge\\\/\",\"url\":\"https:\\\/\\\/www.darrera.com\\\/en\\\/producto\\\/100-053-tipping-spoon-small-rain-gauge\\\/\",\"name\":\"Pluvi\u00f3metro Peque\u00f1o de Cucharilla Basculante | Darrera\",\"isPartOf\":{\"@id\":\"https:\\\/\\\/www.darrera.com\\\/es\\\/#website\"},\"primaryImageOfPage\":{\"@id\":\"https:\\\/\\\/www.darrera.com\\\/en\\\/producto\\\/100-053-tipping-spoon-small-rain-gauge\\\/#primaryimage\"},\"image\":{\"@id\":\"https:\\\/\\\/www.darrera.com\\\/en\\\/producto\\\/100-053-tipping-spoon-small-rain-gauge\\\/#primaryimage\"},\"thumbnailUrl\":\"https:\\\/\\\/www.darrera.com\\\/wp-content\\\/uploads\\\/2018\\\/04\\\/100-053-pluviometro-pequeno-cucharilla-basculante.jpg\",\"datePublished\":\"2018-04-09T09:17:55+00:00\",\"dateModified\":\"2025-03-17T14:30:44+00:00\",\"breadcrumb\":{\"@id\":\"https:\\\/\\\/www.darrera.com\\\/en\\\/producto\\\/100-053-tipping-spoon-small-rain-gauge\\\/#breadcrumb\"},\"inLanguage\":\"es\",\"potentialAction\":[{\"@type\":\"ReadAction\",\"target\":[\"https:\\\/\\\/www.darrera.com\\\/en\\\/producto\\\/100-053-tipping-spoon-small-rain-gauge\\\/\"]}]},{\"@type\":\"ImageObject\",\"inLanguage\":\"es\",\"@id\":\"https:\\\/\\\/www.darrera.com\\\/en\\\/producto\\\/100-053-tipping-spoon-small-rain-gauge\\\/#primaryimage\",\"url\":\"https:\\\/\\\/www.darrera.com\\\/wp-content\\\/uploads\\\/2018\\\/04\\\/100-053-pluviometro-pequeno-cucharilla-basculante.jpg\",\"contentUrl\":\"https:\\\/\\\/www.darrera.com\\\/wp-content\\\/uploads\\\/2018\\\/04\\\/100-053-pluviometro-pequeno-cucharilla-basculante.jpg\",\"width\":950,\"height\":950,\"caption\":\"100.053 - Pluvi\u00f3metro Peque\u00f1o de Cucharilla Basculante\"},{\"@type\":\"BreadcrumbList\",\"@id\":\"https:\\\/\\\/www.darrera.com\\\/en\\\/producto\\\/100-053-tipping-spoon-small-rain-gauge\\\/#breadcrumb\",\"itemListElement\":[{\"@type\":\"ListItem\",\"position\":1,\"name\":\"Home\",\"item\":\"https:\\\/\\\/www.darrera.com\\\/es\\\/\"},{\"@type\":\"ListItem\",\"position\":2,\"name\":\"Productos\",\"item\":\"https:\\\/\\\/www.darrera.com\\\/es\\\/productos\\\/\"},{\"@type\":\"ListItem\",\"position\":3,\"name\":\"Pluvi\u00f3metro Peque\u00f1o de Cucharilla Basculante\"}]},{\"@type\":\"WebSite\",\"@id\":\"https:\\\/\\\/www.darrera.com\\\/es\\\/#website\",\"url\":\"https:\\\/\\\/www.darrera.com\\\/es\\\/\",\"name\":\"Darrera\",\"description\":\"Instrumentos, soluciones y servicios meteorol\u00f3gicos\",\"publisher\":{\"@id\":\"https:\\\/\\\/www.darrera.com\\\/es\\\/#organization\"},\"potentialAction\":[{\"@type\":\"SearchAction\",\"target\":{\"@type\":\"EntryPoint\",\"urlTemplate\":\"https:\\\/\\\/www.darrera.com\\\/es\\\/?s={search_term_string}\"},\"query-input\":{\"@type\":\"PropertyValueSpecification\",\"valueRequired\":true,\"valueName\":\"search_term_string\"}}],\"inLanguage\":\"es\"},{\"@type\":\"Organization\",\"@id\":\"https:\\\/\\\/www.darrera.com\\\/es\\\/#organization\",\"name\":\"Darrera\",\"url\":\"https:\\\/\\\/www.darrera.com\\\/es\\\/\",\"logo\":{\"@type\":\"ImageObject\",\"inLanguage\":\"es\",\"@id\":\"https:\\\/\\\/www.darrera.com\\\/es\\\/#\\\/schema\\\/logo\\\/image\\\/\",\"url\":\"https:\\\/\\\/www.darrera.com\\\/wp\\\/wp-content\\\/uploads\\\/logo-darrera.png\",\"contentUrl\":\"https:\\\/\\\/www.darrera.com\\\/wp\\\/wp-content\\\/uploads\\\/logo-darrera.png\",\"width\":500,\"height\":85,\"caption\":\"Darrera\"},\"image\":{\"@id\":\"https:\\\/\\\/www.darrera.com\\\/es\\\/#\\\/schema\\\/logo\\\/image\\\/\"},\"sameAs\":[\"http:\\\/\\\/facebook.com\\\/darrerameteo\",\"https:\\\/\\\/x.com\\\/darrera_meteo\",\"https:\\\/\\\/www.linkedin.com\\\/company\\\/darrera-s-a-\",\"http:\\\/\\\/youtube.com\\\/darreratv\"]}]}<\/script>\n<!-- \/ Yoast SEO plugin. -->","yoast_head_json":{"title":"Pluvi\u00f3metro Peque\u00f1o de Cucharilla Basculante | Darrera","robots":{"index":"index","follow":"follow","max-snippet":"max-snippet:-1","max-image-preview":"max-image-preview:large","max-video-preview":"max-video-preview:-1"},"canonical":"https:\/\/www.darrera.com\/en\/producto\/100-053-tipping-spoon-small-rain-gauge\/","og_locale":"es_ES","og_type":"article","og_title":"Pluvi\u00f3metro Peque\u00f1o de Cucharilla Basculante | Darrera","og_description":"Pluvi\u00f3metro peque\u00f1o y funcional que mide la cantidad de lluvia ca\u00edda mediante una cucharilla basculante de vaciado autom\u00e1tico. Se conecta a cualquier datalogger o contador de pulsos.","og_url":"https:\/\/www.darrera.com\/en\/producto\/100-053-tipping-spoon-small-rain-gauge\/","og_site_name":"Darrera","article_publisher":"http:\/\/facebook.com\/darrerameteo","article_modified_time":"2025-03-17T14:30:44+00:00","og_image":[{"width":950,"height":950,"url":"https:\/\/www.darrera.com\/wp-content\/uploads\/2018\/04\/100-053-pluviometro-pequeno-cucharilla-basculante.jpg","type":"image\/jpeg"}],"twitter_card":"summary_large_image","twitter_site":"@darrera_meteo","twitter_misc":{"Tiempo de lectura":"1 minuto"},"schema":{"@context":"https:\/\/schema.org","@graph":[{"@type":"WebPage","@id":"https:\/\/www.darrera.com\/en\/producto\/100-053-tipping-spoon-small-rain-gauge\/","url":"https:\/\/www.darrera.com\/en\/producto\/100-053-tipping-spoon-small-rain-gauge\/","name":"Pluvi\u00f3metro Peque\u00f1o de Cucharilla Basculante | Darrera","isPartOf":{"@id":"https:\/\/www.darrera.com\/es\/#website"},"primaryImageOfPage":{"@id":"https:\/\/www.darrera.com\/en\/producto\/100-053-tipping-spoon-small-rain-gauge\/#primaryimage"},"image":{"@id":"https:\/\/www.darrera.com\/en\/producto\/100-053-tipping-spoon-small-rain-gauge\/#primaryimage"},"thumbnailUrl":"https:\/\/www.darrera.com\/wp-content\/uploads\/2018\/04\/100-053-pluviometro-pequeno-cucharilla-basculante.jpg","datePublished":"2018-04-09T09:17:55+00:00","dateModified":"2025-03-17T14:30:44+00:00","breadcrumb":{"@id":"https:\/\/www.darrera.com\/en\/producto\/100-053-tipping-spoon-small-rain-gauge\/#breadcrumb"},"inLanguage":"es","potentialAction":[{"@type":"ReadAction","target":["https:\/\/www.darrera.com\/en\/producto\/100-053-tipping-spoon-small-rain-gauge\/"]}]},{"@type":"ImageObject","inLanguage":"es","@id":"https:\/\/www.darrera.com\/en\/producto\/100-053-tipping-spoon-small-rain-gauge\/#primaryimage","url":"https:\/\/www.darrera.com\/wp-content\/uploads\/2018\/04\/100-053-pluviometro-pequeno-cucharilla-basculante.jpg","contentUrl":"https:\/\/www.darrera.com\/wp-content\/uploads\/2018\/04\/100-053-pluviometro-pequeno-cucharilla-basculante.jpg","width":950,"height":950,"caption":"100.053 - Pluvi\u00f3metro Peque\u00f1o de Cucharilla Basculante"},{"@type":"BreadcrumbList","@id":"https:\/\/www.darrera.com\/en\/producto\/100-053-tipping-spoon-small-rain-gauge\/#breadcrumb","itemListElement":[{"@type":"ListItem","position":1,"name":"Home","item":"https:\/\/www.darrera.com\/es\/"},{"@type":"ListItem","position":2,"name":"Productos","item":"https:\/\/www.darrera.com\/es\/productos\/"},{"@type":"ListItem","position":3,"name":"Pluvi\u00f3metro Peque\u00f1o de Cucharilla Basculante"}]},{"@type":"WebSite","@id":"https:\/\/www.darrera.com\/es\/#website","url":"https:\/\/www.darrera.com\/es\/","name":"Darrera","description":"Instrumentos, soluciones y servicios meteorol\u00f3gicos","publisher":{"@id":"https:\/\/www.darrera.com\/es\/#organization"},"potentialAction":[{"@type":"SearchAction","target":{"@type":"EntryPoint","urlTemplate":"https:\/\/www.darrera.com\/es\/?s={search_term_string}"},"query-input":{"@type":"PropertyValueSpecification","valueRequired":true,"valueName":"search_term_string"}}],"inLanguage":"es"},{"@type":"Organization","@id":"https:\/\/www.darrera.com\/es\/#organization","name":"Darrera","url":"https:\/\/www.darrera.com\/es\/","logo":{"@type":"ImageObject","inLanguage":"es","@id":"https:\/\/www.darrera.com\/es\/#\/schema\/logo\/image\/","url":"https:\/\/www.darrera.com\/wp\/wp-content\/uploads\/logo-darrera.png","contentUrl":"https:\/\/www.darrera.com\/wp\/wp-content\/uploads\/logo-darrera.png","width":500,"height":85,"caption":"Darrera"},"image":{"@id":"https:\/\/www.darrera.com\/es\/#\/schema\/logo\/image\/"},"sameAs":["http:\/\/facebook.com\/darrerameteo","https:\/\/x.com\/darrera_meteo","https:\/\/www.linkedin.com\/company\/darrera-s-a-","http:\/\/youtube.com\/darreratv"]}]}},"_links":{"self":[{"href":"https:\/\/www.darrera.com\/es\/wp-json\/wp\/v2\/product\/1890","targetHints":{"allow":["GET"]}}],"collection":[{"href":"https:\/\/www.darrera.com\/es\/wp-json\/wp\/v2\/product"}],"about":[{"href":"https:\/\/www.darrera.com\/es\/wp-json\/wp\/v2\/types\/product"}],"wp:featuredmedia":[{"embeddable":true,"href":"https:\/\/www.darrera.com\/es\/wp-json\/wp\/v2\/media\/1893"}],"wp:attachment":[{"href":"https:\/\/www.darrera.com\/es\/wp-json\/wp\/v2\/media?parent=1890"}],"wp:term":[{"taxonomy":"product_brand","embeddable":true,"href":"https:\/\/www.darrera.com\/es\/wp-json\/wp\/v2\/product_brand?post=1890"},{"taxonomy":"product_cat","embeddable":true,"href":"https:\/\/www.darrera.com\/es\/wp-json\/wp\/v2\/product_cat?post=1890"},{"taxonomy":"product_tag","embeddable":true,"href":"https:\/\/www.darrera.com\/es\/wp-json\/wp\/v2\/product_tag?post=1890"}],"curies":[{"name":"wp","href":"https:\/\/api.w.org\/{rel}","templated":true}]}}