{"id":1896,"date":"2018-04-09T15:15:23","date_gmt":"2018-04-09T13:15:23","guid":{"rendered":"https:\/\/www.darrera.com\/wp\/product\/15184-pluviometro-pesada\/"},"modified":"2023-07-21T16:16:36","modified_gmt":"2023-07-21T14:16:36","slug":"15184-pluviometro-pesada","status":"publish","type":"product","link":"https:\/\/www.darrera.com\/es\/producto\/15184-pluviometro-pesada\/","title":{"rendered":"Pluvi\u00f3metro de Pesada"},"content":{"rendered":"<h3>M\u00e1xima precisi\u00f3n<\/h3>\n<p>El pluvi\u00f3metro mide de forma precisa la cantidad de lluvia ca\u00edda mediante un mecanismo de pesada con vaciado autom\u00e1tico. La elevada sensibilidad del mecanismo permite obtener mediciones con una resoluci\u00f3n muy superior a la proporcionada por cualquier pluvi\u00f3metro de balanc\u00edn. Se puede conectar a cualquier datalogger convencional para llevar a cabo el almacenamiento de los datos y su posterior descarga y visualizaci\u00f3n en un ordenador. Est\u00e1 especialmente dise\u00f1ado para cumplir con las directrices establecidas por la Organizaci\u00f3n Meteorol\u00f3gica Mundial (OMM).<\/p>\n<h3>Dise\u00f1o robusto y resistente a la intemperie<\/h3>\n<p>El instrumento presenta un dise\u00f1o robusto y est\u00e1 fabricado \u00edntegramente en aluminio anodizado para garantizar la m\u00e1xima durabilidad. El filtro extra\u00edble incluido impide que hojas, escombros u otros elementos bloqueen el embudo e impidan el paso del agua.<\/p>\n<h3>Calefactor opcional<\/h3>\n<p>Se activa autom\u00e1ticamente a temperaturas en torno a 2\u00baC, previniendo la acumulaci\u00f3n de hielo y nieve en el embudo y permitiendo efectuar mediciones precisas a bajas temperaturas o bien durante y despu\u00e9s de una nevada.<\/p>\n<h3>Opciones de montaje<\/h3>\n<p>El pluvi\u00f3metro puede ser instalado a diferentes alturas seg\u00fan sea necesario, ya sea sobre una superficie dura o bien clavado en tierra mediante las bases de fijaci\u00f3n opcionales.<\/p>\n<h3>Especificaciones t\u00e9cnicas<\/h3>\n<h4>Especificaciones del sensor<\/h4>\n<ul>\n<li>\u00c1rea de recolecci\u00f3n: 200 o 400 cm2<\/li>\n<li>Resoluci\u00f3n: 0,001 mm<\/li>\n<li>Precisi\u00f3n: \u00b11%<\/li>\n<\/ul>\n<h4>Especificaciones el\u00e9ctricas<\/h4>\n<ul>\n<li>Se\u00f1al de salida: ON\/OFF, 2 x pulsos, 0\/4 a 20 mA, 0 a 2,5\/5 VDC, RS-485 y SDI-12<\/li>\n<\/ul>\n<h4>Especificaciones mec\u00e1nicas<\/h4>\n<ul>\n<li>Material: aluminio anodizado<\/li>\n<li>Dimensiones: \u2205 190 x 292 mm (200 cm2) o \u2205 256 x 311 mm (400 cm2)<\/li>\n<li>Peso: 2,5 Kg (200 cm2) o 4 Kg (400 cm2)<\/li>\n<\/ul>\n","protected":false},"excerpt":{"rendered":"<p>Mide de forma precisa la cantidad de lluvia ca\u00edda mediante un mecanismo de pesada con vaciado autom\u00e1tico. Cumple con las directrices de la Organizaci\u00f3n Meteorol\u00f3gica Mundial (OMM).<\/p>\n","protected":false},"featured_media":1902,"template":"","meta":[],"product_brand":[],"product_cat":[192],"product_tag":[],"class_list":{"0":"post-1896","1":"product","2":"type-product","3":"status-publish","4":"has-post-thumbnail","6":"product_cat-sensores-precipitacion","8":"first","9":"outofstock","10":"taxable","11":"shipping-taxable","12":"product-type-simple"},"yoast_head":"<!-- This site is optimized with the Yoast SEO plugin v27.4 - https:\/\/yoast.com\/product\/yoast-seo-wordpress\/ -->\n<title>Pluvi\u00f3metro de Pesada | Darrera<\/title>\n<meta name=\"robots\" content=\"index, follow, max-snippet:-1, max-image-preview:large, max-video-preview:-1\" \/>\n<link rel=\"canonical\" href=\"https:\/\/www.darrera.com\/es\/producto\/15184-pluviometro-pesada\/\" \/>\n<meta property=\"og:locale\" content=\"es_ES\" \/>\n<meta property=\"og:type\" content=\"article\" \/>\n<meta property=\"og:title\" content=\"Pluvi\u00f3metro de Pesada | Darrera\" \/>\n<meta property=\"og:description\" content=\"Mide de forma precisa la cantidad de lluvia ca\u00edda mediante un mecanismo de pesada con vaciado autom\u00e1tico. Cumple con las directrices de la Organizaci\u00f3n Meteorol\u00f3gica Mundial (OMM).\" \/>\n<meta property=\"og:url\" content=\"https:\/\/www.darrera.com\/es\/producto\/15184-pluviometro-pesada\/\" \/>\n<meta property=\"og:site_name\" content=\"Darrera\" \/>\n<meta property=\"article:publisher\" content=\"http:\/\/facebook.com\/darrerameteo\" \/>\n<meta property=\"article:modified_time\" content=\"2023-07-21T14:16:36+00:00\" \/>\n<meta property=\"og:image\" content=\"https:\/\/www.darrera.com\/wp-content\/uploads\/2018\/04\/15184-pluviometro-pesada.jpg\" \/>\n\t<meta property=\"og:image:width\" content=\"950\" \/>\n\t<meta property=\"og:image:height\" content=\"950\" \/>\n\t<meta property=\"og:image:type\" content=\"image\/jpeg\" \/>\n<meta name=\"twitter:card\" content=\"summary_large_image\" \/>\n<meta name=\"twitter:site\" content=\"@darrera_meteo\" \/>\n<meta name=\"twitter:label1\" content=\"Tiempo de lectura\" \/>\n\t<meta name=\"twitter:data1\" content=\"1 minuto\" \/>\n<script type=\"application\/ld+json\" class=\"yoast-schema-graph\">{\"@context\":\"https:\\\/\\\/schema.org\",\"@graph\":[{\"@type\":\"WebPage\",\"@id\":\"https:\\\/\\\/www.darrera.com\\\/es\\\/producto\\\/15184-pluviometro-pesada\\\/\",\"url\":\"https:\\\/\\\/www.darrera.com\\\/es\\\/producto\\\/15184-pluviometro-pesada\\\/\",\"name\":\"Pluvi\u00f3metro de Pesada | Darrera\",\"isPartOf\":{\"@id\":\"https:\\\/\\\/www.darrera.com\\\/es\\\/#website\"},\"primaryImageOfPage\":{\"@id\":\"https:\\\/\\\/www.darrera.com\\\/es\\\/producto\\\/15184-pluviometro-pesada\\\/#primaryimage\"},\"image\":{\"@id\":\"https:\\\/\\\/www.darrera.com\\\/es\\\/producto\\\/15184-pluviometro-pesada\\\/#primaryimage\"},\"thumbnailUrl\":\"https:\\\/\\\/www.darrera.com\\\/wp-content\\\/uploads\\\/2018\\\/04\\\/15184-pluviometro-pesada.jpg\",\"datePublished\":\"2018-04-09T13:15:23+00:00\",\"dateModified\":\"2023-07-21T14:16:36+00:00\",\"breadcrumb\":{\"@id\":\"https:\\\/\\\/www.darrera.com\\\/es\\\/producto\\\/15184-pluviometro-pesada\\\/#breadcrumb\"},\"inLanguage\":\"es\",\"potentialAction\":[{\"@type\":\"ReadAction\",\"target\":[\"https:\\\/\\\/www.darrera.com\\\/es\\\/producto\\\/15184-pluviometro-pesada\\\/\"]}]},{\"@type\":\"ImageObject\",\"inLanguage\":\"es\",\"@id\":\"https:\\\/\\\/www.darrera.com\\\/es\\\/producto\\\/15184-pluviometro-pesada\\\/#primaryimage\",\"url\":\"https:\\\/\\\/www.darrera.com\\\/wp-content\\\/uploads\\\/2018\\\/04\\\/15184-pluviometro-pesada.jpg\",\"contentUrl\":\"https:\\\/\\\/www.darrera.com\\\/wp-content\\\/uploads\\\/2018\\\/04\\\/15184-pluviometro-pesada.jpg\",\"width\":950,\"height\":950,\"caption\":\"15184 - Pluvi\u00f3metro de Pesada\"},{\"@type\":\"BreadcrumbList\",\"@id\":\"https:\\\/\\\/www.darrera.com\\\/es\\\/producto\\\/15184-pluviometro-pesada\\\/#breadcrumb\",\"itemListElement\":[{\"@type\":\"ListItem\",\"position\":1,\"name\":\"Home\",\"item\":\"https:\\\/\\\/www.darrera.com\\\/es\\\/\"},{\"@type\":\"ListItem\",\"position\":2,\"name\":\"Productos\",\"item\":\"https:\\\/\\\/www.darrera.com\\\/es\\\/productos\\\/\"},{\"@type\":\"ListItem\",\"position\":3,\"name\":\"Pluvi\u00f3metro de Pesada\"}]},{\"@type\":\"WebSite\",\"@id\":\"https:\\\/\\\/www.darrera.com\\\/es\\\/#website\",\"url\":\"https:\\\/\\\/www.darrera.com\\\/es\\\/\",\"name\":\"Darrera\",\"description\":\"Instrumentos, soluciones y servicios meteorol\u00f3gicos\",\"publisher\":{\"@id\":\"https:\\\/\\\/www.darrera.com\\\/es\\\/#organization\"},\"potentialAction\":[{\"@type\":\"SearchAction\",\"target\":{\"@type\":\"EntryPoint\",\"urlTemplate\":\"https:\\\/\\\/www.darrera.com\\\/es\\\/?s={search_term_string}\"},\"query-input\":{\"@type\":\"PropertyValueSpecification\",\"valueRequired\":true,\"valueName\":\"search_term_string\"}}],\"inLanguage\":\"es\"},{\"@type\":\"Organization\",\"@id\":\"https:\\\/\\\/www.darrera.com\\\/es\\\/#organization\",\"name\":\"Darrera\",\"url\":\"https:\\\/\\\/www.darrera.com\\\/es\\\/\",\"logo\":{\"@type\":\"ImageObject\",\"inLanguage\":\"es\",\"@id\":\"https:\\\/\\\/www.darrera.com\\\/es\\\/#\\\/schema\\\/logo\\\/image\\\/\",\"url\":\"https:\\\/\\\/www.darrera.com\\\/wp\\\/wp-content\\\/uploads\\\/logo-darrera.png\",\"contentUrl\":\"https:\\\/\\\/www.darrera.com\\\/wp\\\/wp-content\\\/uploads\\\/logo-darrera.png\",\"width\":500,\"height\":85,\"caption\":\"Darrera\"},\"image\":{\"@id\":\"https:\\\/\\\/www.darrera.com\\\/es\\\/#\\\/schema\\\/logo\\\/image\\\/\"},\"sameAs\":[\"http:\\\/\\\/facebook.com\\\/darrerameteo\",\"https:\\\/\\\/x.com\\\/darrera_meteo\",\"https:\\\/\\\/www.linkedin.com\\\/company\\\/darrera-s-a-\",\"http:\\\/\\\/youtube.com\\\/darreratv\"]}]}<\/script>\n<!-- \/ Yoast SEO plugin. -->","yoast_head_json":{"title":"Pluvi\u00f3metro de Pesada | Darrera","robots":{"index":"index","follow":"follow","max-snippet":"max-snippet:-1","max-image-preview":"max-image-preview:large","max-video-preview":"max-video-preview:-1"},"canonical":"https:\/\/www.darrera.com\/es\/producto\/15184-pluviometro-pesada\/","og_locale":"es_ES","og_type":"article","og_title":"Pluvi\u00f3metro de Pesada | Darrera","og_description":"Mide de forma precisa la cantidad de lluvia ca\u00edda mediante un mecanismo de pesada con vaciado autom\u00e1tico. Cumple con las directrices de la Organizaci\u00f3n Meteorol\u00f3gica Mundial (OMM).","og_url":"https:\/\/www.darrera.com\/es\/producto\/15184-pluviometro-pesada\/","og_site_name":"Darrera","article_publisher":"http:\/\/facebook.com\/darrerameteo","article_modified_time":"2023-07-21T14:16:36+00:00","og_image":[{"width":950,"height":950,"url":"https:\/\/www.darrera.com\/wp-content\/uploads\/2018\/04\/15184-pluviometro-pesada.jpg","type":"image\/jpeg"}],"twitter_card":"summary_large_image","twitter_site":"@darrera_meteo","twitter_misc":{"Tiempo de lectura":"1 minuto"},"schema":{"@context":"https:\/\/schema.org","@graph":[{"@type":"WebPage","@id":"https:\/\/www.darrera.com\/es\/producto\/15184-pluviometro-pesada\/","url":"https:\/\/www.darrera.com\/es\/producto\/15184-pluviometro-pesada\/","name":"Pluvi\u00f3metro de Pesada | Darrera","isPartOf":{"@id":"https:\/\/www.darrera.com\/es\/#website"},"primaryImageOfPage":{"@id":"https:\/\/www.darrera.com\/es\/producto\/15184-pluviometro-pesada\/#primaryimage"},"image":{"@id":"https:\/\/www.darrera.com\/es\/producto\/15184-pluviometro-pesada\/#primaryimage"},"thumbnailUrl":"https:\/\/www.darrera.com\/wp-content\/uploads\/2018\/04\/15184-pluviometro-pesada.jpg","datePublished":"2018-04-09T13:15:23+00:00","dateModified":"2023-07-21T14:16:36+00:00","breadcrumb":{"@id":"https:\/\/www.darrera.com\/es\/producto\/15184-pluviometro-pesada\/#breadcrumb"},"inLanguage":"es","potentialAction":[{"@type":"ReadAction","target":["https:\/\/www.darrera.com\/es\/producto\/15184-pluviometro-pesada\/"]}]},{"@type":"ImageObject","inLanguage":"es","@id":"https:\/\/www.darrera.com\/es\/producto\/15184-pluviometro-pesada\/#primaryimage","url":"https:\/\/www.darrera.com\/wp-content\/uploads\/2018\/04\/15184-pluviometro-pesada.jpg","contentUrl":"https:\/\/www.darrera.com\/wp-content\/uploads\/2018\/04\/15184-pluviometro-pesada.jpg","width":950,"height":950,"caption":"15184 - Pluvi\u00f3metro de Pesada"},{"@type":"BreadcrumbList","@id":"https:\/\/www.darrera.com\/es\/producto\/15184-pluviometro-pesada\/#breadcrumb","itemListElement":[{"@type":"ListItem","position":1,"name":"Home","item":"https:\/\/www.darrera.com\/es\/"},{"@type":"ListItem","position":2,"name":"Productos","item":"https:\/\/www.darrera.com\/es\/productos\/"},{"@type":"ListItem","position":3,"name":"Pluvi\u00f3metro de Pesada"}]},{"@type":"WebSite","@id":"https:\/\/www.darrera.com\/es\/#website","url":"https:\/\/www.darrera.com\/es\/","name":"Darrera","description":"Instrumentos, soluciones y servicios meteorol\u00f3gicos","publisher":{"@id":"https:\/\/www.darrera.com\/es\/#organization"},"potentialAction":[{"@type":"SearchAction","target":{"@type":"EntryPoint","urlTemplate":"https:\/\/www.darrera.com\/es\/?s={search_term_string}"},"query-input":{"@type":"PropertyValueSpecification","valueRequired":true,"valueName":"search_term_string"}}],"inLanguage":"es"},{"@type":"Organization","@id":"https:\/\/www.darrera.com\/es\/#organization","name":"Darrera","url":"https:\/\/www.darrera.com\/es\/","logo":{"@type":"ImageObject","inLanguage":"es","@id":"https:\/\/www.darrera.com\/es\/#\/schema\/logo\/image\/","url":"https:\/\/www.darrera.com\/wp\/wp-content\/uploads\/logo-darrera.png","contentUrl":"https:\/\/www.darrera.com\/wp\/wp-content\/uploads\/logo-darrera.png","width":500,"height":85,"caption":"Darrera"},"image":{"@id":"https:\/\/www.darrera.com\/es\/#\/schema\/logo\/image\/"},"sameAs":["http:\/\/facebook.com\/darrerameteo","https:\/\/x.com\/darrera_meteo","https:\/\/www.linkedin.com\/company\/darrera-s-a-","http:\/\/youtube.com\/darreratv"]}]}},"_links":{"self":[{"href":"https:\/\/www.darrera.com\/es\/wp-json\/wp\/v2\/product\/1896","targetHints":{"allow":["GET"]}}],"collection":[{"href":"https:\/\/www.darrera.com\/es\/wp-json\/wp\/v2\/product"}],"about":[{"href":"https:\/\/www.darrera.com\/es\/wp-json\/wp\/v2\/types\/product"}],"wp:featuredmedia":[{"embeddable":true,"href":"https:\/\/www.darrera.com\/es\/wp-json\/wp\/v2\/media\/1902"}],"wp:attachment":[{"href":"https:\/\/www.darrera.com\/es\/wp-json\/wp\/v2\/media?parent=1896"}],"wp:term":[{"taxonomy":"product_brand","embeddable":true,"href":"https:\/\/www.darrera.com\/es\/wp-json\/wp\/v2\/product_brand?post=1896"},{"taxonomy":"product_cat","embeddable":true,"href":"https:\/\/www.darrera.com\/es\/wp-json\/wp\/v2\/product_cat?post=1896"},{"taxonomy":"product_tag","embeddable":true,"href":"https:\/\/www.darrera.com\/es\/wp-json\/wp\/v2\/product_tag?post=1896"}],"curies":[{"name":"wp","href":"https:\/\/api.w.org\/{rel}","templated":true}]}}