{"id":1980,"date":"2018-04-03T15:47:21","date_gmt":"2018-04-03T13:47:21","guid":{"rendered":"https:\/\/www.darrera.com\/wp\/product\/3r-jwt-turbina-viento\/"},"modified":"2023-03-08T19:21:11","modified_gmt":"2023-03-08T18:21:11","slug":"3r-jwt-turbina-viento","status":"publish","type":"product","link":"https:\/\/www.darrera.com\/es\/producto\/3r-jwt-turbina-viento\/","title":{"rendered":"Turbina de Viento"},"content":{"rendered":"<h3>Calidad y precisi\u00f3n<\/h3>\n<p>La turbina mide de forma precisa la componente horizontal de la velocidad del viento. El rango y la precisi\u00f3n del sensor han sido testados en un t\u00fanel de viento, lo que garantiza su buen funcionamiento. Est\u00e1 fabricada en pl\u00e1stico de alta resistencia. Incluye un cable de 10 metros de longitud y un tornillo de montaje.<\/p>\n<h3>Multitud de aplicaciones<\/h3>\n<p>La turbina puede ser utilizada en una gran variedad de aplicaciones en las que se requiera una monitorizaci\u00f3n del viento a bajo coste, como en sistemas de alarma, sistemas de aire acondicionado, chimeneas, equipos port\u00e1tiles, dom\u00f3tica, agricultura, yates y veleros.<\/p>\n<h3>Especificaciones t\u00e9cnicas<\/h3>\n<h4>Especificaciones del sensor<\/h4>\n<ul>\n<li>Rango: 0,4 a 40 m\/s<\/li>\n<li>Resoluci\u00f3n: 0,1 m\/s<\/li>\n<li>Precisi\u00f3n: \u00b13%<\/li>\n<\/ul>\n<h4>Especificaciones el\u00e9ctricas<\/h4>\n<ul>\n<li>Se\u00f1al de salida: interruptor reed o 4 a 20 mA<\/li>\n<\/ul>\n<h4>Especificaciones mec\u00e1nicas<\/h4>\n<ul>\n<li>Temperatura de funcionamiento: -20\u00baC a 70\u00baC<\/li>\n<li>Material: pl\u00e1stico ABS resistente a los rayos UV<\/li>\n<li>Dimensiones: \u2205 60 x 60 mm<\/li>\n<li>Peso: 270 g<\/li>\n<\/ul>\n","protected":false},"excerpt":{"rendered":"<p>Mide de forma precisa la velocidad del viento. El rango y la precisi\u00f3n del sensor han sido testados en un t\u00fanel de viento, lo que garantiza su buen funcionamiento.<\/p>\n","protected":false},"featured_media":2261,"template":"","meta":[],"product_brand":[],"product_cat":[188],"product_tag":[],"class_list":{"0":"post-1980","1":"product","2":"type-product","3":"status-publish","4":"has-post-thumbnail","6":"product_cat-anemometros-mecanicos","8":"first","9":"outofstock","10":"taxable","11":"shipping-taxable","12":"product-type-simple"},"yoast_head":"<!-- This site is optimized with the Yoast SEO plugin v27.4 - https:\/\/yoast.com\/product\/yoast-seo-wordpress\/ -->\n<title>Turbina de Viento | Darrera<\/title>\n<meta name=\"robots\" content=\"index, follow, max-snippet:-1, max-image-preview:large, max-video-preview:-1\" \/>\n<link rel=\"canonical\" href=\"https:\/\/www.darrera.com\/en\/producto\/3r-jwt-wind-turbine\/\" \/>\n<meta property=\"og:locale\" content=\"es_ES\" \/>\n<meta property=\"og:type\" content=\"article\" \/>\n<meta property=\"og:title\" content=\"Turbina de Viento | Darrera\" \/>\n<meta property=\"og:description\" content=\"Mide de forma precisa la velocidad del viento. El rango y la precisi\u00f3n del sensor han sido testados en un t\u00fanel de viento, lo que garantiza su buen funcionamiento.\" \/>\n<meta property=\"og:url\" content=\"https:\/\/www.darrera.com\/en\/producto\/3r-jwt-wind-turbine\/\" \/>\n<meta property=\"og:site_name\" content=\"Darrera\" \/>\n<meta property=\"article:publisher\" content=\"http:\/\/facebook.com\/darrerameteo\" \/>\n<meta property=\"article:modified_time\" content=\"2023-03-08T18:21:11+00:00\" \/>\n<meta property=\"og:image\" content=\"https:\/\/www.darrera.com\/wp-content\/uploads\/2018\/04\/3r-jwt-turbina-viento.jpg\" \/>\n\t<meta property=\"og:image:width\" content=\"950\" \/>\n\t<meta property=\"og:image:height\" content=\"950\" \/>\n\t<meta property=\"og:image:type\" content=\"image\/jpeg\" \/>\n<meta name=\"twitter:card\" content=\"summary_large_image\" \/>\n<meta name=\"twitter:site\" content=\"@darrera_meteo\" \/>\n<meta name=\"twitter:label1\" content=\"Tiempo de lectura\" \/>\n\t<meta name=\"twitter:data1\" content=\"1 minuto\" \/>\n<script type=\"application\/ld+json\" class=\"yoast-schema-graph\">{\"@context\":\"https:\\\/\\\/schema.org\",\"@graph\":[{\"@type\":\"WebPage\",\"@id\":\"https:\\\/\\\/www.darrera.com\\\/en\\\/producto\\\/3r-jwt-wind-turbine\\\/\",\"url\":\"https:\\\/\\\/www.darrera.com\\\/en\\\/producto\\\/3r-jwt-wind-turbine\\\/\",\"name\":\"Turbina de Viento | Darrera\",\"isPartOf\":{\"@id\":\"https:\\\/\\\/www.darrera.com\\\/es\\\/#website\"},\"primaryImageOfPage\":{\"@id\":\"https:\\\/\\\/www.darrera.com\\\/en\\\/producto\\\/3r-jwt-wind-turbine\\\/#primaryimage\"},\"image\":{\"@id\":\"https:\\\/\\\/www.darrera.com\\\/en\\\/producto\\\/3r-jwt-wind-turbine\\\/#primaryimage\"},\"thumbnailUrl\":\"https:\\\/\\\/www.darrera.com\\\/wp-content\\\/uploads\\\/2018\\\/04\\\/3r-jwt-turbina-viento.jpg\",\"datePublished\":\"2018-04-03T13:47:21+00:00\",\"dateModified\":\"2023-03-08T18:21:11+00:00\",\"breadcrumb\":{\"@id\":\"https:\\\/\\\/www.darrera.com\\\/en\\\/producto\\\/3r-jwt-wind-turbine\\\/#breadcrumb\"},\"inLanguage\":\"es\",\"potentialAction\":[{\"@type\":\"ReadAction\",\"target\":[\"https:\\\/\\\/www.darrera.com\\\/en\\\/producto\\\/3r-jwt-wind-turbine\\\/\"]}]},{\"@type\":\"ImageObject\",\"inLanguage\":\"es\",\"@id\":\"https:\\\/\\\/www.darrera.com\\\/en\\\/producto\\\/3r-jwt-wind-turbine\\\/#primaryimage\",\"url\":\"https:\\\/\\\/www.darrera.com\\\/wp-content\\\/uploads\\\/2018\\\/04\\\/3r-jwt-turbina-viento.jpg\",\"contentUrl\":\"https:\\\/\\\/www.darrera.com\\\/wp-content\\\/uploads\\\/2018\\\/04\\\/3r-jwt-turbina-viento.jpg\",\"width\":950,\"height\":950,\"caption\":\"3R JWT - Turbina de Viento\"},{\"@type\":\"BreadcrumbList\",\"@id\":\"https:\\\/\\\/www.darrera.com\\\/en\\\/producto\\\/3r-jwt-wind-turbine\\\/#breadcrumb\",\"itemListElement\":[{\"@type\":\"ListItem\",\"position\":1,\"name\":\"Home\",\"item\":\"https:\\\/\\\/www.darrera.com\\\/es\\\/\"},{\"@type\":\"ListItem\",\"position\":2,\"name\":\"Productos\",\"item\":\"https:\\\/\\\/www.darrera.com\\\/es\\\/productos\\\/\"},{\"@type\":\"ListItem\",\"position\":3,\"name\":\"Turbina de Viento\"}]},{\"@type\":\"WebSite\",\"@id\":\"https:\\\/\\\/www.darrera.com\\\/es\\\/#website\",\"url\":\"https:\\\/\\\/www.darrera.com\\\/es\\\/\",\"name\":\"Darrera\",\"description\":\"Instrumentos, soluciones y servicios meteorol\u00f3gicos\",\"publisher\":{\"@id\":\"https:\\\/\\\/www.darrera.com\\\/es\\\/#organization\"},\"potentialAction\":[{\"@type\":\"SearchAction\",\"target\":{\"@type\":\"EntryPoint\",\"urlTemplate\":\"https:\\\/\\\/www.darrera.com\\\/es\\\/?s={search_term_string}\"},\"query-input\":{\"@type\":\"PropertyValueSpecification\",\"valueRequired\":true,\"valueName\":\"search_term_string\"}}],\"inLanguage\":\"es\"},{\"@type\":\"Organization\",\"@id\":\"https:\\\/\\\/www.darrera.com\\\/es\\\/#organization\",\"name\":\"Darrera\",\"url\":\"https:\\\/\\\/www.darrera.com\\\/es\\\/\",\"logo\":{\"@type\":\"ImageObject\",\"inLanguage\":\"es\",\"@id\":\"https:\\\/\\\/www.darrera.com\\\/es\\\/#\\\/schema\\\/logo\\\/image\\\/\",\"url\":\"https:\\\/\\\/www.darrera.com\\\/wp\\\/wp-content\\\/uploads\\\/logo-darrera.png\",\"contentUrl\":\"https:\\\/\\\/www.darrera.com\\\/wp\\\/wp-content\\\/uploads\\\/logo-darrera.png\",\"width\":500,\"height\":85,\"caption\":\"Darrera\"},\"image\":{\"@id\":\"https:\\\/\\\/www.darrera.com\\\/es\\\/#\\\/schema\\\/logo\\\/image\\\/\"},\"sameAs\":[\"http:\\\/\\\/facebook.com\\\/darrerameteo\",\"https:\\\/\\\/x.com\\\/darrera_meteo\",\"https:\\\/\\\/www.linkedin.com\\\/company\\\/darrera-s-a-\",\"http:\\\/\\\/youtube.com\\\/darreratv\"]}]}<\/script>\n<!-- \/ Yoast SEO plugin. -->","yoast_head_json":{"title":"Turbina de Viento | Darrera","robots":{"index":"index","follow":"follow","max-snippet":"max-snippet:-1","max-image-preview":"max-image-preview:large","max-video-preview":"max-video-preview:-1"},"canonical":"https:\/\/www.darrera.com\/en\/producto\/3r-jwt-wind-turbine\/","og_locale":"es_ES","og_type":"article","og_title":"Turbina de Viento | Darrera","og_description":"Mide de forma precisa la velocidad del viento. El rango y la precisi\u00f3n del sensor han sido testados en un t\u00fanel de viento, lo que garantiza su buen funcionamiento.","og_url":"https:\/\/www.darrera.com\/en\/producto\/3r-jwt-wind-turbine\/","og_site_name":"Darrera","article_publisher":"http:\/\/facebook.com\/darrerameteo","article_modified_time":"2023-03-08T18:21:11+00:00","og_image":[{"width":950,"height":950,"url":"https:\/\/www.darrera.com\/wp-content\/uploads\/2018\/04\/3r-jwt-turbina-viento.jpg","type":"image\/jpeg"}],"twitter_card":"summary_large_image","twitter_site":"@darrera_meteo","twitter_misc":{"Tiempo de lectura":"1 minuto"},"schema":{"@context":"https:\/\/schema.org","@graph":[{"@type":"WebPage","@id":"https:\/\/www.darrera.com\/en\/producto\/3r-jwt-wind-turbine\/","url":"https:\/\/www.darrera.com\/en\/producto\/3r-jwt-wind-turbine\/","name":"Turbina de Viento | Darrera","isPartOf":{"@id":"https:\/\/www.darrera.com\/es\/#website"},"primaryImageOfPage":{"@id":"https:\/\/www.darrera.com\/en\/producto\/3r-jwt-wind-turbine\/#primaryimage"},"image":{"@id":"https:\/\/www.darrera.com\/en\/producto\/3r-jwt-wind-turbine\/#primaryimage"},"thumbnailUrl":"https:\/\/www.darrera.com\/wp-content\/uploads\/2018\/04\/3r-jwt-turbina-viento.jpg","datePublished":"2018-04-03T13:47:21+00:00","dateModified":"2023-03-08T18:21:11+00:00","breadcrumb":{"@id":"https:\/\/www.darrera.com\/en\/producto\/3r-jwt-wind-turbine\/#breadcrumb"},"inLanguage":"es","potentialAction":[{"@type":"ReadAction","target":["https:\/\/www.darrera.com\/en\/producto\/3r-jwt-wind-turbine\/"]}]},{"@type":"ImageObject","inLanguage":"es","@id":"https:\/\/www.darrera.com\/en\/producto\/3r-jwt-wind-turbine\/#primaryimage","url":"https:\/\/www.darrera.com\/wp-content\/uploads\/2018\/04\/3r-jwt-turbina-viento.jpg","contentUrl":"https:\/\/www.darrera.com\/wp-content\/uploads\/2018\/04\/3r-jwt-turbina-viento.jpg","width":950,"height":950,"caption":"3R JWT - Turbina de Viento"},{"@type":"BreadcrumbList","@id":"https:\/\/www.darrera.com\/en\/producto\/3r-jwt-wind-turbine\/#breadcrumb","itemListElement":[{"@type":"ListItem","position":1,"name":"Home","item":"https:\/\/www.darrera.com\/es\/"},{"@type":"ListItem","position":2,"name":"Productos","item":"https:\/\/www.darrera.com\/es\/productos\/"},{"@type":"ListItem","position":3,"name":"Turbina de Viento"}]},{"@type":"WebSite","@id":"https:\/\/www.darrera.com\/es\/#website","url":"https:\/\/www.darrera.com\/es\/","name":"Darrera","description":"Instrumentos, soluciones y servicios meteorol\u00f3gicos","publisher":{"@id":"https:\/\/www.darrera.com\/es\/#organization"},"potentialAction":[{"@type":"SearchAction","target":{"@type":"EntryPoint","urlTemplate":"https:\/\/www.darrera.com\/es\/?s={search_term_string}"},"query-input":{"@type":"PropertyValueSpecification","valueRequired":true,"valueName":"search_term_string"}}],"inLanguage":"es"},{"@type":"Organization","@id":"https:\/\/www.darrera.com\/es\/#organization","name":"Darrera","url":"https:\/\/www.darrera.com\/es\/","logo":{"@type":"ImageObject","inLanguage":"es","@id":"https:\/\/www.darrera.com\/es\/#\/schema\/logo\/image\/","url":"https:\/\/www.darrera.com\/wp\/wp-content\/uploads\/logo-darrera.png","contentUrl":"https:\/\/www.darrera.com\/wp\/wp-content\/uploads\/logo-darrera.png","width":500,"height":85,"caption":"Darrera"},"image":{"@id":"https:\/\/www.darrera.com\/es\/#\/schema\/logo\/image\/"},"sameAs":["http:\/\/facebook.com\/darrerameteo","https:\/\/x.com\/darrera_meteo","https:\/\/www.linkedin.com\/company\/darrera-s-a-","http:\/\/youtube.com\/darreratv"]}]}},"_links":{"self":[{"href":"https:\/\/www.darrera.com\/es\/wp-json\/wp\/v2\/product\/1980","targetHints":{"allow":["GET"]}}],"collection":[{"href":"https:\/\/www.darrera.com\/es\/wp-json\/wp\/v2\/product"}],"about":[{"href":"https:\/\/www.darrera.com\/es\/wp-json\/wp\/v2\/types\/product"}],"wp:featuredmedia":[{"embeddable":true,"href":"https:\/\/www.darrera.com\/es\/wp-json\/wp\/v2\/media\/2261"}],"wp:attachment":[{"href":"https:\/\/www.darrera.com\/es\/wp-json\/wp\/v2\/media?parent=1980"}],"wp:term":[{"taxonomy":"product_brand","embeddable":true,"href":"https:\/\/www.darrera.com\/es\/wp-json\/wp\/v2\/product_brand?post=1980"},{"taxonomy":"product_cat","embeddable":true,"href":"https:\/\/www.darrera.com\/es\/wp-json\/wp\/v2\/product_cat?post=1980"},{"taxonomy":"product_tag","embeddable":true,"href":"https:\/\/www.darrera.com\/es\/wp-json\/wp\/v2\/product_tag?post=1980"}],"curies":[{"name":"wp","href":"https:\/\/api.w.org\/{rel}","templated":true}]}}