{"id":2009,"date":"2018-03-27T19:11:58","date_gmt":"2018-03-27T17:11:58","guid":{"rendered":"https:\/\/www.darrera.com\/wp\/product\/3r-khwd-veleta-calefactada\/"},"modified":"2024-05-02T17:18:53","modified_gmt":"2024-05-02T15:18:53","slug":"3r-khwd-veleta-industrial-calefactada","status":"publish","type":"product","link":"https:\/\/www.darrera.com\/es\/producto\/3r-khwd-veleta-industrial-calefactada\/","title":{"rendered":"Veleta Industrial Calefactada"},"content":{"rendered":"<h3>Tecnolog\u00eda de altas prestaciones<\/h3>\n<p>La veleta mide la direcci\u00f3n del viento con gran precisi\u00f3n y fiabilidad gracias a su tecnolog\u00eda de rotaci\u00f3n libre de fricci\u00f3n.<\/p>\n<p>Se puede conectar a cualquier datalogger convencional para llevar a cabo el almacenamiento de los datos y su posterior descarga y visualizaci\u00f3n en un ordenador.<\/p>\n<p>Sus altas prestaciones la hacen id\u00f3nea para todo tipo de aplicaciones de seguridad y control en carreteras, construcciones, estaciones de esqu\u00ed, parques tem\u00e1ticos, etc.<\/p>\n<h3>Dise\u00f1o robusto y resistente a la intemperie<\/h3>\n<p>El instrumento presenta un dise\u00f1o robusto y est\u00e1 fabricado \u00edntegramente en aluminio para garantizar una alta resistencia a la intemperie. El calefactor integrado se activa autom\u00e1ticamente a temperaturas en torno a 4\u00baC, previniendo la acumulaci\u00f3n de hielo y nieve y permitiendo efectuar mediciones precisas a bajas temperaturas o bien durante y despu\u00e9s de una nevada. El circuito interno est\u00e1 protegido contra sobretensiones e inversi\u00f3n de polaridad.<\/p>\n<h3>Especificaciones t\u00e9cnicas<\/h3>\n<h4>Especificaciones del sensor<\/h4>\n<ul>\n<li>Rango: 0\u00ba a 360\u00ba<\/li>\n<li>Resoluci\u00f3n: 1\u00ba<\/li>\n<li>Precisi\u00f3n: \u00b12,5\u00ba<\/li>\n<\/ul>\n<h4>Especificaciones el\u00e9ctricas<\/h4>\n<ul>\n<li>Voltaje de alimentaci\u00f3n: 12 a 36 VDC<\/li>\n<li>Consumo: 20 mA (m\u00e1x.)<\/li>\n<li>Voltaje del calefactor: 24 VAC\/DC<\/li>\n<li>Consumo del calefactor: 850 mA (m\u00e1x.)<\/li>\n<li>Se\u00f1al de salida: 4 a 20 mA<\/li>\n<\/ul>\n<h4>Especificaciones mec\u00e1nicas<\/h4>\n<ul>\n<li>Temperatura de funcionamiento: -40\u00baC a 70\u00baC<\/li>\n<li>Material: aluminio<\/li>\n<li>Dimensiones: \u2205 338 x 193,5 mm<\/li>\n<li>Peso: 500 g<\/li>\n<\/ul>\n","protected":false},"excerpt":{"rendered":"<p>Mide la direcci\u00f3n del viento con gran precisi\u00f3n y fiabilidad gracias a su tecnolog\u00eda de rotaci\u00f3n libre de fricci\u00f3n. Est\u00e1 fabricada \u00edntegramente en aluminio.<\/p>\n","protected":false},"featured_media":5884,"template":"","meta":[],"product_brand":[],"product_cat":[188],"product_tag":[],"class_list":{"0":"post-2009","1":"product","2":"type-product","3":"status-publish","4":"has-post-thumbnail","6":"product_cat-anemometros-mecanicos","8":"first","9":"instock","10":"taxable","11":"shipping-taxable","12":"product-type-simple"},"yoast_head":"<!-- This site is optimized with the Yoast SEO plugin v27.4 - https:\/\/yoast.com\/product\/yoast-seo-wordpress\/ -->\n<title>Veleta Industrial Calefactada | Darrera<\/title>\n<meta name=\"robots\" content=\"index, follow, max-snippet:-1, max-image-preview:large, max-video-preview:-1\" \/>\n<link rel=\"canonical\" href=\"https:\/\/www.darrera.com\/en\/producto\/3r-khwd-heated-industrial-wind-vane\/\" \/>\n<meta property=\"og:locale\" content=\"es_ES\" \/>\n<meta property=\"og:type\" content=\"article\" \/>\n<meta property=\"og:title\" content=\"Veleta Industrial Calefactada | Darrera\" \/>\n<meta property=\"og:description\" content=\"Mide la direcci\u00f3n del viento con gran precisi\u00f3n y fiabilidad gracias a su tecnolog\u00eda de rotaci\u00f3n libre de fricci\u00f3n. Est\u00e1 fabricada \u00edntegramente en aluminio.\" \/>\n<meta property=\"og:url\" content=\"https:\/\/www.darrera.com\/en\/producto\/3r-khwd-heated-industrial-wind-vane\/\" \/>\n<meta property=\"og:site_name\" content=\"Darrera\" \/>\n<meta property=\"article:publisher\" content=\"http:\/\/facebook.com\/darrerameteo\" \/>\n<meta property=\"article:modified_time\" content=\"2024-05-02T15:18:53+00:00\" \/>\n<meta property=\"og:image\" content=\"https:\/\/www.darrera.com\/wp-content\/uploads\/2018\/03\/3r-khwd-veleta-industrial-calefactada.jpg\" \/>\n\t<meta property=\"og:image:width\" content=\"950\" \/>\n\t<meta property=\"og:image:height\" content=\"950\" \/>\n\t<meta property=\"og:image:type\" content=\"image\/jpeg\" \/>\n<meta name=\"twitter:card\" content=\"summary_large_image\" \/>\n<meta name=\"twitter:site\" content=\"@darrera_meteo\" \/>\n<meta name=\"twitter:label1\" content=\"Tiempo de lectura\" \/>\n\t<meta name=\"twitter:data1\" content=\"1 minuto\" \/>\n<script type=\"application\/ld+json\" class=\"yoast-schema-graph\">{\"@context\":\"https:\\\/\\\/schema.org\",\"@graph\":[{\"@type\":\"WebPage\",\"@id\":\"https:\\\/\\\/www.darrera.com\\\/en\\\/producto\\\/3r-khwd-heated-industrial-wind-vane\\\/\",\"url\":\"https:\\\/\\\/www.darrera.com\\\/en\\\/producto\\\/3r-khwd-heated-industrial-wind-vane\\\/\",\"name\":\"Veleta Industrial Calefactada | Darrera\",\"isPartOf\":{\"@id\":\"https:\\\/\\\/www.darrera.com\\\/es\\\/#website\"},\"primaryImageOfPage\":{\"@id\":\"https:\\\/\\\/www.darrera.com\\\/en\\\/producto\\\/3r-khwd-heated-industrial-wind-vane\\\/#primaryimage\"},\"image\":{\"@id\":\"https:\\\/\\\/www.darrera.com\\\/en\\\/producto\\\/3r-khwd-heated-industrial-wind-vane\\\/#primaryimage\"},\"thumbnailUrl\":\"https:\\\/\\\/www.darrera.com\\\/wp-content\\\/uploads\\\/2018\\\/03\\\/3r-khwd-veleta-industrial-calefactada.jpg\",\"datePublished\":\"2018-03-27T17:11:58+00:00\",\"dateModified\":\"2024-05-02T15:18:53+00:00\",\"breadcrumb\":{\"@id\":\"https:\\\/\\\/www.darrera.com\\\/en\\\/producto\\\/3r-khwd-heated-industrial-wind-vane\\\/#breadcrumb\"},\"inLanguage\":\"es\",\"potentialAction\":[{\"@type\":\"ReadAction\",\"target\":[\"https:\\\/\\\/www.darrera.com\\\/en\\\/producto\\\/3r-khwd-heated-industrial-wind-vane\\\/\"]}]},{\"@type\":\"ImageObject\",\"inLanguage\":\"es\",\"@id\":\"https:\\\/\\\/www.darrera.com\\\/en\\\/producto\\\/3r-khwd-heated-industrial-wind-vane\\\/#primaryimage\",\"url\":\"https:\\\/\\\/www.darrera.com\\\/wp-content\\\/uploads\\\/2018\\\/03\\\/3r-khwd-veleta-industrial-calefactada.jpg\",\"contentUrl\":\"https:\\\/\\\/www.darrera.com\\\/wp-content\\\/uploads\\\/2018\\\/03\\\/3r-khwd-veleta-industrial-calefactada.jpg\",\"width\":950,\"height\":950,\"caption\":\"3R KHWD - Veleta Industrial Calefactada\"},{\"@type\":\"BreadcrumbList\",\"@id\":\"https:\\\/\\\/www.darrera.com\\\/en\\\/producto\\\/3r-khwd-heated-industrial-wind-vane\\\/#breadcrumb\",\"itemListElement\":[{\"@type\":\"ListItem\",\"position\":1,\"name\":\"Home\",\"item\":\"https:\\\/\\\/www.darrera.com\\\/es\\\/\"},{\"@type\":\"ListItem\",\"position\":2,\"name\":\"Productos\",\"item\":\"https:\\\/\\\/www.darrera.com\\\/es\\\/productos\\\/\"},{\"@type\":\"ListItem\",\"position\":3,\"name\":\"Veleta Industrial Calefactada\"}]},{\"@type\":\"WebSite\",\"@id\":\"https:\\\/\\\/www.darrera.com\\\/es\\\/#website\",\"url\":\"https:\\\/\\\/www.darrera.com\\\/es\\\/\",\"name\":\"Darrera\",\"description\":\"Instrumentos, soluciones y servicios meteorol\u00f3gicos\",\"publisher\":{\"@id\":\"https:\\\/\\\/www.darrera.com\\\/es\\\/#organization\"},\"potentialAction\":[{\"@type\":\"SearchAction\",\"target\":{\"@type\":\"EntryPoint\",\"urlTemplate\":\"https:\\\/\\\/www.darrera.com\\\/es\\\/?s={search_term_string}\"},\"query-input\":{\"@type\":\"PropertyValueSpecification\",\"valueRequired\":true,\"valueName\":\"search_term_string\"}}],\"inLanguage\":\"es\"},{\"@type\":\"Organization\",\"@id\":\"https:\\\/\\\/www.darrera.com\\\/es\\\/#organization\",\"name\":\"Darrera\",\"url\":\"https:\\\/\\\/www.darrera.com\\\/es\\\/\",\"logo\":{\"@type\":\"ImageObject\",\"inLanguage\":\"es\",\"@id\":\"https:\\\/\\\/www.darrera.com\\\/es\\\/#\\\/schema\\\/logo\\\/image\\\/\",\"url\":\"https:\\\/\\\/www.darrera.com\\\/wp\\\/wp-content\\\/uploads\\\/logo-darrera.png\",\"contentUrl\":\"https:\\\/\\\/www.darrera.com\\\/wp\\\/wp-content\\\/uploads\\\/logo-darrera.png\",\"width\":500,\"height\":85,\"caption\":\"Darrera\"},\"image\":{\"@id\":\"https:\\\/\\\/www.darrera.com\\\/es\\\/#\\\/schema\\\/logo\\\/image\\\/\"},\"sameAs\":[\"http:\\\/\\\/facebook.com\\\/darrerameteo\",\"https:\\\/\\\/x.com\\\/darrera_meteo\",\"https:\\\/\\\/www.linkedin.com\\\/company\\\/darrera-s-a-\",\"http:\\\/\\\/youtube.com\\\/darreratv\"]}]}<\/script>\n<!-- \/ Yoast SEO plugin. -->","yoast_head_json":{"title":"Veleta Industrial Calefactada | Darrera","robots":{"index":"index","follow":"follow","max-snippet":"max-snippet:-1","max-image-preview":"max-image-preview:large","max-video-preview":"max-video-preview:-1"},"canonical":"https:\/\/www.darrera.com\/en\/producto\/3r-khwd-heated-industrial-wind-vane\/","og_locale":"es_ES","og_type":"article","og_title":"Veleta Industrial Calefactada | Darrera","og_description":"Mide la direcci\u00f3n del viento con gran precisi\u00f3n y fiabilidad gracias a su tecnolog\u00eda de rotaci\u00f3n libre de fricci\u00f3n. Est\u00e1 fabricada \u00edntegramente en aluminio.","og_url":"https:\/\/www.darrera.com\/en\/producto\/3r-khwd-heated-industrial-wind-vane\/","og_site_name":"Darrera","article_publisher":"http:\/\/facebook.com\/darrerameteo","article_modified_time":"2024-05-02T15:18:53+00:00","og_image":[{"width":950,"height":950,"url":"https:\/\/www.darrera.com\/wp-content\/uploads\/2018\/03\/3r-khwd-veleta-industrial-calefactada.jpg","type":"image\/jpeg"}],"twitter_card":"summary_large_image","twitter_site":"@darrera_meteo","twitter_misc":{"Tiempo de lectura":"1 minuto"},"schema":{"@context":"https:\/\/schema.org","@graph":[{"@type":"WebPage","@id":"https:\/\/www.darrera.com\/en\/producto\/3r-khwd-heated-industrial-wind-vane\/","url":"https:\/\/www.darrera.com\/en\/producto\/3r-khwd-heated-industrial-wind-vane\/","name":"Veleta Industrial Calefactada | Darrera","isPartOf":{"@id":"https:\/\/www.darrera.com\/es\/#website"},"primaryImageOfPage":{"@id":"https:\/\/www.darrera.com\/en\/producto\/3r-khwd-heated-industrial-wind-vane\/#primaryimage"},"image":{"@id":"https:\/\/www.darrera.com\/en\/producto\/3r-khwd-heated-industrial-wind-vane\/#primaryimage"},"thumbnailUrl":"https:\/\/www.darrera.com\/wp-content\/uploads\/2018\/03\/3r-khwd-veleta-industrial-calefactada.jpg","datePublished":"2018-03-27T17:11:58+00:00","dateModified":"2024-05-02T15:18:53+00:00","breadcrumb":{"@id":"https:\/\/www.darrera.com\/en\/producto\/3r-khwd-heated-industrial-wind-vane\/#breadcrumb"},"inLanguage":"es","potentialAction":[{"@type":"ReadAction","target":["https:\/\/www.darrera.com\/en\/producto\/3r-khwd-heated-industrial-wind-vane\/"]}]},{"@type":"ImageObject","inLanguage":"es","@id":"https:\/\/www.darrera.com\/en\/producto\/3r-khwd-heated-industrial-wind-vane\/#primaryimage","url":"https:\/\/www.darrera.com\/wp-content\/uploads\/2018\/03\/3r-khwd-veleta-industrial-calefactada.jpg","contentUrl":"https:\/\/www.darrera.com\/wp-content\/uploads\/2018\/03\/3r-khwd-veleta-industrial-calefactada.jpg","width":950,"height":950,"caption":"3R KHWD - Veleta Industrial Calefactada"},{"@type":"BreadcrumbList","@id":"https:\/\/www.darrera.com\/en\/producto\/3r-khwd-heated-industrial-wind-vane\/#breadcrumb","itemListElement":[{"@type":"ListItem","position":1,"name":"Home","item":"https:\/\/www.darrera.com\/es\/"},{"@type":"ListItem","position":2,"name":"Productos","item":"https:\/\/www.darrera.com\/es\/productos\/"},{"@type":"ListItem","position":3,"name":"Veleta Industrial Calefactada"}]},{"@type":"WebSite","@id":"https:\/\/www.darrera.com\/es\/#website","url":"https:\/\/www.darrera.com\/es\/","name":"Darrera","description":"Instrumentos, soluciones y servicios meteorol\u00f3gicos","publisher":{"@id":"https:\/\/www.darrera.com\/es\/#organization"},"potentialAction":[{"@type":"SearchAction","target":{"@type":"EntryPoint","urlTemplate":"https:\/\/www.darrera.com\/es\/?s={search_term_string}"},"query-input":{"@type":"PropertyValueSpecification","valueRequired":true,"valueName":"search_term_string"}}],"inLanguage":"es"},{"@type":"Organization","@id":"https:\/\/www.darrera.com\/es\/#organization","name":"Darrera","url":"https:\/\/www.darrera.com\/es\/","logo":{"@type":"ImageObject","inLanguage":"es","@id":"https:\/\/www.darrera.com\/es\/#\/schema\/logo\/image\/","url":"https:\/\/www.darrera.com\/wp\/wp-content\/uploads\/logo-darrera.png","contentUrl":"https:\/\/www.darrera.com\/wp\/wp-content\/uploads\/logo-darrera.png","width":500,"height":85,"caption":"Darrera"},"image":{"@id":"https:\/\/www.darrera.com\/es\/#\/schema\/logo\/image\/"},"sameAs":["http:\/\/facebook.com\/darrerameteo","https:\/\/x.com\/darrera_meteo","https:\/\/www.linkedin.com\/company\/darrera-s-a-","http:\/\/youtube.com\/darreratv"]}]}},"_links":{"self":[{"href":"https:\/\/www.darrera.com\/es\/wp-json\/wp\/v2\/product\/2009","targetHints":{"allow":["GET"]}}],"collection":[{"href":"https:\/\/www.darrera.com\/es\/wp-json\/wp\/v2\/product"}],"about":[{"href":"https:\/\/www.darrera.com\/es\/wp-json\/wp\/v2\/types\/product"}],"wp:featuredmedia":[{"embeddable":true,"href":"https:\/\/www.darrera.com\/es\/wp-json\/wp\/v2\/media\/5884"}],"wp:attachment":[{"href":"https:\/\/www.darrera.com\/es\/wp-json\/wp\/v2\/media?parent=2009"}],"wp:term":[{"taxonomy":"product_brand","embeddable":true,"href":"https:\/\/www.darrera.com\/es\/wp-json\/wp\/v2\/product_brand?post=2009"},{"taxonomy":"product_cat","embeddable":true,"href":"https:\/\/www.darrera.com\/es\/wp-json\/wp\/v2\/product_cat?post=2009"},{"taxonomy":"product_tag","embeddable":true,"href":"https:\/\/www.darrera.com\/es\/wp-json\/wp\/v2\/product_tag?post=2009"}],"curies":[{"name":"wp","href":"https:\/\/api.w.org\/{rel}","templated":true}]}}