{"id":2014,"date":"2018-04-09T15:15:28","date_gmt":"2018-04-09T13:15:28","guid":{"rendered":"https:\/\/www.darrera.com\/wp\/product\/3r-edb200-boya-oceanografica\/"},"modified":"2024-07-02T18:12:49","modified_gmt":"2024-07-02T16:12:49","slug":"3r-edb200-boya-oceanografica","status":"publish","type":"product","link":"https:\/\/www.darrera.com\/es\/producto\/3r-edb200-boya-oceanografica\/","title":{"rendered":"Boya Oceanogr\u00e1fica"},"content":{"rendered":"<h3>Ideal para estudios oceanogr\u00e1ficos<\/h3>\n<p>La boya est\u00e1 dise\u00f1ada para la monitorizaci\u00f3n de las condiciones del mar en estudios oceanogr\u00e1ficos. Est\u00e1 equipada con un datalogger de gran capacidad que act\u00faa como unidad central de todo el sistema, alimentando de forma individual a cada uno de los sensores y capturando los datos que \u00e9stos proporcionan para su posterior almacenaje, descarga, tratamiento y visualizaci\u00f3n a trav\u00e9s del software incluido. El datalogger permite, adem\u00e1s, realizar c\u00e1lculos estad\u00edsticos a partir de los datos obtenidos por los sensores. La pantalla LCD opcional muestra distintos par\u00e1metros del sistema, como los canales activos, la memoria disponible, la carga de la bater\u00eda, etc.<\/p>\n<h4>Mediciones incluidas<\/h4>\n<ul>\n<li>Altura, periodo y direcci\u00f3n del oleaje.<\/li>\n<li>Comp\u00e1s.<\/li>\n<li>GPS.<\/li>\n<\/ul>\n<h4>Mediciones adicionales<\/h4>\n<ul>\n<li>Marea.<\/li>\n<li>Perfiles de corriente a distintas profundidades.<\/li>\n<li>Calidad del aire y del agua.<\/li>\n<li>Hidrocarburos y vertidos.<\/li>\n<li>Velocidad y direcci\u00f3n del viento.<\/li>\n<li>Temperatura y humedad.<\/li>\n<li>Punto de roc\u00edo.<\/li>\n<li>Presi\u00f3n atmosf\u00e9rica.<\/li>\n<li>Radiaci\u00f3n solar y UV.<\/li>\n<li>Visibilidad y tiempo presente.<\/li>\n<\/ul>\n<h3>Dise\u00f1o extremadamente robusto<\/h3>\n<p>La boya presenta un dise\u00f1o extremadamente robusto formado por un flotador de alta resistencia relleno de espuma, y dispone de una estructura vertical de acero inoxidable donde se instala el sistema de alimentaci\u00f3n solar, la antena del sistema de comunicaci\u00f3n, una baliza de se\u00f1alizaci\u00f3n, un reflector de radar pasivo y sensores ambientales adicionales. El caj\u00f3n estanco donde se aloja la electr\u00f3nica de control presenta un doble sellado para garantizar la m\u00e1xima protecci\u00f3n de la circuiter\u00eda frente al agua, la humedad y otros agentes externos. La boya est\u00e1 equipada, adem\u00e1s, con un conjunto de bater\u00edas de gran capacidad para una total autonom\u00eda.<\/p>\n<h3>M\u00e1xima conectividad<\/h3>\n<p>La boya dispone de diversas opciones de comunicaci\u00f3n y permite el env\u00edo de datos a Internet en tiempo real. Entre las opciones de comunicaci\u00f3n m\u00e1s habituales se encuentran VHF, UHF, 4G y sat\u00e9lite Inmarsat.<\/p>\n<h3>Especificaciones t\u00e9cnicas<\/h3>\n<h4>Especificaciones del datalogger<\/h4>\n<ul>\n<li>Capacidad: 1 a\u00f1o<\/li>\n<li>Protocolo: ASCII, NMEA, MODBUS-RTU, MODBUS-TCP, HTTP, FTP y email<\/li>\n<\/ul>\n<h4>Especificaciones el\u00e9ctricas<\/h4>\n<ul>\n<li>Voltaje de alimentaci\u00f3n: 12 o 24 VDC<\/li>\n<li>Consumo: 1 A (m\u00e1x.)<\/li>\n<li>Se\u00f1al de salida: RS-232, USB, Ethernet, Wi-Fi, VHF, UHF, 4G y sat\u00e9lites Inmarsat e Iridium<\/li>\n<\/ul>\n<h4>Especificaciones mec\u00e1nicas<\/h4>\n<ul>\n<li>Temperatura de funcionamiento: -20\u00baC a 70\u00baC<\/li>\n<li>Material: polietileno resistente a los rayos UV y acero inoxidable AISI 316L<\/li>\n<li>Dimensiones: \u2205 300 x 450 cm<\/li>\n<li>Peso: 3.200 Kg<\/li>\n<\/ul>\n","protected":false},"excerpt":{"rendered":"<p>Est\u00e1 dise\u00f1ada para la monitorizaci\u00f3n de las condiciones del mar en estudios oceanogr\u00e1ficos. Incluye un datalogger de gran capacidad y un sistema de comunicaci\u00f3n que permite el env\u00edo de datos a Internet en tiempo real.<\/p>\n","protected":false},"featured_media":2428,"template":"","meta":[],"product_brand":[],"product_cat":[245],"product_tag":[],"class_list":{"0":"post-2014","1":"product","2":"type-product","3":"status-publish","4":"has-post-thumbnail","6":"product_cat-boyas-datos","8":"first","9":"instock","10":"taxable","11":"shipping-taxable","12":"product-type-simple"},"yoast_head":"<!-- This site is optimized with the Yoast SEO plugin v27.5 - https:\/\/yoast.com\/product\/yoast-seo-wordpress\/ -->\n<title>Boya Oceanogr\u00e1fica | Darrera<\/title>\n<meta name=\"robots\" content=\"index, follow, max-snippet:-1, max-image-preview:large, max-video-preview:-1\" \/>\n<link rel=\"canonical\" href=\"https:\/\/www.darrera.com\/en\/producto\/3r-edb200-oceanographic-buoy\/\" \/>\n<meta property=\"og:locale\" content=\"es_ES\" \/>\n<meta property=\"og:type\" content=\"article\" \/>\n<meta property=\"og:title\" content=\"Boya Oceanogr\u00e1fica | Darrera\" \/>\n<meta property=\"og:description\" content=\"Est\u00e1 dise\u00f1ada para la monitorizaci\u00f3n de las condiciones del mar en estudios oceanogr\u00e1ficos. Incluye un datalogger de gran capacidad y un sistema de comunicaci\u00f3n que permite el env\u00edo de datos a Internet en tiempo real.\" \/>\n<meta property=\"og:url\" content=\"https:\/\/www.darrera.com\/en\/producto\/3r-edb200-oceanographic-buoy\/\" \/>\n<meta property=\"og:site_name\" content=\"Darrera\" \/>\n<meta property=\"article:publisher\" content=\"http:\/\/facebook.com\/darrerameteo\" \/>\n<meta property=\"article:modified_time\" content=\"2024-07-02T16:12:49+00:00\" \/>\n<meta property=\"og:image\" content=\"https:\/\/www.darrera.com\/wp-content\/uploads\/2018\/04\/3r-edb200-boya-oceanografica.jpg\" \/>\n\t<meta property=\"og:image:width\" content=\"950\" \/>\n\t<meta property=\"og:image:height\" content=\"950\" \/>\n\t<meta property=\"og:image:type\" content=\"image\/jpeg\" \/>\n<meta name=\"twitter:card\" content=\"summary_large_image\" \/>\n<meta name=\"twitter:site\" content=\"@darrera_meteo\" \/>\n<meta name=\"twitter:label1\" content=\"Tiempo de lectura\" \/>\n\t<meta name=\"twitter:data1\" content=\"2 minutos\" \/>\n<script type=\"application\/ld+json\" class=\"yoast-schema-graph\">{\"@context\":\"https:\\\/\\\/schema.org\",\"@graph\":[{\"@type\":\"WebPage\",\"@id\":\"https:\\\/\\\/www.darrera.com\\\/en\\\/producto\\\/3r-edb200-oceanographic-buoy\\\/\",\"url\":\"https:\\\/\\\/www.darrera.com\\\/en\\\/producto\\\/3r-edb200-oceanographic-buoy\\\/\",\"name\":\"Boya Oceanogr\u00e1fica | Darrera\",\"isPartOf\":{\"@id\":\"https:\\\/\\\/www.darrera.com\\\/es\\\/#website\"},\"primaryImageOfPage\":{\"@id\":\"https:\\\/\\\/www.darrera.com\\\/en\\\/producto\\\/3r-edb200-oceanographic-buoy\\\/#primaryimage\"},\"image\":{\"@id\":\"https:\\\/\\\/www.darrera.com\\\/en\\\/producto\\\/3r-edb200-oceanographic-buoy\\\/#primaryimage\"},\"thumbnailUrl\":\"https:\\\/\\\/www.darrera.com\\\/wp-content\\\/uploads\\\/2018\\\/04\\\/3r-edb200-boya-oceanografica.jpg\",\"datePublished\":\"2018-04-09T13:15:28+00:00\",\"dateModified\":\"2024-07-02T16:12:49+00:00\",\"breadcrumb\":{\"@id\":\"https:\\\/\\\/www.darrera.com\\\/en\\\/producto\\\/3r-edb200-oceanographic-buoy\\\/#breadcrumb\"},\"inLanguage\":\"es\",\"potentialAction\":[{\"@type\":\"ReadAction\",\"target\":[\"https:\\\/\\\/www.darrera.com\\\/en\\\/producto\\\/3r-edb200-oceanographic-buoy\\\/\"]}]},{\"@type\":\"ImageObject\",\"inLanguage\":\"es\",\"@id\":\"https:\\\/\\\/www.darrera.com\\\/en\\\/producto\\\/3r-edb200-oceanographic-buoy\\\/#primaryimage\",\"url\":\"https:\\\/\\\/www.darrera.com\\\/wp-content\\\/uploads\\\/2018\\\/04\\\/3r-edb200-boya-oceanografica.jpg\",\"contentUrl\":\"https:\\\/\\\/www.darrera.com\\\/wp-content\\\/uploads\\\/2018\\\/04\\\/3r-edb200-boya-oceanografica.jpg\",\"width\":950,\"height\":950,\"caption\":\"3R EDB200 - Boya Oceanogr\u00e1fica\"},{\"@type\":\"BreadcrumbList\",\"@id\":\"https:\\\/\\\/www.darrera.com\\\/en\\\/producto\\\/3r-edb200-oceanographic-buoy\\\/#breadcrumb\",\"itemListElement\":[{\"@type\":\"ListItem\",\"position\":1,\"name\":\"Home\",\"item\":\"https:\\\/\\\/www.darrera.com\\\/es\\\/\"},{\"@type\":\"ListItem\",\"position\":2,\"name\":\"Productos\",\"item\":\"https:\\\/\\\/www.darrera.com\\\/es\\\/productos\\\/\"},{\"@type\":\"ListItem\",\"position\":3,\"name\":\"Boya Oceanogr\u00e1fica\"}]},{\"@type\":\"WebSite\",\"@id\":\"https:\\\/\\\/www.darrera.com\\\/es\\\/#website\",\"url\":\"https:\\\/\\\/www.darrera.com\\\/es\\\/\",\"name\":\"Darrera\",\"description\":\"Instrumentos, soluciones y servicios meteorol\u00f3gicos\",\"publisher\":{\"@id\":\"https:\\\/\\\/www.darrera.com\\\/es\\\/#organization\"},\"potentialAction\":[{\"@type\":\"SearchAction\",\"target\":{\"@type\":\"EntryPoint\",\"urlTemplate\":\"https:\\\/\\\/www.darrera.com\\\/es\\\/?s={search_term_string}\"},\"query-input\":{\"@type\":\"PropertyValueSpecification\",\"valueRequired\":true,\"valueName\":\"search_term_string\"}}],\"inLanguage\":\"es\"},{\"@type\":\"Organization\",\"@id\":\"https:\\\/\\\/www.darrera.com\\\/es\\\/#organization\",\"name\":\"Darrera\",\"url\":\"https:\\\/\\\/www.darrera.com\\\/es\\\/\",\"logo\":{\"@type\":\"ImageObject\",\"inLanguage\":\"es\",\"@id\":\"https:\\\/\\\/www.darrera.com\\\/es\\\/#\\\/schema\\\/logo\\\/image\\\/\",\"url\":\"https:\\\/\\\/www.darrera.com\\\/wp\\\/wp-content\\\/uploads\\\/logo-darrera.png\",\"contentUrl\":\"https:\\\/\\\/www.darrera.com\\\/wp\\\/wp-content\\\/uploads\\\/logo-darrera.png\",\"width\":500,\"height\":85,\"caption\":\"Darrera\"},\"image\":{\"@id\":\"https:\\\/\\\/www.darrera.com\\\/es\\\/#\\\/schema\\\/logo\\\/image\\\/\"},\"sameAs\":[\"http:\\\/\\\/facebook.com\\\/darrerameteo\",\"https:\\\/\\\/x.com\\\/darrera_meteo\",\"https:\\\/\\\/www.linkedin.com\\\/company\\\/darrera-s-a-\",\"http:\\\/\\\/youtube.com\\\/darreratv\"]}]}<\/script>\n<!-- \/ Yoast SEO plugin. -->","yoast_head_json":{"title":"Boya Oceanogr\u00e1fica | Darrera","robots":{"index":"index","follow":"follow","max-snippet":"max-snippet:-1","max-image-preview":"max-image-preview:large","max-video-preview":"max-video-preview:-1"},"canonical":"https:\/\/www.darrera.com\/en\/producto\/3r-edb200-oceanographic-buoy\/","og_locale":"es_ES","og_type":"article","og_title":"Boya Oceanogr\u00e1fica | Darrera","og_description":"Est\u00e1 dise\u00f1ada para la monitorizaci\u00f3n de las condiciones del mar en estudios oceanogr\u00e1ficos. Incluye un datalogger de gran capacidad y un sistema de comunicaci\u00f3n que permite el env\u00edo de datos a Internet en tiempo real.","og_url":"https:\/\/www.darrera.com\/en\/producto\/3r-edb200-oceanographic-buoy\/","og_site_name":"Darrera","article_publisher":"http:\/\/facebook.com\/darrerameteo","article_modified_time":"2024-07-02T16:12:49+00:00","og_image":[{"width":950,"height":950,"url":"https:\/\/www.darrera.com\/wp-content\/uploads\/2018\/04\/3r-edb200-boya-oceanografica.jpg","type":"image\/jpeg"}],"twitter_card":"summary_large_image","twitter_site":"@darrera_meteo","twitter_misc":{"Tiempo de lectura":"2 minutos"},"schema":{"@context":"https:\/\/schema.org","@graph":[{"@type":"WebPage","@id":"https:\/\/www.darrera.com\/en\/producto\/3r-edb200-oceanographic-buoy\/","url":"https:\/\/www.darrera.com\/en\/producto\/3r-edb200-oceanographic-buoy\/","name":"Boya Oceanogr\u00e1fica | Darrera","isPartOf":{"@id":"https:\/\/www.darrera.com\/es\/#website"},"primaryImageOfPage":{"@id":"https:\/\/www.darrera.com\/en\/producto\/3r-edb200-oceanographic-buoy\/#primaryimage"},"image":{"@id":"https:\/\/www.darrera.com\/en\/producto\/3r-edb200-oceanographic-buoy\/#primaryimage"},"thumbnailUrl":"https:\/\/www.darrera.com\/wp-content\/uploads\/2018\/04\/3r-edb200-boya-oceanografica.jpg","datePublished":"2018-04-09T13:15:28+00:00","dateModified":"2024-07-02T16:12:49+00:00","breadcrumb":{"@id":"https:\/\/www.darrera.com\/en\/producto\/3r-edb200-oceanographic-buoy\/#breadcrumb"},"inLanguage":"es","potentialAction":[{"@type":"ReadAction","target":["https:\/\/www.darrera.com\/en\/producto\/3r-edb200-oceanographic-buoy\/"]}]},{"@type":"ImageObject","inLanguage":"es","@id":"https:\/\/www.darrera.com\/en\/producto\/3r-edb200-oceanographic-buoy\/#primaryimage","url":"https:\/\/www.darrera.com\/wp-content\/uploads\/2018\/04\/3r-edb200-boya-oceanografica.jpg","contentUrl":"https:\/\/www.darrera.com\/wp-content\/uploads\/2018\/04\/3r-edb200-boya-oceanografica.jpg","width":950,"height":950,"caption":"3R EDB200 - Boya Oceanogr\u00e1fica"},{"@type":"BreadcrumbList","@id":"https:\/\/www.darrera.com\/en\/producto\/3r-edb200-oceanographic-buoy\/#breadcrumb","itemListElement":[{"@type":"ListItem","position":1,"name":"Home","item":"https:\/\/www.darrera.com\/es\/"},{"@type":"ListItem","position":2,"name":"Productos","item":"https:\/\/www.darrera.com\/es\/productos\/"},{"@type":"ListItem","position":3,"name":"Boya Oceanogr\u00e1fica"}]},{"@type":"WebSite","@id":"https:\/\/www.darrera.com\/es\/#website","url":"https:\/\/www.darrera.com\/es\/","name":"Darrera","description":"Instrumentos, soluciones y servicios meteorol\u00f3gicos","publisher":{"@id":"https:\/\/www.darrera.com\/es\/#organization"},"potentialAction":[{"@type":"SearchAction","target":{"@type":"EntryPoint","urlTemplate":"https:\/\/www.darrera.com\/es\/?s={search_term_string}"},"query-input":{"@type":"PropertyValueSpecification","valueRequired":true,"valueName":"search_term_string"}}],"inLanguage":"es"},{"@type":"Organization","@id":"https:\/\/www.darrera.com\/es\/#organization","name":"Darrera","url":"https:\/\/www.darrera.com\/es\/","logo":{"@type":"ImageObject","inLanguage":"es","@id":"https:\/\/www.darrera.com\/es\/#\/schema\/logo\/image\/","url":"https:\/\/www.darrera.com\/wp\/wp-content\/uploads\/logo-darrera.png","contentUrl":"https:\/\/www.darrera.com\/wp\/wp-content\/uploads\/logo-darrera.png","width":500,"height":85,"caption":"Darrera"},"image":{"@id":"https:\/\/www.darrera.com\/es\/#\/schema\/logo\/image\/"},"sameAs":["http:\/\/facebook.com\/darrerameteo","https:\/\/x.com\/darrera_meteo","https:\/\/www.linkedin.com\/company\/darrera-s-a-","http:\/\/youtube.com\/darreratv"]}]}},"_links":{"self":[{"href":"https:\/\/www.darrera.com\/es\/wp-json\/wp\/v2\/product\/2014","targetHints":{"allow":["GET"]}}],"collection":[{"href":"https:\/\/www.darrera.com\/es\/wp-json\/wp\/v2\/product"}],"about":[{"href":"https:\/\/www.darrera.com\/es\/wp-json\/wp\/v2\/types\/product"}],"wp:featuredmedia":[{"embeddable":true,"href":"https:\/\/www.darrera.com\/es\/wp-json\/wp\/v2\/media\/2428"}],"wp:attachment":[{"href":"https:\/\/www.darrera.com\/es\/wp-json\/wp\/v2\/media?parent=2014"}],"wp:term":[{"taxonomy":"product_brand","embeddable":true,"href":"https:\/\/www.darrera.com\/es\/wp-json\/wp\/v2\/product_brand?post=2014"},{"taxonomy":"product_cat","embeddable":true,"href":"https:\/\/www.darrera.com\/es\/wp-json\/wp\/v2\/product_cat?post=2014"},{"taxonomy":"product_tag","embeddable":true,"href":"https:\/\/www.darrera.com\/es\/wp-json\/wp\/v2\/product_tag?post=2014"}],"curies":[{"name":"wp","href":"https:\/\/api.w.org\/{rel}","templated":true}]}}