{"id":2019,"date":"2018-04-09T11:17:56","date_gmt":"2018-04-09T09:17:56","guid":{"rendered":"https:\/\/www.darrera.com\/wp\/product\/3r-aws300-estacion-meteorologica-carreteras\/"},"modified":"2022-09-23T13:43:32","modified_gmt":"2022-09-23T11:43:32","slug":"3r-aws300-estacion-meteorologica-carreteras","status":"publish","type":"product","link":"https:\/\/www.darrera.com\/es\/producto\/3r-aws300-estacion-meteorologica-carreteras\/","title":{"rendered":"Estaci\u00f3n Meteorol\u00f3gica para Carreteras"},"content":{"rendered":"<h3>Tecnolog\u00eda de altas prestaciones<\/h3>\n<p>La estaci\u00f3n meteorol\u00f3gica para carreteras est\u00e1 dise\u00f1ada para la monitorizaci\u00f3n de las condiciones ambientales en todo tipo de aplicaciones de seguridad vial. La estaci\u00f3n est\u00e1 formada por un datalogger de gran capacidad que act\u00faa como unidad central de todo el sistema, alimentando de forma individual a cada uno de los sensores y capturando los datos que \u00e9stos proporcionan para su posterior almacenaje, descarga, tratamiento y visualizaci\u00f3n a trav\u00e9s del software incluido. El datalogger permite, adem\u00e1s, realizar c\u00e1lculos estad\u00edsticos a partir de los datos obtenidos por los sensores. La pantalla LCD muestra distintos par\u00e1metros del sistema, como los canales activos, la configuraci\u00f3n de la memoria, la carga de la bater\u00eda, etc.<\/p>\n<h4>Mediciones incluidas<\/h4>\n<ul>\n<li>Velocidad y direcci\u00f3n del viento.<\/li>\n<li>Temperatura y humedad.<\/li>\n<li>Punto de roc\u00edo.<\/li>\n<li>Temperatura de la calzada.<\/li>\n<li>Lluvia e intensidad de lluvia.<\/li>\n<\/ul>\n<h4>Mediciones adicionales<\/h4>\n<ul>\n<li>Presi\u00f3n atmosf\u00e9rica.<\/li>\n<li>Radiaci\u00f3n solar y UV.<\/li>\n<li>Estado de la calzada.<\/li>\n<li>Profundidad de nieve.<\/li>\n<li>Visibilidad y tiempo presente.<\/li>\n<li>Calidad del aire.<\/li>\n<li>Detecci\u00f3n de rayos.<\/li>\n<\/ul>\n<h3>Dise\u00f1o compacto y resistente a la intemperie<\/h3>\n<p>La estaci\u00f3n presenta un dise\u00f1o compacto y est\u00e1 fabricada \u00edntegramente con materiales resistentes a la corrosi\u00f3n para garantizar una alta resistencia a la intemperie. El caj\u00f3n estanco presenta un doble sellado para garantizar la m\u00e1xima protecci\u00f3n de la circuiter\u00eda frente al polvo, la humedad y otros agentes externos. El calefactor opcional de determinados sensores se activa autom\u00e1ticamente a temperaturas en torno a 4\u00baC, previniendo la acumulaci\u00f3n de hielo y nieve y permitiendo efectuar mediciones precisas a bajas temperaturas o bien durante y despu\u00e9s de una nevada.<\/p>\n<h3>M\u00e1xima conectividad<\/h3>\n<p>La estaci\u00f3n dispone de diversas opciones de comunicaci\u00f3n y permite el env\u00edo de datos a Internet desde ubicaciones remotas desprovistas de un sistema de comunicaci\u00f3n propio o de personal in situ. Adem\u00e1s, puede alimentarse mediante un panel solar y una bater\u00eda para una total autonom\u00eda.<\/p>\n<h3>Infinidad de aplicaciones<\/h3>\n<p>Su incre\u00edble versatilidad la hace id\u00f3nea para todo tipo de aplicaciones, entre las que destacan:<\/p>\n<ul>\n<li>Carreteras y autopistas.<\/li>\n<li>T\u00faneles y puentes.<\/li>\n<li>Puertos de monta\u00f1a.<\/li>\n<li>Tr\u00e1fico urbano.<\/li>\n<li>Circuitos de velocidad.<\/li>\n<\/ul>\n<h3>Especificaciones t\u00e9cnicas<\/h3>\n<h4>Especificaciones del datalogger<\/h4>\n<ul>\n<li>Capacidad: 1 a\u00f1o<\/li>\n<li>Protocolo: ASCII, NMEA, MODBUS-RTU, MODBUS-TCP, HTTP, FTP y email<\/li>\n<\/ul>\n<h4>Especificaciones el\u00e9ctricas<\/h4>\n<ul>\n<li>Voltaje de alimentaci\u00f3n: 10 a 30 VDC<\/li>\n<li>Consumo: 350 mA (m\u00e1x.)<\/li>\n<li>Se\u00f1al de entrada: 12 x anal\u00f3gicas, 5 x digitales, 5 x serie (RS-232, RS-422 y RS-485) y SDI-12 (ampliables)<\/li>\n<li>Se\u00f1al de salida: RS-232, RS-422, RS-485, USB, Ethernet, Wi-Fi y 4G<\/li>\n<\/ul>\n<h4>Especificaciones mec\u00e1nicas<\/h4>\n<ul>\n<li>Temperatura de funcionamiento: -30\u00baC a 70\u00baC<\/li>\n<li>Material: acero lacado en gris o blanco<\/li>\n<li>Dimensiones: 300 x 400 x 220 mm<\/li>\n<li>Peso: 15 Kg<\/li>\n<\/ul>\n","protected":false},"excerpt":{"rendered":"<p>Dise\u00f1ada para la monitorizaci\u00f3n de las condiciones ambientales en todo tipo de aplicaciones de seguridad vial. Incluye un datalogger de gran capacidad que permite el env\u00edo de datos a Internet.<\/p>\n","protected":false},"featured_media":3213,"template":"","meta":[],"product_brand":[],"product_cat":[247],"product_tag":[],"class_list":{"0":"post-2019","1":"product","2":"type-product","3":"status-publish","4":"has-post-thumbnail","6":"product_cat-estaciones-meteorologicas","8":"first","9":"instock","10":"taxable","11":"shipping-taxable","12":"product-type-simple"},"yoast_head":"<!-- This site is optimized with the Yoast SEO plugin v27.3 - https:\/\/yoast.com\/product\/yoast-seo-wordpress\/ -->\n<title>Estaci\u00f3n Meteorol\u00f3gica para Carreteras | Darrera<\/title>\n<meta name=\"robots\" content=\"index, follow, max-snippet:-1, max-image-preview:large, max-video-preview:-1\" \/>\n<link rel=\"canonical\" href=\"https:\/\/www.darrera.com\/en\/producto\/3r-aws300-road-weather-station\/\" \/>\n<meta property=\"og:locale\" content=\"es_ES\" \/>\n<meta property=\"og:type\" content=\"article\" \/>\n<meta property=\"og:title\" content=\"Estaci\u00f3n Meteorol\u00f3gica para Carreteras | Darrera\" \/>\n<meta property=\"og:description\" content=\"Dise\u00f1ada para la monitorizaci\u00f3n de las condiciones ambientales en todo tipo de aplicaciones de seguridad vial. Incluye un datalogger de gran capacidad que permite el env\u00edo de datos a Internet.\" \/>\n<meta property=\"og:url\" content=\"https:\/\/www.darrera.com\/en\/producto\/3r-aws300-road-weather-station\/\" \/>\n<meta property=\"og:site_name\" content=\"Darrera\" \/>\n<meta property=\"article:publisher\" content=\"http:\/\/facebook.com\/darrerameteo\" \/>\n<meta property=\"article:modified_time\" content=\"2022-09-23T11:43:32+00:00\" \/>\n<meta property=\"og:image\" content=\"https:\/\/www.darrera.com\/wp-content\/uploads\/2018\/04\/3r-aws300-estacion-meteorologica-carreteras.jpg\" \/>\n\t<meta property=\"og:image:width\" content=\"950\" \/>\n\t<meta property=\"og:image:height\" content=\"950\" \/>\n\t<meta property=\"og:image:type\" content=\"image\/jpeg\" \/>\n<meta name=\"twitter:card\" content=\"summary_large_image\" \/>\n<meta name=\"twitter:site\" content=\"@darrera_meteo\" \/>\n<meta name=\"twitter:label1\" content=\"Tiempo de lectura\" \/>\n\t<meta name=\"twitter:data1\" content=\"2 minutos\" \/>\n<script type=\"application\/ld+json\" class=\"yoast-schema-graph\">{\"@context\":\"https:\\\/\\\/schema.org\",\"@graph\":[{\"@type\":\"WebPage\",\"@id\":\"https:\\\/\\\/www.darrera.com\\\/en\\\/producto\\\/3r-aws300-road-weather-station\\\/\",\"url\":\"https:\\\/\\\/www.darrera.com\\\/en\\\/producto\\\/3r-aws300-road-weather-station\\\/\",\"name\":\"Estaci\u00f3n Meteorol\u00f3gica para Carreteras | Darrera\",\"isPartOf\":{\"@id\":\"https:\\\/\\\/www.darrera.com\\\/es\\\/#website\"},\"primaryImageOfPage\":{\"@id\":\"https:\\\/\\\/www.darrera.com\\\/en\\\/producto\\\/3r-aws300-road-weather-station\\\/#primaryimage\"},\"image\":{\"@id\":\"https:\\\/\\\/www.darrera.com\\\/en\\\/producto\\\/3r-aws300-road-weather-station\\\/#primaryimage\"},\"thumbnailUrl\":\"https:\\\/\\\/www.darrera.com\\\/wp-content\\\/uploads\\\/2018\\\/04\\\/3r-aws300-estacion-meteorologica-carreteras.jpg\",\"datePublished\":\"2018-04-09T09:17:56+00:00\",\"dateModified\":\"2022-09-23T11:43:32+00:00\",\"breadcrumb\":{\"@id\":\"https:\\\/\\\/www.darrera.com\\\/en\\\/producto\\\/3r-aws300-road-weather-station\\\/#breadcrumb\"},\"inLanguage\":\"es\",\"potentialAction\":[{\"@type\":\"ReadAction\",\"target\":[\"https:\\\/\\\/www.darrera.com\\\/en\\\/producto\\\/3r-aws300-road-weather-station\\\/\"]}]},{\"@type\":\"ImageObject\",\"inLanguage\":\"es\",\"@id\":\"https:\\\/\\\/www.darrera.com\\\/en\\\/producto\\\/3r-aws300-road-weather-station\\\/#primaryimage\",\"url\":\"https:\\\/\\\/www.darrera.com\\\/wp-content\\\/uploads\\\/2018\\\/04\\\/3r-aws300-estacion-meteorologica-carreteras.jpg\",\"contentUrl\":\"https:\\\/\\\/www.darrera.com\\\/wp-content\\\/uploads\\\/2018\\\/04\\\/3r-aws300-estacion-meteorologica-carreteras.jpg\",\"width\":950,\"height\":950,\"caption\":\"3R AWS300 - Estaci\u00f3n Meteorol\u00f3gica para Carreteras\"},{\"@type\":\"BreadcrumbList\",\"@id\":\"https:\\\/\\\/www.darrera.com\\\/en\\\/producto\\\/3r-aws300-road-weather-station\\\/#breadcrumb\",\"itemListElement\":[{\"@type\":\"ListItem\",\"position\":1,\"name\":\"Home\",\"item\":\"https:\\\/\\\/www.darrera.com\\\/es\\\/\"},{\"@type\":\"ListItem\",\"position\":2,\"name\":\"Productos\",\"item\":\"https:\\\/\\\/www.darrera.com\\\/es\\\/productos\\\/\"},{\"@type\":\"ListItem\",\"position\":3,\"name\":\"Estaci\u00f3n Meteorol\u00f3gica para Carreteras\"}]},{\"@type\":\"WebSite\",\"@id\":\"https:\\\/\\\/www.darrera.com\\\/es\\\/#website\",\"url\":\"https:\\\/\\\/www.darrera.com\\\/es\\\/\",\"name\":\"Darrera\",\"description\":\"Instrumentos, soluciones y servicios meteorol\u00f3gicos\",\"publisher\":{\"@id\":\"https:\\\/\\\/www.darrera.com\\\/es\\\/#organization\"},\"potentialAction\":[{\"@type\":\"SearchAction\",\"target\":{\"@type\":\"EntryPoint\",\"urlTemplate\":\"https:\\\/\\\/www.darrera.com\\\/es\\\/?s={search_term_string}\"},\"query-input\":{\"@type\":\"PropertyValueSpecification\",\"valueRequired\":true,\"valueName\":\"search_term_string\"}}],\"inLanguage\":\"es\"},{\"@type\":\"Organization\",\"@id\":\"https:\\\/\\\/www.darrera.com\\\/es\\\/#organization\",\"name\":\"Darrera\",\"url\":\"https:\\\/\\\/www.darrera.com\\\/es\\\/\",\"logo\":{\"@type\":\"ImageObject\",\"inLanguage\":\"es\",\"@id\":\"https:\\\/\\\/www.darrera.com\\\/es\\\/#\\\/schema\\\/logo\\\/image\\\/\",\"url\":\"https:\\\/\\\/www.darrera.com\\\/wp\\\/wp-content\\\/uploads\\\/logo-darrera.png\",\"contentUrl\":\"https:\\\/\\\/www.darrera.com\\\/wp\\\/wp-content\\\/uploads\\\/logo-darrera.png\",\"width\":500,\"height\":85,\"caption\":\"Darrera\"},\"image\":{\"@id\":\"https:\\\/\\\/www.darrera.com\\\/es\\\/#\\\/schema\\\/logo\\\/image\\\/\"},\"sameAs\":[\"http:\\\/\\\/facebook.com\\\/darrerameteo\",\"https:\\\/\\\/x.com\\\/darrera_meteo\",\"https:\\\/\\\/www.linkedin.com\\\/company\\\/darrera-s-a-\",\"http:\\\/\\\/youtube.com\\\/darreratv\"]}]}<\/script>\n<!-- \/ Yoast SEO plugin. -->","yoast_head_json":{"title":"Estaci\u00f3n Meteorol\u00f3gica para Carreteras | Darrera","robots":{"index":"index","follow":"follow","max-snippet":"max-snippet:-1","max-image-preview":"max-image-preview:large","max-video-preview":"max-video-preview:-1"},"canonical":"https:\/\/www.darrera.com\/en\/producto\/3r-aws300-road-weather-station\/","og_locale":"es_ES","og_type":"article","og_title":"Estaci\u00f3n Meteorol\u00f3gica para Carreteras | Darrera","og_description":"Dise\u00f1ada para la monitorizaci\u00f3n de las condiciones ambientales en todo tipo de aplicaciones de seguridad vial. Incluye un datalogger de gran capacidad que permite el env\u00edo de datos a Internet.","og_url":"https:\/\/www.darrera.com\/en\/producto\/3r-aws300-road-weather-station\/","og_site_name":"Darrera","article_publisher":"http:\/\/facebook.com\/darrerameteo","article_modified_time":"2022-09-23T11:43:32+00:00","og_image":[{"width":950,"height":950,"url":"https:\/\/www.darrera.com\/wp-content\/uploads\/2018\/04\/3r-aws300-estacion-meteorologica-carreteras.jpg","type":"image\/jpeg"}],"twitter_card":"summary_large_image","twitter_site":"@darrera_meteo","twitter_misc":{"Tiempo de lectura":"2 minutos"},"schema":{"@context":"https:\/\/schema.org","@graph":[{"@type":"WebPage","@id":"https:\/\/www.darrera.com\/en\/producto\/3r-aws300-road-weather-station\/","url":"https:\/\/www.darrera.com\/en\/producto\/3r-aws300-road-weather-station\/","name":"Estaci\u00f3n Meteorol\u00f3gica para Carreteras | Darrera","isPartOf":{"@id":"https:\/\/www.darrera.com\/es\/#website"},"primaryImageOfPage":{"@id":"https:\/\/www.darrera.com\/en\/producto\/3r-aws300-road-weather-station\/#primaryimage"},"image":{"@id":"https:\/\/www.darrera.com\/en\/producto\/3r-aws300-road-weather-station\/#primaryimage"},"thumbnailUrl":"https:\/\/www.darrera.com\/wp-content\/uploads\/2018\/04\/3r-aws300-estacion-meteorologica-carreteras.jpg","datePublished":"2018-04-09T09:17:56+00:00","dateModified":"2022-09-23T11:43:32+00:00","breadcrumb":{"@id":"https:\/\/www.darrera.com\/en\/producto\/3r-aws300-road-weather-station\/#breadcrumb"},"inLanguage":"es","potentialAction":[{"@type":"ReadAction","target":["https:\/\/www.darrera.com\/en\/producto\/3r-aws300-road-weather-station\/"]}]},{"@type":"ImageObject","inLanguage":"es","@id":"https:\/\/www.darrera.com\/en\/producto\/3r-aws300-road-weather-station\/#primaryimage","url":"https:\/\/www.darrera.com\/wp-content\/uploads\/2018\/04\/3r-aws300-estacion-meteorologica-carreteras.jpg","contentUrl":"https:\/\/www.darrera.com\/wp-content\/uploads\/2018\/04\/3r-aws300-estacion-meteorologica-carreteras.jpg","width":950,"height":950,"caption":"3R AWS300 - Estaci\u00f3n Meteorol\u00f3gica para Carreteras"},{"@type":"BreadcrumbList","@id":"https:\/\/www.darrera.com\/en\/producto\/3r-aws300-road-weather-station\/#breadcrumb","itemListElement":[{"@type":"ListItem","position":1,"name":"Home","item":"https:\/\/www.darrera.com\/es\/"},{"@type":"ListItem","position":2,"name":"Productos","item":"https:\/\/www.darrera.com\/es\/productos\/"},{"@type":"ListItem","position":3,"name":"Estaci\u00f3n Meteorol\u00f3gica para Carreteras"}]},{"@type":"WebSite","@id":"https:\/\/www.darrera.com\/es\/#website","url":"https:\/\/www.darrera.com\/es\/","name":"Darrera","description":"Instrumentos, soluciones y servicios meteorol\u00f3gicos","publisher":{"@id":"https:\/\/www.darrera.com\/es\/#organization"},"potentialAction":[{"@type":"SearchAction","target":{"@type":"EntryPoint","urlTemplate":"https:\/\/www.darrera.com\/es\/?s={search_term_string}"},"query-input":{"@type":"PropertyValueSpecification","valueRequired":true,"valueName":"search_term_string"}}],"inLanguage":"es"},{"@type":"Organization","@id":"https:\/\/www.darrera.com\/es\/#organization","name":"Darrera","url":"https:\/\/www.darrera.com\/es\/","logo":{"@type":"ImageObject","inLanguage":"es","@id":"https:\/\/www.darrera.com\/es\/#\/schema\/logo\/image\/","url":"https:\/\/www.darrera.com\/wp\/wp-content\/uploads\/logo-darrera.png","contentUrl":"https:\/\/www.darrera.com\/wp\/wp-content\/uploads\/logo-darrera.png","width":500,"height":85,"caption":"Darrera"},"image":{"@id":"https:\/\/www.darrera.com\/es\/#\/schema\/logo\/image\/"},"sameAs":["http:\/\/facebook.com\/darrerameteo","https:\/\/x.com\/darrera_meteo","https:\/\/www.linkedin.com\/company\/darrera-s-a-","http:\/\/youtube.com\/darreratv"]}]}},"_links":{"self":[{"href":"https:\/\/www.darrera.com\/es\/wp-json\/wp\/v2\/product\/2019","targetHints":{"allow":["GET"]}}],"collection":[{"href":"https:\/\/www.darrera.com\/es\/wp-json\/wp\/v2\/product"}],"about":[{"href":"https:\/\/www.darrera.com\/es\/wp-json\/wp\/v2\/types\/product"}],"wp:featuredmedia":[{"embeddable":true,"href":"https:\/\/www.darrera.com\/es\/wp-json\/wp\/v2\/media\/3213"}],"wp:attachment":[{"href":"https:\/\/www.darrera.com\/es\/wp-json\/wp\/v2\/media?parent=2019"}],"wp:term":[{"taxonomy":"product_brand","embeddable":true,"href":"https:\/\/www.darrera.com\/es\/wp-json\/wp\/v2\/product_brand?post=2019"},{"taxonomy":"product_cat","embeddable":true,"href":"https:\/\/www.darrera.com\/es\/wp-json\/wp\/v2\/product_cat?post=2019"},{"taxonomy":"product_tag","embeddable":true,"href":"https:\/\/www.darrera.com\/es\/wp-json\/wp\/v2\/product_tag?post=2019"}],"curies":[{"name":"wp","href":"https:\/\/api.w.org\/{rel}","templated":true}]}}