{"id":2026,"date":"2018-04-03T16:52:07","date_gmt":"2018-04-03T14:52:07","guid":{"rendered":"https:\/\/www.darrera.com\/wp\/product\/3r-wstr-garita-meteorologica-profesional\/"},"modified":"2022-09-30T13:01:39","modified_gmt":"2022-09-30T11:01:39","slug":"3r-wstr-garita-meteorologica-profesional","status":"publish","type":"product","link":"https:\/\/www.darrera.com\/es\/producto\/3r-wstr-garita-meteorologica-profesional\/","title":{"rendered":"Garita Meteorol\u00f3gica Profesional"},"content":{"rendered":"<h3>Durabilidad de por vida sin mantenimiento<\/h3>\n<p>Disponemos de una amplia gama de garitas meteorol\u00f3gicas profesionales para proteger instrumentos anal\u00f3gicos y digitales de los efectos del polvo, la lluvia y la radiaci\u00f3n solar. La combinaci\u00f3n de lamas exteriores blancas reflectantes y lamas interiores negras no reflectantes garantiza unas mediciones precisas y la m\u00e1xima protecci\u00f3n para los instrumentos.<\/p>\n<p>Todos nuestros modelos est\u00e1n fabricados con materiales de alta calidad y cuentan con un tratamiento especial de pintura para garantizar una durabilidad de por vida sin requerir pr\u00e1cticamente mantenimiento. A diferencia de las garitas de madera, las cuales deben lijarse y volverse a pintar, nuestras garitas \u00fanicamente requieren una limpieza anual. Adem\u00e1s, pueden suministrarse en diferentes medidas y con una o dos puertas, seg\u00fan las necesidades.<\/p>\n","protected":false},"excerpt":{"rendered":"<p>Disponemos de una amplia gama de garitas meteorol\u00f3gicas profesionales para proteger instrumentos anal\u00f3gicos y digitales de los efectos del polvo, la lluvia y la radiaci\u00f3n solar. Todos nuestros modelos est\u00e1n fabricados con materiales de alta calidad para garantizar una durabilidad de por vida.<\/p>\n","protected":false},"featured_media":2212,"template":"","meta":[],"product_brand":[],"product_cat":[249],"product_tag":[],"class_list":{"0":"post-2026","1":"product","2":"type-product","3":"status-publish","4":"has-post-thumbnail","6":"product_cat-garitas-meteorologicas","8":"first","9":"instock","10":"taxable","11":"shipping-taxable","12":"product-type-simple"},"yoast_head":"<!-- This site is optimized with the Yoast SEO plugin v27.4 - https:\/\/yoast.com\/product\/yoast-seo-wordpress\/ -->\n<title>Garita Meteorol\u00f3gica Profesional | Darrera<\/title>\n<meta name=\"robots\" content=\"index, follow, max-snippet:-1, max-image-preview:large, max-video-preview:-1\" \/>\n<link rel=\"canonical\" href=\"https:\/\/www.darrera.com\/en\/producto\/3r-wstr-professional-weather-instrument-shelter\/\" \/>\n<meta property=\"og:locale\" content=\"es_ES\" \/>\n<meta property=\"og:type\" content=\"article\" \/>\n<meta property=\"og:title\" content=\"Garita Meteorol\u00f3gica Profesional | Darrera\" \/>\n<meta property=\"og:description\" content=\"Disponemos de una amplia gama de garitas meteorol\u00f3gicas profesionales para proteger instrumentos anal\u00f3gicos y digitales de los efectos del polvo, la lluvia y la radiaci\u00f3n solar. Todos nuestros modelos est\u00e1n fabricados con materiales de alta calidad para garantizar una durabilidad de por vida.\" \/>\n<meta property=\"og:url\" content=\"https:\/\/www.darrera.com\/en\/producto\/3r-wstr-professional-weather-instrument-shelter\/\" \/>\n<meta property=\"og:site_name\" content=\"Darrera\" \/>\n<meta property=\"article:publisher\" content=\"http:\/\/facebook.com\/darrerameteo\" \/>\n<meta property=\"article:modified_time\" content=\"2022-09-30T11:01:39+00:00\" \/>\n<meta property=\"og:image\" content=\"https:\/\/www.darrera.com\/wp-content\/uploads\/2018\/04\/3r-wstr-garita-meteorologica-profesional.jpg\" \/>\n\t<meta property=\"og:image:width\" content=\"950\" \/>\n\t<meta property=\"og:image:height\" content=\"950\" \/>\n\t<meta property=\"og:image:type\" content=\"image\/jpeg\" \/>\n<meta name=\"twitter:card\" content=\"summary_large_image\" \/>\n<meta name=\"twitter:site\" content=\"@darrera_meteo\" \/>\n<meta name=\"twitter:label1\" content=\"Tiempo de lectura\" \/>\n\t<meta name=\"twitter:data1\" content=\"1 minuto\" \/>\n<script type=\"application\/ld+json\" class=\"yoast-schema-graph\">{\"@context\":\"https:\\\/\\\/schema.org\",\"@graph\":[{\"@type\":\"WebPage\",\"@id\":\"https:\\\/\\\/www.darrera.com\\\/en\\\/producto\\\/3r-wstr-professional-weather-instrument-shelter\\\/\",\"url\":\"https:\\\/\\\/www.darrera.com\\\/en\\\/producto\\\/3r-wstr-professional-weather-instrument-shelter\\\/\",\"name\":\"Garita Meteorol\u00f3gica Profesional | Darrera\",\"isPartOf\":{\"@id\":\"https:\\\/\\\/www.darrera.com\\\/es\\\/#website\"},\"primaryImageOfPage\":{\"@id\":\"https:\\\/\\\/www.darrera.com\\\/en\\\/producto\\\/3r-wstr-professional-weather-instrument-shelter\\\/#primaryimage\"},\"image\":{\"@id\":\"https:\\\/\\\/www.darrera.com\\\/en\\\/producto\\\/3r-wstr-professional-weather-instrument-shelter\\\/#primaryimage\"},\"thumbnailUrl\":\"https:\\\/\\\/www.darrera.com\\\/wp-content\\\/uploads\\\/2018\\\/04\\\/3r-wstr-garita-meteorologica-profesional.jpg\",\"datePublished\":\"2018-04-03T14:52:07+00:00\",\"dateModified\":\"2022-09-30T11:01:39+00:00\",\"breadcrumb\":{\"@id\":\"https:\\\/\\\/www.darrera.com\\\/en\\\/producto\\\/3r-wstr-professional-weather-instrument-shelter\\\/#breadcrumb\"},\"inLanguage\":\"es\",\"potentialAction\":[{\"@type\":\"ReadAction\",\"target\":[\"https:\\\/\\\/www.darrera.com\\\/en\\\/producto\\\/3r-wstr-professional-weather-instrument-shelter\\\/\"]}]},{\"@type\":\"ImageObject\",\"inLanguage\":\"es\",\"@id\":\"https:\\\/\\\/www.darrera.com\\\/en\\\/producto\\\/3r-wstr-professional-weather-instrument-shelter\\\/#primaryimage\",\"url\":\"https:\\\/\\\/www.darrera.com\\\/wp-content\\\/uploads\\\/2018\\\/04\\\/3r-wstr-garita-meteorologica-profesional.jpg\",\"contentUrl\":\"https:\\\/\\\/www.darrera.com\\\/wp-content\\\/uploads\\\/2018\\\/04\\\/3r-wstr-garita-meteorologica-profesional.jpg\",\"width\":950,\"height\":950,\"caption\":\"3R WSTR - Garita Meteorol\u00f3gica Profesional\"},{\"@type\":\"BreadcrumbList\",\"@id\":\"https:\\\/\\\/www.darrera.com\\\/en\\\/producto\\\/3r-wstr-professional-weather-instrument-shelter\\\/#breadcrumb\",\"itemListElement\":[{\"@type\":\"ListItem\",\"position\":1,\"name\":\"Home\",\"item\":\"https:\\\/\\\/www.darrera.com\\\/es\\\/\"},{\"@type\":\"ListItem\",\"position\":2,\"name\":\"Productos\",\"item\":\"https:\\\/\\\/www.darrera.com\\\/es\\\/productos\\\/\"},{\"@type\":\"ListItem\",\"position\":3,\"name\":\"Garita Meteorol\u00f3gica Profesional\"}]},{\"@type\":\"WebSite\",\"@id\":\"https:\\\/\\\/www.darrera.com\\\/es\\\/#website\",\"url\":\"https:\\\/\\\/www.darrera.com\\\/es\\\/\",\"name\":\"Darrera\",\"description\":\"Instrumentos, soluciones y servicios meteorol\u00f3gicos\",\"publisher\":{\"@id\":\"https:\\\/\\\/www.darrera.com\\\/es\\\/#organization\"},\"potentialAction\":[{\"@type\":\"SearchAction\",\"target\":{\"@type\":\"EntryPoint\",\"urlTemplate\":\"https:\\\/\\\/www.darrera.com\\\/es\\\/?s={search_term_string}\"},\"query-input\":{\"@type\":\"PropertyValueSpecification\",\"valueRequired\":true,\"valueName\":\"search_term_string\"}}],\"inLanguage\":\"es\"},{\"@type\":\"Organization\",\"@id\":\"https:\\\/\\\/www.darrera.com\\\/es\\\/#organization\",\"name\":\"Darrera\",\"url\":\"https:\\\/\\\/www.darrera.com\\\/es\\\/\",\"logo\":{\"@type\":\"ImageObject\",\"inLanguage\":\"es\",\"@id\":\"https:\\\/\\\/www.darrera.com\\\/es\\\/#\\\/schema\\\/logo\\\/image\\\/\",\"url\":\"https:\\\/\\\/www.darrera.com\\\/wp\\\/wp-content\\\/uploads\\\/logo-darrera.png\",\"contentUrl\":\"https:\\\/\\\/www.darrera.com\\\/wp\\\/wp-content\\\/uploads\\\/logo-darrera.png\",\"width\":500,\"height\":85,\"caption\":\"Darrera\"},\"image\":{\"@id\":\"https:\\\/\\\/www.darrera.com\\\/es\\\/#\\\/schema\\\/logo\\\/image\\\/\"},\"sameAs\":[\"http:\\\/\\\/facebook.com\\\/darrerameteo\",\"https:\\\/\\\/x.com\\\/darrera_meteo\",\"https:\\\/\\\/www.linkedin.com\\\/company\\\/darrera-s-a-\",\"http:\\\/\\\/youtube.com\\\/darreratv\"]}]}<\/script>\n<!-- \/ Yoast SEO plugin. -->","yoast_head_json":{"title":"Garita Meteorol\u00f3gica Profesional | Darrera","robots":{"index":"index","follow":"follow","max-snippet":"max-snippet:-1","max-image-preview":"max-image-preview:large","max-video-preview":"max-video-preview:-1"},"canonical":"https:\/\/www.darrera.com\/en\/producto\/3r-wstr-professional-weather-instrument-shelter\/","og_locale":"es_ES","og_type":"article","og_title":"Garita Meteorol\u00f3gica Profesional | Darrera","og_description":"Disponemos de una amplia gama de garitas meteorol\u00f3gicas profesionales para proteger instrumentos anal\u00f3gicos y digitales de los efectos del polvo, la lluvia y la radiaci\u00f3n solar. Todos nuestros modelos est\u00e1n fabricados con materiales de alta calidad para garantizar una durabilidad de por vida.","og_url":"https:\/\/www.darrera.com\/en\/producto\/3r-wstr-professional-weather-instrument-shelter\/","og_site_name":"Darrera","article_publisher":"http:\/\/facebook.com\/darrerameteo","article_modified_time":"2022-09-30T11:01:39+00:00","og_image":[{"width":950,"height":950,"url":"https:\/\/www.darrera.com\/wp-content\/uploads\/2018\/04\/3r-wstr-garita-meteorologica-profesional.jpg","type":"image\/jpeg"}],"twitter_card":"summary_large_image","twitter_site":"@darrera_meteo","twitter_misc":{"Tiempo de lectura":"1 minuto"},"schema":{"@context":"https:\/\/schema.org","@graph":[{"@type":"WebPage","@id":"https:\/\/www.darrera.com\/en\/producto\/3r-wstr-professional-weather-instrument-shelter\/","url":"https:\/\/www.darrera.com\/en\/producto\/3r-wstr-professional-weather-instrument-shelter\/","name":"Garita Meteorol\u00f3gica Profesional | Darrera","isPartOf":{"@id":"https:\/\/www.darrera.com\/es\/#website"},"primaryImageOfPage":{"@id":"https:\/\/www.darrera.com\/en\/producto\/3r-wstr-professional-weather-instrument-shelter\/#primaryimage"},"image":{"@id":"https:\/\/www.darrera.com\/en\/producto\/3r-wstr-professional-weather-instrument-shelter\/#primaryimage"},"thumbnailUrl":"https:\/\/www.darrera.com\/wp-content\/uploads\/2018\/04\/3r-wstr-garita-meteorologica-profesional.jpg","datePublished":"2018-04-03T14:52:07+00:00","dateModified":"2022-09-30T11:01:39+00:00","breadcrumb":{"@id":"https:\/\/www.darrera.com\/en\/producto\/3r-wstr-professional-weather-instrument-shelter\/#breadcrumb"},"inLanguage":"es","potentialAction":[{"@type":"ReadAction","target":["https:\/\/www.darrera.com\/en\/producto\/3r-wstr-professional-weather-instrument-shelter\/"]}]},{"@type":"ImageObject","inLanguage":"es","@id":"https:\/\/www.darrera.com\/en\/producto\/3r-wstr-professional-weather-instrument-shelter\/#primaryimage","url":"https:\/\/www.darrera.com\/wp-content\/uploads\/2018\/04\/3r-wstr-garita-meteorologica-profesional.jpg","contentUrl":"https:\/\/www.darrera.com\/wp-content\/uploads\/2018\/04\/3r-wstr-garita-meteorologica-profesional.jpg","width":950,"height":950,"caption":"3R WSTR - Garita Meteorol\u00f3gica Profesional"},{"@type":"BreadcrumbList","@id":"https:\/\/www.darrera.com\/en\/producto\/3r-wstr-professional-weather-instrument-shelter\/#breadcrumb","itemListElement":[{"@type":"ListItem","position":1,"name":"Home","item":"https:\/\/www.darrera.com\/es\/"},{"@type":"ListItem","position":2,"name":"Productos","item":"https:\/\/www.darrera.com\/es\/productos\/"},{"@type":"ListItem","position":3,"name":"Garita Meteorol\u00f3gica Profesional"}]},{"@type":"WebSite","@id":"https:\/\/www.darrera.com\/es\/#website","url":"https:\/\/www.darrera.com\/es\/","name":"Darrera","description":"Instrumentos, soluciones y servicios meteorol\u00f3gicos","publisher":{"@id":"https:\/\/www.darrera.com\/es\/#organization"},"potentialAction":[{"@type":"SearchAction","target":{"@type":"EntryPoint","urlTemplate":"https:\/\/www.darrera.com\/es\/?s={search_term_string}"},"query-input":{"@type":"PropertyValueSpecification","valueRequired":true,"valueName":"search_term_string"}}],"inLanguage":"es"},{"@type":"Organization","@id":"https:\/\/www.darrera.com\/es\/#organization","name":"Darrera","url":"https:\/\/www.darrera.com\/es\/","logo":{"@type":"ImageObject","inLanguage":"es","@id":"https:\/\/www.darrera.com\/es\/#\/schema\/logo\/image\/","url":"https:\/\/www.darrera.com\/wp\/wp-content\/uploads\/logo-darrera.png","contentUrl":"https:\/\/www.darrera.com\/wp\/wp-content\/uploads\/logo-darrera.png","width":500,"height":85,"caption":"Darrera"},"image":{"@id":"https:\/\/www.darrera.com\/es\/#\/schema\/logo\/image\/"},"sameAs":["http:\/\/facebook.com\/darrerameteo","https:\/\/x.com\/darrera_meteo","https:\/\/www.linkedin.com\/company\/darrera-s-a-","http:\/\/youtube.com\/darreratv"]}]}},"_links":{"self":[{"href":"https:\/\/www.darrera.com\/es\/wp-json\/wp\/v2\/product\/2026","targetHints":{"allow":["GET"]}}],"collection":[{"href":"https:\/\/www.darrera.com\/es\/wp-json\/wp\/v2\/product"}],"about":[{"href":"https:\/\/www.darrera.com\/es\/wp-json\/wp\/v2\/types\/product"}],"wp:featuredmedia":[{"embeddable":true,"href":"https:\/\/www.darrera.com\/es\/wp-json\/wp\/v2\/media\/2212"}],"wp:attachment":[{"href":"https:\/\/www.darrera.com\/es\/wp-json\/wp\/v2\/media?parent=2026"}],"wp:term":[{"taxonomy":"product_brand","embeddable":true,"href":"https:\/\/www.darrera.com\/es\/wp-json\/wp\/v2\/product_brand?post=2026"},{"taxonomy":"product_cat","embeddable":true,"href":"https:\/\/www.darrera.com\/es\/wp-json\/wp\/v2\/product_cat?post=2026"},{"taxonomy":"product_tag","embeddable":true,"href":"https:\/\/www.darrera.com\/es\/wp-json\/wp\/v2\/product_tag?post=2026"}],"curies":[{"name":"wp","href":"https:\/\/api.w.org\/{rel}","templated":true}]}}