{"id":2034,"date":"2018-06-26T12:53:54","date_gmt":"2018-06-26T10:53:54","guid":{"rendered":"https:\/\/www.darrera.com\/wp\/product\/9350-detector-rayos-ld-350\/"},"modified":"2023-03-08T19:27:17","modified_gmt":"2023-03-08T18:27:17","slug":"9350-detector-rayos-ld-350","status":"publish","type":"product","link":"https:\/\/www.darrera.com\/es\/producto\/9350-detector-rayos-ld-350\/","title":{"rendered":"Detector de Rayos LD-350"},"content":{"rendered":"<h3>Detecci\u00f3n precisa<\/h3>\n<p>Los detectores de rayos Boltek utilizan tecnolog\u00eda punta para garantizar la m\u00e1xima precisi\u00f3n y fiabilidad. El modelo LD-350 permite convertir el ordenador en un completo equipo para el seguimiento de tormentas en un radio de hasta 480 Km de distancia. Incluye la antena omnidireccional de alta sensibilidad con cable de 15 metros, la unidad receptora que almacena los datos, el transformador de alimentaci\u00f3n y el potente software de monitorizaci\u00f3n NexStorm Lite&#x2122; de Astrogenic Systems para Windows.<\/p>\n<p>La unidad receptora se conecta al ordenador mediante USB y almacena datos incluso cuando \u00e9ste est\u00e1 apagado, permitiendo descargarlos y visualizarlos a posteriori.<\/p>\n<h3>Software con alarmas configurables<\/h3>\n<p>En apenas milisegundos los rayos son detectados y el software NexStorm Lite&#x2122; los localiza en tiempo real en el mapa. Los diferentes niveles de zoom permiten alejarse para obtener una visi\u00f3n general de la tormenta o bien acercarse para ver en detalle una descarga el\u00e9ctrica concreta.<\/p>\n<p>Es posible establecer alarmas visuales y sonoras para tormentas cercanas o intensas. La primera se activa al detectar una descarga el\u00e9ctrica dentro del radio de distancia preestablecido por el usuario, mientras que la segunda lo hace al detectar un n\u00famero de descargas el\u00e9ctricas por minuto que sobrepasa el umbral prefijado. Estas alarmas visuales y sonoras se activan tambi\u00e9n en la unidad receptora.<\/p>\n<p>Los datos de las descargas el\u00e9ctricas son almacenados de forma permanente en el disco duro del ordenador, lo que permite volver a ver sucesos pasados de forma acelerada, desde cualquier momento hasta el presente, para conocer la tendencia de las tormentas.<\/p>\n<p>En lugar del software incluido puede utilizarse tambi\u00e9n el programa opcional Lightning\/2000&#x2122; de Aninoquisi.<\/p>\n<h3>M\u00f3dulo de alarmas (opcional)<\/h3>\n<p>El m\u00f3dulo RLO-10 permite activar dispositivos externos en funci\u00f3n de las alarmas programadas en el LD-350.<\/p>\n<h3>Conexi\u00f3n en red (opcional)<\/h3>\n<p>El m\u00f3dulo LTS-3 permite conectar el LD-350 en red.<\/p>\n","protected":false},"excerpt":{"rendered":"<p>Convierte el ordenador en un completo equipo para el seguimiento de tormentas. Incluye antena omnidireccional, unidad receptora, transformador AC y software NexStorm Lite&#x2122;.<\/p>\n","protected":false},"featured_media":2510,"template":"","meta":[],"product_brand":[],"product_cat":[253],"product_tag":[],"class_list":{"0":"post-2034","1":"product","2":"type-product","3":"status-publish","4":"has-post-thumbnail","6":"product_cat-detectores-rayos","8":"first","9":"instock","10":"taxable","11":"shipping-taxable","12":"product-type-simple"},"yoast_head":"<!-- This site is optimized with the Yoast SEO plugin v27.3 - https:\/\/yoast.com\/product\/yoast-seo-wordpress\/ -->\n<title>Detector de Rayos LD-350 | Darrera<\/title>\n<meta name=\"robots\" content=\"index, follow, max-snippet:-1, max-image-preview:large, max-video-preview:-1\" \/>\n<link rel=\"canonical\" href=\"https:\/\/www.darrera.com\/es\/producto\/9350-detector-rayos-ld-350\/\" \/>\n<meta property=\"og:locale\" content=\"es_ES\" \/>\n<meta property=\"og:type\" content=\"article\" \/>\n<meta property=\"og:title\" content=\"Detector de Rayos LD-350 | Darrera\" \/>\n<meta property=\"og:description\" content=\"Convierte el ordenador en un completo equipo para el seguimiento de tormentas. Incluye antena omnidireccional, unidad receptora, transformador AC y software NexStorm Lite&#x2122;.\" \/>\n<meta property=\"og:url\" content=\"https:\/\/www.darrera.com\/es\/producto\/9350-detector-rayos-ld-350\/\" \/>\n<meta property=\"og:site_name\" content=\"Darrera\" \/>\n<meta property=\"article:publisher\" content=\"http:\/\/facebook.com\/darrerameteo\" \/>\n<meta property=\"article:modified_time\" content=\"2023-03-08T18:27:17+00:00\" \/>\n<meta property=\"og:image\" content=\"https:\/\/www.darrera.com\/wp-content\/uploads\/2018\/06\/9350-detector-rayos-ld-350.jpg\" \/>\n\t<meta property=\"og:image:width\" content=\"950\" \/>\n\t<meta property=\"og:image:height\" content=\"950\" \/>\n\t<meta property=\"og:image:type\" content=\"image\/jpeg\" \/>\n<meta name=\"twitter:card\" content=\"summary_large_image\" \/>\n<meta name=\"twitter:site\" content=\"@darrera_meteo\" \/>\n<meta name=\"twitter:label1\" content=\"Tiempo de lectura\" \/>\n\t<meta name=\"twitter:data1\" content=\"2 minutos\" \/>\n<script type=\"application\/ld+json\" class=\"yoast-schema-graph\">{\"@context\":\"https:\\\/\\\/schema.org\",\"@graph\":[{\"@type\":\"WebPage\",\"@id\":\"https:\\\/\\\/www.darrera.com\\\/es\\\/producto\\\/9350-detector-rayos-ld-350\\\/\",\"url\":\"https:\\\/\\\/www.darrera.com\\\/es\\\/producto\\\/9350-detector-rayos-ld-350\\\/\",\"name\":\"Detector de Rayos LD-350 | Darrera\",\"isPartOf\":{\"@id\":\"https:\\\/\\\/www.darrera.com\\\/es\\\/#website\"},\"primaryImageOfPage\":{\"@id\":\"https:\\\/\\\/www.darrera.com\\\/es\\\/producto\\\/9350-detector-rayos-ld-350\\\/#primaryimage\"},\"image\":{\"@id\":\"https:\\\/\\\/www.darrera.com\\\/es\\\/producto\\\/9350-detector-rayos-ld-350\\\/#primaryimage\"},\"thumbnailUrl\":\"https:\\\/\\\/www.darrera.com\\\/wp-content\\\/uploads\\\/2018\\\/06\\\/9350-detector-rayos-ld-350.jpg\",\"datePublished\":\"2018-06-26T10:53:54+00:00\",\"dateModified\":\"2023-03-08T18:27:17+00:00\",\"breadcrumb\":{\"@id\":\"https:\\\/\\\/www.darrera.com\\\/es\\\/producto\\\/9350-detector-rayos-ld-350\\\/#breadcrumb\"},\"inLanguage\":\"es\",\"potentialAction\":[{\"@type\":\"ReadAction\",\"target\":[\"https:\\\/\\\/www.darrera.com\\\/es\\\/producto\\\/9350-detector-rayos-ld-350\\\/\"]}]},{\"@type\":\"ImageObject\",\"inLanguage\":\"es\",\"@id\":\"https:\\\/\\\/www.darrera.com\\\/es\\\/producto\\\/9350-detector-rayos-ld-350\\\/#primaryimage\",\"url\":\"https:\\\/\\\/www.darrera.com\\\/wp-content\\\/uploads\\\/2018\\\/06\\\/9350-detector-rayos-ld-350.jpg\",\"contentUrl\":\"https:\\\/\\\/www.darrera.com\\\/wp-content\\\/uploads\\\/2018\\\/06\\\/9350-detector-rayos-ld-350.jpg\",\"width\":950,\"height\":950,\"caption\":\"9350 - Detector de Rayos LD-350\"},{\"@type\":\"BreadcrumbList\",\"@id\":\"https:\\\/\\\/www.darrera.com\\\/es\\\/producto\\\/9350-detector-rayos-ld-350\\\/#breadcrumb\",\"itemListElement\":[{\"@type\":\"ListItem\",\"position\":1,\"name\":\"Home\",\"item\":\"https:\\\/\\\/www.darrera.com\\\/es\\\/\"},{\"@type\":\"ListItem\",\"position\":2,\"name\":\"Productos\",\"item\":\"https:\\\/\\\/www.darrera.com\\\/es\\\/productos\\\/\"},{\"@type\":\"ListItem\",\"position\":3,\"name\":\"Detector de Rayos LD-350\"}]},{\"@type\":\"WebSite\",\"@id\":\"https:\\\/\\\/www.darrera.com\\\/es\\\/#website\",\"url\":\"https:\\\/\\\/www.darrera.com\\\/es\\\/\",\"name\":\"Darrera\",\"description\":\"Instrumentos, soluciones y servicios meteorol\u00f3gicos\",\"publisher\":{\"@id\":\"https:\\\/\\\/www.darrera.com\\\/es\\\/#organization\"},\"potentialAction\":[{\"@type\":\"SearchAction\",\"target\":{\"@type\":\"EntryPoint\",\"urlTemplate\":\"https:\\\/\\\/www.darrera.com\\\/es\\\/?s={search_term_string}\"},\"query-input\":{\"@type\":\"PropertyValueSpecification\",\"valueRequired\":true,\"valueName\":\"search_term_string\"}}],\"inLanguage\":\"es\"},{\"@type\":\"Organization\",\"@id\":\"https:\\\/\\\/www.darrera.com\\\/es\\\/#organization\",\"name\":\"Darrera\",\"url\":\"https:\\\/\\\/www.darrera.com\\\/es\\\/\",\"logo\":{\"@type\":\"ImageObject\",\"inLanguage\":\"es\",\"@id\":\"https:\\\/\\\/www.darrera.com\\\/es\\\/#\\\/schema\\\/logo\\\/image\\\/\",\"url\":\"https:\\\/\\\/www.darrera.com\\\/wp\\\/wp-content\\\/uploads\\\/logo-darrera.png\",\"contentUrl\":\"https:\\\/\\\/www.darrera.com\\\/wp\\\/wp-content\\\/uploads\\\/logo-darrera.png\",\"width\":500,\"height\":85,\"caption\":\"Darrera\"},\"image\":{\"@id\":\"https:\\\/\\\/www.darrera.com\\\/es\\\/#\\\/schema\\\/logo\\\/image\\\/\"},\"sameAs\":[\"http:\\\/\\\/facebook.com\\\/darrerameteo\",\"https:\\\/\\\/x.com\\\/darrera_meteo\",\"https:\\\/\\\/www.linkedin.com\\\/company\\\/darrera-s-a-\",\"http:\\\/\\\/youtube.com\\\/darreratv\"]}]}<\/script>\n<!-- \/ Yoast SEO plugin. -->","yoast_head_json":{"title":"Detector de Rayos LD-350 | Darrera","robots":{"index":"index","follow":"follow","max-snippet":"max-snippet:-1","max-image-preview":"max-image-preview:large","max-video-preview":"max-video-preview:-1"},"canonical":"https:\/\/www.darrera.com\/es\/producto\/9350-detector-rayos-ld-350\/","og_locale":"es_ES","og_type":"article","og_title":"Detector de Rayos LD-350 | Darrera","og_description":"Convierte el ordenador en un completo equipo para el seguimiento de tormentas. Incluye antena omnidireccional, unidad receptora, transformador AC y software NexStorm Lite&#x2122;.","og_url":"https:\/\/www.darrera.com\/es\/producto\/9350-detector-rayos-ld-350\/","og_site_name":"Darrera","article_publisher":"http:\/\/facebook.com\/darrerameteo","article_modified_time":"2023-03-08T18:27:17+00:00","og_image":[{"width":950,"height":950,"url":"https:\/\/www.darrera.com\/wp-content\/uploads\/2018\/06\/9350-detector-rayos-ld-350.jpg","type":"image\/jpeg"}],"twitter_card":"summary_large_image","twitter_site":"@darrera_meteo","twitter_misc":{"Tiempo de lectura":"2 minutos"},"schema":{"@context":"https:\/\/schema.org","@graph":[{"@type":"WebPage","@id":"https:\/\/www.darrera.com\/es\/producto\/9350-detector-rayos-ld-350\/","url":"https:\/\/www.darrera.com\/es\/producto\/9350-detector-rayos-ld-350\/","name":"Detector de Rayos LD-350 | Darrera","isPartOf":{"@id":"https:\/\/www.darrera.com\/es\/#website"},"primaryImageOfPage":{"@id":"https:\/\/www.darrera.com\/es\/producto\/9350-detector-rayos-ld-350\/#primaryimage"},"image":{"@id":"https:\/\/www.darrera.com\/es\/producto\/9350-detector-rayos-ld-350\/#primaryimage"},"thumbnailUrl":"https:\/\/www.darrera.com\/wp-content\/uploads\/2018\/06\/9350-detector-rayos-ld-350.jpg","datePublished":"2018-06-26T10:53:54+00:00","dateModified":"2023-03-08T18:27:17+00:00","breadcrumb":{"@id":"https:\/\/www.darrera.com\/es\/producto\/9350-detector-rayos-ld-350\/#breadcrumb"},"inLanguage":"es","potentialAction":[{"@type":"ReadAction","target":["https:\/\/www.darrera.com\/es\/producto\/9350-detector-rayos-ld-350\/"]}]},{"@type":"ImageObject","inLanguage":"es","@id":"https:\/\/www.darrera.com\/es\/producto\/9350-detector-rayos-ld-350\/#primaryimage","url":"https:\/\/www.darrera.com\/wp-content\/uploads\/2018\/06\/9350-detector-rayos-ld-350.jpg","contentUrl":"https:\/\/www.darrera.com\/wp-content\/uploads\/2018\/06\/9350-detector-rayos-ld-350.jpg","width":950,"height":950,"caption":"9350 - Detector de Rayos LD-350"},{"@type":"BreadcrumbList","@id":"https:\/\/www.darrera.com\/es\/producto\/9350-detector-rayos-ld-350\/#breadcrumb","itemListElement":[{"@type":"ListItem","position":1,"name":"Home","item":"https:\/\/www.darrera.com\/es\/"},{"@type":"ListItem","position":2,"name":"Productos","item":"https:\/\/www.darrera.com\/es\/productos\/"},{"@type":"ListItem","position":3,"name":"Detector de Rayos LD-350"}]},{"@type":"WebSite","@id":"https:\/\/www.darrera.com\/es\/#website","url":"https:\/\/www.darrera.com\/es\/","name":"Darrera","description":"Instrumentos, soluciones y servicios meteorol\u00f3gicos","publisher":{"@id":"https:\/\/www.darrera.com\/es\/#organization"},"potentialAction":[{"@type":"SearchAction","target":{"@type":"EntryPoint","urlTemplate":"https:\/\/www.darrera.com\/es\/?s={search_term_string}"},"query-input":{"@type":"PropertyValueSpecification","valueRequired":true,"valueName":"search_term_string"}}],"inLanguage":"es"},{"@type":"Organization","@id":"https:\/\/www.darrera.com\/es\/#organization","name":"Darrera","url":"https:\/\/www.darrera.com\/es\/","logo":{"@type":"ImageObject","inLanguage":"es","@id":"https:\/\/www.darrera.com\/es\/#\/schema\/logo\/image\/","url":"https:\/\/www.darrera.com\/wp\/wp-content\/uploads\/logo-darrera.png","contentUrl":"https:\/\/www.darrera.com\/wp\/wp-content\/uploads\/logo-darrera.png","width":500,"height":85,"caption":"Darrera"},"image":{"@id":"https:\/\/www.darrera.com\/es\/#\/schema\/logo\/image\/"},"sameAs":["http:\/\/facebook.com\/darrerameteo","https:\/\/x.com\/darrera_meteo","https:\/\/www.linkedin.com\/company\/darrera-s-a-","http:\/\/youtube.com\/darreratv"]}]}},"_links":{"self":[{"href":"https:\/\/www.darrera.com\/es\/wp-json\/wp\/v2\/product\/2034","targetHints":{"allow":["GET"]}}],"collection":[{"href":"https:\/\/www.darrera.com\/es\/wp-json\/wp\/v2\/product"}],"about":[{"href":"https:\/\/www.darrera.com\/es\/wp-json\/wp\/v2\/types\/product"}],"wp:featuredmedia":[{"embeddable":true,"href":"https:\/\/www.darrera.com\/es\/wp-json\/wp\/v2\/media\/2510"}],"wp:attachment":[{"href":"https:\/\/www.darrera.com\/es\/wp-json\/wp\/v2\/media?parent=2034"}],"wp:term":[{"taxonomy":"product_brand","embeddable":true,"href":"https:\/\/www.darrera.com\/es\/wp-json\/wp\/v2\/product_brand?post=2034"},{"taxonomy":"product_cat","embeddable":true,"href":"https:\/\/www.darrera.com\/es\/wp-json\/wp\/v2\/product_cat?post=2034"},{"taxonomy":"product_tag","embeddable":true,"href":"https:\/\/www.darrera.com\/es\/wp-json\/wp\/v2\/product_tag?post=2034"}],"curies":[{"name":"wp","href":"https:\/\/api.w.org\/{rel}","templated":true}]}}