{"id":2040,"date":"2018-04-09T11:17:53","date_gmt":"2018-04-09T09:17:53","guid":{"rendered":"https:\/\/www.darrera.com\/wp\/product\/3r-rga01-protector-viento-pluviometro\/"},"modified":"2023-07-21T16:53:24","modified_gmt":"2023-07-21T14:53:24","slug":"3r-rga01-protector-viento-pluviometro","status":"publish","type":"product","link":"https:\/\/www.darrera.com\/es\/producto\/3r-rga01-protector-viento-pluviometro\/","title":{"rendered":"Protector de Viento para Pluvi\u00f3metro"},"content":{"rendered":"<h3>Mediciones de lluvia m\u00e1s precisas<\/h3>\n<p>El protector de viento para pluvi\u00f3metro aumenta la precisi\u00f3n de las mediciones de lluvia minimizando la formaci\u00f3n de corrientes ascendentes de aire que pueden alterar la trayectoria de las part\u00edculas de precipitaci\u00f3n que caen sobre el pluvi\u00f3metro. Adem\u00e1s, la oscilaci\u00f3n de las lamas ayuda a prevenir que las aves se posen sobre la boca del embudo.<\/p>\n<p>El sistema presenta un dise\u00f1o robusto y est\u00e1 fabricado \u00edntegramente en acero inoxidable AISI 304 para garantizar una alta resistencia a la intemperie. Puede suministrarse pintado en color blanco, rojo aeron\u00e1utico, verde militar, etc. El conjunto incluye todo lo necesario para su instalaci\u00f3n.<\/p>\n<h3>Especificaciones t\u00e9cnicas<\/h3>\n<h4>Especificaciones mec\u00e1nicas<\/h4>\n<ul>\n<li>Dimensiones: \u2205 965 x 1.000\/1.500\/2.000 mm<\/li>\n<li>Peso: 25 Kg<\/li>\n<\/ul>\n","protected":false},"excerpt":{"rendered":"<p>Aumenta la precisi\u00f3n de las mediciones de lluvia minimizando la formaci\u00f3n de corrientes ascendentes de aire que pueden alterar la trayectoria de las part\u00edculas de precipitaci\u00f3n que caen sobre el pluvi\u00f3metro.<\/p>\n","protected":false},"featured_media":0,"template":"","meta":[],"product_brand":[],"product_cat":[192],"product_tag":[],"class_list":{"0":"post-2040","1":"product","2":"type-product","3":"status-publish","5":"product_cat-sensores-precipitacion","7":"first","8":"instock","9":"taxable","10":"shipping-taxable","11":"product-type-simple"},"yoast_head":"<!-- This site is optimized with the Yoast SEO plugin v27.6 - https:\/\/yoast.com\/product\/yoast-seo-wordpress\/ -->\n<title>Protector de Viento para Pluvi\u00f3metro | Darrera<\/title>\n<meta name=\"robots\" content=\"index, follow, max-snippet:-1, max-image-preview:large, max-video-preview:-1\" \/>\n<link rel=\"canonical\" href=\"https:\/\/www.darrera.com\/en\/producto\/3r-rga01-windshield-rain-gauge\/\" \/>\n<meta property=\"og:locale\" content=\"es_ES\" \/>\n<meta property=\"og:type\" content=\"article\" \/>\n<meta property=\"og:title\" content=\"Protector de Viento para Pluvi\u00f3metro | Darrera\" \/>\n<meta property=\"og:description\" content=\"Aumenta la precisi\u00f3n de las mediciones de lluvia minimizando la formaci\u00f3n de corrientes ascendentes de aire que pueden alterar la trayectoria de las part\u00edculas de precipitaci\u00f3n que caen sobre el pluvi\u00f3metro.\" \/>\n<meta property=\"og:url\" content=\"https:\/\/www.darrera.com\/en\/producto\/3r-rga01-windshield-rain-gauge\/\" \/>\n<meta property=\"og:site_name\" content=\"Darrera\" \/>\n<meta property=\"article:publisher\" content=\"http:\/\/facebook.com\/darrerameteo\" \/>\n<meta property=\"article:modified_time\" content=\"2023-07-21T14:53:24+00:00\" \/>\n<meta name=\"twitter:card\" content=\"summary_large_image\" \/>\n<meta name=\"twitter:site\" content=\"@darrera_meteo\" \/>\n<meta name=\"twitter:label1\" content=\"Tiempo de lectura\" \/>\n\t<meta name=\"twitter:data1\" content=\"1 minuto\" \/>\n<script type=\"application\/ld+json\" class=\"yoast-schema-graph\">{\"@context\":\"https:\\\/\\\/schema.org\",\"@graph\":[{\"@type\":\"WebPage\",\"@id\":\"https:\\\/\\\/www.darrera.com\\\/en\\\/producto\\\/3r-rga01-windshield-rain-gauge\\\/\",\"url\":\"https:\\\/\\\/www.darrera.com\\\/en\\\/producto\\\/3r-rga01-windshield-rain-gauge\\\/\",\"name\":\"Protector de Viento para Pluvi\u00f3metro | Darrera\",\"isPartOf\":{\"@id\":\"https:\\\/\\\/www.darrera.com\\\/es\\\/#website\"},\"datePublished\":\"2018-04-09T09:17:53+00:00\",\"dateModified\":\"2023-07-21T14:53:24+00:00\",\"breadcrumb\":{\"@id\":\"https:\\\/\\\/www.darrera.com\\\/en\\\/producto\\\/3r-rga01-windshield-rain-gauge\\\/#breadcrumb\"},\"inLanguage\":\"es\",\"potentialAction\":[{\"@type\":\"ReadAction\",\"target\":[\"https:\\\/\\\/www.darrera.com\\\/en\\\/producto\\\/3r-rga01-windshield-rain-gauge\\\/\"]}]},{\"@type\":\"BreadcrumbList\",\"@id\":\"https:\\\/\\\/www.darrera.com\\\/en\\\/producto\\\/3r-rga01-windshield-rain-gauge\\\/#breadcrumb\",\"itemListElement\":[{\"@type\":\"ListItem\",\"position\":1,\"name\":\"Home\",\"item\":\"https:\\\/\\\/www.darrera.com\\\/es\\\/\"},{\"@type\":\"ListItem\",\"position\":2,\"name\":\"Productos\",\"item\":\"https:\\\/\\\/www.darrera.com\\\/es\\\/productos\\\/\"},{\"@type\":\"ListItem\",\"position\":3,\"name\":\"Protector de Viento para Pluvi\u00f3metro\"}]},{\"@type\":\"WebSite\",\"@id\":\"https:\\\/\\\/www.darrera.com\\\/es\\\/#website\",\"url\":\"https:\\\/\\\/www.darrera.com\\\/es\\\/\",\"name\":\"Darrera\",\"description\":\"Instrumentos, soluciones y servicios meteorol\u00f3gicos\",\"publisher\":{\"@id\":\"https:\\\/\\\/www.darrera.com\\\/es\\\/#organization\"},\"potentialAction\":[{\"@type\":\"SearchAction\",\"target\":{\"@type\":\"EntryPoint\",\"urlTemplate\":\"https:\\\/\\\/www.darrera.com\\\/es\\\/?s={search_term_string}\"},\"query-input\":{\"@type\":\"PropertyValueSpecification\",\"valueRequired\":true,\"valueName\":\"search_term_string\"}}],\"inLanguage\":\"es\"},{\"@type\":\"Organization\",\"@id\":\"https:\\\/\\\/www.darrera.com\\\/es\\\/#organization\",\"name\":\"Darrera\",\"url\":\"https:\\\/\\\/www.darrera.com\\\/es\\\/\",\"logo\":{\"@type\":\"ImageObject\",\"inLanguage\":\"es\",\"@id\":\"https:\\\/\\\/www.darrera.com\\\/es\\\/#\\\/schema\\\/logo\\\/image\\\/\",\"url\":\"https:\\\/\\\/www.darrera.com\\\/wp\\\/wp-content\\\/uploads\\\/logo-darrera.png\",\"contentUrl\":\"https:\\\/\\\/www.darrera.com\\\/wp\\\/wp-content\\\/uploads\\\/logo-darrera.png\",\"width\":500,\"height\":85,\"caption\":\"Darrera\"},\"image\":{\"@id\":\"https:\\\/\\\/www.darrera.com\\\/es\\\/#\\\/schema\\\/logo\\\/image\\\/\"},\"sameAs\":[\"http:\\\/\\\/facebook.com\\\/darrerameteo\",\"https:\\\/\\\/x.com\\\/darrera_meteo\",\"https:\\\/\\\/www.linkedin.com\\\/company\\\/darrera-s-a-\",\"http:\\\/\\\/youtube.com\\\/darreratv\"]}]}<\/script>\n<!-- \/ Yoast SEO plugin. -->","yoast_head_json":{"title":"Protector de Viento para Pluvi\u00f3metro | Darrera","robots":{"index":"index","follow":"follow","max-snippet":"max-snippet:-1","max-image-preview":"max-image-preview:large","max-video-preview":"max-video-preview:-1"},"canonical":"https:\/\/www.darrera.com\/en\/producto\/3r-rga01-windshield-rain-gauge\/","og_locale":"es_ES","og_type":"article","og_title":"Protector de Viento para Pluvi\u00f3metro | Darrera","og_description":"Aumenta la precisi\u00f3n de las mediciones de lluvia minimizando la formaci\u00f3n de corrientes ascendentes de aire que pueden alterar la trayectoria de las part\u00edculas de precipitaci\u00f3n que caen sobre el pluvi\u00f3metro.","og_url":"https:\/\/www.darrera.com\/en\/producto\/3r-rga01-windshield-rain-gauge\/","og_site_name":"Darrera","article_publisher":"http:\/\/facebook.com\/darrerameteo","article_modified_time":"2023-07-21T14:53:24+00:00","twitter_card":"summary_large_image","twitter_site":"@darrera_meteo","twitter_misc":{"Tiempo de lectura":"1 minuto"},"schema":{"@context":"https:\/\/schema.org","@graph":[{"@type":"WebPage","@id":"https:\/\/www.darrera.com\/en\/producto\/3r-rga01-windshield-rain-gauge\/","url":"https:\/\/www.darrera.com\/en\/producto\/3r-rga01-windshield-rain-gauge\/","name":"Protector de Viento para Pluvi\u00f3metro | Darrera","isPartOf":{"@id":"https:\/\/www.darrera.com\/es\/#website"},"datePublished":"2018-04-09T09:17:53+00:00","dateModified":"2023-07-21T14:53:24+00:00","breadcrumb":{"@id":"https:\/\/www.darrera.com\/en\/producto\/3r-rga01-windshield-rain-gauge\/#breadcrumb"},"inLanguage":"es","potentialAction":[{"@type":"ReadAction","target":["https:\/\/www.darrera.com\/en\/producto\/3r-rga01-windshield-rain-gauge\/"]}]},{"@type":"BreadcrumbList","@id":"https:\/\/www.darrera.com\/en\/producto\/3r-rga01-windshield-rain-gauge\/#breadcrumb","itemListElement":[{"@type":"ListItem","position":1,"name":"Home","item":"https:\/\/www.darrera.com\/es\/"},{"@type":"ListItem","position":2,"name":"Productos","item":"https:\/\/www.darrera.com\/es\/productos\/"},{"@type":"ListItem","position":3,"name":"Protector de Viento para Pluvi\u00f3metro"}]},{"@type":"WebSite","@id":"https:\/\/www.darrera.com\/es\/#website","url":"https:\/\/www.darrera.com\/es\/","name":"Darrera","description":"Instrumentos, soluciones y servicios meteorol\u00f3gicos","publisher":{"@id":"https:\/\/www.darrera.com\/es\/#organization"},"potentialAction":[{"@type":"SearchAction","target":{"@type":"EntryPoint","urlTemplate":"https:\/\/www.darrera.com\/es\/?s={search_term_string}"},"query-input":{"@type":"PropertyValueSpecification","valueRequired":true,"valueName":"search_term_string"}}],"inLanguage":"es"},{"@type":"Organization","@id":"https:\/\/www.darrera.com\/es\/#organization","name":"Darrera","url":"https:\/\/www.darrera.com\/es\/","logo":{"@type":"ImageObject","inLanguage":"es","@id":"https:\/\/www.darrera.com\/es\/#\/schema\/logo\/image\/","url":"https:\/\/www.darrera.com\/wp\/wp-content\/uploads\/logo-darrera.png","contentUrl":"https:\/\/www.darrera.com\/wp\/wp-content\/uploads\/logo-darrera.png","width":500,"height":85,"caption":"Darrera"},"image":{"@id":"https:\/\/www.darrera.com\/es\/#\/schema\/logo\/image\/"},"sameAs":["http:\/\/facebook.com\/darrerameteo","https:\/\/x.com\/darrera_meteo","https:\/\/www.linkedin.com\/company\/darrera-s-a-","http:\/\/youtube.com\/darreratv"]}]}},"_links":{"self":[{"href":"https:\/\/www.darrera.com\/es\/wp-json\/wp\/v2\/product\/2040","targetHints":{"allow":["GET"]}}],"collection":[{"href":"https:\/\/www.darrera.com\/es\/wp-json\/wp\/v2\/product"}],"about":[{"href":"https:\/\/www.darrera.com\/es\/wp-json\/wp\/v2\/types\/product"}],"wp:attachment":[{"href":"https:\/\/www.darrera.com\/es\/wp-json\/wp\/v2\/media?parent=2040"}],"wp:term":[{"taxonomy":"product_brand","embeddable":true,"href":"https:\/\/www.darrera.com\/es\/wp-json\/wp\/v2\/product_brand?post=2040"},{"taxonomy":"product_cat","embeddable":true,"href":"https:\/\/www.darrera.com\/es\/wp-json\/wp\/v2\/product_cat?post=2040"},{"taxonomy":"product_tag","embeddable":true,"href":"https:\/\/www.darrera.com\/es\/wp-json\/wp\/v2\/product_tag?post=2040"}],"curies":[{"name":"wp","href":"https:\/\/api.w.org\/{rel}","templated":true}]}}