{"id":2043,"date":"2018-04-03T16:52:19","date_gmt":"2018-04-03T14:52:19","guid":{"rendered":"https:\/\/www.darrera.com\/wp\/product\/3r-apm050-medidor-portatil-particulas-suspendidas-aire\/"},"modified":"2024-10-21T19:06:42","modified_gmt":"2024-10-21T17:06:42","slug":"3r-apm050-medidor-portatil-particulas-suspendidas-aire","status":"publish","type":"product","link":"https:\/\/www.darrera.com\/es\/producto\/3r-apm050-medidor-portatil-particulas-suspendidas-aire\/","title":{"rendered":"Medidor Port\u00e1til de Part\u00edculas Suspendidas en el Aire"},"content":{"rendered":"<h3>Tecnolog\u00eda de altas prestaciones<\/h3>\n<p>El medidor port\u00e1til de part\u00edculas suspendidas en el aire permite monitorizar la concentraci\u00f3n de part\u00edculas PM1, PM2.5, PM10 y TSP con gran precisi\u00f3n y fiabilidad gracias a su tecnolog\u00eda de luz l\u00e1ser y al filtrado y promediado digital de las mediciones.<\/p>\n<p>Para determinar el tama\u00f1o y la cantidad de part\u00edculas de cada clase, el medidor emite luz l\u00e1ser desde un transmisor y mide qu\u00e9 porcentaje de \u00e9sta llega a un receptor seg\u00fan el principio de dispersi\u00f3n de la luz debido a las part\u00edculas suspendidas en el aire.<\/p>\n<h3>Dise\u00f1o compacto y resistente<\/h3>\n<p>El instrumento presenta un dise\u00f1o compacto y est\u00e1 fabricado \u00edntegramente con materiales resistentes a la corrosi\u00f3n para garantizar una alta resistencia. El calefactor opcional permite eliminar totalmente el vapor de agua contenido en el aire antes de realizar las mediciones para garantizar la m\u00e1xima precisi\u00f3n. Dispone de un puerto serie RS-232.<\/p>\n<h3>Infinidad de aplicaciones<\/h3>\n<p>Su incre\u00edble versatilidad lo hace id\u00f3neo para todo tipo de aplicaciones en multitud de \u00e1mbitos, entre los que destacan:<\/p>\n<ul>\n<li>Aeropuertos.<\/li>\n<li>Control de carreteras.<\/li>\n<li>Puertos y marinas.<\/li>\n<li>F\u00e1bricas.<\/li>\n<li>Almacenes.<\/li>\n<li>Construcci\u00f3n y miner\u00eda.<\/li>\n<li>Municipalidades.<\/li>\n<li>Protecci\u00f3n civil.<\/li>\n<li>Aplicaciones militares.<\/li>\n<\/ul>\n<h3>Especificaciones t\u00e9cnicas<\/h3>\n<h4>Especificaciones del datalogger<\/h4>\n<ul>\n<li>Capacidad: 1 a 3.600 horas<\/li>\n<\/ul>\n<h4>Especificaciones del sensor<\/h4>\n<ul>\n<li>Rango: 0 a 6.000 ug\/m3<\/li>\n<li>Resoluci\u00f3n: 0,1 ug\/m3<\/li>\n<\/ul>\n<h4>Especificaciones el\u00e9ctricas<\/h4>\n<ul>\n<li>Voltaje de alimentaci\u00f3n: 6 VDC<\/li>\n<li>Consumo: 200 mA (m\u00e1x.)<\/li>\n<li>Se\u00f1al de salida: RS-232<\/li>\n<\/ul>\n<h4>Especificaciones mec\u00e1nicas<\/h4>\n<ul>\n<li>Temperatura de funcionamiento: -5\u00baC a 40\u00baC<\/li>\n<li>Material: aluminio y pl\u00e1stico de alta resistencia<\/li>\n<li>Dimensiones: 160 x 100 x 100 mm<\/li>\n<li>Peso: 1,2 Kg<\/li>\n<\/ul>\n","protected":false},"excerpt":{"rendered":"<p>Permite monitorizar la concentraci\u00f3n de part\u00edculas PM1, PM2.5, PM10 y TSP con gran precisi\u00f3n y fiabilidad gracias a su tecnolog\u00eda de luz l\u00e1ser y al filtrado y promediado digital de las mediciones.<\/p>\n","protected":false},"featured_media":2255,"template":"","meta":[],"product_brand":[],"product_cat":[259],"product_tag":[],"class_list":{"0":"post-2043","1":"product","2":"type-product","3":"status-publish","4":"has-post-thumbnail","6":"product_cat-medidores-calidad-aire","8":"first","9":"instock","10":"taxable","11":"shipping-taxable","12":"product-type-simple"},"yoast_head":"<!-- This site is optimized with the Yoast SEO plugin v27.3 - https:\/\/yoast.com\/product\/yoast-seo-wordpress\/ -->\n<title>Medidor Port\u00e1til de Part\u00edculas Suspendidas en el Aire | Darrera<\/title>\n<meta name=\"robots\" content=\"index, follow, max-snippet:-1, max-image-preview:large, max-video-preview:-1\" \/>\n<link rel=\"canonical\" href=\"https:\/\/www.darrera.com\/es\/producto\/3r-apm050-medidor-portatil-particulas-suspendidas-aire\/\" \/>\n<meta property=\"og:locale\" content=\"es_ES\" \/>\n<meta property=\"og:type\" content=\"article\" \/>\n<meta property=\"og:title\" content=\"Medidor Port\u00e1til de Part\u00edculas Suspendidas en el Aire | Darrera\" \/>\n<meta property=\"og:description\" content=\"Permite monitorizar la concentraci\u00f3n de part\u00edculas PM1, PM2.5, PM10 y TSP con gran precisi\u00f3n y fiabilidad gracias a su tecnolog\u00eda de luz l\u00e1ser y al filtrado y promediado digital de las mediciones.\" \/>\n<meta property=\"og:url\" content=\"https:\/\/www.darrera.com\/es\/producto\/3r-apm050-medidor-portatil-particulas-suspendidas-aire\/\" \/>\n<meta property=\"og:site_name\" content=\"Darrera\" \/>\n<meta property=\"article:publisher\" content=\"http:\/\/facebook.com\/darrerameteo\" \/>\n<meta property=\"article:modified_time\" content=\"2024-10-21T17:06:42+00:00\" \/>\n<meta property=\"og:image\" content=\"https:\/\/www.darrera.com\/wp-content\/uploads\/2018\/04\/3r-apm050-medidor-portatil-particulas-suspendidas-aire.jpg\" \/>\n\t<meta property=\"og:image:width\" content=\"950\" \/>\n\t<meta property=\"og:image:height\" content=\"950\" \/>\n\t<meta property=\"og:image:type\" content=\"image\/jpeg\" \/>\n<meta name=\"twitter:card\" content=\"summary_large_image\" \/>\n<meta name=\"twitter:site\" content=\"@darrera_meteo\" \/>\n<meta name=\"twitter:label1\" content=\"Tiempo de lectura\" \/>\n\t<meta name=\"twitter:data1\" content=\"1 minuto\" \/>\n<script type=\"application\/ld+json\" class=\"yoast-schema-graph\">{\"@context\":\"https:\\\/\\\/schema.org\",\"@graph\":[{\"@type\":\"WebPage\",\"@id\":\"https:\\\/\\\/www.darrera.com\\\/es\\\/producto\\\/3r-apm050-medidor-portatil-particulas-suspendidas-aire\\\/\",\"url\":\"https:\\\/\\\/www.darrera.com\\\/es\\\/producto\\\/3r-apm050-medidor-portatil-particulas-suspendidas-aire\\\/\",\"name\":\"Medidor Port\u00e1til de Part\u00edculas Suspendidas en el Aire | Darrera\",\"isPartOf\":{\"@id\":\"https:\\\/\\\/www.darrera.com\\\/es\\\/#website\"},\"primaryImageOfPage\":{\"@id\":\"https:\\\/\\\/www.darrera.com\\\/es\\\/producto\\\/3r-apm050-medidor-portatil-particulas-suspendidas-aire\\\/#primaryimage\"},\"image\":{\"@id\":\"https:\\\/\\\/www.darrera.com\\\/es\\\/producto\\\/3r-apm050-medidor-portatil-particulas-suspendidas-aire\\\/#primaryimage\"},\"thumbnailUrl\":\"https:\\\/\\\/www.darrera.com\\\/wp-content\\\/uploads\\\/2018\\\/04\\\/3r-apm050-medidor-portatil-particulas-suspendidas-aire.jpg\",\"datePublished\":\"2018-04-03T14:52:19+00:00\",\"dateModified\":\"2024-10-21T17:06:42+00:00\",\"breadcrumb\":{\"@id\":\"https:\\\/\\\/www.darrera.com\\\/es\\\/producto\\\/3r-apm050-medidor-portatil-particulas-suspendidas-aire\\\/#breadcrumb\"},\"inLanguage\":\"es\",\"potentialAction\":[{\"@type\":\"ReadAction\",\"target\":[\"https:\\\/\\\/www.darrera.com\\\/es\\\/producto\\\/3r-apm050-medidor-portatil-particulas-suspendidas-aire\\\/\"]}]},{\"@type\":\"ImageObject\",\"inLanguage\":\"es\",\"@id\":\"https:\\\/\\\/www.darrera.com\\\/es\\\/producto\\\/3r-apm050-medidor-portatil-particulas-suspendidas-aire\\\/#primaryimage\",\"url\":\"https:\\\/\\\/www.darrera.com\\\/wp-content\\\/uploads\\\/2018\\\/04\\\/3r-apm050-medidor-portatil-particulas-suspendidas-aire.jpg\",\"contentUrl\":\"https:\\\/\\\/www.darrera.com\\\/wp-content\\\/uploads\\\/2018\\\/04\\\/3r-apm050-medidor-portatil-particulas-suspendidas-aire.jpg\",\"width\":950,\"height\":950,\"caption\":\"3R APM050 - Medidor Port\u00e1til de Part\u00edculas Suspendidas en el Aire\"},{\"@type\":\"BreadcrumbList\",\"@id\":\"https:\\\/\\\/www.darrera.com\\\/es\\\/producto\\\/3r-apm050-medidor-portatil-particulas-suspendidas-aire\\\/#breadcrumb\",\"itemListElement\":[{\"@type\":\"ListItem\",\"position\":1,\"name\":\"Home\",\"item\":\"https:\\\/\\\/www.darrera.com\\\/es\\\/\"},{\"@type\":\"ListItem\",\"position\":2,\"name\":\"Productos\",\"item\":\"https:\\\/\\\/www.darrera.com\\\/es\\\/productos\\\/\"},{\"@type\":\"ListItem\",\"position\":3,\"name\":\"Medidor Port\u00e1til de Part\u00edculas Suspendidas en el Aire\"}]},{\"@type\":\"WebSite\",\"@id\":\"https:\\\/\\\/www.darrera.com\\\/es\\\/#website\",\"url\":\"https:\\\/\\\/www.darrera.com\\\/es\\\/\",\"name\":\"Darrera\",\"description\":\"Instrumentos, soluciones y servicios meteorol\u00f3gicos\",\"publisher\":{\"@id\":\"https:\\\/\\\/www.darrera.com\\\/es\\\/#organization\"},\"potentialAction\":[{\"@type\":\"SearchAction\",\"target\":{\"@type\":\"EntryPoint\",\"urlTemplate\":\"https:\\\/\\\/www.darrera.com\\\/es\\\/?s={search_term_string}\"},\"query-input\":{\"@type\":\"PropertyValueSpecification\",\"valueRequired\":true,\"valueName\":\"search_term_string\"}}],\"inLanguage\":\"es\"},{\"@type\":\"Organization\",\"@id\":\"https:\\\/\\\/www.darrera.com\\\/es\\\/#organization\",\"name\":\"Darrera\",\"url\":\"https:\\\/\\\/www.darrera.com\\\/es\\\/\",\"logo\":{\"@type\":\"ImageObject\",\"inLanguage\":\"es\",\"@id\":\"https:\\\/\\\/www.darrera.com\\\/es\\\/#\\\/schema\\\/logo\\\/image\\\/\",\"url\":\"https:\\\/\\\/www.darrera.com\\\/wp\\\/wp-content\\\/uploads\\\/logo-darrera.png\",\"contentUrl\":\"https:\\\/\\\/www.darrera.com\\\/wp\\\/wp-content\\\/uploads\\\/logo-darrera.png\",\"width\":500,\"height\":85,\"caption\":\"Darrera\"},\"image\":{\"@id\":\"https:\\\/\\\/www.darrera.com\\\/es\\\/#\\\/schema\\\/logo\\\/image\\\/\"},\"sameAs\":[\"http:\\\/\\\/facebook.com\\\/darrerameteo\",\"https:\\\/\\\/x.com\\\/darrera_meteo\",\"https:\\\/\\\/www.linkedin.com\\\/company\\\/darrera-s-a-\",\"http:\\\/\\\/youtube.com\\\/darreratv\"]}]}<\/script>\n<!-- \/ Yoast SEO plugin. -->","yoast_head_json":{"title":"Medidor Port\u00e1til de Part\u00edculas Suspendidas en el Aire | Darrera","robots":{"index":"index","follow":"follow","max-snippet":"max-snippet:-1","max-image-preview":"max-image-preview:large","max-video-preview":"max-video-preview:-1"},"canonical":"https:\/\/www.darrera.com\/es\/producto\/3r-apm050-medidor-portatil-particulas-suspendidas-aire\/","og_locale":"es_ES","og_type":"article","og_title":"Medidor Port\u00e1til de Part\u00edculas Suspendidas en el Aire | Darrera","og_description":"Permite monitorizar la concentraci\u00f3n de part\u00edculas PM1, PM2.5, PM10 y TSP con gran precisi\u00f3n y fiabilidad gracias a su tecnolog\u00eda de luz l\u00e1ser y al filtrado y promediado digital de las mediciones.","og_url":"https:\/\/www.darrera.com\/es\/producto\/3r-apm050-medidor-portatil-particulas-suspendidas-aire\/","og_site_name":"Darrera","article_publisher":"http:\/\/facebook.com\/darrerameteo","article_modified_time":"2024-10-21T17:06:42+00:00","og_image":[{"width":950,"height":950,"url":"https:\/\/www.darrera.com\/wp-content\/uploads\/2018\/04\/3r-apm050-medidor-portatil-particulas-suspendidas-aire.jpg","type":"image\/jpeg"}],"twitter_card":"summary_large_image","twitter_site":"@darrera_meteo","twitter_misc":{"Tiempo de lectura":"1 minuto"},"schema":{"@context":"https:\/\/schema.org","@graph":[{"@type":"WebPage","@id":"https:\/\/www.darrera.com\/es\/producto\/3r-apm050-medidor-portatil-particulas-suspendidas-aire\/","url":"https:\/\/www.darrera.com\/es\/producto\/3r-apm050-medidor-portatil-particulas-suspendidas-aire\/","name":"Medidor Port\u00e1til de Part\u00edculas Suspendidas en el Aire | Darrera","isPartOf":{"@id":"https:\/\/www.darrera.com\/es\/#website"},"primaryImageOfPage":{"@id":"https:\/\/www.darrera.com\/es\/producto\/3r-apm050-medidor-portatil-particulas-suspendidas-aire\/#primaryimage"},"image":{"@id":"https:\/\/www.darrera.com\/es\/producto\/3r-apm050-medidor-portatil-particulas-suspendidas-aire\/#primaryimage"},"thumbnailUrl":"https:\/\/www.darrera.com\/wp-content\/uploads\/2018\/04\/3r-apm050-medidor-portatil-particulas-suspendidas-aire.jpg","datePublished":"2018-04-03T14:52:19+00:00","dateModified":"2024-10-21T17:06:42+00:00","breadcrumb":{"@id":"https:\/\/www.darrera.com\/es\/producto\/3r-apm050-medidor-portatil-particulas-suspendidas-aire\/#breadcrumb"},"inLanguage":"es","potentialAction":[{"@type":"ReadAction","target":["https:\/\/www.darrera.com\/es\/producto\/3r-apm050-medidor-portatil-particulas-suspendidas-aire\/"]}]},{"@type":"ImageObject","inLanguage":"es","@id":"https:\/\/www.darrera.com\/es\/producto\/3r-apm050-medidor-portatil-particulas-suspendidas-aire\/#primaryimage","url":"https:\/\/www.darrera.com\/wp-content\/uploads\/2018\/04\/3r-apm050-medidor-portatil-particulas-suspendidas-aire.jpg","contentUrl":"https:\/\/www.darrera.com\/wp-content\/uploads\/2018\/04\/3r-apm050-medidor-portatil-particulas-suspendidas-aire.jpg","width":950,"height":950,"caption":"3R APM050 - Medidor Port\u00e1til de Part\u00edculas Suspendidas en el Aire"},{"@type":"BreadcrumbList","@id":"https:\/\/www.darrera.com\/es\/producto\/3r-apm050-medidor-portatil-particulas-suspendidas-aire\/#breadcrumb","itemListElement":[{"@type":"ListItem","position":1,"name":"Home","item":"https:\/\/www.darrera.com\/es\/"},{"@type":"ListItem","position":2,"name":"Productos","item":"https:\/\/www.darrera.com\/es\/productos\/"},{"@type":"ListItem","position":3,"name":"Medidor Port\u00e1til de Part\u00edculas Suspendidas en el Aire"}]},{"@type":"WebSite","@id":"https:\/\/www.darrera.com\/es\/#website","url":"https:\/\/www.darrera.com\/es\/","name":"Darrera","description":"Instrumentos, soluciones y servicios meteorol\u00f3gicos","publisher":{"@id":"https:\/\/www.darrera.com\/es\/#organization"},"potentialAction":[{"@type":"SearchAction","target":{"@type":"EntryPoint","urlTemplate":"https:\/\/www.darrera.com\/es\/?s={search_term_string}"},"query-input":{"@type":"PropertyValueSpecification","valueRequired":true,"valueName":"search_term_string"}}],"inLanguage":"es"},{"@type":"Organization","@id":"https:\/\/www.darrera.com\/es\/#organization","name":"Darrera","url":"https:\/\/www.darrera.com\/es\/","logo":{"@type":"ImageObject","inLanguage":"es","@id":"https:\/\/www.darrera.com\/es\/#\/schema\/logo\/image\/","url":"https:\/\/www.darrera.com\/wp\/wp-content\/uploads\/logo-darrera.png","contentUrl":"https:\/\/www.darrera.com\/wp\/wp-content\/uploads\/logo-darrera.png","width":500,"height":85,"caption":"Darrera"},"image":{"@id":"https:\/\/www.darrera.com\/es\/#\/schema\/logo\/image\/"},"sameAs":["http:\/\/facebook.com\/darrerameteo","https:\/\/x.com\/darrera_meteo","https:\/\/www.linkedin.com\/company\/darrera-s-a-","http:\/\/youtube.com\/darreratv"]}]}},"_links":{"self":[{"href":"https:\/\/www.darrera.com\/es\/wp-json\/wp\/v2\/product\/2043","targetHints":{"allow":["GET"]}}],"collection":[{"href":"https:\/\/www.darrera.com\/es\/wp-json\/wp\/v2\/product"}],"about":[{"href":"https:\/\/www.darrera.com\/es\/wp-json\/wp\/v2\/types\/product"}],"wp:featuredmedia":[{"embeddable":true,"href":"https:\/\/www.darrera.com\/es\/wp-json\/wp\/v2\/media\/2255"}],"wp:attachment":[{"href":"https:\/\/www.darrera.com\/es\/wp-json\/wp\/v2\/media?parent=2043"}],"wp:term":[{"taxonomy":"product_brand","embeddable":true,"href":"https:\/\/www.darrera.com\/es\/wp-json\/wp\/v2\/product_brand?post=2043"},{"taxonomy":"product_cat","embeddable":true,"href":"https:\/\/www.darrera.com\/es\/wp-json\/wp\/v2\/product_cat?post=2043"},{"taxonomy":"product_tag","embeddable":true,"href":"https:\/\/www.darrera.com\/es\/wp-json\/wp\/v2\/product_tag?post=2043"}],"curies":[{"name":"wp","href":"https:\/\/api.w.org\/{rel}","templated":true}]}}