{"id":2124,"date":"2018-04-09T15:15:21","date_gmt":"2018-04-09T13:15:21","guid":{"rendered":"https:\/\/www.darrera.com\/wp\/product\/u24-001-hobo-u24-fresh-water-conductivity\/"},"modified":"2025-04-20T22:54:05","modified_gmt":"2025-04-20T20:54:05","slug":"u24-001-hobo-u24-fresh-water-conductivity","status":"publish","type":"product","link":"https:\/\/www.darrera.com\/es\/producto\/u24-001-hobo-u24-fresh-water-conductivity\/","title":{"rendered":"HOBO\u00ae U24 Fresh Water Conductivity"},"content":{"rendered":"<h3>M\u00e1xima precisi\u00f3n<\/h3>\n<p>HOBO\u00ae U24 Fresh Water Conductivity registra la conductividad y la temperatura del agua con gran precisi\u00f3n y fiabilidad. El datalogger utiliza un sensor libre de contacto directo con el agua para medir la conductividad, lo que garantiza su durabilidad y evita derivas en la precisi\u00f3n con el paso del tiempo.<\/p>\n<p>El software gratuito HOBOware\u00ae, disponible para Windows y Mac, permite descargar y visualizar los datos registrados, adem\u00e1s de configurar todos los par\u00e1metros del instrumento, como la fecha y la hora. La comunicaci\u00f3n con el ordenador se realiza ya sea a trav\u00e9s de la estaci\u00f3n base USB \u00f3ptica universal BASE-U-4 o utilizando el shuttle U-DTW-1 (no incluidos).<\/p>\n<h3>Dise\u00f1o compacto y resistente en el agua<\/h3>\n<p>El datalogger presenta un dise\u00f1o compacto y est\u00e1 fabricado \u00edntegramente con materiales resistentes a la corrosi\u00f3n para garantizar una alta resistencia en el agua. La pila de litio incluida garantiza una larga duraci\u00f3n antes de tener que ser reemplazada.<\/p>\n<h3>Especificaciones t\u00e9cnicas<\/h3>\n<h4>Especificaciones del datalogger<\/h4>\n<ul>\n<li>Capacidad: 18.500 registros<\/li>\n<\/ul>\n<h4>Especificaciones del sensor<\/h4>\n<p>Conductividad<\/p>\n<ul>\n<li>Rango: 0 a 10.000 uS\/cm<\/li>\n<li>Resoluci\u00f3n: 1 uS\/cm<\/li>\n<li>Precisi\u00f3n: \u00b13%<\/li>\n<\/ul>\n<p>Temperatura<\/p>\n<ul>\n<li>Rango: 5\u00baC a 35\u00baC<\/li>\n<li>Resoluci\u00f3n: 0,01\u00baC<\/li>\n<li>Precisi\u00f3n: \u00b10,1\u00baC<\/li>\n<\/ul>\n<h4>Especificaciones el\u00e9ctricas<\/h4>\n<ul>\n<li>Voltaje de alimentaci\u00f3n: 3,6 VDC<\/li>\n<li>Tipo de pila: 1 x 1\/2 AA (litio)<\/li>\n<li>Duraci\u00f3n de la pila: 3 a\u00f1os (aprox.)<\/li>\n<li>Se\u00f1al de salida: \u00f3ptica<\/li>\n<\/ul>\n<h4>Especificaciones mec\u00e1nicas<\/h4>\n<ul>\n<li>Temperatura de funcionamiento: 5\u00baC a 35\u00baC<\/li>\n<li>Profundidad: 70 m (m\u00e1x.)<\/li>\n<li>Material: acero inoxidable y pl\u00e1stico de alta resistencia<\/li>\n<li>Dimensiones: \u2205 31,8 x 165 mm<\/li>\n<li>Peso: 193 g<\/li>\n<\/ul>\n","protected":false},"excerpt":{"rendered":"<p>Registra la conductividad y la temperatura del agua con gran precisi\u00f3n y fiabilidad. Utiliza un sensor libre de contacto directo con el agua, lo que garantiza su durabilidad y evita derivas en la precisi\u00f3n.<\/p>\n","protected":false},"featured_media":2126,"template":"","meta":[],"product_brand":[],"product_cat":[261],"product_tag":[],"class_list":{"0":"post-2124","1":"product","2":"type-product","3":"status-publish","4":"has-post-thumbnail","6":"product_cat-registradores-calidad-agua-onset-computer","8":"first","9":"instock","10":"taxable","11":"shipping-taxable","12":"purchasable","13":"product-type-simple"},"yoast_head":"<!-- This site is optimized with the Yoast SEO plugin v27.3 - https:\/\/yoast.com\/product\/yoast-seo-wordpress\/ -->\n<title>HOBO\u00ae U24 Fresh Water Conductivity | Darrera<\/title>\n<meta name=\"robots\" content=\"index, follow, max-snippet:-1, max-image-preview:large, max-video-preview:-1\" \/>\n<link rel=\"canonical\" href=\"https:\/\/www.darrera.com\/es\/producto\/u24-001-hobo-u24-fresh-water-conductivity\/\" \/>\n<meta property=\"og:locale\" content=\"es_ES\" \/>\n<meta property=\"og:type\" content=\"article\" \/>\n<meta property=\"og:title\" content=\"HOBO\u00ae U24 Fresh Water Conductivity | Darrera\" \/>\n<meta property=\"og:description\" content=\"Registra la conductividad y la temperatura del agua con gran precisi\u00f3n y fiabilidad. Utiliza un sensor libre de contacto directo con el agua, lo que garantiza su durabilidad y evita derivas en la precisi\u00f3n.\" \/>\n<meta property=\"og:url\" content=\"https:\/\/www.darrera.com\/es\/producto\/u24-001-hobo-u24-fresh-water-conductivity\/\" \/>\n<meta property=\"og:site_name\" content=\"Darrera\" \/>\n<meta property=\"article:publisher\" content=\"http:\/\/facebook.com\/darrerameteo\" \/>\n<meta property=\"article:modified_time\" content=\"2025-04-20T20:54:05+00:00\" \/>\n<meta property=\"og:image\" content=\"https:\/\/www.darrera.com\/wp-content\/uploads\/2018\/04\/u24-001-hobo-u24-fresh-water-conductivity.jpg\" \/>\n\t<meta property=\"og:image:width\" content=\"950\" \/>\n\t<meta property=\"og:image:height\" content=\"950\" \/>\n\t<meta property=\"og:image:type\" content=\"image\/jpeg\" \/>\n<meta name=\"twitter:card\" content=\"summary_large_image\" \/>\n<meta name=\"twitter:site\" content=\"@darrera_meteo\" \/>\n<meta name=\"twitter:label1\" content=\"Tiempo de lectura\" \/>\n\t<meta name=\"twitter:data1\" content=\"1 minuto\" \/>\n<script type=\"application\/ld+json\" class=\"yoast-schema-graph\">{\"@context\":\"https:\\\/\\\/schema.org\",\"@graph\":[{\"@type\":\"WebPage\",\"@id\":\"https:\\\/\\\/www.darrera.com\\\/es\\\/producto\\\/u24-001-hobo-u24-fresh-water-conductivity\\\/\",\"url\":\"https:\\\/\\\/www.darrera.com\\\/es\\\/producto\\\/u24-001-hobo-u24-fresh-water-conductivity\\\/\",\"name\":\"HOBO\u00ae U24 Fresh Water Conductivity | Darrera\",\"isPartOf\":{\"@id\":\"https:\\\/\\\/www.darrera.com\\\/es\\\/#website\"},\"primaryImageOfPage\":{\"@id\":\"https:\\\/\\\/www.darrera.com\\\/es\\\/producto\\\/u24-001-hobo-u24-fresh-water-conductivity\\\/#primaryimage\"},\"image\":{\"@id\":\"https:\\\/\\\/www.darrera.com\\\/es\\\/producto\\\/u24-001-hobo-u24-fresh-water-conductivity\\\/#primaryimage\"},\"thumbnailUrl\":\"https:\\\/\\\/www.darrera.com\\\/wp-content\\\/uploads\\\/2018\\\/04\\\/u24-001-hobo-u24-fresh-water-conductivity.jpg\",\"datePublished\":\"2018-04-09T13:15:21+00:00\",\"dateModified\":\"2025-04-20T20:54:05+00:00\",\"breadcrumb\":{\"@id\":\"https:\\\/\\\/www.darrera.com\\\/es\\\/producto\\\/u24-001-hobo-u24-fresh-water-conductivity\\\/#breadcrumb\"},\"inLanguage\":\"es\",\"potentialAction\":[{\"@type\":\"ReadAction\",\"target\":[\"https:\\\/\\\/www.darrera.com\\\/es\\\/producto\\\/u24-001-hobo-u24-fresh-water-conductivity\\\/\"]}]},{\"@type\":\"ImageObject\",\"inLanguage\":\"es\",\"@id\":\"https:\\\/\\\/www.darrera.com\\\/es\\\/producto\\\/u24-001-hobo-u24-fresh-water-conductivity\\\/#primaryimage\",\"url\":\"https:\\\/\\\/www.darrera.com\\\/wp-content\\\/uploads\\\/2018\\\/04\\\/u24-001-hobo-u24-fresh-water-conductivity.jpg\",\"contentUrl\":\"https:\\\/\\\/www.darrera.com\\\/wp-content\\\/uploads\\\/2018\\\/04\\\/u24-001-hobo-u24-fresh-water-conductivity.jpg\",\"width\":950,\"height\":950,\"caption\":\"U24-001 - HOBO\u00ae U24 Fresh Water Conductivity\"},{\"@type\":\"BreadcrumbList\",\"@id\":\"https:\\\/\\\/www.darrera.com\\\/es\\\/producto\\\/u24-001-hobo-u24-fresh-water-conductivity\\\/#breadcrumb\",\"itemListElement\":[{\"@type\":\"ListItem\",\"position\":1,\"name\":\"Home\",\"item\":\"https:\\\/\\\/www.darrera.com\\\/es\\\/\"},{\"@type\":\"ListItem\",\"position\":2,\"name\":\"Productos\",\"item\":\"https:\\\/\\\/www.darrera.com\\\/es\\\/productos\\\/\"},{\"@type\":\"ListItem\",\"position\":3,\"name\":\"HOBO\u00ae U24 Fresh Water Conductivity\"}]},{\"@type\":\"WebSite\",\"@id\":\"https:\\\/\\\/www.darrera.com\\\/es\\\/#website\",\"url\":\"https:\\\/\\\/www.darrera.com\\\/es\\\/\",\"name\":\"Darrera\",\"description\":\"Instrumentos, soluciones y servicios meteorol\u00f3gicos\",\"publisher\":{\"@id\":\"https:\\\/\\\/www.darrera.com\\\/es\\\/#organization\"},\"potentialAction\":[{\"@type\":\"SearchAction\",\"target\":{\"@type\":\"EntryPoint\",\"urlTemplate\":\"https:\\\/\\\/www.darrera.com\\\/es\\\/?s={search_term_string}\"},\"query-input\":{\"@type\":\"PropertyValueSpecification\",\"valueRequired\":true,\"valueName\":\"search_term_string\"}}],\"inLanguage\":\"es\"},{\"@type\":\"Organization\",\"@id\":\"https:\\\/\\\/www.darrera.com\\\/es\\\/#organization\",\"name\":\"Darrera\",\"url\":\"https:\\\/\\\/www.darrera.com\\\/es\\\/\",\"logo\":{\"@type\":\"ImageObject\",\"inLanguage\":\"es\",\"@id\":\"https:\\\/\\\/www.darrera.com\\\/es\\\/#\\\/schema\\\/logo\\\/image\\\/\",\"url\":\"https:\\\/\\\/www.darrera.com\\\/wp\\\/wp-content\\\/uploads\\\/logo-darrera.png\",\"contentUrl\":\"https:\\\/\\\/www.darrera.com\\\/wp\\\/wp-content\\\/uploads\\\/logo-darrera.png\",\"width\":500,\"height\":85,\"caption\":\"Darrera\"},\"image\":{\"@id\":\"https:\\\/\\\/www.darrera.com\\\/es\\\/#\\\/schema\\\/logo\\\/image\\\/\"},\"sameAs\":[\"http:\\\/\\\/facebook.com\\\/darrerameteo\",\"https:\\\/\\\/x.com\\\/darrera_meteo\",\"https:\\\/\\\/www.linkedin.com\\\/company\\\/darrera-s-a-\",\"http:\\\/\\\/youtube.com\\\/darreratv\"]}]}<\/script>\n<!-- \/ Yoast SEO plugin. -->","yoast_head_json":{"title":"HOBO\u00ae U24 Fresh Water Conductivity | Darrera","robots":{"index":"index","follow":"follow","max-snippet":"max-snippet:-1","max-image-preview":"max-image-preview:large","max-video-preview":"max-video-preview:-1"},"canonical":"https:\/\/www.darrera.com\/es\/producto\/u24-001-hobo-u24-fresh-water-conductivity\/","og_locale":"es_ES","og_type":"article","og_title":"HOBO\u00ae U24 Fresh Water Conductivity | Darrera","og_description":"Registra la conductividad y la temperatura del agua con gran precisi\u00f3n y fiabilidad. Utiliza un sensor libre de contacto directo con el agua, lo que garantiza su durabilidad y evita derivas en la precisi\u00f3n.","og_url":"https:\/\/www.darrera.com\/es\/producto\/u24-001-hobo-u24-fresh-water-conductivity\/","og_site_name":"Darrera","article_publisher":"http:\/\/facebook.com\/darrerameteo","article_modified_time":"2025-04-20T20:54:05+00:00","og_image":[{"width":950,"height":950,"url":"https:\/\/www.darrera.com\/wp-content\/uploads\/2018\/04\/u24-001-hobo-u24-fresh-water-conductivity.jpg","type":"image\/jpeg"}],"twitter_card":"summary_large_image","twitter_site":"@darrera_meteo","twitter_misc":{"Tiempo de lectura":"1 minuto"},"schema":{"@context":"https:\/\/schema.org","@graph":[{"@type":"WebPage","@id":"https:\/\/www.darrera.com\/es\/producto\/u24-001-hobo-u24-fresh-water-conductivity\/","url":"https:\/\/www.darrera.com\/es\/producto\/u24-001-hobo-u24-fresh-water-conductivity\/","name":"HOBO\u00ae U24 Fresh Water Conductivity | Darrera","isPartOf":{"@id":"https:\/\/www.darrera.com\/es\/#website"},"primaryImageOfPage":{"@id":"https:\/\/www.darrera.com\/es\/producto\/u24-001-hobo-u24-fresh-water-conductivity\/#primaryimage"},"image":{"@id":"https:\/\/www.darrera.com\/es\/producto\/u24-001-hobo-u24-fresh-water-conductivity\/#primaryimage"},"thumbnailUrl":"https:\/\/www.darrera.com\/wp-content\/uploads\/2018\/04\/u24-001-hobo-u24-fresh-water-conductivity.jpg","datePublished":"2018-04-09T13:15:21+00:00","dateModified":"2025-04-20T20:54:05+00:00","breadcrumb":{"@id":"https:\/\/www.darrera.com\/es\/producto\/u24-001-hobo-u24-fresh-water-conductivity\/#breadcrumb"},"inLanguage":"es","potentialAction":[{"@type":"ReadAction","target":["https:\/\/www.darrera.com\/es\/producto\/u24-001-hobo-u24-fresh-water-conductivity\/"]}]},{"@type":"ImageObject","inLanguage":"es","@id":"https:\/\/www.darrera.com\/es\/producto\/u24-001-hobo-u24-fresh-water-conductivity\/#primaryimage","url":"https:\/\/www.darrera.com\/wp-content\/uploads\/2018\/04\/u24-001-hobo-u24-fresh-water-conductivity.jpg","contentUrl":"https:\/\/www.darrera.com\/wp-content\/uploads\/2018\/04\/u24-001-hobo-u24-fresh-water-conductivity.jpg","width":950,"height":950,"caption":"U24-001 - HOBO\u00ae U24 Fresh Water Conductivity"},{"@type":"BreadcrumbList","@id":"https:\/\/www.darrera.com\/es\/producto\/u24-001-hobo-u24-fresh-water-conductivity\/#breadcrumb","itemListElement":[{"@type":"ListItem","position":1,"name":"Home","item":"https:\/\/www.darrera.com\/es\/"},{"@type":"ListItem","position":2,"name":"Productos","item":"https:\/\/www.darrera.com\/es\/productos\/"},{"@type":"ListItem","position":3,"name":"HOBO\u00ae U24 Fresh Water Conductivity"}]},{"@type":"WebSite","@id":"https:\/\/www.darrera.com\/es\/#website","url":"https:\/\/www.darrera.com\/es\/","name":"Darrera","description":"Instrumentos, soluciones y servicios meteorol\u00f3gicos","publisher":{"@id":"https:\/\/www.darrera.com\/es\/#organization"},"potentialAction":[{"@type":"SearchAction","target":{"@type":"EntryPoint","urlTemplate":"https:\/\/www.darrera.com\/es\/?s={search_term_string}"},"query-input":{"@type":"PropertyValueSpecification","valueRequired":true,"valueName":"search_term_string"}}],"inLanguage":"es"},{"@type":"Organization","@id":"https:\/\/www.darrera.com\/es\/#organization","name":"Darrera","url":"https:\/\/www.darrera.com\/es\/","logo":{"@type":"ImageObject","inLanguage":"es","@id":"https:\/\/www.darrera.com\/es\/#\/schema\/logo\/image\/","url":"https:\/\/www.darrera.com\/wp\/wp-content\/uploads\/logo-darrera.png","contentUrl":"https:\/\/www.darrera.com\/wp\/wp-content\/uploads\/logo-darrera.png","width":500,"height":85,"caption":"Darrera"},"image":{"@id":"https:\/\/www.darrera.com\/es\/#\/schema\/logo\/image\/"},"sameAs":["http:\/\/facebook.com\/darrerameteo","https:\/\/x.com\/darrera_meteo","https:\/\/www.linkedin.com\/company\/darrera-s-a-","http:\/\/youtube.com\/darreratv"]}]}},"_links":{"self":[{"href":"https:\/\/www.darrera.com\/es\/wp-json\/wp\/v2\/product\/2124","targetHints":{"allow":["GET"]}}],"collection":[{"href":"https:\/\/www.darrera.com\/es\/wp-json\/wp\/v2\/product"}],"about":[{"href":"https:\/\/www.darrera.com\/es\/wp-json\/wp\/v2\/types\/product"}],"wp:featuredmedia":[{"embeddable":true,"href":"https:\/\/www.darrera.com\/es\/wp-json\/wp\/v2\/media\/2126"}],"wp:attachment":[{"href":"https:\/\/www.darrera.com\/es\/wp-json\/wp\/v2\/media?parent=2124"}],"wp:term":[{"taxonomy":"product_brand","embeddable":true,"href":"https:\/\/www.darrera.com\/es\/wp-json\/wp\/v2\/product_brand?post=2124"},{"taxonomy":"product_cat","embeddable":true,"href":"https:\/\/www.darrera.com\/es\/wp-json\/wp\/v2\/product_cat?post=2124"},{"taxonomy":"product_tag","embeddable":true,"href":"https:\/\/www.darrera.com\/es\/wp-json\/wp\/v2\/product_tag?post=2124"}],"curies":[{"name":"wp","href":"https:\/\/api.w.org\/{rel}","templated":true}]}}